{"id":345,"date":"2026-01-01T21:16:49","date_gmt":"2026-01-01T20:16:49","guid":{"rendered":"https:\/\/redfoxaffiliates.com\/affiliate-pazarlama-programlarinda-etik-hakkinda\/"},"modified":"2026-01-01T21:16:49","modified_gmt":"2026-01-01T20:16:49","slug":"affiliate-pazarlama-programlarinda-etik-hakkinda","status":"publish","type":"page","link":"https:\/\/redfoxaffiliates.com\/tr\/affiliate-pazarlama-programlarinda-etik-hakkinda\/","title":{"rendered":"Affiliate pazarlama programlar\u0131nda etik hakk\u0131nda"},"content":{"rendered":"<p>Bir affiliate program\u0131n\u0131n web sitesinde etikle ilgili bir referans bulmak sizi \u015fa\u015f\u0131rtabilir. Bunun ola\u011fand\u0131\u015f\u0131 oldu\u011funu kabul ediyoruz.<\/p>\n<p>Ancak bu bizim i\u00e7in \u00e7ok \u00f6nemli bir konu. Eski affiliate&#8217;ler hem RedFoxLotto.com&#8217;u hem de bu affiliate program\u0131n\u0131 i\u015fletiyor. Sizin \u00e7al\u0131\u015ft\u0131\u011f\u0131n\u0131z (veya hala \u00e7al\u0131\u015f\u0131yor olabilece\u011finiz) \u015firketlerle \u00e7al\u0131\u015f\u0131yoruz. Kumar ortakl\u0131k sekt\u00f6r\u00fcnde 12 y\u0131ldan fazla bir s\u00fcredir \u00e7al\u0131\u015f\u0131yoruz ve bu s\u00fcre zarf\u0131nda bir\u00e7ok k\u00f6t\u00fc \u015fey g\u00f6rd\u00fck. Gelir kesintileri, ortaklar\u0131n gelir kayb\u0131na neden olan \u015fartlar ve ko\u015fullar de\u011fi\u015fiklikleri, ge\u00e7 veya hi\u00e7 \u00f6deme yap\u0131lmamas\u0131, m\u00fc\u015fterilerinizin bizden (veya di\u011fer ortaklardan) \u00e7al\u0131nmas\u0131&#8230; Hepsini g\u00f6rd\u00fck.<\/p>\n<p>Ne yaz\u0131k ki, bu sekt\u00f6rde \u00e7al\u0131\u015fkan ortaklar\u0131n ba\u015f\u0131na s\u00fcrekli k\u00f6t\u00fc \u015feyler geliyor. Bu y\u00fczden bir sonraki ad\u0131m\u0131 atmaya karar verdik. Kendi \u00fcr\u00fcn\u00fcm\u00fcz olan RedFoxLotto.com&#8217;u piyasaya s\u00fcrd\u00fck. Pazarlama plan\u0131m\u0131z basit: %100 SEO ve \u00e7evrimi\u00e7i ortakl\u0131k pazarlamas\u0131na dayal\u0131.<\/p>\n<p>Biz de ba\u011fl\u0131 kurulu\u015flar olarak, %100 etik ve d\u00fcr\u00fcst bir ba\u011fl\u0131 kurulu\u015f program\u0131 y\u00fcr\u00fctmeyi taahh\u00fct ediyoruz. Evet, hepsi bunu ya da \u015funu yapmayaca\u011f\u0131m\u0131z\u0131 s\u00f6yl\u00fcyor. Ama biz s\u00f6ylediklerimizi ciddiye al\u0131yoruz.<\/p>\n<p>Bizden bekleyebilece\u011finiz \u015feyler \u015funlard\u0131r<br \/>\nAnla\u015fma anla\u015fmad\u0131r! Yani, getirdi\u011finiz m\u00fc\u015fterilerin \u00f6m\u00fcr boyu elde etti\u011finiz gelirden pay alaca\u011f\u0131n\u0131z\u0131 s\u00f6yl\u00fcyorsak, bunu ciddiye al\u0131yoruz. Bu konuda fikrimizi asla de\u011fi\u015ftirmeyece\u011fiz.<br \/>\nGenel giderlerimizi azaltmak i\u00e7in kazan\u00e7 raporlar\u0131n\u0131 asla manip\u00fcle etmeyece\u011fiz. Ayr\u0131ca, hesab\u0131n\u0131zdan m\u00fc\u015fterileri asla silmeyece\u011fiz. M\u00fcmk\u00fcn oldu\u011funca ba\u015far\u0131l\u0131 olman\u0131z\u0131 istiyoruz. Sizler bizim i\u015f ortaklar\u0131m\u0131zs\u0131n\u0131z ve ba\u015far\u0131m\u0131z size ba\u011fl\u0131!<br \/>\n\u00d6demelerinizi zaman\u0131nda yapaca\u011f\u0131z. Sizin de y\u00fck\u00fcml\u00fcl\u00fckleriniz ve giderleriniz var, bunu anl\u0131yoruz.<br \/>\nHerhangi bir sorunuz varsa veya yard\u0131m\u0131m\u0131za ihtiyac\u0131n\u0131z varsa bizimle ileti\u015fime ge\u00e7in. \u00dcst men\u00fc \u00e7ubu\u011fundaki \u201c\u0130leti\u015fim\u201d formunu kullan\u0131n. Bir araya gelip, ikimizin de para kazan\u0131p kazanamayaca\u011f\u0131n\u0131 g\u00f6relim!<\/p>\n","protected":false},"excerpt":{"rendered":"<p>Bir affiliate program\u0131n\u0131n web sitesinde etikle ilgili bir referans bulmak sizi \u015fa\u015f\u0131rtabilir. Bunun ola\u011fand\u0131\u015f\u0131 oldu\u011funu kabul ediyoruz. Ancak bu bizim i\u00e7in \u00e7ok \u00f6nemli bir konu. Eski affiliate&#8217;ler hem RedFoxLotto.com&#8217;u hem de bu affiliate program\u0131n\u0131 i\u015fletiyor. Sizin \u00e7al\u0131\u015ft\u0131\u011f\u0131n\u0131z (veya hala \u00e7al\u0131\u015f\u0131yor olabilece\u011finiz) \u015firketlerle \u00e7al\u0131\u015f\u0131yoruz. Kumar ortakl\u0131k sekt\u00f6r\u00fcnde 12 y\u0131ldan fazla bir<\/p>\n<p><a href=\"https:\/\/redfoxaffiliates.com\/tr\/affiliate-pazarlama-programlarinda-etik-hakkinda\/\" class=\"more-link\">Continue Reading<span class=\"screen-reader-text\">Affiliate pazarlama programlar\u0131nda etik hakk\u0131nda<\/span><\/a><\/p>\n","protected":false},"author":1,"featured_media":0,"parent":0,"menu_order":7,"comment_status":"closed","ping_status":"closed","template":"","meta":{"footnotes":""},"class_list":["post-345","page","type-page","status-publish","hentry"],"yoast_head":"<!-- This site is optimized with the Yoast SEO plugin v22.4 - https:\/\/yoast.com\/wordpress\/plugins\/seo\/ -->\n<title>Lottery pazar\u0131nda etik ve ortakl\u0131k<\/title>\n<meta name=\"description\" content=\"Ortaklar\u0131ndan para \u00e7alan bir\u00e7ok lottery ortakl\u0131k program\u0131 vard\u0131r. Bu nedenle etik i\u015f yapma konusu bizim i\u00e7in \u00f6nemlidir.\" \/>\n<meta name=\"robots\" content=\"index, follow, max-snippet:-1, max-image-preview:large, max-video-preview:-1\" \/>\n<link rel=\"canonical\" href=\"https:\/\/redfoxaffiliates.com\/ethics-and-affiliate-marketing-programs\/\" \/>\n<meta property=\"og:locale\" content=\"tr_TR\" \/>\n<meta property=\"og:type\" content=\"article\" \/>\n<meta property=\"og:title\" content=\"Lottery pazar\u0131nda etik ve ortakl\u0131k\" \/>\n<meta property=\"og:description\" content=\"Ortaklar\u0131ndan para \u00e7alan bir\u00e7ok lottery ortakl\u0131k program\u0131 vard\u0131r. Bu nedenle etik i\u015f yapma konusu bizim i\u00e7in \u00f6nemlidir.\" \/>\n<meta property=\"og:url\" content=\"https:\/\/redfoxaffiliates.com\/ethics-and-affiliate-marketing-programs\/\" \/>\n<meta property=\"og:site_name\" content=\"RedFoxLotto Affiliate Program\" \/>\n<meta name=\"twitter:card\" content=\"summary_large_image\" \/>\n<meta name=\"twitter:label1\" content=\"Tahmini okuma s\u00fcresi\" \/>\n\t<meta name=\"twitter:data1\" content=\"2 dakika\" \/>\n<script type=\"application\/ld+json\" class=\"yoast-schema-graph\">{\"@context\":\"https:\/\/schema.org\",\"@graph\":[{\"@type\":\"WebPage\",\"@id\":\"https:\/\/redfoxaffiliates.com\/ethics-and-affiliate-marketing-programs\/\",\"url\":\"https:\/\/redfoxaffiliates.com\/ethics-and-affiliate-marketing-programs\/\",\"name\":\"Lottery pazar\u0131nda etik ve ortakl\u0131k\",\"isPartOf\":{\"@id\":\"https:\/\/redfoxaffiliates.com\/#website\"},\"datePublished\":\"2026-01-01T20:16:49+00:00\",\"dateModified\":\"2026-01-01T20:16:49+00:00\",\"description\":\"Ortaklar\u0131ndan para \u00e7alan bir\u00e7ok lottery ortakl\u0131k program\u0131 vard\u0131r. Bu nedenle etik i\u015f yapma konusu bizim i\u00e7in \u00f6nemlidir.\",\"breadcrumb\":{\"@id\":\"https:\/\/redfoxaffiliates.com\/ethics-and-affiliate-marketing-programs\/#breadcrumb\"},\"inLanguage\":\"tr\",\"potentialAction\":[{\"@type\":\"ReadAction\",\"target\":[\"https:\/\/redfoxaffiliates.com\/ethics-and-affiliate-marketing-programs\/\"]}]},{\"@type\":\"BreadcrumbList\",\"@id\":\"https:\/\/redfoxaffiliates.com\/ethics-and-affiliate-marketing-programs\/#breadcrumb\",\"itemListElement\":[{\"@type\":\"ListItem\",\"position\":1,\"name\":\"Home\",\"item\":\"https:\/\/redfoxaffiliates.com\/tr\/ana-sayfa\/\"},{\"@type\":\"ListItem\",\"position\":2,\"name\":\"Affiliate pazarlama programlar\u0131nda etik hakk\u0131nda\"}]},{\"@type\":\"WebSite\",\"@id\":\"https:\/\/redfoxaffiliates.com\/#website\",\"url\":\"https:\/\/redfoxaffiliates.com\/\",\"name\":\"RedFoxLotto Affiliate Program\",\"description\":\"The site for marketing partners of RedFoxLotto.com\",\"potentialAction\":[{\"@type\":\"SearchAction\",\"target\":{\"@type\":\"EntryPoint\",\"urlTemplate\":\"https:\/\/redfoxaffiliates.com\/?s={search_term_string}\"},\"query-input\":\"required name=search_term_string\"}],\"inLanguage\":\"tr\"}]}<\/script>\n<!-- \/ Yoast SEO plugin. -->","yoast_head_json":{"title":"Lottery pazar\u0131nda etik ve ortakl\u0131k","description":"Ortaklar\u0131ndan para \u00e7alan bir\u00e7ok lottery ortakl\u0131k program\u0131 vard\u0131r. Bu nedenle etik i\u015f yapma konusu bizim i\u00e7in \u00f6nemlidir.","robots":{"index":"index","follow":"follow","max-snippet":"max-snippet:-1","max-image-preview":"max-image-preview:large","max-video-preview":"max-video-preview:-1"},"canonical":"https:\/\/redfoxaffiliates.com\/ethics-and-affiliate-marketing-programs\/","og_locale":"tr_TR","og_type":"article","og_title":"Lottery pazar\u0131nda etik ve ortakl\u0131k","og_description":"Ortaklar\u0131ndan para \u00e7alan bir\u00e7ok lottery ortakl\u0131k program\u0131 vard\u0131r. Bu nedenle etik i\u015f yapma konusu bizim i\u00e7in \u00f6nemlidir.","og_url":"https:\/\/redfoxaffiliates.com\/ethics-and-affiliate-marketing-programs\/","og_site_name":"RedFoxLotto Affiliate Program","twitter_card":"summary_large_image","twitter_misc":{"Tahmini okuma s\u00fcresi":"2 dakika"},"schema":{"@context":"https:\/\/schema.org","@graph":[{"@type":"WebPage","@id":"https:\/\/redfoxaffiliates.com\/ethics-and-affiliate-marketing-programs\/","url":"https:\/\/redfoxaffiliates.com\/ethics-and-affiliate-marketing-programs\/","name":"Lottery pazar\u0131nda etik ve ortakl\u0131k","isPartOf":{"@id":"https:\/\/redfoxaffiliates.com\/#website"},"datePublished":"2026-01-01T20:16:49+00:00","dateModified":"2026-01-01T20:16:49+00:00","description":"Ortaklar\u0131ndan para \u00e7alan bir\u00e7ok lottery ortakl\u0131k program\u0131 vard\u0131r. Bu nedenle etik i\u015f yapma konusu bizim i\u00e7in \u00f6nemlidir.","breadcrumb":{"@id":"https:\/\/redfoxaffiliates.com\/ethics-and-affiliate-marketing-programs\/#breadcrumb"},"inLanguage":"tr","potentialAction":[{"@type":"ReadAction","target":["https:\/\/redfoxaffiliates.com\/ethics-and-affiliate-marketing-programs\/"]}]},{"@type":"BreadcrumbList","@id":"https:\/\/redfoxaffiliates.com\/ethics-and-affiliate-marketing-programs\/#breadcrumb","itemListElement":[{"@type":"ListItem","position":1,"name":"Home","item":"https:\/\/redfoxaffiliates.com\/tr\/ana-sayfa\/"},{"@type":"ListItem","position":2,"name":"Affiliate pazarlama programlar\u0131nda etik hakk\u0131nda"}]},{"@type":"WebSite","@id":"https:\/\/redfoxaffiliates.com\/#website","url":"https:\/\/redfoxaffiliates.com\/","name":"RedFoxLotto Affiliate Program","description":"The site for marketing partners of RedFoxLotto.com","potentialAction":[{"@type":"SearchAction","target":{"@type":"EntryPoint","urlTemplate":"https:\/\/redfoxaffiliates.com\/?s={search_term_string}"},"query-input":"required name=search_term_string"}],"inLanguage":"tr"}]}},"_links":{"self":[{"href":"https:\/\/redfoxaffiliates.com\/tr\/wp-json\/wp\/v2\/pages\/345","targetHints":{"allow":["GET"]}}],"collection":[{"href":"https:\/\/redfoxaffiliates.com\/tr\/wp-json\/wp\/v2\/pages"}],"about":[{"href":"https:\/\/redfoxaffiliates.com\/tr\/wp-json\/wp\/v2\/types\/page"}],"author":[{"embeddable":true,"href":"https:\/\/redfoxaffiliates.com\/tr\/wp-json\/wp\/v2\/users\/1"}],"replies":[{"embeddable":true,"href":"https:\/\/redfoxaffiliates.com\/tr\/wp-json\/wp\/v2\/comments?post=345"}],"version-history":[{"count":0,"href":"https:\/\/redfoxaffiliates.com\/tr\/wp-json\/wp\/v2\/pages\/345\/revisions"}],"wp:attachment":[{"href":"https:\/\/redfoxaffiliates.com\/tr\/wp-json\/wp\/v2\/media?parent=345"}],"curies":[{"name":"wp","href":"https:\/\/api.w.org\/{rel}","templated":true}]}}