{"id":341,"date":"2026-01-01T21:15:19","date_gmt":"2026-01-01T20:15:19","guid":{"rendered":"https:\/\/redfoxaffiliates.com\/cevrimici-bagli-kurulus-isine-nasil-baslanir\/"},"modified":"2026-01-01T21:15:19","modified_gmt":"2026-01-01T20:15:19","slug":"cevrimici-bagli-kurulus-isine-nasil-baslanir","status":"publish","type":"page","link":"https:\/\/redfoxaffiliates.com\/tr\/cevrimici-bagli-kurulus-isine-nasil-baslanir\/","title":{"rendered":"\u00c7evrimi\u00e7i ba\u011fl\u0131 kurulu\u015f i\u015fine nas\u0131l ba\u015flan\u0131r"},"content":{"rendered":"<h2>Ortakl\u0131k pazarlamas\u0131 nedir?<\/h2>\n<p>Bir\u00e7ok \u00e7evrimi\u00e7i sat\u0131c\u0131n\u0131n ortakl\u0131k programlar\u0131 vard\u0131r. Herkes orada bir ortakl\u0131k hesab\u0131 olu\u015fturabilir ve \u00fcr\u00fcnlerini \u00e7evrimi\u00e7i olarak tan\u0131tmaya ba\u015flayabilir. Tan\u0131t\u0131mc\u0131 (siz), sat\u0131c\u0131ya \u00f6deme yapan m\u00fc\u015fteriler y\u00f6nlendirdi\u011finiz i\u00e7in komisyon al\u0131rs\u0131n\u0131z.<\/p>\n<p>Sa\u011fdaki men\u00fcy\u00fc kontrol edin. S\u0131f\u0131rdan ve minimum yat\u0131r\u0131mla ortakl\u0131k i\u015fine nas\u0131l ba\u015flayaca\u011f\u0131n\u0131z konusunda bir PDF ba\u015flang\u0131\u00e7 \u200b\u200b\u200b\u200be\u011fitimine ba\u011flant\u0131 bulunmaktad\u0131r.<\/p>\n<h2>Nas\u0131l \u00f6deme al\u0131rs\u0131n\u0131z?<\/h2>\n<p>Ortakl\u0131k program\u0131na kaydolduktan sonra, ortakl\u0131k web sitesinde &#8220;izlenen ba\u011flant\u0131lar&#8221; i\u00e7eren izleme ba\u011flant\u0131lar\u0131 ve\/veya banner&#8217;lar indirebilirsiniz. Bunlar web sitenize yerle\u015ftirilebilir ve bir ziyaret\u00e7i ba\u011flant\u0131ya t\u0131klad\u0131\u011f\u0131nda, sat\u0131c\u0131 ba\u011flant\u0131daki kimlik numaras\u0131na g\u00f6re m\u00fc\u015fteriyi hangi orta\u011f\u0131n y\u00f6nlendirdi\u011fini bilir.<\/p>\n<p>Ortakl\u0131k program\u0131yla i\u015fbirli\u011finiz i\u00e7in iki temel model vard\u0131r:<\/p>\n<p>CPA (M\u00fc\u015fteri Edinme Ba\u015f\u0131na Maliyet), burada ortak, yeni bir m\u00fc\u015fteri tan\u0131mlanm\u0131\u015f bir sat\u0131\u015f e\u015fi\u011fine ula\u015ft\u0131\u011f\u0131nda sabit bir miktar al\u0131r.<\/p>\n<p>Gelir Payla\u015f\u0131m\u0131 (genellikle MGR olarak da adland\u0131r\u0131l\u0131r), sat\u0131\u015f gelirinin belirli bir y\u00fczdesinin ba\u011fl\u0131 kurulu\u015fa \u00f6dendi\u011fi bir sistemdir. \u015eartlara ve ko\u015fullara ba\u011fl\u0131 olarak, gelecekteki t\u00fcm sat\u0131\u015flardan veya yaln\u0131zca belirli bir d\u00f6nemden komisyon y\u00fczdesi al\u0131rs\u0131n\u0131z.<\/p>\n<h2>Peki bu sat\u0131c\u0131lar\u0131 nas\u0131l tan\u0131t\u0131rs\u0131n\u0131z?<\/h2>\n<p>Ba\u011fl\u0131 kurulu\u015f pazarlamas\u0131na ba\u015flamak i\u00e7in en \u00e7ok ihtiyac\u0131n\u0131z olan \u015fey, trafik \u00e7eken bir web sitesidir. A\u015fa\u011f\u0131daki &#8220;Plan Yap\u0131n&#8221; paragraf\u0131na bak\u0131n! Web siteniz i\u00e7in &#8220;trafik&#8221; \u00e7ekmek en \u00f6nemli \u015feydir.<\/p>\n<p>Bu web sitesi, belirli bir \u00fcr\u00fcnle (tan\u0131tmak istedi\u011finiz \u00fcr\u00fcn) ilgili bir web sitesi veya yeterli trafik \u00fcretti\u011fi s\u00fcrece herhangi bir konuda bir web sitesi olabilir. \u00d6rnek: Dal\u0131\u015f gibi iyi bildi\u011finiz bir konuda bir web sitesi olu\u015fturuyorsunuz. Harika i\u00e7erik yaz\u0131yorsunuz ve insanlar sitenizi ziyaret ediyor. Ard\u0131ndan, dal\u0131\u015f ekipmanlar\u0131 konusunda uzmanla\u015fm\u0131\u015f bir \u00e7evrimi\u00e7i sat\u0131\u015f sitesini tan\u0131tmaya ba\u015fl\u0131yorsunuz. Ziyaret\u00e7iler web sitenizden sat\u0131c\u0131n\u0131n sitesine gidip bir \u015fey sat\u0131n ald\u0131klar\u0131nda, komisyon al\u0131yorsunuz.<\/p>\n<h2>Sosyal Medya Pazarlamas\u0131<\/h2>\n<p>Sosyal medyada bir kitleniz varsa, bir web sitesine bile ihtiyac\u0131n\u0131z olmayabilir. Ayn\u0131 takip edilen ortakl\u0131k ba\u011flant\u0131lar\u0131n\u0131 kullanarak sat\u0131c\u0131n\u0131n \u00fcr\u00fcnlerini tan\u0131tmaya ba\u015flayabilirsiniz. Ve e\u011fer hedef kitleniz k\u00fcresel ise, bu \u00e7ok daha iyi. Bir\u00e7ok \u00fclkede d\u00fc\u015f\u00fck \u00f6demeli veya hi\u00e7 olmayan piyangolar var. Bu \u00fclkelerin sakinleri, piyango hizmetimiz i\u00e7in ideal hedef kitledir.<\/p>\n<h2>Temelde iki senaryo var:<\/h2>\n<p>Geni\u015f bir yelpazede makale konular\u0131na sahip bir web siteniz olsayd\u0131 ve bu web sitesinin her g\u00fcn binlerce ziyaret\u00e7isi olsayd\u0131, neredeyse istedi\u011finiz her \u00fcr\u00fcn\u00fc satabilirdiniz. Ziyaret\u00e7i say\u0131s\u0131n\u0131n kendisi \u00f6nemli bir gelir yarat\u0131rd\u0131. Ve ortakl\u0131k program\u0131m\u0131z her web sitesi i\u00e7in m\u00fckemmel bir uyum sa\u011flar \u00e7\u00fcnk\u00fc sonu\u00e7ta herkes piyangoyu sever, de\u011fil mi?<\/p>\n<p>\u00d6rne\u011fin, piyango ile ilgili bir web siteniz olsayd\u0131, muhtemelen daha az ziyaret\u00e7iniz olurdu. Yine de, trafik daha &#8220;hedefli&#8221;dir, yani ziyaret\u00e7ilerinizin tan\u0131tt\u0131\u011f\u0131n\u0131z piyango biletlerini sat\u0131n alma olas\u0131l\u0131\u011f\u0131 daha y\u00fcksektir. G\u00fcnde sadece 10 ziyaret\u00e7iniz olsa bile, yine de bir miktar gelir elde ederdiniz. Ve piyango oynaman\u0131n bir \u00f6zelli\u011fi var: insanlar uzun s\u00fcre oynamaya devam etme e\u011filimindedir. Ortakl\u0131k program\u0131m\u0131za belirli say\u0131da m\u00fc\u015fteri y\u00f6nlendirdikten sonra, nispeten istikrarl\u0131 bir gelir ak\u0131\u015f\u0131 g\u00f6receksiniz.<\/p>\n<h2>Web sitenize nas\u0131l ziyaret\u00e7i \u00e7ekersiniz?<\/h2>\n<p>Ziyaret\u00e7i \u00e7ekmek i\u00e7in, okuyuculara faydal\u0131 bilgiler sa\u011flayan y\u00fcksek kaliteli makalelere ihtiyac\u0131n\u0131z olacak. Ayr\u0131ca SEO&#8217;nun (Arama Motoru Optimizasyonu) temellerini de \u00f6\u011frenmelisiniz. Bu \u00f6nemlidir \u00e7\u00fcnk\u00fc web sitenizdeki sayfalar\u0131n Google&#8217;da arama &#8220;anahtar kelimeleri&#8221; i\u00e7in y\u00fcksek s\u0131ralarda yer almas\u0131n\u0131 sa\u011flamak i\u00e7in bilmeniz gereken belirli &#8220;kurallar&#8221; vard\u0131r ve bu da size ziyaret\u00e7i getirebilir. Ortakl\u0131k programlar\u0131 buna sitenize &#8220;trafik \u00e7ekmek&#8221; diyor.<\/p>\n<p>SEO roket bilimi de\u011fil. Sadece Google&#8217;da &#8220;SEO temelleri&#8221; diye arat\u0131n ve makalelerinizi olu\u015fturmak ve daha sonra becerilerinizi geli\u015ftirmek i\u00e7in en \u00f6nemli kurallar\u0131 \u00f6\u011frenmek i\u00e7in biraz okuma yap\u0131n.<\/p>\n<h2>E-posta listesine sahip olman\u0131n g\u00fcc\u00fc<\/h2>\n<p>Ziyaret\u00e7ilerin kaydolmalar\u0131 veya e-posta adreslerini b\u0131rakmalar\u0131 i\u00e7in bir neden olacak \u015fekilde web sitenizi her zaman kurun. Bir liste olu\u015fturun ve bunu \u00f6zel etkinlikleri, indirimleri ve daha fazlas\u0131n\u0131 tan\u0131tan e-postalar g\u00f6ndermek i\u00e7in kullan\u0131n. E\u011fer zaten bir e-posta listeniz varsa, ortakl\u0131k program\u0131na kat\u0131lmak i\u00e7in bir web sitesine bile ihtiyac\u0131n\u0131z olmayabilir. Ancak spam i\u00e7erikli e-posta adresi satan sitelerden liste sat\u0131n almay\u0131n &#8211; buna de\u011fmezler.<\/p>\n<h2>Ortakl\u0131k pazarlamas\u0131na ba\u015flaman\u0131n maliyeti ne kadar?<\/h2>\n<p>Basit cevap: hi\u00e7bir \u015fey veya neredeyse hi\u00e7bir \u015fey!<\/p>\n<p>\u0130htiyac\u0131n\u0131z olan tek \u015fey bir alan ad\u0131 ve web alan\u0131 i\u00e7in bir hosting plan\u0131. Yeni ba\u015flayan biri olarak kendi sunucunuza ihtiyac\u0131n\u0131z yok; ayda 2 \u20ac&#8217;dan ba\u015flayan temel web hosting, ba\u015flamak i\u00e7in yeterlidir.<\/p>\n<p>G\u00fcvenilir bir hosting sa\u011flay\u0131c\u0131s\u0131 se\u00e7in ve kullan\u0131labilir bir alan ad\u0131 se\u00e7in. Sipari\u015f vermeden \u00f6nce alan ad\u0131n\u0131z\u0131n ad\u0131n\u0131 iyice d\u00fc\u015f\u00fcn\u00fcn. Ard\u0131ndan, temel bir hosting plan\u0131 se\u00e7in. Hesab\u0131n\u0131z\u0131 kaydedin ve \u00f6deme yap\u0131n. Daha sonra, m\u00fc\u015fteri hesab\u0131n\u0131za giri\u015f yap\u0131n ve etrafa bir g\u00f6z at\u0131n. Bir ipucu: &#8220;Alan Ad\u0131 Gizlili\u011fi&#8221; adl\u0131 ek bir i\u015flevi aray\u0131n &#8211; bu, herhangi bir nedenle bu web sitesinin ve ortakl\u0131k program\u0131n\u0131n size ait oldu\u011funu ve y\u00f6netildi\u011fini kimsenin bilmesini istemiyorsan\u0131z dikkate alman\u0131z gereken bir \u015feydir.<\/p>\n<h2>Bununla ba\u011flant\u0131l\u0131 bir i\u015fletme.<\/h2>\n<p>\u00dccretsiz bir \u015fablon (d\u00fczen) kullanarak bir WordPress sitesi kurarak ba\u015flaman\u0131z\u0131 \u00f6neririz. WordPress, web sitenizi otomatik olarak olu\u015fturan ve y\u00f6netmenize olanak tan\u0131yan bir \u0130\u00e7erik Y\u00f6netim Sistemi (CMS) sistemidir. Web alan\u0131 sa\u011flay\u0131c\u0131lar\u0131, saniyeler i\u00e7inde bir WordPress sitesi kurmak i\u00e7in kullanabilece\u011finiz basit i\u015flevlere sahiptir. Hi\u00e7bir programlama becerisine gerek yok!<\/p>\n<p>WordPress&#8217;in en temel i\u015flevlerini \u00f6\u011frenmek i\u00e7in giri\u015f e\u011fitimini okuyun. Basit bir web sitesini y\u00f6netmek i\u00e7in gereken temel becerileri edinmek i\u00e7in sadece birka\u00e7 saate ihtiyac\u0131n\u0131z var. WordPress web sitesinde ayr\u0131nt\u0131l\u0131 dok\u00fcmantasyon ve daha deneyimli kullan\u0131c\u0131lardan yard\u0131m isteyebilece\u011finiz bir forum bulunmaktad\u0131r.<\/p>\n<h2>Ortakl\u0131k program\u0131ndan ne kadar para kazanabilirsiniz?<\/h2>\n<p>Bu, ne kadar kararl\u0131 oldu\u011funuza ve ne kadar iyi oldu\u011funuza \u00e7ok ba\u011fl\u0131d\u0131r. Baz\u0131 ortaklar milyonlar kazan\u0131rken, di\u011ferleri \u00e7ok az kazan\u0131yor, ancak bir\u00e7o\u011fu ayda birka\u00e7 y\u00fcz Euro kazan\u0131yor. Hemen para kazanmay\u0131 beklemeyin. Web sitenizin ziyaret\u00e7i \u00e7ekmesi zaman al\u0131r. Gerekli \u00e7al\u0131\u015fmay\u0131 yaparsan\u0131z, uzun vadede bununla ge\u00e7inebilirsiniz.<\/p>\n<p>Bunu tam zamanl\u0131 veya yar\u0131 zamanl\u0131 yapmal\u0131 m\u0131y\u0131m\/yapabilir miyim?<\/p>\n<p>Herkes buna kendisi karar vermeli. Ancak ortakl\u0131k program\u0131na kat\u0131lanlar\u0131n %90&#8217;\u0131 i\u015fe yar\u0131 zamanl\u0131 olarak ba\u015fl\u0131yor. Ortakl\u0131k program\u0131na kat\u0131lanlar\u0131n b\u00fcy\u00fck bir y\u00fczdesi, yeterli ba\u015far\u0131 ve sekt\u00f6r deneyimi kazand\u0131ktan sonra tam zamanl\u0131 rollere ge\u00e7iyor.<\/p>\n<h2>Bu yasal m\u0131?<\/h2>\n<p>Kesinlikle, ikamet etti\u011finiz \u00fclkede yasa d\u0131\u015f\u0131 olan \u00fcr\u00fcnleri tan\u0131tm\u0131yorsan\u0131z; e\u011fer \u00f6yleyse, kendinizi olas\u0131 sorunlardan korumak i\u00e7in \u00f6nlemler alman\u0131z gerekir. Di\u011fer \u015feylerin yan\u0131 s\u0131ra yukar\u0131daki &#8220;Alan Ad\u0131 Gizlili\u011fi&#8221; b\u00f6l\u00fcm\u00fcne bak\u0131n. Web sitenizin yasa d\u0131\u015f\u0131 olaca\u011f\u0131 bir \u00fclkede alan ad\u0131 kay\u0131t \u015firketi ve\/veya bar\u0131nd\u0131rma hizmeti se\u00e7memeye dikkat edin!<\/p>\n<h2>En \u00f6nemlisi: Bir plan yap\u0131n!<\/h2>\n<p>Bir ortakl\u0131k program\u0131 arac\u0131l\u0131\u011f\u0131yla para kazanmadan \u00f6nce, sa\u011flam bir plan geli\u015ftirmeniz ve gerekli bilgileri toplaman\u0131z gerekir. Kevin Costner&#8217;\u0131n &#8220;Field of Dreams&#8221; filminde g\u00f6ky\u00fcz\u00fcnden gelen bir sesin &#8220;\u0130n\u015fa edin, gelecekler&#8221; dedi\u011fini duymu\u015f olabilirsiniz. Herhangi bir konuda bir web sitesi kurup k\u0131sa s\u00fcrede para kazanmay\u0131 bekliyorsan\u0131z, hayal k\u0131r\u0131kl\u0131\u011f\u0131na u\u011frayacaks\u0131n\u0131z.<\/p>\n<p>Ancak konuya planl\u0131 yakla\u015f\u0131rsan\u0131z iyi para kazanabilirsiniz ve ortakl\u0131k program\u0131 i\u00e7in reklam vermek son derece e\u011flencelidir. Yar\u0131 zamanl\u0131 bir rolle ba\u015flamak idealdir ve i\u015fler yolunda giderse kolayca tam zamanl\u0131ya ge\u00e7ebilirsiniz.<\/p>\n<h2>Plan\u0131n\u0131z \u015fu unsurlar\u0131 i\u00e7ermelidir:<\/h2>\n<p>Tutku duydu\u011funuz ve okuyucular\u0131n\u0131za de\u011ferli bilgiler sa\u011flayabilece\u011finiz bir konu se\u00e7in. Bu konuda yeniyseniz, her zaman &#8220;ni\u015f&#8221; bir konu se\u00e7in &#8211; e\u011fer o konu hakk\u0131nda \u00e7ok say\u0131da ba\u015fka web sitesi varsa, onlarla rekabet etmekte zorlanacaks\u0131n\u0131z. Ayr\u0131ca, herhangi bir anahtar kelime i\u00e7in s\u0131ralama elde etmek de zor olacakt\u0131r. Elbette, \u00e7evrimi\u00e7i olarak sat\u0131n al\u0131nabilen ve bir ortakl\u0131k program\u0131 olan bir \u00fcr\u00fcne uygun bir konu se\u00e7meniz gerekir.<\/p>\n<p>Potansiyel ziyaret\u00e7ilerin Google&#8217;da arayabilece\u011fi anahtar kelime kombinasyonlar\u0131n\u0131n bir listesini yap\u0131n. &#8220;\u00c7evrimi\u00e7i loto&#8221; gibi bariz anahtar kelimeler i\u00e7in y\u00fcksek s\u0131ralama elde etmenin neredeyse imkans\u0131z oldu\u011funu unutmay\u0131n. Daha spesifik ifadeler kullan\u0131n. A\u015f\u0131r\u0131 bir \u00f6rnek olarak &#8220;ABD&#8217;de ya\u015famayan ki\u015filer Powerball&#8217;a kat\u0131labilir mi?&#8221; verilebilir.<\/p>\n<p>\u00d6ncelikle, web sitenizin ana sayfas\u0131nda hedefleyece\u011finiz anahtar kelime kombinasyonuna karar verin. Bu anahtar kelime kombinasyonu i\u00e7in bir ana sayfa makalesi yaz\u0131n. Ard\u0131ndan, web sitenizin yap\u0131s\u0131 i\u00e7in bir plan geli\u015ftirin. Akl\u0131n\u0131za gelen di\u011fer anahtar kelime kombinasyonlar\u0131 i\u00e7in birka\u00e7 makale daha yaz\u0131n.<\/p>\n<h2>Bundan sonra, odak noktan\u0131z iki \u015fey olmal\u0131d\u0131r:<\/h2>\n<p>Web sitenize i\u015faret eden ba\u011flant\u0131lar olu\u015fturun. Ba\u011flant\u0131lar, siteniz i\u00e7in olumlu oylar gibidir; y\u00fcksek kaliteli ba\u011flant\u0131lar arama motoru s\u0131ralamalar\u0131n\u0131z\u0131 iyile\u015ftirebilir. Web sitesi olan arkada\u015flar\u0131n\u0131zdan ba\u011flant\u0131 isteyin, di\u011fer web y\u00f6neticileriyle ileti\u015fime ge\u00e7in ve ba\u011flant\u0131 kar\u015f\u0131l\u0131\u011f\u0131nda makale yazmay\u0131 teklif edin, vb. Ancak en iyi ba\u011flant\u0131lar, insanlar makalelerinizi okuduklar\u0131nda ve yazd\u0131klar\u0131n\u0131z\u0131 be\u011fendikleri i\u00e7in sayfan\u0131za ba\u011flant\u0131 verdiklerinde do\u011fal olarak gelecektir!<\/p>\n<p>\u0130yi SEO&#8217;ya sahip daha fazla i\u00e7erik (makale) olu\u015fturun. Hayal g\u00fcc\u00fcn\u00fcz\u00fc kullan\u0131n ve d\u00fczenli olarak yeni makaleler yaz\u0131n. Ba\u015flang\u0131\u00e7ta haftada 2-3 makale eklemeyi d\u00fc\u015f\u00fcn\u00fcn.<\/p>\n<p>Yukar\u0131dakileri tamamlarken, giderek daha yetenekli hale geleceksiniz ve ilk ziyaret\u00e7iler web sitenize gelecektir. Ziyaret\u00e7i say\u0131lar\u0131n\u0131z\u0131 ve davran\u0131\u015flar\u0131n\u0131 izlemek i\u00e7in www.clicky.com veya Google Analytics gibi (\u00fccretsiz) bir hizmet kullan\u0131n. Gelir elde edip etmedi\u011finizi g\u00f6rmek i\u00e7in ortakl\u0131k program\u0131 hesab\u0131n\u0131z\u0131 d\u00fczenli olarak kontrol edin.<\/p>\n<p>Birincil anahtar kelimenizle ilgili daha fazla anahtar kelime bulman\u0131za yard\u0131mc\u0131 olmas\u0131 i\u00e7in bir SEO hizmeti kullan\u0131n. Bu anahtar kelimeleri hedefleyen SEO optimize edilmi\u015f i\u00e7erik olu\u015fturun. Daha fazla i\u00e7erik, web sitenize daha fazla trafik \u00e7eker ve komisyonlar\u0131n\u0131z\u0131 art\u0131r\u0131r.<\/p>\n<p>Zamanla, emek verdik\u00e7e, ziyaret\u00e7i say\u0131n\u0131zda ve gelirinizde olumlu bir etki g\u00f6receksiniz.<\/p>\n<p>Ki\u015fisel bir not: RedFoxLotto ve ortakl\u0131k program\u0131n\u0131n arkas\u0131ndaki ki\u015filer 15 y\u0131ldan fazla bir s\u00fcre \u00f6nce ortakl\u0131k program\u0131na kat\u0131larak i\u015fe ba\u015flad\u0131lar. O zamandan beri olduk\u00e7a ba\u015far\u0131l\u0131 oldular. Ve onlara bu i\u015fte neyi sevdiklerini sorarsan\u0131z, size \u015funu s\u00f6ylerler:<\/p>\n<ul>\n<li>S\u0131n\u0131rs\u0131z ve k\u00fcresel kazan\u00e7 potansiyeli<\/li>\n<li>Neredeyse hi\u00e7 yat\u0131r\u0131m yapmadan ortakl\u0131k pazarlama i\u015finize ba\u015flayabilirsiniz.<\/li>\n<li>Size finansal ba\u011f\u0131ms\u0131zl\u0131k sa\u011flayabilir.<\/li>\n<li>\u0130stedi\u011finiz yerden, istedi\u011finiz zaman \u00e7evrimi\u00e7i \u00e7al\u0131\u015fabilirsiniz.<\/li>\n<\/ul>\n","protected":false},"excerpt":{"rendered":"<p>Ortakl\u0131k pazarlamas\u0131 nedir? Bir\u00e7ok \u00e7evrimi\u00e7i sat\u0131c\u0131n\u0131n ortakl\u0131k programlar\u0131 vard\u0131r. Herkes orada bir ortakl\u0131k hesab\u0131 olu\u015fturabilir ve \u00fcr\u00fcnlerini \u00e7evrimi\u00e7i olarak tan\u0131tmaya ba\u015flayabilir. Tan\u0131t\u0131mc\u0131 (siz), sat\u0131c\u0131ya \u00f6deme yapan m\u00fc\u015fteriler y\u00f6nlendirdi\u011finiz i\u00e7in komisyon al\u0131rs\u0131n\u0131z. Sa\u011fdaki men\u00fcy\u00fc kontrol edin. S\u0131f\u0131rdan ve minimum yat\u0131r\u0131mla ortakl\u0131k i\u015fine nas\u0131l ba\u015flayaca\u011f\u0131n\u0131z konusunda bir PDF ba\u015flang\u0131\u00e7 \u200b\u200b\u200b\u200be\u011fitimine ba\u011flant\u0131 bulunmaktad\u0131r.<\/p>\n<p><a href=\"https:\/\/redfoxaffiliates.com\/tr\/cevrimici-bagli-kurulus-isine-nasil-baslanir\/\" class=\"more-link\">Continue Reading<span class=\"screen-reader-text\">\u00c7evrimi\u00e7i ba\u011fl\u0131 kurulu\u015f i\u015fine nas\u0131l ba\u015flan\u0131r<\/span><\/a><\/p>\n","protected":false},"author":1,"featured_media":0,"parent":0,"menu_order":6,"comment_status":"closed","ping_status":"closed","template":"","meta":{"footnotes":""},"class_list":["post-341","page","type-page","status-publish","hentry"],"yoast_head":"<!-- This site is optimized with the Yoast SEO plugin v22.4 - https:\/\/yoast.com\/wordpress\/plugins\/seo\/ -->\n<title>\u00c7evrimi\u00e7i ba\u011fl\u0131 kurulu\u015f pazarlama i\u015fine nas\u0131l ba\u015flan\u0131r ve b\u00fcy\u00fct\u00fcl\u00fcr<\/title>\n<meta name=\"description\" content=\"Ba\u011fl\u0131 kurulu\u015f i\u015fi i\u00e7in ba\u015far\u0131ya giden yol haritas\u0131. Ba\u011fl\u0131 kurulu\u015f ve pazarlama orta\u011f\u0131 olarak \u00e7evrimi\u00e7i komisyon kazanmaya ba\u015flay\u0131n\" \/>\n<meta name=\"robots\" content=\"index, follow, max-snippet:-1, max-image-preview:large, max-video-preview:-1\" \/>\n<link rel=\"canonical\" href=\"https:\/\/redfoxaffiliates.com\/how-to-start-an-online-affiliate-marketing-business\/\" \/>\n<meta property=\"og:locale\" content=\"tr_TR\" \/>\n<meta property=\"og:type\" content=\"article\" \/>\n<meta property=\"og:title\" content=\"\u00c7evrimi\u00e7i ba\u011fl\u0131 kurulu\u015f pazarlama i\u015fine nas\u0131l ba\u015flan\u0131r ve b\u00fcy\u00fct\u00fcl\u00fcr\" \/>\n<meta property=\"og:description\" content=\"Ba\u011fl\u0131 kurulu\u015f i\u015fi i\u00e7in ba\u015far\u0131ya giden yol haritas\u0131. Ba\u011fl\u0131 kurulu\u015f ve pazarlama orta\u011f\u0131 olarak \u00e7evrimi\u00e7i komisyon kazanmaya ba\u015flay\u0131n\" \/>\n<meta property=\"og:url\" content=\"https:\/\/redfoxaffiliates.com\/how-to-start-an-online-affiliate-marketing-business\/\" \/>\n<meta property=\"og:site_name\" content=\"RedFoxLotto Affiliate Program\" \/>\n<meta name=\"twitter:card\" content=\"summary_large_image\" \/>\n<meta name=\"twitter:label1\" content=\"Tahmini okuma s\u00fcresi\" \/>\n\t<meta name=\"twitter:data1\" content=\"10 dakika\" \/>\n<script type=\"application\/ld+json\" class=\"yoast-schema-graph\">{\"@context\":\"https:\/\/schema.org\",\"@graph\":[{\"@type\":\"WebPage\",\"@id\":\"https:\/\/redfoxaffiliates.com\/how-to-start-an-online-affiliate-marketing-business\/\",\"url\":\"https:\/\/redfoxaffiliates.com\/how-to-start-an-online-affiliate-marketing-business\/\",\"name\":\"\u00c7evrimi\u00e7i ba\u011fl\u0131 kurulu\u015f pazarlama i\u015fine nas\u0131l ba\u015flan\u0131r ve b\u00fcy\u00fct\u00fcl\u00fcr\",\"isPartOf\":{\"@id\":\"https:\/\/redfoxaffiliates.com\/#website\"},\"datePublished\":\"2026-01-01T20:15:19+00:00\",\"dateModified\":\"2026-01-01T20:15:19+00:00\",\"description\":\"Ba\u011fl\u0131 kurulu\u015f i\u015fi i\u00e7in ba\u015far\u0131ya giden yol haritas\u0131. Ba\u011fl\u0131 kurulu\u015f ve pazarlama orta\u011f\u0131 olarak \u00e7evrimi\u00e7i komisyon kazanmaya ba\u015flay\u0131n\",\"breadcrumb\":{\"@id\":\"https:\/\/redfoxaffiliates.com\/how-to-start-an-online-affiliate-marketing-business\/#breadcrumb\"},\"inLanguage\":\"tr\",\"potentialAction\":[{\"@type\":\"ReadAction\",\"target\":[\"https:\/\/redfoxaffiliates.com\/how-to-start-an-online-affiliate-marketing-business\/\"]}]},{\"@type\":\"BreadcrumbList\",\"@id\":\"https:\/\/redfoxaffiliates.com\/how-to-start-an-online-affiliate-marketing-business\/#breadcrumb\",\"itemListElement\":[{\"@type\":\"ListItem\",\"position\":1,\"name\":\"Home\",\"item\":\"https:\/\/redfoxaffiliates.com\/tr\/ana-sayfa\/\"},{\"@type\":\"ListItem\",\"position\":2,\"name\":\"\u00c7evrimi\u00e7i ba\u011fl\u0131 kurulu\u015f i\u015fine nas\u0131l ba\u015flan\u0131r\"}]},{\"@type\":\"WebSite\",\"@id\":\"https:\/\/redfoxaffiliates.com\/#website\",\"url\":\"https:\/\/redfoxaffiliates.com\/\",\"name\":\"RedFoxLotto Affiliate Program\",\"description\":\"The site for marketing partners of RedFoxLotto.com\",\"potentialAction\":[{\"@type\":\"SearchAction\",\"target\":{\"@type\":\"EntryPoint\",\"urlTemplate\":\"https:\/\/redfoxaffiliates.com\/?s={search_term_string}\"},\"query-input\":\"required name=search_term_string\"}],\"inLanguage\":\"tr\"}]}<\/script>\n<!-- \/ Yoast SEO plugin. -->","yoast_head_json":{"title":"\u00c7evrimi\u00e7i ba\u011fl\u0131 kurulu\u015f pazarlama i\u015fine nas\u0131l ba\u015flan\u0131r ve b\u00fcy\u00fct\u00fcl\u00fcr","description":"Ba\u011fl\u0131 kurulu\u015f i\u015fi i\u00e7in ba\u015far\u0131ya giden yol haritas\u0131. Ba\u011fl\u0131 kurulu\u015f ve pazarlama orta\u011f\u0131 olarak \u00e7evrimi\u00e7i komisyon kazanmaya ba\u015flay\u0131n","robots":{"index":"index","follow":"follow","max-snippet":"max-snippet:-1","max-image-preview":"max-image-preview:large","max-video-preview":"max-video-preview:-1"},"canonical":"https:\/\/redfoxaffiliates.com\/how-to-start-an-online-affiliate-marketing-business\/","og_locale":"tr_TR","og_type":"article","og_title":"\u00c7evrimi\u00e7i ba\u011fl\u0131 kurulu\u015f pazarlama i\u015fine nas\u0131l ba\u015flan\u0131r ve b\u00fcy\u00fct\u00fcl\u00fcr","og_description":"Ba\u011fl\u0131 kurulu\u015f i\u015fi i\u00e7in ba\u015far\u0131ya giden yol haritas\u0131. Ba\u011fl\u0131 kurulu\u015f ve pazarlama orta\u011f\u0131 olarak \u00e7evrimi\u00e7i komisyon kazanmaya ba\u015flay\u0131n","og_url":"https:\/\/redfoxaffiliates.com\/how-to-start-an-online-affiliate-marketing-business\/","og_site_name":"RedFoxLotto Affiliate Program","twitter_card":"summary_large_image","twitter_misc":{"Tahmini okuma s\u00fcresi":"10 dakika"},"schema":{"@context":"https:\/\/schema.org","@graph":[{"@type":"WebPage","@id":"https:\/\/redfoxaffiliates.com\/how-to-start-an-online-affiliate-marketing-business\/","url":"https:\/\/redfoxaffiliates.com\/how-to-start-an-online-affiliate-marketing-business\/","name":"\u00c7evrimi\u00e7i ba\u011fl\u0131 kurulu\u015f pazarlama i\u015fine nas\u0131l ba\u015flan\u0131r ve b\u00fcy\u00fct\u00fcl\u00fcr","isPartOf":{"@id":"https:\/\/redfoxaffiliates.com\/#website"},"datePublished":"2026-01-01T20:15:19+00:00","dateModified":"2026-01-01T20:15:19+00:00","description":"Ba\u011fl\u0131 kurulu\u015f i\u015fi i\u00e7in ba\u015far\u0131ya giden yol haritas\u0131. Ba\u011fl\u0131 kurulu\u015f ve pazarlama orta\u011f\u0131 olarak \u00e7evrimi\u00e7i komisyon kazanmaya ba\u015flay\u0131n","breadcrumb":{"@id":"https:\/\/redfoxaffiliates.com\/how-to-start-an-online-affiliate-marketing-business\/#breadcrumb"},"inLanguage":"tr","potentialAction":[{"@type":"ReadAction","target":["https:\/\/redfoxaffiliates.com\/how-to-start-an-online-affiliate-marketing-business\/"]}]},{"@type":"BreadcrumbList","@id":"https:\/\/redfoxaffiliates.com\/how-to-start-an-online-affiliate-marketing-business\/#breadcrumb","itemListElement":[{"@type":"ListItem","position":1,"name":"Home","item":"https:\/\/redfoxaffiliates.com\/tr\/ana-sayfa\/"},{"@type":"ListItem","position":2,"name":"\u00c7evrimi\u00e7i ba\u011fl\u0131 kurulu\u015f i\u015fine nas\u0131l ba\u015flan\u0131r"}]},{"@type":"WebSite","@id":"https:\/\/redfoxaffiliates.com\/#website","url":"https:\/\/redfoxaffiliates.com\/","name":"RedFoxLotto Affiliate Program","description":"The site for marketing partners of RedFoxLotto.com","potentialAction":[{"@type":"SearchAction","target":{"@type":"EntryPoint","urlTemplate":"https:\/\/redfoxaffiliates.com\/?s={search_term_string}"},"query-input":"required name=search_term_string"}],"inLanguage":"tr"}]}},"_links":{"self":[{"href":"https:\/\/redfoxaffiliates.com\/tr\/wp-json\/wp\/v2\/pages\/341","targetHints":{"allow":["GET"]}}],"collection":[{"href":"https:\/\/redfoxaffiliates.com\/tr\/wp-json\/wp\/v2\/pages"}],"about":[{"href":"https:\/\/redfoxaffiliates.com\/tr\/wp-json\/wp\/v2\/types\/page"}],"author":[{"embeddable":true,"href":"https:\/\/redfoxaffiliates.com\/tr\/wp-json\/wp\/v2\/users\/1"}],"replies":[{"embeddable":true,"href":"https:\/\/redfoxaffiliates.com\/tr\/wp-json\/wp\/v2\/comments?post=341"}],"version-history":[{"count":0,"href":"https:\/\/redfoxaffiliates.com\/tr\/wp-json\/wp\/v2\/pages\/341\/revisions"}],"wp:attachment":[{"href":"https:\/\/redfoxaffiliates.com\/tr\/wp-json\/wp\/v2\/media?parent=341"}],"curies":[{"name":"wp","href":"https:\/\/api.w.org\/{rel}","templated":true}]}}