{"id":297,"date":"2023-07-15T13:46:59","date_gmt":"2023-07-15T11:46:59","guid":{"rendered":"https:\/\/redfoxaffiliates.com\/sikca-sorulan-sorular\/"},"modified":"2023-07-15T13:46:59","modified_gmt":"2023-07-15T11:46:59","slug":"sikca-sorulan-sorular","status":"publish","type":"page","link":"https:\/\/redfoxaffiliates.com\/tr\/sikca-sorulan-sorular\/","title":{"rendered":"S\u0131k\u00e7a Sorulan Sorular"},"content":{"rendered":"<h2>Affiliate program\u0131 nedir?<\/h2>\n<p>Affiliate program\u0131 bir pazarlama stratejisidir. Bir\u00e7ok \u00fcr\u00fcn, hizmet ve web sitesi, \u00fcr\u00fcn ve hizmetlerini pazarlamak i\u00e7in affiliate programlar\u0131n\u0131 kullan\u0131r. RedFoxLotto.com&#8217;un her affiliate \u00fcyesi bizi tan\u0131tabilir.<\/p>\n<h2>Herhangi bir masraf veya kay\u0131t \u00fccreti var m\u0131?<\/h2>\n<p>Hay\u0131r. Affiliate program\u0131m\u0131za kat\u0131lmak tamamen \u00fccretsizdir. Tek masraf\u0131n\u0131z, web sitelerinizi i\u015fletmek veya kendi pazarlama materyallerinizi almak i\u00e7in yapt\u0131\u011f\u0131n\u0131z harcamalard\u0131r.<\/p>\n<h2>Sizi nas\u0131l tan\u0131tabilirim?<\/h2>\n<p>Her t\u00fcrl\u00fc \u00e7evrimi\u00e7i ve \u00e7evrimd\u0131\u015f\u0131 stratejiyi kullanabilirsiniz. En yayg\u0131n iki y\u00f6ntem \u015funlard\u0131r:<\/p>\n<ul>\n<li>Bir web sitesi (lotoyla ilgili veya ba\u015fka bir konuda) olu\u015fturabilir ve bunu RedFoxLotto&#8217;yu tan\u0131tmak i\u00e7in kullanabilirsiniz. Google aramalar\u0131nda anahtar kelimelerle s\u0131ralama yaparak trafik elde edin ve sitenizi sosyal medyada tan\u0131t\u0131n. Web sitenize gelen trafik artt\u0131k\u00e7a RedFoxLotto&#8217;ya gelen t\u0131klamalar da artar, bu da sizin i\u00e7in daha fazla para anlam\u0131na gelir.<\/li>\n<li>Bir piyango web sitesi olu\u015fturun, RedFoxLotto.com&#8217;a y\u00f6nlendiren ba\u011fl\u0131 kurulu\u015f ba\u011flant\u0131lar\u0131n\u0131 kullan\u0131n ve ard\u0131ndan web sitenizi \u00e7evrimd\u0131\u015f\u0131 olarak tan\u0131t\u0131n.<\/li>\n<\/ul>\n<h2>Ne kadar kazanabilirim?<\/h2>\n<p>S\u0131n\u0131r yoktur. \u00dcretti\u011finiz net sat\u0131\u015f tutar\u0131n\u0131n bir y\u00fczdesini al\u0131rs\u0131n\u0131z. Ve daha y\u00fcksek komisyonlar \u00fcretti\u011finiz her ay i\u00e7in, y\u00fczdesiniz artar. Daha fazla ayr\u0131nt\u0131 i\u00e7in bu makaleyi okuyun.<\/p>\n<h2>Ba\u011fl\u0131 kurulu\u015f ba\u011flant\u0131s\u0131 nedir?<\/h2>\n<p>Ortakl\u0131k ba\u011flant\u0131s\u0131, yaln\u0131zca sizin ortakl\u0131k hesab\u0131n\u0131za ba\u011fl\u0131 \u00f6zel bir tan\u0131mlay\u0131c\u0131 olan bir izleyici i\u00e7eren bir ba\u011flant\u0131d\u0131r. Bu ba\u011flant\u0131lar\u0131 web sitenize yerle\u015ftirirsiniz. Ard\u0131ndan, web sitenizin ziyaret\u00e7ilerinden biri bu ba\u011flant\u0131ya t\u0131klar ve RedFoxLotto.com&#8217;da bir sat\u0131n alma i\u015flemi ger\u00e7ekle\u015ftirir. Ortakl\u0131k sistemimiz, bu izleyici kodu arac\u0131l\u0131\u011f\u0131yla, bu yeni m\u00fc\u015fteriyi sizin getirdi\u011finiz bir m\u00fc\u015fteri olarak tan\u0131mlar. Bu sat\u0131\u015f i\u00e7in komisyon al\u0131rs\u0131n\u0131z. Bu m\u00fc\u015fterinin gelecekteki t\u00fcm sat\u0131n al\u0131mlar\u0131 da sizin i\u00e7in ba\u015fka bir komisyon olu\u015fturur.<\/p>\n<p>Bir m\u00fc\u015fteri, ba\u011fl\u0131 kurulu\u015f ba\u011flant\u0131lar\u0131n\u0131zdan birine t\u0131klayarak sitemizi ziyaret etti\u011finde, cihaz\u0131nda bir \u00e7erez olu\u015fturulur. Bu, ilk ziyaretinde sat\u0131n alma i\u015flemi yapmasa da, daha sonra piyango bileti sat\u0131n almak i\u00e7in geri d\u00f6nerse, yine de \u201csizin\u201d sat\u0131\u015f\u0131n\u0131z olarak tan\u0131mlanmas\u0131n\u0131 sa\u011flar.<\/p>\n<h2>Ortakl\u0131k hesab\u0131 giri\u015fi ne olacak?<\/h2>\n<p>Sitemize kaydolduktan sonra, kayd\u0131n\u0131z\u0131 inceleyece\u011fiz. Bu i\u015flem tamamland\u0131\u011f\u0131nda, sizin i\u00e7in bir ortakl\u0131k hesab\u0131 olu\u015fturaca\u011f\u0131z. Ard\u0131ndan, ortakl\u0131k hesab\u0131n\u0131za giri\u015f yapabilece\u011finiz bir URL, kullan\u0131c\u0131 ad\u0131 ve ge\u00e7ici \u015fifre i\u00e7eren bir e-posta g\u00f6nderece\u011fiz. Hesab\u0131n\u0131za (ortakl\u0131k arka ucu) giri\u015f yapt\u0131ktan sonra, bu \u015fifreyi de\u011fi\u015ftirebilir ve t\u00fcm ki\u015fisel bilgilerinizin do\u011fru olup olmad\u0131\u011f\u0131n\u0131 kontrol edebilirsiniz.<\/p>\n<p>Farkl\u0131 pazarlama faaliyetleri i\u00e7in \u00f6zel ortakl\u0131k ba\u011flant\u0131lar\u0131 i\u00e7eren kampanyalar olu\u015fturabilirsiniz. Diyelim ki birden fazla web siteniz var. B\u00f6yle bir durumda, her web sitesi i\u00e7in bir kampanya olu\u015fturmak isteyeceksiniz. Bu \u015fekilde, her web sitesinin performans\u0131n\u0131 ayr\u0131 ayr\u0131 g\u00f6rebilirsiniz.<\/p>\n<p>Ortakl\u0131k arka ucunda, ziyaret\u00e7i istatistiklerinizi ve komisyon raporlar\u0131n\u0131z\u0131 da g\u00f6rebilirsiniz. \u00dcr\u00fcnlerimizi tan\u0131tmak i\u00e7in kullanabilece\u011finiz pazarlama materyallerini de buradan indirebilirsiniz.<\/p>\n<h2>Komisyon \u00f6demeleri<\/h2>\n<p>Her ay\u0131n 15&#8217;inde, \u00f6nceki ay kazand\u0131\u011f\u0131n\u0131z komisyonlar\u0131 size \u00f6deyece\u011fiz. Skrill, Neteller ve banka havalesi yayg\u0131n olarak kullan\u0131lan y\u00f6ntemlerdir, ancak di\u011fer se\u00e7enekler de g\u00f6r\u00fc\u015f\u00fclebilir.<\/p>\n","protected":false},"excerpt":{"rendered":"<p>Affiliate program\u0131 nedir? Affiliate program\u0131 bir pazarlama stratejisidir. Bir\u00e7ok \u00fcr\u00fcn, hizmet ve web sitesi, \u00fcr\u00fcn ve hizmetlerini pazarlamak i\u00e7in affiliate programlar\u0131n\u0131 kullan\u0131r. RedFoxLotto.com&#8217;un her affiliate \u00fcyesi bizi tan\u0131tabilir. Herhangi bir masraf veya kay\u0131t \u00fccreti var m\u0131? Hay\u0131r. Affiliate program\u0131m\u0131za kat\u0131lmak tamamen \u00fccretsizdir. Tek masraf\u0131n\u0131z, web sitelerinizi i\u015fletmek veya kendi pazarlama<\/p>\n<p><a href=\"https:\/\/redfoxaffiliates.com\/tr\/sikca-sorulan-sorular\/\" class=\"more-link\">Continue Reading<span class=\"screen-reader-text\">S\u0131k\u00e7a Sorulan Sorular<\/span><\/a><\/p>\n","protected":false},"author":1,"featured_media":0,"parent":0,"menu_order":3,"comment_status":"closed","ping_status":"closed","template":"","meta":{"footnotes":""},"class_list":["post-297","page","type-page","status-publish","hentry"],"yoast_head":"<!-- This site is optimized with the Yoast SEO plugin v22.4 - https:\/\/yoast.com\/wordpress\/plugins\/seo\/ -->\n<title>Piyango pazar\u0131nda ortakl\u0131k hakk\u0131nda s\u0131k sorulan sorular<\/title>\n<meta name=\"description\" content=\"Piyango ortakl\u0131\u011f\u0131 hakk\u0131nda genel sorular\u0131n\u0131z\u0131n ve RedFoxLotto&#039;nun ortakl\u0131k program\u0131 hakk\u0131nda \u00f6zel sorular\u0131n\u0131z\u0131n yan\u0131tlar\u0131n\u0131 bulun.\" \/>\n<meta name=\"robots\" content=\"index, follow, max-snippet:-1, max-image-preview:large, max-video-preview:-1\" \/>\n<link rel=\"canonical\" href=\"https:\/\/redfoxaffiliates.com\/faq\/\" \/>\n<meta property=\"og:locale\" content=\"tr_TR\" \/>\n<meta property=\"og:type\" content=\"article\" \/>\n<meta property=\"og:title\" content=\"Piyango pazar\u0131nda ortakl\u0131k hakk\u0131nda s\u0131k sorulan sorular\" \/>\n<meta property=\"og:description\" content=\"Piyango ortakl\u0131\u011f\u0131 hakk\u0131nda genel sorular\u0131n\u0131z\u0131n ve RedFoxLotto&#039;nun ortakl\u0131k program\u0131 hakk\u0131nda \u00f6zel sorular\u0131n\u0131z\u0131n yan\u0131tlar\u0131n\u0131 bulun.\" \/>\n<meta property=\"og:url\" content=\"https:\/\/redfoxaffiliates.com\/faq\/\" \/>\n<meta property=\"og:site_name\" content=\"RedFoxLotto Affiliate Program\" \/>\n<meta name=\"twitter:card\" content=\"summary_large_image\" \/>\n<meta name=\"twitter:label1\" content=\"Tahmini okuma s\u00fcresi\" \/>\n\t<meta name=\"twitter:data1\" content=\"3 dakika\" \/>\n<script type=\"application\/ld+json\" class=\"yoast-schema-graph\">{\"@context\":\"https:\/\/schema.org\",\"@graph\":[{\"@type\":\"WebPage\",\"@id\":\"https:\/\/redfoxaffiliates.com\/faq\/\",\"url\":\"https:\/\/redfoxaffiliates.com\/faq\/\",\"name\":\"Piyango pazar\u0131nda ortakl\u0131k hakk\u0131nda s\u0131k sorulan sorular\",\"isPartOf\":{\"@id\":\"https:\/\/redfoxaffiliates.com\/#website\"},\"datePublished\":\"2023-07-15T11:46:59+00:00\",\"dateModified\":\"2023-07-15T11:46:59+00:00\",\"description\":\"Piyango ortakl\u0131\u011f\u0131 hakk\u0131nda genel sorular\u0131n\u0131z\u0131n ve RedFoxLotto'nun ortakl\u0131k program\u0131 hakk\u0131nda \u00f6zel sorular\u0131n\u0131z\u0131n yan\u0131tlar\u0131n\u0131 bulun.\",\"breadcrumb\":{\"@id\":\"https:\/\/redfoxaffiliates.com\/faq\/#breadcrumb\"},\"inLanguage\":\"tr\",\"potentialAction\":[{\"@type\":\"ReadAction\",\"target\":[\"https:\/\/redfoxaffiliates.com\/faq\/\"]}]},{\"@type\":\"BreadcrumbList\",\"@id\":\"https:\/\/redfoxaffiliates.com\/faq\/#breadcrumb\",\"itemListElement\":[{\"@type\":\"ListItem\",\"position\":1,\"name\":\"Home\",\"item\":\"https:\/\/redfoxaffiliates.com\/tr\/ana-sayfa\/\"},{\"@type\":\"ListItem\",\"position\":2,\"name\":\"S\u0131k\u00e7a Sorulan Sorular\"}]},{\"@type\":\"WebSite\",\"@id\":\"https:\/\/redfoxaffiliates.com\/#website\",\"url\":\"https:\/\/redfoxaffiliates.com\/\",\"name\":\"RedFoxLotto Affiliate Program\",\"description\":\"The site for marketing partners of RedFoxLotto.com\",\"potentialAction\":[{\"@type\":\"SearchAction\",\"target\":{\"@type\":\"EntryPoint\",\"urlTemplate\":\"https:\/\/redfoxaffiliates.com\/?s={search_term_string}\"},\"query-input\":\"required name=search_term_string\"}],\"inLanguage\":\"tr\"}]}<\/script>\n<!-- \/ Yoast SEO plugin. -->","yoast_head_json":{"title":"Piyango pazar\u0131nda ortakl\u0131k hakk\u0131nda s\u0131k sorulan sorular","description":"Piyango ortakl\u0131\u011f\u0131 hakk\u0131nda genel sorular\u0131n\u0131z\u0131n ve RedFoxLotto'nun ortakl\u0131k program\u0131 hakk\u0131nda \u00f6zel sorular\u0131n\u0131z\u0131n yan\u0131tlar\u0131n\u0131 bulun.","robots":{"index":"index","follow":"follow","max-snippet":"max-snippet:-1","max-image-preview":"max-image-preview:large","max-video-preview":"max-video-preview:-1"},"canonical":"https:\/\/redfoxaffiliates.com\/faq\/","og_locale":"tr_TR","og_type":"article","og_title":"Piyango pazar\u0131nda ortakl\u0131k hakk\u0131nda s\u0131k sorulan sorular","og_description":"Piyango ortakl\u0131\u011f\u0131 hakk\u0131nda genel sorular\u0131n\u0131z\u0131n ve RedFoxLotto'nun ortakl\u0131k program\u0131 hakk\u0131nda \u00f6zel sorular\u0131n\u0131z\u0131n yan\u0131tlar\u0131n\u0131 bulun.","og_url":"https:\/\/redfoxaffiliates.com\/faq\/","og_site_name":"RedFoxLotto Affiliate Program","twitter_card":"summary_large_image","twitter_misc":{"Tahmini okuma s\u00fcresi":"3 dakika"},"schema":{"@context":"https:\/\/schema.org","@graph":[{"@type":"WebPage","@id":"https:\/\/redfoxaffiliates.com\/faq\/","url":"https:\/\/redfoxaffiliates.com\/faq\/","name":"Piyango pazar\u0131nda ortakl\u0131k hakk\u0131nda s\u0131k sorulan sorular","isPartOf":{"@id":"https:\/\/redfoxaffiliates.com\/#website"},"datePublished":"2023-07-15T11:46:59+00:00","dateModified":"2023-07-15T11:46:59+00:00","description":"Piyango ortakl\u0131\u011f\u0131 hakk\u0131nda genel sorular\u0131n\u0131z\u0131n ve RedFoxLotto'nun ortakl\u0131k program\u0131 hakk\u0131nda \u00f6zel sorular\u0131n\u0131z\u0131n yan\u0131tlar\u0131n\u0131 bulun.","breadcrumb":{"@id":"https:\/\/redfoxaffiliates.com\/faq\/#breadcrumb"},"inLanguage":"tr","potentialAction":[{"@type":"ReadAction","target":["https:\/\/redfoxaffiliates.com\/faq\/"]}]},{"@type":"BreadcrumbList","@id":"https:\/\/redfoxaffiliates.com\/faq\/#breadcrumb","itemListElement":[{"@type":"ListItem","position":1,"name":"Home","item":"https:\/\/redfoxaffiliates.com\/tr\/ana-sayfa\/"},{"@type":"ListItem","position":2,"name":"S\u0131k\u00e7a Sorulan Sorular"}]},{"@type":"WebSite","@id":"https:\/\/redfoxaffiliates.com\/#website","url":"https:\/\/redfoxaffiliates.com\/","name":"RedFoxLotto Affiliate Program","description":"The site for marketing partners of RedFoxLotto.com","potentialAction":[{"@type":"SearchAction","target":{"@type":"EntryPoint","urlTemplate":"https:\/\/redfoxaffiliates.com\/?s={search_term_string}"},"query-input":"required name=search_term_string"}],"inLanguage":"tr"}]}},"_links":{"self":[{"href":"https:\/\/redfoxaffiliates.com\/tr\/wp-json\/wp\/v2\/pages\/297","targetHints":{"allow":["GET"]}}],"collection":[{"href":"https:\/\/redfoxaffiliates.com\/tr\/wp-json\/wp\/v2\/pages"}],"about":[{"href":"https:\/\/redfoxaffiliates.com\/tr\/wp-json\/wp\/v2\/types\/page"}],"author":[{"embeddable":true,"href":"https:\/\/redfoxaffiliates.com\/tr\/wp-json\/wp\/v2\/users\/1"}],"replies":[{"embeddable":true,"href":"https:\/\/redfoxaffiliates.com\/tr\/wp-json\/wp\/v2\/comments?post=297"}],"version-history":[{"count":0,"href":"https:\/\/redfoxaffiliates.com\/tr\/wp-json\/wp\/v2\/pages\/297\/revisions"}],"wp:attachment":[{"href":"https:\/\/redfoxaffiliates.com\/tr\/wp-json\/wp\/v2\/media?parent=297"}],"curies":[{"name":"wp","href":"https:\/\/api.w.org\/{rel}","templated":true}]}}