{"id":294,"date":"2023-07-15T13:37:01","date_gmt":"2023-07-15T11:37:01","guid":{"rendered":"https:\/\/redfoxaffiliates.com\/affiliate-marketing-ile-para-kazanin\/"},"modified":"2023-07-15T13:37:01","modified_gmt":"2023-07-15T11:37:01","slug":"affiliate-marketing-ile-para-kazanin","status":"publish","type":"page","link":"https:\/\/redfoxaffiliates.com\/tr\/affiliate-marketing-ile-para-kazanin\/","title":{"rendered":"Affiliate marketing ile para kazan\u0131n"},"content":{"rendered":"<h2>Komisyon kazan\u0131n &#8211; RedFoxLotto&#8217;yu affiliate&#8217;imiz olarak tan\u0131tarak para kazan\u0131n.<\/h2>\n<p>Getirdi\u011finiz her m\u00fc\u015fteri \u00f6m\u00fcr boyu sizin m\u00fc\u015fteriniz olacakt\u0131r. Sizin taraf\u0131n\u0131zdan getirilen bir m\u00fc\u015fteriden komisyon kazanman\u0131z i\u00e7in herhangi bir zaman s\u0131n\u0131r\u0131 yoktur. Affiliate hesab\u0131n\u0131zdan m\u00fc\u015fterilerinizin etiketleri asla kald\u0131r\u0131lmayacakt\u0131r. Bu y\u00fczden bizimki piyango sekt\u00f6r\u00fcndeki en iyi affiliate program\u0131d\u0131r.<\/p>\n<p>Komisyonlar\u0131n\u0131z gelir payla\u015f\u0131m\u0131 esas\u0131na g\u00f6re \u00f6denecektir, yani \u00e7evrimi\u00e7i y\u00f6nlendirmelerinizin olu\u015fturdu\u011fu piyango sat\u0131\u015f hacmi, ortakl\u0131k program\u0131m\u0131zdan elde edece\u011finiz kazanc\u0131 belirleyecektir.<\/p>\n<p>Ortakl\u0131k komisyonlar\u0131n\u0131n d\u00f6rt kademesi \u015f\u00f6yledir:<br \/>\n20.000,00 \u20ac alt\u0131ndaki br\u00fct sat\u0131\u015flar: br\u00fct sat\u0131\u015flar\u0131n %8&#8217;i<br \/>\n20.000,00 \u20ac ile 50.000,00 \u20ac aras\u0131ndaki br\u00fct sat\u0131\u015flar: net sat\u0131\u015flar\u0131n %10&#8217;u<br \/>\n50.000,00 \u20ac \u00fczerindeki br\u00fct sat\u0131\u015flar: net sat\u0131\u015flar\u0131n %12&#8217;si<\/p>\n<p>Daha y\u00fcksek komisyon y\u00fczdesi, yaln\u0131zca toplam komisyonun belirtilen tutar\u0131 a\u015ft\u0131\u011f\u0131 ay i\u00e7in ge\u00e7erlidir. Komisyonun bir sonraki ay daha d\u00fc\u015f\u00fck olmas\u0131 durumunda, mevcut komisyon tutar\u0131na kar\u015f\u0131l\u0131k gelen oran uygulanacakt\u0131r.<\/p>\n<h2>Neden CPA yok? Neden gelir payla\u015f\u0131m\u0131 anla\u015fmas\u0131 en iyi se\u00e7ene\u011finizdir?<\/h2>\n<p>CPA terimine a\u015fina de\u011filseniz, bu terim Eylem Ba\u015f\u0131na Maliyet anlam\u0131na gelir: ilk \u00e7evrimi\u00e7i sat\u0131n al\u0131m\u0131n\u0131 yapan her m\u00fc\u015fteri i\u00e7in tek seferlik bir \u00f6deme al\u0131rs\u0131n\u0131z. Baz\u0131 ortakl\u0131k programlar\u0131, oyuncu minimum harcama \u015fart\u0131n\u0131 kar\u015f\u0131lad\u0131ktan sonra CPA komisyonunu \u00f6der.<\/p>\n<p>Bununla birlikte, CPA komisyon modeli bu \u00f6zel sekt\u00f6rde anlaml\u0131 de\u011fildir. \u0130lk olarak, ilk para yat\u0131ranlar\u0131n \u00f6mr\u00fc di\u011fer \u00e7evrimi\u00e7i kumar sekt\u00f6rlerine g\u00f6re \u00e7ok daha uzundur. Piyango oyuncular\u0131 genellikle hayatlar\u0131 boyunca piyango bileti sat\u0131n al\u0131rlar. \u0130kincisi, en iyi m\u00fc\u015fterilerimiz tek bir i\u015flemde y\u00fczlerce euro de\u011ferinde \u00e7evrimi\u00e7i piyango bileti sat\u0131n al\u0131rlar. Bu, ikramiyeler \u00e7ok y\u00fcksek oldu\u011funda daha s\u0131k olur ve bu, uzun vadede gelir pay\u0131na g\u00f6re \u00f6deme yapan bir ortakl\u0131k program\u0131 ile daha fazla para kazanman\u0131z\u0131n nedenlerinden biridir.<\/p>\n<p>Genel olarak, piyango sekt\u00f6r\u00fcnde yapabilece\u011finiz en iyi \u015fey, \u00f6m\u00fcr boyu y\u00fczde anla\u015fmas\u0131 olan bir ortakl\u0131k program\u0131n\u0131 tan\u0131tmakt\u0131r. Ancak, istisnai durumlarda, bizimle bir s\u00fcre \u00e7al\u0131\u015ft\u0131ktan sonra, getirdi\u011finiz m\u00fc\u015fterilerin performans\u0131na g\u00f6re CPA anla\u015fmas\u0131 g\u00f6r\u00fc\u015f\u00fclebilir.<\/p>\n<h2>Alt ortakl\u0131k komisyonu<\/h2>\n<p>Getirdi\u011finiz her alt ortakl\u0131k i\u00e7in, o ortakl\u0131\u011f\u0131n olu\u015fturdu\u011fu br\u00fct piyango sat\u0131\u015f de\u011ferinin %2&#8217;sini kazan\u0131rs\u0131n\u0131z.<\/p>\n","protected":false},"excerpt":{"rendered":"<p>Komisyon kazan\u0131n &#8211; RedFoxLotto&#8217;yu affiliate&#8217;imiz olarak tan\u0131tarak para kazan\u0131n. Getirdi\u011finiz her m\u00fc\u015fteri \u00f6m\u00fcr boyu sizin m\u00fc\u015fteriniz olacakt\u0131r. Sizin taraf\u0131n\u0131zdan getirilen bir m\u00fc\u015fteriden komisyon kazanman\u0131z i\u00e7in herhangi bir zaman s\u0131n\u0131r\u0131 yoktur. Affiliate hesab\u0131n\u0131zdan m\u00fc\u015fterilerinizin etiketleri asla kald\u0131r\u0131lmayacakt\u0131r. Bu y\u00fczden bizimki piyango sekt\u00f6r\u00fcndeki en iyi affiliate program\u0131d\u0131r. Komisyonlar\u0131n\u0131z gelir payla\u015f\u0131m\u0131 esas\u0131na g\u00f6re<\/p>\n<p><a href=\"https:\/\/redfoxaffiliates.com\/tr\/affiliate-marketing-ile-para-kazanin\/\" class=\"more-link\">Continue Reading<span class=\"screen-reader-text\">Affiliate marketing ile para kazan\u0131n<\/span><\/a><\/p>\n","protected":false},"author":1,"featured_media":0,"parent":0,"menu_order":2,"comment_status":"closed","ping_status":"closed","template":"","meta":{"footnotes":""},"class_list":["post-294","page","type-page","status-publish","hentry"],"yoast_head":"<!-- This site is optimized with the Yoast SEO plugin v22.4 - https:\/\/yoast.com\/wordpress\/plugins\/seo\/ -->\n<title>Piyango ortakl\u0131k program\u0131m\u0131zla nas\u0131l para kazanabilirsiniz?<\/title>\n<meta name=\"description\" content=\"Her tavsiye i\u00e7in, onlar\u0131n t\u00fcm sat\u0131n al\u0131mlar\u0131ndan \u00f6m\u00fcr boyu komisyon kazan\u0131rs\u0131n\u0131z. Ortakl\u0131k program\u0131m\u0131zdan ne kadar para kazanabilece\u011finize bir g\u00f6z at\u0131n\" \/>\n<meta name=\"robots\" content=\"index, follow, max-snippet:-1, max-image-preview:large, max-video-preview:-1\" \/>\n<link rel=\"canonical\" href=\"https:\/\/redfoxaffiliates.com\/make-money-with-our-lottery-affliate-program\/\" \/>\n<meta property=\"og:locale\" content=\"tr_TR\" \/>\n<meta property=\"og:type\" content=\"article\" \/>\n<meta property=\"og:title\" content=\"Piyango ortakl\u0131k program\u0131m\u0131zla nas\u0131l para kazanabilirsiniz?\" \/>\n<meta property=\"og:description\" content=\"Her tavsiye i\u00e7in, onlar\u0131n t\u00fcm sat\u0131n al\u0131mlar\u0131ndan \u00f6m\u00fcr boyu komisyon kazan\u0131rs\u0131n\u0131z. Ortakl\u0131k program\u0131m\u0131zdan ne kadar para kazanabilece\u011finize bir g\u00f6z at\u0131n\" \/>\n<meta property=\"og:url\" content=\"https:\/\/redfoxaffiliates.com\/make-money-with-our-lottery-affliate-program\/\" \/>\n<meta property=\"og:site_name\" content=\"RedFoxLotto Affiliate Program\" \/>\n<meta name=\"twitter:card\" content=\"summary_large_image\" \/>\n<meta name=\"twitter:label1\" content=\"Tahmini okuma s\u00fcresi\" \/>\n\t<meta name=\"twitter:data1\" content=\"2 dakika\" \/>\n<script type=\"application\/ld+json\" class=\"yoast-schema-graph\">{\"@context\":\"https:\/\/schema.org\",\"@graph\":[{\"@type\":\"WebPage\",\"@id\":\"https:\/\/redfoxaffiliates.com\/make-money-with-our-lottery-affliate-program\/\",\"url\":\"https:\/\/redfoxaffiliates.com\/make-money-with-our-lottery-affliate-program\/\",\"name\":\"Piyango ortakl\u0131k program\u0131m\u0131zla nas\u0131l para kazanabilirsiniz?\",\"isPartOf\":{\"@id\":\"https:\/\/redfoxaffiliates.com\/#website\"},\"datePublished\":\"2023-07-15T11:37:01+00:00\",\"dateModified\":\"2023-07-15T11:37:01+00:00\",\"description\":\"Her tavsiye i\u00e7in, onlar\u0131n t\u00fcm sat\u0131n al\u0131mlar\u0131ndan \u00f6m\u00fcr boyu komisyon kazan\u0131rs\u0131n\u0131z. Ortakl\u0131k program\u0131m\u0131zdan ne kadar para kazanabilece\u011finize bir g\u00f6z at\u0131n\",\"breadcrumb\":{\"@id\":\"https:\/\/redfoxaffiliates.com\/make-money-with-our-lottery-affliate-program\/#breadcrumb\"},\"inLanguage\":\"tr\",\"potentialAction\":[{\"@type\":\"ReadAction\",\"target\":[\"https:\/\/redfoxaffiliates.com\/make-money-with-our-lottery-affliate-program\/\"]}]},{\"@type\":\"BreadcrumbList\",\"@id\":\"https:\/\/redfoxaffiliates.com\/make-money-with-our-lottery-affliate-program\/#breadcrumb\",\"itemListElement\":[{\"@type\":\"ListItem\",\"position\":1,\"name\":\"Home\",\"item\":\"https:\/\/redfoxaffiliates.com\/tr\/ana-sayfa\/\"},{\"@type\":\"ListItem\",\"position\":2,\"name\":\"Affiliate marketing ile para kazan\u0131n\"}]},{\"@type\":\"WebSite\",\"@id\":\"https:\/\/redfoxaffiliates.com\/#website\",\"url\":\"https:\/\/redfoxaffiliates.com\/\",\"name\":\"RedFoxLotto Affiliate Program\",\"description\":\"The site for marketing partners of RedFoxLotto.com\",\"potentialAction\":[{\"@type\":\"SearchAction\",\"target\":{\"@type\":\"EntryPoint\",\"urlTemplate\":\"https:\/\/redfoxaffiliates.com\/?s={search_term_string}\"},\"query-input\":\"required name=search_term_string\"}],\"inLanguage\":\"tr\"}]}<\/script>\n<!-- \/ Yoast SEO plugin. -->","yoast_head_json":{"title":"Piyango ortakl\u0131k program\u0131m\u0131zla nas\u0131l para kazanabilirsiniz?","description":"Her tavsiye i\u00e7in, onlar\u0131n t\u00fcm sat\u0131n al\u0131mlar\u0131ndan \u00f6m\u00fcr boyu komisyon kazan\u0131rs\u0131n\u0131z. Ortakl\u0131k program\u0131m\u0131zdan ne kadar para kazanabilece\u011finize bir g\u00f6z at\u0131n","robots":{"index":"index","follow":"follow","max-snippet":"max-snippet:-1","max-image-preview":"max-image-preview:large","max-video-preview":"max-video-preview:-1"},"canonical":"https:\/\/redfoxaffiliates.com\/make-money-with-our-lottery-affliate-program\/","og_locale":"tr_TR","og_type":"article","og_title":"Piyango ortakl\u0131k program\u0131m\u0131zla nas\u0131l para kazanabilirsiniz?","og_description":"Her tavsiye i\u00e7in, onlar\u0131n t\u00fcm sat\u0131n al\u0131mlar\u0131ndan \u00f6m\u00fcr boyu komisyon kazan\u0131rs\u0131n\u0131z. Ortakl\u0131k program\u0131m\u0131zdan ne kadar para kazanabilece\u011finize bir g\u00f6z at\u0131n","og_url":"https:\/\/redfoxaffiliates.com\/make-money-with-our-lottery-affliate-program\/","og_site_name":"RedFoxLotto Affiliate Program","twitter_card":"summary_large_image","twitter_misc":{"Tahmini okuma s\u00fcresi":"2 dakika"},"schema":{"@context":"https:\/\/schema.org","@graph":[{"@type":"WebPage","@id":"https:\/\/redfoxaffiliates.com\/make-money-with-our-lottery-affliate-program\/","url":"https:\/\/redfoxaffiliates.com\/make-money-with-our-lottery-affliate-program\/","name":"Piyango ortakl\u0131k program\u0131m\u0131zla nas\u0131l para kazanabilirsiniz?","isPartOf":{"@id":"https:\/\/redfoxaffiliates.com\/#website"},"datePublished":"2023-07-15T11:37:01+00:00","dateModified":"2023-07-15T11:37:01+00:00","description":"Her tavsiye i\u00e7in, onlar\u0131n t\u00fcm sat\u0131n al\u0131mlar\u0131ndan \u00f6m\u00fcr boyu komisyon kazan\u0131rs\u0131n\u0131z. Ortakl\u0131k program\u0131m\u0131zdan ne kadar para kazanabilece\u011finize bir g\u00f6z at\u0131n","breadcrumb":{"@id":"https:\/\/redfoxaffiliates.com\/make-money-with-our-lottery-affliate-program\/#breadcrumb"},"inLanguage":"tr","potentialAction":[{"@type":"ReadAction","target":["https:\/\/redfoxaffiliates.com\/make-money-with-our-lottery-affliate-program\/"]}]},{"@type":"BreadcrumbList","@id":"https:\/\/redfoxaffiliates.com\/make-money-with-our-lottery-affliate-program\/#breadcrumb","itemListElement":[{"@type":"ListItem","position":1,"name":"Home","item":"https:\/\/redfoxaffiliates.com\/tr\/ana-sayfa\/"},{"@type":"ListItem","position":2,"name":"Affiliate marketing ile para kazan\u0131n"}]},{"@type":"WebSite","@id":"https:\/\/redfoxaffiliates.com\/#website","url":"https:\/\/redfoxaffiliates.com\/","name":"RedFoxLotto Affiliate Program","description":"The site for marketing partners of RedFoxLotto.com","potentialAction":[{"@type":"SearchAction","target":{"@type":"EntryPoint","urlTemplate":"https:\/\/redfoxaffiliates.com\/?s={search_term_string}"},"query-input":"required name=search_term_string"}],"inLanguage":"tr"}]}},"_links":{"self":[{"href":"https:\/\/redfoxaffiliates.com\/tr\/wp-json\/wp\/v2\/pages\/294","targetHints":{"allow":["GET"]}}],"collection":[{"href":"https:\/\/redfoxaffiliates.com\/tr\/wp-json\/wp\/v2\/pages"}],"about":[{"href":"https:\/\/redfoxaffiliates.com\/tr\/wp-json\/wp\/v2\/types\/page"}],"author":[{"embeddable":true,"href":"https:\/\/redfoxaffiliates.com\/tr\/wp-json\/wp\/v2\/users\/1"}],"replies":[{"embeddable":true,"href":"https:\/\/redfoxaffiliates.com\/tr\/wp-json\/wp\/v2\/comments?post=294"}],"version-history":[{"count":0,"href":"https:\/\/redfoxaffiliates.com\/tr\/wp-json\/wp\/v2\/pages\/294\/revisions"}],"wp:attachment":[{"href":"https:\/\/redfoxaffiliates.com\/tr\/wp-json\/wp\/v2\/media?parent=294"}],"curies":[{"name":"wp","href":"https:\/\/api.w.org\/{rel}","templated":true}]}}