{"id":249,"date":"2023-07-15T13:33:10","date_gmt":"2023-07-15T11:33:10","guid":{"rendered":"https:\/\/redfoxaffiliates.com\/neden-piyango-ortagi-olunmali\/"},"modified":"2023-07-15T13:33:10","modified_gmt":"2023-07-15T11:33:10","slug":"neden-piyango-ortagi-olunmali","status":"publish","type":"page","link":"https:\/\/redfoxaffiliates.com\/tr\/neden-piyango-ortagi-olunmali\/","title":{"rendered":"Neden piyango orta\u011f\u0131 olunmal\u0131?"},"content":{"rendered":"<h2>\u00dcr\u00fcn\u00fcm\u00fcz nedir?<\/h2>\n<p>RedFoxLotto, \u00e7evrimi\u00e7i piyango bileti sat\u0131\u015f\u0131 yapmaktad\u0131r. M\u00fc\u015fterilerimize, ABD Mega Millions ve Powerball gibi b\u00fcy\u00fck ikramiyeli piyangolara ve EuroMillions, EuroJackpot ve SuperEnalotto gibi b\u00fcy\u00fck Avrupa piyangolar\u0131na kat\u0131lma imkan\u0131 sunuyoruz.<\/p>\n<p>M\u00fc\u015fterilerimiz, bizim arac\u0131l\u0131\u011f\u0131m\u0131zla kendi \u00fclkelerinden ba\u015fka \u00fclkelerdeki piyangolar i\u00e7in bilet sat\u0131n alabilirler. Bunu m\u00fcmk\u00fcn k\u0131lmak i\u00e7in, piyangolar\u0131n d\u00fczenlendi\u011fi \u00fclkelerde bulunan \u00e7e\u015fitli acentelerle \u00e7al\u0131\u015f\u0131yoruz. Bilet \u00e7evrimi\u00e7i olarak sipari\u015f edildi\u011finde, acentelerimizden biri m\u00fc\u015fterilerimiz i\u00e7in bu bileti sat\u0131n al\u0131r. Bu i\u015flem tamamland\u0131\u011f\u0131nda, sat\u0131n almay\u0131 m\u00fc\u015fterimize teyit ederiz. Bizim arac\u0131l\u0131\u011f\u0131m\u0131zla bilet sat\u0131n al\u0131nd\u0131\u011f\u0131nda, m\u00fc\u015fterilerimize \u00f6demeleri de biz ger\u00e7ekle\u015ftiririz.<\/p>\n<p>\u201c\u0130kincil piyango pazar\u0131\u201d terimini duymu\u015f olabilirsiniz &#8211; bu pazar i\u00e7in kullan\u0131lan terim budur. Milyarlarca dolarl\u0131k bir end\u00fcstri olan piyango, yerel tekliflerle s\u0131n\u0131rl\u0131 de\u011fildir (ikamet ettikleri \u00fclkede piyango varsa). Bilet hizmetimize olan talep \u00e7ok y\u00fcksektir. \u00d6zellikle baz\u0131 ikramiyelerin muazzam miktarlara ula\u015ft\u0131\u011f\u0131 haberleri t\u00fcm d\u00fcnyada man\u015fetlere ta\u015f\u0131nd\u0131\u011f\u0131nda, \u00e7evrimi\u00e7i biletler adeta \u201craflar\u0131ndan u\u00e7up gidiyor\u201d.<\/p>\n<h2>RedFoxLotto&#8217;yu tan\u0131tmak i\u00e7in nedenler<\/h2>\n<h3>M\u00fckemmel d\u00f6n\u00fc\u015f\u00fcm oranlar\u0131<\/h3>\n<p>https:\/\/redfoxlotto.com sitemiz, sat\u0131n alma s\u00fcrecini olabildi\u011fince basit hale getirmek i\u00e7in optimize edilmi\u015ftir. Bu, y\u00fcksek bir d\u00f6n\u00fc\u015f\u00fcm oran\u0131n\u0131 garanti etmek i\u00e7in \u00f6nemlidir. Trafi\u011finizi ne kadar iyi d\u00f6n\u00fc\u015ft\u00fcr\u00fcrsek, o kadar \u00e7ok para kazan\u0131rs\u0131n\u0131z.<\/p>\n<h2>M\u00fckemmel m\u00fc\u015fteri sadakati<\/h2>\n<p>\u00d6m\u00fcr boyu m\u00fc\u015fteri de\u011feri, bu sekt\u00f6r\u00fcn en iyi y\u00f6nlerinden biridir. M\u00fc\u015fterilerimizin b\u00fcy\u00fck bir k\u0131sm\u0131 geri d\u00f6n\u00fcyor ve y\u0131llar boyunca her hafta daha fazla bilet sat\u0131n al\u0131yor!<\/p>\n<h2>\u00c7e\u015fitli \u00f6deme i\u015flemcileri de ayn\u0131 derecede \u00f6nemlidir<\/h2>\n<p>Burada geni\u015f bir se\u00e7enek yelpazesi sunmaya \u00e7al\u0131\u015f\u0131yoruz. Bu, her \u00fclkeden ziyaret\u00e7ilerin biletlerini kolayca \u00f6deyebilmelerini sa\u011flamak i\u00e7in \u00f6nemlidir. Bununla birlikte, kredi kart\u0131 \u00f6demeleri hala sat\u0131\u015flar\u0131n aslan pay\u0131n\u0131 olu\u015fturmaktad\u0131r. Ancak Bitcoin ve e-c\u00fczdanlar gibi se\u00e7enekler giderek daha \u00f6nemli hale gelmektedir.<\/p>\n<p>D\u00fcr\u00fcst ve etik bir ortakl\u0131k program\u0131 y\u00fcr\u00fctmeyi taahh\u00fct ettik. Bu sekt\u00f6rdeki \u00e7o\u011fu program, bir \u015fekilde ortaklar\u0131n\u0131 aldatmas\u0131yla bilinir. RedFoxLotto markas\u0131, eski bir ortak taraf\u0131ndan kurulmu\u015ftur. Ayn\u0131 eski ortak, ortakl\u0131k program\u0131ndan da sorumludur. Ortakl\u0131k ve etik hakk\u0131ndaki makalemizi okuyun; bu, bizim bak\u0131\u015f a\u00e7\u0131m\u0131z\u0131 daha iyi anlaman\u0131za yard\u0131mc\u0131 olacakt\u0131r.<\/p>\n<h2>Sekt\u00f6r standard\u0131n\u0131n \u00fczerinde komisyon oranlar\u0131<\/h2>\n<p>Tavsiye etti\u011finiz ki\u015filer taraf\u0131ndan elde edilen br\u00fct sat\u0131\u015f de\u011ferinin %12&#8217;sine kadar kazanabilirsiniz.<\/p>\n<h2>\u0130kinci kademe ortakl\u0131k<\/h2>\n<p>Bu, ek alt ortaklar getirirseniz, onlar\u0131n tavsiyeleriyle elde edilen sat\u0131\u015flardan da %2 komisyon kazanaca\u011f\u0131n\u0131z anlam\u0131na gelir.<\/p>\n<h2>Komisyonlar\u0131n zaman\u0131nda \u00f6denmesi<\/h2>\n<p>Ge\u00e7en ay\u0131n komisyonlar\u0131n\u0131, takip eden ay\u0131n 15&#8217;inde \u00f6deriz. Birka\u00e7 \u00f6deme se\u00e7ene\u011fi aras\u0131ndan se\u00e7im yapabilirsiniz.<\/p>\n<h2>Kimler ortak olabilir ve bizi nas\u0131l tan\u0131tabilirsiniz?<\/h2>\n<p>Asl\u0131nda, herkes olabilir! Lotoyla ilgili bir web siteniz olabilir. Bu durumda, \u00fcr\u00fcn\u00fcm\u00fcz hedef kitlenize hitap etti\u011fi i\u00e7in d\u00f6n\u00fc\u015f\u00fcm oran\u0131n\u0131z y\u00fcksek olacakt\u0131r.<\/p>\n<p>Ya da farkl\u0131 bir konuda bir web siteniz var ve trafi\u011finizden para kazanman\u0131n yollar\u0131n\u0131 ar\u0131yorsunuz. Herkes loto oynamay\u0131 sever ve kazan\u00e7lar\u0131n\u0131z \u00e7o\u011funlukla web sitenizin trafi\u011fine ba\u011fl\u0131 olacakt\u0131r.<\/p>\n<p>E-posta listeleri, yeni m\u00fc\u015fteriler kazanmak i\u00e7in harika bir ara\u00e7t\u0131r. Spam&#8217;\u0131 ho\u015f g\u00f6rm\u00fcyoruz, bu nedenle e-posta listenizin yaln\u0131zca pazarlama e-postalar\u0131n\u0131z\u0131 almay\u0131 kabul eden ki\u015filerden olu\u015ftu\u011fundan emin olun.<\/p>\n<p>Baz\u0131 ortaklar\u0131m\u0131z bizi tan\u0131tmak i\u00e7in \u00e7evrimd\u0131\u015f\u0131 stratejiler kullan\u0131yor. RedFoxLotto.com&#8217;a y\u00f6nlendiren ortakl\u0131k ba\u011flant\u0131lar\u0131 i\u00e7eren kendi piyango web sitelerini kurdular. Ard\u0131ndan, web sitelerini tan\u0131tan bro\u015f\u00fcrler, kartvizitler ve di\u011fer pazarlama materyalleri da\u011f\u0131t\u0131rlar, b\u00f6ylece RedFoxLotto.com&#8217;a trafik ve nihayetinde sat\u0131\u015flar sa\u011flarlar.<\/p>\n","protected":false},"excerpt":{"rendered":"<p>\u00dcr\u00fcn\u00fcm\u00fcz nedir? RedFoxLotto, \u00e7evrimi\u00e7i piyango bileti sat\u0131\u015f\u0131 yapmaktad\u0131r. M\u00fc\u015fterilerimize, ABD Mega Millions ve Powerball gibi b\u00fcy\u00fck ikramiyeli piyangolara ve EuroMillions, EuroJackpot ve SuperEnalotto gibi b\u00fcy\u00fck Avrupa piyangolar\u0131na kat\u0131lma imkan\u0131 sunuyoruz. M\u00fc\u015fterilerimiz, bizim arac\u0131l\u0131\u011f\u0131m\u0131zla kendi \u00fclkelerinden ba\u015fka \u00fclkelerdeki piyangolar i\u00e7in bilet sat\u0131n alabilirler. Bunu m\u00fcmk\u00fcn k\u0131lmak i\u00e7in, piyangolar\u0131n d\u00fczenlendi\u011fi \u00fclkelerde bulunan<\/p>\n<p><a href=\"https:\/\/redfoxaffiliates.com\/tr\/neden-piyango-ortagi-olunmali\/\" class=\"more-link\">Continue Reading<span class=\"screen-reader-text\">Neden piyango orta\u011f\u0131 olunmal\u0131?<\/span><\/a><\/p>\n","protected":false},"author":1,"featured_media":0,"parent":0,"menu_order":1,"comment_status":"closed","ping_status":"closed","template":"","meta":{"footnotes":""},"class_list":["post-249","page","type-page","status-publish","hentry"],"yoast_head":"<!-- This site is optimized with the Yoast SEO plugin v22.4 - https:\/\/yoast.com\/wordpress\/plugins\/seo\/ -->\n<title>Neden RedFoxLotto ortakl\u0131k program\u0131na kat\u0131lmal\u0131s\u0131n\u0131z?<\/title>\n<meta name=\"description\" content=\"Bize kat\u0131lmak ve RedFoxLotto orta\u011f\u0131 ve sat\u0131\u015f orta\u011f\u0131 olmak i\u00e7in nedenler. Tavsiye etti\u011finiz m\u00fc\u015fterilerin her sat\u0131\u015f\u0131ndan \u00f6m\u00fcr boyu komisyon kazan\u0131n!\" \/>\n<meta name=\"robots\" content=\"index, follow, max-snippet:-1, max-image-preview:large, max-video-preview:-1\" \/>\n<link rel=\"canonical\" href=\"https:\/\/redfoxaffiliates.com\/why-become-a-lottery-affiliate\/\" \/>\n<meta property=\"og:locale\" content=\"tr_TR\" \/>\n<meta property=\"og:type\" content=\"article\" \/>\n<meta property=\"og:title\" content=\"Neden RedFoxLotto ortakl\u0131k program\u0131na kat\u0131lmal\u0131s\u0131n\u0131z?\" \/>\n<meta property=\"og:description\" content=\"Bize kat\u0131lmak ve RedFoxLotto orta\u011f\u0131 ve sat\u0131\u015f orta\u011f\u0131 olmak i\u00e7in nedenler. Tavsiye etti\u011finiz m\u00fc\u015fterilerin her sat\u0131\u015f\u0131ndan \u00f6m\u00fcr boyu komisyon kazan\u0131n!\" \/>\n<meta property=\"og:url\" content=\"https:\/\/redfoxaffiliates.com\/why-become-a-lottery-affiliate\/\" \/>\n<meta property=\"og:site_name\" content=\"RedFoxLotto Affiliate Program\" \/>\n<meta name=\"twitter:card\" content=\"summary_large_image\" \/>\n<meta name=\"twitter:label1\" content=\"Tahmini okuma s\u00fcresi\" \/>\n\t<meta name=\"twitter:data1\" content=\"3 dakika\" \/>\n<script type=\"application\/ld+json\" class=\"yoast-schema-graph\">{\"@context\":\"https:\/\/schema.org\",\"@graph\":[{\"@type\":\"WebPage\",\"@id\":\"https:\/\/redfoxaffiliates.com\/why-become-a-lottery-affiliate\/\",\"url\":\"https:\/\/redfoxaffiliates.com\/why-become-a-lottery-affiliate\/\",\"name\":\"Neden RedFoxLotto ortakl\u0131k program\u0131na kat\u0131lmal\u0131s\u0131n\u0131z?\",\"isPartOf\":{\"@id\":\"https:\/\/redfoxaffiliates.com\/#website\"},\"datePublished\":\"2023-07-15T11:33:10+00:00\",\"dateModified\":\"2023-07-15T11:33:10+00:00\",\"description\":\"Bize kat\u0131lmak ve RedFoxLotto orta\u011f\u0131 ve sat\u0131\u015f orta\u011f\u0131 olmak i\u00e7in nedenler. Tavsiye etti\u011finiz m\u00fc\u015fterilerin her sat\u0131\u015f\u0131ndan \u00f6m\u00fcr boyu komisyon kazan\u0131n!\",\"breadcrumb\":{\"@id\":\"https:\/\/redfoxaffiliates.com\/why-become-a-lottery-affiliate\/#breadcrumb\"},\"inLanguage\":\"tr\",\"potentialAction\":[{\"@type\":\"ReadAction\",\"target\":[\"https:\/\/redfoxaffiliates.com\/why-become-a-lottery-affiliate\/\"]}]},{\"@type\":\"BreadcrumbList\",\"@id\":\"https:\/\/redfoxaffiliates.com\/why-become-a-lottery-affiliate\/#breadcrumb\",\"itemListElement\":[{\"@type\":\"ListItem\",\"position\":1,\"name\":\"Home\",\"item\":\"https:\/\/redfoxaffiliates.com\/tr\/ana-sayfa\/\"},{\"@type\":\"ListItem\",\"position\":2,\"name\":\"Neden piyango orta\u011f\u0131 olunmal\u0131?\"}]},{\"@type\":\"WebSite\",\"@id\":\"https:\/\/redfoxaffiliates.com\/#website\",\"url\":\"https:\/\/redfoxaffiliates.com\/\",\"name\":\"RedFoxLotto Affiliate Program\",\"description\":\"The site for marketing partners of RedFoxLotto.com\",\"potentialAction\":[{\"@type\":\"SearchAction\",\"target\":{\"@type\":\"EntryPoint\",\"urlTemplate\":\"https:\/\/redfoxaffiliates.com\/?s={search_term_string}\"},\"query-input\":\"required name=search_term_string\"}],\"inLanguage\":\"tr\"}]}<\/script>\n<!-- \/ Yoast SEO plugin. -->","yoast_head_json":{"title":"Neden RedFoxLotto ortakl\u0131k program\u0131na kat\u0131lmal\u0131s\u0131n\u0131z?","description":"Bize kat\u0131lmak ve RedFoxLotto orta\u011f\u0131 ve sat\u0131\u015f orta\u011f\u0131 olmak i\u00e7in nedenler. Tavsiye etti\u011finiz m\u00fc\u015fterilerin her sat\u0131\u015f\u0131ndan \u00f6m\u00fcr boyu komisyon kazan\u0131n!","robots":{"index":"index","follow":"follow","max-snippet":"max-snippet:-1","max-image-preview":"max-image-preview:large","max-video-preview":"max-video-preview:-1"},"canonical":"https:\/\/redfoxaffiliates.com\/why-become-a-lottery-affiliate\/","og_locale":"tr_TR","og_type":"article","og_title":"Neden RedFoxLotto ortakl\u0131k program\u0131na kat\u0131lmal\u0131s\u0131n\u0131z?","og_description":"Bize kat\u0131lmak ve RedFoxLotto orta\u011f\u0131 ve sat\u0131\u015f orta\u011f\u0131 olmak i\u00e7in nedenler. Tavsiye etti\u011finiz m\u00fc\u015fterilerin her sat\u0131\u015f\u0131ndan \u00f6m\u00fcr boyu komisyon kazan\u0131n!","og_url":"https:\/\/redfoxaffiliates.com\/why-become-a-lottery-affiliate\/","og_site_name":"RedFoxLotto Affiliate Program","twitter_card":"summary_large_image","twitter_misc":{"Tahmini okuma s\u00fcresi":"3 dakika"},"schema":{"@context":"https:\/\/schema.org","@graph":[{"@type":"WebPage","@id":"https:\/\/redfoxaffiliates.com\/why-become-a-lottery-affiliate\/","url":"https:\/\/redfoxaffiliates.com\/why-become-a-lottery-affiliate\/","name":"Neden RedFoxLotto ortakl\u0131k program\u0131na kat\u0131lmal\u0131s\u0131n\u0131z?","isPartOf":{"@id":"https:\/\/redfoxaffiliates.com\/#website"},"datePublished":"2023-07-15T11:33:10+00:00","dateModified":"2023-07-15T11:33:10+00:00","description":"Bize kat\u0131lmak ve RedFoxLotto orta\u011f\u0131 ve sat\u0131\u015f orta\u011f\u0131 olmak i\u00e7in nedenler. Tavsiye etti\u011finiz m\u00fc\u015fterilerin her sat\u0131\u015f\u0131ndan \u00f6m\u00fcr boyu komisyon kazan\u0131n!","breadcrumb":{"@id":"https:\/\/redfoxaffiliates.com\/why-become-a-lottery-affiliate\/#breadcrumb"},"inLanguage":"tr","potentialAction":[{"@type":"ReadAction","target":["https:\/\/redfoxaffiliates.com\/why-become-a-lottery-affiliate\/"]}]},{"@type":"BreadcrumbList","@id":"https:\/\/redfoxaffiliates.com\/why-become-a-lottery-affiliate\/#breadcrumb","itemListElement":[{"@type":"ListItem","position":1,"name":"Home","item":"https:\/\/redfoxaffiliates.com\/tr\/ana-sayfa\/"},{"@type":"ListItem","position":2,"name":"Neden piyango orta\u011f\u0131 olunmal\u0131?"}]},{"@type":"WebSite","@id":"https:\/\/redfoxaffiliates.com\/#website","url":"https:\/\/redfoxaffiliates.com\/","name":"RedFoxLotto Affiliate Program","description":"The site for marketing partners of RedFoxLotto.com","potentialAction":[{"@type":"SearchAction","target":{"@type":"EntryPoint","urlTemplate":"https:\/\/redfoxaffiliates.com\/?s={search_term_string}"},"query-input":"required name=search_term_string"}],"inLanguage":"tr"}]}},"_links":{"self":[{"href":"https:\/\/redfoxaffiliates.com\/tr\/wp-json\/wp\/v2\/pages\/249","targetHints":{"allow":["GET"]}}],"collection":[{"href":"https:\/\/redfoxaffiliates.com\/tr\/wp-json\/wp\/v2\/pages"}],"about":[{"href":"https:\/\/redfoxaffiliates.com\/tr\/wp-json\/wp\/v2\/types\/page"}],"author":[{"embeddable":true,"href":"https:\/\/redfoxaffiliates.com\/tr\/wp-json\/wp\/v2\/users\/1"}],"replies":[{"embeddable":true,"href":"https:\/\/redfoxaffiliates.com\/tr\/wp-json\/wp\/v2\/comments?post=249"}],"version-history":[{"count":0,"href":"https:\/\/redfoxaffiliates.com\/tr\/wp-json\/wp\/v2\/pages\/249\/revisions"}],"wp:attachment":[{"href":"https:\/\/redfoxaffiliates.com\/tr\/wp-json\/wp\/v2\/media?parent=249"}],"curies":[{"name":"wp","href":"https:\/\/api.w.org\/{rel}","templated":true}]}}