{"id":198,"date":"2023-07-15T08:09:36","date_gmt":"2023-07-15T06:09:36","guid":{"rendered":"https:\/\/redfoxaffiliates.com\/ana-sayfa\/"},"modified":"2026-01-03T11:06:42","modified_gmt":"2026-01-03T10:06:42","slug":"ana-sayfa","status":"publish","type":"page","link":"https:\/\/redfoxaffiliates.com\/tr\/","title":{"rendered":"Ana Sayfa"},"content":{"rendered":"&#13;\n<p>RedFoxAffiliates.com, RedFoxLotto.com i\u00e7in ortakl\u0131k program\u0131d\u0131r. RedFoxLotto, piyango biletleri i\u00e7in bir kurye hizmetidir. RedFoxLotto.com web sitesi arac\u0131l\u0131\u011f\u0131yla, d\u00fcnyan\u0131n her yerinden piyango hayranlar\u0131 \u00e7ok say\u0131da uluslararas\u0131 piyango i\u00e7in ger\u00e7ek bilet sipari\u015f edebilir.<\/p>&#13;\n<h2>Trafik getirebilir misiniz?<\/h2>&#13;\n<p>Web sitemize trafik (yeni potansiyel m\u00fc\u015fteriler) \u00e7ekebilirseniz, komisyon kazan\u0131rs\u0131n\u0131z. Siz bize trafik g\u00f6nderirsiniz, biz de onu d\u00f6n\u00fc\u015ft\u00fcr\u00fcr\u00fcz. Daha fazla trafik, daha fazla \u00f6deme yapan m\u00fc\u015fteri ve sizin i\u00e7in daha y\u00fcksek komisyonlar anlam\u0131na gelir.&#13;\n<\/p>&#13;\n<h2>Piyango bileti hizmetimiz, \u00e7evrimi\u00e7i tan\u0131t\u0131m i\u00e7in ideal bir \u00fcr\u00fcnd\u00fcr.<\/h2>&#13;\n<p>D\u00fcnyan\u0131n her yerinden herkesin bildi\u011fi basit bir \u00fcr\u00fcnd\u00fcr. B\u00fcy\u00fck ikramiyeler, k\u00fcresel bir kitlenin b\u00fcy\u00fck ilgisini \u00e7ekmektedir.&#13;\n<\/p>&#13;\n<h2>Kolay d\u00f6n\u00fc\u015f\u00fcm &#8211; ziyaret\u00e7iden m\u00fc\u015fteriye<\/h2>&#13;\n<p>Sitemiz \u00fczerinden \u00e7evrimi\u00e7i bilet almak son derece kolayd\u0131r. redfoxlotto.com&#8217;a kaydolmak sadece birka\u00e7 saniye s\u00fcrer, bilet sipari\u015fi vermek ve \u00e7evrimi\u00e7i \u00f6deme yapmak da ayn\u0131 derecede h\u0131zl\u0131 ve kolayd\u0131r. Ziyaret\u00e7ilerinizi bize y\u00f6nlendirin, biz de onlar\u0131 d\u00f6n\u00fc\u015ft\u00fcrelim.&#13;\n<\/p>&#13;\n<h2>M\u00fc\u015fterilerimiz sad\u0131kt\u0131r &#8211; geri gelirler ve uzun s\u00fcre daha fazla bilet sat\u0131n al\u0131rlar.<\/h2>&#13;\n<p>Ziyaret\u00e7ileriniz ilk sat\u0131n al\u0131mlar\u0131n\u0131 yapt\u0131ktan sonra, ek biletler sat\u0131n almak i\u00e7in geri gelmeye devam ederler. M\u00fc\u015fterilerimizin \u00e7o\u011fu on y\u0131l veya daha uzun s\u00fcredir bizimle birlikte. Bize bir m\u00fc\u015fteri y\u00f6nlendirirseniz, o m\u00fc\u015fterinin sat\u0131n al\u0131mlar\u0131ndan y\u0131llarca komisyon kazanma olas\u0131l\u0131\u011f\u0131n\u0131z y\u00fcksektir!&#13;\n<\/p>&#13;\n<p>\u015eimdi ortakl\u0131k program\u0131m\u0131za kaydolun. Kat\u0131l\u0131m \u00fccretsizdir. Sorular\u0131n\u0131z varsa \u00f6nce SSS sayfam\u0131z\u0131 kontrol edin. Ba\u015fka sorular\u0131n\u0131z varsa bizimle ileti\u015fime ge\u00e7in.&#13;\n<\/p>&#13;\n<p>Ortakl\u0131k program\u0131m\u0131za kat\u0131lmak i\u00e7in bu ba\u011flant\u0131y\u0131 takip edin. Kaydolduktan sonra bizden bir e-posta alacaks\u0131n\u0131z. L\u00fctfen bu e-postadaki onay ba\u011flant\u0131s\u0131n\u0131 t\u0131klamay\u0131 unutmay\u0131n. Kayd\u0131n\u0131z incelenecek ve ortakl\u0131k hesab\u0131n\u0131z 48 saat i\u00e7inde etkinle\u015ftirilecektir.<\/p>&#13;\n<p>\u00a0<\/p>&#13;\n","protected":false},"excerpt":{"rendered":"<p>&#13; RedFoxAffiliates.com, RedFoxLotto.com i\u00e7in ortakl\u0131k program\u0131d\u0131r. RedFoxLotto, piyango biletleri i\u00e7in bir kurye hizmetidir. RedFoxLotto.com web sitesi arac\u0131l\u0131\u011f\u0131yla, d\u00fcnyan\u0131n her yerinden piyango hayranlar\u0131 \u00e7ok say\u0131da uluslararas\u0131 piyango i\u00e7in ger\u00e7ek bilet sipari\u015f edebilir. &#13; Trafik getirebilir misiniz? &#13; Web sitemize trafik (yeni potansiyel m\u00fc\u015fteriler) \u00e7ekebilirseniz, komisyon kazan\u0131rs\u0131n\u0131z. Siz bize trafik g\u00f6nderirsiniz, biz<\/p>\n<p><a href=\"https:\/\/redfoxaffiliates.com\/tr\/\" class=\"more-link\">Continue Reading<span class=\"screen-reader-text\">Ana Sayfa<\/span><\/a><\/p>\n","protected":false},"author":1,"featured_media":0,"parent":0,"menu_order":0,"comment_status":"closed","ping_status":"closed","template":"","meta":{"footnotes":""},"class_list":["post-198","page","type-page","status-publish","hentry"],"yoast_head":"<!-- This site is optimized with the Yoast SEO plugin v22.4 - https:\/\/yoast.com\/wordpress\/plugins\/seo\/ -->\n<title>RedFoxLotto.com i\u00e7in ortakl\u0131k program\u0131<\/title>\n<meta name=\"description\" content=\"Ortakl\u0131k program\u0131m\u0131z, RedFoxLotto ortaklar\u0131n\u0131n tavsiye ettikleri ki\u015filerden komisyon kazanmalar\u0131n\u0131 sa\u011flar. Sat\u0131\u015f orta\u011f\u0131 olun ve \u00e7evrimi\u00e7i piyango bileti hizmetimizi tan\u0131tmaya bug\u00fcn ba\u015flay\u0131n!\" \/>\n<meta name=\"robots\" content=\"index, follow, max-snippet:-1, max-image-preview:large, max-video-preview:-1\" \/>\n<link rel=\"canonical\" href=\"https:\/\/redfoxaffiliates.com\/tr\/ana-sayfa\/\" \/>\n<meta property=\"og:locale\" content=\"tr_TR\" \/>\n<meta property=\"og:type\" content=\"article\" \/>\n<meta property=\"og:title\" content=\"RedFoxLotto.com i\u00e7in ortakl\u0131k program\u0131\" \/>\n<meta property=\"og:description\" content=\"Ortakl\u0131k program\u0131m\u0131z, RedFoxLotto ortaklar\u0131n\u0131n tavsiye ettikleri ki\u015filerden komisyon kazanmalar\u0131n\u0131 sa\u011flar. Sat\u0131\u015f orta\u011f\u0131 olun ve \u00e7evrimi\u00e7i piyango bileti hizmetimizi tan\u0131tmaya bug\u00fcn ba\u015flay\u0131n!\" \/>\n<meta property=\"og:url\" content=\"https:\/\/redfoxaffiliates.com\/tr\/ana-sayfa\/\" \/>\n<meta property=\"og:site_name\" content=\"RedFoxLotto Affiliate Program\" \/>\n<meta property=\"article:modified_time\" content=\"2026-01-03T10:06:42+00:00\" \/>\n<meta name=\"twitter:card\" content=\"summary_large_image\" \/>\n<meta name=\"twitter:label1\" content=\"Tahmini okuma s\u00fcresi\" \/>\n\t<meta name=\"twitter:data1\" content=\"2 dakika\" \/>\n<script type=\"application\/ld+json\" class=\"yoast-schema-graph\">{\"@context\":\"https:\/\/schema.org\",\"@graph\":[{\"@type\":\"WebPage\",\"@id\":\"https:\/\/redfoxaffiliates.com\/tr\/ana-sayfa\/\",\"url\":\"https:\/\/redfoxaffiliates.com\/tr\/ana-sayfa\/\",\"name\":\"RedFoxLotto.com i\u00e7in ortakl\u0131k program\u0131\",\"isPartOf\":{\"@id\":\"https:\/\/redfoxaffiliates.com\/#website\"},\"datePublished\":\"2023-07-15T06:09:36+00:00\",\"dateModified\":\"2026-01-03T10:06:42+00:00\",\"description\":\"Ortakl\u0131k program\u0131m\u0131z, RedFoxLotto ortaklar\u0131n\u0131n tavsiye ettikleri ki\u015filerden komisyon kazanmalar\u0131n\u0131 sa\u011flar. Sat\u0131\u015f orta\u011f\u0131 olun ve \u00e7evrimi\u00e7i piyango bileti hizmetimizi tan\u0131tmaya bug\u00fcn ba\u015flay\u0131n!\",\"breadcrumb\":{\"@id\":\"https:\/\/redfoxaffiliates.com\/tr\/ana-sayfa\/#breadcrumb\"},\"inLanguage\":\"tr\",\"potentialAction\":[{\"@type\":\"ReadAction\",\"target\":[\"https:\/\/redfoxaffiliates.com\/tr\/ana-sayfa\/\"]}]},{\"@type\":\"BreadcrumbList\",\"@id\":\"https:\/\/redfoxaffiliates.com\/tr\/ana-sayfa\/#breadcrumb\",\"itemListElement\":[{\"@type\":\"ListItem\",\"position\":1,\"name\":\"Home\",\"item\":\"https:\/\/redfoxaffiliates.com\/tr\/ana-sayfa\/\"},{\"@type\":\"ListItem\",\"position\":2,\"name\":\"Ana Sayfa\"}]},{\"@type\":\"WebSite\",\"@id\":\"https:\/\/redfoxaffiliates.com\/#website\",\"url\":\"https:\/\/redfoxaffiliates.com\/\",\"name\":\"RedFoxLotto Affiliate Program\",\"description\":\"The site for marketing partners of RedFoxLotto.com\",\"potentialAction\":[{\"@type\":\"SearchAction\",\"target\":{\"@type\":\"EntryPoint\",\"urlTemplate\":\"https:\/\/redfoxaffiliates.com\/?s={search_term_string}\"},\"query-input\":\"required name=search_term_string\"}],\"inLanguage\":\"tr\"}]}<\/script>\n<!-- \/ Yoast SEO plugin. -->","yoast_head_json":{"title":"RedFoxLotto.com i\u00e7in ortakl\u0131k program\u0131","description":"Ortakl\u0131k program\u0131m\u0131z, RedFoxLotto ortaklar\u0131n\u0131n tavsiye ettikleri ki\u015filerden komisyon kazanmalar\u0131n\u0131 sa\u011flar. Sat\u0131\u015f orta\u011f\u0131 olun ve \u00e7evrimi\u00e7i piyango bileti hizmetimizi tan\u0131tmaya bug\u00fcn ba\u015flay\u0131n!","robots":{"index":"index","follow":"follow","max-snippet":"max-snippet:-1","max-image-preview":"max-image-preview:large","max-video-preview":"max-video-preview:-1"},"canonical":"https:\/\/redfoxaffiliates.com\/tr\/ana-sayfa\/","og_locale":"tr_TR","og_type":"article","og_title":"RedFoxLotto.com i\u00e7in ortakl\u0131k program\u0131","og_description":"Ortakl\u0131k program\u0131m\u0131z, RedFoxLotto ortaklar\u0131n\u0131n tavsiye ettikleri ki\u015filerden komisyon kazanmalar\u0131n\u0131 sa\u011flar. Sat\u0131\u015f orta\u011f\u0131 olun ve \u00e7evrimi\u00e7i piyango bileti hizmetimizi tan\u0131tmaya bug\u00fcn ba\u015flay\u0131n!","og_url":"https:\/\/redfoxaffiliates.com\/tr\/ana-sayfa\/","og_site_name":"RedFoxLotto Affiliate Program","article_modified_time":"2026-01-03T10:06:42+00:00","twitter_card":"summary_large_image","twitter_misc":{"Tahmini okuma s\u00fcresi":"2 dakika"},"schema":{"@context":"https:\/\/schema.org","@graph":[{"@type":"WebPage","@id":"https:\/\/redfoxaffiliates.com\/tr\/ana-sayfa\/","url":"https:\/\/redfoxaffiliates.com\/tr\/ana-sayfa\/","name":"RedFoxLotto.com i\u00e7in ortakl\u0131k program\u0131","isPartOf":{"@id":"https:\/\/redfoxaffiliates.com\/#website"},"datePublished":"2023-07-15T06:09:36+00:00","dateModified":"2026-01-03T10:06:42+00:00","description":"Ortakl\u0131k program\u0131m\u0131z, RedFoxLotto ortaklar\u0131n\u0131n tavsiye ettikleri ki\u015filerden komisyon kazanmalar\u0131n\u0131 sa\u011flar. Sat\u0131\u015f orta\u011f\u0131 olun ve \u00e7evrimi\u00e7i piyango bileti hizmetimizi tan\u0131tmaya bug\u00fcn ba\u015flay\u0131n!","breadcrumb":{"@id":"https:\/\/redfoxaffiliates.com\/tr\/ana-sayfa\/#breadcrumb"},"inLanguage":"tr","potentialAction":[{"@type":"ReadAction","target":["https:\/\/redfoxaffiliates.com\/tr\/ana-sayfa\/"]}]},{"@type":"BreadcrumbList","@id":"https:\/\/redfoxaffiliates.com\/tr\/ana-sayfa\/#breadcrumb","itemListElement":[{"@type":"ListItem","position":1,"name":"Home","item":"https:\/\/redfoxaffiliates.com\/tr\/ana-sayfa\/"},{"@type":"ListItem","position":2,"name":"Ana Sayfa"}]},{"@type":"WebSite","@id":"https:\/\/redfoxaffiliates.com\/#website","url":"https:\/\/redfoxaffiliates.com\/","name":"RedFoxLotto Affiliate Program","description":"The site for marketing partners of RedFoxLotto.com","potentialAction":[{"@type":"SearchAction","target":{"@type":"EntryPoint","urlTemplate":"https:\/\/redfoxaffiliates.com\/?s={search_term_string}"},"query-input":"required name=search_term_string"}],"inLanguage":"tr"}]}},"_links":{"self":[{"href":"https:\/\/redfoxaffiliates.com\/tr\/wp-json\/wp\/v2\/pages\/198","targetHints":{"allow":["GET"]}}],"collection":[{"href":"https:\/\/redfoxaffiliates.com\/tr\/wp-json\/wp\/v2\/pages"}],"about":[{"href":"https:\/\/redfoxaffiliates.com\/tr\/wp-json\/wp\/v2\/types\/page"}],"author":[{"embeddable":true,"href":"https:\/\/redfoxaffiliates.com\/tr\/wp-json\/wp\/v2\/users\/1"}],"replies":[{"embeddable":true,"href":"https:\/\/redfoxaffiliates.com\/tr\/wp-json\/wp\/v2\/comments?post=198"}],"version-history":[{"count":1,"href":"https:\/\/redfoxaffiliates.com\/tr\/wp-json\/wp\/v2\/pages\/198\/revisions"}],"predecessor-version":[{"id":199,"href":"https:\/\/redfoxaffiliates.com\/tr\/wp-json\/wp\/v2\/pages\/198\/revisions\/199"}],"wp:attachment":[{"href":"https:\/\/redfoxaffiliates.com\/tr\/wp-json\/wp\/v2\/media?parent=198"}],"curies":[{"name":"wp","href":"https:\/\/api.w.org\/{rel}","templated":true}]}}