{"id":346,"date":"2026-01-01T21:16:49","date_gmt":"2026-01-01T20:16:49","guid":{"rendered":"https:\/\/redfoxaffiliates.com\/om-etik-i-affiliate-marknadsforingsprogram\/"},"modified":"2026-01-01T21:16:49","modified_gmt":"2026-01-01T20:16:49","slug":"om-etik-i-affiliate-marknadsforingsprogram","status":"publish","type":"page","link":"https:\/\/redfoxaffiliates.com\/sv\/om-etik-i-affiliate-marknadsforingsprogram\/","title":{"rendered":"Om etik i affiliate-marknadsf\u00f6ringsprogram"},"content":{"rendered":"<p>Du kanske blir f\u00f6rv\u00e5nad \u00f6ver att hitta en h\u00e4nvisning till etik p\u00e5 en affiliate-programs webbplats. Vi h\u00e5ller med om att det \u00e4r ovanligt.<\/p>\n<p>Men det \u00e4r ett viktigt \u00e4mne f\u00f6r oss. Tidigare affiliates driver b\u00e5de RedFoxLotto.com och detta affiliate-program. Vi har arbetat med samma f\u00f6retag som du har arbetat med (eller kanske fortfarande arbetar med). Efter mer \u00e4n 12 \u00e5r i affiliate-branschen f\u00f6r spel har vi sett mycket d\u00e5liga saker. Int\u00e4ktsminskningar, \u00e4ndringar i villkoren som resulterar i inkomstf\u00f6rluster f\u00f6r affiliate-partnern, sena eller uteblivna betalningar, att v\u00e5ra kunder stj\u00e4ls fr\u00e5n oss (eller fr\u00e5n andra affiliate-partners) \u2013 vi har sett allt.<\/p>\n<p>Tyv\u00e4rr \u00e4r detta en bransch d\u00e4r d\u00e5liga saker h\u00e4nder h\u00e5rt arbetande affiliates hela tiden. Det \u00e4r d\u00e4rf\u00f6r vi best\u00e4mde oss f\u00f6r att ta n\u00e4sta steg. Vi lanserade v\u00e5r egen produkt, RedFoxLotto.com. V\u00e5r marknadsf\u00f6ringsplan \u00e4r enkel: 100 % baserad p\u00e5 SEO och online-affiliate-marknadsf\u00f6ring.<\/p>\n<p>Eftersom vi sj\u00e4lva har varit affiliates lovar vi att driva ett 100 % etiskt och \u00e4rligt affiliateprogram. Ja, alla s\u00e4ger att vi inte kommer att g\u00f6ra det eller det. Men vi menar vad vi s\u00e4ger.<\/p>\n<p>H\u00e4r \u00e4r vad du kan f\u00f6rv\u00e4nta dig av oss<br \/>\nEn \u00f6verenskommelse \u00e4r en \u00f6verenskommelse! Det betyder att om vi s\u00e4ger att du kommer att f\u00e5 en andel av de int\u00e4kter du genererar under hela livstiden f\u00f6r de kunder du v\u00e4rvar, s\u00e5 menar vi det. Vi kommer aldrig att \u00e4ndra oss om det.<br \/>\nVi kommer aldrig att manipulera resultatrapporter f\u00f6r att minska v\u00e5ra omkostnader. Vi kommer heller aldrig att ta bort kunder fr\u00e5n ditt konto. Vi vill att du ska vara s\u00e5 framg\u00e5ngsrik som m\u00f6jligt. Du \u00e4r v\u00e5r aff\u00e4rspartner, och v\u00e5r framg\u00e5ng beror p\u00e5 dig!<br \/>\nVi betalar dig i tid. Du har ocks\u00e5 skyldigheter och utgifter, och det f\u00f6rst\u00e5r vi.<br \/>\nKontakta oss om du har n\u00e5gra fr\u00e5gor eller beh\u00f6ver v\u00e5r hj\u00e4lp. Anv\u00e4nd kontaktformul\u00e4ret i den \u00f6vre menyraden. L\u00e5t oss samarbeta och se om vi b\u00e5da kan tj\u00e4na pengar!<\/p>\n","protected":false},"excerpt":{"rendered":"<p>Du kanske blir f\u00f6rv\u00e5nad \u00f6ver att hitta en h\u00e4nvisning till etik p\u00e5 en affiliate-programs webbplats. Vi h\u00e5ller med om att det \u00e4r ovanligt. Men det \u00e4r ett viktigt \u00e4mne f\u00f6r oss. Tidigare affiliates driver b\u00e5de RedFoxLotto.com och detta affiliate-program. Vi har arbetat med samma f\u00f6retag som du har arbetat med<\/p>\n<p><a href=\"https:\/\/redfoxaffiliates.com\/sv\/om-etik-i-affiliate-marknadsforingsprogram\/\" class=\"more-link\">Continue Reading<span class=\"screen-reader-text\">Om etik i affiliate-marknadsf\u00f6ringsprogram<\/span><\/a><\/p>\n","protected":false},"author":1,"featured_media":0,"parent":0,"menu_order":7,"comment_status":"closed","ping_status":"closed","template":"","meta":{"footnotes":""},"class_list":["post-346","page","type-page","status-publish","hentry"],"yoast_head":"<!-- This site is optimized with the Yoast SEO plugin v22.4 - https:\/\/yoast.com\/wordpress\/plugins\/seo\/ -->\n<title>Etik och affiliate-marknadsf\u00f6ring p\u00e5 lotterimarknaden<\/title>\n<meta name=\"description\" content=\"Det finns m\u00e5nga affiliate-program f\u00f6r lotterier som stj\u00e4l pengar fr\u00e5n sina affiliates. Det \u00e4r d\u00e4rf\u00f6r \u00e4mnet etisk aff\u00e4rsverksamhet \u00e4r viktigt f\u00f6r oss.\" \/>\n<meta name=\"robots\" content=\"index, follow, max-snippet:-1, max-image-preview:large, max-video-preview:-1\" \/>\n<link rel=\"canonical\" href=\"https:\/\/redfoxaffiliates.com\/ethics-and-affiliate-marketing-programs\/\" \/>\n<meta property=\"og:locale\" content=\"sv_SE\" \/>\n<meta property=\"og:type\" content=\"article\" \/>\n<meta property=\"og:title\" content=\"Etik och affiliate-marknadsf\u00f6ring p\u00e5 lotterimarknaden\" \/>\n<meta property=\"og:description\" content=\"Det finns m\u00e5nga affiliate-program f\u00f6r lotterier som stj\u00e4l pengar fr\u00e5n sina affiliates. Det \u00e4r d\u00e4rf\u00f6r \u00e4mnet etisk aff\u00e4rsverksamhet \u00e4r viktigt f\u00f6r oss.\" \/>\n<meta property=\"og:url\" content=\"https:\/\/redfoxaffiliates.com\/ethics-and-affiliate-marketing-programs\/\" \/>\n<meta property=\"og:site_name\" content=\"RedFoxLotto Affiliate Program\" \/>\n<meta name=\"twitter:card\" content=\"summary_large_image\" \/>\n<meta name=\"twitter:label1\" content=\"Ber\u00e4knad l\u00e4stid\" \/>\n\t<meta name=\"twitter:data1\" content=\"2 minuter\" \/>\n<script type=\"application\/ld+json\" class=\"yoast-schema-graph\">{\"@context\":\"https:\/\/schema.org\",\"@graph\":[{\"@type\":\"WebPage\",\"@id\":\"https:\/\/redfoxaffiliates.com\/ethics-and-affiliate-marketing-programs\/\",\"url\":\"https:\/\/redfoxaffiliates.com\/ethics-and-affiliate-marketing-programs\/\",\"name\":\"Etik och affiliate-marknadsf\u00f6ring p\u00e5 lotterimarknaden\",\"isPartOf\":{\"@id\":\"https:\/\/redfoxaffiliates.com\/#website\"},\"datePublished\":\"2026-01-01T20:16:49+00:00\",\"dateModified\":\"2026-01-01T20:16:49+00:00\",\"description\":\"Det finns m\u00e5nga affiliate-program f\u00f6r lotterier som stj\u00e4l pengar fr\u00e5n sina affiliates. Det \u00e4r d\u00e4rf\u00f6r \u00e4mnet etisk aff\u00e4rsverksamhet \u00e4r viktigt f\u00f6r oss.\",\"breadcrumb\":{\"@id\":\"https:\/\/redfoxaffiliates.com\/ethics-and-affiliate-marketing-programs\/#breadcrumb\"},\"inLanguage\":\"sv-SE\",\"potentialAction\":[{\"@type\":\"ReadAction\",\"target\":[\"https:\/\/redfoxaffiliates.com\/ethics-and-affiliate-marketing-programs\/\"]}]},{\"@type\":\"BreadcrumbList\",\"@id\":\"https:\/\/redfoxaffiliates.com\/ethics-and-affiliate-marketing-programs\/#breadcrumb\",\"itemListElement\":[{\"@type\":\"ListItem\",\"position\":1,\"name\":\"Home\",\"item\":\"https:\/\/redfoxaffiliates.com\/sv\/hem\/\"},{\"@type\":\"ListItem\",\"position\":2,\"name\":\"Om etik i affiliate-marknadsf\u00f6ringsprogram\"}]},{\"@type\":\"WebSite\",\"@id\":\"https:\/\/redfoxaffiliates.com\/#website\",\"url\":\"https:\/\/redfoxaffiliates.com\/\",\"name\":\"RedFoxLotto Affiliate Program\",\"description\":\"The site for marketing partners of RedFoxLotto.com\",\"potentialAction\":[{\"@type\":\"SearchAction\",\"target\":{\"@type\":\"EntryPoint\",\"urlTemplate\":\"https:\/\/redfoxaffiliates.com\/?s={search_term_string}\"},\"query-input\":\"required name=search_term_string\"}],\"inLanguage\":\"sv-SE\"}]}<\/script>\n<!-- \/ Yoast SEO plugin. -->","yoast_head_json":{"title":"Etik och affiliate-marknadsf\u00f6ring p\u00e5 lotterimarknaden","description":"Det finns m\u00e5nga affiliate-program f\u00f6r lotterier som stj\u00e4l pengar fr\u00e5n sina affiliates. Det \u00e4r d\u00e4rf\u00f6r \u00e4mnet etisk aff\u00e4rsverksamhet \u00e4r viktigt f\u00f6r oss.","robots":{"index":"index","follow":"follow","max-snippet":"max-snippet:-1","max-image-preview":"max-image-preview:large","max-video-preview":"max-video-preview:-1"},"canonical":"https:\/\/redfoxaffiliates.com\/ethics-and-affiliate-marketing-programs\/","og_locale":"sv_SE","og_type":"article","og_title":"Etik och affiliate-marknadsf\u00f6ring p\u00e5 lotterimarknaden","og_description":"Det finns m\u00e5nga affiliate-program f\u00f6r lotterier som stj\u00e4l pengar fr\u00e5n sina affiliates. Det \u00e4r d\u00e4rf\u00f6r \u00e4mnet etisk aff\u00e4rsverksamhet \u00e4r viktigt f\u00f6r oss.","og_url":"https:\/\/redfoxaffiliates.com\/ethics-and-affiliate-marketing-programs\/","og_site_name":"RedFoxLotto Affiliate Program","twitter_card":"summary_large_image","twitter_misc":{"Ber\u00e4knad l\u00e4stid":"2 minuter"},"schema":{"@context":"https:\/\/schema.org","@graph":[{"@type":"WebPage","@id":"https:\/\/redfoxaffiliates.com\/ethics-and-affiliate-marketing-programs\/","url":"https:\/\/redfoxaffiliates.com\/ethics-and-affiliate-marketing-programs\/","name":"Etik och affiliate-marknadsf\u00f6ring p\u00e5 lotterimarknaden","isPartOf":{"@id":"https:\/\/redfoxaffiliates.com\/#website"},"datePublished":"2026-01-01T20:16:49+00:00","dateModified":"2026-01-01T20:16:49+00:00","description":"Det finns m\u00e5nga affiliate-program f\u00f6r lotterier som stj\u00e4l pengar fr\u00e5n sina affiliates. Det \u00e4r d\u00e4rf\u00f6r \u00e4mnet etisk aff\u00e4rsverksamhet \u00e4r viktigt f\u00f6r oss.","breadcrumb":{"@id":"https:\/\/redfoxaffiliates.com\/ethics-and-affiliate-marketing-programs\/#breadcrumb"},"inLanguage":"sv-SE","potentialAction":[{"@type":"ReadAction","target":["https:\/\/redfoxaffiliates.com\/ethics-and-affiliate-marketing-programs\/"]}]},{"@type":"BreadcrumbList","@id":"https:\/\/redfoxaffiliates.com\/ethics-and-affiliate-marketing-programs\/#breadcrumb","itemListElement":[{"@type":"ListItem","position":1,"name":"Home","item":"https:\/\/redfoxaffiliates.com\/sv\/hem\/"},{"@type":"ListItem","position":2,"name":"Om etik i affiliate-marknadsf\u00f6ringsprogram"}]},{"@type":"WebSite","@id":"https:\/\/redfoxaffiliates.com\/#website","url":"https:\/\/redfoxaffiliates.com\/","name":"RedFoxLotto Affiliate Program","description":"The site for marketing partners of RedFoxLotto.com","potentialAction":[{"@type":"SearchAction","target":{"@type":"EntryPoint","urlTemplate":"https:\/\/redfoxaffiliates.com\/?s={search_term_string}"},"query-input":"required name=search_term_string"}],"inLanguage":"sv-SE"}]}},"_links":{"self":[{"href":"https:\/\/redfoxaffiliates.com\/sv\/wp-json\/wp\/v2\/pages\/346","targetHints":{"allow":["GET"]}}],"collection":[{"href":"https:\/\/redfoxaffiliates.com\/sv\/wp-json\/wp\/v2\/pages"}],"about":[{"href":"https:\/\/redfoxaffiliates.com\/sv\/wp-json\/wp\/v2\/types\/page"}],"author":[{"embeddable":true,"href":"https:\/\/redfoxaffiliates.com\/sv\/wp-json\/wp\/v2\/users\/1"}],"replies":[{"embeddable":true,"href":"https:\/\/redfoxaffiliates.com\/sv\/wp-json\/wp\/v2\/comments?post=346"}],"version-history":[{"count":0,"href":"https:\/\/redfoxaffiliates.com\/sv\/wp-json\/wp\/v2\/pages\/346\/revisions"}],"wp:attachment":[{"href":"https:\/\/redfoxaffiliates.com\/sv\/wp-json\/wp\/v2\/media?parent=346"}],"curies":[{"name":"wp","href":"https:\/\/api.w.org\/{rel}","templated":true}]}}