{"id":340,"date":"2026-01-01T21:15:19","date_gmt":"2026-01-01T20:15:19","guid":{"rendered":"https:\/\/redfoxaffiliates.com\/hur-man-startar-en-online-affiliateverksamhet\/"},"modified":"2026-01-01T21:15:19","modified_gmt":"2026-01-01T20:15:19","slug":"hur-man-startar-en-online-affiliateverksamhet","status":"publish","type":"page","link":"https:\/\/redfoxaffiliates.com\/sv\/hur-man-startar-en-online-affiliateverksamhet\/","title":{"rendered":"Hur man startar en online-affiliateverksamhet"},"content":{"rendered":"<h2>Vad \u00e4r affiliate-marknadsf\u00f6ring?<\/h2>\n<p>M\u00e5nga online-leverant\u00f6rer har s\u00e5 kallade affiliateprogram. Vem som helst kan skapa ett affiliate-konto d\u00e4r och b\u00f6rja marknadsf\u00f6ra sina produkter online. Arrang\u00f6ren (du) f\u00e5r provision f\u00f6r att h\u00e4nvisa betalande kunder till leverant\u00f6ren.<\/p>\n<p>Kolla menyn till h\u00f6ger. D\u00e4r finns en l\u00e4nk till en PDF-nyb\u00f6rjarhandledning om hur man kommer ig\u00e5ng med ett affiliate-f\u00f6retag, fr\u00e5n grunden och med minimal investering.<\/p>\n<h2>Hur f\u00e5r du betalt?<\/h2>\n<p>N\u00e4r du har registrerat dig i affiliateprogrammet kan du ladda ner s\u00e5 kallade sp\u00e5rningsl\u00e4nkar och\/eller banners med &#8221;sp\u00e5rade l\u00e4nkar&#8221; p\u00e5 affiliate-webbplatsen. Dessa kan b\u00e4ddas in p\u00e5 din webbplats, och n\u00e4r en bes\u00f6kare klickar p\u00e5 l\u00e4nken vet s\u00e4ljaren vilken affiliate som h\u00e4nvisade kunden baserat p\u00e5 ID-numret i l\u00e4nken.<\/p>\n<p>Det finns tv\u00e5 grundl\u00e4ggande modeller f\u00f6r ditt samarbete med affiliateprogrammet:<\/p>\n<p>CPA (Cost per Acquisition), d\u00e4r affiliaten f\u00e5r ett fast belopp n\u00e4r en ny kund n\u00e5r en definierad f\u00f6rs\u00e4ljningstr\u00f6skel.<\/p>\n<p>Revenue Share (\u00e4ven ofta kallad MGR), d\u00e4r affiliaten f\u00e5r betalt en procentandel av f\u00f6rs\u00e4ljningsint\u00e4kterna. Beroende p\u00e5 villkoren kommer du att f\u00e5 en provisionsprocent p\u00e5 all framtida f\u00f6rs\u00e4ljning, eller bara under en viss period.<\/p>\n<h2>Hur marknadsf\u00f6r du dessa leverant\u00f6rer?<\/h2>\n<p>Det du beh\u00f6ver mest f\u00f6r att b\u00f6rja med affiliate-marknadsf\u00f6ring \u00e4r en webbplats som driver trafik. Se stycket &#8221;G\u00f6r en plan&#8221; nedan! Att f\u00e5 &#8221;trafik&#8221; till din webbplats \u00e4r det viktigaste.<\/p>\n<p>Den webbplatsen kan antingen vara en webbplats relaterad till en specifik produkt (den produkt du vill marknadsf\u00f6ra) eller bara en webbplats om vilket \u00e4mne som helst, s\u00e5 l\u00e4nge den genererar tillr\u00e4ckligt med trafik. Exempel: Du bygger en webbplats om ett \u00e4mne du k\u00e4nner v\u00e4l till, till exempel dykning. Du skriver bra inneh\u00e5ll och folk bes\u00f6ker din webbplats. Sedan b\u00f6rjar du marknadsf\u00f6ra en online-f\u00f6rs\u00e4ljningssajt som specialiserar sig p\u00e5 dykutrustning. Varje g\u00e5ng en bes\u00f6kare g\u00e5r fr\u00e5n din webbplats till s\u00e4ljarens webbplats och k\u00f6per n\u00e5got f\u00e5r du provision.<\/p>\n<h2>Marknadsf\u00f6ring i sociala medier<\/h2>\n<p>Om du har en publik p\u00e5 sociala medier kanske du inte ens beh\u00f6ver en webbplats. Du kan anv\u00e4nda samma sp\u00e5rade affiliate-l\u00e4nkar f\u00f6r att b\u00f6rja marknadsf\u00f6ra s\u00e4ljarens produkter. Och om din publik \u00e4r global, desto b\u00e4ttre. M\u00e5nga l\u00e4nder har lotterier med l\u00e5ga utbetalningar, eller inga lotterier alls. Inv\u00e5nare i dessa l\u00e4nder \u00e4r den ideala m\u00e5lgruppen f\u00f6r v\u00e5r lotteritj\u00e4nst.<\/p>\n<h2>Det finns fr\u00e4mst tv\u00e5 scenarier:<\/h2>\n<p>Om du hade en webbplats med ett brett utbud av artikel\u00e4mnen, och den webbplatsen hade tusentals bes\u00f6kare varje dag, skulle du mer eller mindre kunna s\u00e4lja vilken produkt du ville. Det stora antalet bes\u00f6kare skulle generera betydande int\u00e4kter. Och v\u00e5rt affiliateprogram passar utm\u00e4rkt f\u00f6r vilken webbplats som helst eftersom alla \u00e4lskar ju lotteriet, eller hur?<\/p>\n<p>Om du till exempel hade en lotterirelaterad webbplats skulle du f\u00f6rmodligen ha f\u00e4rre bes\u00f6kare. \u00c4nd\u00e5 \u00e4r trafiken mer &#8221;riktad&#8221;, dvs. dina bes\u00f6kare \u00e4r mer ben\u00e4gna att k\u00f6pa de lotteribiljetter du marknadsf\u00f6r. \u00c4ven om du bara hade 10 bes\u00f6kare per dag skulle du fortfarande se vissa int\u00e4kter. Och det finns en sak med att spela lotteri: folk tenderar att forts\u00e4tta spela under en l\u00e5ng, l\u00e5ng tid. N\u00e4r du har h\u00e4nvisat ett visst antal kunder till v\u00e5rt affiliateprogram kommer du att se en relativt stabil int\u00e4ktsstr\u00f6m.<\/p>\n<h2>Hur f\u00e5r man bes\u00f6kare till sin webbplats?<\/h2>\n<p>F\u00f6r att locka bes\u00f6kare beh\u00f6ver du h\u00f6gkvalitativa artiklar p\u00e5 din webbplats som ger l\u00e4sarna anv\u00e4ndbar information. Du m\u00e5ste ocks\u00e5 l\u00e4ra dig grunderna i SEO (s\u00f6kmotoroptimering). Detta \u00e4r viktigt eftersom det finns specifika &#8221;regler&#8221; du beh\u00f6ver k\u00e4nna till f\u00f6r att se till att sidorna p\u00e5 din webbplats rankas h\u00f6gt p\u00e5 Google f\u00f6r s\u00f6kord som kan ge dig bes\u00f6kare. Affiliates kallar det att &#8221;driva trafik&#8221; till din webbplats.<\/p>\n<p>SEO \u00e4r inte raketforskning. Googla bara &#8221;SEO-grunder&#8221; och l\u00e4s lite f\u00f6r att l\u00e4ra dig de viktigaste reglerna f\u00f6r att skapa dina artiklar och f\u00f6rb\u00e4ttra dina f\u00e4rdigheter senare.<\/p>\n<h2>Kraften i att ha en e-postlista<\/h2>\n<p>Konfigurera alltid din webbplats s\u00e5 att bes\u00f6kare har en anledning att registrera sig eller l\u00e4mna sina e-postadresser. Bygg en lista och anv\u00e4nd den f\u00f6r att skicka e-postmeddelanden som marknadsf\u00f6r speciella evenemang, reor och mer. Om du redan har en lista kanske du inte ens beh\u00f6ver en webbplats f\u00f6r att vara en affiliate. Men k\u00f6p inte listor fr\u00e5n spam-sajter f\u00f6r f\u00f6rs\u00e4ljning av e-postadresser &#8211; de \u00e4r inte v\u00e4rda det.<\/p>\n<h2>Hur mycket kostar det att komma ig\u00e5ng med affiliate-marknadsf\u00f6ring?<\/h2>\n<p>Enkelt svar: ingenting eller n\u00e4stan ingenting!<\/p>\n<p>Allt du beh\u00f6ver \u00e4r ett dom\u00e4nnamn och ett webbhotellspaket f\u00f6r webbutrymme. Som nyb\u00f6rjare beh\u00f6ver du inte en egen server; grundl\u00e4ggande webbhotell, tillg\u00e4ngligt fr\u00e5n 2 euro per m\u00e5nad, r\u00e4cker f\u00f6r att komma ig\u00e5ng.<\/p>\n<p>V\u00e4lj en p\u00e5litlig webbhotellleverant\u00f6r och v\u00e4lj ett tillg\u00e4ngligt dom\u00e4nnamn. T\u00e4nk igenom namnet p\u00e5 din dom\u00e4n innan du best\u00e4ller den. V\u00e4lj sedan ett grundl\u00e4ggande webbhotellspaket. Registrera dig och betala f\u00f6r kontot. Logga sedan in p\u00e5 ditt kundkonto och titta runt. Ett tips: Leta efter en extra funktion som heter &#8221;Dom\u00e4nsekretess&#8221; &#8211; det \u00e4r n\u00e5got att t\u00e4nka p\u00e5 om du av n\u00e5gon anledning inte vill att n\u00e5gon ska veta att du \u00e4ger och driver den h\u00e4r webbplatsen och dess affiliate.<\/p>\n<h2>f\u00f6retag kopplade till det.<\/h2>\n<p>Vi rekommenderar att du b\u00f6rjar med att installera en WordPress-webbplats med hj\u00e4lp av en gratis mall (en layout). WordPress \u00e4r ett inneh\u00e5llshanteringssystem (CMS) som automatiskt bygger din webbplats och l\u00e5ter dig hantera den. Webbplatsleverant\u00f6rer har enkla funktioner som du kan anv\u00e4nda f\u00f6r att skapa en WordPress-webbplats p\u00e5 n\u00e5gra sekunder. Inga programmeringskunskaper kr\u00e4vs alls!<\/p>\n<p>L\u00e4s den introducerande handledningen f\u00f6r att l\u00e4ra dig de viktigaste funktionerna i WordPress. Du beh\u00f6ver bara n\u00e5gra timmar f\u00f6r att f\u00f6rv\u00e4rva de grundl\u00e4ggande f\u00e4rdigheter som kr\u00e4vs f\u00f6r att hantera en enkel webbplats. Det finns detaljerad dokumentation p\u00e5 WordPress-webbplatsen och ett forum d\u00e4r du kan be mer erfarna anv\u00e4ndare om hj\u00e4lp.<\/p>\n<h2>Hur mycket pengar kan du tj\u00e4na som affiliate?<\/h2>\n<p>Det beror mycket p\u00e5 hur engagerad du \u00e4r och hur bra du \u00e4r. Vissa affiliates tj\u00e4nar miljoner, andra tj\u00e4nar v\u00e4ldigt lite, men m\u00e5nga tj\u00e4nar flera hundra euro per m\u00e5nad. F\u00f6rv\u00e4nta dig inte att tj\u00e4na pengar direkt. Det tar tid f\u00f6r din webbplats att locka bes\u00f6kare. Om du investerar det n\u00f6dv\u00e4ndiga arbetet kommer du att kunna leva p\u00e5 det i l\u00e4ngden.<\/p>\n<h2>B\u00f6r\/kan man g\u00f6ra detta p\u00e5 heltid eller deltid?<\/h2>\n<p>Det m\u00e5ste alla avg\u00f6ra sj\u00e4lva. Men 90 procent av affiliates b\u00f6rjar arbeta deltid. En stor andel affiliates \u00f6verg\u00e5r till heltidsroller efter att ha uppn\u00e5tt tillr\u00e4cklig framg\u00e5ng och branscherfarenhet.<\/p>\n<h2>\u00c4r detta lagligt?<\/h2>\n<p>Absolut, s\u00e5vida du inte marknadsf\u00f6r produkter som \u00e4r olagliga i ditt hemland. Om s\u00e5 \u00e4r fallet m\u00e5ste du vidta \u00e5tg\u00e4rder f\u00f6r att skydda dig mot potentiella problem. Se bland annat &#8221;Dom\u00e4nsekretess&#8221; ovan. Se till att inte v\u00e4lja en dom\u00e4nregistrator och\/eller webbhotellstj\u00e4nst i ett land d\u00e4r din webbplats skulle vara olaglig!<\/p>\n<h2>Viktigast av allt: G\u00f6r en plan!<\/h2>\n<p>Innan du kan tj\u00e4na pengar genom ett affiliateprogram m\u00e5ste du utveckla en sund plan och samla in n\u00f6dv\u00e4ndig information. Du kanske har sett Kevin Costner-filmen &#8221;Field of Dreams&#8221;, d\u00e4r en r\u00f6st fr\u00e5n himlen s\u00e4ger: &#8221;Bygg det, s\u00e5 kommer de.&#8221; Om du tror att du kan snickra ihop en webbplats om vilket \u00e4mne som helst och f\u00f6rv\u00e4ntar dig att pengarna snart kommer att rulla in, kommer du att bli frustrerad.<\/p>\n<p>Men om du tar dig an saken med en plan kan du tj\u00e4na bra pengar, och att annonsera f\u00f6r ett affiliateprogram \u00e4r otroligt roligt. Det \u00e4r idealiskt att b\u00f6rja p\u00e5 deltid, och om det g\u00e5r bra kan du enkelt \u00f6verg\u00e5 till heltid.<\/p>\n<h2>Din plan m\u00e5ste inneh\u00e5lla f\u00f6ljande saker:<\/h2>\n<p>V\u00e4lj ett \u00e4mne som du brinner f\u00f6r och som du kan ge v\u00e4rdefull information till dina l\u00e4sare om. Om du \u00e4r nyb\u00f6rjare p\u00e5 detta, v\u00e4lj alltid ett &#8221;nisch&#8221;-\u00e4mne \u2013 om det finns massor av andra webbplatser om det \u00e4mnet kommer du att ha sv\u00e5rt att konkurrera med dem. Det kommer ocks\u00e5 att vara utmanande att ranka f\u00f6r alla s\u00f6kord. Naturligtvis m\u00e5ste du v\u00e4lja ett \u00e4mne som passar en produkt som kan k\u00f6pas online och har ett affiliateprogram.<\/p>\n<p>G\u00f6r en lista \u00f6ver s\u00f6kordskombinationer som potentiella bes\u00f6kare kan s\u00f6ka efter p\u00e5 Google. T\u00e4nk p\u00e5 att det \u00e4r n\u00e4stan om\u00f6jligt att uppn\u00e5 h\u00f6ga rankningar f\u00f6r uppenbara s\u00f6kord som &#8221;lotto online&#8221;. Satsa p\u00e5 mer specifika fraser. Ett extremt exempel skulle vara &#8221;Kan folk delta i Powerball om de inte bor i USA?&#8221;<\/p>\n<p>Best\u00e4m sedan vilken s\u00f6kordskombination du ska rikta in dig p\u00e5 p\u00e5 din webbplats hemsida. Skriv en artikel f\u00f6r hemsidan f\u00f6r den s\u00f6kordskombinationen. Utveckla sedan en plan f\u00f6r din webbplats struktur. Skriv n\u00e5gra fler artiklar f\u00f6r andra s\u00f6kordskombinationer som du kan komma p\u00e5.<\/p>\n<h2>Fr\u00e5n och med d\u00e5 m\u00e5ste ditt fokus vara p\u00e5 tv\u00e5 saker:<\/h2>\n<p>Bygg l\u00e4nkar som pekar till din webbplats. L\u00e4nkar \u00e4r som positiva r\u00f6ster f\u00f6r din webbplats; h\u00f6gkvalitativa l\u00e4nkar kan f\u00f6rb\u00e4ttra din s\u00f6kmotorrankning. Be v\u00e4nner med webbplatser om l\u00e4nkar, kontakta andra webbansvariga och erbjud dig att skriva en artikel i utbyte mot l\u00e4nkar, etc. De b\u00e4sta l\u00e4nkarna kommer dock naturligt n\u00e4r folk l\u00e4ser dina artiklar och l\u00e4nkar till din sida eftersom de gillade det du skrev!<\/p>\n<p>Skapa mer inneh\u00e5ll (artiklar) med bra SEO. Anv\u00e4nd din fantasi och skriv nya artiklar regelbundet. \u00d6verv\u00e4g att l\u00e4gga till 2-3 artiklar per vecka till att b\u00f6rja med.<\/p>\n<p>Medan du slutf\u00f6r ovanst\u00e5ende kommer du att bli alltmer skicklig, och de f\u00f6rsta bes\u00f6karna kommer att anl\u00e4nda till din webbplats. Anv\u00e4nd en (gratis) tj\u00e4nst som www.clicky.com eller Google Analytics f\u00f6r att \u00f6vervaka dina bes\u00f6ksantal och deras beteende. Kontrollera ditt affiliateprogramkonto regelbundet f\u00f6r att se om du genererar int\u00e4kter.<\/p>\n<p>Anv\u00e4nd en SEO-tj\u00e4nst f\u00f6r att hitta fler s\u00f6kord relaterade till ditt prim\u00e4ra s\u00f6kord. Skapa SEO-optimerat inneh\u00e5ll som riktar sig mot dessa s\u00f6kord. Mer inneh\u00e5ll driver mer trafik till din webbplats och \u00f6kar dina provisioner.<\/p>\n<p>Med tiden, allt eftersom du l\u00e4gger ner arbetet, kommer du n\u00e4stan s\u00e4kert att se en positiv effekt p\u00e5 dina bes\u00f6ksantal och int\u00e4kter.<\/p>\n<p>Personligt talat: personerna bakom RedFoxLotto och affiliateprogrammet b\u00f6rjade som affiliates f\u00f6r mer \u00e4n 15 \u00e5r sedan. De har varit ganska framg\u00e5ngsrika sedan dess. Och om du fr\u00e5gar dem vad de gillar med den h\u00e4r verksamheten, skulle de s\u00e4ga detta:<\/p>\n<ul>\n<li>Obegr\u00e4nsad och global intj\u00e4ningspotential<\/li>\n<li>Du kan starta din affiliate-marknadsf\u00f6ringsverksamhet n\u00e4stan utan n\u00e5gra investeringar<\/li>\n<li>Det kan ge dig ekonomiskt oberoende<\/li>\n<li>Du kan arbeta online, var du \u00e4n vill<\/li>\n<\/ul>\n","protected":false},"excerpt":{"rendered":"<p>Vad \u00e4r affiliate-marknadsf\u00f6ring? M\u00e5nga online-leverant\u00f6rer har s\u00e5 kallade affiliateprogram. Vem som helst kan skapa ett affiliate-konto d\u00e4r och b\u00f6rja marknadsf\u00f6ra sina produkter online. Arrang\u00f6ren (du) f\u00e5r provision f\u00f6r att h\u00e4nvisa betalande kunder till leverant\u00f6ren. Kolla menyn till h\u00f6ger. D\u00e4r finns en l\u00e4nk till en PDF-nyb\u00f6rjarhandledning om hur man kommer ig\u00e5ng<\/p>\n<p><a href=\"https:\/\/redfoxaffiliates.com\/sv\/hur-man-startar-en-online-affiliateverksamhet\/\" class=\"more-link\">Continue Reading<span class=\"screen-reader-text\">Hur man startar en online-affiliateverksamhet<\/span><\/a><\/p>\n","protected":false},"author":1,"featured_media":0,"parent":0,"menu_order":6,"comment_status":"closed","ping_status":"closed","template":"","meta":{"footnotes":""},"class_list":["post-340","page","type-page","status-publish","hentry"],"yoast_head":"<!-- This site is optimized with the Yoast SEO plugin v22.4 - https:\/\/yoast.com\/wordpress\/plugins\/seo\/ -->\n<title>Hur man kommer ig\u00e5ng och utvecklar sin online-affiliateverksamhet<\/title>\n<meta name=\"description\" content=\"En v\u00e4gkarta till framg\u00e5ng f\u00f6r en affiliateverksamhet. B\u00f6rja tj\u00e4na provision online genom att bli affiliate och marknadsf\u00f6ringspartner\" \/>\n<meta name=\"robots\" content=\"index, follow, max-snippet:-1, max-image-preview:large, max-video-preview:-1\" \/>\n<link rel=\"canonical\" href=\"https:\/\/redfoxaffiliates.com\/how-to-start-an-online-affiliate-marketing-business\/\" \/>\n<meta property=\"og:locale\" content=\"sv_SE\" \/>\n<meta property=\"og:type\" content=\"article\" \/>\n<meta property=\"og:title\" content=\"Hur man kommer ig\u00e5ng och utvecklar sin online-affiliateverksamhet\" \/>\n<meta property=\"og:description\" content=\"En v\u00e4gkarta till framg\u00e5ng f\u00f6r en affiliateverksamhet. B\u00f6rja tj\u00e4na provision online genom att bli affiliate och marknadsf\u00f6ringspartner\" \/>\n<meta property=\"og:url\" content=\"https:\/\/redfoxaffiliates.com\/how-to-start-an-online-affiliate-marketing-business\/\" \/>\n<meta property=\"og:site_name\" content=\"RedFoxLotto Affiliate Program\" \/>\n<meta name=\"twitter:card\" content=\"summary_large_image\" \/>\n<meta name=\"twitter:label1\" content=\"Ber\u00e4knad l\u00e4stid\" \/>\n\t<meta name=\"twitter:data1\" content=\"10 minuter\" \/>\n<script type=\"application\/ld+json\" class=\"yoast-schema-graph\">{\"@context\":\"https:\/\/schema.org\",\"@graph\":[{\"@type\":\"WebPage\",\"@id\":\"https:\/\/redfoxaffiliates.com\/how-to-start-an-online-affiliate-marketing-business\/\",\"url\":\"https:\/\/redfoxaffiliates.com\/how-to-start-an-online-affiliate-marketing-business\/\",\"name\":\"Hur man kommer ig\u00e5ng och utvecklar sin online-affiliateverksamhet\",\"isPartOf\":{\"@id\":\"https:\/\/redfoxaffiliates.com\/#website\"},\"datePublished\":\"2026-01-01T20:15:19+00:00\",\"dateModified\":\"2026-01-01T20:15:19+00:00\",\"description\":\"En v\u00e4gkarta till framg\u00e5ng f\u00f6r en affiliateverksamhet. B\u00f6rja tj\u00e4na provision online genom att bli affiliate och marknadsf\u00f6ringspartner\",\"breadcrumb\":{\"@id\":\"https:\/\/redfoxaffiliates.com\/how-to-start-an-online-affiliate-marketing-business\/#breadcrumb\"},\"inLanguage\":\"sv-SE\",\"potentialAction\":[{\"@type\":\"ReadAction\",\"target\":[\"https:\/\/redfoxaffiliates.com\/how-to-start-an-online-affiliate-marketing-business\/\"]}]},{\"@type\":\"BreadcrumbList\",\"@id\":\"https:\/\/redfoxaffiliates.com\/how-to-start-an-online-affiliate-marketing-business\/#breadcrumb\",\"itemListElement\":[{\"@type\":\"ListItem\",\"position\":1,\"name\":\"Home\",\"item\":\"https:\/\/redfoxaffiliates.com\/sv\/hem\/\"},{\"@type\":\"ListItem\",\"position\":2,\"name\":\"Hur man startar en online-affiliateverksamhet\"}]},{\"@type\":\"WebSite\",\"@id\":\"https:\/\/redfoxaffiliates.com\/#website\",\"url\":\"https:\/\/redfoxaffiliates.com\/\",\"name\":\"RedFoxLotto Affiliate Program\",\"description\":\"The site for marketing partners of RedFoxLotto.com\",\"potentialAction\":[{\"@type\":\"SearchAction\",\"target\":{\"@type\":\"EntryPoint\",\"urlTemplate\":\"https:\/\/redfoxaffiliates.com\/?s={search_term_string}\"},\"query-input\":\"required name=search_term_string\"}],\"inLanguage\":\"sv-SE\"}]}<\/script>\n<!-- \/ Yoast SEO plugin. -->","yoast_head_json":{"title":"Hur man kommer ig\u00e5ng och utvecklar sin online-affiliateverksamhet","description":"En v\u00e4gkarta till framg\u00e5ng f\u00f6r en affiliateverksamhet. B\u00f6rja tj\u00e4na provision online genom att bli affiliate och marknadsf\u00f6ringspartner","robots":{"index":"index","follow":"follow","max-snippet":"max-snippet:-1","max-image-preview":"max-image-preview:large","max-video-preview":"max-video-preview:-1"},"canonical":"https:\/\/redfoxaffiliates.com\/how-to-start-an-online-affiliate-marketing-business\/","og_locale":"sv_SE","og_type":"article","og_title":"Hur man kommer ig\u00e5ng och utvecklar sin online-affiliateverksamhet","og_description":"En v\u00e4gkarta till framg\u00e5ng f\u00f6r en affiliateverksamhet. B\u00f6rja tj\u00e4na provision online genom att bli affiliate och marknadsf\u00f6ringspartner","og_url":"https:\/\/redfoxaffiliates.com\/how-to-start-an-online-affiliate-marketing-business\/","og_site_name":"RedFoxLotto Affiliate Program","twitter_card":"summary_large_image","twitter_misc":{"Ber\u00e4knad l\u00e4stid":"10 minuter"},"schema":{"@context":"https:\/\/schema.org","@graph":[{"@type":"WebPage","@id":"https:\/\/redfoxaffiliates.com\/how-to-start-an-online-affiliate-marketing-business\/","url":"https:\/\/redfoxaffiliates.com\/how-to-start-an-online-affiliate-marketing-business\/","name":"Hur man kommer ig\u00e5ng och utvecklar sin online-affiliateverksamhet","isPartOf":{"@id":"https:\/\/redfoxaffiliates.com\/#website"},"datePublished":"2026-01-01T20:15:19+00:00","dateModified":"2026-01-01T20:15:19+00:00","description":"En v\u00e4gkarta till framg\u00e5ng f\u00f6r en affiliateverksamhet. B\u00f6rja tj\u00e4na provision online genom att bli affiliate och marknadsf\u00f6ringspartner","breadcrumb":{"@id":"https:\/\/redfoxaffiliates.com\/how-to-start-an-online-affiliate-marketing-business\/#breadcrumb"},"inLanguage":"sv-SE","potentialAction":[{"@type":"ReadAction","target":["https:\/\/redfoxaffiliates.com\/how-to-start-an-online-affiliate-marketing-business\/"]}]},{"@type":"BreadcrumbList","@id":"https:\/\/redfoxaffiliates.com\/how-to-start-an-online-affiliate-marketing-business\/#breadcrumb","itemListElement":[{"@type":"ListItem","position":1,"name":"Home","item":"https:\/\/redfoxaffiliates.com\/sv\/hem\/"},{"@type":"ListItem","position":2,"name":"Hur man startar en online-affiliateverksamhet"}]},{"@type":"WebSite","@id":"https:\/\/redfoxaffiliates.com\/#website","url":"https:\/\/redfoxaffiliates.com\/","name":"RedFoxLotto Affiliate Program","description":"The site for marketing partners of RedFoxLotto.com","potentialAction":[{"@type":"SearchAction","target":{"@type":"EntryPoint","urlTemplate":"https:\/\/redfoxaffiliates.com\/?s={search_term_string}"},"query-input":"required name=search_term_string"}],"inLanguage":"sv-SE"}]}},"_links":{"self":[{"href":"https:\/\/redfoxaffiliates.com\/sv\/wp-json\/wp\/v2\/pages\/340","targetHints":{"allow":["GET"]}}],"collection":[{"href":"https:\/\/redfoxaffiliates.com\/sv\/wp-json\/wp\/v2\/pages"}],"about":[{"href":"https:\/\/redfoxaffiliates.com\/sv\/wp-json\/wp\/v2\/types\/page"}],"author":[{"embeddable":true,"href":"https:\/\/redfoxaffiliates.com\/sv\/wp-json\/wp\/v2\/users\/1"}],"replies":[{"embeddable":true,"href":"https:\/\/redfoxaffiliates.com\/sv\/wp-json\/wp\/v2\/comments?post=340"}],"version-history":[{"count":0,"href":"https:\/\/redfoxaffiliates.com\/sv\/wp-json\/wp\/v2\/pages\/340\/revisions"}],"wp:attachment":[{"href":"https:\/\/redfoxaffiliates.com\/sv\/wp-json\/wp\/v2\/media?parent=340"}],"curies":[{"name":"wp","href":"https:\/\/api.w.org\/{rel}","templated":true}]}}