{"id":298,"date":"2023-07-15T13:46:59","date_gmt":"2023-07-15T11:46:59","guid":{"rendered":"https:\/\/redfoxaffiliates.com\/vanliga-fragor\/"},"modified":"2023-07-15T13:46:59","modified_gmt":"2023-07-15T11:46:59","slug":"vanliga-fragor","status":"publish","type":"page","link":"https:\/\/redfoxaffiliates.com\/sv\/vanliga-fragor\/","title":{"rendered":"Vanliga fr\u00e5gor"},"content":{"rendered":"<h2>Vad inneb\u00e4r det att vara affiliate?<\/h2>\n<p>Affiliate \u00e4r en marknadsf\u00f6ringsstrategi. M\u00e5nga produkter, tj\u00e4nster och webbplatser anv\u00e4nder affiliates f\u00f6r att marknadsf\u00f6ra sina produkter och tj\u00e4nster. Alla affiliates till RedFoxLotto.com kan marknadsf\u00f6ra oss.<\/p>\n<h2>Finns det n\u00e5gra kostnader eller registreringsavgifter?<\/h2>\n<p>Nej. Det \u00e4r helt gratis att g\u00e5 med i v\u00e5rt affiliateprogram. De enda kostnaderna f\u00f6r dig \u00e4r de kostnader du har f\u00f6r att driva dina webbplatser eller skaffa ditt eget marknadsf\u00f6ringsmaterial.<\/p>\n<h2>Hur kan jag marknadsf\u00f6ra er?<\/h2>\n<p>Du kan anv\u00e4nda alla typer av online- och offline-strategier. H\u00e4r \u00e4r tv\u00e5 av de vanligaste s\u00e4tten:<\/p>\n<ul>\n<li>Du kan bygga en webbplats (lotterirelaterad eller annan) och anv\u00e4nda den f\u00f6r att marknadsf\u00f6ra RedFoxLotto. F\u00e5 trafik genom att rankas f\u00f6r s\u00f6kord i Google-s\u00f6kningar och marknadsf\u00f6r din webbplats p\u00e5 sociala medier. Mer trafik till din webbplats inneb\u00e4r fler klick till RedFoxLotto \u2013 vilket inneb\u00e4r mer pengar f\u00f6r dig.<\/li>\n<li>Skapa en lotterisida, anv\u00e4nd affiliate-l\u00e4nkar som pekar p\u00e5 RedFoxLotto.com och marknadsf\u00f6r sedan din webbplats offline.<\/li>\n<\/ul>\n<h2>Hur mycket kan jag tj\u00e4na?<\/h2>\n<p>Det finns ingen gr\u00e4ns. Du f\u00e5r en procentandel av det nettof\u00f6rs\u00e4ljningsbelopp som du genererar. Och f\u00f6r varje m\u00e5nad som du genererar h\u00f6gre provisioner kommer din procentandel att \u00f6ka. L\u00e4s den h\u00e4r artikeln f\u00f6r mer information.<\/p>\n<h2>Vad \u00e4r en affiliate-l\u00e4nk?<\/h2>\n<p>En affiliate-l\u00e4nk \u00e4r en l\u00e4nk som inneh\u00e5ller en tracker \u2013 en dedikerad identifierare som endast \u00e4r kopplad till ditt affiliate-konto. Du b\u00e4ddar in dessa l\u00e4nkar p\u00e5 din webbplats. Sedan klickar en av bes\u00f6karna p\u00e5 din webbplats p\u00e5 l\u00e4nken och g\u00f6r ett k\u00f6p p\u00e5 RedFoxLotto.com. V\u00e5rt affiliate-system identifierar, med hj\u00e4lp av trackerkoden, den nya kunden som en kund som du har v\u00e4rvat. Du f\u00e5r en provision f\u00f6r denna f\u00f6rs\u00e4ljning. Alla framtida k\u00f6p som denna kund g\u00f6r genererar ocks\u00e5 ytterligare provision f\u00f6r dig.<\/p>\n<p>N\u00e4r en kund bes\u00f6ker v\u00e5r webbplats genom att klicka p\u00e5 en av dina affiliate-l\u00e4nkar genereras en cookie p\u00e5 hans enhet. Det s\u00e4kerst\u00e4ller att om han inte g\u00f6r ett k\u00f6p vid sitt f\u00f6rsta bes\u00f6k, men kommer tillbaka senare f\u00f6r att k\u00f6pa lotter, kommer han fortfarande att identifieras som \u201ddin\u201d f\u00f6rs\u00e4ljning.<\/p>\n<h2>Hur fungerar inloggningen p\u00e5 affiliate-kontot?<\/h2>\n<p>N\u00e4r du har registrerat dig h\u00e4r p\u00e5 v\u00e5r webbplats granskar vi din registrering. N\u00e4r det \u00e4r klart skapar vi ett affiliate-konto \u00e5t dig. D\u00e4refter skickar vi ett e-postmeddelande med en URL f\u00f6r att logga in p\u00e5 ditt affiliate-konto, med ett anv\u00e4ndarnamn och ett tillf\u00e4lligt l\u00f6senord. N\u00e4r du har loggat in p\u00e5 ditt konto (affiliate-backend) kan du \u00e4ndra l\u00f6senordet och kontrollera att alla dina personuppgifter \u00e4r korrekta.<\/p>\n<p>Du kommer att kunna skapa kampanjer med dedikerade affiliate-l\u00e4nkar f\u00f6r olika marknadsf\u00f6ringsaktiviteter. L\u00e5t oss s\u00e4ga att du har flera webbplatser. I s\u00e5 fall vill du skapa en kampanj per webbplats. P\u00e5 s\u00e5 s\u00e4tt kan du se resultatet f\u00f6r varje webbplats separat.<\/p>\n<p>I affiliate-backend kan du ocks\u00e5 se dina bes\u00f6ksstatistik och provisionsrapporter. Marknadsf\u00f6ringsmaterialet som du kan anv\u00e4nda f\u00f6r att marknadsf\u00f6ra v\u00e5ra produkter kan ocks\u00e5 laddas ner d\u00e4r.<\/p>\n<h2>Provisionsutbetalningar<\/h2>\n<p>Den 15:e varje m\u00e5nad betalar vi ut den provision du tj\u00e4nat under f\u00f6reg\u00e5ende m\u00e5nad. Skrill, Neteller och bank\u00f6verf\u00f6ring \u00e4r de vanligaste metoderna, men andra alternativ kan ocks\u00e5 diskuteras.<\/p>\n","protected":false},"excerpt":{"rendered":"<p>Vad inneb\u00e4r det att vara affiliate? Affiliate \u00e4r en marknadsf\u00f6ringsstrategi. M\u00e5nga produkter, tj\u00e4nster och webbplatser anv\u00e4nder affiliates f\u00f6r att marknadsf\u00f6ra sina produkter och tj\u00e4nster. Alla affiliates till RedFoxLotto.com kan marknadsf\u00f6ra oss. Finns det n\u00e5gra kostnader eller registreringsavgifter? Nej. Det \u00e4r helt gratis att g\u00e5 med i v\u00e5rt affiliateprogram. De enda<\/p>\n<p><a href=\"https:\/\/redfoxaffiliates.com\/sv\/vanliga-fragor\/\" class=\"more-link\">Continue Reading<span class=\"screen-reader-text\">Vanliga fr\u00e5gor<\/span><\/a><\/p>\n","protected":false},"author":1,"featured_media":0,"parent":0,"menu_order":3,"comment_status":"closed","ping_status":"closed","template":"","meta":{"footnotes":""},"class_list":["post-298","page","type-page","status-publish","hentry"],"yoast_head":"<!-- This site is optimized with the Yoast SEO plugin v22.4 - https:\/\/yoast.com\/wordpress\/plugins\/seo\/ -->\n<title>Vanliga fr\u00e5gor om affiliate-marknaden f\u00f6r lotterier<\/title>\n<meta name=\"description\" content=\"Hitta svar p\u00e5 dina fr\u00e5gor om affiliate-marknaden f\u00f6r lotterier i allm\u00e4nhet och RedFoxLottos affiliate-program i synnerhet.\" \/>\n<meta name=\"robots\" content=\"index, follow, max-snippet:-1, max-image-preview:large, max-video-preview:-1\" \/>\n<link rel=\"canonical\" href=\"https:\/\/redfoxaffiliates.com\/faq\/\" \/>\n<meta property=\"og:locale\" content=\"sv_SE\" \/>\n<meta property=\"og:type\" content=\"article\" \/>\n<meta property=\"og:title\" content=\"Vanliga fr\u00e5gor om affiliate-marknaden f\u00f6r lotterier\" \/>\n<meta property=\"og:description\" content=\"Hitta svar p\u00e5 dina fr\u00e5gor om affiliate-marknaden f\u00f6r lotterier i allm\u00e4nhet och RedFoxLottos affiliate-program i synnerhet.\" \/>\n<meta property=\"og:url\" content=\"https:\/\/redfoxaffiliates.com\/faq\/\" \/>\n<meta property=\"og:site_name\" content=\"RedFoxLotto Affiliate Program\" \/>\n<meta name=\"twitter:card\" content=\"summary_large_image\" \/>\n<meta name=\"twitter:label1\" content=\"Ber\u00e4knad l\u00e4stid\" \/>\n\t<meta name=\"twitter:data1\" content=\"3 minuter\" \/>\n<script type=\"application\/ld+json\" class=\"yoast-schema-graph\">{\"@context\":\"https:\/\/schema.org\",\"@graph\":[{\"@type\":\"WebPage\",\"@id\":\"https:\/\/redfoxaffiliates.com\/faq\/\",\"url\":\"https:\/\/redfoxaffiliates.com\/faq\/\",\"name\":\"Vanliga fr\u00e5gor om affiliate-marknaden f\u00f6r lotterier\",\"isPartOf\":{\"@id\":\"https:\/\/redfoxaffiliates.com\/#website\"},\"datePublished\":\"2023-07-15T11:46:59+00:00\",\"dateModified\":\"2023-07-15T11:46:59+00:00\",\"description\":\"Hitta svar p\u00e5 dina fr\u00e5gor om affiliate-marknaden f\u00f6r lotterier i allm\u00e4nhet och RedFoxLottos affiliate-program i synnerhet.\",\"breadcrumb\":{\"@id\":\"https:\/\/redfoxaffiliates.com\/faq\/#breadcrumb\"},\"inLanguage\":\"sv-SE\",\"potentialAction\":[{\"@type\":\"ReadAction\",\"target\":[\"https:\/\/redfoxaffiliates.com\/faq\/\"]}]},{\"@type\":\"BreadcrumbList\",\"@id\":\"https:\/\/redfoxaffiliates.com\/faq\/#breadcrumb\",\"itemListElement\":[{\"@type\":\"ListItem\",\"position\":1,\"name\":\"Home\",\"item\":\"https:\/\/redfoxaffiliates.com\/sv\/hem\/\"},{\"@type\":\"ListItem\",\"position\":2,\"name\":\"Vanliga fr\u00e5gor\"}]},{\"@type\":\"WebSite\",\"@id\":\"https:\/\/redfoxaffiliates.com\/#website\",\"url\":\"https:\/\/redfoxaffiliates.com\/\",\"name\":\"RedFoxLotto Affiliate Program\",\"description\":\"The site for marketing partners of RedFoxLotto.com\",\"potentialAction\":[{\"@type\":\"SearchAction\",\"target\":{\"@type\":\"EntryPoint\",\"urlTemplate\":\"https:\/\/redfoxaffiliates.com\/?s={search_term_string}\"},\"query-input\":\"required name=search_term_string\"}],\"inLanguage\":\"sv-SE\"}]}<\/script>\n<!-- \/ Yoast SEO plugin. -->","yoast_head_json":{"title":"Vanliga fr\u00e5gor om affiliate-marknaden f\u00f6r lotterier","description":"Hitta svar p\u00e5 dina fr\u00e5gor om affiliate-marknaden f\u00f6r lotterier i allm\u00e4nhet och RedFoxLottos affiliate-program i synnerhet.","robots":{"index":"index","follow":"follow","max-snippet":"max-snippet:-1","max-image-preview":"max-image-preview:large","max-video-preview":"max-video-preview:-1"},"canonical":"https:\/\/redfoxaffiliates.com\/faq\/","og_locale":"sv_SE","og_type":"article","og_title":"Vanliga fr\u00e5gor om affiliate-marknaden f\u00f6r lotterier","og_description":"Hitta svar p\u00e5 dina fr\u00e5gor om affiliate-marknaden f\u00f6r lotterier i allm\u00e4nhet och RedFoxLottos affiliate-program i synnerhet.","og_url":"https:\/\/redfoxaffiliates.com\/faq\/","og_site_name":"RedFoxLotto Affiliate Program","twitter_card":"summary_large_image","twitter_misc":{"Ber\u00e4knad l\u00e4stid":"3 minuter"},"schema":{"@context":"https:\/\/schema.org","@graph":[{"@type":"WebPage","@id":"https:\/\/redfoxaffiliates.com\/faq\/","url":"https:\/\/redfoxaffiliates.com\/faq\/","name":"Vanliga fr\u00e5gor om affiliate-marknaden f\u00f6r lotterier","isPartOf":{"@id":"https:\/\/redfoxaffiliates.com\/#website"},"datePublished":"2023-07-15T11:46:59+00:00","dateModified":"2023-07-15T11:46:59+00:00","description":"Hitta svar p\u00e5 dina fr\u00e5gor om affiliate-marknaden f\u00f6r lotterier i allm\u00e4nhet och RedFoxLottos affiliate-program i synnerhet.","breadcrumb":{"@id":"https:\/\/redfoxaffiliates.com\/faq\/#breadcrumb"},"inLanguage":"sv-SE","potentialAction":[{"@type":"ReadAction","target":["https:\/\/redfoxaffiliates.com\/faq\/"]}]},{"@type":"BreadcrumbList","@id":"https:\/\/redfoxaffiliates.com\/faq\/#breadcrumb","itemListElement":[{"@type":"ListItem","position":1,"name":"Home","item":"https:\/\/redfoxaffiliates.com\/sv\/hem\/"},{"@type":"ListItem","position":2,"name":"Vanliga fr\u00e5gor"}]},{"@type":"WebSite","@id":"https:\/\/redfoxaffiliates.com\/#website","url":"https:\/\/redfoxaffiliates.com\/","name":"RedFoxLotto Affiliate Program","description":"The site for marketing partners of RedFoxLotto.com","potentialAction":[{"@type":"SearchAction","target":{"@type":"EntryPoint","urlTemplate":"https:\/\/redfoxaffiliates.com\/?s={search_term_string}"},"query-input":"required name=search_term_string"}],"inLanguage":"sv-SE"}]}},"_links":{"self":[{"href":"https:\/\/redfoxaffiliates.com\/sv\/wp-json\/wp\/v2\/pages\/298","targetHints":{"allow":["GET"]}}],"collection":[{"href":"https:\/\/redfoxaffiliates.com\/sv\/wp-json\/wp\/v2\/pages"}],"about":[{"href":"https:\/\/redfoxaffiliates.com\/sv\/wp-json\/wp\/v2\/types\/page"}],"author":[{"embeddable":true,"href":"https:\/\/redfoxaffiliates.com\/sv\/wp-json\/wp\/v2\/users\/1"}],"replies":[{"embeddable":true,"href":"https:\/\/redfoxaffiliates.com\/sv\/wp-json\/wp\/v2\/comments?post=298"}],"version-history":[{"count":0,"href":"https:\/\/redfoxaffiliates.com\/sv\/wp-json\/wp\/v2\/pages\/298\/revisions"}],"wp:attachment":[{"href":"https:\/\/redfoxaffiliates.com\/sv\/wp-json\/wp\/v2\/media?parent=298"}],"curies":[{"name":"wp","href":"https:\/\/api.w.org\/{rel}","templated":true}]}}