{"id":293,"date":"2023-07-15T13:37:01","date_gmt":"2023-07-15T11:37:01","guid":{"rendered":"https:\/\/redfoxaffiliates.com\/tjana-pengar-genom-affiliate-marknadsforing\/"},"modified":"2023-07-15T13:37:01","modified_gmt":"2023-07-15T11:37:01","slug":"tjana-pengar-genom-affiliate-marknadsforing","status":"publish","type":"page","link":"https:\/\/redfoxaffiliates.com\/sv\/tjana-pengar-genom-affiliate-marknadsforing\/","title":{"rendered":"Tj\u00e4na pengar genom affiliate-marknadsf\u00f6ring"},"content":{"rendered":"<h2>Tj\u00e4na provision \u2013 tj\u00e4na pengar genom att marknadsf\u00f6ra RedFoxLotto som v\u00e5r affiliate.<\/h2>\n<p>Alla kunder du v\u00e4rvar kommer att vara dina kunder f\u00f6r alltid. Det finns ingen tidsgr\u00e4ns f\u00f6r din provision fr\u00e5n en kund som du har v\u00e4rvat. Kunderna kommer aldrig att tas bort fr\u00e5n ditt affiliate-konto. Det \u00e4r d\u00e4rf\u00f6r v\u00e5rt affiliate-program \u00e4r det b\u00e4sta i lotteribranschen.<\/p>\n<p>Dina provisioner betalas ut p\u00e5 basis av int\u00e4ktsdelning, vilket inneb\u00e4r att lotterif\u00f6rs\u00e4ljningsvolymen som genereras av dina online-referenser avg\u00f6r dina int\u00e4kter fr\u00e5n v\u00e5rt affiliate-program.<\/p>\n<p>De fyra niv\u00e5erna av affiliate-provisioner \u00e4r:<br \/>\nbruttof\u00f6rs\u00e4ljning under 20 000,00 \u20ac: 8 % av bruttof\u00f6rs\u00e4ljningen<br \/>\nbruttof\u00f6rs\u00e4ljning mellan 20 000,00 \u20ac och 50 000,00 \u20ac: 10 % av nettof\u00f6rs\u00e4ljningen<br \/>\nbruttof\u00f6rs\u00e4ljning \u00f6ver 50 000,00 \u20ac: 12 % av nettof\u00f6rs\u00e4ljningen<\/p>\n<p>Den h\u00f6gre provisionsprocenten g\u00e4ller endast f\u00f6r den m\u00e5nad d\u00e5 den totala genererade provisionen \u00f6verstiger det angivna beloppet. Om provisionen \u00e4r l\u00e4gre f\u00f6ljande m\u00e5nad till\u00e4mpas den sats som motsvarar det aktuella provisionsbeloppet.<\/p>\n<h2>Varf\u00f6r ingen CPA? Varf\u00f6r \u00e4r en int\u00e4ktsdelningsavtal det b\u00e4sta alternativet?<\/h2>\n<p>Om du inte \u00e4r bekant med termen CPA st\u00e5r den f\u00f6r Cost Per Action (kostnad per \u00e5tg\u00e4rd): du f\u00e5r en eng\u00e5ngsbetalning f\u00f6r varje kund som g\u00f6r sitt f\u00f6rsta onlinek\u00f6p. Vissa affiliateprogram betalar CPA-provisionen f\u00f6rst efter att spelaren uppfyller ett minimikrav p\u00e5 spendering.<\/p>\n<p>Med detta sagt \u00e4r CPA-provisionsmodellen meningsl\u00f6s i just denna bransch. F\u00f6r det f\u00f6rsta \u00e4r livsl\u00e4ngden f\u00f6r en f\u00f6rsta ins\u00e4ttare mycket l\u00e4ngre \u00e4n i n\u00e5gon annan vertikal inom onlinespel. Lotterispelare k\u00f6per vanligtvis lotter under hela sitt liv. F\u00f6r det andra k\u00f6per v\u00e5ra b\u00e4sta kunder lotter online till ett v\u00e4rde av hundratals euro i en enda transaktion. Det h\u00e4nder oftare n\u00e4r jackpottarna \u00e4r mycket h\u00f6ga, och det \u00e4r en av anledningarna till att du p\u00e5 l\u00e4ngre sikt kommer att tj\u00e4na mer pengar med ett affiliateprogram som betalar baserat p\u00e5 int\u00e4ktsdelning.<\/p>\n<p>I lotteribranschen \u00e4r det i allm\u00e4nhet b\u00e4st att marknadsf\u00f6ra ett partnerprogram med en livstidsprocentuell \u00f6verenskommelse. I undantagsfall, n\u00e4r du har arbetat med oss ett tag, kan dock en CPA-\u00f6verenskommelse diskuteras baserat p\u00e5 prestationen hos de kunder du har v\u00e4rvat.<\/p>\n<h2>Provision f\u00f6r underaffiliater<\/h2>\n<p>F\u00f6r varje underaffiliat som du v\u00e4rvar f\u00e5r du 2 % av det totala lotterif\u00f6rs\u00e4ljningsv\u00e4rdet som genereras av den affiliaten.<\/p>\n","protected":false},"excerpt":{"rendered":"<p>Tj\u00e4na provision \u2013 tj\u00e4na pengar genom att marknadsf\u00f6ra RedFoxLotto som v\u00e5r affiliate. Alla kunder du v\u00e4rvar kommer att vara dina kunder f\u00f6r alltid. Det finns ingen tidsgr\u00e4ns f\u00f6r din provision fr\u00e5n en kund som du har v\u00e4rvat. Kunderna kommer aldrig att tas bort fr\u00e5n ditt affiliate-konto. Det \u00e4r d\u00e4rf\u00f6r v\u00e5rt<\/p>\n<p><a href=\"https:\/\/redfoxaffiliates.com\/sv\/tjana-pengar-genom-affiliate-marknadsforing\/\" class=\"more-link\">Continue Reading<span class=\"screen-reader-text\">Tj\u00e4na pengar genom affiliate-marknadsf\u00f6ring<\/span><\/a><\/p>\n","protected":false},"author":1,"featured_media":0,"parent":0,"menu_order":2,"comment_status":"closed","ping_status":"closed","template":"","meta":{"footnotes":""},"class_list":["post-293","page","type-page","status-publish","hentry"],"yoast_head":"<!-- This site is optimized with the Yoast SEO plugin v22.4 - https:\/\/yoast.com\/wordpress\/plugins\/seo\/ -->\n<title>Hur du tj\u00e4nar pengar med v\u00e5rt lotteriprogram f\u00f6r affiliates<\/title>\n<meta name=\"description\" content=\"F\u00f6r varje v\u00e4rvning f\u00e5r du livstidsprovision p\u00e5 alla deras k\u00f6p. Ta en titt p\u00e5 hur mycket pengar du kan tj\u00e4na med v\u00e5rt affiliateprogram\" \/>\n<meta name=\"robots\" content=\"index, follow, max-snippet:-1, max-image-preview:large, max-video-preview:-1\" \/>\n<link rel=\"canonical\" href=\"https:\/\/redfoxaffiliates.com\/make-money-with-our-lottery-affliate-program\/\" \/>\n<meta property=\"og:locale\" content=\"sv_SE\" \/>\n<meta property=\"og:type\" content=\"article\" \/>\n<meta property=\"og:title\" content=\"Hur du tj\u00e4nar pengar med v\u00e5rt lotteriprogram f\u00f6r affiliates\" \/>\n<meta property=\"og:description\" content=\"F\u00f6r varje v\u00e4rvning f\u00e5r du livstidsprovision p\u00e5 alla deras k\u00f6p. Ta en titt p\u00e5 hur mycket pengar du kan tj\u00e4na med v\u00e5rt affiliateprogram\" \/>\n<meta property=\"og:url\" content=\"https:\/\/redfoxaffiliates.com\/make-money-with-our-lottery-affliate-program\/\" \/>\n<meta property=\"og:site_name\" content=\"RedFoxLotto Affiliate Program\" \/>\n<meta name=\"twitter:card\" content=\"summary_large_image\" \/>\n<meta name=\"twitter:label1\" content=\"Ber\u00e4knad l\u00e4stid\" \/>\n\t<meta name=\"twitter:data1\" content=\"2 minuter\" \/>\n<script type=\"application\/ld+json\" class=\"yoast-schema-graph\">{\"@context\":\"https:\/\/schema.org\",\"@graph\":[{\"@type\":\"WebPage\",\"@id\":\"https:\/\/redfoxaffiliates.com\/make-money-with-our-lottery-affliate-program\/\",\"url\":\"https:\/\/redfoxaffiliates.com\/make-money-with-our-lottery-affliate-program\/\",\"name\":\"Hur du tj\u00e4nar pengar med v\u00e5rt lotteriprogram f\u00f6r affiliates\",\"isPartOf\":{\"@id\":\"https:\/\/redfoxaffiliates.com\/#website\"},\"datePublished\":\"2023-07-15T11:37:01+00:00\",\"dateModified\":\"2023-07-15T11:37:01+00:00\",\"description\":\"F\u00f6r varje v\u00e4rvning f\u00e5r du livstidsprovision p\u00e5 alla deras k\u00f6p. Ta en titt p\u00e5 hur mycket pengar du kan tj\u00e4na med v\u00e5rt affiliateprogram\",\"breadcrumb\":{\"@id\":\"https:\/\/redfoxaffiliates.com\/make-money-with-our-lottery-affliate-program\/#breadcrumb\"},\"inLanguage\":\"sv-SE\",\"potentialAction\":[{\"@type\":\"ReadAction\",\"target\":[\"https:\/\/redfoxaffiliates.com\/make-money-with-our-lottery-affliate-program\/\"]}]},{\"@type\":\"BreadcrumbList\",\"@id\":\"https:\/\/redfoxaffiliates.com\/make-money-with-our-lottery-affliate-program\/#breadcrumb\",\"itemListElement\":[{\"@type\":\"ListItem\",\"position\":1,\"name\":\"Home\",\"item\":\"https:\/\/redfoxaffiliates.com\/sv\/hem\/\"},{\"@type\":\"ListItem\",\"position\":2,\"name\":\"Tj\u00e4na pengar genom affiliate-marknadsf\u00f6ring\"}]},{\"@type\":\"WebSite\",\"@id\":\"https:\/\/redfoxaffiliates.com\/#website\",\"url\":\"https:\/\/redfoxaffiliates.com\/\",\"name\":\"RedFoxLotto Affiliate Program\",\"description\":\"The site for marketing partners of RedFoxLotto.com\",\"potentialAction\":[{\"@type\":\"SearchAction\",\"target\":{\"@type\":\"EntryPoint\",\"urlTemplate\":\"https:\/\/redfoxaffiliates.com\/?s={search_term_string}\"},\"query-input\":\"required name=search_term_string\"}],\"inLanguage\":\"sv-SE\"}]}<\/script>\n<!-- \/ Yoast SEO plugin. -->","yoast_head_json":{"title":"Hur du tj\u00e4nar pengar med v\u00e5rt lotteriprogram f\u00f6r affiliates","description":"F\u00f6r varje v\u00e4rvning f\u00e5r du livstidsprovision p\u00e5 alla deras k\u00f6p. Ta en titt p\u00e5 hur mycket pengar du kan tj\u00e4na med v\u00e5rt affiliateprogram","robots":{"index":"index","follow":"follow","max-snippet":"max-snippet:-1","max-image-preview":"max-image-preview:large","max-video-preview":"max-video-preview:-1"},"canonical":"https:\/\/redfoxaffiliates.com\/make-money-with-our-lottery-affliate-program\/","og_locale":"sv_SE","og_type":"article","og_title":"Hur du tj\u00e4nar pengar med v\u00e5rt lotteriprogram f\u00f6r affiliates","og_description":"F\u00f6r varje v\u00e4rvning f\u00e5r du livstidsprovision p\u00e5 alla deras k\u00f6p. Ta en titt p\u00e5 hur mycket pengar du kan tj\u00e4na med v\u00e5rt affiliateprogram","og_url":"https:\/\/redfoxaffiliates.com\/make-money-with-our-lottery-affliate-program\/","og_site_name":"RedFoxLotto Affiliate Program","twitter_card":"summary_large_image","twitter_misc":{"Ber\u00e4knad l\u00e4stid":"2 minuter"},"schema":{"@context":"https:\/\/schema.org","@graph":[{"@type":"WebPage","@id":"https:\/\/redfoxaffiliates.com\/make-money-with-our-lottery-affliate-program\/","url":"https:\/\/redfoxaffiliates.com\/make-money-with-our-lottery-affliate-program\/","name":"Hur du tj\u00e4nar pengar med v\u00e5rt lotteriprogram f\u00f6r affiliates","isPartOf":{"@id":"https:\/\/redfoxaffiliates.com\/#website"},"datePublished":"2023-07-15T11:37:01+00:00","dateModified":"2023-07-15T11:37:01+00:00","description":"F\u00f6r varje v\u00e4rvning f\u00e5r du livstidsprovision p\u00e5 alla deras k\u00f6p. Ta en titt p\u00e5 hur mycket pengar du kan tj\u00e4na med v\u00e5rt affiliateprogram","breadcrumb":{"@id":"https:\/\/redfoxaffiliates.com\/make-money-with-our-lottery-affliate-program\/#breadcrumb"},"inLanguage":"sv-SE","potentialAction":[{"@type":"ReadAction","target":["https:\/\/redfoxaffiliates.com\/make-money-with-our-lottery-affliate-program\/"]}]},{"@type":"BreadcrumbList","@id":"https:\/\/redfoxaffiliates.com\/make-money-with-our-lottery-affliate-program\/#breadcrumb","itemListElement":[{"@type":"ListItem","position":1,"name":"Home","item":"https:\/\/redfoxaffiliates.com\/sv\/hem\/"},{"@type":"ListItem","position":2,"name":"Tj\u00e4na pengar genom affiliate-marknadsf\u00f6ring"}]},{"@type":"WebSite","@id":"https:\/\/redfoxaffiliates.com\/#website","url":"https:\/\/redfoxaffiliates.com\/","name":"RedFoxLotto Affiliate Program","description":"The site for marketing partners of RedFoxLotto.com","potentialAction":[{"@type":"SearchAction","target":{"@type":"EntryPoint","urlTemplate":"https:\/\/redfoxaffiliates.com\/?s={search_term_string}"},"query-input":"required name=search_term_string"}],"inLanguage":"sv-SE"}]}},"_links":{"self":[{"href":"https:\/\/redfoxaffiliates.com\/sv\/wp-json\/wp\/v2\/pages\/293","targetHints":{"allow":["GET"]}}],"collection":[{"href":"https:\/\/redfoxaffiliates.com\/sv\/wp-json\/wp\/v2\/pages"}],"about":[{"href":"https:\/\/redfoxaffiliates.com\/sv\/wp-json\/wp\/v2\/types\/page"}],"author":[{"embeddable":true,"href":"https:\/\/redfoxaffiliates.com\/sv\/wp-json\/wp\/v2\/users\/1"}],"replies":[{"embeddable":true,"href":"https:\/\/redfoxaffiliates.com\/sv\/wp-json\/wp\/v2\/comments?post=293"}],"version-history":[{"count":0,"href":"https:\/\/redfoxaffiliates.com\/sv\/wp-json\/wp\/v2\/pages\/293\/revisions"}],"wp:attachment":[{"href":"https:\/\/redfoxaffiliates.com\/sv\/wp-json\/wp\/v2\/media?parent=293"}],"curies":[{"name":"wp","href":"https:\/\/api.w.org\/{rel}","templated":true}]}}