{"id":250,"date":"2023-07-15T13:33:10","date_gmt":"2023-07-15T11:33:10","guid":{"rendered":"https:\/\/redfoxaffiliates.com\/varfor-bli-lotteripartner\/"},"modified":"2023-07-15T13:33:10","modified_gmt":"2023-07-15T11:33:10","slug":"varfor-bli-lotteripartner","status":"publish","type":"page","link":"https:\/\/redfoxaffiliates.com\/sv\/varfor-bli-lotteripartner\/","title":{"rendered":"Varf\u00f6r bli lotteripartner?"},"content":{"rendered":"<h2>Vad \u00e4r v\u00e5r produkt?<\/h2>\n<p>RedFoxLotto s\u00e4ljer lotter online. Vi erbjuder kunder \u00f6ver hela v\u00e4rlden m\u00f6jlighet att delta i lotterier med enorma jackpottar, s\u00e5som amerikanska Mega Millions och Powerball, samt stora europeiska lotterier som EuroMillions, EuroJackpot och SuperEnalotto.<\/p>\n<p>Genom oss kan kunder k\u00f6pa lotter till lotterier i andra l\u00e4nder \u00e4n sitt eget. F\u00f6r att g\u00f6ra detta m\u00f6jligt samarbetar vi med flera agenter i de l\u00e4nder d\u00e4r lotterierna h\u00e5lls. N\u00e4r en lott best\u00e4lls online k\u00f6per en av v\u00e5ra agenter den \u00e5t v\u00e5ra kunder. N\u00e4r detta \u00e4r gjort bekr\u00e4ftar vi k\u00f6pet till v\u00e5r kund. N\u00e4r en lott k\u00f6ps genom oss hanterar vi ocks\u00e5 utbetalningar till v\u00e5ra kunder.<\/p>\n<p>Du har kanske h\u00f6rt termen \u201dsekund\u00e4r lotterimarknad\u201d \u2013 det \u00e4r termen f\u00f6r denna marknad. Lotterier \u00e4r en m\u00e5ngmiljardindustri och \u00e4r inte begr\u00e4nsade till lokala erbjudanden (om det ens finns lotterier i deras hemland). Efterfr\u00e5gan p\u00e5 v\u00e5r lotteritj\u00e4nst \u00e4r mycket h\u00f6g. S\u00e4rskilt n\u00e4r nyheter om enorma jackpottar hamnar p\u00e5 f\u00f6rstasidorna \u00f6ver hela v\u00e4rlden, s\u00e5 att s\u00e4ga \u201dflyger online-lotterna av hyllorna\u201d.<\/p>\n<h2>Sk\u00e4l att marknadsf\u00f6ra RedFoxLotto<\/h2>\n<h3>Bra konverteringar<\/h3>\n<p>V\u00e5r webbplats, https:\/\/redfoxlotto.com, har effektiviserats f\u00f6r att g\u00f6ra k\u00f6pprocessen s\u00e5 enkel som m\u00f6jligt. Detta \u00e4r viktigt f\u00f6r att garantera en h\u00f6g konverteringsgrad. Ju b\u00e4ttre vi konverterar din trafik, desto mer pengar tj\u00e4nar du.<\/p>\n<h2>Utm\u00e4rkt kundlojalitet<\/h2>\n<p>Livstidsv\u00e4rdet f\u00f6r kunder \u00e4r en av de b\u00e4sta aspekterna av denna bransch. En h\u00f6g andel av v\u00e5ra kunder \u00e5terkommer och k\u00f6per fler lotter vecka efter vecka i flera \u00e5r fram\u00f6ver!<\/p>\n<h2>En variation av betalningsmetoder \u00e4r lika viktigt<\/h2>\n<p>Vi str\u00e4var efter att erbjuda ett brett utbud av alternativ h\u00e4r. Detta \u00e4r viktigt f\u00f6r att s\u00e4kerst\u00e4lla att bes\u00f6kare fr\u00e5n alla l\u00e4nder enkelt kan betala f\u00f6r sina lotter. Med det sagt st\u00e5r kreditkortsbetalningar fortfarande f\u00f6r lejonparten av de flesta f\u00f6rs\u00e4ljningarna. Men alternativ som Bitcoin och e-pl\u00e5nb\u00f6cker blir allt viktigare.<\/p>\n<p>Vi har \u00e5tagit oss att driva ett \u00e4rligt och etiskt affiliateprogram. De flesta program i denna bransch \u00e4r k\u00e4nda f\u00f6r att p\u00e5 ett eller annat s\u00e4tt lura sina affiliates. En tidigare affiliate grundade varum\u00e4rket RedFoxLotto. Samma tidigare affiliate ansvarar f\u00f6r affiliateprogrammet. L\u00e4s v\u00e5r artikel om affiliate och etik \u2013 den hj\u00e4lper dig att b\u00e4ttre f\u00f6rst\u00e5 var vi st\u00e5r.<\/p>\n<h2>Provisionssatser \u00f6ver branschstandard<\/h2>\n<p>Tj\u00e4na upp till 12 % av det bruttof\u00f6rs\u00e4ljningsv\u00e4rde som genereras av dina rekommendationer.<\/p>\n<h2>Andra niv\u00e5ns affiliateprogram<\/h2>\n<p>Det betyder att om du v\u00e4rvar ytterligare underaffiliates, tj\u00e4nar du ocks\u00e5 2 % provision p\u00e5 f\u00f6rs\u00e4ljningen som genereras av deras rekommendationer.<\/p>\n<h2>Punktlig utbetalning av provisioner<\/h2>\n<p>Vi betalar ut din provision f\u00f6r den senaste m\u00e5naden den 15:e i f\u00f6ljande m\u00e5nad. Du kan v\u00e4lja mellan flera betalningsalternativ.<\/p>\n<h2>Vem kan bli affiliate och hur kan du marknadsf\u00f6ra oss?<\/h2>\n<p>Ja, bokstavligen vem som helst! Du kanske har en webbplats som \u00e4r relaterad till lotteri. Om s\u00e5 \u00e4r fallet kommer din konverteringsgrad att vara h\u00f6g eftersom v\u00e5r produkt tilltalar din m\u00e5lgrupp.<\/p>\n<p>Eller s\u00e5 har du en webbplats om ett annat \u00e4mne och letar efter s\u00e4tt att tj\u00e4na pengar p\u00e5 din trafik. Alla \u00e4lskar att spela lotto, och dina int\u00e4kter kommer fr\u00e4mst att bero p\u00e5 hur mycket trafik din webbplats har.<\/p>\n<p>E-postlistor \u00e4r ett utm\u00e4rkt verktyg f\u00f6r att generera nya kunder. Vi tolererar inte spam, s\u00e5 se till att din e-postlista endast inneh\u00e5ller kontakter som har valt att ta emot dina marknadsf\u00f6ringsmejl.<\/p>\n<p>Vissa av v\u00e5ra affiliates anv\u00e4nder offline-strategier f\u00f6r att marknadsf\u00f6ra oss. De har byggt upp en egen lotterisida med affiliate-l\u00e4nkar som pekar mot RedFoxLotto.com. Sedan delar de ut flygblad, visitkort och annat marknadsf\u00f6ringsmaterial som marknadsf\u00f6r deras webbplats, vilket genererar trafik och i slut\u00e4ndan f\u00f6rs\u00e4ljning p\u00e5 RedFoxLotto.com.<\/p>\n","protected":false},"excerpt":{"rendered":"<p>Vad \u00e4r v\u00e5r produkt? RedFoxLotto s\u00e4ljer lotter online. Vi erbjuder kunder \u00f6ver hela v\u00e4rlden m\u00f6jlighet att delta i lotterier med enorma jackpottar, s\u00e5som amerikanska Mega Millions och Powerball, samt stora europeiska lotterier som EuroMillions, EuroJackpot och SuperEnalotto. Genom oss kan kunder k\u00f6pa lotter till lotterier i andra l\u00e4nder \u00e4n sitt<\/p>\n<p><a href=\"https:\/\/redfoxaffiliates.com\/sv\/varfor-bli-lotteripartner\/\" class=\"more-link\">Continue Reading<span class=\"screen-reader-text\">Varf\u00f6r bli lotteripartner?<\/span><\/a><\/p>\n","protected":false},"author":1,"featured_media":0,"parent":0,"menu_order":1,"comment_status":"closed","ping_status":"closed","template":"","meta":{"footnotes":""},"class_list":["post-250","page","type-page","status-publish","hentry"],"yoast_head":"<!-- This site is optimized with the Yoast SEO plugin v22.4 - https:\/\/yoast.com\/wordpress\/plugins\/seo\/ -->\n<title>Varf\u00f6r g\u00e5 med i RedFoxLottos affiliateprogram?<\/title>\n<meta name=\"description\" content=\"Sk\u00e4l att g\u00e5 med oss och bli en RedFoxLotto-affiliate och f\u00f6rs\u00e4ljningspartner. Tj\u00e4na provision p\u00e5 varje f\u00f6rs\u00e4ljning som dina rekommenderade kunder g\u00f6r under hela livet!\" \/>\n<meta name=\"robots\" content=\"index, follow, max-snippet:-1, max-image-preview:large, max-video-preview:-1\" \/>\n<link rel=\"canonical\" href=\"https:\/\/redfoxaffiliates.com\/why-become-a-lottery-affiliate\/\" \/>\n<meta property=\"og:locale\" content=\"sv_SE\" \/>\n<meta property=\"og:type\" content=\"article\" \/>\n<meta property=\"og:title\" content=\"Varf\u00f6r g\u00e5 med i RedFoxLottos affiliateprogram?\" \/>\n<meta property=\"og:description\" content=\"Sk\u00e4l att g\u00e5 med oss och bli en RedFoxLotto-affiliate och f\u00f6rs\u00e4ljningspartner. Tj\u00e4na provision p\u00e5 varje f\u00f6rs\u00e4ljning som dina rekommenderade kunder g\u00f6r under hela livet!\" \/>\n<meta property=\"og:url\" content=\"https:\/\/redfoxaffiliates.com\/why-become-a-lottery-affiliate\/\" \/>\n<meta property=\"og:site_name\" content=\"RedFoxLotto Affiliate Program\" \/>\n<meta name=\"twitter:card\" content=\"summary_large_image\" \/>\n<meta name=\"twitter:label1\" content=\"Ber\u00e4knad l\u00e4stid\" \/>\n\t<meta name=\"twitter:data1\" content=\"3 minuter\" \/>\n<script type=\"application\/ld+json\" class=\"yoast-schema-graph\">{\"@context\":\"https:\/\/schema.org\",\"@graph\":[{\"@type\":\"WebPage\",\"@id\":\"https:\/\/redfoxaffiliates.com\/why-become-a-lottery-affiliate\/\",\"url\":\"https:\/\/redfoxaffiliates.com\/why-become-a-lottery-affiliate\/\",\"name\":\"Varf\u00f6r g\u00e5 med i RedFoxLottos affiliateprogram?\",\"isPartOf\":{\"@id\":\"https:\/\/redfoxaffiliates.com\/#website\"},\"datePublished\":\"2023-07-15T11:33:10+00:00\",\"dateModified\":\"2023-07-15T11:33:10+00:00\",\"description\":\"Sk\u00e4l att g\u00e5 med oss och bli en RedFoxLotto-affiliate och f\u00f6rs\u00e4ljningspartner. Tj\u00e4na provision p\u00e5 varje f\u00f6rs\u00e4ljning som dina rekommenderade kunder g\u00f6r under hela livet!\",\"breadcrumb\":{\"@id\":\"https:\/\/redfoxaffiliates.com\/why-become-a-lottery-affiliate\/#breadcrumb\"},\"inLanguage\":\"sv-SE\",\"potentialAction\":[{\"@type\":\"ReadAction\",\"target\":[\"https:\/\/redfoxaffiliates.com\/why-become-a-lottery-affiliate\/\"]}]},{\"@type\":\"BreadcrumbList\",\"@id\":\"https:\/\/redfoxaffiliates.com\/why-become-a-lottery-affiliate\/#breadcrumb\",\"itemListElement\":[{\"@type\":\"ListItem\",\"position\":1,\"name\":\"Home\",\"item\":\"https:\/\/redfoxaffiliates.com\/sv\/hem\/\"},{\"@type\":\"ListItem\",\"position\":2,\"name\":\"Varf\u00f6r bli lotteripartner?\"}]},{\"@type\":\"WebSite\",\"@id\":\"https:\/\/redfoxaffiliates.com\/#website\",\"url\":\"https:\/\/redfoxaffiliates.com\/\",\"name\":\"RedFoxLotto Affiliate Program\",\"description\":\"The site for marketing partners of RedFoxLotto.com\",\"potentialAction\":[{\"@type\":\"SearchAction\",\"target\":{\"@type\":\"EntryPoint\",\"urlTemplate\":\"https:\/\/redfoxaffiliates.com\/?s={search_term_string}\"},\"query-input\":\"required name=search_term_string\"}],\"inLanguage\":\"sv-SE\"}]}<\/script>\n<!-- \/ Yoast SEO plugin. -->","yoast_head_json":{"title":"Varf\u00f6r g\u00e5 med i RedFoxLottos affiliateprogram?","description":"Sk\u00e4l att g\u00e5 med oss och bli en RedFoxLotto-affiliate och f\u00f6rs\u00e4ljningspartner. Tj\u00e4na provision p\u00e5 varje f\u00f6rs\u00e4ljning som dina rekommenderade kunder g\u00f6r under hela livet!","robots":{"index":"index","follow":"follow","max-snippet":"max-snippet:-1","max-image-preview":"max-image-preview:large","max-video-preview":"max-video-preview:-1"},"canonical":"https:\/\/redfoxaffiliates.com\/why-become-a-lottery-affiliate\/","og_locale":"sv_SE","og_type":"article","og_title":"Varf\u00f6r g\u00e5 med i RedFoxLottos affiliateprogram?","og_description":"Sk\u00e4l att g\u00e5 med oss och bli en RedFoxLotto-affiliate och f\u00f6rs\u00e4ljningspartner. Tj\u00e4na provision p\u00e5 varje f\u00f6rs\u00e4ljning som dina rekommenderade kunder g\u00f6r under hela livet!","og_url":"https:\/\/redfoxaffiliates.com\/why-become-a-lottery-affiliate\/","og_site_name":"RedFoxLotto Affiliate Program","twitter_card":"summary_large_image","twitter_misc":{"Ber\u00e4knad l\u00e4stid":"3 minuter"},"schema":{"@context":"https:\/\/schema.org","@graph":[{"@type":"WebPage","@id":"https:\/\/redfoxaffiliates.com\/why-become-a-lottery-affiliate\/","url":"https:\/\/redfoxaffiliates.com\/why-become-a-lottery-affiliate\/","name":"Varf\u00f6r g\u00e5 med i RedFoxLottos affiliateprogram?","isPartOf":{"@id":"https:\/\/redfoxaffiliates.com\/#website"},"datePublished":"2023-07-15T11:33:10+00:00","dateModified":"2023-07-15T11:33:10+00:00","description":"Sk\u00e4l att g\u00e5 med oss och bli en RedFoxLotto-affiliate och f\u00f6rs\u00e4ljningspartner. Tj\u00e4na provision p\u00e5 varje f\u00f6rs\u00e4ljning som dina rekommenderade kunder g\u00f6r under hela livet!","breadcrumb":{"@id":"https:\/\/redfoxaffiliates.com\/why-become-a-lottery-affiliate\/#breadcrumb"},"inLanguage":"sv-SE","potentialAction":[{"@type":"ReadAction","target":["https:\/\/redfoxaffiliates.com\/why-become-a-lottery-affiliate\/"]}]},{"@type":"BreadcrumbList","@id":"https:\/\/redfoxaffiliates.com\/why-become-a-lottery-affiliate\/#breadcrumb","itemListElement":[{"@type":"ListItem","position":1,"name":"Home","item":"https:\/\/redfoxaffiliates.com\/sv\/hem\/"},{"@type":"ListItem","position":2,"name":"Varf\u00f6r bli lotteripartner?"}]},{"@type":"WebSite","@id":"https:\/\/redfoxaffiliates.com\/#website","url":"https:\/\/redfoxaffiliates.com\/","name":"RedFoxLotto Affiliate Program","description":"The site for marketing partners of RedFoxLotto.com","potentialAction":[{"@type":"SearchAction","target":{"@type":"EntryPoint","urlTemplate":"https:\/\/redfoxaffiliates.com\/?s={search_term_string}"},"query-input":"required name=search_term_string"}],"inLanguage":"sv-SE"}]}},"_links":{"self":[{"href":"https:\/\/redfoxaffiliates.com\/sv\/wp-json\/wp\/v2\/pages\/250","targetHints":{"allow":["GET"]}}],"collection":[{"href":"https:\/\/redfoxaffiliates.com\/sv\/wp-json\/wp\/v2\/pages"}],"about":[{"href":"https:\/\/redfoxaffiliates.com\/sv\/wp-json\/wp\/v2\/types\/page"}],"author":[{"embeddable":true,"href":"https:\/\/redfoxaffiliates.com\/sv\/wp-json\/wp\/v2\/users\/1"}],"replies":[{"embeddable":true,"href":"https:\/\/redfoxaffiliates.com\/sv\/wp-json\/wp\/v2\/comments?post=250"}],"version-history":[{"count":0,"href":"https:\/\/redfoxaffiliates.com\/sv\/wp-json\/wp\/v2\/pages\/250\/revisions"}],"wp:attachment":[{"href":"https:\/\/redfoxaffiliates.com\/sv\/wp-json\/wp\/v2\/media?parent=250"}],"curies":[{"name":"wp","href":"https:\/\/api.w.org\/{rel}","templated":true}]}}