{"id":196,"date":"2023-07-15T08:09:36","date_gmt":"2023-07-15T06:09:36","guid":{"rendered":"https:\/\/redfoxaffiliates.com\/hem\/"},"modified":"2026-01-03T11:04:18","modified_gmt":"2026-01-03T10:04:18","slug":"hem","status":"publish","type":"page","link":"https:\/\/redfoxaffiliates.com\/sv\/","title":{"rendered":"Hem"},"content":{"rendered":"&#13;\n<p>RedFoxAffiliates.com \u00e4r affiliateprogrammet f\u00f6r RedFoxLotto.com. RedFoxLotto \u00e4r en budtj\u00e4nst f\u00f6r lotter. Via webbplatsen RedFoxLotto.com kan lottofantaster fr\u00e5n hela v\u00e4rlden best\u00e4lla riktiga lotter till ett stort antal internationella lotterier.<\/p>&#13;\n<h2>Kan du generera trafik?<\/h2>&#13;\n<p>Om du kan generera trafik (nya potentiella kunder) till v\u00e5r webbplats tj\u00e4nar du provision. Du skickar trafik till oss och vi omvandlar den. Mer trafik inneb\u00e4r fler betalande kunder och h\u00f6gre provision f\u00f6r dig.&#13;\n<\/p>&#13;\n<h2>V\u00e5r lotteritj\u00e4nst \u00e4r den perfekta produkten att marknadsf\u00f6ra online<\/h2>&#13;\n<p>Det \u00e4r en enkel produkt som alla \u00f6ver hela v\u00e4rlden k\u00e4nner till. De enorma jackpottarna v\u00e4cker stort intresse hos en global publik.&#13;\n<\/p>&#13;\n<h2>Enkel konvertering \u2013 fr\u00e5n bes\u00f6kare till kund<\/h2>&#13;\n<p>Att k\u00f6pa lotter online via v\u00e5r webbplats \u00e4r hur enkelt som helst. Det tar bara n\u00e5gra sekunder att registrera sig p\u00e5 redfoxlotto.com, och att best\u00e4lla en lott och betala online g\u00e5r lika snabbt och smidigt. Du skickar dina bes\u00f6kare till oss, och vi omvandlar dem.&#13;\n<\/p>&#13;\n<h2>V\u00e5ra kunder \u00e4r lojala \u2013 de kommer tillbaka och k\u00f6per fler lotter under l\u00e5ng tid.<\/h2>&#13;\n<p>N\u00e4r dina bes\u00f6kare har gjort sitt f\u00f6rsta k\u00f6p kommer de att forts\u00e4tta att komma tillbaka f\u00f6r att k\u00f6pa fler lotter. M\u00e5nga av v\u00e5ra kunder har varit hos oss i tio \u00e5r eller \u00e4nnu l\u00e4ngre. Om du h\u00e4nvisar en kund till oss kommer du sannolikt att tj\u00e4na provision p\u00e5 den kundens k\u00f6p under m\u00e5nga \u00e5r fram\u00f6ver!&#13;\n<\/p>&#13;\n<p>Registrera dig f\u00f6r v\u00e5rt affiliateprogram nu. Det \u00e4r gratis att g\u00e5 med. Kolla v\u00e5r FAQ-sida f\u00f6rst om du har fr\u00e5gor. Kontakta oss om du har ytterligare fr\u00e5gor.&#13;\n<\/p>&#13;\n<p>F\u00f6lj denna l\u00e4nk f\u00f6r att g\u00e5 med i v\u00e5rt affiliateprogram. N\u00e4r du har registrerat dig kommer du att f\u00e5 ett e-postmeddelande fr\u00e5n oss. Gl\u00f6m inte att klicka p\u00e5 bekr\u00e4ftelsel\u00e4nken i det e-postmeddelandet. Din registrering kommer att granskas och ditt affiliatekonto kommer att aktiveras inom 48 timmar.<\/p>&#13;\n<p>\u00a0<\/p>&#13;\n","protected":false},"excerpt":{"rendered":"<p>&#13; RedFoxAffiliates.com \u00e4r affiliateprogrammet f\u00f6r RedFoxLotto.com. RedFoxLotto \u00e4r en budtj\u00e4nst f\u00f6r lotter. Via webbplatsen RedFoxLotto.com kan lottofantaster fr\u00e5n hela v\u00e4rlden best\u00e4lla riktiga lotter till ett stort antal internationella lotterier. &#13; Kan du generera trafik? &#13; Om du kan generera trafik (nya potentiella kunder) till v\u00e5r webbplats tj\u00e4nar du provision. Du<\/p>\n<p><a href=\"https:\/\/redfoxaffiliates.com\/sv\/\" class=\"more-link\">Continue Reading<span class=\"screen-reader-text\">Hem<\/span><\/a><\/p>\n","protected":false},"author":1,"featured_media":0,"parent":0,"menu_order":0,"comment_status":"closed","ping_status":"closed","template":"","meta":{"footnotes":""},"class_list":["post-196","page","type-page","status-publish","hentry"],"yoast_head":"<!-- This site is optimized with the Yoast SEO plugin v22.4 - https:\/\/yoast.com\/wordpress\/plugins\/seo\/ -->\n<title>Affiliateprogram f\u00f6r RedFoxLotto.com<\/title>\n<meta name=\"description\" content=\"V\u00e5rt affiliateprogram g\u00f6r det m\u00f6jligt f\u00f6r RedFoxLottos partners att tj\u00e4na provision p\u00e5 sina rekommendationer. Bli f\u00f6rs\u00e4ljningspartner och b\u00f6rja marknadsf\u00f6ra v\u00e5r online-lotteritj\u00e4nst redan idag!\" \/>\n<meta name=\"robots\" content=\"index, follow, max-snippet:-1, max-image-preview:large, max-video-preview:-1\" \/>\n<link rel=\"canonical\" href=\"https:\/\/redfoxaffiliates.com\/sv\/hem\/\" \/>\n<meta property=\"og:locale\" content=\"sv_SE\" \/>\n<meta property=\"og:type\" content=\"article\" \/>\n<meta property=\"og:title\" content=\"Affiliateprogram f\u00f6r RedFoxLotto.com\" \/>\n<meta property=\"og:description\" content=\"V\u00e5rt affiliateprogram g\u00f6r det m\u00f6jligt f\u00f6r RedFoxLottos partners att tj\u00e4na provision p\u00e5 sina rekommendationer. Bli f\u00f6rs\u00e4ljningspartner och b\u00f6rja marknadsf\u00f6ra v\u00e5r online-lotteritj\u00e4nst redan idag!\" \/>\n<meta property=\"og:url\" content=\"https:\/\/redfoxaffiliates.com\/sv\/hem\/\" \/>\n<meta property=\"og:site_name\" content=\"RedFoxLotto Affiliate Program\" \/>\n<meta property=\"article:modified_time\" content=\"2026-01-03T10:04:18+00:00\" \/>\n<meta name=\"twitter:card\" content=\"summary_large_image\" \/>\n<meta name=\"twitter:label1\" content=\"Ber\u00e4knad l\u00e4stid\" \/>\n\t<meta name=\"twitter:data1\" content=\"2 minuter\" \/>\n<script type=\"application\/ld+json\" class=\"yoast-schema-graph\">{\"@context\":\"https:\/\/schema.org\",\"@graph\":[{\"@type\":\"WebPage\",\"@id\":\"https:\/\/redfoxaffiliates.com\/sv\/hem\/\",\"url\":\"https:\/\/redfoxaffiliates.com\/sv\/hem\/\",\"name\":\"Affiliateprogram f\u00f6r RedFoxLotto.com\",\"isPartOf\":{\"@id\":\"https:\/\/redfoxaffiliates.com\/#website\"},\"datePublished\":\"2023-07-15T06:09:36+00:00\",\"dateModified\":\"2026-01-03T10:04:18+00:00\",\"description\":\"V\u00e5rt affiliateprogram g\u00f6r det m\u00f6jligt f\u00f6r RedFoxLottos partners att tj\u00e4na provision p\u00e5 sina rekommendationer. Bli f\u00f6rs\u00e4ljningspartner och b\u00f6rja marknadsf\u00f6ra v\u00e5r online-lotteritj\u00e4nst redan idag!\",\"breadcrumb\":{\"@id\":\"https:\/\/redfoxaffiliates.com\/sv\/hem\/#breadcrumb\"},\"inLanguage\":\"sv-SE\",\"potentialAction\":[{\"@type\":\"ReadAction\",\"target\":[\"https:\/\/redfoxaffiliates.com\/sv\/hem\/\"]}]},{\"@type\":\"BreadcrumbList\",\"@id\":\"https:\/\/redfoxaffiliates.com\/sv\/hem\/#breadcrumb\",\"itemListElement\":[{\"@type\":\"ListItem\",\"position\":1,\"name\":\"Home\",\"item\":\"https:\/\/redfoxaffiliates.com\/sv\/hem\/\"},{\"@type\":\"ListItem\",\"position\":2,\"name\":\"Hem\"}]},{\"@type\":\"WebSite\",\"@id\":\"https:\/\/redfoxaffiliates.com\/#website\",\"url\":\"https:\/\/redfoxaffiliates.com\/\",\"name\":\"RedFoxLotto Affiliate Program\",\"description\":\"The site for marketing partners of RedFoxLotto.com\",\"potentialAction\":[{\"@type\":\"SearchAction\",\"target\":{\"@type\":\"EntryPoint\",\"urlTemplate\":\"https:\/\/redfoxaffiliates.com\/?s={search_term_string}\"},\"query-input\":\"required name=search_term_string\"}],\"inLanguage\":\"sv-SE\"}]}<\/script>\n<!-- \/ Yoast SEO plugin. -->","yoast_head_json":{"title":"Affiliateprogram f\u00f6r RedFoxLotto.com","description":"V\u00e5rt affiliateprogram g\u00f6r det m\u00f6jligt f\u00f6r RedFoxLottos partners att tj\u00e4na provision p\u00e5 sina rekommendationer. Bli f\u00f6rs\u00e4ljningspartner och b\u00f6rja marknadsf\u00f6ra v\u00e5r online-lotteritj\u00e4nst redan idag!","robots":{"index":"index","follow":"follow","max-snippet":"max-snippet:-1","max-image-preview":"max-image-preview:large","max-video-preview":"max-video-preview:-1"},"canonical":"https:\/\/redfoxaffiliates.com\/sv\/hem\/","og_locale":"sv_SE","og_type":"article","og_title":"Affiliateprogram f\u00f6r RedFoxLotto.com","og_description":"V\u00e5rt affiliateprogram g\u00f6r det m\u00f6jligt f\u00f6r RedFoxLottos partners att tj\u00e4na provision p\u00e5 sina rekommendationer. Bli f\u00f6rs\u00e4ljningspartner och b\u00f6rja marknadsf\u00f6ra v\u00e5r online-lotteritj\u00e4nst redan idag!","og_url":"https:\/\/redfoxaffiliates.com\/sv\/hem\/","og_site_name":"RedFoxLotto Affiliate Program","article_modified_time":"2026-01-03T10:04:18+00:00","twitter_card":"summary_large_image","twitter_misc":{"Ber\u00e4knad l\u00e4stid":"2 minuter"},"schema":{"@context":"https:\/\/schema.org","@graph":[{"@type":"WebPage","@id":"https:\/\/redfoxaffiliates.com\/sv\/hem\/","url":"https:\/\/redfoxaffiliates.com\/sv\/hem\/","name":"Affiliateprogram f\u00f6r RedFoxLotto.com","isPartOf":{"@id":"https:\/\/redfoxaffiliates.com\/#website"},"datePublished":"2023-07-15T06:09:36+00:00","dateModified":"2026-01-03T10:04:18+00:00","description":"V\u00e5rt affiliateprogram g\u00f6r det m\u00f6jligt f\u00f6r RedFoxLottos partners att tj\u00e4na provision p\u00e5 sina rekommendationer. Bli f\u00f6rs\u00e4ljningspartner och b\u00f6rja marknadsf\u00f6ra v\u00e5r online-lotteritj\u00e4nst redan idag!","breadcrumb":{"@id":"https:\/\/redfoxaffiliates.com\/sv\/hem\/#breadcrumb"},"inLanguage":"sv-SE","potentialAction":[{"@type":"ReadAction","target":["https:\/\/redfoxaffiliates.com\/sv\/hem\/"]}]},{"@type":"BreadcrumbList","@id":"https:\/\/redfoxaffiliates.com\/sv\/hem\/#breadcrumb","itemListElement":[{"@type":"ListItem","position":1,"name":"Home","item":"https:\/\/redfoxaffiliates.com\/sv\/hem\/"},{"@type":"ListItem","position":2,"name":"Hem"}]},{"@type":"WebSite","@id":"https:\/\/redfoxaffiliates.com\/#website","url":"https:\/\/redfoxaffiliates.com\/","name":"RedFoxLotto Affiliate Program","description":"The site for marketing partners of RedFoxLotto.com","potentialAction":[{"@type":"SearchAction","target":{"@type":"EntryPoint","urlTemplate":"https:\/\/redfoxaffiliates.com\/?s={search_term_string}"},"query-input":"required name=search_term_string"}],"inLanguage":"sv-SE"}]}},"_links":{"self":[{"href":"https:\/\/redfoxaffiliates.com\/sv\/wp-json\/wp\/v2\/pages\/196","targetHints":{"allow":["GET"]}}],"collection":[{"href":"https:\/\/redfoxaffiliates.com\/sv\/wp-json\/wp\/v2\/pages"}],"about":[{"href":"https:\/\/redfoxaffiliates.com\/sv\/wp-json\/wp\/v2\/types\/page"}],"author":[{"embeddable":true,"href":"https:\/\/redfoxaffiliates.com\/sv\/wp-json\/wp\/v2\/users\/1"}],"replies":[{"embeddable":true,"href":"https:\/\/redfoxaffiliates.com\/sv\/wp-json\/wp\/v2\/comments?post=196"}],"version-history":[{"count":1,"href":"https:\/\/redfoxaffiliates.com\/sv\/wp-json\/wp\/v2\/pages\/196\/revisions"}],"predecessor-version":[{"id":197,"href":"https:\/\/redfoxaffiliates.com\/sv\/wp-json\/wp\/v2\/pages\/196\/revisions\/197"}],"wp:attachment":[{"href":"https:\/\/redfoxaffiliates.com\/sv\/wp-json\/wp\/v2\/media?parent=196"}],"curies":[{"name":"wp","href":"https:\/\/api.w.org\/{rel}","templated":true}]}}