{"id":348,"date":"2026-01-01T21:16:49","date_gmt":"2026-01-01T20:16:49","guid":{"rendered":"https:\/\/redfoxaffiliates.com\/o-etiki-v-programih-afiliatnega-marketinga\/"},"modified":"2026-01-01T21:16:49","modified_gmt":"2026-01-01T20:16:49","slug":"o-etiki-v-programih-afiliatnega-marketinga","status":"publish","type":"page","link":"https:\/\/redfoxaffiliates.com\/sl\/o-etiki-v-programih-afiliatnega-marketinga\/","title":{"rendered":"O etiki v programih afiliatnega marketinga"},"content":{"rendered":"<p>Morda vas bo presenetilo, da na spletni strani afiliatnega programa najdete sklic na etiko. Strinjamo se, da je to nenavadno.<\/p>\n<p>A za nas je to bistvena tema. Nekdanji afiliati upravljajo tako RedFoxLotto.com kot tudi ta afiliatni program. Sodelujemo z istimi podjetji, s katerimi ste sodelovali (ali morda \u0161e sodelujete) vi. Po ve\u010d kot 12 letih v affiliate poslu na podro\u010dju iger na sre\u010do smo videli veliko slabih stvari. Zmanj\u0161evanje prihodkov, spremembe pogojev poslovanja, ki so povzro\u010dile izgubo prihodkov za affiliate partnerje, zamude pri pla\u010dilih ali nepla\u010dila, kraja va\u0161ih strank (ali strank drugih affiliate partnerjev) \u2013 vse to smo \u017ee videli.<\/p>\n<p>Na \u017ealost je to industrija, v kateri se pridnim partnerjem ves \u010das dogajajo slabe stvari. Zato smo se odlo\u010dili narediti naslednji korak. Lansirali smo svoj produkt, RedFoxLotto.com. Na\u0161 tr\u017eni na\u010drt je preprost: 100 % temelji na SEO in spletnem partnerskem tr\u017eenju.<\/p>\n<p>Ker smo sami bili partnerji, se zavezujemo, da bomo izvajali 100 % eti\u010dni in po\u0161teni partnerski program. Da, vsi pravijo, da ne bomo storili tega ali onega. Mi pa mislimo resno, kar pravimo.<\/p>\n<p>Tukaj je, kaj lahko pri\u010dakujete od nas<br \/>\nDogovor je dogovor! To pomeni, da \u010de re\u010demo, da boste prejeli dele\u017e prihodkov, ki jih ustvarite za celotno \u017eivljenjsko dobo strank, ki jih pridobite, to tudi mislimo resno. Nikoli ne bomo spremenili mnenja o tem.<br \/>\nNikoli ne bomo manipulirali s poro\u010dili o zaslu\u017ekih, da bi zmanj\u0161ali svoje stro\u0161ke. Nikoli ne bomo odstranili strank iz va\u0161ega ra\u010duna. \u017delimo, da ste \u010dim bolj uspe\u0161ni. Ste na\u0161i poslovni partnerji in na\u0161 uspeh je odvisen od vas!<br \/>\nPla\u010dali vam bomo pravo\u010dasno. Tudi vi imate obveznosti in stro\u0161ke, in to razumemo.<br \/>\n\u010ce imate kakr\u0161na koli vpra\u0161anja ali potrebujete na\u0161o pomo\u010d, se obrnite na nas. Uporabite obrazec \u00bbKontakt\u00ab v zgornji menijski vrstici. Zberimo se in poglejmo, ali lahko skupaj zaslu\u017eimo nekaj denarja!<\/p>\n","protected":false},"excerpt":{"rendered":"<p>Morda vas bo presenetilo, da na spletni strani afiliatnega programa najdete sklic na etiko. Strinjamo se, da je to nenavadno. A za nas je to bistvena tema. Nekdanji afiliati upravljajo tako RedFoxLotto.com kot tudi ta afiliatni program. Sodelujemo z istimi podjetji, s katerimi ste sodelovali (ali morda \u0161e sodelujete) vi.<\/p>\n<p><a href=\"https:\/\/redfoxaffiliates.com\/sl\/o-etiki-v-programih-afiliatnega-marketinga\/\" class=\"more-link\">Continue Reading<span class=\"screen-reader-text\">O etiki v programih afiliatnega marketinga<\/span><\/a><\/p>\n","protected":false},"author":1,"featured_media":0,"parent":0,"menu_order":7,"comment_status":"closed","ping_status":"closed","template":"","meta":{"footnotes":""},"class_list":["post-348","page","type-page","status-publish","hentry"],"yoast_head":"<!-- This site is optimized with the Yoast SEO plugin v22.4 - https:\/\/yoast.com\/wordpress\/plugins\/seo\/ -->\n<title>Etika in pridru\u017eevanje na loterijskem trgu<\/title>\n<meta name=\"description\" content=\"Obstaja veliko loterijskih partnerskih programov, ki kradejo denar svojim partnerjem. Zato je tema eti\u010dnega poslovanja za nas pomembna.\" \/>\n<meta name=\"robots\" content=\"index, follow, max-snippet:-1, max-image-preview:large, max-video-preview:-1\" \/>\n<link rel=\"canonical\" href=\"https:\/\/redfoxaffiliates.com\/ethics-and-affiliate-marketing-programs\/\" \/>\n<meta property=\"og:locale\" content=\"sl_SI\" \/>\n<meta property=\"og:type\" content=\"article\" \/>\n<meta property=\"og:title\" content=\"Etika in pridru\u017eevanje na loterijskem trgu\" \/>\n<meta property=\"og:description\" content=\"Obstaja veliko loterijskih partnerskih programov, ki kradejo denar svojim partnerjem. Zato je tema eti\u010dnega poslovanja za nas pomembna.\" \/>\n<meta property=\"og:url\" content=\"https:\/\/redfoxaffiliates.com\/ethics-and-affiliate-marketing-programs\/\" \/>\n<meta property=\"og:site_name\" content=\"RedFoxLotto Affiliate Program\" \/>\n<meta name=\"twitter:card\" content=\"summary_large_image\" \/>\n<meta name=\"twitter:label1\" content=\"Est. reading time\" \/>\n\t<meta name=\"twitter:data1\" content=\"2 minuti\" \/>\n<script type=\"application\/ld+json\" class=\"yoast-schema-graph\">{\"@context\":\"https:\/\/schema.org\",\"@graph\":[{\"@type\":\"WebPage\",\"@id\":\"https:\/\/redfoxaffiliates.com\/ethics-and-affiliate-marketing-programs\/\",\"url\":\"https:\/\/redfoxaffiliates.com\/ethics-and-affiliate-marketing-programs\/\",\"name\":\"Etika in pridru\u017eevanje na loterijskem trgu\",\"isPartOf\":{\"@id\":\"https:\/\/redfoxaffiliates.com\/#website\"},\"datePublished\":\"2026-01-01T20:16:49+00:00\",\"dateModified\":\"2026-01-01T20:16:49+00:00\",\"description\":\"Obstaja veliko loterijskih partnerskih programov, ki kradejo denar svojim partnerjem. Zato je tema eti\u010dnega poslovanja za nas pomembna.\",\"breadcrumb\":{\"@id\":\"https:\/\/redfoxaffiliates.com\/ethics-and-affiliate-marketing-programs\/#breadcrumb\"},\"inLanguage\":\"sl-SI\",\"potentialAction\":[{\"@type\":\"ReadAction\",\"target\":[\"https:\/\/redfoxaffiliates.com\/ethics-and-affiliate-marketing-programs\/\"]}]},{\"@type\":\"BreadcrumbList\",\"@id\":\"https:\/\/redfoxaffiliates.com\/ethics-and-affiliate-marketing-programs\/#breadcrumb\",\"itemListElement\":[{\"@type\":\"ListItem\",\"position\":1,\"name\":\"Home\",\"item\":\"https:\/\/redfoxaffiliates.com\/sl\/domov\/\"},{\"@type\":\"ListItem\",\"position\":2,\"name\":\"O etiki v programih afiliatnega marketinga\"}]},{\"@type\":\"WebSite\",\"@id\":\"https:\/\/redfoxaffiliates.com\/#website\",\"url\":\"https:\/\/redfoxaffiliates.com\/\",\"name\":\"RedFoxLotto Affiliate Program\",\"description\":\"The site for marketing partners of RedFoxLotto.com\",\"potentialAction\":[{\"@type\":\"SearchAction\",\"target\":{\"@type\":\"EntryPoint\",\"urlTemplate\":\"https:\/\/redfoxaffiliates.com\/?s={search_term_string}\"},\"query-input\":\"required name=search_term_string\"}],\"inLanguage\":\"sl-SI\"}]}<\/script>\n<!-- \/ Yoast SEO plugin. -->","yoast_head_json":{"title":"Etika in pridru\u017eevanje na loterijskem trgu","description":"Obstaja veliko loterijskih partnerskih programov, ki kradejo denar svojim partnerjem. Zato je tema eti\u010dnega poslovanja za nas pomembna.","robots":{"index":"index","follow":"follow","max-snippet":"max-snippet:-1","max-image-preview":"max-image-preview:large","max-video-preview":"max-video-preview:-1"},"canonical":"https:\/\/redfoxaffiliates.com\/ethics-and-affiliate-marketing-programs\/","og_locale":"sl_SI","og_type":"article","og_title":"Etika in pridru\u017eevanje na loterijskem trgu","og_description":"Obstaja veliko loterijskih partnerskih programov, ki kradejo denar svojim partnerjem. Zato je tema eti\u010dnega poslovanja za nas pomembna.","og_url":"https:\/\/redfoxaffiliates.com\/ethics-and-affiliate-marketing-programs\/","og_site_name":"RedFoxLotto Affiliate Program","twitter_card":"summary_large_image","twitter_misc":{"Est. reading time":"2 minuti"},"schema":{"@context":"https:\/\/schema.org","@graph":[{"@type":"WebPage","@id":"https:\/\/redfoxaffiliates.com\/ethics-and-affiliate-marketing-programs\/","url":"https:\/\/redfoxaffiliates.com\/ethics-and-affiliate-marketing-programs\/","name":"Etika in pridru\u017eevanje na loterijskem trgu","isPartOf":{"@id":"https:\/\/redfoxaffiliates.com\/#website"},"datePublished":"2026-01-01T20:16:49+00:00","dateModified":"2026-01-01T20:16:49+00:00","description":"Obstaja veliko loterijskih partnerskih programov, ki kradejo denar svojim partnerjem. Zato je tema eti\u010dnega poslovanja za nas pomembna.","breadcrumb":{"@id":"https:\/\/redfoxaffiliates.com\/ethics-and-affiliate-marketing-programs\/#breadcrumb"},"inLanguage":"sl-SI","potentialAction":[{"@type":"ReadAction","target":["https:\/\/redfoxaffiliates.com\/ethics-and-affiliate-marketing-programs\/"]}]},{"@type":"BreadcrumbList","@id":"https:\/\/redfoxaffiliates.com\/ethics-and-affiliate-marketing-programs\/#breadcrumb","itemListElement":[{"@type":"ListItem","position":1,"name":"Home","item":"https:\/\/redfoxaffiliates.com\/sl\/domov\/"},{"@type":"ListItem","position":2,"name":"O etiki v programih afiliatnega marketinga"}]},{"@type":"WebSite","@id":"https:\/\/redfoxaffiliates.com\/#website","url":"https:\/\/redfoxaffiliates.com\/","name":"RedFoxLotto Affiliate Program","description":"The site for marketing partners of RedFoxLotto.com","potentialAction":[{"@type":"SearchAction","target":{"@type":"EntryPoint","urlTemplate":"https:\/\/redfoxaffiliates.com\/?s={search_term_string}"},"query-input":"required name=search_term_string"}],"inLanguage":"sl-SI"}]}},"_links":{"self":[{"href":"https:\/\/redfoxaffiliates.com\/sl\/wp-json\/wp\/v2\/pages\/348","targetHints":{"allow":["GET"]}}],"collection":[{"href":"https:\/\/redfoxaffiliates.com\/sl\/wp-json\/wp\/v2\/pages"}],"about":[{"href":"https:\/\/redfoxaffiliates.com\/sl\/wp-json\/wp\/v2\/types\/page"}],"author":[{"embeddable":true,"href":"https:\/\/redfoxaffiliates.com\/sl\/wp-json\/wp\/v2\/users\/1"}],"replies":[{"embeddable":true,"href":"https:\/\/redfoxaffiliates.com\/sl\/wp-json\/wp\/v2\/comments?post=348"}],"version-history":[{"count":0,"href":"https:\/\/redfoxaffiliates.com\/sl\/wp-json\/wp\/v2\/pages\/348\/revisions"}],"wp:attachment":[{"href":"https:\/\/redfoxaffiliates.com\/sl\/wp-json\/wp\/v2\/media?parent=348"}],"curies":[{"name":"wp","href":"https:\/\/api.w.org\/{rel}","templated":true}]}}