{"id":338,"date":"2026-01-01T21:15:19","date_gmt":"2026-01-01T20:15:19","guid":{"rendered":"https:\/\/redfoxaffiliates.com\/kako-zaceti-spletno-affiliate-poslovanje\/"},"modified":"2026-01-01T21:15:19","modified_gmt":"2026-01-01T20:15:19","slug":"kako-zaceti-spletno-affiliate-poslovanje","status":"publish","type":"page","link":"https:\/\/redfoxaffiliates.com\/sl\/kako-zaceti-spletno-affiliate-poslovanje\/","title":{"rendered":"Kako za\u010deti spletno affiliate poslovanje"},"content":{"rendered":"<h2>Kaj je affiliate marketing?<\/h2>\n<p>\u0160tevilni spletni prodajalci imajo tako imenovane affiliate programe. Vsakdo lahko tam ustvari affiliate ra\u010dun in za\u010dne promovirati svoje izdelke na spletu. Promotor (vi) prejme provizijo za napotitev pla\u010dljivih strank k prodajalcu.<\/p>\n<p>Preverite meni na desni. Tam je povezava do PDF-vodnika za za\u010detnike o tem, kako za\u010deti s affiliate poslovanjem, iz ni\u010d in z minimalnim vlo\u017ekom.<\/p>\n<h2>Kako ste pla\u010dani?<\/h2>\n<p>Ko se prijavite v affiliate program, lahko na affiliate spletni strani prenesete tako imenovane sledilne povezave in\/ali pasice s &#8220;sledenimi povezavami&#8221;. Te je mogo\u010de vdelati na va\u0161o spletno stran in ko obiskovalec klikne povezavo, prodajalec ve, kateri affiliate je napotil stranko na podlagi ID \u0161tevilke v povezavi.<\/p>\n<p>Obstajata dva osnovna modela za va\u0161e sodelovanje s affiliate programom:<\/p>\n<p>CPA (cena na pridobitev), pri katerem affiliate prejme fiksni znesek, ko nova stranka dose\u017ee dolo\u010den prag prodaje.<\/p>\n<p>Dele\u017e prihodkov (pogosto imenovan tudi MGR), pri katerem affiliate prejme odstotek prihodkov od prodaje. Glede na pogoje poslovanja vam bo pla\u010dan odstotek provizije od vse prihodnje prodaje ali samo za dolo\u010deno obdobje.<\/p>\n<h2>Kako promovirate te prodajalce?<\/h2>\n<p>Za za\u010detek affiliate marketinga potrebujete spletno mesto, ki usmerja promet. Glejte spodnji odstavek \u00bbNaredite na\u010drt\u00ab! Najpomembnej\u0161e je pridobiti \u00bbpromet\u00ab za svoje spletno mesto.<\/p>\n<p>To spletno mesto je lahko spletno mesto, povezano z dolo\u010denim izdelkom (izdelkom, ki ga \u017eelite promovirati), ali pa samo spletno mesto na katero koli temo, \u010de le ustvari dovolj prometa. Primer: Ustvarite spletno mesto na temo, ki jo dobro poznate, kot je potapljanje. Pi\u0161ete odli\u010dno vsebino in ljudje obi\u0161\u010dejo va\u0161e spletno mesto. Nato za\u010dnete promovirati spletno prodajno mesto, specializirano za potaplja\u0161ko opremo. Vsaki\u010d, ko obiskovalec z va\u0161ega spletnega mesta obi\u0161\u010de spletno mesto prodajalca in nekaj kupi, prejmete provizijo.<\/p>\n<h2>Tr\u017eenje na dru\u017ebenih omre\u017ejih<\/h2>\n<p>\u010ce imate ob\u010dinstvo na dru\u017ebenih omre\u017ejih, morda sploh ne potrebujete spletnega mesta. Za za\u010detek promocije izdelkov prodajalca lahko uporabite iste sledene affiliate povezave. In \u010de je va\u0161e ob\u010dinstvo globalno, toliko bolje. \u0160tevilne dr\u017eave imajo loterije z nizkimi izpla\u010dili ali pa sploh nimajo loterij. Prebivalci teh dr\u017eav so idealno ob\u010dinstvo za na\u0161o storitev loterij.<\/p>\n<p>Obstajata predvsem dva scenarija:<\/p>\n<p>\u010ce bi imeli spletno mesto s \u0161iroko paleto tem \u010dlankov in bi to spletno mesto vsak dan obiskalo na tiso\u010de obiskovalcev, bi lahko bolj ali manj prodajali kateri koli izdelek, ki bi ga \u017eeleli. \u017de samo \u0161tevilo obiskovalcev bi ustvarilo znaten prihodek. In na\u0161 partnerski program je odli\u010den za vsako spletno mesto, saj navsezadnje vsi obo\u017eujejo loterijo, kajne?<\/p>\n<p>\u010ce bi imeli na primer spletno mesto, povezano z loterijo, bi verjetno imeli manj obiskovalcev. Kljub temu je promet bolj &#8220;ciljan&#8221;, tj. va\u0161i obiskovalci bodo bolj verjetno kupili loterijske sre\u010dke, ki jih promovirate. Tudi \u010de bi imeli le 10 obiskovalcev na dan, bi \u0161e vedno videli nekaj prihodka. In pri igranju loterije obstaja \u0161e ena stvar: ljudje ponavadi igrajo dolgo, dolgo \u010dasa. Ko boste v na\u0161 partnerski program napotili dolo\u010deno \u0161tevilo strank, boste videli relativno stalen tok prihodkov.<\/p>\n<h2>Kako pridobiti obiskovalce na va\u0161e spletno mesto?<\/h2>\n<p>Za privabljanje obiskovalcev boste na svojem spletnem mestu potrebovali visokokakovostne \u010dlanke, ki bralcem zagotavljajo koristne informacije. Nau\u010diti se morate tudi osnov SEO (optimizacije za iskalnike). To je pomembno, ker obstajajo posebna &#8220;pravila&#8221;, ki jih morate poznati, da zagotovite, da se bodo strani na va\u0161em spletnem mestu uvrstile visoko v Googlu za iskalne &#8220;klju\u010dne besede&#8221;, ki vam lahko pripeljejo obiskovalce. Partnerji temu pravijo &#8220;usmerjanje prometa&#8221; na va\u0161e spletno mesto.<\/p>\n<p>SEO ni raketna znanost. Samo poi\u0161\u010dite &#8220;osnove SEO&#8221; v Googlu in preberite nekaj, da se nau\u010dite najpomembnej\u0161ih pravil za ustvarjanje \u010dlankov in izbolj\u0161anje svojih ve\u0161\u010din pozneje.<\/p>\n<h2>Mo\u010d e-po\u0161tnega seznama<\/h2>\n<p>Vedno nastavite svoje spletno mesto tako, da imajo obiskovalci razlog za prijavo ali pu\u0161\u010danje svojih e-po\u0161tnih naslovov. Zgradite seznam in ga uporabite za po\u0161iljanje e-po\u0161tnih sporo\u010dil, ki promovirajo posebne dogodke, razprodaje in drugo. \u010ce \u017ee imate seznam, potem morda sploh ne potrebujete spletnega mesta, da bi bili partner. Vendar ne kupujte seznamov s spletnih mest za prodajo ne\u017eelenih e-po\u0161tnih naslovov &#8211; niso vredni tega.<\/p>\n<h2>Koliko stane za\u010detek partnerskega marketinga?<\/h2>\n<p>Preprost odgovor: ni\u010d ali skoraj ni\u010d!<\/p>\n<p>Vse, kar potrebujete, je ime domene in paket gostovanja za spletni prostor. Kot za\u010detnik ne potrebujete lastnega stre\u017enika; za za\u010detek zadostuje osnovno spletno gostovanje, ki je na voljo od 2 \u20ac na mesec.<\/p>\n<p>Izberite zanesljivega ponudnika gostovanja in razpolo\u017eljivo ime domene. Preden naro\u010dite domeno, dobro premislite o imenu. Nato izberite osnovni paket gostovanja. Registrirajte in pla\u010dajte ra\u010dun. Nato se prijavite v svoj ra\u010dun stranke in si oglejte naokoli. En nasvet: poi\u0161\u010dite dodatno funkcijo, imenovano \u00bbZasebnost domene\u00ab \u2013 to je nekaj, kar morate upo\u0161tevati, \u010de iz nekega razloga ne \u017eelite, da bi kdo vedel, da ste lastnik in upravljavec tega spletnega mesta in partnerskega podjetja.<\/p>\n<h2>podjetje, povezano z njim.<\/h2>\n<p>Priporo\u010damo, da za\u010dnete z namestitvijo spletnega mesta WordPress z uporabo brezpla\u010dne predloge (postavitve). WordPress je sistem za upravljanje vsebin (CMS), ki samodejno zgradi va\u0161e spletno mesto in vam omogo\u010da njegovo upravljanje. Ponudniki spletnega prostora imajo preproste funkcije, s katerimi lahko v nekaj sekundah nastavite spletno mesto WordPress. Za to sploh niso potrebne nobene programerske ve\u0161\u010dine!<\/p>\n<p>Preberite uvodni vodi\u010d, da se nau\u010dite najpomembnej\u0161ih funkcij WordPressa. Za pridobitev osnovnih ve\u0161\u010din, potrebnih za upravljanje preprostega spletnega mesta, potrebujete le nekaj ur. Na spletnem mestu WordPress je na voljo podrobna dokumentacija in forum, kjer lahko za pomo\u010d prosite bolj izku\u0161ene uporabnike.<\/p>\n<h2>Koliko denarja lahko zaslu\u017eite kot affiliate partner?<\/h2>\n<p>To je zelo odvisno od tega, kako predani ste in kako dobri ste. Nekateri affiliate partnerji zaslu\u017eijo milijone, drugi zelo malo, mnogi pa zaslu\u017eijo ve\u010d sto evrov na mesec. Ne pri\u010dakujte, da boste takoj zaslu\u017eili denar. Va\u0161e spletno mesto potrebuje \u010das, da privabi obiskovalce. \u010ce vlo\u017eite potrebno delo, boste dolgoro\u010dno lahko od tega \u017eiveli.<\/p>\n<h2>Ali naj\/ali lahko to po\u010dnete s polnim ali delnim delovnim \u010dasom?<\/h2>\n<p>Vsakdo se mora o tem odlo\u010diti sam. Toda 90 odstotkov partnerjev se podjetju pridru\u017ei s kraj\u0161im delovnim \u010dasom. Velik odstotek partnerjev preide na delo s polnim delovnim \u010dasom, ko dose\u017ee zadosten uspeh in izku\u0161nje v panogi.<\/p>\n<h2>Je to zakonito?<\/h2>\n<p>Absolutno, razen \u010de promovirate izdelke, ki so v va\u0161i dr\u017eavi stalnega prebivali\u0161\u010da nezakoniti; \u010de je temu tako, morate sprejeti ukrepe za za\u0161\u010dito pred morebitnimi te\u017eavami. Med drugim glejte \u00bbZasebnost domen\u00ab zgoraj. Pazite, da ne izberete registrarja domen in\/ali storitve gostovanja v dr\u017eavi, kjer bi bilo va\u0161e spletno mesto nezakonito!<\/p>\n<h2>Najpomembneje: naredite na\u010drt!<\/h2>\n<p>Preden lahko zaslu\u017eite denar prek partnerskega programa, morate razviti dober na\u010drt in zbrati bistvene informacije. Morda ste videli film s Kevinom Costnerjem \u00bbPolje sanj\u00ab, v katerem glas z neba pravi: \u00bbZgradite ga in pri\u0161li bodo.\u00ab \u010ce mislite, da lahko sestavite spletno mesto na katero koli temo in pri\u010dakujete, da bo denar kmalu pri\u0161el, boste na koncu razo\u010darani.<\/p>\n<p>\u010ce pa se zadeve lotite na\u010drtno, lahko zaslu\u017eite dober denar, ogla\u0161evanje partnerskega programa pa je izjemno zabavno. Idealno je za\u010deti s kraj\u0161im delovnim \u010dasom, in \u010de bo \u0161lo dobro, lahko zlahka preidete na polni delovni \u010das.<\/p>\n<h2>Va\u0161 na\u010drt mora vsebovati naslednje stvari:<\/h2>\n<p>Izberite temo, ki vas navdu\u0161uje in o kateri lahko svojim bralcem zagotovite dragocene informacije. \u010ce ste v tem novi, vedno izberite \u00bbni\u0161no\u00ab temo \u2013 \u010de obstaja veliko drugih spletnih mest o tej temi, se boste te\u017eko kosali z njimi. Prav tako bo te\u017eko dose\u010di uvrstitev za katero koli klju\u010dno besedo. Seveda morate izbrati temo, ki ustreza izdelku, ki ga je mogo\u010de kupiti na spletu in ima partnerski program.<\/p>\n<p>Naredite seznam kombinacij klju\u010dnih besed, ki jih potencialni obiskovalci morda i\u0161\u010dejo v Googlu. Upo\u0161tevajte, da je doseganje visokih uvrstitev za o\u010ditne klju\u010dne besede, kot je \u00bbspletna loto\u00ab, skoraj nemogo\u010de. Izberite bolj specifi\u010dne besedne zveze. Ekstremen primer bi bil \u00bbAli lahko ljudje sodelujejo v Powerballu, \u010de ne \u017eivijo v ZDA?\u00ab<\/p>\n<p>Nato se odlo\u010dite, katero kombinacijo klju\u010dnih besed boste ciljali na doma\u010di strani svojega spletnega mesta. Napi\u0161ite \u010dlanek za doma\u010do stran za to kombinacijo klju\u010dnih besed. Nato razvijte na\u010drt za strukturo svojega spletnega mesta. Napi\u0161ite \u0161e nekaj \u010dlankov za druge kombinacije klju\u010dnih besed, ki jih lahko izmislite.<\/p>\n<h2>Od takrat naprej se morate osredoto\u010diti na dve stvari:<\/h2>\n<p>Gradite povezave, ki ka\u017eejo na va\u0161e spletno mesto. Povezave so kot pozitivni glasovi za va\u0161e spletno mesto; visokokakovostne povezave lahko izbolj\u0161ajo va\u0161o uvrstitev v iskalnikih. Prosite prijatelje s spletnimi mesti za povezave, stopite v stik z drugimi skrbniki spletnih mest in ponudite pisanje \u010dlanka v zameno za povezave itd. Najbolj\u0161e povezave pa bodo pri\u0161le same od sebe, ko bodo ljudje prebrali va\u0161e \u010dlanke in se povezali na va\u0161o stran, ker jim je bilo v\u0161e\u010d, kar ste napisali!<\/p>\n<p>Ustvarite ve\u010d vsebine (\u010dlankov) z dobro optimizacijo za iskalnike (SEO). Uporabite svojo domi\u0161ljijo in redno pi\u0161ite nove \u010dlanke. Za za\u010detek razmislite o dodajanju 2\u20133 \u010dlankov na teden.<\/p>\n<p>Medtem ko boste dokon\u010dali zgoraj navedeno, boste postali vse bolj spretni in prvi obiskovalci bodo prispeli na va\u0161e spletno mesto. Za spremljanje \u0161tevila obiskovalcev in njihovega vedenja uporabite (brezpla\u010dno) storitev, kot je www.clicky.com ali Google Analytics. Redno preverjajte svoj ra\u010dun partnerskega programa, da vidite, ali ustvarjate prihodek.<\/p>\n<p>Uporabite storitev SEO, ki vam bo pomagala najti ve\u010d klju\u010dnih besed, povezanih z va\u0161o glavno klju\u010dno besedo. Ustvarite vsebino, optimizirano za SEO, ki cilja na te klju\u010dne besede. Ve\u010d vsebine pripelje ve\u010d prometa na va\u0161e spletno mesto in pove\u010da va\u0161e provizije.<\/p>\n<p>S\u010dasoma, ko boste vlo\u017eili trud, boste skoraj zagotovo opazili pozitiven u\u010dinek na \u0161tevilo obiskovalcev in prihodke.<\/p>\n<p><em>Osebno<\/em>: ljudje, ki stojijo za RedFoxLotto in partnerskim programom, so za\u010deli kot partnerji pred ve\u010d kot 15 leti. Od takrat so precej uspe\u0161ni. In \u010de jih vpra\u0161ate, kaj jim je v\u0161e\u010d pri tem poslu, vam bodo povedali tole:<\/p>\n<ul>\n<li>Neomejen in globalni potencial zaslu\u017eka<\/li>\n<li>Svoje podjetje za affiliate marketing lahko za\u010dnete skoraj brez nalo\u017ebe.<\/li>\n<li>To vam lahko zagotovi finan\u010dno neodvisnost.<\/li>\n<li>Delate lahko prek spleta, kjer koli \u017eelite.<\/li>\n<\/ul>\n","protected":false},"excerpt":{"rendered":"<p>Kaj je affiliate marketing? \u0160tevilni spletni prodajalci imajo tako imenovane affiliate programe. Vsakdo lahko tam ustvari affiliate ra\u010dun in za\u010dne promovirati svoje izdelke na spletu. Promotor (vi) prejme provizijo za napotitev pla\u010dljivih strank k prodajalcu. Preverite meni na desni. Tam je povezava do PDF-vodnika za za\u010detnike o tem, kako za\u010deti<\/p>\n<p><a href=\"https:\/\/redfoxaffiliates.com\/sl\/kako-zaceti-spletno-affiliate-poslovanje\/\" class=\"more-link\">Continue Reading<span class=\"screen-reader-text\">Kako za\u010deti spletno affiliate poslovanje<\/span><\/a><\/p>\n","protected":false},"author":1,"featured_media":0,"parent":0,"menu_order":6,"comment_status":"closed","ping_status":"closed","template":"","meta":{"footnotes":""},"class_list":["post-338","page","type-page","status-publish","hentry"],"yoast_head":"<!-- This site is optimized with the Yoast SEO plugin v22.4 - https:\/\/yoast.com\/wordpress\/plugins\/seo\/ -->\n<title>Kako za\u010deti in razviti svoje spletno affiliate marketing poslovanje<\/title>\n<meta name=\"description\" content=\"Na\u010drt za uspeh affiliate poslovanja. Za\u010dnite zaslu\u017eiti provizije na spletu tako, da postanete affiliate in marketing partner\" \/>\n<meta name=\"robots\" content=\"index, follow, max-snippet:-1, max-image-preview:large, max-video-preview:-1\" \/>\n<link rel=\"canonical\" href=\"https:\/\/redfoxaffiliates.com\/how-to-start-an-online-affiliate-marketing-business\/\" \/>\n<meta property=\"og:locale\" content=\"sl_SI\" \/>\n<meta property=\"og:type\" content=\"article\" \/>\n<meta property=\"og:title\" content=\"Kako za\u010deti in razviti svoje spletno affiliate marketing poslovanje\" \/>\n<meta property=\"og:description\" content=\"Na\u010drt za uspeh affiliate poslovanja. Za\u010dnite zaslu\u017eiti provizije na spletu tako, da postanete affiliate in marketing partner\" \/>\n<meta property=\"og:url\" content=\"https:\/\/redfoxaffiliates.com\/how-to-start-an-online-affiliate-marketing-business\/\" \/>\n<meta property=\"og:site_name\" content=\"RedFoxLotto Affiliate Program\" \/>\n<meta name=\"twitter:card\" content=\"summary_large_image\" \/>\n<meta name=\"twitter:label1\" content=\"Est. reading time\" \/>\n\t<meta name=\"twitter:data1\" content=\"9 minut\" \/>\n<script type=\"application\/ld+json\" class=\"yoast-schema-graph\">{\"@context\":\"https:\/\/schema.org\",\"@graph\":[{\"@type\":\"WebPage\",\"@id\":\"https:\/\/redfoxaffiliates.com\/how-to-start-an-online-affiliate-marketing-business\/\",\"url\":\"https:\/\/redfoxaffiliates.com\/how-to-start-an-online-affiliate-marketing-business\/\",\"name\":\"Kako za\u010deti in razviti svoje spletno affiliate marketing poslovanje\",\"isPartOf\":{\"@id\":\"https:\/\/redfoxaffiliates.com\/#website\"},\"datePublished\":\"2026-01-01T20:15:19+00:00\",\"dateModified\":\"2026-01-01T20:15:19+00:00\",\"description\":\"Na\u010drt za uspeh affiliate poslovanja. Za\u010dnite zaslu\u017eiti provizije na spletu tako, da postanete affiliate in marketing partner\",\"breadcrumb\":{\"@id\":\"https:\/\/redfoxaffiliates.com\/how-to-start-an-online-affiliate-marketing-business\/#breadcrumb\"},\"inLanguage\":\"sl-SI\",\"potentialAction\":[{\"@type\":\"ReadAction\",\"target\":[\"https:\/\/redfoxaffiliates.com\/how-to-start-an-online-affiliate-marketing-business\/\"]}]},{\"@type\":\"BreadcrumbList\",\"@id\":\"https:\/\/redfoxaffiliates.com\/how-to-start-an-online-affiliate-marketing-business\/#breadcrumb\",\"itemListElement\":[{\"@type\":\"ListItem\",\"position\":1,\"name\":\"Home\",\"item\":\"https:\/\/redfoxaffiliates.com\/sl\/domov\/\"},{\"@type\":\"ListItem\",\"position\":2,\"name\":\"Kako za\u010deti spletno affiliate poslovanje\"}]},{\"@type\":\"WebSite\",\"@id\":\"https:\/\/redfoxaffiliates.com\/#website\",\"url\":\"https:\/\/redfoxaffiliates.com\/\",\"name\":\"RedFoxLotto Affiliate Program\",\"description\":\"The site for marketing partners of RedFoxLotto.com\",\"potentialAction\":[{\"@type\":\"SearchAction\",\"target\":{\"@type\":\"EntryPoint\",\"urlTemplate\":\"https:\/\/redfoxaffiliates.com\/?s={search_term_string}\"},\"query-input\":\"required name=search_term_string\"}],\"inLanguage\":\"sl-SI\"}]}<\/script>\n<!-- \/ Yoast SEO plugin. -->","yoast_head_json":{"title":"Kako za\u010deti in razviti svoje spletno affiliate marketing poslovanje","description":"Na\u010drt za uspeh affiliate poslovanja. Za\u010dnite zaslu\u017eiti provizije na spletu tako, da postanete affiliate in marketing partner","robots":{"index":"index","follow":"follow","max-snippet":"max-snippet:-1","max-image-preview":"max-image-preview:large","max-video-preview":"max-video-preview:-1"},"canonical":"https:\/\/redfoxaffiliates.com\/how-to-start-an-online-affiliate-marketing-business\/","og_locale":"sl_SI","og_type":"article","og_title":"Kako za\u010deti in razviti svoje spletno affiliate marketing poslovanje","og_description":"Na\u010drt za uspeh affiliate poslovanja. Za\u010dnite zaslu\u017eiti provizije na spletu tako, da postanete affiliate in marketing partner","og_url":"https:\/\/redfoxaffiliates.com\/how-to-start-an-online-affiliate-marketing-business\/","og_site_name":"RedFoxLotto Affiliate Program","twitter_card":"summary_large_image","twitter_misc":{"Est. reading time":"9 minut"},"schema":{"@context":"https:\/\/schema.org","@graph":[{"@type":"WebPage","@id":"https:\/\/redfoxaffiliates.com\/how-to-start-an-online-affiliate-marketing-business\/","url":"https:\/\/redfoxaffiliates.com\/how-to-start-an-online-affiliate-marketing-business\/","name":"Kako za\u010deti in razviti svoje spletno affiliate marketing poslovanje","isPartOf":{"@id":"https:\/\/redfoxaffiliates.com\/#website"},"datePublished":"2026-01-01T20:15:19+00:00","dateModified":"2026-01-01T20:15:19+00:00","description":"Na\u010drt za uspeh affiliate poslovanja. Za\u010dnite zaslu\u017eiti provizije na spletu tako, da postanete affiliate in marketing partner","breadcrumb":{"@id":"https:\/\/redfoxaffiliates.com\/how-to-start-an-online-affiliate-marketing-business\/#breadcrumb"},"inLanguage":"sl-SI","potentialAction":[{"@type":"ReadAction","target":["https:\/\/redfoxaffiliates.com\/how-to-start-an-online-affiliate-marketing-business\/"]}]},{"@type":"BreadcrumbList","@id":"https:\/\/redfoxaffiliates.com\/how-to-start-an-online-affiliate-marketing-business\/#breadcrumb","itemListElement":[{"@type":"ListItem","position":1,"name":"Home","item":"https:\/\/redfoxaffiliates.com\/sl\/domov\/"},{"@type":"ListItem","position":2,"name":"Kako za\u010deti spletno affiliate poslovanje"}]},{"@type":"WebSite","@id":"https:\/\/redfoxaffiliates.com\/#website","url":"https:\/\/redfoxaffiliates.com\/","name":"RedFoxLotto Affiliate Program","description":"The site for marketing partners of RedFoxLotto.com","potentialAction":[{"@type":"SearchAction","target":{"@type":"EntryPoint","urlTemplate":"https:\/\/redfoxaffiliates.com\/?s={search_term_string}"},"query-input":"required name=search_term_string"}],"inLanguage":"sl-SI"}]}},"_links":{"self":[{"href":"https:\/\/redfoxaffiliates.com\/sl\/wp-json\/wp\/v2\/pages\/338","targetHints":{"allow":["GET"]}}],"collection":[{"href":"https:\/\/redfoxaffiliates.com\/sl\/wp-json\/wp\/v2\/pages"}],"about":[{"href":"https:\/\/redfoxaffiliates.com\/sl\/wp-json\/wp\/v2\/types\/page"}],"author":[{"embeddable":true,"href":"https:\/\/redfoxaffiliates.com\/sl\/wp-json\/wp\/v2\/users\/1"}],"replies":[{"embeddable":true,"href":"https:\/\/redfoxaffiliates.com\/sl\/wp-json\/wp\/v2\/comments?post=338"}],"version-history":[{"count":0,"href":"https:\/\/redfoxaffiliates.com\/sl\/wp-json\/wp\/v2\/pages\/338\/revisions"}],"wp:attachment":[{"href":"https:\/\/redfoxaffiliates.com\/sl\/wp-json\/wp\/v2\/media?parent=338"}],"curies":[{"name":"wp","href":"https:\/\/api.w.org\/{rel}","templated":true}]}}