{"id":300,"date":"2023-07-15T13:46:59","date_gmt":"2023-07-15T11:46:59","guid":{"rendered":"https:\/\/redfoxaffiliates.com\/pogosta-vprasanja\/"},"modified":"2023-07-15T13:46:59","modified_gmt":"2023-07-15T11:46:59","slug":"pogosta-vprasanja","status":"publish","type":"page","link":"https:\/\/redfoxaffiliates.com\/sl\/pogosta-vprasanja\/","title":{"rendered":"Pogosta vpra\u0161anja"},"content":{"rendered":"<h2>Kaj pomeni pridru\u017eitev?<\/h2>\n<p>Pridru\u017eitev je marketin\u0161ka strategija. Mnogi izdelki, storitve in spletne strani uporabljajo pridru\u017eene \u010dlane za tr\u017eenje svojih izdelkov in storitev. Vsak pridru\u017eeni \u010dlan RedFoxLotto.com nas lahko promovira.<\/p>\n<h2>Ali obstajajo kak\u0161ni stro\u0161ki ali stro\u0161ki prijave?<\/h2>\n<p>Ne. Pridru\u017eitev na\u0161emu programu pridru\u017eenih \u010dlanov je popolnoma brezpla\u010dna. Edini stro\u0161ki, ki jih imate, so stro\u0161ki za vzdr\u017eevanje va\u0161ih spletnih strani ali pridobivanje lastnih marketin\u0161kih materialov.<\/p>\n<h2>Kako vas lahko promovira?<\/h2>\n<p>Uporabite lahko vse vrste spletnih in nespletnih strategij. Tukaj sta dve najpogostej\u0161i na\u010dini:<\/p>\n<ul>\n<li>Lahko ustvarite spletno stran (povezano z loterijo ali drugo) in jo uporabite za promocijo RedFoxLotto. Pridobite promet z uvrstitvijo klju\u010dnih besed v iskanju Google in promovirajte svojo spletno stran na dru\u017ebenih omre\u017ejih. Ve\u010d prometa na va\u0161i spletni strani pomeni ve\u010d klikov na RedFoxLotto, kar pomeni ve\u010d denarja za vas.<\/li>\n<li>Ustvarite spletno stran o loteriji, uporabite partnerske povezave, ki vodijo na RedFoxLotto.com, nato pa svojo spletno stran promovirajte offline.<\/li>\n<\/ul>\n<h2>Koliko lahko zaslu\u017eim?<\/h2>\n<p>Ni omejitev. Prejeli boste odstotek od neto prodajnega zneska, ki ga ustvarite. Za vsak mesec, v katerem ustvarite vi\u0161je provizije, se bo va\u0161 odstotek pove\u010dal. Za ve\u010d podrobnosti preberite ta \u010dlanek.<\/p>\n<h2>Kaj je partnerska povezava?<\/h2>\n<p>Povezava za partnerje je povezava, ki vsebuje sledilnik \u2013 namenski identifikator, povezan samo z va\u0161im partnerskim ra\u010dunom. Te povezave vstavite na svojo spletno stran. Nato eden od obiskovalcev va\u0161e spletne strani klikne na povezavo in opravi nakup na RedFoxLotto.com. Na\u0161 partnerski sistem s pomo\u010djo tega sledilnega kode identificira novega stranko kot stranko, ki ste jo privedli vi. Za ta nakup prejmete provizijo. Vsak prihodnji nakup te stranke vam bo prinesel novo provizijo.<\/p>\n<p>Vsaki\u010d, ko stranka obi\u0161\u010de na\u0161o spletno stran s klikom na eno od va\u0161ih partnerskih povezav, se na njeni napravi ustvari pi\u0161kotek. To zagotavlja, da bo, \u010de pri prvem obisku ne opravi nakupa, ampak se pozneje vrne, da bi kupila loterijske listke, \u0161e vedno identificirana kot \u00bbva\u0161a\u00ab prodaja.<\/p>\n<h2>Kaj pa prijava v partnerski ra\u010dun?<\/h2>\n<p>Ko se registrirate na na\u0161i spletni strani, bomo pregledali va\u0161o registracijo. Ko bo to storjeno, bomo za vas ustvarili partnerski ra\u010dun. Nato vam bomo poslali e-po\u0161tno sporo\u010dilo z URL-jem za prijavo v va\u0161 partnerski ra\u010dun, z uporabni\u0161kim imenom in za\u010dasnim geslom. Po prijavi v va\u0161 ra\u010dun (partnerski backend) lahko spremenite geslo in preverite, ali so vsi va\u0161i osebni podatki pravilni.<\/p>\n<p>Lahko ustvarite kampanje s posebnimi partnerskimi povezavami za razli\u010dne marketin\u0161ke aktivnosti. Recimo, da imate ve\u010d spletnih strani. V takem primeru boste \u017eeleli ustvariti eno kampanjo za vsako spletno stran. Na ta na\u010din lahko lo\u010deno spremljate uspe\u0161nost vsake spletne strani.<\/p>\n<p>V partnerskem backendu lahko vidite tudi statistiko obiskovalcev in poro\u010dila o provizijah. Tam lahko prenesete tudi marketin\u0161ko gradivo, ki ga lahko uporabite za promocijo na\u0161ih izdelkov.<\/p>\n<h2>Izpla\u010dila provizij<\/h2>\n<p>15. dne vsakega meseca vam bomo izpla\u010dali provizije, ki ste jih zaslu\u017eili v preteklem mesecu. Obi\u010dajne metode so Skrill, Neteller in ban\u010dno nakazilo, vendar se lahko dogovorimo tudi za druge mo\u017enosti.<\/p>\n","protected":false},"excerpt":{"rendered":"<p>Kaj pomeni pridru\u017eitev? Pridru\u017eitev je marketin\u0161ka strategija. Mnogi izdelki, storitve in spletne strani uporabljajo pridru\u017eene \u010dlane za tr\u017eenje svojih izdelkov in storitev. Vsak pridru\u017eeni \u010dlan RedFoxLotto.com nas lahko promovira. Ali obstajajo kak\u0161ni stro\u0161ki ali stro\u0161ki prijave? Ne. Pridru\u017eitev na\u0161emu programu pridru\u017eenih \u010dlanov je popolnoma brezpla\u010dna. Edini stro\u0161ki, ki jih imate,<\/p>\n<p><a href=\"https:\/\/redfoxaffiliates.com\/sl\/pogosta-vprasanja\/\" class=\"more-link\">Continue Reading<span class=\"screen-reader-text\">Pogosta vpra\u0161anja<\/span><\/a><\/p>\n","protected":false},"author":1,"featured_media":0,"parent":0,"menu_order":3,"comment_status":"closed","ping_status":"closed","template":"","meta":{"footnotes":""},"class_list":["post-300","page","type-page","status-publish","hentry"],"yoast_head":"<!-- This site is optimized with the Yoast SEO plugin v22.4 - https:\/\/yoast.com\/wordpress\/plugins\/seo\/ -->\n<title>Pogosta vpra\u0161anja o pridru\u017eitvi na loterijskem trgu<\/title>\n<meta name=\"description\" content=\"Poi\u0161\u010dite odgovore na va\u0161a vpra\u0161anja o pridru\u017eitvi loteriji na splo\u0161no in o partnerskem programu RedFoxLotto posebej.\" \/>\n<meta name=\"robots\" content=\"index, follow, max-snippet:-1, max-image-preview:large, max-video-preview:-1\" \/>\n<link rel=\"canonical\" href=\"https:\/\/redfoxaffiliates.com\/faq\/\" \/>\n<meta property=\"og:locale\" content=\"sl_SI\" \/>\n<meta property=\"og:type\" content=\"article\" \/>\n<meta property=\"og:title\" content=\"Pogosta vpra\u0161anja o pridru\u017eitvi na loterijskem trgu\" \/>\n<meta property=\"og:description\" content=\"Poi\u0161\u010dite odgovore na va\u0161a vpra\u0161anja o pridru\u017eitvi loteriji na splo\u0161no in o partnerskem programu RedFoxLotto posebej.\" \/>\n<meta property=\"og:url\" content=\"https:\/\/redfoxaffiliates.com\/faq\/\" \/>\n<meta property=\"og:site_name\" content=\"RedFoxLotto Affiliate Program\" \/>\n<meta name=\"twitter:card\" content=\"summary_large_image\" \/>\n<meta name=\"twitter:label1\" content=\"Est. reading time\" \/>\n\t<meta name=\"twitter:data1\" content=\"3 minute\" \/>\n<script type=\"application\/ld+json\" class=\"yoast-schema-graph\">{\"@context\":\"https:\/\/schema.org\",\"@graph\":[{\"@type\":\"WebPage\",\"@id\":\"https:\/\/redfoxaffiliates.com\/faq\/\",\"url\":\"https:\/\/redfoxaffiliates.com\/faq\/\",\"name\":\"Pogosta vpra\u0161anja o pridru\u017eitvi na loterijskem trgu\",\"isPartOf\":{\"@id\":\"https:\/\/redfoxaffiliates.com\/#website\"},\"datePublished\":\"2023-07-15T11:46:59+00:00\",\"dateModified\":\"2023-07-15T11:46:59+00:00\",\"description\":\"Poi\u0161\u010dite odgovore na va\u0161a vpra\u0161anja o pridru\u017eitvi loteriji na splo\u0161no in o partnerskem programu RedFoxLotto posebej.\",\"breadcrumb\":{\"@id\":\"https:\/\/redfoxaffiliates.com\/faq\/#breadcrumb\"},\"inLanguage\":\"sl-SI\",\"potentialAction\":[{\"@type\":\"ReadAction\",\"target\":[\"https:\/\/redfoxaffiliates.com\/faq\/\"]}]},{\"@type\":\"BreadcrumbList\",\"@id\":\"https:\/\/redfoxaffiliates.com\/faq\/#breadcrumb\",\"itemListElement\":[{\"@type\":\"ListItem\",\"position\":1,\"name\":\"Home\",\"item\":\"https:\/\/redfoxaffiliates.com\/sl\/domov\/\"},{\"@type\":\"ListItem\",\"position\":2,\"name\":\"Pogosta vpra\u0161anja\"}]},{\"@type\":\"WebSite\",\"@id\":\"https:\/\/redfoxaffiliates.com\/#website\",\"url\":\"https:\/\/redfoxaffiliates.com\/\",\"name\":\"RedFoxLotto Affiliate Program\",\"description\":\"The site for marketing partners of RedFoxLotto.com\",\"potentialAction\":[{\"@type\":\"SearchAction\",\"target\":{\"@type\":\"EntryPoint\",\"urlTemplate\":\"https:\/\/redfoxaffiliates.com\/?s={search_term_string}\"},\"query-input\":\"required name=search_term_string\"}],\"inLanguage\":\"sl-SI\"}]}<\/script>\n<!-- \/ Yoast SEO plugin. -->","yoast_head_json":{"title":"Pogosta vpra\u0161anja o pridru\u017eitvi na loterijskem trgu","description":"Poi\u0161\u010dite odgovore na va\u0161a vpra\u0161anja o pridru\u017eitvi loteriji na splo\u0161no in o partnerskem programu RedFoxLotto posebej.","robots":{"index":"index","follow":"follow","max-snippet":"max-snippet:-1","max-image-preview":"max-image-preview:large","max-video-preview":"max-video-preview:-1"},"canonical":"https:\/\/redfoxaffiliates.com\/faq\/","og_locale":"sl_SI","og_type":"article","og_title":"Pogosta vpra\u0161anja o pridru\u017eitvi na loterijskem trgu","og_description":"Poi\u0161\u010dite odgovore na va\u0161a vpra\u0161anja o pridru\u017eitvi loteriji na splo\u0161no in o partnerskem programu RedFoxLotto posebej.","og_url":"https:\/\/redfoxaffiliates.com\/faq\/","og_site_name":"RedFoxLotto Affiliate Program","twitter_card":"summary_large_image","twitter_misc":{"Est. reading time":"3 minute"},"schema":{"@context":"https:\/\/schema.org","@graph":[{"@type":"WebPage","@id":"https:\/\/redfoxaffiliates.com\/faq\/","url":"https:\/\/redfoxaffiliates.com\/faq\/","name":"Pogosta vpra\u0161anja o pridru\u017eitvi na loterijskem trgu","isPartOf":{"@id":"https:\/\/redfoxaffiliates.com\/#website"},"datePublished":"2023-07-15T11:46:59+00:00","dateModified":"2023-07-15T11:46:59+00:00","description":"Poi\u0161\u010dite odgovore na va\u0161a vpra\u0161anja o pridru\u017eitvi loteriji na splo\u0161no in o partnerskem programu RedFoxLotto posebej.","breadcrumb":{"@id":"https:\/\/redfoxaffiliates.com\/faq\/#breadcrumb"},"inLanguage":"sl-SI","potentialAction":[{"@type":"ReadAction","target":["https:\/\/redfoxaffiliates.com\/faq\/"]}]},{"@type":"BreadcrumbList","@id":"https:\/\/redfoxaffiliates.com\/faq\/#breadcrumb","itemListElement":[{"@type":"ListItem","position":1,"name":"Home","item":"https:\/\/redfoxaffiliates.com\/sl\/domov\/"},{"@type":"ListItem","position":2,"name":"Pogosta vpra\u0161anja"}]},{"@type":"WebSite","@id":"https:\/\/redfoxaffiliates.com\/#website","url":"https:\/\/redfoxaffiliates.com\/","name":"RedFoxLotto Affiliate Program","description":"The site for marketing partners of RedFoxLotto.com","potentialAction":[{"@type":"SearchAction","target":{"@type":"EntryPoint","urlTemplate":"https:\/\/redfoxaffiliates.com\/?s={search_term_string}"},"query-input":"required name=search_term_string"}],"inLanguage":"sl-SI"}]}},"_links":{"self":[{"href":"https:\/\/redfoxaffiliates.com\/sl\/wp-json\/wp\/v2\/pages\/300","targetHints":{"allow":["GET"]}}],"collection":[{"href":"https:\/\/redfoxaffiliates.com\/sl\/wp-json\/wp\/v2\/pages"}],"about":[{"href":"https:\/\/redfoxaffiliates.com\/sl\/wp-json\/wp\/v2\/types\/page"}],"author":[{"embeddable":true,"href":"https:\/\/redfoxaffiliates.com\/sl\/wp-json\/wp\/v2\/users\/1"}],"replies":[{"embeddable":true,"href":"https:\/\/redfoxaffiliates.com\/sl\/wp-json\/wp\/v2\/comments?post=300"}],"version-history":[{"count":0,"href":"https:\/\/redfoxaffiliates.com\/sl\/wp-json\/wp\/v2\/pages\/300\/revisions"}],"wp:attachment":[{"href":"https:\/\/redfoxaffiliates.com\/sl\/wp-json\/wp\/v2\/media?parent=300"}],"curies":[{"name":"wp","href":"https:\/\/api.w.org\/{rel}","templated":true}]}}