{"id":291,"date":"2023-07-15T13:37:01","date_gmt":"2023-07-15T11:37:01","guid":{"rendered":"https:\/\/redfoxaffiliates.com\/zasluzite-denar-s-pomocjo-affiliate-marketinga\/"},"modified":"2023-07-15T13:37:01","modified_gmt":"2023-07-15T11:37:01","slug":"zasluzite-denar-s-pomocjo-affiliate-marketinga","status":"publish","type":"page","link":"https:\/\/redfoxaffiliates.com\/sl\/zasluzite-denar-s-pomocjo-affiliate-marketinga\/","title":{"rendered":"Zaslu\u017eite denar s pomo\u010djo affiliate marketinga"},"content":{"rendered":"<h2>Zaslu\u017eite provizije \u2013 zaslu\u017eite denar s promocijo RedFoxLotto kot na\u0161 affiliate partner.<\/h2>\n<p>Vsak klient, ki ga pridobite, bo va\u0161 klient za celo \u017eivljenje. Ni \u010dasovne omejitve za zaslu\u017eek provizij od klienta, ki ste ga pridobili. Klientov iz va\u0161ega affiliate ra\u010duna ne bomo nikoli odstranili. Zato je na\u0161 affiliate program najbolj\u0161i v loterijski industriji.<\/p>\n<p>Va\u0161e provizije bodo izpla\u010dane na podlagi dele\u017ea prihodkov, kar pomeni, da bo obseg prodaje loterije, ki ga ustvarijo va\u0161i spletni napoteni, dolo\u010dil va\u0161e zaslu\u017eke iz na\u0161ega partnerskega programa.<\/p>\n<p>\u0160tiri stopnje partnerskih provizij so:<br \/>\nbruto prodaja pod 20.000,00 \u20ac: 8 % bruto prodaje<br \/>\nbruto prodaja med 20.000,00 \u20ac in 50.000,00 \u20ac: 10 % neto prodaje<br \/>\nbruto prodaja nad 50.000,00 \u20ac: 12 % neto prodaje<\/p>\n<p>Vi\u0161ji odstotek provizije velja samo za mesec, v katerem skupna ustvarjena provizija presega dolo\u010deni znesek. \u010ce je provizija v naslednjem mesecu ni\u017eja, se uporabi stopnja, ki ustreza trenutnemu znesku provizije.<\/p>\n<h2>Zakaj ni CPA? Zakaj je dogovor o delitvi prihodkov va\u0161a najbolj\u0161a mo\u017enost?<\/h2>\n<p>\u010ce niste seznanjeni s pojmom CPA, pomeni stro\u0161ek na akcijo: prejmete enkratno pla\u010dilo za vsakega stranko, ki opravi svoj prvi spletni nakup. Nekateri partnerski programi izpla\u010dajo provizijo CPA \u0161ele, ko igralec izpolni minimalno zahtevo glede porabe.<\/p>\n<p>Vendar pa model provizije CPA v tej specifi\u010dni industriji nima smisla. Prvi\u010d, \u017eivljenjska doba prvega vlagatelja je veliko dalj\u0161a kot v kateri koli drugi vertikali spletnih iger na sre\u010do. Igralci loterije obi\u010dajno kupujejo loterijske listke skozi vse \u017eivljenje. Drugi\u010d, na\u0161i najbolj\u0161i stranke kupijo spletne loterijske listke v vrednosti ve\u010d sto evrov v eni transakciji. To se pogosteje zgodi, ko so jackpoti zelo visoki, in to je eden od razlogov, zakaj boste na dolgi rok zaslu\u017eili ve\u010d denarja s partnerskim programom, ki pla\u010duje na podlagi dele\u017ea prihodkov.<\/p>\n<p>Na splo\u0161no je v loterijski industriji najbolje promovirati partnerski program z do\u017eivljenjskim odstotkom. V izjemnih primerih pa se lahko, ko z nami sodelujete \u017ee nekaj \u010dasa, pogovorite o CPA dogovoru na podlagi uspe\u0161nosti strank, ki ste jih pridobili.<\/p>\n<h2>Provizija za podpartnerje<\/h2>\n<p>Za vsakega podpartnerja, ki ga pridobite, boste zaslu\u017eili 2 % bruto vrednosti prodaje loterije, ki jo ustvari ta partner.<\/p>\n","protected":false},"excerpt":{"rendered":"<p>Zaslu\u017eite provizije \u2013 zaslu\u017eite denar s promocijo RedFoxLotto kot na\u0161 affiliate partner. Vsak klient, ki ga pridobite, bo va\u0161 klient za celo \u017eivljenje. Ni \u010dasovne omejitve za zaslu\u017eek provizij od klienta, ki ste ga pridobili. Klientov iz va\u0161ega affiliate ra\u010duna ne bomo nikoli odstranili. Zato je na\u0161 affiliate program najbolj\u0161i<\/p>\n<p><a href=\"https:\/\/redfoxaffiliates.com\/sl\/zasluzite-denar-s-pomocjo-affiliate-marketinga\/\" class=\"more-link\">Continue Reading<span class=\"screen-reader-text\">Zaslu\u017eite denar s pomo\u010djo affiliate marketinga<\/span><\/a><\/p>\n","protected":false},"author":1,"featured_media":0,"parent":0,"menu_order":2,"comment_status":"closed","ping_status":"closed","template":"","meta":{"footnotes":""},"class_list":["post-291","page","type-page","status-publish","hentry"],"yoast_head":"<!-- This site is optimized with the Yoast SEO plugin v22.4 - https:\/\/yoast.com\/wordpress\/plugins\/seo\/ -->\n<title>Kako zaslu\u017eiti denar z na\u0161im partnerskim programom za loterijo<\/title>\n<meta name=\"description\" content=\"Za vsako priporo\u010dilo zaslu\u017eite do\u017eivljenjsko provizijo za vse njihove nakupe. Poglejte, koliko denarja lahko zaslu\u017eite z na\u0161im partnerskim programom\" \/>\n<meta name=\"robots\" content=\"index, follow, max-snippet:-1, max-image-preview:large, max-video-preview:-1\" \/>\n<link rel=\"canonical\" href=\"https:\/\/redfoxaffiliates.com\/make-money-with-our-lottery-affliate-program\/\" \/>\n<meta property=\"og:locale\" content=\"sl_SI\" \/>\n<meta property=\"og:type\" content=\"article\" \/>\n<meta property=\"og:title\" content=\"Kako zaslu\u017eiti denar z na\u0161im partnerskim programom za loterijo\" \/>\n<meta property=\"og:description\" content=\"Za vsako priporo\u010dilo zaslu\u017eite do\u017eivljenjsko provizijo za vse njihove nakupe. Poglejte, koliko denarja lahko zaslu\u017eite z na\u0161im partnerskim programom\" \/>\n<meta property=\"og:url\" content=\"https:\/\/redfoxaffiliates.com\/make-money-with-our-lottery-affliate-program\/\" \/>\n<meta property=\"og:site_name\" content=\"RedFoxLotto Affiliate Program\" \/>\n<meta name=\"twitter:card\" content=\"summary_large_image\" \/>\n<meta name=\"twitter:label1\" content=\"Est. reading time\" \/>\n\t<meta name=\"twitter:data1\" content=\"2 minuti\" \/>\n<script type=\"application\/ld+json\" class=\"yoast-schema-graph\">{\"@context\":\"https:\/\/schema.org\",\"@graph\":[{\"@type\":\"WebPage\",\"@id\":\"https:\/\/redfoxaffiliates.com\/make-money-with-our-lottery-affliate-program\/\",\"url\":\"https:\/\/redfoxaffiliates.com\/make-money-with-our-lottery-affliate-program\/\",\"name\":\"Kako zaslu\u017eiti denar z na\u0161im partnerskim programom za loterijo\",\"isPartOf\":{\"@id\":\"https:\/\/redfoxaffiliates.com\/#website\"},\"datePublished\":\"2023-07-15T11:37:01+00:00\",\"dateModified\":\"2023-07-15T11:37:01+00:00\",\"description\":\"Za vsako priporo\u010dilo zaslu\u017eite do\u017eivljenjsko provizijo za vse njihove nakupe. Poglejte, koliko denarja lahko zaslu\u017eite z na\u0161im partnerskim programom\",\"breadcrumb\":{\"@id\":\"https:\/\/redfoxaffiliates.com\/make-money-with-our-lottery-affliate-program\/#breadcrumb\"},\"inLanguage\":\"sl-SI\",\"potentialAction\":[{\"@type\":\"ReadAction\",\"target\":[\"https:\/\/redfoxaffiliates.com\/make-money-with-our-lottery-affliate-program\/\"]}]},{\"@type\":\"BreadcrumbList\",\"@id\":\"https:\/\/redfoxaffiliates.com\/make-money-with-our-lottery-affliate-program\/#breadcrumb\",\"itemListElement\":[{\"@type\":\"ListItem\",\"position\":1,\"name\":\"Home\",\"item\":\"https:\/\/redfoxaffiliates.com\/sl\/domov\/\"},{\"@type\":\"ListItem\",\"position\":2,\"name\":\"Zaslu\u017eite denar s pomo\u010djo affiliate marketinga\"}]},{\"@type\":\"WebSite\",\"@id\":\"https:\/\/redfoxaffiliates.com\/#website\",\"url\":\"https:\/\/redfoxaffiliates.com\/\",\"name\":\"RedFoxLotto Affiliate Program\",\"description\":\"The site for marketing partners of RedFoxLotto.com\",\"potentialAction\":[{\"@type\":\"SearchAction\",\"target\":{\"@type\":\"EntryPoint\",\"urlTemplate\":\"https:\/\/redfoxaffiliates.com\/?s={search_term_string}\"},\"query-input\":\"required name=search_term_string\"}],\"inLanguage\":\"sl-SI\"}]}<\/script>\n<!-- \/ Yoast SEO plugin. -->","yoast_head_json":{"title":"Kako zaslu\u017eiti denar z na\u0161im partnerskim programom za loterijo","description":"Za vsako priporo\u010dilo zaslu\u017eite do\u017eivljenjsko provizijo za vse njihove nakupe. Poglejte, koliko denarja lahko zaslu\u017eite z na\u0161im partnerskim programom","robots":{"index":"index","follow":"follow","max-snippet":"max-snippet:-1","max-image-preview":"max-image-preview:large","max-video-preview":"max-video-preview:-1"},"canonical":"https:\/\/redfoxaffiliates.com\/make-money-with-our-lottery-affliate-program\/","og_locale":"sl_SI","og_type":"article","og_title":"Kako zaslu\u017eiti denar z na\u0161im partnerskim programom za loterijo","og_description":"Za vsako priporo\u010dilo zaslu\u017eite do\u017eivljenjsko provizijo za vse njihove nakupe. Poglejte, koliko denarja lahko zaslu\u017eite z na\u0161im partnerskim programom","og_url":"https:\/\/redfoxaffiliates.com\/make-money-with-our-lottery-affliate-program\/","og_site_name":"RedFoxLotto Affiliate Program","twitter_card":"summary_large_image","twitter_misc":{"Est. reading time":"2 minuti"},"schema":{"@context":"https:\/\/schema.org","@graph":[{"@type":"WebPage","@id":"https:\/\/redfoxaffiliates.com\/make-money-with-our-lottery-affliate-program\/","url":"https:\/\/redfoxaffiliates.com\/make-money-with-our-lottery-affliate-program\/","name":"Kako zaslu\u017eiti denar z na\u0161im partnerskim programom za loterijo","isPartOf":{"@id":"https:\/\/redfoxaffiliates.com\/#website"},"datePublished":"2023-07-15T11:37:01+00:00","dateModified":"2023-07-15T11:37:01+00:00","description":"Za vsako priporo\u010dilo zaslu\u017eite do\u017eivljenjsko provizijo za vse njihove nakupe. Poglejte, koliko denarja lahko zaslu\u017eite z na\u0161im partnerskim programom","breadcrumb":{"@id":"https:\/\/redfoxaffiliates.com\/make-money-with-our-lottery-affliate-program\/#breadcrumb"},"inLanguage":"sl-SI","potentialAction":[{"@type":"ReadAction","target":["https:\/\/redfoxaffiliates.com\/make-money-with-our-lottery-affliate-program\/"]}]},{"@type":"BreadcrumbList","@id":"https:\/\/redfoxaffiliates.com\/make-money-with-our-lottery-affliate-program\/#breadcrumb","itemListElement":[{"@type":"ListItem","position":1,"name":"Home","item":"https:\/\/redfoxaffiliates.com\/sl\/domov\/"},{"@type":"ListItem","position":2,"name":"Zaslu\u017eite denar s pomo\u010djo affiliate marketinga"}]},{"@type":"WebSite","@id":"https:\/\/redfoxaffiliates.com\/#website","url":"https:\/\/redfoxaffiliates.com\/","name":"RedFoxLotto Affiliate Program","description":"The site for marketing partners of RedFoxLotto.com","potentialAction":[{"@type":"SearchAction","target":{"@type":"EntryPoint","urlTemplate":"https:\/\/redfoxaffiliates.com\/?s={search_term_string}"},"query-input":"required name=search_term_string"}],"inLanguage":"sl-SI"}]}},"_links":{"self":[{"href":"https:\/\/redfoxaffiliates.com\/sl\/wp-json\/wp\/v2\/pages\/291","targetHints":{"allow":["GET"]}}],"collection":[{"href":"https:\/\/redfoxaffiliates.com\/sl\/wp-json\/wp\/v2\/pages"}],"about":[{"href":"https:\/\/redfoxaffiliates.com\/sl\/wp-json\/wp\/v2\/types\/page"}],"author":[{"embeddable":true,"href":"https:\/\/redfoxaffiliates.com\/sl\/wp-json\/wp\/v2\/users\/1"}],"replies":[{"embeddable":true,"href":"https:\/\/redfoxaffiliates.com\/sl\/wp-json\/wp\/v2\/comments?post=291"}],"version-history":[{"count":0,"href":"https:\/\/redfoxaffiliates.com\/sl\/wp-json\/wp\/v2\/pages\/291\/revisions"}],"wp:attachment":[{"href":"https:\/\/redfoxaffiliates.com\/sl\/wp-json\/wp\/v2\/media?parent=291"}],"curies":[{"name":"wp","href":"https:\/\/api.w.org\/{rel}","templated":true}]}}