{"id":252,"date":"2023-07-15T13:33:10","date_gmt":"2023-07-15T11:33:10","guid":{"rendered":"https:\/\/redfoxaffiliates.com\/zakaj-postati-loterijski-partner\/"},"modified":"2023-07-15T13:33:10","modified_gmt":"2023-07-15T11:33:10","slug":"zakaj-postati-loterijski-partner","status":"publish","type":"page","link":"https:\/\/redfoxaffiliates.com\/sl\/zakaj-postati-loterijski-partner\/","title":{"rendered":"Zakaj postati loterijski partner?"},"content":{"rendered":"<h2>Kaj je na\u0161 produkt?<\/h2>\n<p>RedFoxLotto prodaja loterijske listke prek spleta. Strankam po vsem svetu ponujamo mo\u017enost sodelovanja v loterijah z ogromnimi jackpoti, kot sta ameri\u0161ki Mega Millions in Powerball, ter velikih evropskih loterijah, kot so EuroMillions, EuroJackpot in SuperEnalotto.<\/p>\n<p>Prek nas lahko stranke kupijo listke za loterije v drugih dr\u017eavah. Da bi to omogo\u010dili, sodelujemo z ve\u010d zastopniki v dr\u017eavah, kjer potekajo loterije. Ko je listek naro\u010den prek spleta, ga eden od na\u0161ih zastopnikov kupi za na\u0161e stranke. Ko je to storjeno, potrdimo nakup na\u0161i stranki. Kadar je listek kupljen prek nas, obdelamo tudi izpla\u010dila na\u0161im strankam.<\/p>\n<p>Morda ste \u017ee sli\u0161ali izraz \u00bbsekundarni loterijski trg\u00ab \u2013 to je izraz za ta trg. Kot ve\u010dmilijardna industrija loterija ni omejena na lokalne ponudbe (\u010de sploh obstaja loterija v njihovi dr\u017eavi prebivali\u0161\u010da). Povpra\u0161evanje po na\u0161i storitvi prodaje listkov je zelo veliko. Zlasti ko novice o nekaterih jackpotih, ki dosegajo ogromne zneske, polnijo naslove po vsem svetu, se spletni listki, tako reko\u010d, \u00bbprodajajo kot vro\u010de \u017eemljice\u00ab.<\/p>\n<h2>Razlogi za promocijo RedFoxLotto<\/h2>\n<h3>Odli\u010dne konverzije<\/h3>\n<p>Na\u0161a spletna stran https:\/\/redfoxlotto.com je bila poenostavljena, da je postopek nakupa \u010dim bolj preprost. To je pomembno za zagotovitev visoke stopnje konverzije. Bolje kot konvertiramo va\u0161 promet, ve\u010d denarja boste zaslu\u017eili.<\/p>\n<h2>Odli\u010dna ohranitev strank<\/h2>\n<p>Vrednost stranke v celotnem \u017eivljenjskem ciklu je eden najbolj\u0161ih vidikov te industrije. Visok odstotek na\u0161ih strank se vra\u010da in kupuje ve\u010d vstopnic teden za tednom, leta za letom!<\/p>\n<h2>Enako pomembna je tudi raznolikost pla\u010dilnih procesorjev<\/h2>\n<p>Prizadevamo si ponuditi \u0161iroko paleto mo\u017enosti. To je pomembno, da lahko obiskovalci iz katere koli dr\u017eave enostavno pla\u010dajo za svoje vstopnice. Kljub temu pla\u010dila s kreditnimi karticami \u0161e vedno predstavljajo levji dele\u017e ve\u010dine prodaje. Vendar pa mo\u017enosti, kot so Bitcoin in e-denarnice, postajajo vse bolj pomembne.<\/p>\n<p>Zavezali smo se, da bomo izvajali po\u0161ten in eti\u010den partnerski program. Ve\u010dina programov v tej industriji je znana po tem, da na tak ali druga\u010den na\u010din goljufajo svoje partnerje. Blagovno znamko RedFoxLotto je ustanovil nekdanji partner. Isti nekdanji partner je odgovoren za partnerski program. Preberite na\u0161 \u010dlanek o partnerstvu in etiki \u2013 pomagal vam bo bolje razumeti, od kod prihajamo.<\/p>\n<h2>Provizije nad industrijskim standardom<\/h2>\n<p>Zaslu\u017eite do 12 % bruto prodajne vrednosti, ki jo ustvarijo va\u0161i priporo\u010deni.<\/p>\n<h2>Partnerstvo drugega nivoja<\/h2>\n<p>To pomeni, da \u010de pridobite dodatne podpartnerje, boste zaslu\u017eili tudi 2 % provizijo od prodaje, ki jo ustvarijo njihovi priporo\u010deni.<\/p>\n<h2>To\u010dno pla\u010dilo provizij<\/h2>\n<p>Va\u0161e provizije za pretekli mesec izpla\u010damo 15. dne naslednjega meseca. Izbirate lahko med ve\u010d mo\u017enostmi pla\u010dila.<\/p>\n<h2>Kdo lahko postane partner in kako nas lahko promovirate?<\/h2>\n<p>Pravzaprav vsi! Morda imate spletno stran, ki je povezana z loterijo. V tem primeru bo va\u0161a stopnja konverzije visoka, saj na\u0161 produkt pritegne va\u0161o ciljno publiko.<\/p>\n<p>Ali pa imate spletno stran na drugo temo in i\u0161\u010dete na\u010dine, kako monetizirati svoj promet. Vsi radi igrajo loterijo, va\u0161i zaslu\u017eki pa bodo v glavnem odvisni od koli\u010dine prometa na va\u0161i spletni strani.<\/p>\n<p>Seznami e-po\u0161tnih naslovov so odli\u010dno orodje za pridobivanje novih strank. Ne odobravamo po\u0161iljanja ne\u017eelene e-po\u0161te, zato poskrbite, da va\u0161 seznam e-po\u0161tnih naslovov vsebuje samo stike, ki so se prijavili za prejemanje va\u0161ih tr\u017enih e-po\u0161tnih sporo\u010dil.<\/p>\n<p>Nekateri na\u0161i partnerji za promocijo uporabljajo offline strategije. Ustvarili so lastno spletno stran o loteriji s partnerskimi povezavami, ki vodijo na RedFoxLotto.com. Nato razdeljujejo letake, vizitke in drugo marketin\u0161ko gradivo, s katerim promovirajo svojo spletno stran, s \u010dimer ustvarjajo promet in kon\u010dno prodajo na RedFoxLotto.com.<\/p>\n","protected":false},"excerpt":{"rendered":"<p>Kaj je na\u0161 produkt? RedFoxLotto prodaja loterijske listke prek spleta. Strankam po vsem svetu ponujamo mo\u017enost sodelovanja v loterijah z ogromnimi jackpoti, kot sta ameri\u0161ki Mega Millions in Powerball, ter velikih evropskih loterijah, kot so EuroMillions, EuroJackpot in SuperEnalotto. Prek nas lahko stranke kupijo listke za loterije v drugih dr\u017eavah.<\/p>\n<p><a href=\"https:\/\/redfoxaffiliates.com\/sl\/zakaj-postati-loterijski-partner\/\" class=\"more-link\">Continue Reading<span class=\"screen-reader-text\">Zakaj postati loterijski partner?<\/span><\/a><\/p>\n","protected":false},"author":1,"featured_media":0,"parent":0,"menu_order":1,"comment_status":"closed","ping_status":"closed","template":"","meta":{"footnotes":""},"class_list":["post-252","page","type-page","status-publish","hentry"],"yoast_head":"<!-- This site is optimized with the Yoast SEO plugin v22.4 - https:\/\/yoast.com\/wordpress\/plugins\/seo\/ -->\n<title>Zakaj se pridru\u017eiti partnerskemu programu RedFoxLotto?<\/title>\n<meta name=\"description\" content=\"Razlogi, da se nam pridru\u017eite in postanete partner in prodajni partner RedFoxLotto. Zaslu\u017eite provizije za vsako prodajo, ki jo opravijo va\u0161i priporo\u010deni kupci, za celo \u017eivljenje!\" \/>\n<meta name=\"robots\" content=\"index, follow, max-snippet:-1, max-image-preview:large, max-video-preview:-1\" \/>\n<link rel=\"canonical\" href=\"https:\/\/redfoxaffiliates.com\/why-become-a-lottery-affiliate\/\" \/>\n<meta property=\"og:locale\" content=\"sl_SI\" \/>\n<meta property=\"og:type\" content=\"article\" \/>\n<meta property=\"og:title\" content=\"Zakaj se pridru\u017eiti partnerskemu programu RedFoxLotto?\" \/>\n<meta property=\"og:description\" content=\"Razlogi, da se nam pridru\u017eite in postanete partner in prodajni partner RedFoxLotto. Zaslu\u017eite provizije za vsako prodajo, ki jo opravijo va\u0161i priporo\u010deni kupci, za celo \u017eivljenje!\" \/>\n<meta property=\"og:url\" content=\"https:\/\/redfoxaffiliates.com\/why-become-a-lottery-affiliate\/\" \/>\n<meta property=\"og:site_name\" content=\"RedFoxLotto Affiliate Program\" \/>\n<meta name=\"twitter:card\" content=\"summary_large_image\" \/>\n<meta name=\"twitter:label1\" content=\"Est. reading time\" \/>\n\t<meta name=\"twitter:data1\" content=\"3 minute\" \/>\n<script type=\"application\/ld+json\" class=\"yoast-schema-graph\">{\"@context\":\"https:\/\/schema.org\",\"@graph\":[{\"@type\":\"WebPage\",\"@id\":\"https:\/\/redfoxaffiliates.com\/why-become-a-lottery-affiliate\/\",\"url\":\"https:\/\/redfoxaffiliates.com\/why-become-a-lottery-affiliate\/\",\"name\":\"Zakaj se pridru\u017eiti partnerskemu programu RedFoxLotto?\",\"isPartOf\":{\"@id\":\"https:\/\/redfoxaffiliates.com\/#website\"},\"datePublished\":\"2023-07-15T11:33:10+00:00\",\"dateModified\":\"2023-07-15T11:33:10+00:00\",\"description\":\"Razlogi, da se nam pridru\u017eite in postanete partner in prodajni partner RedFoxLotto. Zaslu\u017eite provizije za vsako prodajo, ki jo opravijo va\u0161i priporo\u010deni kupci, za celo \u017eivljenje!\",\"breadcrumb\":{\"@id\":\"https:\/\/redfoxaffiliates.com\/why-become-a-lottery-affiliate\/#breadcrumb\"},\"inLanguage\":\"sl-SI\",\"potentialAction\":[{\"@type\":\"ReadAction\",\"target\":[\"https:\/\/redfoxaffiliates.com\/why-become-a-lottery-affiliate\/\"]}]},{\"@type\":\"BreadcrumbList\",\"@id\":\"https:\/\/redfoxaffiliates.com\/why-become-a-lottery-affiliate\/#breadcrumb\",\"itemListElement\":[{\"@type\":\"ListItem\",\"position\":1,\"name\":\"Home\",\"item\":\"https:\/\/redfoxaffiliates.com\/sl\/domov\/\"},{\"@type\":\"ListItem\",\"position\":2,\"name\":\"Zakaj postati loterijski partner?\"}]},{\"@type\":\"WebSite\",\"@id\":\"https:\/\/redfoxaffiliates.com\/#website\",\"url\":\"https:\/\/redfoxaffiliates.com\/\",\"name\":\"RedFoxLotto Affiliate Program\",\"description\":\"The site for marketing partners of RedFoxLotto.com\",\"potentialAction\":[{\"@type\":\"SearchAction\",\"target\":{\"@type\":\"EntryPoint\",\"urlTemplate\":\"https:\/\/redfoxaffiliates.com\/?s={search_term_string}\"},\"query-input\":\"required name=search_term_string\"}],\"inLanguage\":\"sl-SI\"}]}<\/script>\n<!-- \/ Yoast SEO plugin. -->","yoast_head_json":{"title":"Zakaj se pridru\u017eiti partnerskemu programu RedFoxLotto?","description":"Razlogi, da se nam pridru\u017eite in postanete partner in prodajni partner RedFoxLotto. Zaslu\u017eite provizije za vsako prodajo, ki jo opravijo va\u0161i priporo\u010deni kupci, za celo \u017eivljenje!","robots":{"index":"index","follow":"follow","max-snippet":"max-snippet:-1","max-image-preview":"max-image-preview:large","max-video-preview":"max-video-preview:-1"},"canonical":"https:\/\/redfoxaffiliates.com\/why-become-a-lottery-affiliate\/","og_locale":"sl_SI","og_type":"article","og_title":"Zakaj se pridru\u017eiti partnerskemu programu RedFoxLotto?","og_description":"Razlogi, da se nam pridru\u017eite in postanete partner in prodajni partner RedFoxLotto. Zaslu\u017eite provizije za vsako prodajo, ki jo opravijo va\u0161i priporo\u010deni kupci, za celo \u017eivljenje!","og_url":"https:\/\/redfoxaffiliates.com\/why-become-a-lottery-affiliate\/","og_site_name":"RedFoxLotto Affiliate Program","twitter_card":"summary_large_image","twitter_misc":{"Est. reading time":"3 minute"},"schema":{"@context":"https:\/\/schema.org","@graph":[{"@type":"WebPage","@id":"https:\/\/redfoxaffiliates.com\/why-become-a-lottery-affiliate\/","url":"https:\/\/redfoxaffiliates.com\/why-become-a-lottery-affiliate\/","name":"Zakaj se pridru\u017eiti partnerskemu programu RedFoxLotto?","isPartOf":{"@id":"https:\/\/redfoxaffiliates.com\/#website"},"datePublished":"2023-07-15T11:33:10+00:00","dateModified":"2023-07-15T11:33:10+00:00","description":"Razlogi, da se nam pridru\u017eite in postanete partner in prodajni partner RedFoxLotto. Zaslu\u017eite provizije za vsako prodajo, ki jo opravijo va\u0161i priporo\u010deni kupci, za celo \u017eivljenje!","breadcrumb":{"@id":"https:\/\/redfoxaffiliates.com\/why-become-a-lottery-affiliate\/#breadcrumb"},"inLanguage":"sl-SI","potentialAction":[{"@type":"ReadAction","target":["https:\/\/redfoxaffiliates.com\/why-become-a-lottery-affiliate\/"]}]},{"@type":"BreadcrumbList","@id":"https:\/\/redfoxaffiliates.com\/why-become-a-lottery-affiliate\/#breadcrumb","itemListElement":[{"@type":"ListItem","position":1,"name":"Home","item":"https:\/\/redfoxaffiliates.com\/sl\/domov\/"},{"@type":"ListItem","position":2,"name":"Zakaj postati loterijski partner?"}]},{"@type":"WebSite","@id":"https:\/\/redfoxaffiliates.com\/#website","url":"https:\/\/redfoxaffiliates.com\/","name":"RedFoxLotto Affiliate Program","description":"The site for marketing partners of RedFoxLotto.com","potentialAction":[{"@type":"SearchAction","target":{"@type":"EntryPoint","urlTemplate":"https:\/\/redfoxaffiliates.com\/?s={search_term_string}"},"query-input":"required name=search_term_string"}],"inLanguage":"sl-SI"}]}},"_links":{"self":[{"href":"https:\/\/redfoxaffiliates.com\/sl\/wp-json\/wp\/v2\/pages\/252","targetHints":{"allow":["GET"]}}],"collection":[{"href":"https:\/\/redfoxaffiliates.com\/sl\/wp-json\/wp\/v2\/pages"}],"about":[{"href":"https:\/\/redfoxaffiliates.com\/sl\/wp-json\/wp\/v2\/types\/page"}],"author":[{"embeddable":true,"href":"https:\/\/redfoxaffiliates.com\/sl\/wp-json\/wp\/v2\/users\/1"}],"replies":[{"embeddable":true,"href":"https:\/\/redfoxaffiliates.com\/sl\/wp-json\/wp\/v2\/comments?post=252"}],"version-history":[{"count":0,"href":"https:\/\/redfoxaffiliates.com\/sl\/wp-json\/wp\/v2\/pages\/252\/revisions"}],"wp:attachment":[{"href":"https:\/\/redfoxaffiliates.com\/sl\/wp-json\/wp\/v2\/media?parent=252"}],"curies":[{"name":"wp","href":"https:\/\/api.w.org\/{rel}","templated":true}]}}