{"id":192,"date":"2023-07-15T08:09:36","date_gmt":"2023-07-15T06:09:36","guid":{"rendered":"https:\/\/redfoxaffiliates.com\/domov\/"},"modified":"2026-01-03T10:53:51","modified_gmt":"2026-01-03T09:53:51","slug":"domov","status":"publish","type":"page","link":"https:\/\/redfoxaffiliates.com\/sl\/","title":{"rendered":"Domov"},"content":{"rendered":"&#13;\n<p>RedFoxAffiliates.com je pridru\u017een program za RedFoxLotto.com. RedFoxLotto je kurirska slu\u017eba za loterijske listke. Prek spletne strani RedFoxLotto.com lahko ljubitelji loterije iz vsega sveta naro\u010dijo prave listke za \u0161tevilne mednarodne loterije.<\/p>&#13;\n<h2>Ali lahko prinesete promet?<\/h2>&#13;\n<p>\u010ce lahko na na\u0161o spletno stran pripeljete promet (nove potencialne stranke), boste zaslu\u017eili provizije. Vi nam po\u0161ljete promet, mi pa ga pretvorimo. Ve\u010d prometa pomeni ve\u010d pla\u010dljivih strank in vi\u0161je provizije za vas.&#13;\n<\/p>&#13;\n<h2>Na\u0161a storitev loterijskih listkov je idealni produkt za promocijo na spletu<\/h2>&#13;\n<p>Je preprost produkt, ki ga poznajo vsi po svetu. Ogromni jackpoti zbujajo veliko zanimanje globalnega ob\u010dinstva.&#13;\n<\/p>&#13;\n<h2>Enostavna pretvorba \u2013 od obiskovalca do stranke<\/h2>&#13;\n<p>Nakup sre\u010dk prek na\u0161e spletne strani je zelo enostaven. Registracija na redfoxlotto.com traja le nekaj sekund, naro\u010dilo sre\u010dk in pla\u010dilo prek spleta pa sta enako hitra in enostavna. Vi nam po\u0161ljete obiskovalce, mi pa jih pretvorimo.&#13;\n<\/p>&#13;\n<h2>Na\u0161i kupci so zvesti \u2013 vra\u010dajo se in dolgo \u010dasa kupujejo ve\u010d kart.<\/h2>&#13;\n<p>Ko va\u0161i obiskovalci opravijo svoj prvi nakup, se bodo vra\u010dali, da bi kupili dodatne karte. Mnogi na\u0161i kupci so z nami \u017ee deset let ali celo ve\u010d. \u010ce nam priporo\u010dite kupca, boste verjetno zaslu\u017eili provizije za nakupe tega kupca \u0161e vrsto let!&#13;\n<\/p>&#13;\n<p>Prijavite se v na\u0161 partnerski program zdaj. Prijava je brezpla\u010dna. \u010ce imate vpra\u0161anja, najprej preverite na\u0161o stran z najpogostej\u0161imi vpra\u0161anji. \u010ce imate dodatna vpra\u0161anja, nas kontaktirajte.&#13;\n<\/p>&#13;\n<p>Sledite tej povezavi, da se prijavite v na\u0161 partnerski program. Ko se registrirate, boste od nas prejeli e-po\u0161tno sporo\u010dilo. Ne pozabite klikniti potrditvene povezave v tem e-po\u0161tnem sporo\u010dilu. Va\u0161a registracija bo pregledana in va\u0161 partnerski ra\u010dun bo aktiviran v 48 urah.<\/p>&#13;\n<p>\u00a0<\/p>&#13;\n","protected":false},"excerpt":{"rendered":"<p>&#13; RedFoxAffiliates.com je pridru\u017een program za RedFoxLotto.com. RedFoxLotto je kurirska slu\u017eba za loterijske listke. Prek spletne strani RedFoxLotto.com lahko ljubitelji loterije iz vsega sveta naro\u010dijo prave listke za \u0161tevilne mednarodne loterije. &#13; Ali lahko prinesete promet? &#13; \u010ce lahko na na\u0161o spletno stran pripeljete promet (nove potencialne stranke), boste zaslu\u017eili<\/p>\n<p><a href=\"https:\/\/redfoxaffiliates.com\/sl\/\" class=\"more-link\">Continue Reading<span class=\"screen-reader-text\">Domov<\/span><\/a><\/p>\n","protected":false},"author":1,"featured_media":0,"parent":0,"menu_order":0,"comment_status":"closed","ping_status":"closed","template":"","meta":{"footnotes":""},"class_list":["post-192","page","type-page","status-publish","hentry"],"yoast_head":"<!-- This site is optimized with the Yoast SEO plugin v22.4 - https:\/\/yoast.com\/wordpress\/plugins\/seo\/ -->\n<title>Partnerski program za RedFoxLotto.com<\/title>\n<meta name=\"description\" content=\"Na\u0161 partnerski program omogo\u010da partnerjem RedFoxLotto, da zaslu\u017eijo provizije za svoje napotitve. Postanite prodajni partner in za\u010dnite danes promovirati na\u0161o spletno storitev za nakup loterijskih listkov!\" \/>\n<meta name=\"robots\" content=\"index, follow, max-snippet:-1, max-image-preview:large, max-video-preview:-1\" \/>\n<link rel=\"canonical\" href=\"https:\/\/redfoxaffiliates.com\/sl\/domov\/\" \/>\n<meta property=\"og:locale\" content=\"sl_SI\" \/>\n<meta property=\"og:type\" content=\"article\" \/>\n<meta property=\"og:title\" content=\"Partnerski program za RedFoxLotto.com\" \/>\n<meta property=\"og:description\" content=\"Na\u0161 partnerski program omogo\u010da partnerjem RedFoxLotto, da zaslu\u017eijo provizije za svoje napotitve. Postanite prodajni partner in za\u010dnite danes promovirati na\u0161o spletno storitev za nakup loterijskih listkov!\" \/>\n<meta property=\"og:url\" content=\"https:\/\/redfoxaffiliates.com\/sl\/domov\/\" \/>\n<meta property=\"og:site_name\" content=\"RedFoxLotto Affiliate Program\" \/>\n<meta property=\"article:modified_time\" content=\"2026-01-03T09:53:51+00:00\" \/>\n<meta name=\"twitter:card\" content=\"summary_large_image\" \/>\n<meta name=\"twitter:label1\" content=\"Est. reading time\" \/>\n\t<meta name=\"twitter:data1\" content=\"1 minuta\" \/>\n<script type=\"application\/ld+json\" class=\"yoast-schema-graph\">{\"@context\":\"https:\/\/schema.org\",\"@graph\":[{\"@type\":\"WebPage\",\"@id\":\"https:\/\/redfoxaffiliates.com\/sl\/domov\/\",\"url\":\"https:\/\/redfoxaffiliates.com\/sl\/domov\/\",\"name\":\"Partnerski program za RedFoxLotto.com\",\"isPartOf\":{\"@id\":\"https:\/\/redfoxaffiliates.com\/#website\"},\"datePublished\":\"2023-07-15T06:09:36+00:00\",\"dateModified\":\"2026-01-03T09:53:51+00:00\",\"description\":\"Na\u0161 partnerski program omogo\u010da partnerjem RedFoxLotto, da zaslu\u017eijo provizije za svoje napotitve. Postanite prodajni partner in za\u010dnite danes promovirati na\u0161o spletno storitev za nakup loterijskih listkov!\",\"breadcrumb\":{\"@id\":\"https:\/\/redfoxaffiliates.com\/sl\/domov\/#breadcrumb\"},\"inLanguage\":\"sl-SI\",\"potentialAction\":[{\"@type\":\"ReadAction\",\"target\":[\"https:\/\/redfoxaffiliates.com\/sl\/domov\/\"]}]},{\"@type\":\"BreadcrumbList\",\"@id\":\"https:\/\/redfoxaffiliates.com\/sl\/domov\/#breadcrumb\",\"itemListElement\":[{\"@type\":\"ListItem\",\"position\":1,\"name\":\"Home\",\"item\":\"https:\/\/redfoxaffiliates.com\/sl\/domov\/\"},{\"@type\":\"ListItem\",\"position\":2,\"name\":\"Domov\"}]},{\"@type\":\"WebSite\",\"@id\":\"https:\/\/redfoxaffiliates.com\/#website\",\"url\":\"https:\/\/redfoxaffiliates.com\/\",\"name\":\"RedFoxLotto Affiliate Program\",\"description\":\"The site for marketing partners of RedFoxLotto.com\",\"potentialAction\":[{\"@type\":\"SearchAction\",\"target\":{\"@type\":\"EntryPoint\",\"urlTemplate\":\"https:\/\/redfoxaffiliates.com\/?s={search_term_string}\"},\"query-input\":\"required name=search_term_string\"}],\"inLanguage\":\"sl-SI\"}]}<\/script>\n<!-- \/ Yoast SEO plugin. -->","yoast_head_json":{"title":"Partnerski program za RedFoxLotto.com","description":"Na\u0161 partnerski program omogo\u010da partnerjem RedFoxLotto, da zaslu\u017eijo provizije za svoje napotitve. Postanite prodajni partner in za\u010dnite danes promovirati na\u0161o spletno storitev za nakup loterijskih listkov!","robots":{"index":"index","follow":"follow","max-snippet":"max-snippet:-1","max-image-preview":"max-image-preview:large","max-video-preview":"max-video-preview:-1"},"canonical":"https:\/\/redfoxaffiliates.com\/sl\/domov\/","og_locale":"sl_SI","og_type":"article","og_title":"Partnerski program za RedFoxLotto.com","og_description":"Na\u0161 partnerski program omogo\u010da partnerjem RedFoxLotto, da zaslu\u017eijo provizije za svoje napotitve. Postanite prodajni partner in za\u010dnite danes promovirati na\u0161o spletno storitev za nakup loterijskih listkov!","og_url":"https:\/\/redfoxaffiliates.com\/sl\/domov\/","og_site_name":"RedFoxLotto Affiliate Program","article_modified_time":"2026-01-03T09:53:51+00:00","twitter_card":"summary_large_image","twitter_misc":{"Est. reading time":"1 minuta"},"schema":{"@context":"https:\/\/schema.org","@graph":[{"@type":"WebPage","@id":"https:\/\/redfoxaffiliates.com\/sl\/domov\/","url":"https:\/\/redfoxaffiliates.com\/sl\/domov\/","name":"Partnerski program za RedFoxLotto.com","isPartOf":{"@id":"https:\/\/redfoxaffiliates.com\/#website"},"datePublished":"2023-07-15T06:09:36+00:00","dateModified":"2026-01-03T09:53:51+00:00","description":"Na\u0161 partnerski program omogo\u010da partnerjem RedFoxLotto, da zaslu\u017eijo provizije za svoje napotitve. Postanite prodajni partner in za\u010dnite danes promovirati na\u0161o spletno storitev za nakup loterijskih listkov!","breadcrumb":{"@id":"https:\/\/redfoxaffiliates.com\/sl\/domov\/#breadcrumb"},"inLanguage":"sl-SI","potentialAction":[{"@type":"ReadAction","target":["https:\/\/redfoxaffiliates.com\/sl\/domov\/"]}]},{"@type":"BreadcrumbList","@id":"https:\/\/redfoxaffiliates.com\/sl\/domov\/#breadcrumb","itemListElement":[{"@type":"ListItem","position":1,"name":"Home","item":"https:\/\/redfoxaffiliates.com\/sl\/domov\/"},{"@type":"ListItem","position":2,"name":"Domov"}]},{"@type":"WebSite","@id":"https:\/\/redfoxaffiliates.com\/#website","url":"https:\/\/redfoxaffiliates.com\/","name":"RedFoxLotto Affiliate Program","description":"The site for marketing partners of RedFoxLotto.com","potentialAction":[{"@type":"SearchAction","target":{"@type":"EntryPoint","urlTemplate":"https:\/\/redfoxaffiliates.com\/?s={search_term_string}"},"query-input":"required name=search_term_string"}],"inLanguage":"sl-SI"}]}},"_links":{"self":[{"href":"https:\/\/redfoxaffiliates.com\/sl\/wp-json\/wp\/v2\/pages\/192","targetHints":{"allow":["GET"]}}],"collection":[{"href":"https:\/\/redfoxaffiliates.com\/sl\/wp-json\/wp\/v2\/pages"}],"about":[{"href":"https:\/\/redfoxaffiliates.com\/sl\/wp-json\/wp\/v2\/types\/page"}],"author":[{"embeddable":true,"href":"https:\/\/redfoxaffiliates.com\/sl\/wp-json\/wp\/v2\/users\/1"}],"replies":[{"embeddable":true,"href":"https:\/\/redfoxaffiliates.com\/sl\/wp-json\/wp\/v2\/comments?post=192"}],"version-history":[{"count":1,"href":"https:\/\/redfoxaffiliates.com\/sl\/wp-json\/wp\/v2\/pages\/192\/revisions"}],"predecessor-version":[{"id":193,"href":"https:\/\/redfoxaffiliates.com\/sl\/wp-json\/wp\/v2\/pages\/192\/revisions\/193"}],"wp:attachment":[{"href":"https:\/\/redfoxaffiliates.com\/sl\/wp-json\/wp\/v2\/media?parent=192"}],"curies":[{"name":"wp","href":"https:\/\/api.w.org\/{rel}","templated":true}]}}