{"id":365,"date":"2026-01-01T21:16:49","date_gmt":"2026-01-01T20:16:49","guid":{"rendered":"https:\/\/redfoxaffiliates.com\/o-etike-v-partnerskych-marketingovych-programoch\/"},"modified":"2026-01-01T21:16:49","modified_gmt":"2026-01-01T20:16:49","slug":"o-etike-v-partnerskych-marketingovych-programoch","status":"publish","type":"page","link":"https:\/\/redfoxaffiliates.com\/sk\/o-etike-v-partnerskych-marketingovych-programoch\/","title":{"rendered":"O etike v partnersk\u00fdch marketingov\u00fdch programoch"},"content":{"rendered":"<p>Mo\u017eno v\u00e1s prekvap\u00ed, \u017ee na webovej str\u00e1nke partnersk\u00e9ho programu n\u00e1jdete odkaz na etiku. S\u00fahlas\u00edme, \u017ee je to nezvy\u010dajn\u00e9.<\/p>\n<p>Pre n\u00e1s je to v\u0161ak d\u00f4le\u017eit\u00e1 t\u00e9ma. B\u00fdval\u00ed partneri prev\u00e1dzkuj\u00fa ako RedFoxLotto.com, tak aj tento partnersk\u00fd program. Spolupracujeme s t\u00fdmi ist\u00fdmi spolo\u010dnos\u0165ami, s ktor\u00fdmi ste spolupracovali vy (alebo mo\u017eno st\u00e1le spolupracujete). Po viac ako 12 rokoch v oblasti affiliate marketingu v oblasti hazardn\u00fdch hier sme videli ve\u013ea zl\u00fdch vec\u00ed. Zni\u017eovanie pr\u00edjmov, zmeny v podmienkach pou\u017e\u00edvania, ktor\u00e9 mali za n\u00e1sledok stratu pr\u00edjmov pre affiliate partnerov, oneskoren\u00e9 alebo \u017eiadne platby, kr\u00e1de\u017e va\u0161ich klientov od n\u00e1s (alebo od in\u00fdch affiliate partnerov) \u2013 videli sme to v\u0161etko.<\/p>\n<p>Bohu\u017eia\u013e, toto je odvetvie, v ktorom sa pracovit\u00fdm partnerom neust\u00e1le st\u00e1vaj\u00fa zl\u00e9 veci. Preto sme sa rozhodli urobi\u0165 \u010fal\u0161\u00ed krok. Spustili sme n\u00e1\u0161 vlastn\u00fd produkt, RedFoxLotto.com. N\u00e1\u0161 marketingov\u00fd pl\u00e1n je jednoduch\u00fd: 100 % zalo\u017een\u00fd na SEO a online partnerskom marketingu.<\/p>\n<p>Ke\u010f\u017ee sme sami boli affiliate partnermi, zav\u00e4zujeme sa prev\u00e1dzkova\u0165 100 % etick\u00fd a \u010destn\u00fd affiliate program. \u00c1no, v\u0161etci hovoria, \u017ee toto alebo tamto neurobia. Ale my mysl\u00edme to, \u010do hovor\u00edme.<\/p>\n<p>Tu je to, \u010do od n\u00e1s m\u00f4\u017eete o\u010dak\u00e1va\u0165<br \/>\nDohoda je dohoda! To znamen\u00e1, \u017ee ak povieme, \u017ee dostanete podiel z pr\u00edjmov, ktor\u00e9 generujete po\u010das cel\u00e9ho \u017eivota klientov, ktor\u00fdch privediete, mysl\u00edme to v\u00e1\u017ene. Nikdy nezmen\u00edme n\u00e1zor.<br \/>\nNikdy nebudeme manipulova\u0165 so spr\u00e1vami o ziskoch, aby sme zn\u00ed\u017eili na\u0161e re\u017eijn\u00e9 n\u00e1klady. Ani nikdy neodstr\u00e1nime klientov z v\u00e1\u0161ho \u00fa\u010dtu. Chceme, aby ste boli \u010do naj\u00faspe\u0161nej\u0161\u00ed. Ste na\u0161imi obchodn\u00fdmi partnermi a n\u00e1\u0161 \u00faspech z\u00e1vis\u00ed od v\u00e1s!<br \/>\nBudeme v\u00e1m plati\u0165 v\u010das. Aj vy m\u00e1te povinnosti a v\u00fddavky a my to ch\u00e1peme.<br \/>\nAk m\u00e1te ak\u00e9ko\u013evek ot\u00e1zky alebo potrebujete na\u0161u pomoc, kontaktujte n\u00e1s. Pou\u017eite formul\u00e1r \u201eKontakt\u201c v hornom menu. Spojme sa a uvid\u00edme, \u010di dok\u00e1\u017eeme zarobi\u0165 nejak\u00e9 peniaze!<\/p>\n","protected":false},"excerpt":{"rendered":"<p>Mo\u017eno v\u00e1s prekvap\u00ed, \u017ee na webovej str\u00e1nke partnersk\u00e9ho programu n\u00e1jdete odkaz na etiku. S\u00fahlas\u00edme, \u017ee je to nezvy\u010dajn\u00e9. Pre n\u00e1s je to v\u0161ak d\u00f4le\u017eit\u00e1 t\u00e9ma. B\u00fdval\u00ed partneri prev\u00e1dzkuj\u00fa ako RedFoxLotto.com, tak aj tento partnersk\u00fd program. Spolupracujeme s t\u00fdmi ist\u00fdmi spolo\u010dnos\u0165ami, s ktor\u00fdmi ste spolupracovali vy (alebo mo\u017eno st\u00e1le spolupracujete). Po<\/p>\n<p><a href=\"https:\/\/redfoxaffiliates.com\/sk\/o-etike-v-partnerskych-marketingovych-programoch\/\" class=\"more-link\">Continue Reading<span class=\"screen-reader-text\">O etike v partnersk\u00fdch marketingov\u00fdch programoch<\/span><\/a><\/p>\n","protected":false},"author":1,"featured_media":0,"parent":0,"menu_order":7,"comment_status":"closed","ping_status":"closed","template":"","meta":{"footnotes":""},"class_list":["post-365","page","type-page","status-publish","hentry"],"yoast_head":"<!-- This site is optimized with the Yoast SEO plugin v22.4 - https:\/\/yoast.com\/wordpress\/plugins\/seo\/ -->\n<title>Etika a affiliate marketing na lot\u00e9riovom trhu<\/title>\n<meta name=\"description\" content=\"Existuje ve\u013ea lot\u00e9riov\u00fdch affiliate programov, ktor\u00e9 kradn\u00fa peniaze svojim affiliate partnerom. Preto je pre n\u00e1s t\u00e9ma etick\u00e9ho podnikania d\u00f4le\u017eit\u00e1.\" \/>\n<meta name=\"robots\" content=\"index, follow, max-snippet:-1, max-image-preview:large, max-video-preview:-1\" \/>\n<link rel=\"canonical\" href=\"https:\/\/redfoxaffiliates.com\/ethics-and-affiliate-marketing-programs\/\" \/>\n<meta property=\"og:locale\" content=\"sk_SK\" \/>\n<meta property=\"og:type\" content=\"article\" \/>\n<meta property=\"og:title\" content=\"Etika a affiliate marketing na lot\u00e9riovom trhu\" \/>\n<meta property=\"og:description\" content=\"Existuje ve\u013ea lot\u00e9riov\u00fdch affiliate programov, ktor\u00e9 kradn\u00fa peniaze svojim affiliate partnerom. Preto je pre n\u00e1s t\u00e9ma etick\u00e9ho podnikania d\u00f4le\u017eit\u00e1.\" \/>\n<meta property=\"og:url\" content=\"https:\/\/redfoxaffiliates.com\/ethics-and-affiliate-marketing-programs\/\" \/>\n<meta property=\"og:site_name\" content=\"RedFoxLotto Affiliate Program\" \/>\n<meta name=\"twitter:card\" content=\"summary_large_image\" \/>\n<meta name=\"twitter:label1\" content=\"Predpokladan\u00fd \u010das \u010d\u00edtania\" \/>\n\t<meta name=\"twitter:data1\" content=\"2 min\u00faty\" \/>\n<script type=\"application\/ld+json\" class=\"yoast-schema-graph\">{\"@context\":\"https:\/\/schema.org\",\"@graph\":[{\"@type\":\"WebPage\",\"@id\":\"https:\/\/redfoxaffiliates.com\/ethics-and-affiliate-marketing-programs\/\",\"url\":\"https:\/\/redfoxaffiliates.com\/ethics-and-affiliate-marketing-programs\/\",\"name\":\"Etika a affiliate marketing na lot\u00e9riovom trhu\",\"isPartOf\":{\"@id\":\"https:\/\/redfoxaffiliates.com\/#website\"},\"datePublished\":\"2026-01-01T20:16:49+00:00\",\"dateModified\":\"2026-01-01T20:16:49+00:00\",\"description\":\"Existuje ve\u013ea lot\u00e9riov\u00fdch affiliate programov, ktor\u00e9 kradn\u00fa peniaze svojim affiliate partnerom. Preto je pre n\u00e1s t\u00e9ma etick\u00e9ho podnikania d\u00f4le\u017eit\u00e1.\",\"breadcrumb\":{\"@id\":\"https:\/\/redfoxaffiliates.com\/ethics-and-affiliate-marketing-programs\/#breadcrumb\"},\"inLanguage\":\"sk-SK\",\"potentialAction\":[{\"@type\":\"ReadAction\",\"target\":[\"https:\/\/redfoxaffiliates.com\/ethics-and-affiliate-marketing-programs\/\"]}]},{\"@type\":\"BreadcrumbList\",\"@id\":\"https:\/\/redfoxaffiliates.com\/ethics-and-affiliate-marketing-programs\/#breadcrumb\",\"itemListElement\":[{\"@type\":\"ListItem\",\"position\":1,\"name\":\"Home\",\"item\":\"https:\/\/redfoxaffiliates.com\/sk\/domov\/\"},{\"@type\":\"ListItem\",\"position\":2,\"name\":\"O etike v partnersk\u00fdch marketingov\u00fdch programoch\"}]},{\"@type\":\"WebSite\",\"@id\":\"https:\/\/redfoxaffiliates.com\/#website\",\"url\":\"https:\/\/redfoxaffiliates.com\/\",\"name\":\"RedFoxLotto Affiliate Program\",\"description\":\"The site for marketing partners of RedFoxLotto.com\",\"potentialAction\":[{\"@type\":\"SearchAction\",\"target\":{\"@type\":\"EntryPoint\",\"urlTemplate\":\"https:\/\/redfoxaffiliates.com\/?s={search_term_string}\"},\"query-input\":\"required name=search_term_string\"}],\"inLanguage\":\"sk-SK\"}]}<\/script>\n<!-- \/ Yoast SEO plugin. -->","yoast_head_json":{"title":"Etika a affiliate marketing na lot\u00e9riovom trhu","description":"Existuje ve\u013ea lot\u00e9riov\u00fdch affiliate programov, ktor\u00e9 kradn\u00fa peniaze svojim affiliate partnerom. Preto je pre n\u00e1s t\u00e9ma etick\u00e9ho podnikania d\u00f4le\u017eit\u00e1.","robots":{"index":"index","follow":"follow","max-snippet":"max-snippet:-1","max-image-preview":"max-image-preview:large","max-video-preview":"max-video-preview:-1"},"canonical":"https:\/\/redfoxaffiliates.com\/ethics-and-affiliate-marketing-programs\/","og_locale":"sk_SK","og_type":"article","og_title":"Etika a affiliate marketing na lot\u00e9riovom trhu","og_description":"Existuje ve\u013ea lot\u00e9riov\u00fdch affiliate programov, ktor\u00e9 kradn\u00fa peniaze svojim affiliate partnerom. Preto je pre n\u00e1s t\u00e9ma etick\u00e9ho podnikania d\u00f4le\u017eit\u00e1.","og_url":"https:\/\/redfoxaffiliates.com\/ethics-and-affiliate-marketing-programs\/","og_site_name":"RedFoxLotto Affiliate Program","twitter_card":"summary_large_image","twitter_misc":{"Predpokladan\u00fd \u010das \u010d\u00edtania":"2 min\u00faty"},"schema":{"@context":"https:\/\/schema.org","@graph":[{"@type":"WebPage","@id":"https:\/\/redfoxaffiliates.com\/ethics-and-affiliate-marketing-programs\/","url":"https:\/\/redfoxaffiliates.com\/ethics-and-affiliate-marketing-programs\/","name":"Etika a affiliate marketing na lot\u00e9riovom trhu","isPartOf":{"@id":"https:\/\/redfoxaffiliates.com\/#website"},"datePublished":"2026-01-01T20:16:49+00:00","dateModified":"2026-01-01T20:16:49+00:00","description":"Existuje ve\u013ea lot\u00e9riov\u00fdch affiliate programov, ktor\u00e9 kradn\u00fa peniaze svojim affiliate partnerom. Preto je pre n\u00e1s t\u00e9ma etick\u00e9ho podnikania d\u00f4le\u017eit\u00e1.","breadcrumb":{"@id":"https:\/\/redfoxaffiliates.com\/ethics-and-affiliate-marketing-programs\/#breadcrumb"},"inLanguage":"sk-SK","potentialAction":[{"@type":"ReadAction","target":["https:\/\/redfoxaffiliates.com\/ethics-and-affiliate-marketing-programs\/"]}]},{"@type":"BreadcrumbList","@id":"https:\/\/redfoxaffiliates.com\/ethics-and-affiliate-marketing-programs\/#breadcrumb","itemListElement":[{"@type":"ListItem","position":1,"name":"Home","item":"https:\/\/redfoxaffiliates.com\/sk\/domov\/"},{"@type":"ListItem","position":2,"name":"O etike v partnersk\u00fdch marketingov\u00fdch programoch"}]},{"@type":"WebSite","@id":"https:\/\/redfoxaffiliates.com\/#website","url":"https:\/\/redfoxaffiliates.com\/","name":"RedFoxLotto Affiliate Program","description":"The site for marketing partners of RedFoxLotto.com","potentialAction":[{"@type":"SearchAction","target":{"@type":"EntryPoint","urlTemplate":"https:\/\/redfoxaffiliates.com\/?s={search_term_string}"},"query-input":"required name=search_term_string"}],"inLanguage":"sk-SK"}]}},"_links":{"self":[{"href":"https:\/\/redfoxaffiliates.com\/sk\/wp-json\/wp\/v2\/pages\/365","targetHints":{"allow":["GET"]}}],"collection":[{"href":"https:\/\/redfoxaffiliates.com\/sk\/wp-json\/wp\/v2\/pages"}],"about":[{"href":"https:\/\/redfoxaffiliates.com\/sk\/wp-json\/wp\/v2\/types\/page"}],"author":[{"embeddable":true,"href":"https:\/\/redfoxaffiliates.com\/sk\/wp-json\/wp\/v2\/users\/1"}],"replies":[{"embeddable":true,"href":"https:\/\/redfoxaffiliates.com\/sk\/wp-json\/wp\/v2\/comments?post=365"}],"version-history":[{"count":0,"href":"https:\/\/redfoxaffiliates.com\/sk\/wp-json\/wp\/v2\/pages\/365\/revisions"}],"wp:attachment":[{"href":"https:\/\/redfoxaffiliates.com\/sk\/wp-json\/wp\/v2\/media?parent=365"}],"curies":[{"name":"wp","href":"https:\/\/api.w.org\/{rel}","templated":true}]}}