{"id":320,"date":"2026-01-01T21:15:19","date_gmt":"2026-01-01T20:15:19","guid":{"rendered":"https:\/\/redfoxaffiliates.com\/ako-zacat-s-online-affiliate-marketingom\/"},"modified":"2026-01-01T21:15:19","modified_gmt":"2026-01-01T20:15:19","slug":"ako-zacat-s-online-affiliate-marketingom","status":"publish","type":"page","link":"https:\/\/redfoxaffiliates.com\/sk\/ako-zacat-s-online-affiliate-marketingom\/","title":{"rendered":"Ako za\u010da\u0165 s online affiliate marketingom"},"content":{"rendered":"<h2>\u010co je affiliate marketing?<\/h2>\n<p>Mnoho online predajcov m\u00e1 takzvan\u00e9 affiliate programy. Ktoko\u013evek si tam m\u00f4\u017ee vytvori\u0165 affiliate \u00fa\u010det a za\u010da\u0165 propagova\u0165 svoje produkty online. Promot\u00e9r (vy) dost\u00e1va prov\u00edziu za to, \u017ee predajcovi odporu\u010d\u00ed platiacich z\u00e1kazn\u00edkov.<\/p>\n<p>Pozrite si menu vpravo. N\u00e1jdete tam odkaz na PDF tutori\u00e1l pre za\u010diato\u010dn\u00edkov o tom, ako za\u010da\u0165 s affiliate podnikan\u00edm od z\u00e1kladov a s minim\u00e1lnou invest\u00edciou.<\/p>\n<h2>Ako dost\u00e1vate zaplaten\u00e9?<\/h2>\n<p>Po registr\u00e1cii do affiliate programu si m\u00f4\u017eete na affiliate webovej str\u00e1nke stiahnu\u0165 takzvan\u00e9 sledovacie odkazy a\/alebo bannery so \u201esledovan\u00fdmi odkazmi\u201c. Tieto odkazy je mo\u017en\u00e9 vlo\u017ei\u0165 na va\u0161u webov\u00fa str\u00e1nku a ke\u010f n\u00e1v\u0161tevn\u00edk klikne na odkaz, predajca vie, ktor\u00fd affiliate partner odporu\u010dil z\u00e1kazn\u00edka na z\u00e1klade identifika\u010dn\u00e9ho \u010d\u00edsla v odkaze.<\/p>\n<p>Existuj\u00fa dva z\u00e1kladn\u00e9 modely spolupr\u00e1ce s affiliate programom:<\/p>\n<p>CPA (Cena za akviz\u00edciu), v ktorom affiliate partner dostane pevn\u00fa sumu, ke\u010f nov\u00fd klient dosiahne definovan\u00fd limit predaja.<\/p>\n<p>Zdie\u013eanie pr\u00edjmov (\u010dasto ozna\u010dovan\u00e9 aj ako MGR), v ktorom affiliate partner dost\u00e1va percento z pr\u00edjmov z predaja. V z\u00e1vislosti od zmluvn\u00fdch podmienok v\u00e1m bude vyplaten\u00e1 prov\u00edzia vo forme percenta zo v\u0161etk\u00fdch bud\u00facich predajov alebo iba za ur\u010dit\u00e9 obdobie.<\/p>\n<h2>Ako propagujete t\u00fdchto predajcov?<\/h2>\n<p>Na za\u010diatok s affiliate marketingom najviac potrebujete webov\u00fa str\u00e1nku, ktor\u00e1 generuje n\u00e1v\u0161tevnos\u0165. Pozrite si odsek \u201eVytvorte si pl\u00e1n\u201c ni\u017e\u0161ie! Z\u00edskanie \u201en\u00e1v\u0161tevnosti\u201c pre va\u0161u webov\u00fa str\u00e1nku je najd\u00f4le\u017eitej\u0161ie.<\/p>\n<p>T\u00e1to webov\u00e1 str\u00e1nka m\u00f4\u017ee by\u0165 bu\u010f webov\u00e1 str\u00e1nka s\u00favisiaca s konkr\u00e9tnym produktom (produkt, ktor\u00fd chcete propagova\u0165), alebo len webov\u00e1 str\u00e1nka na ak\u00fako\u013evek t\u00e9mu, pokia\u013e generuje dostatok n\u00e1v\u0161tevnosti. Pr\u00edklad: Vytvor\u00edte si webov\u00fa str\u00e1nku na t\u00e9mu, ktor\u00fa dobre pozn\u00e1te, ako je pot\u00e1panie. P\u00ed\u0161ete skvel\u00fd obsah a \u013eudia nav\u0161t\u00edvia va\u0161u str\u00e1nku. Potom za\u010dnete propagova\u0165 online predajn\u00fa str\u00e1nku \u0161pecializuj\u00facu sa na pot\u00e1pa\u010dsk\u00e9 vybavenie. V\u017edy, ke\u010f n\u00e1v\u0161tevn\u00edk prejde z va\u0161ej webovej str\u00e1nky na str\u00e1nku predajcu a nie\u010do si k\u00fapi, z\u00edskate prov\u00edziu.<\/p>\n<h2>Marketing na soci\u00e1lnych sie\u0165ach<\/h2>\n<p>Ak m\u00e1te publikum na soci\u00e1lnych sie\u0165ach, mo\u017eno ani nepotrebujete webov\u00fa str\u00e1nku. Na za\u010datie propag\u00e1cie produktov predajcu m\u00f4\u017eete pou\u017ei\u0165 rovnak\u00e9 sledovan\u00e9 affiliate odkazy. A ak je va\u0161e publikum glob\u00e1lne, o to lep\u0161ie. V mnoh\u00fdch krajin\u00e1ch s\u00fa lot\u00e9rie s n\u00edzkymi v\u00fdplatami alebo \u017eiadne lot\u00e9rie. Obyvatelia t\u00fdchto kraj\u00edn s\u00fa ide\u00e1lnym publikom pre na\u0161u lot\u00e9riov\u00fa slu\u017ebu.<\/p>\n<h2>Existuj\u00fa v podstate dva scen\u00e1re:<\/h2>\n<p>Ak by ste mali webov\u00fa str\u00e1nku so \u0161irokou \u0161k\u00e1lou t\u00e9m \u010dl\u00e1nkov a t\u00e1to webov\u00e1 str\u00e1nka by mala ka\u017ed\u00fd de\u0148 tis\u00edce n\u00e1v\u0161tevn\u00edkov, mohli by ste viac-menej pred\u00e1va\u0165 ak\u00fdko\u013evek produkt, ktor\u00fd by ste chceli. Samotn\u00fd po\u010det n\u00e1v\u0161tevn\u00edkov by generoval zna\u010dn\u00e9 pr\u00edjmy. A n\u00e1\u0161 partnersk\u00fd program je vynikaj\u00faci pre ka\u017ed\u00fa webov\u00fa str\u00e1nku, preto\u017ee koniec koncov, ka\u017ed\u00fd miluje lot\u00e9riu, v\u0161ak?<\/p>\n<p>Ak by ste mali napr\u00edklad webov\u00fa str\u00e1nku s\u00favisiacu s lot\u00e9riou, pravdepodobne by ste mali menej n\u00e1v\u0161tevn\u00edkov. N\u00e1v\u0161tevnos\u0165 je v\u0161ak viac \u201ecielen\u00e1\u201c, t. j. va\u0161i n\u00e1v\u0161tevn\u00edci si s v\u00e4\u010d\u0161ou pravdepodobnos\u0165ou k\u00fapia lot\u00e9riov\u00e9 l\u00edstky, ktor\u00e9 propagujete. Aj keby ste mali iba 10 n\u00e1v\u0161tevn\u00edkov denne, st\u00e1le by ste videli nejak\u00e9 pr\u00edjmy. A pri hran\u00ed lot\u00e9rie je jedna vec: \u013eudia maj\u00fa tendenciu hra\u0165 dlho, dlho. Ke\u010f do n\u00e1\u0161ho partnersk\u00e9ho programu odporu\u010d\u00edte ur\u010dit\u00fd po\u010det klientov, uvid\u00edte relat\u00edvne stabiln\u00fd tok pr\u00edjmov.<\/p>\n<h2>Ako z\u00edska\u0165 n\u00e1v\u0161tevn\u00edkov na va\u0161u webov\u00fa str\u00e1nku?<\/h2>\n<p>Na pril\u00e1kanie n\u00e1v\u0161tevn\u00edkov budete na svoju webov\u00fa str\u00e1nku potrebova\u0165 kvalitn\u00e9 \u010dl\u00e1nky, ktor\u00e9 \u010ditate\u013eom poskytuj\u00fa u\u017eito\u010dn\u00e9 inform\u00e1cie. Mus\u00edte sa tie\u017e nau\u010di\u0165 z\u00e1klady SEO (optimaliz\u00e1cia pre vyh\u013ead\u00e1va\u010de). To je d\u00f4le\u017eit\u00e9, preto\u017ee existuj\u00fa \u0161pecifick\u00e9 \u201epravidl\u00e1\u201c, ktor\u00e9 mus\u00edte pozna\u0165, aby ste sa uistili, \u017ee str\u00e1nky na va\u0161ej webovej str\u00e1nke sa bud\u00fa vo vyh\u013ead\u00e1van\u00ed Google umiest\u0148ova\u0165 vysoko pre vyh\u013ead\u00e1vanie \u201ek\u013e\u00fa\u010dov\u00fdch slov\u201c, ktor\u00e9 v\u00e1m m\u00f4\u017eu prinies\u0165 n\u00e1v\u0161tevn\u00edkov. Affiliate partneri to naz\u00fdvaj\u00fa \u201epril\u00e1kanie n\u00e1v\u0161tevnosti\u201c na va\u0161u str\u00e1nku.<\/p>\n<p>SEO nie je \u017eiadna veda. Sta\u010d\u00ed vygoogli\u0165 \u201ez\u00e1klady SEO\u201c a pre\u010d\u00edta\u0165 si nie\u010do, aby ste sa nau\u010dili najd\u00f4le\u017eitej\u0161ie pravidl\u00e1 pre tvorbu \u010dl\u00e1nkov a neskor\u0161ie zlep\u0161ovanie svojich zru\u010dnost\u00ed.<\/p>\n<h2>Sila e-mailov\u00e9ho zoznamu<\/h2>\n<p>V\u017edy si nastavte svoju webov\u00fa str\u00e1nku tak, aby n\u00e1v\u0161tevn\u00edci mali d\u00f4vod zaregistrova\u0165 sa alebo zanecha\u0165 svoje e-mailov\u00e9 adresy. Vytvorte si zoznam a pou\u017eite ho na odosielanie e-mailov propaguj\u00facich \u0161peci\u00e1lne udalosti, v\u00fdpredaje a \u010fal\u0161ie. Ak u\u017e zoznam m\u00e1te, mo\u017eno ani nepotrebujete webov\u00fa str\u00e1nku, aby ste boli affiliate partnerom. Ale nekupujte zoznamy zo spamov\u00fdch str\u00e1nok na predaj e-mailov\u00fdch adries \u2013 nestoja za to.<\/p>\n<h2>Ko\u013eko stoj\u00ed za\u010diatok v affiliate marketingu?<\/h2>\n<p>Jednoduch\u00e1 odpove\u010f: ni\u010d alebo takmer ni\u010d!<\/p>\n<p>V\u0161etko, \u010do potrebujete, je n\u00e1zov dom\u00e9ny a hostingov\u00fd pl\u00e1n pre webov\u00fd priestor. Ako za\u010diato\u010dn\u00edk nepotrebujete vlastn\u00fd server; na za\u010diatok posta\u010d\u00ed z\u00e1kladn\u00fd webhosting, dostupn\u00fd od 2 \u20ac mesa\u010dne.<\/p>\n<p>Vyberte si spo\u013eahliv\u00e9ho poskytovate\u013ea hostingu a vyberte si dostupn\u00fd n\u00e1zov dom\u00e9ny. Pred objednan\u00edm si n\u00e1zov dom\u00e9ny dobre premyslite. Potom si vyberte z\u00e1kladn\u00fd hostingov\u00fd pl\u00e1n. Zaregistrujte sa a zapla\u0165te za \u00fa\u010det. Potom sa prihl\u00e1ste do svojho klientskeho \u00fa\u010dtu a poobzerajte sa. Jeden tip: H\u013eadajte \u010fal\u0161iu funkciu s n\u00e1zvom \u201eS\u00fakromie dom\u00e9ny\u201c \u2013 toto je nie\u010do, \u010do by ste mali zv\u00e1\u017ei\u0165, ak z nejak\u00e9ho d\u00f4vodu nechcete, aby niekto vedel, \u017ee vlastn\u00edte a prev\u00e1dzkujete t\u00fato webov\u00fa str\u00e1nku a jej partnersk\u00fd program.<\/p>\n<h2>podnikanie spojen\u00e9 s t\u00fdm.<\/h2>\n<p>Odpor\u00fa\u010dame za\u010da\u0165 in\u0161tal\u00e1ciou str\u00e1nky WordPress pomocou bezplatnej \u0161abl\u00f3ny (rozlo\u017eenia). WordPress je syst\u00e9m na spr\u00e1vu obsahu (CMS), ktor\u00fd automaticky vytv\u00e1ra va\u0161u webov\u00fa str\u00e1nku a umo\u017e\u0148uje v\u00e1m ju spravova\u0165. Poskytovatelia webov\u00e9ho priestoru maj\u00fa jednoduch\u00e9 funkcie, ktor\u00e9 m\u00f4\u017eete pou\u017ei\u0165 na nastavenie str\u00e1nky WordPress v priebehu nieko\u013ek\u00fdch sek\u00fand. Nie s\u00fa potrebn\u00e9 \u017eiadne program\u00e1torsk\u00e9 zru\u010dnosti!<\/p>\n<p>Pre\u010d\u00edtajte si \u00favodn\u00fd n\u00e1vod a nau\u010dte sa najd\u00f4le\u017eitej\u0161ie funkcie WordPressu. Na z\u00edskanie z\u00e1kladn\u00fdch zru\u010dnost\u00ed potrebn\u00fdch na spr\u00e1vu jednoduchej webovej str\u00e1nky potrebujete len nieko\u013eko hod\u00edn. Na webovej str\u00e1nke WordPress je podrobn\u00e1 dokument\u00e1cia a f\u00f3rum, kde m\u00f4\u017eete po\u017eiada\u0165 o pomoc sk\u00fasenej\u0161\u00edch pou\u017e\u00edvate\u013eov.<\/p>\n<h2>Ko\u013eko pe\u0148az\u00ed m\u00f4\u017eete zarobi\u0165 ako affiliate partner?<\/h2>\n<p>To ve\u013emi z\u00e1vis\u00ed od toho, ak\u00ed ste odhodlan\u00ed a ak\u00ed ste dobr\u00ed. Niektor\u00ed affiliate partneri zar\u00e1baj\u00fa mili\u00f3ny, in\u00ed ve\u013emi m\u00e1lo, ale mnoh\u00ed zar\u00e1baj\u00fa nieko\u013eko stoviek eur mesa\u010dne. Neo\u010dak\u00e1vajte, \u017ee zarob\u00edte peniaze hne\u010f. Trv\u00e1 to nejak\u00fd \u010das, k\u00fdm va\u0161a webov\u00e1 str\u00e1nka pril\u00e1ka n\u00e1v\u0161tevn\u00edkov. Ak investujete potrebn\u00fa pr\u00e1cu, budete z toho m\u00f4c\u0165 dlhodobo \u017ei\u0165.<\/p>\n<h2>Mal by\/m\u00f4\u017ee sa to robi\u0165 na pln\u00fd alebo \u010diasto\u010dn\u00fd \u00fav\u00e4zok?<\/h2>\n<p>Ka\u017ed\u00fd sa o tom mus\u00ed rozhodn\u00fa\u0165 s\u00e1m. Ale 90 percent partnerov sa k podnikaniu prip\u00e1ja na \u010diasto\u010dn\u00fd \u00fav\u00e4zok. Ve\u013ek\u00e9 percento partnerov prech\u00e1dza na pln\u00fd \u00fav\u00e4zok po dosiahnut\u00ed dostato\u010dn\u00e9ho \u00faspechu a sk\u00fasenost\u00ed v danom odvetv\u00ed.<\/p>\n<h2>Je to leg\u00e1lne?<\/h2>\n<p>Rozhodne, pokia\u013e nepropagujete produkty, ktor\u00e9 s\u00fa vo va\u0161ej krajine bydliska neleg\u00e1lne; ak je to tak, mus\u00edte prija\u0165 opatrenia na ochranu pred potenci\u00e1lnymi probl\u00e9mami. Pozrite si okrem in\u00e9ho \u010das\u0165 \u201eOchrana osobn\u00fdch \u00fadajov dom\u00e9ny\u201c vy\u0161\u0161ie. Uistite sa, \u017ee si nevyber\u00e1te registr\u00e1tora dom\u00e9n a\/alebo hostingov\u00fa slu\u017ebu v krajine, kde by va\u0161a webov\u00e1 str\u00e1nka bola neleg\u00e1lna!<\/p>\n<h2>A \u010do je najd\u00f4le\u017eitej\u0161ie: Vytvorte si pl\u00e1n!<\/h2>\n<p>Predt\u00fdm, ako budete m\u00f4c\u0165 zar\u00e1ba\u0165 peniaze prostredn\u00edctvom partnersk\u00e9ho programu, mus\u00edte si vypracova\u0165 dobr\u00fd pl\u00e1n a zhroma\u017edi\u0165 potrebn\u00e9 inform\u00e1cie. Mo\u017eno ste videli film s Kevinom Costnerom \u201ePole snov\u201c, v ktorom hlas z neba hovor\u00ed: \u201ePostavte ho a oni pr\u00eddu.\u201c Ak si mysl\u00edte, \u017ee dok\u00e1\u017eete posklada\u0165 webov\u00fa str\u00e1nku na ak\u00fako\u013evek t\u00e9mu a o\u010dak\u00e1va\u0165, \u017ee sa peniaze \u010doskoro dostan\u00fa, budete nakoniec frustrovan\u00ed.<\/p>\n<p>Ak sa k veci postav\u00edte s pl\u00e1nom, m\u00f4\u017eete si zarobi\u0165 dobr\u00e9 peniaze a reklama na partnersk\u00fd program je nesmierna z\u00e1bava. Ide\u00e1lne je za\u010da\u0165 na \u010diasto\u010dn\u00fd \u00fav\u00e4zok a ak to p\u00f4jde dobre, m\u00f4\u017eete \u013eahko prejs\u0165 na pln\u00fd \u00fav\u00e4zok.<\/p>\n<h2>V\u00e1\u0161 pl\u00e1n mus\u00ed obsahova\u0165 nasleduj\u00face veci:<\/h2>\n<p>Vyberte si t\u00e9mu, ktor\u00e1 v\u00e1s nadch\u00fdna a o ktorej m\u00f4\u017eete svojim \u010ditate\u013eom poskytn\u00fa\u0165 cenn\u00e9 inform\u00e1cie. Ak ste v tejto oblasti nov\u00e1\u010dikom, v\u017edy si vyberte \u201eni\u0161ov\u00fa\u201c t\u00e9mu \u2013 ak existuje mno\u017estvo in\u00fdch webov\u00fdch str\u00e1nok o tejto t\u00e9me, budete ma\u0165 probl\u00e9m s nimi konkurova\u0165. Taktie\u017e bude n\u00e1ro\u010dn\u00e9 umiestni\u0165 sa na ak\u00e9ko\u013evek k\u013e\u00fa\u010dov\u00e9 slov\u00e1. Samozrejme, mus\u00edte si vybra\u0165 t\u00e9mu, ktor\u00e1 sa hod\u00ed k produktu, ktor\u00fd sa d\u00e1 k\u00fapi\u0165 online a m\u00e1 partnersk\u00fd program.<\/p>\n<p>Vytvorte si zoznam kombin\u00e1ci\u00ed k\u013e\u00fa\u010dov\u00fdch slov, ktor\u00e9 by potenci\u00e1lni n\u00e1v\u0161tevn\u00edci mohli vyh\u013ead\u00e1va\u0165 na Googli. Majte na pam\u00e4ti, \u017ee dosiahnutie vysok\u00e9ho umiestnenia pre zrejm\u00e9 k\u013e\u00fa\u010dov\u00e9 slov\u00e1, ako je \u201elotto online\u201c, je takmer nemo\u017en\u00e9. Zvo\u013ete konkr\u00e9tnej\u0161ie fr\u00e1zy. Extr\u00e9mnym pr\u00edkladom by bolo \u201eM\u00f4\u017eu sa \u013eudia z\u00fa\u010dastni\u0165 Powerballu, ak ne\u017eij\u00fa v USA?\u201c<\/p>\n<p>Potom sa rozhodnite, na ktor\u00fa kombin\u00e1ciu k\u013e\u00fa\u010dov\u00fdch slov sa zameriate na domovskej str\u00e1nke svojej webovej str\u00e1nky. Nap\u00ed\u0161te \u010dl\u00e1nok pre domovsk\u00fa str\u00e1nku s danou kombin\u00e1ciou k\u013e\u00fa\u010dov\u00fdch slov. Potom si vypracujte pl\u00e1n \u0161trukt\u00fary va\u0161ej webovej str\u00e1nky. Nap\u00ed\u0161te nieko\u013eko \u010fal\u0161\u00edch \u010dl\u00e1nkov s \u010fal\u0161\u00edmi kombin\u00e1ciami k\u013e\u00fa\u010dov\u00fdch slov, ktor\u00e9 v\u00e1m pr\u00eddu na myse\u013e.<\/p>\n<h2>Odvtedy sa mus\u00edte zamera\u0165 na dve veci:<\/h2>\n<p>Vytv\u00e1rajte odkazy smeruj\u00face na va\u0161u webov\u00fa str\u00e1nku. Odkazy s\u00fa ako pozit\u00edvne hlasy pre va\u0161u str\u00e1nku; kvalitn\u00e9 odkazy m\u00f4\u017eu zlep\u0161i\u0165 va\u0161e umiestnenie vo vyh\u013ead\u00e1va\u010doch. Po\u017eiadajte priate\u013eov s webov\u00fdmi str\u00e1nkami o odkazy, kontaktujte in\u00fdch spr\u00e1vcov webu a pon\u00faknite im nap\u00edsanie \u010dl\u00e1nku v\u00fdmenou za odkazy at\u010f. Najlep\u0161ie odkazy v\u0161ak pr\u00eddu prirodzene, ke\u010f si \u013eudia pre\u010d\u00edtaj\u00fa va\u0161e \u010dl\u00e1nky a odk\u00e1\u017eu na va\u0161u str\u00e1nku, preto\u017ee sa im p\u00e1\u010dilo, \u010do ste nap\u00edsali!<\/p>\n<p>Vytv\u00e1rajte viac obsahu (\u010dl\u00e1nkov) s dobr\u00fdm SEO. Vyu\u017eite svoju predstavivos\u0165 a pravidelne p\u00ed\u0161te nov\u00e9 \u010dl\u00e1nky. Na za\u010diatok zv\u00e1\u017ete prid\u00e1vanie 2 \u2013 3 \u010dl\u00e1nkov t\u00fd\u017edenne.<\/p>\n<p>Ke\u010f budete dokon\u010dova\u0165 vy\u0161\u0161ie uveden\u00e9, stanete sa \u010doraz zru\u010dnej\u0161\u00edmi a prv\u00ed n\u00e1v\u0161tevn\u00edci pr\u00eddu na va\u0161u webov\u00fa str\u00e1nku. Na sledovanie po\u010dtu n\u00e1v\u0161tevn\u00edkov a ich spr\u00e1vania pou\u017eite (bezplatn\u00fa) slu\u017ebu ako www.clicky.com alebo Google Analytics. Pravidelne kontrolujte svoj \u00fa\u010det v partnerskom programe, aby ste zistili, \u010di generujete pr\u00edjmy.<\/p>\n<p>Vyu\u017eite SEO slu\u017ebu, ktor\u00e1 v\u00e1m pom\u00f4\u017ee n\u00e1js\u0165 viac k\u013e\u00fa\u010dov\u00fdch slov s\u00favisiacich s va\u0161\u00edm prim\u00e1rnym k\u013e\u00fa\u010dov\u00fdm slovom. Vytvorte SEO optimalizovan\u00fd obsah, ktor\u00fd je zameran\u00fd na tieto k\u013e\u00fa\u010dov\u00e9 slov\u00e1. Viac obsahu privedie na va\u0161u webov\u00fa str\u00e1nku viac n\u00e1v\u0161tevnosti a zv\u00fd\u0161i va\u0161e prov\u00edzie.<\/p>\n<p>Postupom \u010dasu, ke\u010f vynalo\u017e\u00edte \u00fasilie, takmer ur\u010dite uvid\u00edte pozit\u00edvny vplyv na po\u010det n\u00e1v\u0161tevn\u00edkov a pr\u00edjmy.<\/p>\n<p><em>Osobne<\/em>: \u013eudia stojaci za RedFoxLotto a partnersk\u00fdm programom za\u010dali ako partneri pred viac ako 15 rokmi. Odvtedy s\u00fa dos\u0165 \u00faspe\u0161n\u00ed. A ak sa ich op\u00fdtate, \u010do sa im na tomto podnikan\u00ed p\u00e1\u010di, povedali by v\u00e1m toto:<\/p>\n<ul>\n<li>Neobmedzen\u00fd a glob\u00e1lny potenci\u00e1l z\u00e1robku<\/li>\n<li>Svoje podnikanie v oblasti affiliate marketingu m\u00f4\u017eete za\u010da\u0165 takmer bez invest\u00edci\u00ed.<\/li>\n<li>M\u00f4\u017ee v\u00e1m to poskytn\u00fa\u0165 finan\u010dn\u00fa nez\u00e1vislos\u0165.<\/li>\n<li>M\u00f4\u017eete pracova\u0165 online odkia\u013eko\u013evek chcete.<\/li>\n<\/ul>\n","protected":false},"excerpt":{"rendered":"<p>\u010co je affiliate marketing? Mnoho online predajcov m\u00e1 takzvan\u00e9 affiliate programy. Ktoko\u013evek si tam m\u00f4\u017ee vytvori\u0165 affiliate \u00fa\u010det a za\u010da\u0165 propagova\u0165 svoje produkty online. Promot\u00e9r (vy) dost\u00e1va prov\u00edziu za to, \u017ee predajcovi odporu\u010d\u00ed platiacich z\u00e1kazn\u00edkov. Pozrite si menu vpravo. N\u00e1jdete tam odkaz na PDF tutori\u00e1l pre za\u010diato\u010dn\u00edkov o tom, ako<\/p>\n<p><a href=\"https:\/\/redfoxaffiliates.com\/sk\/ako-zacat-s-online-affiliate-marketingom\/\" class=\"more-link\">Continue Reading<span class=\"screen-reader-text\">Ako za\u010da\u0165 s online affiliate marketingom<\/span><\/a><\/p>\n","protected":false},"author":1,"featured_media":0,"parent":0,"menu_order":6,"comment_status":"closed","ping_status":"closed","template":"","meta":{"footnotes":""},"class_list":["post-320","page","type-page","status-publish","hentry"],"yoast_head":"<!-- This site is optimized with the Yoast SEO plugin v22.4 - https:\/\/yoast.com\/wordpress\/plugins\/seo\/ -->\n<title>Ako za\u010da\u0165 a rozv\u00edja\u0165 svoje online affiliate marketingov\u00e9 podnikanie<\/title>\n<meta name=\"description\" content=\"Cestovn\u00e1 mapa k \u00faspechu v affiliate podnikan\u00ed. Za\u010dnite zar\u00e1ba\u0165 prov\u00edzie online t\u00fdm, \u017ee sa stanete affiliate partnerom a marketingov\u00fdm partnerom.\" \/>\n<meta name=\"robots\" content=\"index, follow, max-snippet:-1, max-image-preview:large, max-video-preview:-1\" \/>\n<link rel=\"canonical\" href=\"https:\/\/redfoxaffiliates.com\/how-to-start-an-online-affiliate-marketing-business\/\" \/>\n<meta property=\"og:locale\" content=\"sk_SK\" \/>\n<meta property=\"og:type\" content=\"article\" \/>\n<meta property=\"og:title\" content=\"Ako za\u010da\u0165 a rozv\u00edja\u0165 svoje online affiliate marketingov\u00e9 podnikanie\" \/>\n<meta property=\"og:description\" content=\"Cestovn\u00e1 mapa k \u00faspechu v affiliate podnikan\u00ed. Za\u010dnite zar\u00e1ba\u0165 prov\u00edzie online t\u00fdm, \u017ee sa stanete affiliate partnerom a marketingov\u00fdm partnerom.\" \/>\n<meta property=\"og:url\" content=\"https:\/\/redfoxaffiliates.com\/how-to-start-an-online-affiliate-marketing-business\/\" \/>\n<meta property=\"og:site_name\" content=\"RedFoxLotto Affiliate Program\" \/>\n<meta name=\"twitter:card\" content=\"summary_large_image\" \/>\n<meta name=\"twitter:label1\" content=\"Predpokladan\u00fd \u010das \u010d\u00edtania\" \/>\n\t<meta name=\"twitter:data1\" content=\"11 min\u00fat\" \/>\n<script type=\"application\/ld+json\" class=\"yoast-schema-graph\">{\"@context\":\"https:\/\/schema.org\",\"@graph\":[{\"@type\":\"WebPage\",\"@id\":\"https:\/\/redfoxaffiliates.com\/how-to-start-an-online-affiliate-marketing-business\/\",\"url\":\"https:\/\/redfoxaffiliates.com\/how-to-start-an-online-affiliate-marketing-business\/\",\"name\":\"Ako za\u010da\u0165 a rozv\u00edja\u0165 svoje online affiliate marketingov\u00e9 podnikanie\",\"isPartOf\":{\"@id\":\"https:\/\/redfoxaffiliates.com\/#website\"},\"datePublished\":\"2026-01-01T20:15:19+00:00\",\"dateModified\":\"2026-01-01T20:15:19+00:00\",\"description\":\"Cestovn\u00e1 mapa k \u00faspechu v affiliate podnikan\u00ed. Za\u010dnite zar\u00e1ba\u0165 prov\u00edzie online t\u00fdm, \u017ee sa stanete affiliate partnerom a marketingov\u00fdm partnerom.\",\"breadcrumb\":{\"@id\":\"https:\/\/redfoxaffiliates.com\/how-to-start-an-online-affiliate-marketing-business\/#breadcrumb\"},\"inLanguage\":\"sk-SK\",\"potentialAction\":[{\"@type\":\"ReadAction\",\"target\":[\"https:\/\/redfoxaffiliates.com\/how-to-start-an-online-affiliate-marketing-business\/\"]}]},{\"@type\":\"BreadcrumbList\",\"@id\":\"https:\/\/redfoxaffiliates.com\/how-to-start-an-online-affiliate-marketing-business\/#breadcrumb\",\"itemListElement\":[{\"@type\":\"ListItem\",\"position\":1,\"name\":\"Home\",\"item\":\"https:\/\/redfoxaffiliates.com\/sk\/domov\/\"},{\"@type\":\"ListItem\",\"position\":2,\"name\":\"Ako za\u010da\u0165 s online affiliate marketingom\"}]},{\"@type\":\"WebSite\",\"@id\":\"https:\/\/redfoxaffiliates.com\/#website\",\"url\":\"https:\/\/redfoxaffiliates.com\/\",\"name\":\"RedFoxLotto Affiliate Program\",\"description\":\"The site for marketing partners of RedFoxLotto.com\",\"potentialAction\":[{\"@type\":\"SearchAction\",\"target\":{\"@type\":\"EntryPoint\",\"urlTemplate\":\"https:\/\/redfoxaffiliates.com\/?s={search_term_string}\"},\"query-input\":\"required name=search_term_string\"}],\"inLanguage\":\"sk-SK\"}]}<\/script>\n<!-- \/ Yoast SEO plugin. -->","yoast_head_json":{"title":"Ako za\u010da\u0165 a rozv\u00edja\u0165 svoje online affiliate marketingov\u00e9 podnikanie","description":"Cestovn\u00e1 mapa k \u00faspechu v affiliate podnikan\u00ed. Za\u010dnite zar\u00e1ba\u0165 prov\u00edzie online t\u00fdm, \u017ee sa stanete affiliate partnerom a marketingov\u00fdm partnerom.","robots":{"index":"index","follow":"follow","max-snippet":"max-snippet:-1","max-image-preview":"max-image-preview:large","max-video-preview":"max-video-preview:-1"},"canonical":"https:\/\/redfoxaffiliates.com\/how-to-start-an-online-affiliate-marketing-business\/","og_locale":"sk_SK","og_type":"article","og_title":"Ako za\u010da\u0165 a rozv\u00edja\u0165 svoje online affiliate marketingov\u00e9 podnikanie","og_description":"Cestovn\u00e1 mapa k \u00faspechu v affiliate podnikan\u00ed. Za\u010dnite zar\u00e1ba\u0165 prov\u00edzie online t\u00fdm, \u017ee sa stanete affiliate partnerom a marketingov\u00fdm partnerom.","og_url":"https:\/\/redfoxaffiliates.com\/how-to-start-an-online-affiliate-marketing-business\/","og_site_name":"RedFoxLotto Affiliate Program","twitter_card":"summary_large_image","twitter_misc":{"Predpokladan\u00fd \u010das \u010d\u00edtania":"11 min\u00fat"},"schema":{"@context":"https:\/\/schema.org","@graph":[{"@type":"WebPage","@id":"https:\/\/redfoxaffiliates.com\/how-to-start-an-online-affiliate-marketing-business\/","url":"https:\/\/redfoxaffiliates.com\/how-to-start-an-online-affiliate-marketing-business\/","name":"Ako za\u010da\u0165 a rozv\u00edja\u0165 svoje online affiliate marketingov\u00e9 podnikanie","isPartOf":{"@id":"https:\/\/redfoxaffiliates.com\/#website"},"datePublished":"2026-01-01T20:15:19+00:00","dateModified":"2026-01-01T20:15:19+00:00","description":"Cestovn\u00e1 mapa k \u00faspechu v affiliate podnikan\u00ed. Za\u010dnite zar\u00e1ba\u0165 prov\u00edzie online t\u00fdm, \u017ee sa stanete affiliate partnerom a marketingov\u00fdm partnerom.","breadcrumb":{"@id":"https:\/\/redfoxaffiliates.com\/how-to-start-an-online-affiliate-marketing-business\/#breadcrumb"},"inLanguage":"sk-SK","potentialAction":[{"@type":"ReadAction","target":["https:\/\/redfoxaffiliates.com\/how-to-start-an-online-affiliate-marketing-business\/"]}]},{"@type":"BreadcrumbList","@id":"https:\/\/redfoxaffiliates.com\/how-to-start-an-online-affiliate-marketing-business\/#breadcrumb","itemListElement":[{"@type":"ListItem","position":1,"name":"Home","item":"https:\/\/redfoxaffiliates.com\/sk\/domov\/"},{"@type":"ListItem","position":2,"name":"Ako za\u010da\u0165 s online affiliate marketingom"}]},{"@type":"WebSite","@id":"https:\/\/redfoxaffiliates.com\/#website","url":"https:\/\/redfoxaffiliates.com\/","name":"RedFoxLotto Affiliate Program","description":"The site for marketing partners of RedFoxLotto.com","potentialAction":[{"@type":"SearchAction","target":{"@type":"EntryPoint","urlTemplate":"https:\/\/redfoxaffiliates.com\/?s={search_term_string}"},"query-input":"required name=search_term_string"}],"inLanguage":"sk-SK"}]}},"_links":{"self":[{"href":"https:\/\/redfoxaffiliates.com\/sk\/wp-json\/wp\/v2\/pages\/320","targetHints":{"allow":["GET"]}}],"collection":[{"href":"https:\/\/redfoxaffiliates.com\/sk\/wp-json\/wp\/v2\/pages"}],"about":[{"href":"https:\/\/redfoxaffiliates.com\/sk\/wp-json\/wp\/v2\/types\/page"}],"author":[{"embeddable":true,"href":"https:\/\/redfoxaffiliates.com\/sk\/wp-json\/wp\/v2\/users\/1"}],"replies":[{"embeddable":true,"href":"https:\/\/redfoxaffiliates.com\/sk\/wp-json\/wp\/v2\/comments?post=320"}],"version-history":[{"count":0,"href":"https:\/\/redfoxaffiliates.com\/sk\/wp-json\/wp\/v2\/pages\/320\/revisions"}],"wp:attachment":[{"href":"https:\/\/redfoxaffiliates.com\/sk\/wp-json\/wp\/v2\/media?parent=320"}],"curies":[{"name":"wp","href":"https:\/\/api.w.org\/{rel}","templated":true}]}}