{"id":318,"date":"2023-07-15T13:46:59","date_gmt":"2023-07-15T11:46:59","guid":{"rendered":"https:\/\/redfoxaffiliates.com\/casto-kladene-otazky\/"},"modified":"2023-07-15T13:46:59","modified_gmt":"2023-07-15T11:46:59","slug":"casto-kladene-otazky","status":"publish","type":"page","link":"https:\/\/redfoxaffiliates.com\/sk\/casto-kladene-otazky\/","title":{"rendered":"\u010casto kladen\u00e9 ot\u00e1zky"},"content":{"rendered":"<h2>\u010co znamen\u00e1 afili\u00e1cia?<\/h2>\n<p>Afili\u00e1cia je marketingov\u00e1 strat\u00e9gia. Mnoh\u00e9 produkty, slu\u017eby a webov\u00e9 str\u00e1nky vyu\u017e\u00edvaj\u00fa afiliantov na propag\u00e1ciu svojich produktov a slu\u017eieb. Ka\u017ed\u00fd afiliant RedFoxLotto.com n\u00e1s m\u00f4\u017ee propagova\u0165.<\/p>\n<h2>S\u00fa s t\u00fdm spojen\u00e9 nejak\u00e9 n\u00e1klady alebo poplatky za registr\u00e1ciu?<\/h2>\n<p>Nie. \u00da\u010das\u0165 v na\u0161om afiliantskom programe je \u00faplne bezplatn\u00e1. Jedin\u00e9 n\u00e1klady, ktor\u00e9 v\u00e1m vznikn\u00fa, s\u00fa n\u00e1klady na prev\u00e1dzku va\u0161ich webov\u00fdch str\u00e1nok alebo na z\u00edskanie vlastn\u00fdch marketingov\u00fdch materi\u00e1lov.<\/p>\n<h2>Ako v\u00e1s m\u00f4\u017eem propagova\u0165?<\/h2>\n<p>M\u00f4\u017eete vyu\u017ei\u0165 v\u0161etky druhy online a offline strat\u00e9gi\u00ed. Tu s\u00fa dva najbe\u017enej\u0161ie sp\u00f4soby:<\/p>\n<ul>\n<li>M\u00f4\u017eete vytvori\u0165 webov\u00fa str\u00e1nku (s\u00favisiacu s lot\u00e9riou alebo in\u00fa) a vyu\u017ei\u0165 ju na propag\u00e1ciu RedFoxLotto. Z\u00edskajte n\u00e1v\u0161tevnos\u0165 prostredn\u00edctvom umiestnenia k\u013e\u00fa\u010dov\u00fdch slov vo vyh\u013ead\u00e1van\u00ed Google a propagujte svoju str\u00e1nku na soci\u00e1lnych m\u00e9di\u00e1ch. V\u00e4\u010d\u0161ia n\u00e1v\u0161tevnos\u0165 va\u0161ej webovej str\u00e1nky znamen\u00e1 viac prekliknut\u00ed na RedFoxLotto, \u010do znamen\u00e1 viac pe\u0148az\u00ed pre v\u00e1s.<\/li>\n<li>Vytvorte webov\u00fa str\u00e1nku o lot\u00e9rii, pou\u017eite partnersk\u00e9 odkazy smeruj\u00face na RedFoxLotto.com a potom propagujte svoju webov\u00fa str\u00e1nku offline.<\/li>\n<\/ul>\n<h2>Ko\u013eko m\u00f4\u017eem zarobi\u0165?<\/h2>\n<p>Neexistuje \u017eiadne obmedzenie. Z\u00edskate percento z \u010distej sumy predaja, ktor\u00fa generujete. A za ka\u017ed\u00fd mesiac, po\u010das ktor\u00e9ho generujete vy\u0161\u0161ie prov\u00edzie, sa va\u0161e percento zv\u00fd\u0161i. Pre\u010d\u00edtajte si tento \u010dl\u00e1nok pre viac inform\u00e1ci\u00ed.<\/p>\n<h2>\u010co je partnersk\u00fd odkaz?<\/h2>\n<p>Affiliate odkaz je odkaz, ktor\u00fd obsahuje tracker \u2013 \u0161peci\u00e1lny identifik\u00e1tor pripojen\u00fd iba k v\u00e1\u0161mu affiliate \u00fa\u010dtu. Tieto odkazy vlo\u017e\u00edte na svoju webov\u00fa str\u00e1nku. Potom jeden z n\u00e1v\u0161tevn\u00edkov va\u0161ej webovej str\u00e1nky na\u0148 klikne a uskuto\u010dn\u00ed n\u00e1kup na RedFoxLotto.com. N\u00e1\u0161 affiliate syst\u00e9m pomocou tohto tracker k\u00f3du identifikuje nov\u00e9ho klienta ako klienta, ktor\u00e9ho ste priviedli vy. Za tento predaj dostanete prov\u00edziu. Ak\u00fdko\u013evek bud\u00faci n\u00e1kup tohto klienta v\u00e1m tie\u017e prinesie \u010fal\u0161iu prov\u00edziu.<\/p>\n<p>V\u017edy, ke\u010f z\u00e1kazn\u00edk nav\u0161t\u00edvi na\u0161u str\u00e1nku kliknut\u00edm na jeden z va\u0161ich affiliate odkazov, na jeho zariaden\u00ed sa vygeneruje s\u00fabor cookie. To zaru\u010duje, \u017ee ak pri svojej prvej n\u00e1v\u0161teve nenak\u00fapi, ale nesk\u00f4r sa vr\u00e1ti, aby si k\u00fapil lot\u00e9riov\u00e9 tikety, bude aj tak identifikovan\u00fd ako \u201ev\u00e1\u0161\u201c predaj.<\/p>\n<h2>Ako je to s prihl\u00e1sen\u00edm do partnersk\u00e9ho \u00fa\u010dtu?<\/h2>\n<p>Akon\u00e1hle sa zaregistrujete na na\u0161ej str\u00e1nke, va\u0161u registr\u00e1ciu skontrolujeme. Potom v\u00e1m vytvor\u00edme partnersk\u00fd \u00fa\u010det. N\u00e1sledne v\u00e1m po\u0161leme e-mail s URL adresou, na ktorej sa m\u00f4\u017eete prihl\u00e1si\u0165 do svojho partnersk\u00e9ho \u00fa\u010dtu, s pou\u017e\u00edvate\u013esk\u00fdm menom a do\u010dasn\u00fdm heslom. Po prihl\u00e1sen\u00ed sa do svojho \u00fa\u010dtu (partnersk\u00fd backend) m\u00f4\u017eete zmeni\u0165 heslo a skontrolova\u0165, \u010di s\u00fa v\u0161etky va\u0161e osobn\u00e9 \u00fadaje spr\u00e1vne.<\/p>\n<p>Budete m\u00f4c\u0165 vytv\u00e1ra\u0165 kampane s vyhraden\u00fdmi partnersk\u00fdmi odkazmi pre r\u00f4zne marketingov\u00e9 aktivity. Predpokladajme, \u017ee m\u00e1te viacero webov\u00fdch str\u00e1nok. V takom pr\u00edpade budete chcie\u0165 vytvori\u0165 jednu kampa\u0148 pre ka\u017ed\u00fa webov\u00fa str\u00e1nku. Takto budete m\u00f4c\u0165 sledova\u0165 v\u00fdkonnos\u0165 ka\u017edej webovej str\u00e1nky samostatne.<\/p>\n<p>V partnerskom backende m\u00f4\u017eete tie\u017e vidie\u0165 \u0161tatistiky n\u00e1v\u0161tevnosti a spr\u00e1vy o prov\u00edzi\u00e1ch. Tam si tie\u017e m\u00f4\u017eete stiahnu\u0165 marketingov\u00e9 materi\u00e1ly, ktor\u00e9 m\u00f4\u017eete pou\u017ei\u0165 na propag\u00e1ciu na\u0161ich produktov.<\/p>\n<h2>V\u00fdplaty prov\u00edzi\u00ed<\/h2>\n<p>15. d\u0148a ka\u017ed\u00e9ho mesiaca v\u00e1m vyplat\u00edme prov\u00edzie, ktor\u00e9 ste zarobili po\u010das predch\u00e1dzaj\u00faceho mesiaca. Be\u017en\u00fdmi sp\u00f4sobmi platby s\u00fa Skrill, Neteller a bankov\u00fd prevod, ale je mo\u017en\u00e9 dohodn\u00fa\u0165 aj in\u00e9 mo\u017enosti.<\/p>\n","protected":false},"excerpt":{"rendered":"<p>\u010co znamen\u00e1 afili\u00e1cia? Afili\u00e1cia je marketingov\u00e1 strat\u00e9gia. Mnoh\u00e9 produkty, slu\u017eby a webov\u00e9 str\u00e1nky vyu\u017e\u00edvaj\u00fa afiliantov na propag\u00e1ciu svojich produktov a slu\u017eieb. Ka\u017ed\u00fd afiliant RedFoxLotto.com n\u00e1s m\u00f4\u017ee propagova\u0165. S\u00fa s t\u00fdm spojen\u00e9 nejak\u00e9 n\u00e1klady alebo poplatky za registr\u00e1ciu? Nie. \u00da\u010das\u0165 v na\u0161om afiliantskom programe je \u00faplne bezplatn\u00e1. Jedin\u00e9 n\u00e1klady, ktor\u00e9 v\u00e1m<\/p>\n<p><a href=\"https:\/\/redfoxaffiliates.com\/sk\/casto-kladene-otazky\/\" class=\"more-link\">Continue Reading<span class=\"screen-reader-text\">\u010casto kladen\u00e9 ot\u00e1zky<\/span><\/a><\/p>\n","protected":false},"author":1,"featured_media":0,"parent":0,"menu_order":3,"comment_status":"closed","ping_status":"closed","template":"","meta":{"footnotes":""},"class_list":["post-318","page","type-page","status-publish","hentry"],"yoast_head":"<!-- This site is optimized with the Yoast SEO plugin v22.4 - https:\/\/yoast.com\/wordpress\/plugins\/seo\/ -->\n<title>\u010casto kladen\u00e9 ot\u00e1zky o affiliate marketingu na lot\u00e9riovom trhu<\/title>\n<meta name=\"description\" content=\"N\u00e1jdite odpovede na svoje ot\u00e1zky o affiliate marketingu v lot\u00e9ri\u00e1ch v\u0161eobecne a o affiliate programe RedFoxLotto konkr\u00e9tne.\" \/>\n<meta name=\"robots\" content=\"index, follow, max-snippet:-1, max-image-preview:large, max-video-preview:-1\" \/>\n<link rel=\"canonical\" href=\"https:\/\/redfoxaffiliates.com\/faq\/\" \/>\n<meta property=\"og:locale\" content=\"sk_SK\" \/>\n<meta property=\"og:type\" content=\"article\" \/>\n<meta property=\"og:title\" content=\"\u010casto kladen\u00e9 ot\u00e1zky o affiliate marketingu na lot\u00e9riovom trhu\" \/>\n<meta property=\"og:description\" content=\"N\u00e1jdite odpovede na svoje ot\u00e1zky o affiliate marketingu v lot\u00e9ri\u00e1ch v\u0161eobecne a o affiliate programe RedFoxLotto konkr\u00e9tne.\" \/>\n<meta property=\"og:url\" content=\"https:\/\/redfoxaffiliates.com\/faq\/\" \/>\n<meta property=\"og:site_name\" content=\"RedFoxLotto Affiliate Program\" \/>\n<meta name=\"twitter:card\" content=\"summary_large_image\" \/>\n<meta name=\"twitter:label1\" content=\"Predpokladan\u00fd \u010das \u010d\u00edtania\" \/>\n\t<meta name=\"twitter:data1\" content=\"3 min\u00faty\" \/>\n<script type=\"application\/ld+json\" class=\"yoast-schema-graph\">{\"@context\":\"https:\/\/schema.org\",\"@graph\":[{\"@type\":\"WebPage\",\"@id\":\"https:\/\/redfoxaffiliates.com\/faq\/\",\"url\":\"https:\/\/redfoxaffiliates.com\/faq\/\",\"name\":\"\u010casto kladen\u00e9 ot\u00e1zky o affiliate marketingu na lot\u00e9riovom trhu\",\"isPartOf\":{\"@id\":\"https:\/\/redfoxaffiliates.com\/#website\"},\"datePublished\":\"2023-07-15T11:46:59+00:00\",\"dateModified\":\"2023-07-15T11:46:59+00:00\",\"description\":\"N\u00e1jdite odpovede na svoje ot\u00e1zky o affiliate marketingu v lot\u00e9ri\u00e1ch v\u0161eobecne a o affiliate programe RedFoxLotto konkr\u00e9tne.\",\"breadcrumb\":{\"@id\":\"https:\/\/redfoxaffiliates.com\/faq\/#breadcrumb\"},\"inLanguage\":\"sk-SK\",\"potentialAction\":[{\"@type\":\"ReadAction\",\"target\":[\"https:\/\/redfoxaffiliates.com\/faq\/\"]}]},{\"@type\":\"BreadcrumbList\",\"@id\":\"https:\/\/redfoxaffiliates.com\/faq\/#breadcrumb\",\"itemListElement\":[{\"@type\":\"ListItem\",\"position\":1,\"name\":\"Home\",\"item\":\"https:\/\/redfoxaffiliates.com\/sk\/domov\/\"},{\"@type\":\"ListItem\",\"position\":2,\"name\":\"\u010casto kladen\u00e9 ot\u00e1zky\"}]},{\"@type\":\"WebSite\",\"@id\":\"https:\/\/redfoxaffiliates.com\/#website\",\"url\":\"https:\/\/redfoxaffiliates.com\/\",\"name\":\"RedFoxLotto Affiliate Program\",\"description\":\"The site for marketing partners of RedFoxLotto.com\",\"potentialAction\":[{\"@type\":\"SearchAction\",\"target\":{\"@type\":\"EntryPoint\",\"urlTemplate\":\"https:\/\/redfoxaffiliates.com\/?s={search_term_string}\"},\"query-input\":\"required name=search_term_string\"}],\"inLanguage\":\"sk-SK\"}]}<\/script>\n<!-- \/ Yoast SEO plugin. -->","yoast_head_json":{"title":"\u010casto kladen\u00e9 ot\u00e1zky o affiliate marketingu na lot\u00e9riovom trhu","description":"N\u00e1jdite odpovede na svoje ot\u00e1zky o affiliate marketingu v lot\u00e9ri\u00e1ch v\u0161eobecne a o affiliate programe RedFoxLotto konkr\u00e9tne.","robots":{"index":"index","follow":"follow","max-snippet":"max-snippet:-1","max-image-preview":"max-image-preview:large","max-video-preview":"max-video-preview:-1"},"canonical":"https:\/\/redfoxaffiliates.com\/faq\/","og_locale":"sk_SK","og_type":"article","og_title":"\u010casto kladen\u00e9 ot\u00e1zky o affiliate marketingu na lot\u00e9riovom trhu","og_description":"N\u00e1jdite odpovede na svoje ot\u00e1zky o affiliate marketingu v lot\u00e9ri\u00e1ch v\u0161eobecne a o affiliate programe RedFoxLotto konkr\u00e9tne.","og_url":"https:\/\/redfoxaffiliates.com\/faq\/","og_site_name":"RedFoxLotto Affiliate Program","twitter_card":"summary_large_image","twitter_misc":{"Predpokladan\u00fd \u010das \u010d\u00edtania":"3 min\u00faty"},"schema":{"@context":"https:\/\/schema.org","@graph":[{"@type":"WebPage","@id":"https:\/\/redfoxaffiliates.com\/faq\/","url":"https:\/\/redfoxaffiliates.com\/faq\/","name":"\u010casto kladen\u00e9 ot\u00e1zky o affiliate marketingu na lot\u00e9riovom trhu","isPartOf":{"@id":"https:\/\/redfoxaffiliates.com\/#website"},"datePublished":"2023-07-15T11:46:59+00:00","dateModified":"2023-07-15T11:46:59+00:00","description":"N\u00e1jdite odpovede na svoje ot\u00e1zky o affiliate marketingu v lot\u00e9ri\u00e1ch v\u0161eobecne a o affiliate programe RedFoxLotto konkr\u00e9tne.","breadcrumb":{"@id":"https:\/\/redfoxaffiliates.com\/faq\/#breadcrumb"},"inLanguage":"sk-SK","potentialAction":[{"@type":"ReadAction","target":["https:\/\/redfoxaffiliates.com\/faq\/"]}]},{"@type":"BreadcrumbList","@id":"https:\/\/redfoxaffiliates.com\/faq\/#breadcrumb","itemListElement":[{"@type":"ListItem","position":1,"name":"Home","item":"https:\/\/redfoxaffiliates.com\/sk\/domov\/"},{"@type":"ListItem","position":2,"name":"\u010casto kladen\u00e9 ot\u00e1zky"}]},{"@type":"WebSite","@id":"https:\/\/redfoxaffiliates.com\/#website","url":"https:\/\/redfoxaffiliates.com\/","name":"RedFoxLotto Affiliate Program","description":"The site for marketing partners of RedFoxLotto.com","potentialAction":[{"@type":"SearchAction","target":{"@type":"EntryPoint","urlTemplate":"https:\/\/redfoxaffiliates.com\/?s={search_term_string}"},"query-input":"required name=search_term_string"}],"inLanguage":"sk-SK"}]}},"_links":{"self":[{"href":"https:\/\/redfoxaffiliates.com\/sk\/wp-json\/wp\/v2\/pages\/318","targetHints":{"allow":["GET"]}}],"collection":[{"href":"https:\/\/redfoxaffiliates.com\/sk\/wp-json\/wp\/v2\/pages"}],"about":[{"href":"https:\/\/redfoxaffiliates.com\/sk\/wp-json\/wp\/v2\/types\/page"}],"author":[{"embeddable":true,"href":"https:\/\/redfoxaffiliates.com\/sk\/wp-json\/wp\/v2\/users\/1"}],"replies":[{"embeddable":true,"href":"https:\/\/redfoxaffiliates.com\/sk\/wp-json\/wp\/v2\/comments?post=318"}],"version-history":[{"count":0,"href":"https:\/\/redfoxaffiliates.com\/sk\/wp-json\/wp\/v2\/pages\/318\/revisions"}],"wp:attachment":[{"href":"https:\/\/redfoxaffiliates.com\/sk\/wp-json\/wp\/v2\/media?parent=318"}],"curies":[{"name":"wp","href":"https:\/\/api.w.org\/{rel}","templated":true}]}}