{"id":272,"date":"2023-07-15T13:37:01","date_gmt":"2023-07-15T11:37:01","guid":{"rendered":"https:\/\/redfoxaffiliates.com\/zarabajte-peniaze-prostrednictvom-affiliate-marketingu\/"},"modified":"2023-07-15T13:37:01","modified_gmt":"2023-07-15T11:37:01","slug":"zarabajte-peniaze-prostrednictvom-affiliate-marketingu","status":"publish","type":"page","link":"https:\/\/redfoxaffiliates.com\/sk\/zarabajte-peniaze-prostrednictvom-affiliate-marketingu\/","title":{"rendered":"Zar\u00e1bajte peniaze prostredn\u00edctvom affiliate marketingu"},"content":{"rendered":"<h2>Z\u00edskajte prov\u00edzie \u2013 zarobte peniaze propagovan\u00edm RedFoxLotto ako n\u00e1\u0161 affiliate partner.<\/h2>\n<p>Ka\u017ed\u00fd klient, ktor\u00e9ho privediete, bude va\u0161\u00edm klientom po cel\u00fd \u017eivot. Neexistuje \u017eiadne \u010dasov\u00e9 obmedzenie pre z\u00edskavanie prov\u00edzi\u00ed od klienta, ktor\u00e9ho ste z\u00edskali. Klienti nebud\u00fa nikdy odstr\u00e1nen\u00ed z v\u00e1\u0161ho affiliate \u00fa\u010dtu. Preto je n\u00e1\u0161 affiliate program najlep\u0161\u00ed v lot\u00e9riovom priemysle.<\/p>\n<p>Va\u0161e prov\u00edzie bud\u00fa vypl\u00e1can\u00e9 na z\u00e1klade podielu na tr\u017eb\u00e1ch, \u010do znamen\u00e1, \u017ee v\u00fd\u0161ka va\u0161ich pr\u00edjmov z n\u00e1\u0161ho affiliate programu bude z\u00e1visie\u0165 od objemu predaja lot\u00e9rie generovan\u00e9ho va\u0161imi online odpor\u00fa\u010daniami.<\/p>\n<p>Existuj\u00fa \u0161tyri \u00farovne affiliate prov\u00edzi\u00ed:<br \/>\nhrub\u00fd predaj do 20 000,00 \u20ac: 8 % z hrub\u00e9ho predaja<br \/>\nhrub\u00fd predaj od 20 000,00 \u20ac do 50 000,00 \u20ac: 10 % z \u010dist\u00e9ho predaja<br \/>\nhrub\u00fd predaj nad 50 000,00 \u20ac: 12 % z \u010dist\u00e9ho predaja<\/p>\n<p>Vy\u0161\u0161ie percento prov\u00edzie sa vz\u0165ahuje len na mesiac, v ktorom celkov\u00e1 generovan\u00e1 prov\u00edzia presiahne stanoven\u00fa sumu. Ak je prov\u00edzia v nasleduj\u00facom mesiaci ni\u017e\u0161ia, uplatn\u00ed sa sadzba zodpovedaj\u00faca aktu\u00e1lnej v\u00fd\u0161ke prov\u00edzie.<\/p>\n<h2>Pre\u010do nie CPA? Pre\u010do je dohoda o podiele na tr\u017eb\u00e1ch va\u0161ou najlep\u0161ou vo\u013ebou?<\/h2>\n<p>Ak nie ste obozn\u00e1men\u00ed s pojmom CPA, znamen\u00e1 to Cost Per Action (cena za akciu): dostanete jednorazov\u00fa platbu za ka\u017ed\u00e9ho klienta, ktor\u00fd uskuto\u010dn\u00ed svoj prv\u00fd online n\u00e1kup. Niektor\u00e9 partnersk\u00e9 programy vypl\u00e1caj\u00fa prov\u00edziu CPA a\u017e po tom, ako hr\u00e1\u010d spln\u00ed minim\u00e1lnu po\u017eiadavku na v\u00fddavky.<\/p>\n<p>To znamen\u00e1, \u017ee model prov\u00edzie CPA nem\u00e1 v tomto konkr\u00e9tnom odvetv\u00ed zmysel. Po prv\u00e9, \u017eivotnos\u0165 prv\u00e9ho vkladate\u013ea je ove\u013ea dlh\u0161ia ako v akomko\u013evek inom vertik\u00e1lnom odvetv\u00ed online hazardn\u00fdch hier. Hr\u00e1\u010di lot\u00e9rie zvy\u010dajne kupuj\u00fa lot\u00e9riov\u00e9 tikety po cel\u00fd \u017eivot. Po druh\u00e9, na\u0161i najlep\u0161\u00ed klienti nakupuj\u00fa online lot\u00e9riov\u00e9 tikety v hodnote stoviek eur v jednej transakcii. To sa st\u00e1va \u010dastej\u0161ie, ke\u010f s\u00fa jackpoty ve\u013emi vysok\u00e9, a to je jeden z d\u00f4vodov, pre\u010do v dlhodobom horizonte zarob\u00edte viac pe\u0148az\u00ed s partnersk\u00fdm programom, ktor\u00fd plat\u00ed na z\u00e1klade podielu na tr\u017eb\u00e1ch.<\/p>\n<p>Vo v\u0161eobecnosti je v lot\u00e9riovom odvetv\u00ed najlep\u0161ie propagova\u0165 partnersk\u00fd program s do\u017eivotnou percentu\u00e1lnou dohodou. Vo v\u00fdnimo\u010dn\u00fdch pr\u00edpadoch v\u0161ak po ur\u010ditom \u010dase spolupr\u00e1ce s nami m\u00f4\u017eeme diskutova\u0165 o dohode CPA na z\u00e1klade v\u00fdkonnosti z\u00e1kazn\u00edkov, ktor\u00fdch ste n\u00e1m priniesli.<\/p>\n<h2>Prov\u00edzia za subpartnerov<\/h2>\n<p>Za ka\u017ed\u00e9ho subpartnera, ktor\u00e9ho privediete, z\u00edskate 2 % z hrubej hodnoty lot\u00e9riov\u00e9ho predaja generovan\u00e9ho t\u00fdmto part<\/p>\n","protected":false},"excerpt":{"rendered":"<p>Z\u00edskajte prov\u00edzie \u2013 zarobte peniaze propagovan\u00edm RedFoxLotto ako n\u00e1\u0161 affiliate partner. Ka\u017ed\u00fd klient, ktor\u00e9ho privediete, bude va\u0161\u00edm klientom po cel\u00fd \u017eivot. Neexistuje \u017eiadne \u010dasov\u00e9 obmedzenie pre z\u00edskavanie prov\u00edzi\u00ed od klienta, ktor\u00e9ho ste z\u00edskali. Klienti nebud\u00fa nikdy odstr\u00e1nen\u00ed z v\u00e1\u0161ho affiliate \u00fa\u010dtu. Preto je n\u00e1\u0161 affiliate program najlep\u0161\u00ed v lot\u00e9riovom priemysle.<\/p>\n<p><a href=\"https:\/\/redfoxaffiliates.com\/sk\/zarabajte-peniaze-prostrednictvom-affiliate-marketingu\/\" class=\"more-link\">Continue Reading<span class=\"screen-reader-text\">Zar\u00e1bajte peniaze prostredn\u00edctvom affiliate marketingu<\/span><\/a><\/p>\n","protected":false},"author":1,"featured_media":0,"parent":0,"menu_order":2,"comment_status":"closed","ping_status":"closed","template":"","meta":{"footnotes":""},"class_list":["post-272","page","type-page","status-publish","hentry"],"yoast_head":"<!-- This site is optimized with the Yoast SEO plugin v22.4 - https:\/\/yoast.com\/wordpress\/plugins\/seo\/ -->\n<title>Ako zarobi\u0165 peniaze s na\u0161im partnersk\u00fdm programom lot\u00e9rie<\/title>\n<meta name=\"description\" content=\"Za ka\u017ed\u00e9ho odporu\u010den\u00e9ho z\u00e1kazn\u00edka z\u00edskate do\u017eivotn\u00fa prov\u00edziu zo v\u0161etk\u00fdch jeho n\u00e1kupov. Pozrite sa, ko\u013eko pe\u0148az\u00ed m\u00f4\u017eete zarobi\u0165 s na\u0161im partnersk\u00fdm programom\" \/>\n<meta name=\"robots\" content=\"index, follow, max-snippet:-1, max-image-preview:large, max-video-preview:-1\" \/>\n<link rel=\"canonical\" href=\"https:\/\/redfoxaffiliates.com\/make-money-with-our-lottery-affliate-program\/\" \/>\n<meta property=\"og:locale\" content=\"sk_SK\" \/>\n<meta property=\"og:type\" content=\"article\" \/>\n<meta property=\"og:title\" content=\"Ako zarobi\u0165 peniaze s na\u0161im partnersk\u00fdm programom lot\u00e9rie\" \/>\n<meta property=\"og:description\" content=\"Za ka\u017ed\u00e9ho odporu\u010den\u00e9ho z\u00e1kazn\u00edka z\u00edskate do\u017eivotn\u00fa prov\u00edziu zo v\u0161etk\u00fdch jeho n\u00e1kupov. Pozrite sa, ko\u013eko pe\u0148az\u00ed m\u00f4\u017eete zarobi\u0165 s na\u0161im partnersk\u00fdm programom\" \/>\n<meta property=\"og:url\" content=\"https:\/\/redfoxaffiliates.com\/make-money-with-our-lottery-affliate-program\/\" \/>\n<meta property=\"og:site_name\" content=\"RedFoxLotto Affiliate Program\" \/>\n<meta name=\"twitter:card\" content=\"summary_large_image\" \/>\n<meta name=\"twitter:label1\" content=\"Predpokladan\u00fd \u010das \u010d\u00edtania\" \/>\n\t<meta name=\"twitter:data1\" content=\"2 min\u00faty\" \/>\n<script type=\"application\/ld+json\" class=\"yoast-schema-graph\">{\"@context\":\"https:\/\/schema.org\",\"@graph\":[{\"@type\":\"WebPage\",\"@id\":\"https:\/\/redfoxaffiliates.com\/make-money-with-our-lottery-affliate-program\/\",\"url\":\"https:\/\/redfoxaffiliates.com\/make-money-with-our-lottery-affliate-program\/\",\"name\":\"Ako zarobi\u0165 peniaze s na\u0161im partnersk\u00fdm programom lot\u00e9rie\",\"isPartOf\":{\"@id\":\"https:\/\/redfoxaffiliates.com\/#website\"},\"datePublished\":\"2023-07-15T11:37:01+00:00\",\"dateModified\":\"2023-07-15T11:37:01+00:00\",\"description\":\"Za ka\u017ed\u00e9ho odporu\u010den\u00e9ho z\u00e1kazn\u00edka z\u00edskate do\u017eivotn\u00fa prov\u00edziu zo v\u0161etk\u00fdch jeho n\u00e1kupov. Pozrite sa, ko\u013eko pe\u0148az\u00ed m\u00f4\u017eete zarobi\u0165 s na\u0161im partnersk\u00fdm programom\",\"breadcrumb\":{\"@id\":\"https:\/\/redfoxaffiliates.com\/make-money-with-our-lottery-affliate-program\/#breadcrumb\"},\"inLanguage\":\"sk-SK\",\"potentialAction\":[{\"@type\":\"ReadAction\",\"target\":[\"https:\/\/redfoxaffiliates.com\/make-money-with-our-lottery-affliate-program\/\"]}]},{\"@type\":\"BreadcrumbList\",\"@id\":\"https:\/\/redfoxaffiliates.com\/make-money-with-our-lottery-affliate-program\/#breadcrumb\",\"itemListElement\":[{\"@type\":\"ListItem\",\"position\":1,\"name\":\"Home\",\"item\":\"https:\/\/redfoxaffiliates.com\/sk\/domov\/\"},{\"@type\":\"ListItem\",\"position\":2,\"name\":\"Zar\u00e1bajte peniaze prostredn\u00edctvom affiliate marketingu\"}]},{\"@type\":\"WebSite\",\"@id\":\"https:\/\/redfoxaffiliates.com\/#website\",\"url\":\"https:\/\/redfoxaffiliates.com\/\",\"name\":\"RedFoxLotto Affiliate Program\",\"description\":\"The site for marketing partners of RedFoxLotto.com\",\"potentialAction\":[{\"@type\":\"SearchAction\",\"target\":{\"@type\":\"EntryPoint\",\"urlTemplate\":\"https:\/\/redfoxaffiliates.com\/?s={search_term_string}\"},\"query-input\":\"required name=search_term_string\"}],\"inLanguage\":\"sk-SK\"}]}<\/script>\n<!-- \/ Yoast SEO plugin. -->","yoast_head_json":{"title":"Ako zarobi\u0165 peniaze s na\u0161im partnersk\u00fdm programom lot\u00e9rie","description":"Za ka\u017ed\u00e9ho odporu\u010den\u00e9ho z\u00e1kazn\u00edka z\u00edskate do\u017eivotn\u00fa prov\u00edziu zo v\u0161etk\u00fdch jeho n\u00e1kupov. Pozrite sa, ko\u013eko pe\u0148az\u00ed m\u00f4\u017eete zarobi\u0165 s na\u0161im partnersk\u00fdm programom","robots":{"index":"index","follow":"follow","max-snippet":"max-snippet:-1","max-image-preview":"max-image-preview:large","max-video-preview":"max-video-preview:-1"},"canonical":"https:\/\/redfoxaffiliates.com\/make-money-with-our-lottery-affliate-program\/","og_locale":"sk_SK","og_type":"article","og_title":"Ako zarobi\u0165 peniaze s na\u0161im partnersk\u00fdm programom lot\u00e9rie","og_description":"Za ka\u017ed\u00e9ho odporu\u010den\u00e9ho z\u00e1kazn\u00edka z\u00edskate do\u017eivotn\u00fa prov\u00edziu zo v\u0161etk\u00fdch jeho n\u00e1kupov. Pozrite sa, ko\u013eko pe\u0148az\u00ed m\u00f4\u017eete zarobi\u0165 s na\u0161im partnersk\u00fdm programom","og_url":"https:\/\/redfoxaffiliates.com\/make-money-with-our-lottery-affliate-program\/","og_site_name":"RedFoxLotto Affiliate Program","twitter_card":"summary_large_image","twitter_misc":{"Predpokladan\u00fd \u010das \u010d\u00edtania":"2 min\u00faty"},"schema":{"@context":"https:\/\/schema.org","@graph":[{"@type":"WebPage","@id":"https:\/\/redfoxaffiliates.com\/make-money-with-our-lottery-affliate-program\/","url":"https:\/\/redfoxaffiliates.com\/make-money-with-our-lottery-affliate-program\/","name":"Ako zarobi\u0165 peniaze s na\u0161im partnersk\u00fdm programom lot\u00e9rie","isPartOf":{"@id":"https:\/\/redfoxaffiliates.com\/#website"},"datePublished":"2023-07-15T11:37:01+00:00","dateModified":"2023-07-15T11:37:01+00:00","description":"Za ka\u017ed\u00e9ho odporu\u010den\u00e9ho z\u00e1kazn\u00edka z\u00edskate do\u017eivotn\u00fa prov\u00edziu zo v\u0161etk\u00fdch jeho n\u00e1kupov. Pozrite sa, ko\u013eko pe\u0148az\u00ed m\u00f4\u017eete zarobi\u0165 s na\u0161im partnersk\u00fdm programom","breadcrumb":{"@id":"https:\/\/redfoxaffiliates.com\/make-money-with-our-lottery-affliate-program\/#breadcrumb"},"inLanguage":"sk-SK","potentialAction":[{"@type":"ReadAction","target":["https:\/\/redfoxaffiliates.com\/make-money-with-our-lottery-affliate-program\/"]}]},{"@type":"BreadcrumbList","@id":"https:\/\/redfoxaffiliates.com\/make-money-with-our-lottery-affliate-program\/#breadcrumb","itemListElement":[{"@type":"ListItem","position":1,"name":"Home","item":"https:\/\/redfoxaffiliates.com\/sk\/domov\/"},{"@type":"ListItem","position":2,"name":"Zar\u00e1bajte peniaze prostredn\u00edctvom affiliate marketingu"}]},{"@type":"WebSite","@id":"https:\/\/redfoxaffiliates.com\/#website","url":"https:\/\/redfoxaffiliates.com\/","name":"RedFoxLotto Affiliate Program","description":"The site for marketing partners of RedFoxLotto.com","potentialAction":[{"@type":"SearchAction","target":{"@type":"EntryPoint","urlTemplate":"https:\/\/redfoxaffiliates.com\/?s={search_term_string}"},"query-input":"required name=search_term_string"}],"inLanguage":"sk-SK"}]}},"_links":{"self":[{"href":"https:\/\/redfoxaffiliates.com\/sk\/wp-json\/wp\/v2\/pages\/272","targetHints":{"allow":["GET"]}}],"collection":[{"href":"https:\/\/redfoxaffiliates.com\/sk\/wp-json\/wp\/v2\/pages"}],"about":[{"href":"https:\/\/redfoxaffiliates.com\/sk\/wp-json\/wp\/v2\/types\/page"}],"author":[{"embeddable":true,"href":"https:\/\/redfoxaffiliates.com\/sk\/wp-json\/wp\/v2\/users\/1"}],"replies":[{"embeddable":true,"href":"https:\/\/redfoxaffiliates.com\/sk\/wp-json\/wp\/v2\/comments?post=272"}],"version-history":[{"count":0,"href":"https:\/\/redfoxaffiliates.com\/sk\/wp-json\/wp\/v2\/pages\/272\/revisions"}],"wp:attachment":[{"href":"https:\/\/redfoxaffiliates.com\/sk\/wp-json\/wp\/v2\/media?parent=272"}],"curies":[{"name":"wp","href":"https:\/\/api.w.org\/{rel}","templated":true}]}}