{"id":271,"date":"2023-07-15T13:33:10","date_gmt":"2023-07-15T11:33:10","guid":{"rendered":"https:\/\/redfoxaffiliates.com\/preco-sa-stat-loteriovym-partnerom\/"},"modified":"2023-07-15T13:33:10","modified_gmt":"2023-07-15T11:33:10","slug":"preco-sa-stat-loteriovym-partnerom","status":"publish","type":"page","link":"https:\/\/redfoxaffiliates.com\/sk\/preco-sa-stat-loteriovym-partnerom\/","title":{"rendered":"Pre\u010do sa sta\u0165 lot\u00e9riov\u00fdm partnerom?"},"content":{"rendered":"<h2>\u010co je n\u00e1\u0161 produkt?<\/h2>\n<p>RedFoxLotto pred\u00e1va lot\u00e9riov\u00e9 tikety online. Pon\u00fakame klientom po celom svete mo\u017enos\u0165 z\u00fa\u010dastni\u0165 sa lot\u00e9ri\u00ed s obrovsk\u00fdmi jackpotmi, ako s\u00fa americk\u00e9 Mega Millions a Powerball, a ve\u013ek\u00fdch eur\u00f3pskych lot\u00e9ri\u00ed, ako s\u00fa EuroMillions, EuroJackpot a SuperEnalotto.<\/p>\n<p>Prostredn\u00edctvom n\u00e1s m\u00f4\u017eu klienti zak\u00fapi\u0165 tikety do lot\u00e9ri\u00ed v in\u00fdch krajin\u00e1ch ako vo svojej vlastnej. Aby to bolo mo\u017en\u00e9, spolupracujeme s viacer\u00fdmi agentmi v krajin\u00e1ch, kde sa lot\u00e9rie konaj\u00fa. Akon\u00e1hle je tiket objednan\u00fd online, jeden z na\u0161ich agentov ho zak\u00fapi pre na\u0161ich klientov. Potom potvrd\u00edme n\u00e1kup n\u00e1\u0161mu klientovi. V\u017edy, ke\u010f je tiket zak\u00fapen\u00fd prostredn\u00edctvom n\u00e1s, spracujeme aj v\u00fdplaty pre na\u0161ich z\u00e1kazn\u00edkov.<\/p>\n<p>Mo\u017eno ste u\u017e po\u010duli pojem \u201esekund\u00e1rny lot\u00e9riov\u00fd trh\u201c \u2013 to je term\u00edn pre tento trh. Ako multimiliardov\u00fd priemysel, lot\u00e9ria nie je obmedzen\u00e1 na lok\u00e1lne ponuky (ak v\u00f4bec existuje lot\u00e9ria v krajine ich bydliska). Dopyt po na\u0161ich slu\u017eb\u00e1ch v oblasti predaja \u017erebov je ve\u013emi vysok\u00fd. Najm\u00e4 ke\u010f sa spr\u00e1vy o niektor\u00fdch jackpotoch dosahuj\u00facich obrovsk\u00e9 sumy dostan\u00fa na tituln\u00e9 str\u00e1nky nov\u00edn po celom svete, online \u017ereby sa takpovediac \u201erozchyt\u00e1vaj\u00fa\u201c.<\/p>\n<h2>D\u00f4vody na propag\u00e1ciu RedFoxLotto<\/h2>\n<h3>Skvel\u00e9 konverzie<\/h3>\n<p>Na\u0161a str\u00e1nka https:\/\/redfoxlotto.com bola zjednodu\u0161en\u00e1, aby bol proces n\u00e1kupu \u010do najjednoduch\u0161\u00ed. To je d\u00f4le\u017eit\u00e9 na zaru\u010denie vysokej miery konverzie. \u010c\u00edm lep\u0161ie premen\u00edme va\u0161u n\u00e1v\u0161tevnos\u0165, t\u00fdm viac pe\u0148az\u00ed zarob\u00edte.<\/p>\n<h2>Vynikaj\u00faca retencia z\u00e1kazn\u00edkov<\/h2>\n<p>Celo\u017eivotn\u00e1 hodnota z\u00e1kazn\u00edka je jedn\u00fdm z najlep\u0161\u00edch aspektov tohto odvetvia. Vysok\u00e9 percento na\u0161ich klientov sa vracia a kupuje viac tiketov t\u00fd\u017ede\u0148 \u010do t\u00fd\u017ede\u0148 po cel\u00e9 roky!<\/p>\n<h2>R\u00f4znorodos\u0165 platobn\u00fdch procesorov je rovnako d\u00f4le\u017eit\u00e1<\/h2>\n<p>Sna\u017e\u00edme sa pon\u00faka\u0165 \u0161irok\u00fa \u0161k\u00e1lu mo\u017enost\u00ed. To je d\u00f4le\u017eit\u00e9 na to, aby n\u00e1v\u0161tevn\u00edci z akejko\u013evek krajiny mohli \u013eahko zaplati\u0165 za svoje tikety. To znamen\u00e1, \u017ee platby kreditnou kartou st\u00e1le tvoria lev\u00ed podiel v\u00e4\u010d\u0161iny predaja. Ale mo\u017enosti ako Bitcoin a eWallets sa st\u00e1vaj\u00fa \u010doraz d\u00f4le\u017eitej\u0161\u00edmi.<\/p>\n<p>Zaviazali sme sa prev\u00e1dzkova\u0165 \u010destn\u00fd a etick\u00fd partnersk\u00fd program. V\u00e4\u010d\u0161ina programov v tomto odvetv\u00ed je zn\u00e1ma t\u00fdm, \u017ee svojich partnerov tak \u010di onak podv\u00e1dza. Zna\u010dku RedFoxLotto zalo\u017eil b\u00fdval\u00fd partner. Ten ist\u00fd b\u00fdval\u00fd partner m\u00e1 na starosti partnersk\u00fd program. Pre\u010d\u00edtajte si n\u00e1\u0161 \u010dl\u00e1nok o partnerstve a etike \u2013 pom\u00f4\u017ee v\u00e1m lep\u0161ie pochopi\u0165, odkia\u013e vych\u00e1dzame.<\/p>\n<h2>Prov\u00edzie nad \u0161tandardom odvetvia<\/h2>\n<p>Z\u00edskajte a\u017e 12 % z hrubej hodnoty predaja generovan\u00e9ho va\u0161imi odpor\u00fa\u010daniami.<\/p>\n<h2>Affiliate partnerstvo druhej \u00farovne<\/h2>\n<p>To znamen\u00e1, \u017ee ak privediete \u010fal\u0161\u00edch subaffiliate partnerov, z\u00edskate aj 2 % prov\u00edziu z predaja generovan\u00e9ho ich odpor\u00fa\u010daniami.<\/p>\n<h2>Pravideln\u00e9 vypl\u00e1canie prov\u00edzi\u00ed<\/h2>\n<p>Va\u0161e prov\u00edzie za posledn\u00fd mesiac vypl\u00e1came 15. d\u0148a nasleduj\u00faceho mesiaca. M\u00f4\u017eete si vybra\u0165 z viacer\u00fdch mo\u017enost\u00ed platby.<\/p>\n<h2>Kto sa m\u00f4\u017ee sta\u0165 partnerom a ako n\u00e1s m\u00f4\u017eete propagova\u0165?<\/h2>\n<p>No, doslova ka\u017ed\u00fd! Mo\u017eno m\u00e1te webov\u00fa str\u00e1nku, ktor\u00e1 s\u00favis\u00ed s lot\u00e9riou. Ak je to tak, va\u0161a konverzn\u00e1 miera bude vysok\u00e1, preto\u017ee n\u00e1\u0161 produkt rezonuje s va\u0161im publikom.<\/p>\n<p>Alebo m\u00e1te webov\u00fa str\u00e1nku na in\u00fa t\u00e9mu a h\u013ead\u00e1te sp\u00f4soby, ako zmonetizova\u0165 svoju n\u00e1v\u0161tevnos\u0165. Ka\u017ed\u00fd r\u00e1d hr\u00e1 lot\u00e9riu a va\u0161e z\u00e1robky bud\u00fa z\u00e1visie\u0165 hlavne od n\u00e1v\u0161tevnosti va\u0161ej webovej str\u00e1nky.<\/p>\n<p>E-mailov\u00e9 zoznamy s\u00fa skvel\u00fdm n\u00e1strojom na z\u00edskavanie nov\u00fdch klientov. Neschva\u013eujeme spamovanie, preto sa uistite, \u017ee v\u00e1\u0161 e-mailov\u00fd zoznam obsahuje iba kontakty, ktor\u00e9 s\u00fahlasili so zasielan\u00edm va\u0161ich marketingov\u00fdch e-mailov.<\/p>\n<p>Niektor\u00ed z na\u0161ich affiliate partnerov vyu\u017e\u00edvaj\u00fa offline strat\u00e9gie na propag\u00e1ciu na\u0161ej spolo\u010dnosti. Vytvorili si vlastn\u00fa lot\u00e9riov\u00fa webov\u00fa str\u00e1nku s affiliate odkazmi smeruj\u00facimi na RedFoxLotto.com. Potom distribuuj\u00fa let\u00e1ky, vizitky a in\u00e9 marketingov\u00e9 materi\u00e1ly propaguj\u00face ich webov\u00fa str\u00e1nku, \u010d\u00edm generuj\u00fa n\u00e1v\u0161tevnos\u0165 a nakoniec aj predaj na RedFoxLotto.com.<\/p>\n","protected":false},"excerpt":{"rendered":"<p>\u010co je n\u00e1\u0161 produkt? RedFoxLotto pred\u00e1va lot\u00e9riov\u00e9 tikety online. Pon\u00fakame klientom po celom svete mo\u017enos\u0165 z\u00fa\u010dastni\u0165 sa lot\u00e9ri\u00ed s obrovsk\u00fdmi jackpotmi, ako s\u00fa americk\u00e9 Mega Millions a Powerball, a ve\u013ek\u00fdch eur\u00f3pskych lot\u00e9ri\u00ed, ako s\u00fa EuroMillions, EuroJackpot a SuperEnalotto. Prostredn\u00edctvom n\u00e1s m\u00f4\u017eu klienti zak\u00fapi\u0165 tikety do lot\u00e9ri\u00ed v in\u00fdch krajin\u00e1ch ako<\/p>\n<p><a href=\"https:\/\/redfoxaffiliates.com\/sk\/preco-sa-stat-loteriovym-partnerom\/\" class=\"more-link\">Continue Reading<span class=\"screen-reader-text\">Pre\u010do sa sta\u0165 lot\u00e9riov\u00fdm partnerom?<\/span><\/a><\/p>\n","protected":false},"author":1,"featured_media":0,"parent":0,"menu_order":1,"comment_status":"closed","ping_status":"closed","template":"","meta":{"footnotes":""},"class_list":["post-271","page","type-page","status-publish","hentry"],"yoast_head":"<!-- This site is optimized with the Yoast SEO plugin v22.4 - https:\/\/yoast.com\/wordpress\/plugins\/seo\/ -->\n<title>Pre\u010do sa pripoji\u0165 k partnersk\u00e9mu programu RedFoxLotto?<\/title>\n<meta name=\"description\" content=\"D\u00f4vody, pre\u010do sa k n\u00e1m pripoji\u0165 a sta\u0165 sa partnerom a predajn\u00fdm partnerom RedFoxLotto. Z\u00edskajte prov\u00edzie z ka\u017ed\u00e9ho predaja va\u0161ich odpor\u00fa\u010dan\u00fdch z\u00e1kazn\u00edkov po cel\u00fd \u017eivot!\" \/>\n<meta name=\"robots\" content=\"index, follow, max-snippet:-1, max-image-preview:large, max-video-preview:-1\" \/>\n<link rel=\"canonical\" href=\"https:\/\/redfoxaffiliates.com\/why-become-a-lottery-affiliate\/\" \/>\n<meta property=\"og:locale\" content=\"sk_SK\" \/>\n<meta property=\"og:type\" content=\"article\" \/>\n<meta property=\"og:title\" content=\"Pre\u010do sa pripoji\u0165 k partnersk\u00e9mu programu RedFoxLotto?\" \/>\n<meta property=\"og:description\" content=\"D\u00f4vody, pre\u010do sa k n\u00e1m pripoji\u0165 a sta\u0165 sa partnerom a predajn\u00fdm partnerom RedFoxLotto. Z\u00edskajte prov\u00edzie z ka\u017ed\u00e9ho predaja va\u0161ich odpor\u00fa\u010dan\u00fdch z\u00e1kazn\u00edkov po cel\u00fd \u017eivot!\" \/>\n<meta property=\"og:url\" content=\"https:\/\/redfoxaffiliates.com\/why-become-a-lottery-affiliate\/\" \/>\n<meta property=\"og:site_name\" content=\"RedFoxLotto Affiliate Program\" \/>\n<meta name=\"twitter:card\" content=\"summary_large_image\" \/>\n<meta name=\"twitter:label1\" content=\"Predpokladan\u00fd \u010das \u010d\u00edtania\" \/>\n\t<meta name=\"twitter:data1\" content=\"4 min\u00faty\" \/>\n<script type=\"application\/ld+json\" class=\"yoast-schema-graph\">{\"@context\":\"https:\/\/schema.org\",\"@graph\":[{\"@type\":\"WebPage\",\"@id\":\"https:\/\/redfoxaffiliates.com\/why-become-a-lottery-affiliate\/\",\"url\":\"https:\/\/redfoxaffiliates.com\/why-become-a-lottery-affiliate\/\",\"name\":\"Pre\u010do sa pripoji\u0165 k partnersk\u00e9mu programu RedFoxLotto?\",\"isPartOf\":{\"@id\":\"https:\/\/redfoxaffiliates.com\/#website\"},\"datePublished\":\"2023-07-15T11:33:10+00:00\",\"dateModified\":\"2023-07-15T11:33:10+00:00\",\"description\":\"D\u00f4vody, pre\u010do sa k n\u00e1m pripoji\u0165 a sta\u0165 sa partnerom a predajn\u00fdm partnerom RedFoxLotto. Z\u00edskajte prov\u00edzie z ka\u017ed\u00e9ho predaja va\u0161ich odpor\u00fa\u010dan\u00fdch z\u00e1kazn\u00edkov po cel\u00fd \u017eivot!\",\"breadcrumb\":{\"@id\":\"https:\/\/redfoxaffiliates.com\/why-become-a-lottery-affiliate\/#breadcrumb\"},\"inLanguage\":\"sk-SK\",\"potentialAction\":[{\"@type\":\"ReadAction\",\"target\":[\"https:\/\/redfoxaffiliates.com\/why-become-a-lottery-affiliate\/\"]}]},{\"@type\":\"BreadcrumbList\",\"@id\":\"https:\/\/redfoxaffiliates.com\/why-become-a-lottery-affiliate\/#breadcrumb\",\"itemListElement\":[{\"@type\":\"ListItem\",\"position\":1,\"name\":\"Home\",\"item\":\"https:\/\/redfoxaffiliates.com\/sk\/domov\/\"},{\"@type\":\"ListItem\",\"position\":2,\"name\":\"Pre\u010do sa sta\u0165 lot\u00e9riov\u00fdm partnerom?\"}]},{\"@type\":\"WebSite\",\"@id\":\"https:\/\/redfoxaffiliates.com\/#website\",\"url\":\"https:\/\/redfoxaffiliates.com\/\",\"name\":\"RedFoxLotto Affiliate Program\",\"description\":\"The site for marketing partners of RedFoxLotto.com\",\"potentialAction\":[{\"@type\":\"SearchAction\",\"target\":{\"@type\":\"EntryPoint\",\"urlTemplate\":\"https:\/\/redfoxaffiliates.com\/?s={search_term_string}\"},\"query-input\":\"required name=search_term_string\"}],\"inLanguage\":\"sk-SK\"}]}<\/script>\n<!-- \/ Yoast SEO plugin. -->","yoast_head_json":{"title":"Pre\u010do sa pripoji\u0165 k partnersk\u00e9mu programu RedFoxLotto?","description":"D\u00f4vody, pre\u010do sa k n\u00e1m pripoji\u0165 a sta\u0165 sa partnerom a predajn\u00fdm partnerom RedFoxLotto. Z\u00edskajte prov\u00edzie z ka\u017ed\u00e9ho predaja va\u0161ich odpor\u00fa\u010dan\u00fdch z\u00e1kazn\u00edkov po cel\u00fd \u017eivot!","robots":{"index":"index","follow":"follow","max-snippet":"max-snippet:-1","max-image-preview":"max-image-preview:large","max-video-preview":"max-video-preview:-1"},"canonical":"https:\/\/redfoxaffiliates.com\/why-become-a-lottery-affiliate\/","og_locale":"sk_SK","og_type":"article","og_title":"Pre\u010do sa pripoji\u0165 k partnersk\u00e9mu programu RedFoxLotto?","og_description":"D\u00f4vody, pre\u010do sa k n\u00e1m pripoji\u0165 a sta\u0165 sa partnerom a predajn\u00fdm partnerom RedFoxLotto. Z\u00edskajte prov\u00edzie z ka\u017ed\u00e9ho predaja va\u0161ich odpor\u00fa\u010dan\u00fdch z\u00e1kazn\u00edkov po cel\u00fd \u017eivot!","og_url":"https:\/\/redfoxaffiliates.com\/why-become-a-lottery-affiliate\/","og_site_name":"RedFoxLotto Affiliate Program","twitter_card":"summary_large_image","twitter_misc":{"Predpokladan\u00fd \u010das \u010d\u00edtania":"4 min\u00faty"},"schema":{"@context":"https:\/\/schema.org","@graph":[{"@type":"WebPage","@id":"https:\/\/redfoxaffiliates.com\/why-become-a-lottery-affiliate\/","url":"https:\/\/redfoxaffiliates.com\/why-become-a-lottery-affiliate\/","name":"Pre\u010do sa pripoji\u0165 k partnersk\u00e9mu programu RedFoxLotto?","isPartOf":{"@id":"https:\/\/redfoxaffiliates.com\/#website"},"datePublished":"2023-07-15T11:33:10+00:00","dateModified":"2023-07-15T11:33:10+00:00","description":"D\u00f4vody, pre\u010do sa k n\u00e1m pripoji\u0165 a sta\u0165 sa partnerom a predajn\u00fdm partnerom RedFoxLotto. Z\u00edskajte prov\u00edzie z ka\u017ed\u00e9ho predaja va\u0161ich odpor\u00fa\u010dan\u00fdch z\u00e1kazn\u00edkov po cel\u00fd \u017eivot!","breadcrumb":{"@id":"https:\/\/redfoxaffiliates.com\/why-become-a-lottery-affiliate\/#breadcrumb"},"inLanguage":"sk-SK","potentialAction":[{"@type":"ReadAction","target":["https:\/\/redfoxaffiliates.com\/why-become-a-lottery-affiliate\/"]}]},{"@type":"BreadcrumbList","@id":"https:\/\/redfoxaffiliates.com\/why-become-a-lottery-affiliate\/#breadcrumb","itemListElement":[{"@type":"ListItem","position":1,"name":"Home","item":"https:\/\/redfoxaffiliates.com\/sk\/domov\/"},{"@type":"ListItem","position":2,"name":"Pre\u010do sa sta\u0165 lot\u00e9riov\u00fdm partnerom?"}]},{"@type":"WebSite","@id":"https:\/\/redfoxaffiliates.com\/#website","url":"https:\/\/redfoxaffiliates.com\/","name":"RedFoxLotto Affiliate Program","description":"The site for marketing partners of RedFoxLotto.com","potentialAction":[{"@type":"SearchAction","target":{"@type":"EntryPoint","urlTemplate":"https:\/\/redfoxaffiliates.com\/?s={search_term_string}"},"query-input":"required name=search_term_string"}],"inLanguage":"sk-SK"}]}},"_links":{"self":[{"href":"https:\/\/redfoxaffiliates.com\/sk\/wp-json\/wp\/v2\/pages\/271","targetHints":{"allow":["GET"]}}],"collection":[{"href":"https:\/\/redfoxaffiliates.com\/sk\/wp-json\/wp\/v2\/pages"}],"about":[{"href":"https:\/\/redfoxaffiliates.com\/sk\/wp-json\/wp\/v2\/types\/page"}],"author":[{"embeddable":true,"href":"https:\/\/redfoxaffiliates.com\/sk\/wp-json\/wp\/v2\/users\/1"}],"replies":[{"embeddable":true,"href":"https:\/\/redfoxaffiliates.com\/sk\/wp-json\/wp\/v2\/comments?post=271"}],"version-history":[{"count":0,"href":"https:\/\/redfoxaffiliates.com\/sk\/wp-json\/wp\/v2\/pages\/271\/revisions"}],"wp:attachment":[{"href":"https:\/\/redfoxaffiliates.com\/sk\/wp-json\/wp\/v2\/media?parent=271"}],"curies":[{"name":"wp","href":"https:\/\/api.w.org\/{rel}","templated":true}]}}