{"id":157,"date":"2023-07-15T08:09:36","date_gmt":"2023-07-15T06:09:36","guid":{"rendered":"https:\/\/redfoxaffiliates.com\/domov\/"},"modified":"2026-01-03T10:21:27","modified_gmt":"2026-01-03T09:21:27","slug":"domov","status":"publish","type":"page","link":"https:\/\/redfoxaffiliates.com\/sk\/","title":{"rendered":"Domov"},"content":{"rendered":"&#13;\n<p>RedFoxAffiliates.com je partnersk\u00fd program pre RedFoxLotto.com. RedFoxLotto je kuri\u00e9rska slu\u017eba pre lot\u00e9riov\u00e9 tikety. Prostredn\u00edctvom webovej str\u00e1nky RedFoxLotto.com si fan\u00fa\u0161ikovia lot\u00e9rie z cel\u00e9ho sveta m\u00f4\u017eu objedna\u0165 skuto\u010dn\u00e9 tikety do ve\u013ek\u00e9ho po\u010dtu medzin\u00e1rodn\u00fdch lot\u00e9ri\u00ed.<\/p>&#13;\n<h2>Dok\u00e1\u017eete pril\u00e1ka\u0165 n\u00e1v\u0161tevn\u00edkov?<\/h2>&#13;\n<p>Ak dok\u00e1\u017eete pril\u00e1ka\u0165 n\u00e1v\u0161tevn\u00edkov (nov\u00fdch potenci\u00e1lnych z\u00e1kazn\u00edkov) na na\u0161u webov\u00fa str\u00e1nku, zarob\u00edte prov\u00edzie. Vy n\u00e1m po\u0161lete n\u00e1v\u0161tevn\u00edkov a my ich premen\u00edme na z\u00e1kazn\u00edkov. Viac n\u00e1v\u0161tevn\u00edkov znamen\u00e1 viac platiacich z\u00e1kazn\u00edkov a vy\u0161\u0161ie prov\u00edzie pre v\u00e1s.&#13;\n<\/p>&#13;\n<h2>Na\u0161a slu\u017eba predaja lot\u00e9riov\u00fdch tiketov je ide\u00e1lny produkt na propag\u00e1ciu online<\/h2>&#13;\n<p>Je to jednoduch\u00fd produkt, ktor\u00fd pozn\u00e1 ka\u017ed\u00fd na celom svete. Obrovsk\u00e9 jackpoty vzbudzuj\u00fa zna\u010dn\u00fd z\u00e1ujem glob\u00e1lneho publika.&#13;\n<\/p>&#13;\n<h2>\u013dahk\u00e1 konverzia \u2013 z n\u00e1v\u0161tevn\u00edka na z\u00e1kazn\u00edka<\/h2>&#13;\n<p>Z\u00edskanie \u017erebov online prostredn\u00edctvom na\u0161ej str\u00e1nky je ve\u013emi jednoduch\u00e9. Registr\u00e1cia na redfoxlotto.com trv\u00e1 len nieko\u013eko sek\u00fand a objedn\u00e1vanie \u017erebov a platba online s\u00fa rovnako r\u00fdchle a jednoduch\u00e9. Vy n\u00e1m po\u0161lete svojich n\u00e1v\u0161tevn\u00edkov a my ich premen\u00edme na z\u00e1kazn\u00edkov.&#13;\n<\/p>&#13;\n<h2>Na\u0161i z\u00e1kazn\u00edci s\u00fa loj\u00e1lni \u2013 vracaj\u00fa sa a dlhodobo kupuj\u00fa \u010fal\u0161ie tikety.<\/h2>&#13;\n<p>Akon\u00e1hle va\u0161i n\u00e1v\u0161tevn\u00edci uskuto\u010dnia svoj prv\u00fd n\u00e1kup, bud\u00fa sa vraca\u0165, aby si k\u00fapili \u010fal\u0161ie tikety. Mnoh\u00ed z na\u0161ich z\u00e1kazn\u00edkov s\u00fa s nami u\u017e desa\u0165 rokov alebo aj dlh\u0161ie. Ak n\u00e1m odporu\u010d\u00edte z\u00e1kazn\u00edka, pravdepodobne budete zar\u00e1ba\u0165 prov\u00edzie z n\u00e1kupov tohto z\u00e1kazn\u00edka po cel\u00e9 roky!&#13;\n<\/p>&#13;\n<p>Prihl\u00e1ste sa do n\u00e1\u0161ho partnersk\u00e9ho programu teraz. Registr\u00e1cia je bezplatn\u00e1. Ak m\u00e1te ot\u00e1zky, najsk\u00f4r si pre\u010d\u00edtajte na\u0161u str\u00e1nku s \u010dasto kladen\u00fdmi ot\u00e1zkami. Ak m\u00e1te \u010fal\u0161ie ot\u00e1zky, kontaktujte n\u00e1s.&#13;\n<\/p>&#13;\n<p>Kliknite na tento odkaz, aby ste sa prihl\u00e1sili do n\u00e1\u0161ho partnersk\u00e9ho programu. Po registr\u00e1cii od n\u00e1s dostanete e-mail. Nezabudnite klikn\u00fa\u0165 na potvrdzovac\u00ed odkaz v tomto e-maile. Va\u0161a registr\u00e1cia bude skontrolovan\u00e1 a v\u00e1\u0161 partnersk\u00fd \u00fa\u010det bude aktivovan\u00fd do 48 hod\u00edn.<\/p>&#13;\n<p>\u00a0<\/p>&#13;\n","protected":false},"excerpt":{"rendered":"<p>&#13; RedFoxAffiliates.com je partnersk\u00fd program pre RedFoxLotto.com. RedFoxLotto je kuri\u00e9rska slu\u017eba pre lot\u00e9riov\u00e9 tikety. Prostredn\u00edctvom webovej str\u00e1nky RedFoxLotto.com si fan\u00fa\u0161ikovia lot\u00e9rie z cel\u00e9ho sveta m\u00f4\u017eu objedna\u0165 skuto\u010dn\u00e9 tikety do ve\u013ek\u00e9ho po\u010dtu medzin\u00e1rodn\u00fdch lot\u00e9ri\u00ed. &#13; Dok\u00e1\u017eete pril\u00e1ka\u0165 n\u00e1v\u0161tevn\u00edkov? &#13; Ak dok\u00e1\u017eete pril\u00e1ka\u0165 n\u00e1v\u0161tevn\u00edkov (nov\u00fdch potenci\u00e1lnych z\u00e1kazn\u00edkov) na na\u0161u webov\u00fa str\u00e1nku, zarob\u00edte<\/p>\n<p><a href=\"https:\/\/redfoxaffiliates.com\/sk\/\" class=\"more-link\">Continue Reading<span class=\"screen-reader-text\">Domov<\/span><\/a><\/p>\n","protected":false},"author":1,"featured_media":0,"parent":0,"menu_order":0,"comment_status":"closed","ping_status":"closed","template":"","meta":{"footnotes":""},"class_list":["post-157","page","type-page","status-publish","hentry"],"yoast_head":"<!-- This site is optimized with the Yoast SEO plugin v22.4 - https:\/\/yoast.com\/wordpress\/plugins\/seo\/ -->\n<title>Partnersk\u00fd program pre RedFoxLotto.com<\/title>\n<meta name=\"description\" content=\"N\u00e1\u0161 partnersk\u00fd program umo\u017e\u0148uje partnerom RedFoxLotto zar\u00e1ba\u0165 prov\u00edzie za odpor\u00fa\u010dania. Sta\u0148te sa obchodn\u00fdm partnerom a za\u010dnite propagova\u0165 na\u0161u online slu\u017ebu predaja lot\u00e9riov\u00fdch tiketov e\u0161te dnes!\" \/>\n<meta name=\"robots\" content=\"index, follow, max-snippet:-1, max-image-preview:large, max-video-preview:-1\" \/>\n<link rel=\"canonical\" href=\"https:\/\/redfoxaffiliates.com\/sk\/domov\/\" \/>\n<meta property=\"og:locale\" content=\"sk_SK\" \/>\n<meta property=\"og:type\" content=\"article\" \/>\n<meta property=\"og:title\" content=\"Partnersk\u00fd program pre RedFoxLotto.com\" \/>\n<meta property=\"og:description\" content=\"N\u00e1\u0161 partnersk\u00fd program umo\u017e\u0148uje partnerom RedFoxLotto zar\u00e1ba\u0165 prov\u00edzie za odpor\u00fa\u010dania. Sta\u0148te sa obchodn\u00fdm partnerom a za\u010dnite propagova\u0165 na\u0161u online slu\u017ebu predaja lot\u00e9riov\u00fdch tiketov e\u0161te dnes!\" \/>\n<meta property=\"og:url\" content=\"https:\/\/redfoxaffiliates.com\/sk\/domov\/\" \/>\n<meta property=\"og:site_name\" content=\"RedFoxLotto Affiliate Program\" \/>\n<meta property=\"article:modified_time\" content=\"2026-01-03T09:21:27+00:00\" \/>\n<meta name=\"twitter:card\" content=\"summary_large_image\" \/>\n<meta name=\"twitter:label1\" content=\"Predpokladan\u00fd \u010das \u010d\u00edtania\" \/>\n\t<meta name=\"twitter:data1\" content=\"2 min\u00faty\" \/>\n<script type=\"application\/ld+json\" class=\"yoast-schema-graph\">{\"@context\":\"https:\/\/schema.org\",\"@graph\":[{\"@type\":\"WebPage\",\"@id\":\"https:\/\/redfoxaffiliates.com\/sk\/domov\/\",\"url\":\"https:\/\/redfoxaffiliates.com\/sk\/domov\/\",\"name\":\"Partnersk\u00fd program pre RedFoxLotto.com\",\"isPartOf\":{\"@id\":\"https:\/\/redfoxaffiliates.com\/#website\"},\"datePublished\":\"2023-07-15T06:09:36+00:00\",\"dateModified\":\"2026-01-03T09:21:27+00:00\",\"description\":\"N\u00e1\u0161 partnersk\u00fd program umo\u017e\u0148uje partnerom RedFoxLotto zar\u00e1ba\u0165 prov\u00edzie za odpor\u00fa\u010dania. Sta\u0148te sa obchodn\u00fdm partnerom a za\u010dnite propagova\u0165 na\u0161u online slu\u017ebu predaja lot\u00e9riov\u00fdch tiketov e\u0161te dnes!\",\"breadcrumb\":{\"@id\":\"https:\/\/redfoxaffiliates.com\/sk\/domov\/#breadcrumb\"},\"inLanguage\":\"sk-SK\",\"potentialAction\":[{\"@type\":\"ReadAction\",\"target\":[\"https:\/\/redfoxaffiliates.com\/sk\/domov\/\"]}]},{\"@type\":\"BreadcrumbList\",\"@id\":\"https:\/\/redfoxaffiliates.com\/sk\/domov\/#breadcrumb\",\"itemListElement\":[{\"@type\":\"ListItem\",\"position\":1,\"name\":\"Home\",\"item\":\"https:\/\/redfoxaffiliates.com\/sk\/domov\/\"},{\"@type\":\"ListItem\",\"position\":2,\"name\":\"Domov\"}]},{\"@type\":\"WebSite\",\"@id\":\"https:\/\/redfoxaffiliates.com\/#website\",\"url\":\"https:\/\/redfoxaffiliates.com\/\",\"name\":\"RedFoxLotto Affiliate Program\",\"description\":\"The site for marketing partners of RedFoxLotto.com\",\"potentialAction\":[{\"@type\":\"SearchAction\",\"target\":{\"@type\":\"EntryPoint\",\"urlTemplate\":\"https:\/\/redfoxaffiliates.com\/?s={search_term_string}\"},\"query-input\":\"required name=search_term_string\"}],\"inLanguage\":\"sk-SK\"}]}<\/script>\n<!-- \/ Yoast SEO plugin. -->","yoast_head_json":{"title":"Partnersk\u00fd program pre RedFoxLotto.com","description":"N\u00e1\u0161 partnersk\u00fd program umo\u017e\u0148uje partnerom RedFoxLotto zar\u00e1ba\u0165 prov\u00edzie za odpor\u00fa\u010dania. Sta\u0148te sa obchodn\u00fdm partnerom a za\u010dnite propagova\u0165 na\u0161u online slu\u017ebu predaja lot\u00e9riov\u00fdch tiketov e\u0161te dnes!","robots":{"index":"index","follow":"follow","max-snippet":"max-snippet:-1","max-image-preview":"max-image-preview:large","max-video-preview":"max-video-preview:-1"},"canonical":"https:\/\/redfoxaffiliates.com\/sk\/domov\/","og_locale":"sk_SK","og_type":"article","og_title":"Partnersk\u00fd program pre RedFoxLotto.com","og_description":"N\u00e1\u0161 partnersk\u00fd program umo\u017e\u0148uje partnerom RedFoxLotto zar\u00e1ba\u0165 prov\u00edzie za odpor\u00fa\u010dania. Sta\u0148te sa obchodn\u00fdm partnerom a za\u010dnite propagova\u0165 na\u0161u online slu\u017ebu predaja lot\u00e9riov\u00fdch tiketov e\u0161te dnes!","og_url":"https:\/\/redfoxaffiliates.com\/sk\/domov\/","og_site_name":"RedFoxLotto Affiliate Program","article_modified_time":"2026-01-03T09:21:27+00:00","twitter_card":"summary_large_image","twitter_misc":{"Predpokladan\u00fd \u010das \u010d\u00edtania":"2 min\u00faty"},"schema":{"@context":"https:\/\/schema.org","@graph":[{"@type":"WebPage","@id":"https:\/\/redfoxaffiliates.com\/sk\/domov\/","url":"https:\/\/redfoxaffiliates.com\/sk\/domov\/","name":"Partnersk\u00fd program pre RedFoxLotto.com","isPartOf":{"@id":"https:\/\/redfoxaffiliates.com\/#website"},"datePublished":"2023-07-15T06:09:36+00:00","dateModified":"2026-01-03T09:21:27+00:00","description":"N\u00e1\u0161 partnersk\u00fd program umo\u017e\u0148uje partnerom RedFoxLotto zar\u00e1ba\u0165 prov\u00edzie za odpor\u00fa\u010dania. Sta\u0148te sa obchodn\u00fdm partnerom a za\u010dnite propagova\u0165 na\u0161u online slu\u017ebu predaja lot\u00e9riov\u00fdch tiketov e\u0161te dnes!","breadcrumb":{"@id":"https:\/\/redfoxaffiliates.com\/sk\/domov\/#breadcrumb"},"inLanguage":"sk-SK","potentialAction":[{"@type":"ReadAction","target":["https:\/\/redfoxaffiliates.com\/sk\/domov\/"]}]},{"@type":"BreadcrumbList","@id":"https:\/\/redfoxaffiliates.com\/sk\/domov\/#breadcrumb","itemListElement":[{"@type":"ListItem","position":1,"name":"Home","item":"https:\/\/redfoxaffiliates.com\/sk\/domov\/"},{"@type":"ListItem","position":2,"name":"Domov"}]},{"@type":"WebSite","@id":"https:\/\/redfoxaffiliates.com\/#website","url":"https:\/\/redfoxaffiliates.com\/","name":"RedFoxLotto Affiliate Program","description":"The site for marketing partners of RedFoxLotto.com","potentialAction":[{"@type":"SearchAction","target":{"@type":"EntryPoint","urlTemplate":"https:\/\/redfoxaffiliates.com\/?s={search_term_string}"},"query-input":"required name=search_term_string"}],"inLanguage":"sk-SK"}]}},"_links":{"self":[{"href":"https:\/\/redfoxaffiliates.com\/sk\/wp-json\/wp\/v2\/pages\/157","targetHints":{"allow":["GET"]}}],"collection":[{"href":"https:\/\/redfoxaffiliates.com\/sk\/wp-json\/wp\/v2\/pages"}],"about":[{"href":"https:\/\/redfoxaffiliates.com\/sk\/wp-json\/wp\/v2\/types\/page"}],"author":[{"embeddable":true,"href":"https:\/\/redfoxaffiliates.com\/sk\/wp-json\/wp\/v2\/users\/1"}],"replies":[{"embeddable":true,"href":"https:\/\/redfoxaffiliates.com\/sk\/wp-json\/wp\/v2\/comments?post=157"}],"version-history":[{"count":1,"href":"https:\/\/redfoxaffiliates.com\/sk\/wp-json\/wp\/v2\/pages\/157\/revisions"}],"predecessor-version":[{"id":158,"href":"https:\/\/redfoxaffiliates.com\/sk\/wp-json\/wp\/v2\/pages\/157\/revisions\/158"}],"wp:attachment":[{"href":"https:\/\/redfoxaffiliates.com\/sk\/wp-json\/wp\/v2\/media?parent=157"}],"curies":[{"name":"wp","href":"https:\/\/api.w.org\/{rel}","templated":true}]}}