{"id":364,"date":"2026-01-01T21:16:49","date_gmt":"2026-01-01T20:16:49","guid":{"rendered":"https:\/\/redfoxaffiliates.com\/despre-etica-in-programele-de-marketing-afiliat\/"},"modified":"2026-01-01T21:16:49","modified_gmt":"2026-01-01T20:16:49","slug":"despre-etica-in-programele-de-marketing-afiliat","status":"publish","type":"page","link":"https:\/\/redfoxaffiliates.com\/ro\/despre-etica-in-programele-de-marketing-afiliat\/","title":{"rendered":"Despre etica \u00een programele de marketing afiliat"},"content":{"rendered":"<p>S-ar putea s\u0103 fi\u021bi surprins s\u0103 g\u0103si\u021bi o referire la etic\u0103 pe site-ul web al unui program de afiliere. Suntem de acord c\u0103 este neobi\u0219nuit.<\/p>\n<p>Dar este un subiect esen\u021bial pentru noi. Fo\u0219tii afilia\u021bi opereaz\u0103 at\u00e2t RedFoxLotto.com, c\u00e2t \u0219i acest program de afiliere. Am lucrat cu acelea\u0219i companii cu care a\u021bi lucrat \u0219i dvs. (sau cu care poate \u00eenc\u0103 lucra\u021bi). Dup\u0103 mai bine de 12 ani \u00een domeniul afilia\u021bilor din industria jocurilor de noroc, am v\u0103zut multe lucruri nepl\u0103cute. Reducerea veniturilor, modific\u0103ri ale termenilor \u0219i condi\u021biilor care au dus la pierderi de venituri pentru afilia\u021bi, pl\u0103\u021bi \u00eent\u00e2rziate sau neefectuate, furtul clien\u021bilor dvs. de la noi (sau de la al\u021bi afilia\u021bi) \u2013 am v\u0103zut de toate.<\/p>\n<p>Din p\u0103cate, aceasta este o industrie \u00een care lucrurile nepl\u0103cute se \u00eent\u00e2mpl\u0103 tot timpul afilia\u021bilor care muncesc din greu. De aceea am decis s\u0103 facem urm\u0103torul pas. Am lansat propriul nostru produs, RedFoxLotto.com. Planul nostru de marketing este simplu: 100% bazat pe SEO \u0219i marketingul de afiliere online.<\/p>\n<p>Fiind noi \u00een\u0219ine afilia\u021bi, ne angaj\u0103m s\u0103 derul\u0103m un program de afiliere 100% etic \u0219i onest. Da, to\u021bi spun c\u0103 nu vom face asta sau cealalt\u0103. Dar noi vorbim serios.<\/p>\n<p>Iat\u0103 ce pute\u021bi a\u0219tepta de la noi<br \/>\nO \u00een\u021belegere este o \u00een\u021belegere! Asta \u00eenseamn\u0103 c\u0103, dac\u0103 spunem c\u0103 ve\u021bi primi o parte din veniturile pe care le genera\u021bi pe durata de via\u021b\u0103 a clien\u021bilor pe care \u00eei aduce\u021bi, vorbim serios. Nu ne vom r\u0103zg\u00e2ndi niciodat\u0103 \u00een privin\u021ba asta.<br \/>\nNu vom manipula niciodat\u0103 rapoartele de venituri pentru a ne reduce cheltuielile generale. Nici nu vom elimina vreodat\u0103 clien\u021bii din contul dvs. Vrem s\u0103 ave\u021bi c\u00e2t mai mult succes posibil. Sunte\u021bi partenerii no\u0219tri de afaceri, iar succesul nostru depinde de dvs.!<br \/>\nV\u0103 vom pl\u0103ti la timp. \u0218i dvs. ave\u021bi obliga\u021bii \u0219i cheltuieli, \u0219i \u00een\u021belegem asta.<br \/>\nContacta\u021bi-ne dac\u0103 ave\u021bi \u00eentreb\u0103ri sau ave\u021bi nevoie de ajutorul nostru. Utiliza\u021bi formularul \u201eContact\u201d din bara de meniu din partea de sus. Haide\u021bi s\u0103 ne reunim \u0219i s\u0103 vedem dac\u0103 putem c\u00e2\u0219tiga am\u00e2ndoi ni\u0219te bani!<\/p>\n","protected":false},"excerpt":{"rendered":"<p>S-ar putea s\u0103 fi\u021bi surprins s\u0103 g\u0103si\u021bi o referire la etic\u0103 pe site-ul web al unui program de afiliere. Suntem de acord c\u0103 este neobi\u0219nuit. Dar este un subiect esen\u021bial pentru noi. Fo\u0219tii afilia\u021bi opereaz\u0103 at\u00e2t RedFoxLotto.com, c\u00e2t \u0219i acest program de afiliere. Am lucrat cu acelea\u0219i companii cu care<\/p>\n<p><a href=\"https:\/\/redfoxaffiliates.com\/ro\/despre-etica-in-programele-de-marketing-afiliat\/\" class=\"more-link\">Continue Reading<span class=\"screen-reader-text\">Despre etica \u00een programele de marketing afiliat<\/span><\/a><\/p>\n","protected":false},"author":1,"featured_media":0,"parent":0,"menu_order":7,"comment_status":"closed","ping_status":"closed","template":"","meta":{"footnotes":""},"class_list":["post-364","page","type-page","status-publish","hentry"],"yoast_head":"<!-- This site is optimized with the Yoast SEO plugin v22.4 - https:\/\/yoast.com\/wordpress\/plugins\/seo\/ -->\n<title>Etica \u0219i afilierea pe pia\u021ba loteriei<\/title>\n<meta name=\"description\" content=\"Exist\u0103 o mul\u021bime de programe de afiliere la loterie care fur\u0103 bani de la afilia\u021bii lor. De aceea, tema afacerilor etice este important\u0103 pentru noi.\" \/>\n<meta name=\"robots\" content=\"index, follow, max-snippet:-1, max-image-preview:large, max-video-preview:-1\" \/>\n<link rel=\"canonical\" href=\"https:\/\/redfoxaffiliates.com\/ethics-and-affiliate-marketing-programs\/\" \/>\n<meta property=\"og:locale\" content=\"ro_RO\" \/>\n<meta property=\"og:type\" content=\"article\" \/>\n<meta property=\"og:title\" content=\"Etica \u0219i afilierea pe pia\u021ba loteriei\" \/>\n<meta property=\"og:description\" content=\"Exist\u0103 o mul\u021bime de programe de afiliere la loterie care fur\u0103 bani de la afilia\u021bii lor. De aceea, tema afacerilor etice este important\u0103 pentru noi.\" \/>\n<meta property=\"og:url\" content=\"https:\/\/redfoxaffiliates.com\/ethics-and-affiliate-marketing-programs\/\" \/>\n<meta property=\"og:site_name\" content=\"RedFoxLotto Affiliate Program\" \/>\n<meta name=\"twitter:card\" content=\"summary_large_image\" \/>\n<meta name=\"twitter:label1\" content=\"Timp estimat pentru citire\" \/>\n\t<meta name=\"twitter:data1\" content=\"2 minute\" \/>\n<script type=\"application\/ld+json\" class=\"yoast-schema-graph\">{\"@context\":\"https:\/\/schema.org\",\"@graph\":[{\"@type\":\"WebPage\",\"@id\":\"https:\/\/redfoxaffiliates.com\/ethics-and-affiliate-marketing-programs\/\",\"url\":\"https:\/\/redfoxaffiliates.com\/ethics-and-affiliate-marketing-programs\/\",\"name\":\"Etica \u0219i afilierea pe pia\u021ba loteriei\",\"isPartOf\":{\"@id\":\"https:\/\/redfoxaffiliates.com\/#website\"},\"datePublished\":\"2026-01-01T20:16:49+00:00\",\"dateModified\":\"2026-01-01T20:16:49+00:00\",\"description\":\"Exist\u0103 o mul\u021bime de programe de afiliere la loterie care fur\u0103 bani de la afilia\u021bii lor. De aceea, tema afacerilor etice este important\u0103 pentru noi.\",\"breadcrumb\":{\"@id\":\"https:\/\/redfoxaffiliates.com\/ethics-and-affiliate-marketing-programs\/#breadcrumb\"},\"inLanguage\":\"ro-RO\",\"potentialAction\":[{\"@type\":\"ReadAction\",\"target\":[\"https:\/\/redfoxaffiliates.com\/ethics-and-affiliate-marketing-programs\/\"]}]},{\"@type\":\"BreadcrumbList\",\"@id\":\"https:\/\/redfoxaffiliates.com\/ethics-and-affiliate-marketing-programs\/#breadcrumb\",\"itemListElement\":[{\"@type\":\"ListItem\",\"position\":1,\"name\":\"Home\",\"item\":\"https:\/\/redfoxaffiliates.com\/ro\/acasa\/\"},{\"@type\":\"ListItem\",\"position\":2,\"name\":\"Despre etica \u00een programele de marketing afiliat\"}]},{\"@type\":\"WebSite\",\"@id\":\"https:\/\/redfoxaffiliates.com\/#website\",\"url\":\"https:\/\/redfoxaffiliates.com\/\",\"name\":\"RedFoxLotto Affiliate Program\",\"description\":\"The site for marketing partners of RedFoxLotto.com\",\"potentialAction\":[{\"@type\":\"SearchAction\",\"target\":{\"@type\":\"EntryPoint\",\"urlTemplate\":\"https:\/\/redfoxaffiliates.com\/?s={search_term_string}\"},\"query-input\":\"required name=search_term_string\"}],\"inLanguage\":\"ro-RO\"}]}<\/script>\n<!-- \/ Yoast SEO plugin. -->","yoast_head_json":{"title":"Etica \u0219i afilierea pe pia\u021ba loteriei","description":"Exist\u0103 o mul\u021bime de programe de afiliere la loterie care fur\u0103 bani de la afilia\u021bii lor. De aceea, tema afacerilor etice este important\u0103 pentru noi.","robots":{"index":"index","follow":"follow","max-snippet":"max-snippet:-1","max-image-preview":"max-image-preview:large","max-video-preview":"max-video-preview:-1"},"canonical":"https:\/\/redfoxaffiliates.com\/ethics-and-affiliate-marketing-programs\/","og_locale":"ro_RO","og_type":"article","og_title":"Etica \u0219i afilierea pe pia\u021ba loteriei","og_description":"Exist\u0103 o mul\u021bime de programe de afiliere la loterie care fur\u0103 bani de la afilia\u021bii lor. De aceea, tema afacerilor etice este important\u0103 pentru noi.","og_url":"https:\/\/redfoxaffiliates.com\/ethics-and-affiliate-marketing-programs\/","og_site_name":"RedFoxLotto Affiliate Program","twitter_card":"summary_large_image","twitter_misc":{"Timp estimat pentru citire":"2 minute"},"schema":{"@context":"https:\/\/schema.org","@graph":[{"@type":"WebPage","@id":"https:\/\/redfoxaffiliates.com\/ethics-and-affiliate-marketing-programs\/","url":"https:\/\/redfoxaffiliates.com\/ethics-and-affiliate-marketing-programs\/","name":"Etica \u0219i afilierea pe pia\u021ba loteriei","isPartOf":{"@id":"https:\/\/redfoxaffiliates.com\/#website"},"datePublished":"2026-01-01T20:16:49+00:00","dateModified":"2026-01-01T20:16:49+00:00","description":"Exist\u0103 o mul\u021bime de programe de afiliere la loterie care fur\u0103 bani de la afilia\u021bii lor. De aceea, tema afacerilor etice este important\u0103 pentru noi.","breadcrumb":{"@id":"https:\/\/redfoxaffiliates.com\/ethics-and-affiliate-marketing-programs\/#breadcrumb"},"inLanguage":"ro-RO","potentialAction":[{"@type":"ReadAction","target":["https:\/\/redfoxaffiliates.com\/ethics-and-affiliate-marketing-programs\/"]}]},{"@type":"BreadcrumbList","@id":"https:\/\/redfoxaffiliates.com\/ethics-and-affiliate-marketing-programs\/#breadcrumb","itemListElement":[{"@type":"ListItem","position":1,"name":"Home","item":"https:\/\/redfoxaffiliates.com\/ro\/acasa\/"},{"@type":"ListItem","position":2,"name":"Despre etica \u00een programele de marketing afiliat"}]},{"@type":"WebSite","@id":"https:\/\/redfoxaffiliates.com\/#website","url":"https:\/\/redfoxaffiliates.com\/","name":"RedFoxLotto Affiliate Program","description":"The site for marketing partners of RedFoxLotto.com","potentialAction":[{"@type":"SearchAction","target":{"@type":"EntryPoint","urlTemplate":"https:\/\/redfoxaffiliates.com\/?s={search_term_string}"},"query-input":"required name=search_term_string"}],"inLanguage":"ro-RO"}]}},"_links":{"self":[{"href":"https:\/\/redfoxaffiliates.com\/ro\/wp-json\/wp\/v2\/pages\/364","targetHints":{"allow":["GET"]}}],"collection":[{"href":"https:\/\/redfoxaffiliates.com\/ro\/wp-json\/wp\/v2\/pages"}],"about":[{"href":"https:\/\/redfoxaffiliates.com\/ro\/wp-json\/wp\/v2\/types\/page"}],"author":[{"embeddable":true,"href":"https:\/\/redfoxaffiliates.com\/ro\/wp-json\/wp\/v2\/users\/1"}],"replies":[{"embeddable":true,"href":"https:\/\/redfoxaffiliates.com\/ro\/wp-json\/wp\/v2\/comments?post=364"}],"version-history":[{"count":0,"href":"https:\/\/redfoxaffiliates.com\/ro\/wp-json\/wp\/v2\/pages\/364\/revisions"}],"wp:attachment":[{"href":"https:\/\/redfoxaffiliates.com\/ro\/wp-json\/wp\/v2\/media?parent=364"}],"curies":[{"name":"wp","href":"https:\/\/api.w.org\/{rel}","templated":true}]}}