{"id":323,"date":"2026-01-01T21:15:19","date_gmt":"2026-01-01T20:15:19","guid":{"rendered":"https:\/\/redfoxaffiliates.com\/cum-sa-incepeti-o-afacere-de-afiliere-online\/"},"modified":"2026-01-01T21:15:19","modified_gmt":"2026-01-01T20:15:19","slug":"cum-sa-incepeti-o-afacere-de-afiliere-online","status":"publish","type":"page","link":"https:\/\/redfoxaffiliates.com\/ro\/cum-sa-incepeti-o-afacere-de-afiliere-online\/","title":{"rendered":"Cum s\u0103 \u00eencepe\u021bi o afacere de afiliere online"},"content":{"rendered":"<h2>Ce este marketingul afiliat?<\/h2>\n<p>Mul\u021bi furnizori online au a\u0219a-numitele programe de afiliere. Oricine \u00ee\u0219i poate crea un cont de afiliat acolo \u0219i poate \u00eencepe s\u0103 \u00ee\u0219i promoveze produsele online. Promotorul (dumneavoastr\u0103) prime\u0219te un comision pentru c\u0103 recomand\u0103 clien\u021bi pl\u0103titori c\u0103tre furnizor.<\/p>\n<p>Consulta\u021bi meniul din dreapta. Exist\u0103 un link c\u0103tre un tutorial PDF pentru \u00eencep\u0103tori despre cum s\u0103 \u00eencepe\u021bi o afacere de afiliere, de la zero \u0219i cu investi\u021bii minime.<\/p>\n<h2>Cum sunte\u021bi pl\u0103tit?<\/h2>\n<p>Odat\u0103 ce v-a\u021bi \u00eenscris \u00een programul de afiliere, pute\u021bi desc\u0103rca a\u0219a-numitele link-uri de urm\u0103rire \u0219i\/sau bannere cu \u201elink-uri urm\u0103rite\u201d pe site-ul web afiliat. Acestea pot fi \u00eencorporate pe site-ul dvs. web, iar c\u00e2nd un vizitator d\u0103 clic pe link, v\u00e2nz\u0103torul \u0219tie ce afiliat a recomandat clientul pe baza num\u0103rului de identificare din link.<\/p>\n<p>Exist\u0103 dou\u0103 modele de baz\u0103 pentru cooperarea dvs. cu programul de afiliere:<\/p>\n<p>CPA (Cost per Achizi\u021bie), \u00een care afiliatul prime\u0219te o sum\u0103 fix\u0103 \u200b\u200batunci c\u00e2nd un client nou atinge un prag de v\u00e2nz\u0103ri definit.<\/p>\n<p>Revenue Share (adesea denumit \u0219i MGR), \u00een care afiliatul este pl\u0103tit cu un procent din veniturile din v\u00e2nz\u0103ri. \u00cen func\u021bie de termeni \u0219i condi\u021bii, ve\u021bi primi un comision procentual pentru toate v\u00e2nz\u0103rile viitoare sau doar pentru o anumit\u0103 perioad\u0103.<\/p>\n<h2>Cum promova\u021bi ace\u0219ti furnizori?<\/h2>\n<p>Ceea ce ave\u021bi nevoie cel mai mult pentru a \u00eencepe cu marketingul afiliat este un site web care genereaz\u0103 trafic. Consulta\u021bi paragraful \u201eF\u0103 un plan\u201d de mai jos! Ob\u021binerea de \u201etrafic\u201d pentru site-ul dvs. web este cel mai important lucru.<\/p>\n<p>Acel site web poate fi fie un site web legat de un anumit produs (produsul pe care dori\u021bi s\u0103 \u00eel promova\u021bi), fie doar un site web pe orice subiect, at\u00e2ta timp c\u00e2t genereaz\u0103 suficient trafic. Exemplu: Construi\u021bi un site web pe un subiect pe care \u00eel cunoa\u0219te\u021bi bine, cum ar fi scufund\u0103rile. Scrie\u021bi con\u021binut excelent, iar oamenii v\u0103 viziteaz\u0103 site-ul. Apoi, \u00eencepe\u021bi s\u0103 promova\u021bi un site de v\u00e2nz\u0103ri online specializat \u00een echipamente de scufund\u0103ri. De fiecare dat\u0103 c\u00e2nd un vizitator merge de pe site-ul dvs. web pe site-ul v\u00e2nz\u0103torului \u0219i cump\u0103r\u0103 ceva, primi\u021bi un comision.<\/p>\n<h2>Marketing pe re\u021belele sociale<\/h2>\n<p>Dac\u0103 ave\u021bi un public pe re\u021belele sociale, este posibil s\u0103 nu ave\u021bi nevoie nici m\u0103car de un site web. Pute\u021bi utiliza acelea\u0219i link-uri de afiliere urm\u0103rite pentru a \u00eencepe s\u0103 promova\u021bi produsele v\u00e2nz\u0103torului. \u0218i dac\u0103 publicul dvs. este global, cu at\u00e2t mai bine. Multe \u021b\u0103ri au loterii cu pl\u0103\u021bi mici sau chiar deloc. Locuitorii acestor \u021b\u0103ri sunt publicul ideal pentru serviciul nostru de loterie.<\/p>\n<h2>Exist\u0103 \u00een principal dou\u0103 scenarii:<\/h2>\n<p>Dac\u0103 a\u021bi avea un site web cu o gam\u0103 larg\u0103 de subiecte de articole \u0219i acel site web ar avea mii de vizitatori \u00een fiecare zi, a\u021bi putea vinde mai mult sau mai pu\u021bin orice produs dori\u021bi. Num\u0103rul mare de vizitatori ar genera venituri semnificative. Iar programul nostru de afiliere este o alegere excelent\u0103 pentru orice site web, deoarece, la urma urmei, toat\u0103 lumea iube\u0219te loteria, nu-i a\u0219a?<\/p>\n<p>Dac\u0103 a\u021bi avea, de exemplu, un site web legat de loterie, probabil a\u021bi avea mai pu\u021bini vizitatori. Totu\u0219i, traficul este mai \u201e\u021bintit\u201d, adic\u0103 vizitatorii dvs. sunt mai predispu\u0219i s\u0103 cumpere biletele de loterie pe care le promova\u021bi. Chiar dac\u0103 a\u021bi avea doar 10 vizitatori pe zi, a\u021bi vedea totu\u0219i unele venituri. \u0218i exist\u0103 un lucru legat de jocul la loterie: oamenii tind s\u0103 continue s\u0103 joace mult, mult timp. Odat\u0103 ce a\u021bi recomandat un anumit num\u0103r de clien\u021bi programului nostru de afiliere, ve\u021bi vedea un flux de venituri relativ constant.<\/p>\n<h2>Cum s\u0103 atrage\u021bi vizitatori pe site-ul dvs. web?<\/h2>\n<p>Pentru a atrage vizitatori, ve\u021bi avea nevoie de articole de \u00eenalt\u0103 calitate pe site-ul dvs. web, care s\u0103 ofere informa\u021bii utile cititorilor. De asemenea, trebuie s\u0103 \u00eenv\u0103\u021ba\u021bi elementele de baz\u0103 ale SEO (Optimizare pentru Motoarele de C\u0103utare). Acest lucru este important deoarece exist\u0103 \u201ereguli\u201d specifice pe care trebuie s\u0103 le cunoa\u0219te\u021bi pentru a v\u0103 asigura c\u0103 paginile de pe site-ul dvs. web se vor clasa sus pe Google pentru \u201ecuvinte cheie\u201d de c\u0103utare, ceea ce v\u0103 poate aduce vizitatori. Afilia\u021bii numesc asta \u201edirec\u021bionarea traficului\u201d c\u0103tre site-ul dvs.<\/p>\n<p>SEO nu este o \u0219tiin\u021b\u0103 de rachete. C\u0103uta\u021bi pur \u0219i simplu \u201eno\u021biuni de baz\u0103 SEO\u201d pe Google \u0219i citi\u021bi pu\u021bin pentru a afla cele mai importante reguli pentru crearea articolelor dvs. \u0219i \u00eembun\u0103t\u0103\u021birea abilit\u0103\u021bilor dvs. ulterior.<\/p>\n<h2>Puterea de a avea o list\u0103 de e-mailuri<\/h2>\n<p>Configura\u021bi \u00eentotdeauna site-ul dvs. web astfel \u00eenc\u00e2t vizitatorii s\u0103 aib\u0103 un motiv s\u0103 se \u00eenscrie sau s\u0103 \u00ee\u0219i lase adresele de e-mail. Crea\u021bi o list\u0103 \u0219i folosi\u021bi-o pentru a trimite e-mailuri care promoveaz\u0103 evenimente speciale, reduceri \u0219i multe altele. Dac\u0103 ave\u021bi deja o list\u0103, atunci este posibil s\u0103 nu ave\u021bi nevoie nici m\u0103car de un site web pentru a fi afiliat. Dar nu cump\u0103ra\u021bi liste de pe site-uri de v\u00e2nz\u0103ri de adrese de e-mail spam &#8211; nu merit\u0103.<\/p>\n<h2>C\u00e2t cost\u0103 s\u0103 \u00eencepe\u021bi \u00een marketingul afiliat?<\/h2>\n<p>R\u0103spuns simplu: nimic sau aproape nimic!<\/p>\n<p>Tot ce ai nevoie este un nume de domeniu \u0219i un plan de g\u0103zduire pentru spa\u021biul web. Ca \u00eencep\u0103tor, nu ai nevoie de propriul server; g\u0103zduirea web de baz\u0103, disponibil\u0103 de la 2 EUR pe lun\u0103, este suficient\u0103 pentru a \u00eencepe.<\/p>\n<p>Selecteaz\u0103 un furnizor de g\u0103zduire fiabil \u0219i alege un nume de domeniu disponibil. Te rug\u0103m s\u0103 te g\u00e2nde\u0219ti pu\u021bin la numele domeniului t\u0103u \u00eenainte de a-l comanda. Apoi, alege un plan de g\u0103zduire de baz\u0103. \u00cenregistreaz\u0103-te \u0219i pl\u0103te\u0219te pentru cont. Apoi, conecteaz\u0103-te la contul t\u0103u de client \u0219i arunc\u0103 o privire. Un sfat: Caut\u0103 o func\u021bie suplimentar\u0103 numit\u0103 \u201eConfiden\u021bialitatea domeniului\u201d &#8211; acesta este un lucru de luat \u00een considerare dac\u0103, din anumite motive, nu vrei ca nimeni s\u0103 \u0219tie c\u0103 de\u021bii \u0219i administrezi acest site web \u0219i afilia\u021bii.<\/p>\n<h2>a m\u00e2ncat afaceri conectate la acesta.<\/h2>\n<p>V\u0103 recomand\u0103m s\u0103 \u00eencepe\u021bi prin a instala un site WordPress folosind un \u0219ablon gratuit (un layout). WordPress este un sistem de gestionare a con\u021binutului (CMS) care v\u0103 construie\u0219te automat site-ul web \u0219i v\u0103 permite s\u0103 \u00eel gestiona\u021bi. Furnizorii de spa\u021biu web au func\u021bii simple pe care le pute\u021bi utiliza pentru a configura un site WordPress \u00een c\u00e2teva secunde. Nu sunt necesare deloc abilit\u0103\u021bi de programare!<\/p>\n<p>Citi\u021bi tutorialul introductiv pentru a \u00eenv\u0103\u021ba cele mai esen\u021biale func\u021bii ale WordPress. Ave\u021bi nevoie doar de c\u00e2teva ore pentru a dob\u00e2ndi abilit\u0103\u021bile de baz\u0103 necesare pentru a gestiona un site web simplu. Exist\u0103 o documenta\u021bie detaliat\u0103 pe site-ul WordPress \u0219i un forum unde pute\u021bi cere ajutorul utilizatorilor mai experimenta\u021bi.<\/p>\n<h2>C\u00e2\u021bi bani pute\u021bi c\u00e2\u0219tiga ca afiliat?<\/h2>\n<p>Acest lucru depinde foarte mult de c\u00e2t de dedicat sunte\u021bi \u0219i c\u00e2t de bun sunte\u021bi. Unii afilia\u021bi c\u00e2\u0219tig\u0103 milioane, al\u021bii c\u00e2\u0219tig\u0103 foarte pu\u021bin, dar mul\u021bi c\u00e2\u0219tig\u0103 c\u00e2teva sute de euro pe lun\u0103. Nu v\u0103 a\u0219tepta\u021bi s\u0103 c\u00e2\u0219tiga\u021bi bani imediat. Este nevoie de timp pentru ca site-ul dvs. web s\u0103 atrag\u0103 vizitatori. Dac\u0103 investi\u021bi munca necesar\u0103, ve\u021bi putea tr\u0103i din el pe termen lung.<\/p>\n<h2>Ar trebui\/se poate face asta cu norm\u0103 \u00eentreag\u0103 sau cu jum\u0103tate de norm\u0103?<\/h2>\n<p>Fiecare trebuie s\u0103 decid\u0103 asta singur. Dar 90% dintre afilia\u021bi se al\u0103tur\u0103 afacerii cu jum\u0103tate de norm\u0103. Un procent mare de afilia\u021bi trec la roluri cu norm\u0103 \u00eentreag\u0103 dup\u0103 ce ob\u021bin suficient succes \u0219i experien\u021b\u0103 \u00een industrie.<\/p>\n<h2>Este legal acest lucru?<\/h2>\n<p>Absolut, cu excep\u021bia cazului \u00een care promova\u021bi produse care sunt ilegale \u00een \u021bara dvs. de re\u0219edin\u021b\u0103; dac\u0103 acesta este cazul, trebuie s\u0103 lua\u021bi m\u0103suri pentru a v\u0103 proteja de poten\u021biale probleme. Consulta\u021bi \u201eConfiden\u021bialitatea domeniului\u201d de mai sus, printre altele. Asigura\u021bi-v\u0103 c\u0103 nu alege\u021bi un registrator de domenii \u0219i\/sau un serviciu de g\u0103zduire \u00eentr-o astfel de \u021bar\u0103 \u00een care site-ul dvs. web ar fi ilegal!<\/p>\n<h2>Cel mai important: Face\u021bi un plan!<\/h2>\n<p>\u00cenainte de a putea c\u00e2\u0219tiga bani printr-un program de afiliere, trebuie s\u0103 dezvolta\u021bi un plan solid \u0219i s\u0103 aduna\u021bi informa\u021biile esen\u021biale. Poate a\u021bi v\u0103zut filmul lui Kevin Costner \u201eC\u00e2mpul viselor\u201d, \u00een care o voce din cer spune: \u201eConstruie\u0219te-l \u0219i vor veni\u201d. Dac\u0103 crede\u021bi c\u0103 pute\u021bi construi un site web pe orice subiect \u0219i v\u0103 a\u0219tepta\u021bi ca banii s\u0103 vin\u0103 cur\u00e2nd, ve\u021bi ajunge frustra\u021bi.<\/p>\n<p>Dar dac\u0103 abordezi problema cu un plan, po\u021bi c\u00e2\u0219tiga bani frumo\u0219i, iar publicitatea pentru un program de afiliere este extrem de distractiv\u0103. Este ideal s\u0103 \u00eencepi cu un rol part-time, iar dac\u0103 merge bine, po\u021bi trece cu u\u0219urin\u021b\u0103 la un program full-time.<\/p>\n<h2>Planul t\u0103u trebuie s\u0103 con\u021bin\u0103 urm\u0103toarele lucruri:<\/h2>\n<p>Alege un subiect care te pasioneaz\u0103 \u0219i pentru care po\u021bi oferi informa\u021bii valoroase cititorilor t\u0103i. Dac\u0103 e\u0219ti nou \u00een acest domeniu, alege \u00eentotdeauna un subiect de \u201eni\u0219\u0103\u201d &#8211; dac\u0103 exist\u0103 o mul\u021bime de alte site-uri web despre acel subiect, \u00ee\u021bi va fi greu s\u0103 concurezi cu ele. De asemenea, va fi dificil s\u0103 te clasezi pentru orice cuvinte cheie. Desigur, trebuie s\u0103 alegi un subiect care se potrive\u0219te unui produs care poate fi cump\u0103rat online \u0219i are un program de afiliere.<\/p>\n<p>F\u0103 o list\u0103 de combina\u021bii de cuvinte cheie pe care poten\u021bialii vizitatori le-ar putea c\u0103uta pe Google. Re\u021bine c\u0103 ob\u021binerea unor clasamente \u00eenalte pentru cuvinte cheie evidente precum \u201eloto online\u201d este aproape imposibil\u0103. Opteaz\u0103 pentru expresii mai specifice. Un exemplu extrem ar fi \u201ePot oamenii s\u0103 participe la Powerball dac\u0103 nu locuiesc \u00een SUA?\u201d<\/p>\n<p>Apoi decide ce combina\u021bie de cuvinte cheie vei viza pe pagina principal\u0103 a site-ului t\u0103u web. Scrie\u021bi un articol pentru pagina principal\u0103 pentru acea combina\u021bie de cuvinte cheie. Apoi, dezvolta\u021bi un plan pentru structura site-ului dvs. web. Scrie\u021bi \u00eenc\u0103 c\u00e2teva articole pentru alte combina\u021bii de cuvinte cheie pe care le pute\u021bi g\u0103si.<\/p>\n<h2>De atunci \u00eencolo, trebuie s\u0103 v\u0103 concentra\u021bi pe dou\u0103 lucruri:<\/h2>\n<p>Construi\u021bi link-uri care s\u0103 indice c\u0103tre site-ul dvs. web. Link-urile sunt ca ni\u0219te voturi pozitive pentru site-ul dvs.; link-urile de \u00eenalt\u0103 calitate v\u0103 pot \u00eembun\u0103t\u0103\u021bi clasamentul \u00een motoarele de c\u0103utare. Cere\u021bi link-uri prietenilor care au site-uri web, contacta\u021bi al\u021bi webmasteri \u0219i oferi\u021bi-v\u0103 s\u0103 scrie\u021bi un articol \u00een schimbul link-urilor etc. Cele mai bune link-uri, \u00eens\u0103, vor ap\u0103rea natural atunci c\u00e2nd oamenii v\u0103 citesc articolele \u0219i pun link-uri c\u0103tre pagina dvs. pentru c\u0103 le-a pl\u0103cut ceea ce a\u021bi scris!<\/p>\n<p>Crea\u021bi mai mult con\u021binut (articole) cu un SEO bun. Folosi\u021bi-v\u0103 imagina\u021bia \u0219i scrie\u021bi articole noi \u00een mod regulat. Lua\u021bi \u00een considerare ad\u0103ugarea a 2-3 articole pe s\u0103pt\u0103m\u00e2n\u0103 pentru \u00eenceput.<\/p>\n<p>\u00cen timp ce finaliza\u021bi cele de mai sus, ve\u021bi deveni din ce \u00een ce mai pricepu\u021bi, iar primii vizitatori vor ajunge pe site-ul dvs. web. Utiliza\u021bi un serviciu (gratuit) precum www.clicky.com sau Google Analytics pentru a monitoriza num\u0103rul de vizitatori \u0219i comportamentul acestora. Verifica\u021bi periodic contul dvs. de program de afiliere pentru a vedea dac\u0103 genera\u021bi venituri.<\/p>\n<p>Folose\u0219te un serviciu SEO pentru a g\u0103si mai multe cuvinte cheie legate de cuv\u00e2ntul t\u0103u cheie principal. Creeaz\u0103 con\u021binut optimizat SEO care vizeaz\u0103 acele cuvinte cheie. Mai mult con\u021binut atrage mai mult trafic c\u0103tre site-ul t\u0103u web \u0219i \u00ee\u021bi cre\u0219te comisioanele.<\/p>\n<p>\u00cen timp, pe m\u0103sur\u0103 ce depui efort, vei vedea aproape sigur un efect pozitiv asupra num\u0103rului de vizitatori \u0219i a veniturilor tale.<\/p>\n<p>La nivel personal: oamenii din spatele RedFoxLotto \u0219i al programului de afiliere au \u00eenceput ca afilia\u021bi acum mai bine de 15 ani. Au avut destul de succes de atunci. \u0218i dac\u0103 \u00eei \u00eentrebi ce le place la aceast\u0103 afacere, \u021bi-ar spune urm\u0103toarele:<\/p>\n<ul>\n<li>Poten\u021bial de c\u00e2\u0219tig nelimitat \u0219i global<\/li>\n<li>\u00ce\u021bi po\u021bi \u00eencepe afacerea de marketing afiliat aproape f\u0103r\u0103 investi\u021bii<\/li>\n<li>\u00ce\u021bi poate oferi independen\u021b\u0103 financiar\u0103<\/li>\n<li>Po\u021bi lucra online, de oriunde dore\u0219ti<\/li>\n<\/ul>\n","protected":false},"excerpt":{"rendered":"<p>Ce este marketingul afiliat? Mul\u021bi furnizori online au a\u0219a-numitele programe de afiliere. Oricine \u00ee\u0219i poate crea un cont de afiliat acolo \u0219i poate \u00eencepe s\u0103 \u00ee\u0219i promoveze produsele online. Promotorul (dumneavoastr\u0103) prime\u0219te un comision pentru c\u0103 recomand\u0103 clien\u021bi pl\u0103titori c\u0103tre furnizor. Consulta\u021bi meniul din dreapta. Exist\u0103 un link c\u0103tre un<\/p>\n<p><a href=\"https:\/\/redfoxaffiliates.com\/ro\/cum-sa-incepeti-o-afacere-de-afiliere-online\/\" class=\"more-link\">Continue Reading<span class=\"screen-reader-text\">Cum s\u0103 \u00eencepe\u021bi o afacere de afiliere online<\/span><\/a><\/p>\n","protected":false},"author":1,"featured_media":0,"parent":0,"menu_order":6,"comment_status":"closed","ping_status":"closed","template":"","meta":{"footnotes":""},"class_list":["post-323","page","type-page","status-publish","hentry"],"yoast_head":"<!-- This site is optimized with the Yoast SEO plugin v22.4 - https:\/\/yoast.com\/wordpress\/plugins\/seo\/ -->\n<title>Cum s\u0103 \u00eencepe\u021bi \u0219i s\u0103 v\u0103 dezvolta\u021bi afacerea de marketing de afiliere online<\/title>\n<meta name=\"description\" content=\"O foaie de parcurs c\u0103tre succes pentru o afacere de afiliere. \u00cencepe\u021bi s\u0103 c\u00e2\u0219tiga\u021bi comisioane online devenind afiliat \u0219i partener de marketing\" \/>\n<meta name=\"robots\" content=\"index, follow, max-snippet:-1, max-image-preview:large, max-video-preview:-1\" \/>\n<link rel=\"canonical\" href=\"https:\/\/redfoxaffiliates.com\/how-to-start-an-online-affiliate-marketing-business\/\" \/>\n<meta property=\"og:locale\" content=\"ro_RO\" \/>\n<meta property=\"og:type\" content=\"article\" \/>\n<meta property=\"og:title\" content=\"Cum s\u0103 \u00eencepe\u021bi \u0219i s\u0103 v\u0103 dezvolta\u021bi afacerea de marketing de afiliere online\" \/>\n<meta property=\"og:description\" content=\"O foaie de parcurs c\u0103tre succes pentru o afacere de afiliere. \u00cencepe\u021bi s\u0103 c\u00e2\u0219tiga\u021bi comisioane online devenind afiliat \u0219i partener de marketing\" \/>\n<meta property=\"og:url\" content=\"https:\/\/redfoxaffiliates.com\/how-to-start-an-online-affiliate-marketing-business\/\" \/>\n<meta property=\"og:site_name\" content=\"RedFoxLotto Affiliate Program\" \/>\n<meta name=\"twitter:card\" content=\"summary_large_image\" \/>\n<meta name=\"twitter:label1\" content=\"Timp estimat pentru citire\" \/>\n\t<meta name=\"twitter:data1\" content=\"11 minute\" \/>\n<script type=\"application\/ld+json\" class=\"yoast-schema-graph\">{\"@context\":\"https:\/\/schema.org\",\"@graph\":[{\"@type\":\"WebPage\",\"@id\":\"https:\/\/redfoxaffiliates.com\/how-to-start-an-online-affiliate-marketing-business\/\",\"url\":\"https:\/\/redfoxaffiliates.com\/how-to-start-an-online-affiliate-marketing-business\/\",\"name\":\"Cum s\u0103 \u00eencepe\u021bi \u0219i s\u0103 v\u0103 dezvolta\u021bi afacerea de marketing de afiliere online\",\"isPartOf\":{\"@id\":\"https:\/\/redfoxaffiliates.com\/#website\"},\"datePublished\":\"2026-01-01T20:15:19+00:00\",\"dateModified\":\"2026-01-01T20:15:19+00:00\",\"description\":\"O foaie de parcurs c\u0103tre succes pentru o afacere de afiliere. \u00cencepe\u021bi s\u0103 c\u00e2\u0219tiga\u021bi comisioane online devenind afiliat \u0219i partener de marketing\",\"breadcrumb\":{\"@id\":\"https:\/\/redfoxaffiliates.com\/how-to-start-an-online-affiliate-marketing-business\/#breadcrumb\"},\"inLanguage\":\"ro-RO\",\"potentialAction\":[{\"@type\":\"ReadAction\",\"target\":[\"https:\/\/redfoxaffiliates.com\/how-to-start-an-online-affiliate-marketing-business\/\"]}]},{\"@type\":\"BreadcrumbList\",\"@id\":\"https:\/\/redfoxaffiliates.com\/how-to-start-an-online-affiliate-marketing-business\/#breadcrumb\",\"itemListElement\":[{\"@type\":\"ListItem\",\"position\":1,\"name\":\"Home\",\"item\":\"https:\/\/redfoxaffiliates.com\/ro\/acasa\/\"},{\"@type\":\"ListItem\",\"position\":2,\"name\":\"Cum s\u0103 \u00eencepe\u021bi o afacere de afiliere online\"}]},{\"@type\":\"WebSite\",\"@id\":\"https:\/\/redfoxaffiliates.com\/#website\",\"url\":\"https:\/\/redfoxaffiliates.com\/\",\"name\":\"RedFoxLotto Affiliate Program\",\"description\":\"The site for marketing partners of RedFoxLotto.com\",\"potentialAction\":[{\"@type\":\"SearchAction\",\"target\":{\"@type\":\"EntryPoint\",\"urlTemplate\":\"https:\/\/redfoxaffiliates.com\/?s={search_term_string}\"},\"query-input\":\"required name=search_term_string\"}],\"inLanguage\":\"ro-RO\"}]}<\/script>\n<!-- \/ Yoast SEO plugin. -->","yoast_head_json":{"title":"Cum s\u0103 \u00eencepe\u021bi \u0219i s\u0103 v\u0103 dezvolta\u021bi afacerea de marketing de afiliere online","description":"O foaie de parcurs c\u0103tre succes pentru o afacere de afiliere. \u00cencepe\u021bi s\u0103 c\u00e2\u0219tiga\u021bi comisioane online devenind afiliat \u0219i partener de marketing","robots":{"index":"index","follow":"follow","max-snippet":"max-snippet:-1","max-image-preview":"max-image-preview:large","max-video-preview":"max-video-preview:-1"},"canonical":"https:\/\/redfoxaffiliates.com\/how-to-start-an-online-affiliate-marketing-business\/","og_locale":"ro_RO","og_type":"article","og_title":"Cum s\u0103 \u00eencepe\u021bi \u0219i s\u0103 v\u0103 dezvolta\u021bi afacerea de marketing de afiliere online","og_description":"O foaie de parcurs c\u0103tre succes pentru o afacere de afiliere. \u00cencepe\u021bi s\u0103 c\u00e2\u0219tiga\u021bi comisioane online devenind afiliat \u0219i partener de marketing","og_url":"https:\/\/redfoxaffiliates.com\/how-to-start-an-online-affiliate-marketing-business\/","og_site_name":"RedFoxLotto Affiliate Program","twitter_card":"summary_large_image","twitter_misc":{"Timp estimat pentru citire":"11 minute"},"schema":{"@context":"https:\/\/schema.org","@graph":[{"@type":"WebPage","@id":"https:\/\/redfoxaffiliates.com\/how-to-start-an-online-affiliate-marketing-business\/","url":"https:\/\/redfoxaffiliates.com\/how-to-start-an-online-affiliate-marketing-business\/","name":"Cum s\u0103 \u00eencepe\u021bi \u0219i s\u0103 v\u0103 dezvolta\u021bi afacerea de marketing de afiliere online","isPartOf":{"@id":"https:\/\/redfoxaffiliates.com\/#website"},"datePublished":"2026-01-01T20:15:19+00:00","dateModified":"2026-01-01T20:15:19+00:00","description":"O foaie de parcurs c\u0103tre succes pentru o afacere de afiliere. \u00cencepe\u021bi s\u0103 c\u00e2\u0219tiga\u021bi comisioane online devenind afiliat \u0219i partener de marketing","breadcrumb":{"@id":"https:\/\/redfoxaffiliates.com\/how-to-start-an-online-affiliate-marketing-business\/#breadcrumb"},"inLanguage":"ro-RO","potentialAction":[{"@type":"ReadAction","target":["https:\/\/redfoxaffiliates.com\/how-to-start-an-online-affiliate-marketing-business\/"]}]},{"@type":"BreadcrumbList","@id":"https:\/\/redfoxaffiliates.com\/how-to-start-an-online-affiliate-marketing-business\/#breadcrumb","itemListElement":[{"@type":"ListItem","position":1,"name":"Home","item":"https:\/\/redfoxaffiliates.com\/ro\/acasa\/"},{"@type":"ListItem","position":2,"name":"Cum s\u0103 \u00eencepe\u021bi o afacere de afiliere online"}]},{"@type":"WebSite","@id":"https:\/\/redfoxaffiliates.com\/#website","url":"https:\/\/redfoxaffiliates.com\/","name":"RedFoxLotto Affiliate Program","description":"The site for marketing partners of RedFoxLotto.com","potentialAction":[{"@type":"SearchAction","target":{"@type":"EntryPoint","urlTemplate":"https:\/\/redfoxaffiliates.com\/?s={search_term_string}"},"query-input":"required name=search_term_string"}],"inLanguage":"ro-RO"}]}},"_links":{"self":[{"href":"https:\/\/redfoxaffiliates.com\/ro\/wp-json\/wp\/v2\/pages\/323","targetHints":{"allow":["GET"]}}],"collection":[{"href":"https:\/\/redfoxaffiliates.com\/ro\/wp-json\/wp\/v2\/pages"}],"about":[{"href":"https:\/\/redfoxaffiliates.com\/ro\/wp-json\/wp\/v2\/types\/page"}],"author":[{"embeddable":true,"href":"https:\/\/redfoxaffiliates.com\/ro\/wp-json\/wp\/v2\/users\/1"}],"replies":[{"embeddable":true,"href":"https:\/\/redfoxaffiliates.com\/ro\/wp-json\/wp\/v2\/comments?post=323"}],"version-history":[{"count":0,"href":"https:\/\/redfoxaffiliates.com\/ro\/wp-json\/wp\/v2\/pages\/323\/revisions"}],"wp:attachment":[{"href":"https:\/\/redfoxaffiliates.com\/ro\/wp-json\/wp\/v2\/media?parent=323"}],"curies":[{"name":"wp","href":"https:\/\/api.w.org\/{rel}","templated":true}]}}