{"id":317,"date":"2023-07-15T13:46:59","date_gmt":"2023-07-15T11:46:59","guid":{"rendered":"https:\/\/redfoxaffiliates.com\/intrebari-frecvente\/"},"modified":"2023-07-15T13:46:59","modified_gmt":"2023-07-15T11:46:59","slug":"intrebari-frecvente","status":"publish","type":"page","link":"https:\/\/redfoxaffiliates.com\/ro\/intrebari-frecvente\/","title":{"rendered":"\u00centreb\u0103ri frecvente"},"content":{"rendered":"<h2>Ce \u00eenseamn\u0103 afiliere?<\/h2>\n<p>Afilierea este o strategie de marketing. Multe produse, servicii \u0219i site-uri web utilizeaz\u0103 afilia\u021bi pentru a-\u0219i comercializa produsele \u0219i serviciile. Fiecare afiliat al RedFoxLotto.com ne poate promova.<\/p>\n<h2>Exist\u0103 cheltuieli sau costuri de \u00eenscriere?<\/h2>\n<p>Nu. \u00censcrierea \u00een programul nostru de afiliere este complet gratuit\u0103. Singurele cheltuieli pe care le ave\u021bi sunt cele legate de administrarea site-urilor web sau de achizi\u021bionarea propriilor materiale de marketing.<\/p>\n<h2>Cum v\u0103 pot promova?<\/h2>\n<p>Pute\u021bi utiliza toate tipurile de strategii online \u0219i offline. Iat\u0103 dou\u0103 dintre cele mai comune metode:<\/p>\n<ul>\n<li>Pute\u021bi crea un site web (legat de loterie sau altceva) \u0219i \u00eel pute\u021bi utiliza pentru a promova RedFoxLotto. Ob\u021bine\u021bi trafic prin clasarea cuvintelor cheie \u00een c\u0103ut\u0103rile Google \u0219i promova\u021bi-v\u0103 site-ul pe re\u021belele sociale. Mai mult trafic c\u0103tre site-ul dvs. \u00eenseamn\u0103 mai multe clicuri c\u0103tre RedFoxLotto, ceea ce \u00eenseamn\u0103 mai mul\u021bi bani pentru dvs.<\/li>\n<li>Crea\u021bi un site web dedicat loteriei, utiliza\u021bi linkuri de afiliere care direc\u021bioneaz\u0103 c\u0103tre RedFoxLotto.com, apoi promova\u021bi site-ul dvs. offline.<\/li>\n<\/ul>\n<h2>C\u00e2t pot c\u00e2\u0219tiga?<\/h2>\n<p>Nu exist\u0103 nicio limit\u0103. Ve\u021bi primi un procent din valoarea net\u0103 a v\u00e2nz\u0103rilor pe care le genera\u021bi. \u0218i pentru fiecare lun\u0103 \u00een care genera\u021bi comisioane mai mari, procentul dvs. va cre\u0219te. Citi\u021bi acest articol pentru mai multe detalii.<\/p>\n<h2>Ce este un link de afiliere?<\/h2>\n<p>Un link de afiliere este un link care con\u021bine un tracker &#8211; un identificator dedicat conectat numai la contul dvs. de afiliat. \u00cencorpora\u021bi aceste linkuri pe site-ul dvs. web. Apoi, unul dintre vizitatorii site-ului dvs. web face clic pe el \u0219i efectueaz\u0103 o achizi\u021bie pe RedFoxLotto.com. Sistemul nostru de afiliere, prin intermediul acelui cod de tracker, identific\u0103 acel client nou ca fiind un client adus de dvs. Ve\u021bi primi o comision pentru aceast\u0103 v\u00e2nzare. Orice achizi\u021bie viitoare efectuat\u0103 de acel client va genera, de asemenea, un alt comision pentru dvs.<\/p>\n<p>De fiecare dat\u0103 c\u00e2nd un client viziteaz\u0103 site-ul nostru f\u0103c\u00e2nd clic pe unul dintre linkurile dvs. de afiliat, pe dispozitivul s\u0103u este generat un cookie. Acest lucru garanteaz\u0103 c\u0103, dac\u0103 nu efectueaz\u0103 o achizi\u021bie la prima vizit\u0103, dar revine mai t\u00e2rziu pentru a cump\u0103ra bilete de loterie, va fi totu\u0219i identificat ca fiind \u201ev\u00e2nzarea dvs.\u201d.<\/p>\n<h2>Cum r\u0103m\u00e2ne cu conectarea la contul de afiliat?<\/h2>\n<p>Dup\u0103 ce v-a\u021bi \u00eenregistrat aici, pe site-ul nostru, vom verifica \u00eenregistrarea dvs. Odat\u0103 ce acest lucru este f\u0103cut, vom crea un cont de afiliat pentru dvs. Apoi, v\u0103 vom trimite un e-mail cu o adres\u0103 URL pentru a v\u0103 conecta la contul dvs. de afiliat, cu un nume de utilizator \u0219i o parol\u0103 temporar\u0103. Dup\u0103 ce v\u0103 conecta\u021bi la contul dvs. (backend-ul de afiliat), pute\u021bi schimba parola \u0219i verifica dac\u0103 toate datele dvs. personale sunt corecte.<\/p>\n<p>Ve\u021bi putea crea campanii cu linkuri de afiliere dedicate pentru diferite activit\u0103\u021bi de marketing. S\u0103 presupunem c\u0103 ave\u021bi mai multe site-uri web. \u00cen acest caz, ve\u021bi dori s\u0103 crea\u021bi o campanie pentru fiecare site web. Astfel, ve\u021bi putea vedea separat performan\u021ba fiec\u0103rui site web.<\/p>\n<p>\u00cen backend-ul de afiliere, pute\u021bi vedea \u0219i statisticile vizitatorilor \u0219i rapoartele privind comisioanele. Materialele de marketing pe care le pute\u021bi utiliza pentru a promova produsele noastre pot fi desc\u0103rcate de acolo.<\/p>\n<h2>Pl\u0103\u021bi de comisioane<\/h2>\n<p>\u00cen data de 15 a fiec\u0103rei luni, v\u0103 vom pl\u0103ti comisioanele c\u00e2\u0219tigate \u00een luna precedent\u0103. Skrill, Neteller \u0219i transferul bancar sunt metodele obi\u0219nuite, dar pot fi discutate \u0219i alte op\u021biuni.<\/p>\n","protected":false},"excerpt":{"rendered":"<p>Ce \u00eenseamn\u0103 afiliere? Afilierea este o strategie de marketing. Multe produse, servicii \u0219i site-uri web utilizeaz\u0103 afilia\u021bi pentru a-\u0219i comercializa produsele \u0219i serviciile. Fiecare afiliat al RedFoxLotto.com ne poate promova. Exist\u0103 cheltuieli sau costuri de \u00eenscriere? Nu. \u00censcrierea \u00een programul nostru de afiliere este complet gratuit\u0103. Singurele cheltuieli pe care<\/p>\n<p><a href=\"https:\/\/redfoxaffiliates.com\/ro\/intrebari-frecvente\/\" class=\"more-link\">Continue Reading<span class=\"screen-reader-text\">\u00centreb\u0103ri frecvente<\/span><\/a><\/p>\n","protected":false},"author":1,"featured_media":0,"parent":0,"menu_order":3,"comment_status":"closed","ping_status":"closed","template":"","meta":{"footnotes":""},"class_list":["post-317","page","type-page","status-publish","hentry"],"yoast_head":"<!-- This site is optimized with the Yoast SEO plugin v22.4 - https:\/\/yoast.com\/wordpress\/plugins\/seo\/ -->\n<title>\u00centreb\u0103ri frecvente despre afilierea pe pia\u021ba loteriei<\/title>\n<meta name=\"description\" content=\"G\u0103si\u021bi r\u0103spunsuri la \u00eentreb\u0103rile dvs. despre afilierea la loterie \u00een general \u0219i despre programul de afiliere RedFoxLotto \u00een special\" \/>\n<meta name=\"robots\" content=\"index, follow, max-snippet:-1, max-image-preview:large, max-video-preview:-1\" \/>\n<link rel=\"canonical\" href=\"https:\/\/redfoxaffiliates.com\/faq\/\" \/>\n<meta property=\"og:locale\" content=\"ro_RO\" \/>\n<meta property=\"og:type\" content=\"article\" \/>\n<meta property=\"og:title\" content=\"\u00centreb\u0103ri frecvente despre afilierea pe pia\u021ba loteriei\" \/>\n<meta property=\"og:description\" content=\"G\u0103si\u021bi r\u0103spunsuri la \u00eentreb\u0103rile dvs. despre afilierea la loterie \u00een general \u0219i despre programul de afiliere RedFoxLotto \u00een special\" \/>\n<meta property=\"og:url\" content=\"https:\/\/redfoxaffiliates.com\/faq\/\" \/>\n<meta property=\"og:site_name\" content=\"RedFoxLotto Affiliate Program\" \/>\n<meta name=\"twitter:card\" content=\"summary_large_image\" \/>\n<meta name=\"twitter:label1\" content=\"Timp estimat pentru citire\" \/>\n\t<meta name=\"twitter:data1\" content=\"3 minute\" \/>\n<script type=\"application\/ld+json\" class=\"yoast-schema-graph\">{\"@context\":\"https:\/\/schema.org\",\"@graph\":[{\"@type\":\"WebPage\",\"@id\":\"https:\/\/redfoxaffiliates.com\/faq\/\",\"url\":\"https:\/\/redfoxaffiliates.com\/faq\/\",\"name\":\"\u00centreb\u0103ri frecvente despre afilierea pe pia\u021ba loteriei\",\"isPartOf\":{\"@id\":\"https:\/\/redfoxaffiliates.com\/#website\"},\"datePublished\":\"2023-07-15T11:46:59+00:00\",\"dateModified\":\"2023-07-15T11:46:59+00:00\",\"description\":\"G\u0103si\u021bi r\u0103spunsuri la \u00eentreb\u0103rile dvs. despre afilierea la loterie \u00een general \u0219i despre programul de afiliere RedFoxLotto \u00een special\",\"breadcrumb\":{\"@id\":\"https:\/\/redfoxaffiliates.com\/faq\/#breadcrumb\"},\"inLanguage\":\"ro-RO\",\"potentialAction\":[{\"@type\":\"ReadAction\",\"target\":[\"https:\/\/redfoxaffiliates.com\/faq\/\"]}]},{\"@type\":\"BreadcrumbList\",\"@id\":\"https:\/\/redfoxaffiliates.com\/faq\/#breadcrumb\",\"itemListElement\":[{\"@type\":\"ListItem\",\"position\":1,\"name\":\"Home\",\"item\":\"https:\/\/redfoxaffiliates.com\/ro\/acasa\/\"},{\"@type\":\"ListItem\",\"position\":2,\"name\":\"\u00centreb\u0103ri frecvente\"}]},{\"@type\":\"WebSite\",\"@id\":\"https:\/\/redfoxaffiliates.com\/#website\",\"url\":\"https:\/\/redfoxaffiliates.com\/\",\"name\":\"RedFoxLotto Affiliate Program\",\"description\":\"The site for marketing partners of RedFoxLotto.com\",\"potentialAction\":[{\"@type\":\"SearchAction\",\"target\":{\"@type\":\"EntryPoint\",\"urlTemplate\":\"https:\/\/redfoxaffiliates.com\/?s={search_term_string}\"},\"query-input\":\"required name=search_term_string\"}],\"inLanguage\":\"ro-RO\"}]}<\/script>\n<!-- \/ Yoast SEO plugin. -->","yoast_head_json":{"title":"\u00centreb\u0103ri frecvente despre afilierea pe pia\u021ba loteriei","description":"G\u0103si\u021bi r\u0103spunsuri la \u00eentreb\u0103rile dvs. despre afilierea la loterie \u00een general \u0219i despre programul de afiliere RedFoxLotto \u00een special","robots":{"index":"index","follow":"follow","max-snippet":"max-snippet:-1","max-image-preview":"max-image-preview:large","max-video-preview":"max-video-preview:-1"},"canonical":"https:\/\/redfoxaffiliates.com\/faq\/","og_locale":"ro_RO","og_type":"article","og_title":"\u00centreb\u0103ri frecvente despre afilierea pe pia\u021ba loteriei","og_description":"G\u0103si\u021bi r\u0103spunsuri la \u00eentreb\u0103rile dvs. despre afilierea la loterie \u00een general \u0219i despre programul de afiliere RedFoxLotto \u00een special","og_url":"https:\/\/redfoxaffiliates.com\/faq\/","og_site_name":"RedFoxLotto Affiliate Program","twitter_card":"summary_large_image","twitter_misc":{"Timp estimat pentru citire":"3 minute"},"schema":{"@context":"https:\/\/schema.org","@graph":[{"@type":"WebPage","@id":"https:\/\/redfoxaffiliates.com\/faq\/","url":"https:\/\/redfoxaffiliates.com\/faq\/","name":"\u00centreb\u0103ri frecvente despre afilierea pe pia\u021ba loteriei","isPartOf":{"@id":"https:\/\/redfoxaffiliates.com\/#website"},"datePublished":"2023-07-15T11:46:59+00:00","dateModified":"2023-07-15T11:46:59+00:00","description":"G\u0103si\u021bi r\u0103spunsuri la \u00eentreb\u0103rile dvs. despre afilierea la loterie \u00een general \u0219i despre programul de afiliere RedFoxLotto \u00een special","breadcrumb":{"@id":"https:\/\/redfoxaffiliates.com\/faq\/#breadcrumb"},"inLanguage":"ro-RO","potentialAction":[{"@type":"ReadAction","target":["https:\/\/redfoxaffiliates.com\/faq\/"]}]},{"@type":"BreadcrumbList","@id":"https:\/\/redfoxaffiliates.com\/faq\/#breadcrumb","itemListElement":[{"@type":"ListItem","position":1,"name":"Home","item":"https:\/\/redfoxaffiliates.com\/ro\/acasa\/"},{"@type":"ListItem","position":2,"name":"\u00centreb\u0103ri frecvente"}]},{"@type":"WebSite","@id":"https:\/\/redfoxaffiliates.com\/#website","url":"https:\/\/redfoxaffiliates.com\/","name":"RedFoxLotto Affiliate Program","description":"The site for marketing partners of RedFoxLotto.com","potentialAction":[{"@type":"SearchAction","target":{"@type":"EntryPoint","urlTemplate":"https:\/\/redfoxaffiliates.com\/?s={search_term_string}"},"query-input":"required name=search_term_string"}],"inLanguage":"ro-RO"}]}},"_links":{"self":[{"href":"https:\/\/redfoxaffiliates.com\/ro\/wp-json\/wp\/v2\/pages\/317","targetHints":{"allow":["GET"]}}],"collection":[{"href":"https:\/\/redfoxaffiliates.com\/ro\/wp-json\/wp\/v2\/pages"}],"about":[{"href":"https:\/\/redfoxaffiliates.com\/ro\/wp-json\/wp\/v2\/types\/page"}],"author":[{"embeddable":true,"href":"https:\/\/redfoxaffiliates.com\/ro\/wp-json\/wp\/v2\/users\/1"}],"replies":[{"embeddable":true,"href":"https:\/\/redfoxaffiliates.com\/ro\/wp-json\/wp\/v2\/comments?post=317"}],"version-history":[{"count":0,"href":"https:\/\/redfoxaffiliates.com\/ro\/wp-json\/wp\/v2\/pages\/317\/revisions"}],"wp:attachment":[{"href":"https:\/\/redfoxaffiliates.com\/ro\/wp-json\/wp\/v2\/media?parent=317"}],"curies":[{"name":"wp","href":"https:\/\/api.w.org\/{rel}","templated":true}]}}