{"id":273,"date":"2023-07-15T13:37:01","date_gmt":"2023-07-15T11:37:01","guid":{"rendered":"https:\/\/redfoxaffiliates.com\/castigati-bani-prin-marketingul-afiliat\/"},"modified":"2023-07-15T13:37:01","modified_gmt":"2023-07-15T11:37:01","slug":"castigati-bani-prin-marketingul-afiliat","status":"publish","type":"page","link":"https:\/\/redfoxaffiliates.com\/ro\/castigati-bani-prin-marketingul-afiliat\/","title":{"rendered":"C\u00e2\u0219tiga\u021bi bani prin marketingul afiliat"},"content":{"rendered":"<h2>C\u00e2\u0219tiga\u021bi comisioane &#8211; c\u00e2\u0219tiga\u021bi bani promov\u00e2nd RedFoxLotto ca afiliat al nostru.<\/h2>\n<p>Orice client pe care \u00eel aduce\u021bi va fi clientul dvs. pe via\u021b\u0103. Nu exist\u0103 limit\u0103 de timp pentru comisioanele pe care le c\u00e2\u0219tiga\u021bi de la un client generat de dvs. Clien\u021bii nu vor fi niciodat\u0103 dezactiva\u021bi din contul dvs. de afiliat. De aceea, programul nostru este cel mai bun program de afiliere din industria loteriei.<\/p>\n<p>Comisioanele dvs. vor fi pl\u0103tite pe baza \u00eemp\u0103r\u021birii veniturilor, ceea ce \u00eenseamn\u0103 c\u0103 volumul v\u00e2nz\u0103rilor de loterie generate de recomand\u0103rile dvs. online va determina c\u00e2\u0219tigurile dvs. din programul nostru de afiliere.<\/p>\n<p>Cele patru niveluri de comisioane de afiliere sunt:<br \/>\nv\u00e2nz\u0103ri brute sub 20.000,00 \u20ac: 8% din v\u00e2nz\u0103rile brute<br \/>\nv\u00e2nz\u0103ri brute \u00eentre 20.000,00 \u20ac \u0219i 50.000,00 \u20ac: 10 % din v\u00e2nz\u0103rile nete<br \/>\nv\u00e2nz\u0103ri brute peste 50.000,00 \u20ac: 12% din v\u00e2nz\u0103rile nete<\/p>\n<p>Procentul mai mare al comisiei se aplic\u0103 numai lunii \u00een care comisionul total generat dep\u0103\u0219e\u0219te suma specificat\u0103. Dac\u0103 comisionul este mai mic \u00een luna urm\u0103toare, se va aplica rata corespunz\u0103toare sumei curente a comisiei.<\/p>\n<h2>De ce nu CPA? De ce un acord de \u00eemp\u0103r\u021bire a veniturilor este cea mai bun\u0103 op\u021biune?<\/h2>\n<p>Dac\u0103 nu sunte\u021bi familiarizat cu termenul CPA, acesta \u00eenseamn\u0103 Cost Per Action (cost pe ac\u021biune): primi\u021bi o plat\u0103 unic\u0103 pentru fiecare client care efectueaz\u0103 prima sa achizi\u021bie online. Unele programe de afiliere pl\u0103tesc comisionul CPA numai dup\u0103 ce juc\u0103torul \u00eendepline\u0219te o cerin\u021b\u0103 minim\u0103 de cheltuieli.<\/p>\n<p>Acestea fiind spuse, modelul de comision CPA nu are sens \u00een aceast\u0103 industrie specific\u0103. \u00cen primul r\u00e2nd, durata de via\u021b\u0103 a unui prim deponent este mult mai lung\u0103 dec\u00e2t \u00een orice alt\u0103 vertical\u0103 de jocuri de noroc online. Juc\u0103torii la loterie cump\u0103r\u0103 de obicei bilete de loterie pe tot parcursul vie\u021bii. \u00cen al doilea r\u00e2nd, cei mai buni clien\u021bi ai no\u0219tri cump\u0103r\u0103 bilete de loterie online \u00een valoare de sute de euro \u00eentr-o singur\u0103 tranzac\u021bie. Acest lucru se \u00eent\u00e2mpl\u0103 mai des c\u00e2nd jackpoturile sunt foarte mari, iar acesta este unul dintre motivele pentru care, pe termen lung, ve\u021bi c\u00e2\u0219tiga mai mul\u021bi bani cu un program de afiliere care pl\u0103te\u0219te pe baza cotei de venituri.<\/p>\n<p>\u00cen general, \u00een industria loteriei, cel mai bun lucru pe care \u00eel pute\u021bi face este s\u0103 promova\u021bi un program de parteneriat cu un acord procentual pe via\u021b\u0103. Cu toate acestea, \u00een cazuri excep\u021bionale, dup\u0103 ce a\u021bi lucrat cu noi o perioad\u0103, se poate discuta un acord CPA pe baza performan\u021bei clien\u021bilor pe care i-a\u021bi adus.<\/p>\n<h2>Comision pentru subafilia\u021bi<\/h2>\n<p>Pentru fiecare subafiliat adus de dvs., ve\u021bi c\u00e2\u0219tiga 2% din valoarea brut\u0103 a v\u00e2nz\u0103rilor de loterie generate de acel afiliat.<\/p>\n","protected":false},"excerpt":{"rendered":"<p>C\u00e2\u0219tiga\u021bi comisioane &#8211; c\u00e2\u0219tiga\u021bi bani promov\u00e2nd RedFoxLotto ca afiliat al nostru. Orice client pe care \u00eel aduce\u021bi va fi clientul dvs. pe via\u021b\u0103. Nu exist\u0103 limit\u0103 de timp pentru comisioanele pe care le c\u00e2\u0219tiga\u021bi de la un client generat de dvs. Clien\u021bii nu vor fi niciodat\u0103 dezactiva\u021bi din contul dvs.<\/p>\n<p><a href=\"https:\/\/redfoxaffiliates.com\/ro\/castigati-bani-prin-marketingul-afiliat\/\" class=\"more-link\">Continue Reading<span class=\"screen-reader-text\">C\u00e2\u0219tiga\u021bi bani prin marketingul afiliat<\/span><\/a><\/p>\n","protected":false},"author":1,"featured_media":0,"parent":0,"menu_order":2,"comment_status":"closed","ping_status":"closed","template":"","meta":{"footnotes":""},"class_list":["post-273","page","type-page","status-publish","hentry"],"yoast_head":"<!-- This site is optimized with the Yoast SEO plugin v22.4 - https:\/\/yoast.com\/wordpress\/plugins\/seo\/ -->\n<title>Cum s\u0103 c\u00e2\u0219tiga\u021bi bani cu programul nostru de afiliere la loterie<\/title>\n<meta name=\"description\" content=\"Pentru fiecare recomandare, c\u00e2\u0219tiga\u021bi comision pe via\u021b\u0103 pentru toate achizi\u021biile lor. Arunca\u021bi o privire la c\u00e2t de mul\u021bi bani pute\u021bi c\u00e2\u0219tiga din programul nostru de afiliere\" \/>\n<meta name=\"robots\" content=\"index, follow, max-snippet:-1, max-image-preview:large, max-video-preview:-1\" \/>\n<link rel=\"canonical\" href=\"https:\/\/redfoxaffiliates.com\/make-money-with-our-lottery-affliate-program\/\" \/>\n<meta property=\"og:locale\" content=\"ro_RO\" \/>\n<meta property=\"og:type\" content=\"article\" \/>\n<meta property=\"og:title\" content=\"Cum s\u0103 c\u00e2\u0219tiga\u021bi bani cu programul nostru de afiliere la loterie\" \/>\n<meta property=\"og:description\" content=\"Pentru fiecare recomandare, c\u00e2\u0219tiga\u021bi comision pe via\u021b\u0103 pentru toate achizi\u021biile lor. Arunca\u021bi o privire la c\u00e2t de mul\u021bi bani pute\u021bi c\u00e2\u0219tiga din programul nostru de afiliere\" \/>\n<meta property=\"og:url\" content=\"https:\/\/redfoxaffiliates.com\/make-money-with-our-lottery-affliate-program\/\" \/>\n<meta property=\"og:site_name\" content=\"RedFoxLotto Affiliate Program\" \/>\n<meta name=\"twitter:card\" content=\"summary_large_image\" \/>\n<meta name=\"twitter:label1\" content=\"Timp estimat pentru citire\" \/>\n\t<meta name=\"twitter:data1\" content=\"2 minute\" \/>\n<script type=\"application\/ld+json\" class=\"yoast-schema-graph\">{\"@context\":\"https:\/\/schema.org\",\"@graph\":[{\"@type\":\"WebPage\",\"@id\":\"https:\/\/redfoxaffiliates.com\/make-money-with-our-lottery-affliate-program\/\",\"url\":\"https:\/\/redfoxaffiliates.com\/make-money-with-our-lottery-affliate-program\/\",\"name\":\"Cum s\u0103 c\u00e2\u0219tiga\u021bi bani cu programul nostru de afiliere la loterie\",\"isPartOf\":{\"@id\":\"https:\/\/redfoxaffiliates.com\/#website\"},\"datePublished\":\"2023-07-15T11:37:01+00:00\",\"dateModified\":\"2023-07-15T11:37:01+00:00\",\"description\":\"Pentru fiecare recomandare, c\u00e2\u0219tiga\u021bi comision pe via\u021b\u0103 pentru toate achizi\u021biile lor. Arunca\u021bi o privire la c\u00e2t de mul\u021bi bani pute\u021bi c\u00e2\u0219tiga din programul nostru de afiliere\",\"breadcrumb\":{\"@id\":\"https:\/\/redfoxaffiliates.com\/make-money-with-our-lottery-affliate-program\/#breadcrumb\"},\"inLanguage\":\"ro-RO\",\"potentialAction\":[{\"@type\":\"ReadAction\",\"target\":[\"https:\/\/redfoxaffiliates.com\/make-money-with-our-lottery-affliate-program\/\"]}]},{\"@type\":\"BreadcrumbList\",\"@id\":\"https:\/\/redfoxaffiliates.com\/make-money-with-our-lottery-affliate-program\/#breadcrumb\",\"itemListElement\":[{\"@type\":\"ListItem\",\"position\":1,\"name\":\"Home\",\"item\":\"https:\/\/redfoxaffiliates.com\/ro\/acasa\/\"},{\"@type\":\"ListItem\",\"position\":2,\"name\":\"C\u00e2\u0219tiga\u021bi bani prin marketingul afiliat\"}]},{\"@type\":\"WebSite\",\"@id\":\"https:\/\/redfoxaffiliates.com\/#website\",\"url\":\"https:\/\/redfoxaffiliates.com\/\",\"name\":\"RedFoxLotto Affiliate Program\",\"description\":\"The site for marketing partners of RedFoxLotto.com\",\"potentialAction\":[{\"@type\":\"SearchAction\",\"target\":{\"@type\":\"EntryPoint\",\"urlTemplate\":\"https:\/\/redfoxaffiliates.com\/?s={search_term_string}\"},\"query-input\":\"required name=search_term_string\"}],\"inLanguage\":\"ro-RO\"}]}<\/script>\n<!-- \/ Yoast SEO plugin. -->","yoast_head_json":{"title":"Cum s\u0103 c\u00e2\u0219tiga\u021bi bani cu programul nostru de afiliere la loterie","description":"Pentru fiecare recomandare, c\u00e2\u0219tiga\u021bi comision pe via\u021b\u0103 pentru toate achizi\u021biile lor. Arunca\u021bi o privire la c\u00e2t de mul\u021bi bani pute\u021bi c\u00e2\u0219tiga din programul nostru de afiliere","robots":{"index":"index","follow":"follow","max-snippet":"max-snippet:-1","max-image-preview":"max-image-preview:large","max-video-preview":"max-video-preview:-1"},"canonical":"https:\/\/redfoxaffiliates.com\/make-money-with-our-lottery-affliate-program\/","og_locale":"ro_RO","og_type":"article","og_title":"Cum s\u0103 c\u00e2\u0219tiga\u021bi bani cu programul nostru de afiliere la loterie","og_description":"Pentru fiecare recomandare, c\u00e2\u0219tiga\u021bi comision pe via\u021b\u0103 pentru toate achizi\u021biile lor. Arunca\u021bi o privire la c\u00e2t de mul\u021bi bani pute\u021bi c\u00e2\u0219tiga din programul nostru de afiliere","og_url":"https:\/\/redfoxaffiliates.com\/make-money-with-our-lottery-affliate-program\/","og_site_name":"RedFoxLotto Affiliate Program","twitter_card":"summary_large_image","twitter_misc":{"Timp estimat pentru citire":"2 minute"},"schema":{"@context":"https:\/\/schema.org","@graph":[{"@type":"WebPage","@id":"https:\/\/redfoxaffiliates.com\/make-money-with-our-lottery-affliate-program\/","url":"https:\/\/redfoxaffiliates.com\/make-money-with-our-lottery-affliate-program\/","name":"Cum s\u0103 c\u00e2\u0219tiga\u021bi bani cu programul nostru de afiliere la loterie","isPartOf":{"@id":"https:\/\/redfoxaffiliates.com\/#website"},"datePublished":"2023-07-15T11:37:01+00:00","dateModified":"2023-07-15T11:37:01+00:00","description":"Pentru fiecare recomandare, c\u00e2\u0219tiga\u021bi comision pe via\u021b\u0103 pentru toate achizi\u021biile lor. Arunca\u021bi o privire la c\u00e2t de mul\u021bi bani pute\u021bi c\u00e2\u0219tiga din programul nostru de afiliere","breadcrumb":{"@id":"https:\/\/redfoxaffiliates.com\/make-money-with-our-lottery-affliate-program\/#breadcrumb"},"inLanguage":"ro-RO","potentialAction":[{"@type":"ReadAction","target":["https:\/\/redfoxaffiliates.com\/make-money-with-our-lottery-affliate-program\/"]}]},{"@type":"BreadcrumbList","@id":"https:\/\/redfoxaffiliates.com\/make-money-with-our-lottery-affliate-program\/#breadcrumb","itemListElement":[{"@type":"ListItem","position":1,"name":"Home","item":"https:\/\/redfoxaffiliates.com\/ro\/acasa\/"},{"@type":"ListItem","position":2,"name":"C\u00e2\u0219tiga\u021bi bani prin marketingul afiliat"}]},{"@type":"WebSite","@id":"https:\/\/redfoxaffiliates.com\/#website","url":"https:\/\/redfoxaffiliates.com\/","name":"RedFoxLotto Affiliate Program","description":"The site for marketing partners of RedFoxLotto.com","potentialAction":[{"@type":"SearchAction","target":{"@type":"EntryPoint","urlTemplate":"https:\/\/redfoxaffiliates.com\/?s={search_term_string}"},"query-input":"required name=search_term_string"}],"inLanguage":"ro-RO"}]}},"_links":{"self":[{"href":"https:\/\/redfoxaffiliates.com\/ro\/wp-json\/wp\/v2\/pages\/273","targetHints":{"allow":["GET"]}}],"collection":[{"href":"https:\/\/redfoxaffiliates.com\/ro\/wp-json\/wp\/v2\/pages"}],"about":[{"href":"https:\/\/redfoxaffiliates.com\/ro\/wp-json\/wp\/v2\/types\/page"}],"author":[{"embeddable":true,"href":"https:\/\/redfoxaffiliates.com\/ro\/wp-json\/wp\/v2\/users\/1"}],"replies":[{"embeddable":true,"href":"https:\/\/redfoxaffiliates.com\/ro\/wp-json\/wp\/v2\/comments?post=273"}],"version-history":[{"count":0,"href":"https:\/\/redfoxaffiliates.com\/ro\/wp-json\/wp\/v2\/pages\/273\/revisions"}],"wp:attachment":[{"href":"https:\/\/redfoxaffiliates.com\/ro\/wp-json\/wp\/v2\/media?parent=273"}],"curies":[{"name":"wp","href":"https:\/\/api.w.org\/{rel}","templated":true}]}}