{"id":253,"date":"2023-07-15T13:33:10","date_gmt":"2023-07-15T11:33:10","guid":{"rendered":"https:\/\/redfoxaffiliates.com\/de-ce-sa-devii-afiliat-la-loterie\/"},"modified":"2023-07-15T13:33:10","modified_gmt":"2023-07-15T11:33:10","slug":"de-ce-sa-devii-afiliat-la-loterie","status":"publish","type":"page","link":"https:\/\/redfoxaffiliates.com\/ro\/de-ce-sa-devii-afiliat-la-loterie\/","title":{"rendered":"De ce s\u0103 devii afiliat la loterie?"},"content":{"rendered":"<h2>Care este produsul nostru?<\/h2>\n<p>RedFoxLotto vinde bilete de loterie online. Oferim clien\u021bilor din \u00eentreaga lume posibilitatea de a participa la loterii cu jackpoturi uria\u0219e, precum Mega Millions \u0219i Powerball din SUA, \u0219i la marile loterii europene, precum EuroMillions, EuroJackpot \u0219i SuperEnalotto.<\/p>\n<p>Prin intermediul nostru, clien\u021bii pot achizi\u021biona bilete pentru loterii din alte \u021b\u0103ri dec\u00e2t cea \u00een care locuiesc. Pentru a face acest lucru posibil, colabor\u0103m cu mai mul\u021bi agen\u021bi afla\u021bi \u00een \u021b\u0103rile \u00een care se organizeaz\u0103 loteriile. Odat\u0103 ce un bilet este comandat online, unul dintre agen\u021bii no\u0219tri \u00eel achizi\u021bioneaz\u0103 pentru clien\u021bii no\u0219tri. Dup\u0103 ce acest lucru este f\u0103cut, confirm\u0103m achizi\u021bia clientului nostru. Ori de c\u00e2te ori un bilet este achizi\u021bionat prin intermediul nostru, proces\u0103m \u0219i pl\u0103\u021bile c\u0103tre clien\u021bii no\u0219tri.<\/p>\n<p>Poate a\u021bi auzit termenul \u201epia\u021ba secundar\u0103 a loteriei\u201d &#8211; acesta este termenul pentru aceast\u0103 pia\u021b\u0103. Fiind o industrie de miliarde de dolari, loteria nu se limiteaz\u0103 la ofertele locale (dac\u0103 exist\u0103 chiar o loterie \u00een \u021bara lor de re\u0219edin\u021b\u0103). Cererea pentru serviciul nostru de bilete este foarte mare. Mai ales c\u00e2nd \u0219tirile despre unele jackpoturi care ating sume enorme fac titlurile \u00een \u00eentreaga lume, biletele online \u201ese v\u00e2nd ca p\u00e2inea cald\u0103\u201d, ca s\u0103 spunem a\u0219a.<\/p>\n<h2>Motive pentru a promova RedFoxLotto<\/h2>\n<h3>Conversii excelente<\/h3>\n<p>Site-ul nostru, https:\/\/redfoxlotto.com, a fost optimizat pentru a face procesul de achizi\u021bie c\u00e2t mai simplu posibil. Acest lucru este important pentru a garanta o rat\u0103 de conversie ridicat\u0103. Cu c\u00e2t convertim mai bine traficul dvs., cu at\u00e2t ve\u021bi c\u00e2\u0219tiga mai mul\u021bi bani.<\/p>\n<h2>Reten\u021bie excelent\u0103 a clien\u021bilor<\/h2>\n<p>Valoarea pe durata de via\u021b\u0103 a clien\u021bilor este unul dintre cele mai bune aspecte ale acestei industrii. Un procent ridicat dintre clien\u021bii no\u0219tri revin \u0219i cump\u0103r\u0103 mai multe bilete s\u0103pt\u0103m\u00e2n\u0103 dup\u0103 s\u0103pt\u0103m\u00e2n\u0103, ani de zile!<\/p>\n<h2>O varietate de procesatori de pl\u0103\u021bi este la fel de important\u0103<\/h2>\n<p>Ne str\u0103duim s\u0103 oferim o gam\u0103 larg\u0103 de op\u021biuni aici. Acest lucru este important pentru a ne asigura c\u0103 vizitatorii din orice \u021bar\u0103 pot pl\u0103ti cu u\u0219urin\u021b\u0103 biletele. Cu toate acestea, pl\u0103\u021bile cu cardul de credit reprezint\u0103 \u00een continuare cea mai mare parte a v\u00e2nz\u0103rilor. Dar op\u021biuni precum Bitcoin \u0219i eWallets devin din ce \u00een ce mai importante.<\/p>\n<p>Ne-am angajat s\u0103 derul\u0103m un program de afiliere onest \u0219i etic. Majoritatea programelor din aceast\u0103 industrie sunt cunoscute pentru c\u0103 \u00ee\u0219i \u00een\u0219eal\u0103 afilia\u021bii \u00eentr-un fel sau altul. Un fost afiliat a \u00eenfiin\u021bat marca RedFoxLotto. Acela\u0219i fost afiliat este responsabil de programul de afiliere. V\u0103 rug\u0103m s\u0103 citi\u021bi articolul nostru despre afiliere \u0219i etic\u0103 &#8211; v\u0103 va ajuta s\u0103 \u00een\u021belege\u021bi mai bine de unde venim.<\/p>\n<h2>Rate de comision peste standardul industriei<\/h2>\n<p>C\u00e2\u0219tiga\u021bi p\u00e2n\u0103 la 12% din valoarea brut\u0103 a v\u00e2nz\u0103rilor generate de recomand\u0103rile dvs.<\/p>\n<h2>Afilieri de nivel secundar<\/h2>\n<p>Asta \u00eenseamn\u0103 c\u0103, dac\u0103 aduce\u021bi sub-afilia\u021bi suplimentari, ve\u021bi c\u00e2\u0219tiga \u0219i o comision de 2% din v\u00e2nz\u0103rile generate de recomand\u0103rile acestora.<\/p>\n<h2>Plata punctual\u0103 a comisioanelor<\/h2>\n<p>V\u0103 pl\u0103tim comisioanele pentru luna precedent\u0103 \u00een data de 15 a lunii urm\u0103toare. Pute\u021bi alege dintre mai multe op\u021biuni de plat\u0103.<\/p>\n<h2>Cine poate deveni afiliat \u0219i cum ne pute\u021bi promova?<\/h2>\n<p>Ei bine, literalmente oricine! Poate ave\u021bi un site web legat de loterie. Dac\u0103 este cazul, rata de conversie va fi ridicat\u0103, deoarece produsul nostru rezoneaz\u0103 cu publicul dvs.<\/p>\n<p>Sau ave\u021bi un site web pe o alt\u0103 tem\u0103 \u0219i c\u0103uta\u021bi modalit\u0103\u021bi de a monetiza traficul. Toat\u0103 lumea iube\u0219te s\u0103 joace la loterie, iar c\u00e2\u0219tigurile dvs. vor depinde \u00een mare parte de traficul site-ului dvs. web.<\/p>\n<p>Listele de e-mailuri sunt un instrument excelent pentru a genera clien\u021bi noi. Nu toler\u0103m spamul, a\u0219a c\u0103 v\u0103 rug\u0103m s\u0103 v\u0103 asigura\u021bi c\u0103 lista dvs. de e-mailuri con\u021bine numai contacte care au optat s\u0103 primeasc\u0103 e-mailurile dvs. de marketing.<\/p>\n<p>Unii dintre afilia\u021bii no\u0219tri folosesc strategii offline pentru a ne promova. Ei \u0219i-au construit propriul site web de loterie cu linkuri de afiliere care direc\u021bioneaz\u0103 c\u0103tre RedFoxLotto.com. Apoi distribuie flutura\u0219i, c\u0103r\u021bi de vizit\u0103 \u0219i alte materiale de marketing care promoveaz\u0103 site-ul lor web, gener\u00e2nd astfel trafic \u0219i, \u00een cele din urm\u0103, v\u00e2nz\u0103ri pe RedFoxLotto.com.<\/p>\n","protected":false},"excerpt":{"rendered":"<p>Care este produsul nostru? RedFoxLotto vinde bilete de loterie online. Oferim clien\u021bilor din \u00eentreaga lume posibilitatea de a participa la loterii cu jackpoturi uria\u0219e, precum Mega Millions \u0219i Powerball din SUA, \u0219i la marile loterii europene, precum EuroMillions, EuroJackpot \u0219i SuperEnalotto. Prin intermediul nostru, clien\u021bii pot achizi\u021biona bilete pentru loterii<\/p>\n<p><a href=\"https:\/\/redfoxaffiliates.com\/ro\/de-ce-sa-devii-afiliat-la-loterie\/\" class=\"more-link\">Continue Reading<span class=\"screen-reader-text\">De ce s\u0103 devii afiliat la loterie?<\/span><\/a><\/p>\n","protected":false},"author":1,"featured_media":0,"parent":0,"menu_order":1,"comment_status":"closed","ping_status":"closed","template":"","meta":{"footnotes":""},"class_list":["post-253","page","type-page","status-publish","hentry"],"yoast_head":"<!-- This site is optimized with the Yoast SEO plugin v22.4 - https:\/\/yoast.com\/wordpress\/plugins\/seo\/ -->\n<title>De ce s\u0103 v\u0103 al\u0103tura\u021bi programului de afiliere RedFoxLotto?<\/title>\n<meta name=\"description\" content=\"Motive pentru a v\u0103 al\u0103tura nou\u0103 \u0219i a deveni afiliat \u0219i partener de v\u00e2nz\u0103ri RedFoxLotto. C\u00e2\u0219tiga\u021bi comisioane pe fiecare v\u00e2nzare realizat\u0103 de clien\u021bii recomanda\u021bi de dvs. pe via\u021b\u0103!\" \/>\n<meta name=\"robots\" content=\"index, follow, max-snippet:-1, max-image-preview:large, max-video-preview:-1\" \/>\n<link rel=\"canonical\" href=\"https:\/\/redfoxaffiliates.com\/why-become-a-lottery-affiliate\/\" \/>\n<meta property=\"og:locale\" content=\"ro_RO\" \/>\n<meta property=\"og:type\" content=\"article\" \/>\n<meta property=\"og:title\" content=\"De ce s\u0103 v\u0103 al\u0103tura\u021bi programului de afiliere RedFoxLotto?\" \/>\n<meta property=\"og:description\" content=\"Motive pentru a v\u0103 al\u0103tura nou\u0103 \u0219i a deveni afiliat \u0219i partener de v\u00e2nz\u0103ri RedFoxLotto. C\u00e2\u0219tiga\u021bi comisioane pe fiecare v\u00e2nzare realizat\u0103 de clien\u021bii recomanda\u021bi de dvs. pe via\u021b\u0103!\" \/>\n<meta property=\"og:url\" content=\"https:\/\/redfoxaffiliates.com\/why-become-a-lottery-affiliate\/\" \/>\n<meta property=\"og:site_name\" content=\"RedFoxLotto Affiliate Program\" \/>\n<meta name=\"twitter:card\" content=\"summary_large_image\" \/>\n<meta name=\"twitter:label1\" content=\"Timp estimat pentru citire\" \/>\n\t<meta name=\"twitter:data1\" content=\"4 minute\" \/>\n<script type=\"application\/ld+json\" class=\"yoast-schema-graph\">{\"@context\":\"https:\/\/schema.org\",\"@graph\":[{\"@type\":\"WebPage\",\"@id\":\"https:\/\/redfoxaffiliates.com\/why-become-a-lottery-affiliate\/\",\"url\":\"https:\/\/redfoxaffiliates.com\/why-become-a-lottery-affiliate\/\",\"name\":\"De ce s\u0103 v\u0103 al\u0103tura\u021bi programului de afiliere RedFoxLotto?\",\"isPartOf\":{\"@id\":\"https:\/\/redfoxaffiliates.com\/#website\"},\"datePublished\":\"2023-07-15T11:33:10+00:00\",\"dateModified\":\"2023-07-15T11:33:10+00:00\",\"description\":\"Motive pentru a v\u0103 al\u0103tura nou\u0103 \u0219i a deveni afiliat \u0219i partener de v\u00e2nz\u0103ri RedFoxLotto. C\u00e2\u0219tiga\u021bi comisioane pe fiecare v\u00e2nzare realizat\u0103 de clien\u021bii recomanda\u021bi de dvs. pe via\u021b\u0103!\",\"breadcrumb\":{\"@id\":\"https:\/\/redfoxaffiliates.com\/why-become-a-lottery-affiliate\/#breadcrumb\"},\"inLanguage\":\"ro-RO\",\"potentialAction\":[{\"@type\":\"ReadAction\",\"target\":[\"https:\/\/redfoxaffiliates.com\/why-become-a-lottery-affiliate\/\"]}]},{\"@type\":\"BreadcrumbList\",\"@id\":\"https:\/\/redfoxaffiliates.com\/why-become-a-lottery-affiliate\/#breadcrumb\",\"itemListElement\":[{\"@type\":\"ListItem\",\"position\":1,\"name\":\"Home\",\"item\":\"https:\/\/redfoxaffiliates.com\/ro\/acasa\/\"},{\"@type\":\"ListItem\",\"position\":2,\"name\":\"De ce s\u0103 devii afiliat la loterie?\"}]},{\"@type\":\"WebSite\",\"@id\":\"https:\/\/redfoxaffiliates.com\/#website\",\"url\":\"https:\/\/redfoxaffiliates.com\/\",\"name\":\"RedFoxLotto Affiliate Program\",\"description\":\"The site for marketing partners of RedFoxLotto.com\",\"potentialAction\":[{\"@type\":\"SearchAction\",\"target\":{\"@type\":\"EntryPoint\",\"urlTemplate\":\"https:\/\/redfoxaffiliates.com\/?s={search_term_string}\"},\"query-input\":\"required name=search_term_string\"}],\"inLanguage\":\"ro-RO\"}]}<\/script>\n<!-- \/ Yoast SEO plugin. -->","yoast_head_json":{"title":"De ce s\u0103 v\u0103 al\u0103tura\u021bi programului de afiliere RedFoxLotto?","description":"Motive pentru a v\u0103 al\u0103tura nou\u0103 \u0219i a deveni afiliat \u0219i partener de v\u00e2nz\u0103ri RedFoxLotto. C\u00e2\u0219tiga\u021bi comisioane pe fiecare v\u00e2nzare realizat\u0103 de clien\u021bii recomanda\u021bi de dvs. pe via\u021b\u0103!","robots":{"index":"index","follow":"follow","max-snippet":"max-snippet:-1","max-image-preview":"max-image-preview:large","max-video-preview":"max-video-preview:-1"},"canonical":"https:\/\/redfoxaffiliates.com\/why-become-a-lottery-affiliate\/","og_locale":"ro_RO","og_type":"article","og_title":"De ce s\u0103 v\u0103 al\u0103tura\u021bi programului de afiliere RedFoxLotto?","og_description":"Motive pentru a v\u0103 al\u0103tura nou\u0103 \u0219i a deveni afiliat \u0219i partener de v\u00e2nz\u0103ri RedFoxLotto. C\u00e2\u0219tiga\u021bi comisioane pe fiecare v\u00e2nzare realizat\u0103 de clien\u021bii recomanda\u021bi de dvs. pe via\u021b\u0103!","og_url":"https:\/\/redfoxaffiliates.com\/why-become-a-lottery-affiliate\/","og_site_name":"RedFoxLotto Affiliate Program","twitter_card":"summary_large_image","twitter_misc":{"Timp estimat pentru citire":"4 minute"},"schema":{"@context":"https:\/\/schema.org","@graph":[{"@type":"WebPage","@id":"https:\/\/redfoxaffiliates.com\/why-become-a-lottery-affiliate\/","url":"https:\/\/redfoxaffiliates.com\/why-become-a-lottery-affiliate\/","name":"De ce s\u0103 v\u0103 al\u0103tura\u021bi programului de afiliere RedFoxLotto?","isPartOf":{"@id":"https:\/\/redfoxaffiliates.com\/#website"},"datePublished":"2023-07-15T11:33:10+00:00","dateModified":"2023-07-15T11:33:10+00:00","description":"Motive pentru a v\u0103 al\u0103tura nou\u0103 \u0219i a deveni afiliat \u0219i partener de v\u00e2nz\u0103ri RedFoxLotto. C\u00e2\u0219tiga\u021bi comisioane pe fiecare v\u00e2nzare realizat\u0103 de clien\u021bii recomanda\u021bi de dvs. pe via\u021b\u0103!","breadcrumb":{"@id":"https:\/\/redfoxaffiliates.com\/why-become-a-lottery-affiliate\/#breadcrumb"},"inLanguage":"ro-RO","potentialAction":[{"@type":"ReadAction","target":["https:\/\/redfoxaffiliates.com\/why-become-a-lottery-affiliate\/"]}]},{"@type":"BreadcrumbList","@id":"https:\/\/redfoxaffiliates.com\/why-become-a-lottery-affiliate\/#breadcrumb","itemListElement":[{"@type":"ListItem","position":1,"name":"Home","item":"https:\/\/redfoxaffiliates.com\/ro\/acasa\/"},{"@type":"ListItem","position":2,"name":"De ce s\u0103 devii afiliat la loterie?"}]},{"@type":"WebSite","@id":"https:\/\/redfoxaffiliates.com\/#website","url":"https:\/\/redfoxaffiliates.com\/","name":"RedFoxLotto Affiliate Program","description":"The site for marketing partners of RedFoxLotto.com","potentialAction":[{"@type":"SearchAction","target":{"@type":"EntryPoint","urlTemplate":"https:\/\/redfoxaffiliates.com\/?s={search_term_string}"},"query-input":"required name=search_term_string"}],"inLanguage":"ro-RO"}]}},"_links":{"self":[{"href":"https:\/\/redfoxaffiliates.com\/ro\/wp-json\/wp\/v2\/pages\/253","targetHints":{"allow":["GET"]}}],"collection":[{"href":"https:\/\/redfoxaffiliates.com\/ro\/wp-json\/wp\/v2\/pages"}],"about":[{"href":"https:\/\/redfoxaffiliates.com\/ro\/wp-json\/wp\/v2\/types\/page"}],"author":[{"embeddable":true,"href":"https:\/\/redfoxaffiliates.com\/ro\/wp-json\/wp\/v2\/users\/1"}],"replies":[{"embeddable":true,"href":"https:\/\/redfoxaffiliates.com\/ro\/wp-json\/wp\/v2\/comments?post=253"}],"version-history":[{"count":0,"href":"https:\/\/redfoxaffiliates.com\/ro\/wp-json\/wp\/v2\/pages\/253\/revisions"}],"wp:attachment":[{"href":"https:\/\/redfoxaffiliates.com\/ro\/wp-json\/wp\/v2\/media?parent=253"}],"curies":[{"name":"wp","href":"https:\/\/api.w.org\/{rel}","templated":true}]}}