{"id":159,"date":"2023-07-15T08:09:36","date_gmt":"2023-07-15T06:09:36","guid":{"rendered":"https:\/\/redfoxaffiliates.com\/acasa\/"},"modified":"2026-01-03T10:23:02","modified_gmt":"2026-01-03T09:23:02","slug":"acasa","status":"publish","type":"page","link":"https:\/\/redfoxaffiliates.com\/ro\/","title":{"rendered":"Acas\u0103"},"content":{"rendered":"&#13;\n<p>RedFoxAffiliates.com este programul de afiliere pentru RedFoxLotto.com. RedFoxLotto este un serviciu de curierat pentru bilete de loterie. Prin intermediul site-ului web RedFoxLotto.com, fanii loteriei din \u00eentreaga lume pot comanda bilete reale pentru un num\u0103r mare de loterii interna\u021bionale.<\/p>&#13;\n<h2>Pute\u021bi genera trafic?<\/h2>&#13;\n<p>Dac\u0103 pute\u021bi genera trafic (noi clien\u021bi poten\u021biali) c\u0103tre site-ul nostru web, ve\u021bi c\u00e2\u0219tiga comisioane. Voi ne trimite\u021bi trafic, iar noi \u00eel convertim. Mai mult trafic \u00eenseamn\u0103 mai mul\u021bi clien\u021bi pl\u0103titori \u0219i comisioane mai mari pentru dvs.&#13;\n<\/p>&#13;\n<h2>Serviciul nostru de bilete de loterie este produsul ideal pentru promovare online<\/h2>&#13;\n<p>Este un produs simplu, cunoscut de toat\u0103 lumea. Jackpoturile uria\u0219e genereaz\u0103 un interes semnificativ din partea publicului global.&#13;\n<\/p>&#13;\n<h2>Conversie u\u0219oar\u0103 &#8211; de la vizitator la client<\/h2>&#13;\n<p>Achizi\u021bionarea biletelor online prin intermediul site-ului nostru este c\u00e2t se poate de u\u0219oar\u0103. \u00cenregistrarea pe redfoxlotto.com dureaz\u0103 c\u00e2teva secunde, iar comandarea unui bilet \u0219i plata online sunt la fel de rapide \u0219i simple. Tu ne trimi\u021bi vizitatorii, iar noi \u00eei convertim.&#13;\n<\/p>&#13;\n<h2>Clien\u021bii no\u0219tri sunt loiali &#8211; revin \u0219i cump\u0103r\u0103 mai multe bilete pentru o lung\u0103 perioad\u0103 de timp.<\/h2>&#13;\n<p>Odat\u0103 ce vizitatorii dvs. fac prima achizi\u021bie, vor reveni pentru a cump\u0103ra bilete suplimentare. Mul\u021bi dintre clien\u021bii no\u0219tri sunt al\u0103turi de noi de zece ani sau chiar mai mult. Dac\u0103 ne recomanda\u021bi un client, este probabil s\u0103 c\u00e2\u0219tiga\u021bi comisioane din achizi\u021biile acelui client pentru mul\u021bi ani de acum \u00eenainte!&#13;\n<\/p>&#13;\n<p>\u00censcrie\u021bi-v\u0103 acum \u00een programul nostru de afiliere. \u00censcrierea este gratuit\u0103. Dac\u0103 ave\u021bi \u00eentreb\u0103ri, consulta\u021bi mai \u00eent\u00e2i pagina noastr\u0103 de \u00eentreb\u0103ri frecvente. Contacta\u021bi-ne dac\u0103 ave\u021bi \u00eentreb\u0103ri suplimentare.&#13;\n<\/p>&#13;\n<p>Urma\u021bi acest link pentru a v\u0103 \u00eenscrie \u00een programul nostru de afiliere. Dup\u0103 ce v-a\u021bi \u00eenregistrat, ve\u021bi primi un e-mail de la noi. Nu uita\u021bi s\u0103 da\u021bi clic pe linkul de confirmare din acel e-mail. \u00cenregistrarea dvs. va fi verificat\u0103, iar contul dvs. de afiliat va fi activat \u00een termen de 48 de ore.<\/p>&#13;\n<p>\u00a0<\/p>&#13;\n","protected":false},"excerpt":{"rendered":"<p>&#13; RedFoxAffiliates.com este programul de afiliere pentru RedFoxLotto.com. RedFoxLotto este un serviciu de curierat pentru bilete de loterie. Prin intermediul site-ului web RedFoxLotto.com, fanii loteriei din \u00eentreaga lume pot comanda bilete reale pentru un num\u0103r mare de loterii interna\u021bionale. &#13; Pute\u021bi genera trafic? &#13; Dac\u0103 pute\u021bi genera trafic (noi clien\u021bi<\/p>\n<p><a href=\"https:\/\/redfoxaffiliates.com\/ro\/\" class=\"more-link\">Continue Reading<span class=\"screen-reader-text\">Acas\u0103<\/span><\/a><\/p>\n","protected":false},"author":1,"featured_media":0,"parent":0,"menu_order":0,"comment_status":"closed","ping_status":"closed","template":"","meta":{"footnotes":""},"class_list":["post-159","page","type-page","status-publish","hentry"],"yoast_head":"<!-- This site is optimized with the Yoast SEO plugin v22.4 - https:\/\/yoast.com\/wordpress\/plugins\/seo\/ -->\n<title>Programul de afiliere pentru RedFoxLotto.com<\/title>\n<meta name=\"description\" content=\"Programul nostru de afiliere permite partenerilor RedFoxLotto s\u0103 c\u00e2\u0219tige comisioane pentru recomand\u0103rile lor. Deveni\u021bi partener de v\u00e2nz\u0103ri \u0219i \u00eencepe\u021bi s\u0103 promova\u021bi serviciul nostru de bilete de loterie online chiar ast\u0103zi!\" \/>\n<meta name=\"robots\" content=\"index, follow, max-snippet:-1, max-image-preview:large, max-video-preview:-1\" \/>\n<link rel=\"canonical\" href=\"https:\/\/redfoxaffiliates.com\/ro\/acasa\/\" \/>\n<meta property=\"og:locale\" content=\"ro_RO\" \/>\n<meta property=\"og:type\" content=\"article\" \/>\n<meta property=\"og:title\" content=\"Programul de afiliere pentru RedFoxLotto.com\" \/>\n<meta property=\"og:description\" content=\"Programul nostru de afiliere permite partenerilor RedFoxLotto s\u0103 c\u00e2\u0219tige comisioane pentru recomand\u0103rile lor. Deveni\u021bi partener de v\u00e2nz\u0103ri \u0219i \u00eencepe\u021bi s\u0103 promova\u021bi serviciul nostru de bilete de loterie online chiar ast\u0103zi!\" \/>\n<meta property=\"og:url\" content=\"https:\/\/redfoxaffiliates.com\/ro\/acasa\/\" \/>\n<meta property=\"og:site_name\" content=\"RedFoxLotto Affiliate Program\" \/>\n<meta property=\"article:modified_time\" content=\"2026-01-03T09:23:02+00:00\" \/>\n<meta name=\"twitter:card\" content=\"summary_large_image\" \/>\n<meta name=\"twitter:label1\" content=\"Timp estimat pentru citire\" \/>\n\t<meta name=\"twitter:data1\" content=\"2 minute\" \/>\n<script type=\"application\/ld+json\" class=\"yoast-schema-graph\">{\"@context\":\"https:\/\/schema.org\",\"@graph\":[{\"@type\":\"WebPage\",\"@id\":\"https:\/\/redfoxaffiliates.com\/ro\/acasa\/\",\"url\":\"https:\/\/redfoxaffiliates.com\/ro\/acasa\/\",\"name\":\"Programul de afiliere pentru RedFoxLotto.com\",\"isPartOf\":{\"@id\":\"https:\/\/redfoxaffiliates.com\/#website\"},\"datePublished\":\"2023-07-15T06:09:36+00:00\",\"dateModified\":\"2026-01-03T09:23:02+00:00\",\"description\":\"Programul nostru de afiliere permite partenerilor RedFoxLotto s\u0103 c\u00e2\u0219tige comisioane pentru recomand\u0103rile lor. Deveni\u021bi partener de v\u00e2nz\u0103ri \u0219i \u00eencepe\u021bi s\u0103 promova\u021bi serviciul nostru de bilete de loterie online chiar ast\u0103zi!\",\"breadcrumb\":{\"@id\":\"https:\/\/redfoxaffiliates.com\/ro\/acasa\/#breadcrumb\"},\"inLanguage\":\"ro-RO\",\"potentialAction\":[{\"@type\":\"ReadAction\",\"target\":[\"https:\/\/redfoxaffiliates.com\/ro\/acasa\/\"]}]},{\"@type\":\"BreadcrumbList\",\"@id\":\"https:\/\/redfoxaffiliates.com\/ro\/acasa\/#breadcrumb\",\"itemListElement\":[{\"@type\":\"ListItem\",\"position\":1,\"name\":\"Home\",\"item\":\"https:\/\/redfoxaffiliates.com\/ro\/acasa\/\"},{\"@type\":\"ListItem\",\"position\":2,\"name\":\"Acas\u0103\"}]},{\"@type\":\"WebSite\",\"@id\":\"https:\/\/redfoxaffiliates.com\/#website\",\"url\":\"https:\/\/redfoxaffiliates.com\/\",\"name\":\"RedFoxLotto Affiliate Program\",\"description\":\"The site for marketing partners of RedFoxLotto.com\",\"potentialAction\":[{\"@type\":\"SearchAction\",\"target\":{\"@type\":\"EntryPoint\",\"urlTemplate\":\"https:\/\/redfoxaffiliates.com\/?s={search_term_string}\"},\"query-input\":\"required name=search_term_string\"}],\"inLanguage\":\"ro-RO\"}]}<\/script>\n<!-- \/ Yoast SEO plugin. -->","yoast_head_json":{"title":"Programul de afiliere pentru RedFoxLotto.com","description":"Programul nostru de afiliere permite partenerilor RedFoxLotto s\u0103 c\u00e2\u0219tige comisioane pentru recomand\u0103rile lor. Deveni\u021bi partener de v\u00e2nz\u0103ri \u0219i \u00eencepe\u021bi s\u0103 promova\u021bi serviciul nostru de bilete de loterie online chiar ast\u0103zi!","robots":{"index":"index","follow":"follow","max-snippet":"max-snippet:-1","max-image-preview":"max-image-preview:large","max-video-preview":"max-video-preview:-1"},"canonical":"https:\/\/redfoxaffiliates.com\/ro\/acasa\/","og_locale":"ro_RO","og_type":"article","og_title":"Programul de afiliere pentru RedFoxLotto.com","og_description":"Programul nostru de afiliere permite partenerilor RedFoxLotto s\u0103 c\u00e2\u0219tige comisioane pentru recomand\u0103rile lor. Deveni\u021bi partener de v\u00e2nz\u0103ri \u0219i \u00eencepe\u021bi s\u0103 promova\u021bi serviciul nostru de bilete de loterie online chiar ast\u0103zi!","og_url":"https:\/\/redfoxaffiliates.com\/ro\/acasa\/","og_site_name":"RedFoxLotto Affiliate Program","article_modified_time":"2026-01-03T09:23:02+00:00","twitter_card":"summary_large_image","twitter_misc":{"Timp estimat pentru citire":"2 minute"},"schema":{"@context":"https:\/\/schema.org","@graph":[{"@type":"WebPage","@id":"https:\/\/redfoxaffiliates.com\/ro\/acasa\/","url":"https:\/\/redfoxaffiliates.com\/ro\/acasa\/","name":"Programul de afiliere pentru RedFoxLotto.com","isPartOf":{"@id":"https:\/\/redfoxaffiliates.com\/#website"},"datePublished":"2023-07-15T06:09:36+00:00","dateModified":"2026-01-03T09:23:02+00:00","description":"Programul nostru de afiliere permite partenerilor RedFoxLotto s\u0103 c\u00e2\u0219tige comisioane pentru recomand\u0103rile lor. Deveni\u021bi partener de v\u00e2nz\u0103ri \u0219i \u00eencepe\u021bi s\u0103 promova\u021bi serviciul nostru de bilete de loterie online chiar ast\u0103zi!","breadcrumb":{"@id":"https:\/\/redfoxaffiliates.com\/ro\/acasa\/#breadcrumb"},"inLanguage":"ro-RO","potentialAction":[{"@type":"ReadAction","target":["https:\/\/redfoxaffiliates.com\/ro\/acasa\/"]}]},{"@type":"BreadcrumbList","@id":"https:\/\/redfoxaffiliates.com\/ro\/acasa\/#breadcrumb","itemListElement":[{"@type":"ListItem","position":1,"name":"Home","item":"https:\/\/redfoxaffiliates.com\/ro\/acasa\/"},{"@type":"ListItem","position":2,"name":"Acas\u0103"}]},{"@type":"WebSite","@id":"https:\/\/redfoxaffiliates.com\/#website","url":"https:\/\/redfoxaffiliates.com\/","name":"RedFoxLotto Affiliate Program","description":"The site for marketing partners of RedFoxLotto.com","potentialAction":[{"@type":"SearchAction","target":{"@type":"EntryPoint","urlTemplate":"https:\/\/redfoxaffiliates.com\/?s={search_term_string}"},"query-input":"required name=search_term_string"}],"inLanguage":"ro-RO"}]}},"_links":{"self":[{"href":"https:\/\/redfoxaffiliates.com\/ro\/wp-json\/wp\/v2\/pages\/159","targetHints":{"allow":["GET"]}}],"collection":[{"href":"https:\/\/redfoxaffiliates.com\/ro\/wp-json\/wp\/v2\/pages"}],"about":[{"href":"https:\/\/redfoxaffiliates.com\/ro\/wp-json\/wp\/v2\/types\/page"}],"author":[{"embeddable":true,"href":"https:\/\/redfoxaffiliates.com\/ro\/wp-json\/wp\/v2\/users\/1"}],"replies":[{"embeddable":true,"href":"https:\/\/redfoxaffiliates.com\/ro\/wp-json\/wp\/v2\/comments?post=159"}],"version-history":[{"count":1,"href":"https:\/\/redfoxaffiliates.com\/ro\/wp-json\/wp\/v2\/pages\/159\/revisions"}],"predecessor-version":[{"id":160,"href":"https:\/\/redfoxaffiliates.com\/ro\/wp-json\/wp\/v2\/pages\/159\/revisions\/160"}],"wp:attachment":[{"href":"https:\/\/redfoxaffiliates.com\/ro\/wp-json\/wp\/v2\/media?parent=159"}],"curies":[{"name":"wp","href":"https:\/\/api.w.org\/{rel}","templated":true}]}}