{"id":363,"date":"2026-01-01T21:16:49","date_gmt":"2026-01-01T20:16:49","guid":{"rendered":"https:\/\/redfoxaffiliates.com\/sobre-etica-em-programas-de-marketing-de-afiliados\/"},"modified":"2026-01-01T21:16:49","modified_gmt":"2026-01-01T20:16:49","slug":"sobre-etica-em-programas-de-marketing-de-afiliados","status":"publish","type":"page","link":"https:\/\/redfoxaffiliates.com\/pt-pt\/sobre-etica-em-programas-de-marketing-de-afiliados\/","title":{"rendered":"Sobre \u00e9tica em programas de marketing de afiliados"},"content":{"rendered":"<p>Pode ser surpreendente encontrar uma refer\u00eancia \u00e0 \u00e9tica no site de um programa de afiliados. Concordamos que \u00e9 incomum.<\/p>\n<p>Mas \u00e9 um tema essencial para n\u00f3s. Os antigos afiliados operam tanto o RedFoxLotto.com como este programa de afiliados. Trabalhamos com as mesmas empresas com as quais trabalhou (ou ainda trabalha). Ap\u00f3s mais de 12 anos no ramo de afiliados de jogos de azar, vimos muitas coisas ruins. Redu\u00e7\u00e3o de receitas, altera\u00e7\u00f5es nos termos e condi\u00e7\u00f5es que resultam em perda de rendimentos para o afiliado, pagamentos atrasados ou n\u00e3o efetuados, roubo de clientes nossos (ou de outros afiliados), j\u00e1 vimos de tudo.<\/p>\n<p>Infelizmente, esta \u00e9 uma ind\u00fastria onde coisas ruins acontecem constantemente a afiliados que trabalham arduamente. \u00c9 por isso que decidimos dar o pr\u00f3ximo passo. Lan\u00e7\u00e1mos o nosso pr\u00f3prio produto, o RedFoxLotto.com. O nosso plano de marketing \u00e9 simples: 100% baseado em SEO e marketing de afiliados online.<\/p>\n<p>Tendo sido afiliados n\u00f3s pr\u00f3prios, comprometemo-nos a gerir um programa de afiliados 100% \u00e9tico e honesto. Sim, todos dizem que n\u00e3o faremos isto ou aquilo. Mas n\u00f3s cumprimos o que prometemos.<\/p>\n<p>Eis o que pode esperar de n\u00f3s<br \/>\nUm acordo \u00e9 um acordo! Isso significa que, se dissermos que receber\u00e1 uma parte da receita que gerar durante toda a vida \u00fatil dos clientes que trouxer, \u00e9 porque \u00e9 isso mesmo que queremos dizer. Nunca mudaremos de ideias sobre isso.<br \/>\nNunca manipularemos relat\u00f3rios de rendimentos para reduzir as nossas despesas gerais. Nem removeremos clientes da sua conta. Queremos que seja o mais bem-sucedido poss\u00edvel. \u00c9 nosso parceiro de neg\u00f3cios e o nosso sucesso depende de si!<br \/>\nPagaremos a tempo. Tamb\u00e9m tem obriga\u00e7\u00f5es e despesas, e compreendemos isso.<br \/>\nEntre em contacto connosco se tiver alguma d\u00favida ou precisar da nossa ajuda. Use o formul\u00e1rio \u00abContacto\u00bb na barra de menu superior. Vamos nos reunir e ver se podemos ganhar dinheiro juntos!<\/p>\n","protected":false},"excerpt":{"rendered":"<p>Pode ser surpreendente encontrar uma refer\u00eancia \u00e0 \u00e9tica no site de um programa de afiliados. Concordamos que \u00e9 incomum. Mas \u00e9 um tema essencial para n\u00f3s. Os antigos afiliados operam tanto o RedFoxLotto.com como este programa de afiliados. Trabalhamos com as mesmas empresas com as quais trabalhou (ou ainda trabalha).<\/p>\n<p><a href=\"https:\/\/redfoxaffiliates.com\/pt-pt\/sobre-etica-em-programas-de-marketing-de-afiliados\/\" class=\"more-link\">Continue Reading<span class=\"screen-reader-text\">Sobre \u00e9tica em programas de marketing de afiliados<\/span><\/a><\/p>\n","protected":false},"author":1,"featured_media":0,"parent":0,"menu_order":7,"comment_status":"closed","ping_status":"closed","template":"","meta":{"footnotes":""},"class_list":["post-363","page","type-page","status-publish","hentry"],"yoast_head":"<!-- This site is optimized with the Yoast SEO plugin v22.4 - https:\/\/yoast.com\/wordpress\/plugins\/seo\/ -->\n<title>\u00c9tica e afilia\u00e7\u00e3o no mercado de loteria<\/title>\n<meta name=\"description\" content=\"Existem muitos programas de afiliados de loteria que roubam dinheiro de seus afiliados. \u00c9 por isso que o tema dos neg\u00f3cios \u00e9ticos \u00e9 importante para n\u00f3s.\" \/>\n<meta name=\"robots\" content=\"index, follow, max-snippet:-1, max-image-preview:large, max-video-preview:-1\" \/>\n<link rel=\"canonical\" href=\"https:\/\/redfoxaffiliates.com\/ethics-and-affiliate-marketing-programs\/\" \/>\n<meta property=\"og:locale\" content=\"pt_PT\" \/>\n<meta property=\"og:type\" content=\"article\" \/>\n<meta property=\"og:title\" content=\"\u00c9tica e afilia\u00e7\u00e3o no mercado de loteria\" \/>\n<meta property=\"og:description\" content=\"Existem muitos programas de afiliados de loteria que roubam dinheiro de seus afiliados. \u00c9 por isso que o tema dos neg\u00f3cios \u00e9ticos \u00e9 importante para n\u00f3s.\" \/>\n<meta property=\"og:url\" content=\"https:\/\/redfoxaffiliates.com\/ethics-and-affiliate-marketing-programs\/\" \/>\n<meta property=\"og:site_name\" content=\"RedFoxLotto Affiliate Program\" \/>\n<meta name=\"twitter:card\" content=\"summary_large_image\" \/>\n<meta name=\"twitter:label1\" content=\"Tempo estimado de leitura\" \/>\n\t<meta name=\"twitter:data1\" content=\"2 minutos\" \/>\n<script type=\"application\/ld+json\" class=\"yoast-schema-graph\">{\"@context\":\"https:\/\/schema.org\",\"@graph\":[{\"@type\":\"WebPage\",\"@id\":\"https:\/\/redfoxaffiliates.com\/ethics-and-affiliate-marketing-programs\/\",\"url\":\"https:\/\/redfoxaffiliates.com\/ethics-and-affiliate-marketing-programs\/\",\"name\":\"\u00c9tica e afilia\u00e7\u00e3o no mercado de loteria\",\"isPartOf\":{\"@id\":\"https:\/\/redfoxaffiliates.com\/#website\"},\"datePublished\":\"2026-01-01T20:16:49+00:00\",\"dateModified\":\"2026-01-01T20:16:49+00:00\",\"description\":\"Existem muitos programas de afiliados de loteria que roubam dinheiro de seus afiliados. \u00c9 por isso que o tema dos neg\u00f3cios \u00e9ticos \u00e9 importante para n\u00f3s.\",\"breadcrumb\":{\"@id\":\"https:\/\/redfoxaffiliates.com\/ethics-and-affiliate-marketing-programs\/#breadcrumb\"},\"inLanguage\":\"pt-PT\",\"potentialAction\":[{\"@type\":\"ReadAction\",\"target\":[\"https:\/\/redfoxaffiliates.com\/ethics-and-affiliate-marketing-programs\/\"]}]},{\"@type\":\"BreadcrumbList\",\"@id\":\"https:\/\/redfoxaffiliates.com\/ethics-and-affiliate-marketing-programs\/#breadcrumb\",\"itemListElement\":[{\"@type\":\"ListItem\",\"position\":1,\"name\":\"Home\",\"item\":\"https:\/\/redfoxaffiliates.com\/pt-pt\/pagina-inicial\/\"},{\"@type\":\"ListItem\",\"position\":2,\"name\":\"Sobre \u00e9tica em programas de marketing de afiliados\"}]},{\"@type\":\"WebSite\",\"@id\":\"https:\/\/redfoxaffiliates.com\/#website\",\"url\":\"https:\/\/redfoxaffiliates.com\/\",\"name\":\"RedFoxLotto Affiliate Program\",\"description\":\"The site for marketing partners of RedFoxLotto.com\",\"potentialAction\":[{\"@type\":\"SearchAction\",\"target\":{\"@type\":\"EntryPoint\",\"urlTemplate\":\"https:\/\/redfoxaffiliates.com\/?s={search_term_string}\"},\"query-input\":\"required name=search_term_string\"}],\"inLanguage\":\"pt-PT\"}]}<\/script>\n<!-- \/ Yoast SEO plugin. -->","yoast_head_json":{"title":"\u00c9tica e afilia\u00e7\u00e3o no mercado de loteria","description":"Existem muitos programas de afiliados de loteria que roubam dinheiro de seus afiliados. \u00c9 por isso que o tema dos neg\u00f3cios \u00e9ticos \u00e9 importante para n\u00f3s.","robots":{"index":"index","follow":"follow","max-snippet":"max-snippet:-1","max-image-preview":"max-image-preview:large","max-video-preview":"max-video-preview:-1"},"canonical":"https:\/\/redfoxaffiliates.com\/ethics-and-affiliate-marketing-programs\/","og_locale":"pt_PT","og_type":"article","og_title":"\u00c9tica e afilia\u00e7\u00e3o no mercado de loteria","og_description":"Existem muitos programas de afiliados de loteria que roubam dinheiro de seus afiliados. \u00c9 por isso que o tema dos neg\u00f3cios \u00e9ticos \u00e9 importante para n\u00f3s.","og_url":"https:\/\/redfoxaffiliates.com\/ethics-and-affiliate-marketing-programs\/","og_site_name":"RedFoxLotto Affiliate Program","twitter_card":"summary_large_image","twitter_misc":{"Tempo estimado de leitura":"2 minutos"},"schema":{"@context":"https:\/\/schema.org","@graph":[{"@type":"WebPage","@id":"https:\/\/redfoxaffiliates.com\/ethics-and-affiliate-marketing-programs\/","url":"https:\/\/redfoxaffiliates.com\/ethics-and-affiliate-marketing-programs\/","name":"\u00c9tica e afilia\u00e7\u00e3o no mercado de loteria","isPartOf":{"@id":"https:\/\/redfoxaffiliates.com\/#website"},"datePublished":"2026-01-01T20:16:49+00:00","dateModified":"2026-01-01T20:16:49+00:00","description":"Existem muitos programas de afiliados de loteria que roubam dinheiro de seus afiliados. \u00c9 por isso que o tema dos neg\u00f3cios \u00e9ticos \u00e9 importante para n\u00f3s.","breadcrumb":{"@id":"https:\/\/redfoxaffiliates.com\/ethics-and-affiliate-marketing-programs\/#breadcrumb"},"inLanguage":"pt-PT","potentialAction":[{"@type":"ReadAction","target":["https:\/\/redfoxaffiliates.com\/ethics-and-affiliate-marketing-programs\/"]}]},{"@type":"BreadcrumbList","@id":"https:\/\/redfoxaffiliates.com\/ethics-and-affiliate-marketing-programs\/#breadcrumb","itemListElement":[{"@type":"ListItem","position":1,"name":"Home","item":"https:\/\/redfoxaffiliates.com\/pt-pt\/pagina-inicial\/"},{"@type":"ListItem","position":2,"name":"Sobre \u00e9tica em programas de marketing de afiliados"}]},{"@type":"WebSite","@id":"https:\/\/redfoxaffiliates.com\/#website","url":"https:\/\/redfoxaffiliates.com\/","name":"RedFoxLotto Affiliate Program","description":"The site for marketing partners of RedFoxLotto.com","potentialAction":[{"@type":"SearchAction","target":{"@type":"EntryPoint","urlTemplate":"https:\/\/redfoxaffiliates.com\/?s={search_term_string}"},"query-input":"required name=search_term_string"}],"inLanguage":"pt-PT"}]}},"_links":{"self":[{"href":"https:\/\/redfoxaffiliates.com\/pt-pt\/wp-json\/wp\/v2\/pages\/363","targetHints":{"allow":["GET"]}}],"collection":[{"href":"https:\/\/redfoxaffiliates.com\/pt-pt\/wp-json\/wp\/v2\/pages"}],"about":[{"href":"https:\/\/redfoxaffiliates.com\/pt-pt\/wp-json\/wp\/v2\/types\/page"}],"author":[{"embeddable":true,"href":"https:\/\/redfoxaffiliates.com\/pt-pt\/wp-json\/wp\/v2\/users\/1"}],"replies":[{"embeddable":true,"href":"https:\/\/redfoxaffiliates.com\/pt-pt\/wp-json\/wp\/v2\/comments?post=363"}],"version-history":[{"count":0,"href":"https:\/\/redfoxaffiliates.com\/pt-pt\/wp-json\/wp\/v2\/pages\/363\/revisions"}],"wp:attachment":[{"href":"https:\/\/redfoxaffiliates.com\/pt-pt\/wp-json\/wp\/v2\/media?parent=363"}],"curies":[{"name":"wp","href":"https:\/\/api.w.org\/{rel}","templated":true}]}}