{"id":324,"date":"2026-01-01T21:15:19","date_gmt":"2026-01-01T20:15:19","guid":{"rendered":"https:\/\/redfoxaffiliates.com\/como-iniciar-um-negocio-de-afiliados-online\/"},"modified":"2026-01-01T21:15:19","modified_gmt":"2026-01-01T20:15:19","slug":"como-iniciar-um-negocio-de-afiliados-online","status":"publish","type":"page","link":"https:\/\/redfoxaffiliates.com\/pt-pt\/como-iniciar-um-negocio-de-afiliados-online\/","title":{"rendered":"Como iniciar um neg\u00f3cio de afiliados online"},"content":{"rendered":"<h2>O que \u00e9 o marketing de afiliados?<\/h2>\n<p>Muitos vendedores online t\u00eam os chamados programas de afiliados. Qualquer pessoa pode criar uma conta de afiliado e come\u00e7ar a promover os seus produtos online. O promotor (voc\u00ea) recebe uma comiss\u00e3o por indicar clientes pagantes ao vendedor.<\/p>\n<p>Consulte o menu \u00e0 direita. Existe uma liga\u00e7\u00e3o para um tutorial em PDF para principiantes sobre como come\u00e7ar um neg\u00f3cio de afiliados do zero e com um investimento m\u00ednimo.<\/p>\n<h2>Como recebe o pagamento?<\/h2>\n<p>Ap\u00f3s se inscrever no programa de afiliados, pode descarregar os chamados links de rastreio e\/ou banners com &#8220;links rastreados&#8221; no site do afiliado. Podem ser incorporados no seu website e, quando um visitante clica no link, o vendedor sabe qual o afiliado que indicou o cliente com base no n\u00famero de identifica\u00e7\u00e3o do link.<\/p>\n<p>Existem dois modelos b\u00e1sicos para a sua coopera\u00e7\u00e3o com o programa de afiliados:<\/p>\n<p>CPA (Cost by Acquisition), em que o afiliado recebe um valor fixo quando um novo cliente atinge um limite de vendas definido.<\/p>\n<p>Participa\u00e7\u00e3o na Receita (tamb\u00e9m conhecida como MGR), em que o afiliado recebe uma percentagem da receita de vendas. Dependendo dos termos e condi\u00e7\u00f5es, receber\u00e1 uma percentagem de comiss\u00e3o sobre todas as vendas futuras ou apenas por um per\u00edodo espec\u00edfico.<\/p>\n<h2>Como promove esses fornecedores?<\/h2>\n<p>O que mais precisa para come\u00e7ar com o marketing de afiliados \u00e9 um website que gere tr\u00e1fego. Veja o par\u00e1grafo &#8220;Fa\u00e7a um plano&#8221; abaixo! Atrair tr\u00e1fego para o seu site \u00e9 o mais importante.<\/p>\n<p>Este site pode estar relacionado com um produto espec\u00edfico (o produto que pretende promover) ou simplesmente um site sobre qualquer assunto, desde que gere tr\u00e1fego suficiente. Exemplo: cria um site sobre um assunto que conhece bem, como o mergulho. Escreve conte\u00fado excelente e as pessoas visitam o seu site. Ent\u00e3o, come\u00e7a a promover um site de vendas online especializado em equipamento de mergulho. Cada vez que um visitante vai do seu site para o site do vendedor e compra algo, recebe uma comiss\u00e3o.<\/p>\n<h2>Marketing nas Redes Sociais<\/h2>\n<p>Se tem um p\u00fablico nas redes sociais, talvez nem precise de um website. Pode utilizar os mesmos links de afiliados rastreados para come\u00e7ar a promover os produtos do fornecedor. E se o seu p\u00fablico for global, melhor ainda. Muitos pa\u00edses t\u00eam lotarias com pr\u00e9mios baixos ou nenhuma lotaria. Os residentes destes pa\u00edses s\u00e3o o p\u00fablico ideal para o nosso servi\u00e7o de lotaria.<\/p>\n<h2>Existem basicamente dois cen\u00e1rios:<\/h2>\n<p>Se tivesse um site com uma grande variedade de artigos e esse site recebesse milhares de visitantes por dia, poderia vender praticamente qualquer produto que quisesse. O grande n\u00famero de visitantes geraria uma receita significativa. E o nosso programa de afiliados \u00e9 perfeito para qualquer site, porque, afinal, toda a gente gosta de lotarias, certo?<\/p>\n<p>Se tivesse, por exemplo, um site relacionado com lotarias, provavelmente teria menos visitantes. Ainda assim, o tr\u00e1fego \u00e9 mais &#8220;segmentado&#8221;, ou seja, os seus visitantes t\u00eam maior probabilidade de comprar os bilhetes de lotaria que est\u00e1 a promover. Mesmo que tivesse apenas 10 visitantes por dia, ainda assim veria alguma receita. E h\u00e1 um facto sobre jogar na lotaria: as pessoas tendem a continuar a jogar durante muito tempo. Depois de recomendar um determinado n\u00famero de clientes para o nosso programa de afiliados, ver\u00e1 um fluxo de receitas relativamente constante.<\/p>\n<h2>Como atrair visitantes para o seu website?<\/h2>\n<p>Para atrair visitantes, precisar\u00e1 de artigos de alta qualidade no seu website que forne\u00e7am informa\u00e7\u00f5es \u00fateis aos leitores. Tamb\u00e9m precisa de aprender o b\u00e1sico de SEO (Otimiza\u00e7\u00e3o para Motores de Busca). Isto \u00e9 importante porque existem &#8220;regras&#8221; espec\u00edficas que precisa de conhecer para garantir que as p\u00e1ginas do seu website t\u00eam uma boa classifica\u00e7\u00e3o no Google para palavras-chave de pesquisa, o que pode trazer visitantes para o seu website. Os afiliados chamam a isto &#8220;direcionar tr\u00e1fego&#8221; para o seu site.<\/p>\n<p>O SEO n\u00e3o \u00e9 nenhum bicho de sete cabe\u00e7as. Basta pesquisar &#8220;SEO b\u00e1sico&#8221; no Google e ler um pouco para aprender as regras mais importantes para criar os seus artigos e melhorar as suas compet\u00eancias mais tarde.<\/p>\n<h2>O poder de ter uma lista de e-mails<\/h2>\n<p>Configure sempre o seu site de forma a que os visitantes tenham um motivo para se inscreverem ou deixarem os seus endere\u00e7os de e-mail. Crie uma lista e utilize-a para enviar e-mails a promover eventos especiais, ofertas e muito mais. Se j\u00e1 tem uma lista, talvez nem precise de um site para ser afiliado. Mas n\u00e3o compre listas de sites de venda de endere\u00e7os de e-mail de spam &#8211; n\u00e3o vale a pena.<\/p>\n<h2>Quanto custa come\u00e7ar no marketing de afiliados? Resposta simples: nada ou quase nada!<\/h2>\n<p>Tudo o que precisa \u00e9 de um nome de dom\u00ednio e de um plano de alojamento para o seu website. Como principiante, n\u00e3o precisa de um servidor pr\u00f3prio; um alojamento b\u00e1sico, dispon\u00edvel a partir de 2\u20ac por m\u00eas, \u00e9 suficiente para come\u00e7ar.<\/p>\n<p>Selecione um fornecedor de alojamento fi\u00e1vel e escolha um nome de dom\u00ednio dispon\u00edvel. Pense bem no nome do seu dom\u00ednio antes de o registar. Em seguida, escolha um plano de alojamento b\u00e1sico. Registe-se e pague pela conta. Depois, inicie sess\u00e3o na sua conta e explore o site. Uma dica: procure uma fun\u00e7\u00e3o adicional chamada &#8220;Privacidade de Dom\u00ednio&#8221; &#8211; considere isto se, por algum motivo, n\u00e3o quiser que ningu\u00e9m saiba que \u00e9 o propriet\u00e1rio e gere este website e os seus afiliados.<\/p>\n<h2>neg\u00f3cios relacionados com o mesmo.<\/h2>\n<p>Recomendamos come\u00e7ar por instalar um site WordPress utilizando um modelo gratuito (um layout). O WordPress \u00e9 um Sistema de Gest\u00e3o de Conte\u00fados (CMS) que cria o seu website automaticamente e permite geri-lo. Os fornecedores de alojamento oferecem fun\u00e7\u00f5es simples que pode utilizar para configurar um site WordPress em segundos. N\u00e3o s\u00e3o necess\u00e1rias compet\u00eancias de programa\u00e7\u00e3o!<\/p>\n<p>Leia o tutorial introdut\u00f3rio para aprender as fun\u00e7\u00f5es mais essenciais do WordPress. Precisa de apenas algumas horas para adquirir as compet\u00eancias b\u00e1sicas necess\u00e1rias para gerir um website simples. Existe documenta\u00e7\u00e3o detalhada no site WordPress e um f\u00f3rum onde pode pedir ajuda a utilizadores mais experientes.<\/p>\n<h2>Quanto dinheiro pode ganhar como afiliado?<\/h2>\n<p>Isso depende muito do seu empenho e da sua compet\u00eancia. Alguns afiliados ganham milh\u00f5es, outros ganham muito pouco, mas muitos ganham algumas centenas de euros por m\u00eas. N\u00e3o espere ganhar dinheiro imediatamente. Leva tempo para o seu site atrair visitantes. Se investir o trabalho necess\u00e1rio, poder\u00e1 viver dele a longo prazo.<\/p>\n<h2>\u00c9 poss\u00edvel\/deve-se faz\u00ea-lo a tempo inteiro ou parcial?<\/h2>\n<p>Cada um deve decidir isso por si pr\u00f3prio. Mas 90% dos afiliados entram no neg\u00f3cio a tempo parcial. Uma grande percentagem de afiliados passa a trabalhar a tempo inteiro ap\u00f3s alcan\u00e7ar sucesso suficiente e experi\u00eancia no setor.<\/p>\n<h2>Isso \u00e9 legal?<\/h2>\n<p>Absolutamente, a menos que esteja a promover produtos ilegais no seu pa\u00eds de resid\u00eancia; nesse caso, \u00e9 necess\u00e1rio tomar medidas para se proteger de poss\u00edveis problemas. Ver &#8220;Privacidade de Dom\u00ednio&#8221; acima, entre outras coisas. Certifique-se de que n\u00e3o escolhe um registrador de dom\u00ednio e\/ou servi\u00e7o de alojamento num pa\u00eds onde o seu site seria ilegal!<\/p>\n<h2>Mais importante: Fa\u00e7a um plano!<\/h2>\n<p>Antes de ganhar dinheiro com um programa de afiliados, precisa de desenvolver um plano s\u00f3lido e reunir as informa\u00e7\u00f5es essenciais. Poder\u00e1 ter visto o filme &#8220;Campo dos Sonhos&#8221;, com Kevin Costner, em que uma voz vinda do c\u00e9u diz: &#8220;Construi-lo e eles vir\u00e3o&#8221;. Se pensa que pode criar um site sobre qualquer assunto e esperar que o dinheiro comece a entrar em breve, acabar\u00e1 por ficar frustrado.<\/p>\n<p>Mas se abordar o assunto com um plano, poder\u00e1 ganhar um bom dinheiro, e anunciar para um programa de afiliados \u00e9 extremamente divertido. O ideal \u00e9 come\u00e7ar em part-time e, se tudo correr bem, poder\u00e1 facilmente passar para full-time.<\/p>\n<h2>O seu plano deve conter os seguintes elementos:<\/h2>\n<p>Escolha um tema pelo qual seja apaixonado e sobre o qual possa fornecer informa\u00e7\u00f5es valiosas aos seus leitores. Se \u00e9 principiante, escolha sempre um tema de nicho \u2014 se existirem muitos outros sites sobre o mesmo assunto, ter\u00e1 dificuldades em competir com eles. Al\u00e9m disso, ser\u00e1 dif\u00edcil conseguir um bom posicionamento para qualquer palavra-chave. \u00c9 claro que precisa de escolher um tema que se enquadre num produto que possa ser comprado online e que tenha um programa de afiliados.<\/p>\n<p>Fa\u00e7a uma lista de combina\u00e7\u00f5es de palavras-chave que os potenciais visitantes possam estar a pesquisar no Google. Lembre-se que conseguir um bom posicionamento para palavras-chave \u00f3bvias como &#8220;lotaria online&#8221; \u00e9 quase imposs\u00edvel. Procure frases mais espec\u00edficas. Um exemplo extremo seria &#8220;As pessoas que n\u00e3o vivem nos EUA podem participar na Powerball?&#8221;.<\/p>\n<p>Em seguida, decida qual a combina\u00e7\u00e3o de palavras-chave que vai utilizar na p\u00e1gina inicial do seu website. Escreva um artigo para a p\u00e1gina inicial com base nesta combina\u00e7\u00e3o de palavras-chave. Depois, desenvolva um plano para a estrutura do seu website. Escreva mais alguns artigos para outras combina\u00e7\u00f5es de palavras-chave que consiga imaginar.<\/p>\n<h2>A partir da\u00ed, o seu foco deve estar em duas coisas:<\/h2>\n<p>Construir links a apontar para o seu site. Os links s\u00e3o como votos positivos para o seu site; links de alta qualidade podem melhorar o seu posicionamento nos motores de busca. Pe\u00e7a links a amigos que tenham sites, contacte outros webmasters e ofere\u00e7a-se para escrever um artigo em troca de links, etc. Os melhores links, no entanto, vir\u00e3o naturalmente quando as pessoas lerem os seus artigos e criarem links para a sua p\u00e1gina porque gostaram do que escreveu!<\/p>\n<p>Criar mais conte\u00fado (artigos) com boas pr\u00e1ticas de SEO. Use a sua imagina\u00e7\u00e3o e escreva novos artigos regularmente. Considere adicionar 2 a 3 artigos por semana para come\u00e7ar.<\/p>\n<p>\u00c0 medida que completa o que foi descrito acima, tornar-se-\u00e1 cada vez mais habilidoso e os primeiros visitantes chegar\u00e3o ao seu website. Utilize um servi\u00e7o (gratuito) como o www.clicky.com ou o Google Analytics para monitorizar o seu n\u00famero de visitantes e o seu comportamento. Verifique periodicamente a sua conta do programa de afiliados para ver se est\u00e1 a gerar receitas.<\/p>\n<p>Utilize um servi\u00e7o de SEO para o ajudar a encontrar mais palavras-chave relacionadas com a sua palavra-chave principal. Crie conte\u00fado otimizado para SEO que tenha como alvo essas palavras-chave. Mais conte\u00fado gera mais tr\u00e1fego para o seu site e aumenta as suas comiss\u00f5es.<\/p>\n<p>Com o tempo, \u00e0 medida que se dedica, ver\u00e1 certamente um efeito positivo no n\u00famero de visitantes e na receita.<\/p>\n<p><em>Numa nota pessoal<\/em>: as pessoas por detr\u00e1s da RedFoxLotto e do programa de afiliados come\u00e7aram como afiliados h\u00e1 mais de 15 anos. T\u00eam sido muito bem-sucedidas desde ent\u00e3o. E se lhes perguntar o que mais gostam neste neg\u00f3cio, elas diriam o seguinte:<\/p>\n<ul>\n<li>Potencial de ganhos ilimitado e global<\/li>\n<li>Pode iniciar o seu neg\u00f3cio de marketing de afiliados com praticamente nenhum investimento.<\/li>\n<li>Ele pode proporcionar-te independ\u00eancia financeira.<\/li>\n<li>Pode trabalhar online, de qualquer lugar que desejar.<\/li>\n<\/ul>\n","protected":false},"excerpt":{"rendered":"<p>O que \u00e9 o marketing de afiliados? Muitos vendedores online t\u00eam os chamados programas de afiliados. Qualquer pessoa pode criar uma conta de afiliado e come\u00e7ar a promover os seus produtos online. O promotor (voc\u00ea) recebe uma comiss\u00e3o por indicar clientes pagantes ao vendedor. Consulte o menu \u00e0 direita. Existe<\/p>\n<p><a href=\"https:\/\/redfoxaffiliates.com\/pt-pt\/como-iniciar-um-negocio-de-afiliados-online\/\" class=\"more-link\">Continue Reading<span class=\"screen-reader-text\">Como iniciar um neg\u00f3cio de afiliados online<\/span><\/a><\/p>\n","protected":false},"author":1,"featured_media":0,"parent":0,"menu_order":6,"comment_status":"closed","ping_status":"closed","template":"","meta":{"footnotes":""},"class_list":["post-324","page","type-page","status-publish","hentry"],"yoast_head":"<!-- This site is optimized with the Yoast SEO plugin v22.4 - https:\/\/yoast.com\/wordpress\/plugins\/seo\/ -->\n<title>Como come\u00e7ar e expandir o seu neg\u00f3cio de marketing de afiliados online<\/title>\n<meta name=\"description\" content=\"Um roteiro para o sucesso de um neg\u00f3cio de afiliados. Comece a ganhar comiss\u00f5es online tornando-se um afiliado e parceiro de marketing\" \/>\n<meta name=\"robots\" content=\"index, follow, max-snippet:-1, max-image-preview:large, max-video-preview:-1\" \/>\n<link rel=\"canonical\" href=\"https:\/\/redfoxaffiliates.com\/how-to-start-an-online-affiliate-marketing-business\/\" \/>\n<meta property=\"og:locale\" content=\"pt_PT\" \/>\n<meta property=\"og:type\" content=\"article\" \/>\n<meta property=\"og:title\" content=\"Como come\u00e7ar e expandir o seu neg\u00f3cio de marketing de afiliados online\" \/>\n<meta property=\"og:description\" content=\"Um roteiro para o sucesso de um neg\u00f3cio de afiliados. Comece a ganhar comiss\u00f5es online tornando-se um afiliado e parceiro de marketing\" \/>\n<meta property=\"og:url\" content=\"https:\/\/redfoxaffiliates.com\/how-to-start-an-online-affiliate-marketing-business\/\" \/>\n<meta property=\"og:site_name\" content=\"RedFoxLotto Affiliate Program\" \/>\n<meta name=\"twitter:card\" content=\"summary_large_image\" \/>\n<meta name=\"twitter:label1\" content=\"Tempo estimado de leitura\" \/>\n\t<meta name=\"twitter:data1\" content=\"10 minutos\" \/>\n<script type=\"application\/ld+json\" class=\"yoast-schema-graph\">{\"@context\":\"https:\/\/schema.org\",\"@graph\":[{\"@type\":\"WebPage\",\"@id\":\"https:\/\/redfoxaffiliates.com\/how-to-start-an-online-affiliate-marketing-business\/\",\"url\":\"https:\/\/redfoxaffiliates.com\/how-to-start-an-online-affiliate-marketing-business\/\",\"name\":\"Como come\u00e7ar e expandir o seu neg\u00f3cio de marketing de afiliados online\",\"isPartOf\":{\"@id\":\"https:\/\/redfoxaffiliates.com\/#website\"},\"datePublished\":\"2026-01-01T20:15:19+00:00\",\"dateModified\":\"2026-01-01T20:15:19+00:00\",\"description\":\"Um roteiro para o sucesso de um neg\u00f3cio de afiliados. Comece a ganhar comiss\u00f5es online tornando-se um afiliado e parceiro de marketing\",\"breadcrumb\":{\"@id\":\"https:\/\/redfoxaffiliates.com\/how-to-start-an-online-affiliate-marketing-business\/#breadcrumb\"},\"inLanguage\":\"pt-PT\",\"potentialAction\":[{\"@type\":\"ReadAction\",\"target\":[\"https:\/\/redfoxaffiliates.com\/how-to-start-an-online-affiliate-marketing-business\/\"]}]},{\"@type\":\"BreadcrumbList\",\"@id\":\"https:\/\/redfoxaffiliates.com\/how-to-start-an-online-affiliate-marketing-business\/#breadcrumb\",\"itemListElement\":[{\"@type\":\"ListItem\",\"position\":1,\"name\":\"Home\",\"item\":\"https:\/\/redfoxaffiliates.com\/pt-pt\/pagina-inicial\/\"},{\"@type\":\"ListItem\",\"position\":2,\"name\":\"Como iniciar um neg\u00f3cio de afiliados online\"}]},{\"@type\":\"WebSite\",\"@id\":\"https:\/\/redfoxaffiliates.com\/#website\",\"url\":\"https:\/\/redfoxaffiliates.com\/\",\"name\":\"RedFoxLotto Affiliate Program\",\"description\":\"The site for marketing partners of RedFoxLotto.com\",\"potentialAction\":[{\"@type\":\"SearchAction\",\"target\":{\"@type\":\"EntryPoint\",\"urlTemplate\":\"https:\/\/redfoxaffiliates.com\/?s={search_term_string}\"},\"query-input\":\"required name=search_term_string\"}],\"inLanguage\":\"pt-PT\"}]}<\/script>\n<!-- \/ Yoast SEO plugin. -->","yoast_head_json":{"title":"Como come\u00e7ar e expandir o seu neg\u00f3cio de marketing de afiliados online","description":"Um roteiro para o sucesso de um neg\u00f3cio de afiliados. Comece a ganhar comiss\u00f5es online tornando-se um afiliado e parceiro de marketing","robots":{"index":"index","follow":"follow","max-snippet":"max-snippet:-1","max-image-preview":"max-image-preview:large","max-video-preview":"max-video-preview:-1"},"canonical":"https:\/\/redfoxaffiliates.com\/how-to-start-an-online-affiliate-marketing-business\/","og_locale":"pt_PT","og_type":"article","og_title":"Como come\u00e7ar e expandir o seu neg\u00f3cio de marketing de afiliados online","og_description":"Um roteiro para o sucesso de um neg\u00f3cio de afiliados. Comece a ganhar comiss\u00f5es online tornando-se um afiliado e parceiro de marketing","og_url":"https:\/\/redfoxaffiliates.com\/how-to-start-an-online-affiliate-marketing-business\/","og_site_name":"RedFoxLotto Affiliate Program","twitter_card":"summary_large_image","twitter_misc":{"Tempo estimado de leitura":"10 minutos"},"schema":{"@context":"https:\/\/schema.org","@graph":[{"@type":"WebPage","@id":"https:\/\/redfoxaffiliates.com\/how-to-start-an-online-affiliate-marketing-business\/","url":"https:\/\/redfoxaffiliates.com\/how-to-start-an-online-affiliate-marketing-business\/","name":"Como come\u00e7ar e expandir o seu neg\u00f3cio de marketing de afiliados online","isPartOf":{"@id":"https:\/\/redfoxaffiliates.com\/#website"},"datePublished":"2026-01-01T20:15:19+00:00","dateModified":"2026-01-01T20:15:19+00:00","description":"Um roteiro para o sucesso de um neg\u00f3cio de afiliados. Comece a ganhar comiss\u00f5es online tornando-se um afiliado e parceiro de marketing","breadcrumb":{"@id":"https:\/\/redfoxaffiliates.com\/how-to-start-an-online-affiliate-marketing-business\/#breadcrumb"},"inLanguage":"pt-PT","potentialAction":[{"@type":"ReadAction","target":["https:\/\/redfoxaffiliates.com\/how-to-start-an-online-affiliate-marketing-business\/"]}]},{"@type":"BreadcrumbList","@id":"https:\/\/redfoxaffiliates.com\/how-to-start-an-online-affiliate-marketing-business\/#breadcrumb","itemListElement":[{"@type":"ListItem","position":1,"name":"Home","item":"https:\/\/redfoxaffiliates.com\/pt-pt\/pagina-inicial\/"},{"@type":"ListItem","position":2,"name":"Como iniciar um neg\u00f3cio de afiliados online"}]},{"@type":"WebSite","@id":"https:\/\/redfoxaffiliates.com\/#website","url":"https:\/\/redfoxaffiliates.com\/","name":"RedFoxLotto Affiliate Program","description":"The site for marketing partners of RedFoxLotto.com","potentialAction":[{"@type":"SearchAction","target":{"@type":"EntryPoint","urlTemplate":"https:\/\/redfoxaffiliates.com\/?s={search_term_string}"},"query-input":"required name=search_term_string"}],"inLanguage":"pt-PT"}]}},"_links":{"self":[{"href":"https:\/\/redfoxaffiliates.com\/pt-pt\/wp-json\/wp\/v2\/pages\/324","targetHints":{"allow":["GET"]}}],"collection":[{"href":"https:\/\/redfoxaffiliates.com\/pt-pt\/wp-json\/wp\/v2\/pages"}],"about":[{"href":"https:\/\/redfoxaffiliates.com\/pt-pt\/wp-json\/wp\/v2\/types\/page"}],"author":[{"embeddable":true,"href":"https:\/\/redfoxaffiliates.com\/pt-pt\/wp-json\/wp\/v2\/users\/1"}],"replies":[{"embeddable":true,"href":"https:\/\/redfoxaffiliates.com\/pt-pt\/wp-json\/wp\/v2\/comments?post=324"}],"version-history":[{"count":0,"href":"https:\/\/redfoxaffiliates.com\/pt-pt\/wp-json\/wp\/v2\/pages\/324\/revisions"}],"wp:attachment":[{"href":"https:\/\/redfoxaffiliates.com\/pt-pt\/wp-json\/wp\/v2\/media?parent=324"}],"curies":[{"name":"wp","href":"https:\/\/api.w.org\/{rel}","templated":true}]}}