{"id":316,"date":"2023-07-15T13:46:59","date_gmt":"2023-07-15T11:46:59","guid":{"rendered":"https:\/\/redfoxaffiliates.com\/perguntas-frequentes\/"},"modified":"2023-07-15T13:46:59","modified_gmt":"2023-07-15T11:46:59","slug":"perguntas-frequentes","status":"publish","type":"page","link":"https:\/\/redfoxaffiliates.com\/pt-pt\/perguntas-frequentes\/","title":{"rendered":"Perguntas frequentes"},"content":{"rendered":"<h2>O que significa afilia\u00e7\u00e3o?<\/h2>\n<p>A afilia\u00e7\u00e3o \u00e9 uma estrat\u00e9gia de marketing. Muitos produtos, servi\u00e7os e sites utilizam afiliados para comercializar os seus produtos e servi\u00e7os. Todos os afiliados da RedFoxLotto.com podem promover-nos.<\/p>\n<h2>Existem despesas ou custos de inscri\u00e7\u00e3o?<\/h2>\n<p>N\u00e3o. A ades\u00e3o ao nosso programa de afiliados \u00e9 totalmente gratuita. As \u00fanicas despesas que ter\u00e1 s\u00e3o as relacionadas com a gest\u00e3o dos seus sites ou com a aquisi\u00e7\u00e3o dos seus pr\u00f3prios materiais de marketing.<\/p>\n<h2>Como posso promover a sua empresa?<\/h2>\n<p>Pode utilizar todos os tipos de estrat\u00e9gias online e offline. Aqui est\u00e3o duas das formas mais comuns:<\/p>\n<ul>\n<li>Pode criar um site (relacionado com lotarias ou outro) e utiliz\u00e1-lo para promover a RedFoxLotto. Obtenha tr\u00e1fego atrav\u00e9s da classifica\u00e7\u00e3o de palavras-chave nas pesquisas do Google e promova o seu site nas redes sociais. Mais tr\u00e1fego para o seu site significa mais cliques para a RedFoxLotto, o que significa mais dinheiro para si.<\/li>\n<li>Crie um site de lotaria, use links de afiliados que apontem para o RedFoxLotto.com e, em seguida, promova o seu site offline.<\/li>\n<\/ul>\n<h2>Quanto posso ganhar?<\/h2>\n<p>N\u00e3o h\u00e1 limite. Receber\u00e1 uma percentagem do valor l\u00edquido das vendas que gerar. E, a cada m\u00eas em que gerar comiss\u00f5es mais altas, a sua percentagem aumentar\u00e1. Leia este artigo para obter mais detalhes.<\/p>\n<h2>O que \u00e9 um link de afiliado?<\/h2>\n<p>Um link de afiliado \u00e9 um link que cont\u00e9m um rastreador &#8211; um identificador dedicado conectado apenas \u00e0 sua conta de afiliado. Voc\u00ea insere esses links no seu site. Ent\u00e3o, um dos visitantes do seu site clica nele e faz uma compra no RedFoxLotto.com. O nosso sistema de afiliados, por meio desse c\u00f3digo rastreador, identifica esse novo cliente como um cliente trazido por voc\u00ea. Voc\u00ea recebe uma comiss\u00e3o por essa venda. Qualquer compra futura desse cliente tamb\u00e9m gerar\u00e1 outra comiss\u00e3o para voc\u00ea.<\/p>\n<p>Sempre que um cliente visita o nosso site clicando num dos seus links de afiliado, um cookie \u00e9 gerado no seu dispositivo. Isso garante que, se ele n\u00e3o fizer uma compra na sua primeira visita, mas voltar mais tarde para comprar bilhetes de lotaria, ele ainda ser\u00e1 identificado como \u201csua\u201d venda.<\/p>\n<h2>E quanto ao login da conta de afiliado?<\/h2>\n<p>Depois de se registar aqui no nosso site, analisaremos o seu registo. Feito isso, criaremos uma conta de afiliado para si. Em seguida, enviaremos um e-mail com um URL para fazer login na sua conta de afiliado, com um nome de utilizador e uma senha tempor\u00e1ria. Depois de fazer login na sua conta (o backend de afiliado), poder\u00e1 alterar essa senha e verificar se todos os seus dados pessoais est\u00e3o corretos.<\/p>\n<p>Poder\u00e1 criar campanhas com links de afiliado dedicados para diferentes atividades de marketing. Digamos que tem v\u00e1rios sites. Nesse caso, vai querer criar uma campanha por site. Dessa forma, poder\u00e1 ver o desempenho de cada site separadamente.<\/p>\n<p>No backend de afiliado, tamb\u00e9m pode ver as suas estat\u00edsticas de visitantes e relat\u00f3rios de comiss\u00f5es. Os materiais de marketing que pode usar para promover os nossos produtos tamb\u00e9m podem ser descarregados l\u00e1.<\/p>\n<h2>Pagamentos de comiss\u00f5es<\/h2>\n<p>No dia 15 de cada m\u00eas, pagaremos as comiss\u00f5es que ganhou durante o m\u00eas anterior. Skrill, Neteller e transfer\u00eancia banc\u00e1ria s\u00e3o os m\u00e9todos habituais, mas outras op\u00e7\u00f5es tamb\u00e9m podem ser discutidas.<\/p>\n","protected":false},"excerpt":{"rendered":"<p>O que significa afilia\u00e7\u00e3o? A afilia\u00e7\u00e3o \u00e9 uma estrat\u00e9gia de marketing. Muitos produtos, servi\u00e7os e sites utilizam afiliados para comercializar os seus produtos e servi\u00e7os. Todos os afiliados da RedFoxLotto.com podem promover-nos. Existem despesas ou custos de inscri\u00e7\u00e3o? N\u00e3o. A ades\u00e3o ao nosso programa de afiliados \u00e9 totalmente gratuita. As<\/p>\n<p><a href=\"https:\/\/redfoxaffiliates.com\/pt-pt\/perguntas-frequentes\/\" class=\"more-link\">Continue Reading<span class=\"screen-reader-text\">Perguntas frequentes<\/span><\/a><\/p>\n","protected":false},"author":1,"featured_media":0,"parent":0,"menu_order":3,"comment_status":"closed","ping_status":"closed","template":"","meta":{"footnotes":""},"class_list":["post-316","page","type-page","status-publish","hentry"],"yoast_head":"<!-- This site is optimized with the Yoast SEO plugin v22.4 - https:\/\/yoast.com\/wordpress\/plugins\/seo\/ -->\n<title>Perguntas frequentes sobre afilia\u00e7\u00e3o no mercado de lotarias<\/title>\n<meta name=\"description\" content=\"Encontre respostas para as suas perguntas sobre afilia\u00e7\u00e3o em lotarias em geral e sobre o programa de afiliados da RedFoxLotto em particular\" \/>\n<meta name=\"robots\" content=\"index, follow, max-snippet:-1, max-image-preview:large, max-video-preview:-1\" \/>\n<link rel=\"canonical\" href=\"https:\/\/redfoxaffiliates.com\/faq\/\" \/>\n<meta property=\"og:locale\" content=\"pt_PT\" \/>\n<meta property=\"og:type\" content=\"article\" \/>\n<meta property=\"og:title\" content=\"Perguntas frequentes sobre afilia\u00e7\u00e3o no mercado de lotarias\" \/>\n<meta property=\"og:description\" content=\"Encontre respostas para as suas perguntas sobre afilia\u00e7\u00e3o em lotarias em geral e sobre o programa de afiliados da RedFoxLotto em particular\" \/>\n<meta property=\"og:url\" content=\"https:\/\/redfoxaffiliates.com\/faq\/\" \/>\n<meta property=\"og:site_name\" content=\"RedFoxLotto Affiliate Program\" \/>\n<meta name=\"twitter:card\" content=\"summary_large_image\" \/>\n<meta name=\"twitter:label1\" content=\"Tempo estimado de leitura\" \/>\n\t<meta name=\"twitter:data1\" content=\"3 minutos\" \/>\n<script type=\"application\/ld+json\" class=\"yoast-schema-graph\">{\"@context\":\"https:\/\/schema.org\",\"@graph\":[{\"@type\":\"WebPage\",\"@id\":\"https:\/\/redfoxaffiliates.com\/faq\/\",\"url\":\"https:\/\/redfoxaffiliates.com\/faq\/\",\"name\":\"Perguntas frequentes sobre afilia\u00e7\u00e3o no mercado de lotarias\",\"isPartOf\":{\"@id\":\"https:\/\/redfoxaffiliates.com\/#website\"},\"datePublished\":\"2023-07-15T11:46:59+00:00\",\"dateModified\":\"2023-07-15T11:46:59+00:00\",\"description\":\"Encontre respostas para as suas perguntas sobre afilia\u00e7\u00e3o em lotarias em geral e sobre o programa de afiliados da RedFoxLotto em particular\",\"breadcrumb\":{\"@id\":\"https:\/\/redfoxaffiliates.com\/faq\/#breadcrumb\"},\"inLanguage\":\"pt-PT\",\"potentialAction\":[{\"@type\":\"ReadAction\",\"target\":[\"https:\/\/redfoxaffiliates.com\/faq\/\"]}]},{\"@type\":\"BreadcrumbList\",\"@id\":\"https:\/\/redfoxaffiliates.com\/faq\/#breadcrumb\",\"itemListElement\":[{\"@type\":\"ListItem\",\"position\":1,\"name\":\"Home\",\"item\":\"https:\/\/redfoxaffiliates.com\/pt-pt\/pagina-inicial\/\"},{\"@type\":\"ListItem\",\"position\":2,\"name\":\"Perguntas frequentes\"}]},{\"@type\":\"WebSite\",\"@id\":\"https:\/\/redfoxaffiliates.com\/#website\",\"url\":\"https:\/\/redfoxaffiliates.com\/\",\"name\":\"RedFoxLotto Affiliate Program\",\"description\":\"The site for marketing partners of RedFoxLotto.com\",\"potentialAction\":[{\"@type\":\"SearchAction\",\"target\":{\"@type\":\"EntryPoint\",\"urlTemplate\":\"https:\/\/redfoxaffiliates.com\/?s={search_term_string}\"},\"query-input\":\"required name=search_term_string\"}],\"inLanguage\":\"pt-PT\"}]}<\/script>\n<!-- \/ Yoast SEO plugin. -->","yoast_head_json":{"title":"Perguntas frequentes sobre afilia\u00e7\u00e3o no mercado de lotarias","description":"Encontre respostas para as suas perguntas sobre afilia\u00e7\u00e3o em lotarias em geral e sobre o programa de afiliados da RedFoxLotto em particular","robots":{"index":"index","follow":"follow","max-snippet":"max-snippet:-1","max-image-preview":"max-image-preview:large","max-video-preview":"max-video-preview:-1"},"canonical":"https:\/\/redfoxaffiliates.com\/faq\/","og_locale":"pt_PT","og_type":"article","og_title":"Perguntas frequentes sobre afilia\u00e7\u00e3o no mercado de lotarias","og_description":"Encontre respostas para as suas perguntas sobre afilia\u00e7\u00e3o em lotarias em geral e sobre o programa de afiliados da RedFoxLotto em particular","og_url":"https:\/\/redfoxaffiliates.com\/faq\/","og_site_name":"RedFoxLotto Affiliate Program","twitter_card":"summary_large_image","twitter_misc":{"Tempo estimado de leitura":"3 minutos"},"schema":{"@context":"https:\/\/schema.org","@graph":[{"@type":"WebPage","@id":"https:\/\/redfoxaffiliates.com\/faq\/","url":"https:\/\/redfoxaffiliates.com\/faq\/","name":"Perguntas frequentes sobre afilia\u00e7\u00e3o no mercado de lotarias","isPartOf":{"@id":"https:\/\/redfoxaffiliates.com\/#website"},"datePublished":"2023-07-15T11:46:59+00:00","dateModified":"2023-07-15T11:46:59+00:00","description":"Encontre respostas para as suas perguntas sobre afilia\u00e7\u00e3o em lotarias em geral e sobre o programa de afiliados da RedFoxLotto em particular","breadcrumb":{"@id":"https:\/\/redfoxaffiliates.com\/faq\/#breadcrumb"},"inLanguage":"pt-PT","potentialAction":[{"@type":"ReadAction","target":["https:\/\/redfoxaffiliates.com\/faq\/"]}]},{"@type":"BreadcrumbList","@id":"https:\/\/redfoxaffiliates.com\/faq\/#breadcrumb","itemListElement":[{"@type":"ListItem","position":1,"name":"Home","item":"https:\/\/redfoxaffiliates.com\/pt-pt\/pagina-inicial\/"},{"@type":"ListItem","position":2,"name":"Perguntas frequentes"}]},{"@type":"WebSite","@id":"https:\/\/redfoxaffiliates.com\/#website","url":"https:\/\/redfoxaffiliates.com\/","name":"RedFoxLotto Affiliate Program","description":"The site for marketing partners of RedFoxLotto.com","potentialAction":[{"@type":"SearchAction","target":{"@type":"EntryPoint","urlTemplate":"https:\/\/redfoxaffiliates.com\/?s={search_term_string}"},"query-input":"required name=search_term_string"}],"inLanguage":"pt-PT"}]}},"_links":{"self":[{"href":"https:\/\/redfoxaffiliates.com\/pt-pt\/wp-json\/wp\/v2\/pages\/316","targetHints":{"allow":["GET"]}}],"collection":[{"href":"https:\/\/redfoxaffiliates.com\/pt-pt\/wp-json\/wp\/v2\/pages"}],"about":[{"href":"https:\/\/redfoxaffiliates.com\/pt-pt\/wp-json\/wp\/v2\/types\/page"}],"author":[{"embeddable":true,"href":"https:\/\/redfoxaffiliates.com\/pt-pt\/wp-json\/wp\/v2\/users\/1"}],"replies":[{"embeddable":true,"href":"https:\/\/redfoxaffiliates.com\/pt-pt\/wp-json\/wp\/v2\/comments?post=316"}],"version-history":[{"count":0,"href":"https:\/\/redfoxaffiliates.com\/pt-pt\/wp-json\/wp\/v2\/pages\/316\/revisions"}],"wp:attachment":[{"href":"https:\/\/redfoxaffiliates.com\/pt-pt\/wp-json\/wp\/v2\/media?parent=316"}],"curies":[{"name":"wp","href":"https:\/\/api.w.org\/{rel}","templated":true}]}}