{"id":274,"date":"2023-07-15T13:37:01","date_gmt":"2023-07-15T11:37:01","guid":{"rendered":"https:\/\/redfoxaffiliates.com\/ganhe-dinheiro-atraves-do-marketing-de-afiliados\/"},"modified":"2023-07-15T13:37:01","modified_gmt":"2023-07-15T11:37:01","slug":"ganhe-dinheiro-atraves-do-marketing-de-afiliados","status":"publish","type":"page","link":"https:\/\/redfoxaffiliates.com\/pt-pt\/ganhe-dinheiro-atraves-do-marketing-de-afiliados\/","title":{"rendered":"Ganhe dinheiro atrav\u00e9s do marketing de afiliados"},"content":{"rendered":"<h2>Ganhe comiss\u00f5es &#8211; ganhe dinheiro promovendo a RedFoxLotto como nosso afiliado.<\/h2>\n<p>Qualquer cliente que voc\u00ea trouxer ser\u00e1 seu cliente para toda a vida. N\u00e3o h\u00e1 limite de tempo para ganhar comiss\u00f5es de um cliente gerado por voc\u00ea. Nunca haver\u00e1 remo\u00e7\u00e3o de clientes da sua conta de afiliado. \u00c9 por isso que o nosso \u00e9 o melhor programa de afiliados do setor de loteria.<\/p>\n<p>As suas comiss\u00f5es ser\u00e3o pagas com base na partilha de receitas, o que significa que o volume de vendas de lotaria gerado pelas suas refer\u00eancias online determinar\u00e1 os seus ganhos com o nosso programa de afiliados.<\/p>\n<p>Os quatro n\u00edveis de comiss\u00f5es de afiliados s\u00e3o:<br \/>\nvendas brutas inferiores a 20 000,00 \u20ac: 8% das vendas brutas<br \/>\nvendas brutas entre 20 000,00 \u20ac e 50 000,00 \u20ac: 10 % das vendas l\u00edquidas<br \/>\nvendas brutas superiores a 50 000,00 \u20ac: 12% das vendas l\u00edquidas<\/p>\n<p>A percentagem de comiss\u00e3o mais elevada aplica-se apenas ao m\u00eas em que a comiss\u00e3o total gerada excede o montante especificado. Se a comiss\u00e3o for inferior no m\u00eas seguinte, ser\u00e1 aplicada a taxa correspondente ao montante da comiss\u00e3o atual.<\/p>\n<h2>Por que n\u00e3o CPA? Por que \u00e9 que um acordo de partilha de receitas \u00e9 a sua melhor op\u00e7\u00e3o?<\/h2>\n<p>Se n\u00e3o est\u00e1 familiarizado com o termo CPA, ele significa Custo por A\u00e7\u00e3o: recebe um pagamento \u00fanico por cada cliente que faz a sua primeira compra online. Alguns programas de afiliados pagam a comiss\u00e3o CPA somente depois que o jogador atinge um requisito m\u00ednimo de gastos.<\/p>\n<p>Dito isso, o modelo de comiss\u00e3o CPA n\u00e3o faz sentido neste setor espec\u00edfico. Em primeiro lugar, a vida \u00fatil de um primeiro depositante \u00e9 muito mais longa do que em qualquer outro setor de jogos de azar online. Os jogadores de loteria normalmente compram bilhetes de loteria ao longo de suas vidas. Em segundo lugar, os nossos melhores clientes compram bilhetes de lotaria online no valor de centenas de euros numa \u00fanica transa\u00e7\u00e3o. Isso acontece com mais frequ\u00eancia quando os jackpots s\u00e3o muito altos, e essa \u00e9 uma das raz\u00f5es pelas quais, a longo prazo, ganhar\u00e1 mais dinheiro com um programa de afiliados que paga com base na partilha de receitas.<\/p>\n<p>Geralmente, no setor das lotarias, o melhor que pode fazer \u00e9 promover um programa de parceria com um acordo de percentagem vital\u00edcia. No entanto, em casos excecionais, depois de trabalhar connosco durante algum tempo, pode ser discutido um acordo CPA com base no desempenho dos clientes que trouxe.<\/p>\n<h2>Comiss\u00e3o de subafiliado<\/h2>\n<p>Por cada subafiliado trazido por si, ganhar\u00e1 2% do valor bruto das vendas de lotaria geradas por esse afiliado.<\/p>\n","protected":false},"excerpt":{"rendered":"<p>Ganhe comiss\u00f5es &#8211; ganhe dinheiro promovendo a RedFoxLotto como nosso afiliado. Qualquer cliente que voc\u00ea trouxer ser\u00e1 seu cliente para toda a vida. N\u00e3o h\u00e1 limite de tempo para ganhar comiss\u00f5es de um cliente gerado por voc\u00ea. Nunca haver\u00e1 remo\u00e7\u00e3o de clientes da sua conta de afiliado. \u00c9 por isso<\/p>\n<p><a href=\"https:\/\/redfoxaffiliates.com\/pt-pt\/ganhe-dinheiro-atraves-do-marketing-de-afiliados\/\" class=\"more-link\">Continue Reading<span class=\"screen-reader-text\">Ganhe dinheiro atrav\u00e9s do marketing de afiliados<\/span><\/a><\/p>\n","protected":false},"author":1,"featured_media":0,"parent":0,"menu_order":2,"comment_status":"closed","ping_status":"closed","template":"","meta":{"footnotes":""},"class_list":["post-274","page","type-page","status-publish","hentry"],"yoast_head":"<!-- This site is optimized with the Yoast SEO plugin v22.4 - https:\/\/yoast.com\/wordpress\/plugins\/seo\/ -->\n<title>Como ganhar dinheiro com o nosso programa de afiliados de lotaria<\/title>\n<meta name=\"description\" content=\"Por cada indica\u00e7\u00e3o, ganha uma comiss\u00e3o vital\u00edcia sobre todas as suas compras. Veja quanto dinheiro pode ganhar com o nosso programa de afiliados\" \/>\n<meta name=\"robots\" content=\"index, follow, max-snippet:-1, max-image-preview:large, max-video-preview:-1\" \/>\n<link rel=\"canonical\" href=\"https:\/\/redfoxaffiliates.com\/make-money-with-our-lottery-affliate-program\/\" \/>\n<meta property=\"og:locale\" content=\"pt_PT\" \/>\n<meta property=\"og:type\" content=\"article\" \/>\n<meta property=\"og:title\" content=\"Como ganhar dinheiro com o nosso programa de afiliados de lotaria\" \/>\n<meta property=\"og:description\" content=\"Por cada indica\u00e7\u00e3o, ganha uma comiss\u00e3o vital\u00edcia sobre todas as suas compras. Veja quanto dinheiro pode ganhar com o nosso programa de afiliados\" \/>\n<meta property=\"og:url\" content=\"https:\/\/redfoxaffiliates.com\/make-money-with-our-lottery-affliate-program\/\" \/>\n<meta property=\"og:site_name\" content=\"RedFoxLotto Affiliate Program\" \/>\n<meta name=\"twitter:card\" content=\"summary_large_image\" \/>\n<meta name=\"twitter:label1\" content=\"Tempo estimado de leitura\" \/>\n\t<meta name=\"twitter:data1\" content=\"2 minutos\" \/>\n<script type=\"application\/ld+json\" class=\"yoast-schema-graph\">{\"@context\":\"https:\/\/schema.org\",\"@graph\":[{\"@type\":\"WebPage\",\"@id\":\"https:\/\/redfoxaffiliates.com\/make-money-with-our-lottery-affliate-program\/\",\"url\":\"https:\/\/redfoxaffiliates.com\/make-money-with-our-lottery-affliate-program\/\",\"name\":\"Como ganhar dinheiro com o nosso programa de afiliados de lotaria\",\"isPartOf\":{\"@id\":\"https:\/\/redfoxaffiliates.com\/#website\"},\"datePublished\":\"2023-07-15T11:37:01+00:00\",\"dateModified\":\"2023-07-15T11:37:01+00:00\",\"description\":\"Por cada indica\u00e7\u00e3o, ganha uma comiss\u00e3o vital\u00edcia sobre todas as suas compras. Veja quanto dinheiro pode ganhar com o nosso programa de afiliados\",\"breadcrumb\":{\"@id\":\"https:\/\/redfoxaffiliates.com\/make-money-with-our-lottery-affliate-program\/#breadcrumb\"},\"inLanguage\":\"pt-PT\",\"potentialAction\":[{\"@type\":\"ReadAction\",\"target\":[\"https:\/\/redfoxaffiliates.com\/make-money-with-our-lottery-affliate-program\/\"]}]},{\"@type\":\"BreadcrumbList\",\"@id\":\"https:\/\/redfoxaffiliates.com\/make-money-with-our-lottery-affliate-program\/#breadcrumb\",\"itemListElement\":[{\"@type\":\"ListItem\",\"position\":1,\"name\":\"Home\",\"item\":\"https:\/\/redfoxaffiliates.com\/pt-pt\/pagina-inicial\/\"},{\"@type\":\"ListItem\",\"position\":2,\"name\":\"Ganhe dinheiro atrav\u00e9s do marketing de afiliados\"}]},{\"@type\":\"WebSite\",\"@id\":\"https:\/\/redfoxaffiliates.com\/#website\",\"url\":\"https:\/\/redfoxaffiliates.com\/\",\"name\":\"RedFoxLotto Affiliate Program\",\"description\":\"The site for marketing partners of RedFoxLotto.com\",\"potentialAction\":[{\"@type\":\"SearchAction\",\"target\":{\"@type\":\"EntryPoint\",\"urlTemplate\":\"https:\/\/redfoxaffiliates.com\/?s={search_term_string}\"},\"query-input\":\"required name=search_term_string\"}],\"inLanguage\":\"pt-PT\"}]}<\/script>\n<!-- \/ Yoast SEO plugin. -->","yoast_head_json":{"title":"Como ganhar dinheiro com o nosso programa de afiliados de lotaria","description":"Por cada indica\u00e7\u00e3o, ganha uma comiss\u00e3o vital\u00edcia sobre todas as suas compras. Veja quanto dinheiro pode ganhar com o nosso programa de afiliados","robots":{"index":"index","follow":"follow","max-snippet":"max-snippet:-1","max-image-preview":"max-image-preview:large","max-video-preview":"max-video-preview:-1"},"canonical":"https:\/\/redfoxaffiliates.com\/make-money-with-our-lottery-affliate-program\/","og_locale":"pt_PT","og_type":"article","og_title":"Como ganhar dinheiro com o nosso programa de afiliados de lotaria","og_description":"Por cada indica\u00e7\u00e3o, ganha uma comiss\u00e3o vital\u00edcia sobre todas as suas compras. Veja quanto dinheiro pode ganhar com o nosso programa de afiliados","og_url":"https:\/\/redfoxaffiliates.com\/make-money-with-our-lottery-affliate-program\/","og_site_name":"RedFoxLotto Affiliate Program","twitter_card":"summary_large_image","twitter_misc":{"Tempo estimado de leitura":"2 minutos"},"schema":{"@context":"https:\/\/schema.org","@graph":[{"@type":"WebPage","@id":"https:\/\/redfoxaffiliates.com\/make-money-with-our-lottery-affliate-program\/","url":"https:\/\/redfoxaffiliates.com\/make-money-with-our-lottery-affliate-program\/","name":"Como ganhar dinheiro com o nosso programa de afiliados de lotaria","isPartOf":{"@id":"https:\/\/redfoxaffiliates.com\/#website"},"datePublished":"2023-07-15T11:37:01+00:00","dateModified":"2023-07-15T11:37:01+00:00","description":"Por cada indica\u00e7\u00e3o, ganha uma comiss\u00e3o vital\u00edcia sobre todas as suas compras. Veja quanto dinheiro pode ganhar com o nosso programa de afiliados","breadcrumb":{"@id":"https:\/\/redfoxaffiliates.com\/make-money-with-our-lottery-affliate-program\/#breadcrumb"},"inLanguage":"pt-PT","potentialAction":[{"@type":"ReadAction","target":["https:\/\/redfoxaffiliates.com\/make-money-with-our-lottery-affliate-program\/"]}]},{"@type":"BreadcrumbList","@id":"https:\/\/redfoxaffiliates.com\/make-money-with-our-lottery-affliate-program\/#breadcrumb","itemListElement":[{"@type":"ListItem","position":1,"name":"Home","item":"https:\/\/redfoxaffiliates.com\/pt-pt\/pagina-inicial\/"},{"@type":"ListItem","position":2,"name":"Ganhe dinheiro atrav\u00e9s do marketing de afiliados"}]},{"@type":"WebSite","@id":"https:\/\/redfoxaffiliates.com\/#website","url":"https:\/\/redfoxaffiliates.com\/","name":"RedFoxLotto Affiliate Program","description":"The site for marketing partners of RedFoxLotto.com","potentialAction":[{"@type":"SearchAction","target":{"@type":"EntryPoint","urlTemplate":"https:\/\/redfoxaffiliates.com\/?s={search_term_string}"},"query-input":"required name=search_term_string"}],"inLanguage":"pt-PT"}]}},"_links":{"self":[{"href":"https:\/\/redfoxaffiliates.com\/pt-pt\/wp-json\/wp\/v2\/pages\/274","targetHints":{"allow":["GET"]}}],"collection":[{"href":"https:\/\/redfoxaffiliates.com\/pt-pt\/wp-json\/wp\/v2\/pages"}],"about":[{"href":"https:\/\/redfoxaffiliates.com\/pt-pt\/wp-json\/wp\/v2\/types\/page"}],"author":[{"embeddable":true,"href":"https:\/\/redfoxaffiliates.com\/pt-pt\/wp-json\/wp\/v2\/users\/1"}],"replies":[{"embeddable":true,"href":"https:\/\/redfoxaffiliates.com\/pt-pt\/wp-json\/wp\/v2\/comments?post=274"}],"version-history":[{"count":0,"href":"https:\/\/redfoxaffiliates.com\/pt-pt\/wp-json\/wp\/v2\/pages\/274\/revisions"}],"wp:attachment":[{"href":"https:\/\/redfoxaffiliates.com\/pt-pt\/wp-json\/wp\/v2\/media?parent=274"}],"curies":[{"name":"wp","href":"https:\/\/api.w.org\/{rel}","templated":true}]}}