{"id":270,"date":"2023-07-15T13:33:10","date_gmt":"2023-07-15T11:33:10","guid":{"rendered":"https:\/\/redfoxaffiliates.com\/por-que-se-tornar-um-afiliado-de-loteria\/"},"modified":"2023-07-15T13:33:10","modified_gmt":"2023-07-15T11:33:10","slug":"por-que-se-tornar-um-afiliado-de-loteria","status":"publish","type":"page","link":"https:\/\/redfoxaffiliates.com\/pt-pt\/por-que-se-tornar-um-afiliado-de-loteria\/","title":{"rendered":"Por que se tornar um afiliado de loteria?"},"content":{"rendered":"<h2>Qual \u00e9 o nosso produto?<\/h2>\n<p>A RedFoxLotto vende bilhetes de loteria online. Oferecemos aos clientes em todo o mundo uma forma de participar de loterias com jackpots enormes, como a Mega Millions e a Powerball dos EUA, e grandes loterias europeias, como a EuroMillions, a EuroJackpot e a SuperEnalotto.<\/p>\n<p>Atrav\u00e9s de n\u00f3s, os clientes podem comprar bilhetes para lotarias em outros pa\u00edses al\u00e9m do seu. Para tornar isso poss\u00edvel, trabalhamos com v\u00e1rios agentes localizados nos pa\u00edses onde as lotarias s\u00e3o realizadas. Assim que um bilhete \u00e9 encomendado online, um dos nossos agentes compra-o para os nossos clientes. Feito isso, confirmamos a compra ao nosso cliente. Sempre que um bilhete \u00e9 comprado atrav\u00e9s de n\u00f3s, tamb\u00e9m processamos os pagamentos aos nossos clientes.<\/p>\n<p>Talvez j\u00e1 tenha ouvido falar do termo \u00abmercado secund\u00e1rio de lotarias\u00bb &#8211; esse \u00e9 o termo usado para este mercado. Sendo uma ind\u00fastria multimilion\u00e1ria, a lotaria n\u00e3o se limita \u00e0s ofertas locais (se \u00e9 que existe lotaria no seu pa\u00eds de resid\u00eancia). A procura pelo nosso servi\u00e7o de bilhetes \u00e9 muito alta. Especialmente quando not\u00edcias sobre jackpots que atingem valores enormes chegam \u00e0s manchetes em todo o mundo, os bilhetes online \u00abvoam das prateleiras\u00bb, por assim dizer.<\/p>\n<h2>Raz\u00f5es para promover a RedFoxLotto<\/h2>\n<h3>\u00d3timas convers\u00f5es<\/h3>\n<p>O nosso site, https:\/\/redfoxlotto.com, foi otimizado para tornar o processo de compra o mais simples poss\u00edvel. Isto \u00e9 importante para garantir uma alta taxa de convers\u00e3o. Quanto melhor convertemos o seu tr\u00e1fego, mais dinheiro voc\u00ea ganha.<\/p>\n<h2>Excelente reten\u00e7\u00e3o de clientes<\/h2>\n<p>O valor do cliente ao longo da vida \u00e9 um dos melhores aspetos desta ind\u00fastria. Uma elevada percentagem dos nossos clientes regressa e compra mais bilhetes semana ap\u00f3s semana, durante anos!<\/p>\n<h2>Uma variedade de processadores de pagamento \u00e9 igualmente importante<\/h2>\n<p>Esfor\u00e7amo-nos por oferecer uma ampla gama de op\u00e7\u00f5es aqui. Isto \u00e9 importante para garantir que os visitantes de qualquer pa\u00eds possam pagar facilmente os seus bilhetes. Dito isto, os pagamentos com cart\u00e3o de cr\u00e9dito ainda representam a maior parte das vendas. Mas op\u00e7\u00f5es como Bitcoin e eWallets est\u00e3o a tornar-se cada vez mais importantes.<\/p>\n<p>Comprometemo-nos a gerir um programa de afiliados honesto e \u00e9tico. A maioria dos programas neste setor \u00e9 conhecida por enganar os seus afiliados de uma forma ou de outra. Um antigo afiliado criou a marca RedFoxLotto. O mesmo antigo afiliado \u00e9 respons\u00e1vel pelo programa de afiliados. Leia o nosso artigo sobre afilia\u00e7\u00e3o e \u00e9tica &#8211; ir\u00e1 ajud\u00e1-lo a compreender melhor a nossa posi\u00e7\u00e3o.<\/p>\n<h2>Taxas de comiss\u00e3o acima do padr\u00e3o do setor<\/h2>\n<p>Ganhe at\u00e9 12% do valor bruto das vendas geradas pelas suas refer\u00eancias.<\/p>\n<h2>Afilia\u00e7\u00e3o de segundo n\u00edvel<\/h2>\n<p>Isso significa que, se trouxer subafiliados adicionais, tamb\u00e9m ganhar\u00e1 uma comiss\u00e3o de 2% sobre as vendas geradas pelas refer\u00eancias deles.<\/p>\n<h2>Pagamento pontual das comiss\u00f5es<\/h2>\n<p>Pagamos as suas comiss\u00f5es do m\u00eas anterior no dia 15 do m\u00eas seguinte. Pode escolher entre v\u00e1rias op\u00e7\u00f5es de pagamento.<\/p>\n<h2>Quem pode se tornar um afiliado e como pode promover-nos?<\/h2>\n<p>Bem, literalmente qualquer pessoa! Pode ter um site relacionado com lotaria. Se for esse o caso, a sua taxa de convers\u00e3o ser\u00e1 alta, pois o nosso produto tem repercuss\u00e3o junto ao seu p\u00fablico.<\/p>\n<p>Ou pode ter um site sobre um tema diferente e estar \u00e0 procura de maneiras de monetizar o seu tr\u00e1fego. Todo mundo adora jogar na loteria, e os seus ganhos depender\u00e3o principalmente da quantidade de tr\u00e1fego que o seu site tem.<\/p>\n<p>As listas de e-mail s\u00e3o uma \u00f3tima ferramenta para gerar novos clientes. N\u00e3o toleramos spam, por isso certifique-se de que a sua lista de e-mail cont\u00e9m apenas contactos que optaram por receber os seus e-mails de marketing.<\/p>\n<p>Alguns dos nossos afiliados empregam estrat\u00e9gias offline para nos promover. Eles criaram o seu pr\u00f3prio site de lotaria com links de afiliados que apontam para o RedFoxLotto.com. Em seguida, distribuem panfletos, cart\u00f5es de visita e outros materiais de marketing para promover o seu site, gerando tr\u00e1fego e, por fim, vendas no RedFoxLotto.com.<\/p>\n","protected":false},"excerpt":{"rendered":"<p>Qual \u00e9 o nosso produto? A RedFoxLotto vende bilhetes de loteria online. Oferecemos aos clientes em todo o mundo uma forma de participar de loterias com jackpots enormes, como a Mega Millions e a Powerball dos EUA, e grandes loterias europeias, como a EuroMillions, a EuroJackpot e a SuperEnalotto. Atrav\u00e9s<\/p>\n<p><a href=\"https:\/\/redfoxaffiliates.com\/pt-pt\/por-que-se-tornar-um-afiliado-de-loteria\/\" class=\"more-link\">Continue Reading<span class=\"screen-reader-text\">Por que se tornar um afiliado de loteria?<\/span><\/a><\/p>\n","protected":false},"author":1,"featured_media":0,"parent":0,"menu_order":1,"comment_status":"closed","ping_status":"closed","template":"","meta":{"footnotes":""},"class_list":["post-270","page","type-page","status-publish","hentry"],"yoast_head":"<!-- This site is optimized with the Yoast SEO plugin v22.4 - https:\/\/yoast.com\/wordpress\/plugins\/seo\/ -->\n<title>Por que aderir ao programa de afiliados da RedFoxLotto?<\/title>\n<meta name=\"description\" content=\"Raz\u00f5es para se juntar a n\u00f3s e tornar-se um afiliado e parceiro de vendas da RedFoxLotto. Ganhe comiss\u00f5es em todas as vendas realizadas pelos seus clientes indicados para sempre!\" \/>\n<meta name=\"robots\" content=\"index, follow, max-snippet:-1, max-image-preview:large, max-video-preview:-1\" \/>\n<link rel=\"canonical\" href=\"https:\/\/redfoxaffiliates.com\/why-become-a-lottery-affiliate\/\" \/>\n<meta property=\"og:locale\" content=\"pt_PT\" \/>\n<meta property=\"og:type\" content=\"article\" \/>\n<meta property=\"og:title\" content=\"Por que aderir ao programa de afiliados da RedFoxLotto?\" \/>\n<meta property=\"og:description\" content=\"Raz\u00f5es para se juntar a n\u00f3s e tornar-se um afiliado e parceiro de vendas da RedFoxLotto. Ganhe comiss\u00f5es em todas as vendas realizadas pelos seus clientes indicados para sempre!\" \/>\n<meta property=\"og:url\" content=\"https:\/\/redfoxaffiliates.com\/why-become-a-lottery-affiliate\/\" \/>\n<meta property=\"og:site_name\" content=\"RedFoxLotto Affiliate Program\" \/>\n<meta name=\"twitter:card\" content=\"summary_large_image\" \/>\n<meta name=\"twitter:label1\" content=\"Tempo estimado de leitura\" \/>\n\t<meta name=\"twitter:data1\" content=\"3 minutos\" \/>\n<script type=\"application\/ld+json\" class=\"yoast-schema-graph\">{\"@context\":\"https:\/\/schema.org\",\"@graph\":[{\"@type\":\"WebPage\",\"@id\":\"https:\/\/redfoxaffiliates.com\/why-become-a-lottery-affiliate\/\",\"url\":\"https:\/\/redfoxaffiliates.com\/why-become-a-lottery-affiliate\/\",\"name\":\"Por que aderir ao programa de afiliados da RedFoxLotto?\",\"isPartOf\":{\"@id\":\"https:\/\/redfoxaffiliates.com\/#website\"},\"datePublished\":\"2023-07-15T11:33:10+00:00\",\"dateModified\":\"2023-07-15T11:33:10+00:00\",\"description\":\"Raz\u00f5es para se juntar a n\u00f3s e tornar-se um afiliado e parceiro de vendas da RedFoxLotto. Ganhe comiss\u00f5es em todas as vendas realizadas pelos seus clientes indicados para sempre!\",\"breadcrumb\":{\"@id\":\"https:\/\/redfoxaffiliates.com\/why-become-a-lottery-affiliate\/#breadcrumb\"},\"inLanguage\":\"pt-PT\",\"potentialAction\":[{\"@type\":\"ReadAction\",\"target\":[\"https:\/\/redfoxaffiliates.com\/why-become-a-lottery-affiliate\/\"]}]},{\"@type\":\"BreadcrumbList\",\"@id\":\"https:\/\/redfoxaffiliates.com\/why-become-a-lottery-affiliate\/#breadcrumb\",\"itemListElement\":[{\"@type\":\"ListItem\",\"position\":1,\"name\":\"Home\",\"item\":\"https:\/\/redfoxaffiliates.com\/pt-pt\/pagina-inicial\/\"},{\"@type\":\"ListItem\",\"position\":2,\"name\":\"Por que se tornar um afiliado de loteria?\"}]},{\"@type\":\"WebSite\",\"@id\":\"https:\/\/redfoxaffiliates.com\/#website\",\"url\":\"https:\/\/redfoxaffiliates.com\/\",\"name\":\"RedFoxLotto Affiliate Program\",\"description\":\"The site for marketing partners of RedFoxLotto.com\",\"potentialAction\":[{\"@type\":\"SearchAction\",\"target\":{\"@type\":\"EntryPoint\",\"urlTemplate\":\"https:\/\/redfoxaffiliates.com\/?s={search_term_string}\"},\"query-input\":\"required name=search_term_string\"}],\"inLanguage\":\"pt-PT\"}]}<\/script>\n<!-- \/ Yoast SEO plugin. -->","yoast_head_json":{"title":"Por que aderir ao programa de afiliados da RedFoxLotto?","description":"Raz\u00f5es para se juntar a n\u00f3s e tornar-se um afiliado e parceiro de vendas da RedFoxLotto. Ganhe comiss\u00f5es em todas as vendas realizadas pelos seus clientes indicados para sempre!","robots":{"index":"index","follow":"follow","max-snippet":"max-snippet:-1","max-image-preview":"max-image-preview:large","max-video-preview":"max-video-preview:-1"},"canonical":"https:\/\/redfoxaffiliates.com\/why-become-a-lottery-affiliate\/","og_locale":"pt_PT","og_type":"article","og_title":"Por que aderir ao programa de afiliados da RedFoxLotto?","og_description":"Raz\u00f5es para se juntar a n\u00f3s e tornar-se um afiliado e parceiro de vendas da RedFoxLotto. Ganhe comiss\u00f5es em todas as vendas realizadas pelos seus clientes indicados para sempre!","og_url":"https:\/\/redfoxaffiliates.com\/why-become-a-lottery-affiliate\/","og_site_name":"RedFoxLotto Affiliate Program","twitter_card":"summary_large_image","twitter_misc":{"Tempo estimado de leitura":"3 minutos"},"schema":{"@context":"https:\/\/schema.org","@graph":[{"@type":"WebPage","@id":"https:\/\/redfoxaffiliates.com\/why-become-a-lottery-affiliate\/","url":"https:\/\/redfoxaffiliates.com\/why-become-a-lottery-affiliate\/","name":"Por que aderir ao programa de afiliados da RedFoxLotto?","isPartOf":{"@id":"https:\/\/redfoxaffiliates.com\/#website"},"datePublished":"2023-07-15T11:33:10+00:00","dateModified":"2023-07-15T11:33:10+00:00","description":"Raz\u00f5es para se juntar a n\u00f3s e tornar-se um afiliado e parceiro de vendas da RedFoxLotto. Ganhe comiss\u00f5es em todas as vendas realizadas pelos seus clientes indicados para sempre!","breadcrumb":{"@id":"https:\/\/redfoxaffiliates.com\/why-become-a-lottery-affiliate\/#breadcrumb"},"inLanguage":"pt-PT","potentialAction":[{"@type":"ReadAction","target":["https:\/\/redfoxaffiliates.com\/why-become-a-lottery-affiliate\/"]}]},{"@type":"BreadcrumbList","@id":"https:\/\/redfoxaffiliates.com\/why-become-a-lottery-affiliate\/#breadcrumb","itemListElement":[{"@type":"ListItem","position":1,"name":"Home","item":"https:\/\/redfoxaffiliates.com\/pt-pt\/pagina-inicial\/"},{"@type":"ListItem","position":2,"name":"Por que se tornar um afiliado de loteria?"}]},{"@type":"WebSite","@id":"https:\/\/redfoxaffiliates.com\/#website","url":"https:\/\/redfoxaffiliates.com\/","name":"RedFoxLotto Affiliate Program","description":"The site for marketing partners of RedFoxLotto.com","potentialAction":[{"@type":"SearchAction","target":{"@type":"EntryPoint","urlTemplate":"https:\/\/redfoxaffiliates.com\/?s={search_term_string}"},"query-input":"required name=search_term_string"}],"inLanguage":"pt-PT"}]}},"_links":{"self":[{"href":"https:\/\/redfoxaffiliates.com\/pt-pt\/wp-json\/wp\/v2\/pages\/270","targetHints":{"allow":["GET"]}}],"collection":[{"href":"https:\/\/redfoxaffiliates.com\/pt-pt\/wp-json\/wp\/v2\/pages"}],"about":[{"href":"https:\/\/redfoxaffiliates.com\/pt-pt\/wp-json\/wp\/v2\/types\/page"}],"author":[{"embeddable":true,"href":"https:\/\/redfoxaffiliates.com\/pt-pt\/wp-json\/wp\/v2\/users\/1"}],"replies":[{"embeddable":true,"href":"https:\/\/redfoxaffiliates.com\/pt-pt\/wp-json\/wp\/v2\/comments?post=270"}],"version-history":[{"count":0,"href":"https:\/\/redfoxaffiliates.com\/pt-pt\/wp-json\/wp\/v2\/pages\/270\/revisions"}],"wp:attachment":[{"href":"https:\/\/redfoxaffiliates.com\/pt-pt\/wp-json\/wp\/v2\/media?parent=270"}],"curies":[{"name":"wp","href":"https:\/\/api.w.org\/{rel}","templated":true}]}}