{"id":162,"date":"2023-07-15T08:09:36","date_gmt":"2023-07-15T06:09:36","guid":{"rendered":"https:\/\/redfoxaffiliates.com\/pagina-inicial\/"},"modified":"2026-01-03T10:25:51","modified_gmt":"2026-01-03T09:25:51","slug":"pagina-inicial","status":"publish","type":"page","link":"https:\/\/redfoxaffiliates.com\/pt-pt\/","title":{"rendered":"P\u00e1gina inicial"},"content":{"rendered":"&#13;\n<p>RedFoxAffiliates.com \u00e9 o programa de afiliados para RedFoxLotto.com. RedFoxLotto \u00e9 um servi\u00e7o de entrega de bilhetes de lotaria. Atrav\u00e9s do site RedFoxLotto.com, f\u00e3s de lotaria de todo o mundo podem encomendar bilhetes reais para um grande n\u00famero de lotarias internacionais.<\/p>&#13;\n<h2>Consegue atrair tr\u00e1fego?<\/h2>&#13;\n<p>Se conseguir atrair tr\u00e1fego (novos clientes potenciais) para o nosso site, ganhar\u00e1 comiss\u00f5es. Envie-nos tr\u00e1fego e n\u00f3s convertemo-lo. Mais tr\u00e1fego significa mais clientes pagantes e comiss\u00f5es mais altas para si.&#13;\n<\/p>&#13;\n<h2>O nosso servi\u00e7o de bilhetes de lotaria \u00e9 o produto ideal para promover online<\/h2>&#13;\n<p>\u00c9 um produto simples que toda a gente em todo o mundo conhece. Os enormes jackpots geram um interesse significativo por parte de um p\u00fablico global.&#13;\n<\/p>&#13;\n<h2>Convers\u00e3o f\u00e1cil &#8211; de visitante a cliente<\/h2>&#13;\n<p>Adquirir bilhetes online atrav\u00e9s do nosso site \u00e9 muito f\u00e1cil. O registo em redfoxlotto.com demora apenas alguns segundos, e encomendar um bilhete e pagar online \u00e9 igualmente r\u00e1pido e simples. Voc\u00ea envia os seus visitantes para n\u00f3s e n\u00f3s convertemo-los.&#13;\n<\/p>&#13;\n<h2>Os nossos clientes s\u00e3o fi\u00e9is &#8211; eles voltam e compram mais bilhetes por muito tempo.<\/h2>&#13;\n<p>Depois que os seus visitantes fizerem a primeira compra, eles continuar\u00e3o voltando para comprar bilhetes adicionais. Muitos dos nossos clientes est\u00e3o conosco h\u00e1 dez anos ou mais. Se indicar um cliente para n\u00f3s, \u00e9 prov\u00e1vel que ganhe comiss\u00f5es sobre as compras desse cliente nos pr\u00f3ximos anos!&#13;\n<\/p>&#13;\n<p>Inscreva-se agora no nosso programa de afiliados. A inscri\u00e7\u00e3o \u00e9 gratuita. Consulte primeiro a nossa p\u00e1gina de perguntas frequentes se tiver d\u00favidas. Contacte-nos se tiver mais perguntas.&#13;\n<\/p>&#13;\n<p>Siga este link para se inscrever no nosso programa de afiliados. Depois de se registar, receber\u00e1 um e-mail nosso. N\u00e3o se esque\u00e7a de clicar no link de confirma\u00e7\u00e3o nesse e-mail. O seu registo ser\u00e1 analisado e a sua conta de afiliado ser\u00e1 ativada dentro de 48 horas.<\/p>&#13;\n<p>\u00a0<\/p>&#13;\n","protected":false},"excerpt":{"rendered":"<p>&#13; RedFoxAffiliates.com \u00e9 o programa de afiliados para RedFoxLotto.com. RedFoxLotto \u00e9 um servi\u00e7o de entrega de bilhetes de lotaria. Atrav\u00e9s do site RedFoxLotto.com, f\u00e3s de lotaria de todo o mundo podem encomendar bilhetes reais para um grande n\u00famero de lotarias internacionais. &#13; Consegue atrair tr\u00e1fego? &#13; Se conseguir atrair tr\u00e1fego<\/p>\n<p><a href=\"https:\/\/redfoxaffiliates.com\/pt-pt\/\" class=\"more-link\">Continue Reading<span class=\"screen-reader-text\">P\u00e1gina inicial<\/span><\/a><\/p>\n","protected":false},"author":1,"featured_media":0,"parent":0,"menu_order":0,"comment_status":"closed","ping_status":"closed","template":"","meta":{"footnotes":""},"class_list":["post-162","page","type-page","status-publish","hentry"],"yoast_head":"<!-- This site is optimized with the Yoast SEO plugin v22.4 - https:\/\/yoast.com\/wordpress\/plugins\/seo\/ -->\n<title>Programa de afiliados da RedFoxLotto.com<\/title>\n<meta name=\"description\" content=\"O nosso programa de afiliados permite que os parceiros da RedFoxLotto ganhem comiss\u00f5es pelas suas refer\u00eancias. Torne-se um parceiro de vendas e comece a promover o nosso servi\u00e7o de bilhetes de lotaria online hoje mesmo!\" \/>\n<meta name=\"robots\" content=\"index, follow, max-snippet:-1, max-image-preview:large, max-video-preview:-1\" \/>\n<link rel=\"canonical\" href=\"https:\/\/redfoxaffiliates.com\/pt-pt\/pagina-inicial\/\" \/>\n<meta property=\"og:locale\" content=\"pt_PT\" \/>\n<meta property=\"og:type\" content=\"article\" \/>\n<meta property=\"og:title\" content=\"Programa de afiliados da RedFoxLotto.com\" \/>\n<meta property=\"og:description\" content=\"O nosso programa de afiliados permite que os parceiros da RedFoxLotto ganhem comiss\u00f5es pelas suas refer\u00eancias. Torne-se um parceiro de vendas e comece a promover o nosso servi\u00e7o de bilhetes de lotaria online hoje mesmo!\" \/>\n<meta property=\"og:url\" content=\"https:\/\/redfoxaffiliates.com\/pt-pt\/pagina-inicial\/\" \/>\n<meta property=\"og:site_name\" content=\"RedFoxLotto Affiliate Program\" \/>\n<meta property=\"article:modified_time\" content=\"2026-01-03T09:25:51+00:00\" \/>\n<meta name=\"twitter:card\" content=\"summary_large_image\" \/>\n<meta name=\"twitter:label1\" content=\"Tempo estimado de leitura\" \/>\n\t<meta name=\"twitter:data1\" content=\"2 minutos\" \/>\n<script type=\"application\/ld+json\" class=\"yoast-schema-graph\">{\"@context\":\"https:\/\/schema.org\",\"@graph\":[{\"@type\":\"WebPage\",\"@id\":\"https:\/\/redfoxaffiliates.com\/pt-pt\/pagina-inicial\/\",\"url\":\"https:\/\/redfoxaffiliates.com\/pt-pt\/pagina-inicial\/\",\"name\":\"Programa de afiliados da RedFoxLotto.com\",\"isPartOf\":{\"@id\":\"https:\/\/redfoxaffiliates.com\/#website\"},\"datePublished\":\"2023-07-15T06:09:36+00:00\",\"dateModified\":\"2026-01-03T09:25:51+00:00\",\"description\":\"O nosso programa de afiliados permite que os parceiros da RedFoxLotto ganhem comiss\u00f5es pelas suas refer\u00eancias. Torne-se um parceiro de vendas e comece a promover o nosso servi\u00e7o de bilhetes de lotaria online hoje mesmo!\",\"breadcrumb\":{\"@id\":\"https:\/\/redfoxaffiliates.com\/pt-pt\/pagina-inicial\/#breadcrumb\"},\"inLanguage\":\"pt-PT\",\"potentialAction\":[{\"@type\":\"ReadAction\",\"target\":[\"https:\/\/redfoxaffiliates.com\/pt-pt\/pagina-inicial\/\"]}]},{\"@type\":\"BreadcrumbList\",\"@id\":\"https:\/\/redfoxaffiliates.com\/pt-pt\/pagina-inicial\/#breadcrumb\",\"itemListElement\":[{\"@type\":\"ListItem\",\"position\":1,\"name\":\"Home\",\"item\":\"https:\/\/redfoxaffiliates.com\/pt-pt\/pagina-inicial\/\"},{\"@type\":\"ListItem\",\"position\":2,\"name\":\"P\u00e1gina inicial\"}]},{\"@type\":\"WebSite\",\"@id\":\"https:\/\/redfoxaffiliates.com\/#website\",\"url\":\"https:\/\/redfoxaffiliates.com\/\",\"name\":\"RedFoxLotto Affiliate Program\",\"description\":\"The site for marketing partners of RedFoxLotto.com\",\"potentialAction\":[{\"@type\":\"SearchAction\",\"target\":{\"@type\":\"EntryPoint\",\"urlTemplate\":\"https:\/\/redfoxaffiliates.com\/?s={search_term_string}\"},\"query-input\":\"required name=search_term_string\"}],\"inLanguage\":\"pt-PT\"}]}<\/script>\n<!-- \/ Yoast SEO plugin. -->","yoast_head_json":{"title":"Programa de afiliados da RedFoxLotto.com","description":"O nosso programa de afiliados permite que os parceiros da RedFoxLotto ganhem comiss\u00f5es pelas suas refer\u00eancias. Torne-se um parceiro de vendas e comece a promover o nosso servi\u00e7o de bilhetes de lotaria online hoje mesmo!","robots":{"index":"index","follow":"follow","max-snippet":"max-snippet:-1","max-image-preview":"max-image-preview:large","max-video-preview":"max-video-preview:-1"},"canonical":"https:\/\/redfoxaffiliates.com\/pt-pt\/pagina-inicial\/","og_locale":"pt_PT","og_type":"article","og_title":"Programa de afiliados da RedFoxLotto.com","og_description":"O nosso programa de afiliados permite que os parceiros da RedFoxLotto ganhem comiss\u00f5es pelas suas refer\u00eancias. Torne-se um parceiro de vendas e comece a promover o nosso servi\u00e7o de bilhetes de lotaria online hoje mesmo!","og_url":"https:\/\/redfoxaffiliates.com\/pt-pt\/pagina-inicial\/","og_site_name":"RedFoxLotto Affiliate Program","article_modified_time":"2026-01-03T09:25:51+00:00","twitter_card":"summary_large_image","twitter_misc":{"Tempo estimado de leitura":"2 minutos"},"schema":{"@context":"https:\/\/schema.org","@graph":[{"@type":"WebPage","@id":"https:\/\/redfoxaffiliates.com\/pt-pt\/pagina-inicial\/","url":"https:\/\/redfoxaffiliates.com\/pt-pt\/pagina-inicial\/","name":"Programa de afiliados da RedFoxLotto.com","isPartOf":{"@id":"https:\/\/redfoxaffiliates.com\/#website"},"datePublished":"2023-07-15T06:09:36+00:00","dateModified":"2026-01-03T09:25:51+00:00","description":"O nosso programa de afiliados permite que os parceiros da RedFoxLotto ganhem comiss\u00f5es pelas suas refer\u00eancias. Torne-se um parceiro de vendas e comece a promover o nosso servi\u00e7o de bilhetes de lotaria online hoje mesmo!","breadcrumb":{"@id":"https:\/\/redfoxaffiliates.com\/pt-pt\/pagina-inicial\/#breadcrumb"},"inLanguage":"pt-PT","potentialAction":[{"@type":"ReadAction","target":["https:\/\/redfoxaffiliates.com\/pt-pt\/pagina-inicial\/"]}]},{"@type":"BreadcrumbList","@id":"https:\/\/redfoxaffiliates.com\/pt-pt\/pagina-inicial\/#breadcrumb","itemListElement":[{"@type":"ListItem","position":1,"name":"Home","item":"https:\/\/redfoxaffiliates.com\/pt-pt\/pagina-inicial\/"},{"@type":"ListItem","position":2,"name":"P\u00e1gina inicial"}]},{"@type":"WebSite","@id":"https:\/\/redfoxaffiliates.com\/#website","url":"https:\/\/redfoxaffiliates.com\/","name":"RedFoxLotto Affiliate Program","description":"The site for marketing partners of RedFoxLotto.com","potentialAction":[{"@type":"SearchAction","target":{"@type":"EntryPoint","urlTemplate":"https:\/\/redfoxaffiliates.com\/?s={search_term_string}"},"query-input":"required name=search_term_string"}],"inLanguage":"pt-PT"}]}},"_links":{"self":[{"href":"https:\/\/redfoxaffiliates.com\/pt-pt\/wp-json\/wp\/v2\/pages\/162","targetHints":{"allow":["GET"]}}],"collection":[{"href":"https:\/\/redfoxaffiliates.com\/pt-pt\/wp-json\/wp\/v2\/pages"}],"about":[{"href":"https:\/\/redfoxaffiliates.com\/pt-pt\/wp-json\/wp\/v2\/types\/page"}],"author":[{"embeddable":true,"href":"https:\/\/redfoxaffiliates.com\/pt-pt\/wp-json\/wp\/v2\/users\/1"}],"replies":[{"embeddable":true,"href":"https:\/\/redfoxaffiliates.com\/pt-pt\/wp-json\/wp\/v2\/comments?post=162"}],"version-history":[{"count":1,"href":"https:\/\/redfoxaffiliates.com\/pt-pt\/wp-json\/wp\/v2\/pages\/162\/revisions"}],"predecessor-version":[{"id":163,"href":"https:\/\/redfoxaffiliates.com\/pt-pt\/wp-json\/wp\/v2\/pages\/162\/revisions\/163"}],"wp:attachment":[{"href":"https:\/\/redfoxaffiliates.com\/pt-pt\/wp-json\/wp\/v2\/media?parent=162"}],"curies":[{"name":"wp","href":"https:\/\/api.w.org\/{rel}","templated":true}]}}