{"id":362,"date":"2026-01-01T21:16:49","date_gmt":"2026-01-01T20:16:49","guid":{"rendered":"https:\/\/redfoxaffiliates.com\/o-etyce-w-programach-marketingu-afiliacyjnego\/"},"modified":"2026-01-01T21:16:49","modified_gmt":"2026-01-01T20:16:49","slug":"o-etyce-w-programach-marketingu-afiliacyjnego","status":"publish","type":"page","link":"https:\/\/redfoxaffiliates.com\/pl\/o-etyce-w-programach-marketingu-afiliacyjnego\/","title":{"rendered":"O etyce w programach marketingu afiliacyjnego"},"content":{"rendered":"<p>Mo\u017cesz by\u0107 zaskoczony, znajduj\u0105c odniesienie do etyki na stronie internetowej programu afiliacyjnego. Zgadzamy si\u0119, \u017ce jest to niezwyk\u0142e.<\/p>\n<p>Jednak dla nas jest to temat niezwykle istotny. Byli partnerzy afiliacyjni prowadz\u0105 zar\u00f3wno serwis RedFoxLotto.com, jak i ten program afiliacyjny. Wsp\u00f3\u0142pracowali\u015bmy z tymi samymi firmami, z kt\u00f3rymi wsp\u00f3\u0142pracowali\u015bcie (lub nadal wsp\u00f3\u0142pracujecie). Po ponad 12 latach dzia\u0142alno\u015bci w bran\u017cy afiliacyjnej zwi\u0105zanej z hazardem widzieli\u015bmy wiele z\u0142ych rzeczy. Obni\u017canie przychod\u00f3w, zmiany w warunkach umowy powoduj\u0105ce utrat\u0119 dochod\u00f3w przez partner\u00f3w afiliacyjnych, op\u00f3\u017anienia w p\u0142atno\u015bciach lub ich brak, kradzie\u017c klient\u00f3w (naszych lub innych partner\u00f3w afiliacyjnych) \u2013 widzieli\u015bmy to wszystko.<\/p>\n<p>Niestety, jest to bran\u017ca, w kt\u00f3rej ci\u0119\u017cko pracuj\u0105cym partnerom afiliacyjnym ca\u0142y czas przytrafiaj\u0105 si\u0119 z\u0142e rzeczy. Dlatego postanowili\u015bmy zrobi\u0107 kolejny krok. Wprowadzili\u015bmy na rynek nasz w\u0142asny produkt, RedFoxLotto.com. Nasz plan marketingowy jest prosty: w 100% oparty na SEO i marketingu afiliacyjnym online.<\/p>\n<p>Sami b\u0119d\u0105c partnerami, zobowi\u0105zujemy si\u0119 do prowadzenia w 100% etycznego i uczciwego programu partnerskiego. Tak, wszyscy m\u00f3wi\u0105, \u017ce nie zrobimy tego czy tamtego. Ale my naprawd\u0119 mamy na my\u015bli to, co m\u00f3wimy.<\/p>\n<p>Oto, czego mo\u017cesz od nas oczekiwa\u0107<br \/>\nUmowa to umowa! Oznacza to, \u017ce je\u015bli m\u00f3wimy, \u017ce otrzymasz udzia\u0142 w przychodach generowanych przez klient\u00f3w, kt\u00f3rych pozyskasz, to naprawd\u0119 tak b\u0119dzie. Nigdy nie zmienimy zdania w tej kwestii.<br \/>\nNigdy nie b\u0119dziemy manipulowa\u0107 raportami o zarobkach, aby zmniejszy\u0107 nasze koszty og\u00f3lne. Nigdy te\u017c nie usuniemy klient\u00f3w z Twojego konta. Chcemy, aby\u015b odni\u00f3s\u0142 jak najwi\u0119kszy sukces. Jeste\u015b naszym partnerem biznesowym, a nasz sukces zale\u017cy od Ciebie!<br \/>\nB\u0119dziemy p\u0142aci\u0107 Ci terminowo. Ty r\u00f3wnie\u017c masz zobowi\u0105zania i wydatki, i rozumiemy to.<br \/>\nSkontaktuj si\u0119 z nami, je\u015bli masz jakie\u015b pytania lub potrzebujesz naszej pomocy. Skorzystaj z formularza \u201eKontakt\u201d w g\u00f3rnym pasku menu. Spotkajmy si\u0119 i sprawd\u017amy, czy mo\u017cemy wsp\u00f3lnie zarobi\u0107 troch\u0119 pieni\u0119dzy!<\/p>\n","protected":false},"excerpt":{"rendered":"<p>Mo\u017cesz by\u0107 zaskoczony, znajduj\u0105c odniesienie do etyki na stronie internetowej programu afiliacyjnego. Zgadzamy si\u0119, \u017ce jest to niezwyk\u0142e. Jednak dla nas jest to temat niezwykle istotny. Byli partnerzy afiliacyjni prowadz\u0105 zar\u00f3wno serwis RedFoxLotto.com, jak i ten program afiliacyjny. Wsp\u00f3\u0142pracowali\u015bmy z tymi samymi firmami, z kt\u00f3rymi wsp\u00f3\u0142pracowali\u015bcie (lub nadal wsp\u00f3\u0142pracujecie). Po<\/p>\n<p><a href=\"https:\/\/redfoxaffiliates.com\/pl\/o-etyce-w-programach-marketingu-afiliacyjnego\/\" class=\"more-link\">Continue Reading<span class=\"screen-reader-text\">O etyce w programach marketingu afiliacyjnego<\/span><\/a><\/p>\n","protected":false},"author":1,"featured_media":0,"parent":0,"menu_order":7,"comment_status":"closed","ping_status":"closed","template":"","meta":{"footnotes":""},"class_list":["post-362","page","type-page","status-publish","hentry"],"yoast_head":"<!-- This site is optimized with the Yoast SEO plugin v22.4 - https:\/\/yoast.com\/wordpress\/plugins\/seo\/ -->\n<title>Etyka i afiliacja na rynku loterii<\/title>\n<meta name=\"description\" content=\"Istnieje wiele program\u00f3w partnerskich zwi\u0105zanych z loteriami, kt\u00f3re okradaj\u0105 swoich partner\u00f3w. Dlatego temat etycznego biznesu jest dla nas wa\u017cny.\" \/>\n<meta name=\"robots\" content=\"index, follow, max-snippet:-1, max-image-preview:large, max-video-preview:-1\" \/>\n<link rel=\"canonical\" href=\"https:\/\/redfoxaffiliates.com\/ethics-and-affiliate-marketing-programs\/\" \/>\n<meta property=\"og:locale\" content=\"pl_PL\" \/>\n<meta property=\"og:type\" content=\"article\" \/>\n<meta property=\"og:title\" content=\"Etyka i afiliacja na rynku loterii\" \/>\n<meta property=\"og:description\" content=\"Istnieje wiele program\u00f3w partnerskich zwi\u0105zanych z loteriami, kt\u00f3re okradaj\u0105 swoich partner\u00f3w. Dlatego temat etycznego biznesu jest dla nas wa\u017cny.\" \/>\n<meta property=\"og:url\" content=\"https:\/\/redfoxaffiliates.com\/ethics-and-affiliate-marketing-programs\/\" \/>\n<meta property=\"og:site_name\" content=\"RedFoxLotto Affiliate Program\" \/>\n<meta name=\"twitter:card\" content=\"summary_large_image\" \/>\n<meta name=\"twitter:label1\" content=\"Szacowany czas czytania\" \/>\n\t<meta name=\"twitter:data1\" content=\"2 minuty\" \/>\n<script type=\"application\/ld+json\" class=\"yoast-schema-graph\">{\"@context\":\"https:\/\/schema.org\",\"@graph\":[{\"@type\":\"WebPage\",\"@id\":\"https:\/\/redfoxaffiliates.com\/ethics-and-affiliate-marketing-programs\/\",\"url\":\"https:\/\/redfoxaffiliates.com\/ethics-and-affiliate-marketing-programs\/\",\"name\":\"Etyka i afiliacja na rynku loterii\",\"isPartOf\":{\"@id\":\"https:\/\/redfoxaffiliates.com\/#website\"},\"datePublished\":\"2026-01-01T20:16:49+00:00\",\"dateModified\":\"2026-01-01T20:16:49+00:00\",\"description\":\"Istnieje wiele program\u00f3w partnerskich zwi\u0105zanych z loteriami, kt\u00f3re okradaj\u0105 swoich partner\u00f3w. Dlatego temat etycznego biznesu jest dla nas wa\u017cny.\",\"breadcrumb\":{\"@id\":\"https:\/\/redfoxaffiliates.com\/ethics-and-affiliate-marketing-programs\/#breadcrumb\"},\"inLanguage\":\"pl-PL\",\"potentialAction\":[{\"@type\":\"ReadAction\",\"target\":[\"https:\/\/redfoxaffiliates.com\/ethics-and-affiliate-marketing-programs\/\"]}]},{\"@type\":\"BreadcrumbList\",\"@id\":\"https:\/\/redfoxaffiliates.com\/ethics-and-affiliate-marketing-programs\/#breadcrumb\",\"itemListElement\":[{\"@type\":\"ListItem\",\"position\":1,\"name\":\"Home\",\"item\":\"https:\/\/redfoxaffiliates.com\/pl\/strona-glowna\/\"},{\"@type\":\"ListItem\",\"position\":2,\"name\":\"O etyce w programach marketingu afiliacyjnego\"}]},{\"@type\":\"WebSite\",\"@id\":\"https:\/\/redfoxaffiliates.com\/#website\",\"url\":\"https:\/\/redfoxaffiliates.com\/\",\"name\":\"RedFoxLotto Affiliate Program\",\"description\":\"The site for marketing partners of RedFoxLotto.com\",\"potentialAction\":[{\"@type\":\"SearchAction\",\"target\":{\"@type\":\"EntryPoint\",\"urlTemplate\":\"https:\/\/redfoxaffiliates.com\/?s={search_term_string}\"},\"query-input\":\"required name=search_term_string\"}],\"inLanguage\":\"pl-PL\"}]}<\/script>\n<!-- \/ Yoast SEO plugin. -->","yoast_head_json":{"title":"Etyka i afiliacja na rynku loterii","description":"Istnieje wiele program\u00f3w partnerskich zwi\u0105zanych z loteriami, kt\u00f3re okradaj\u0105 swoich partner\u00f3w. Dlatego temat etycznego biznesu jest dla nas wa\u017cny.","robots":{"index":"index","follow":"follow","max-snippet":"max-snippet:-1","max-image-preview":"max-image-preview:large","max-video-preview":"max-video-preview:-1"},"canonical":"https:\/\/redfoxaffiliates.com\/ethics-and-affiliate-marketing-programs\/","og_locale":"pl_PL","og_type":"article","og_title":"Etyka i afiliacja na rynku loterii","og_description":"Istnieje wiele program\u00f3w partnerskich zwi\u0105zanych z loteriami, kt\u00f3re okradaj\u0105 swoich partner\u00f3w. Dlatego temat etycznego biznesu jest dla nas wa\u017cny.","og_url":"https:\/\/redfoxaffiliates.com\/ethics-and-affiliate-marketing-programs\/","og_site_name":"RedFoxLotto Affiliate Program","twitter_card":"summary_large_image","twitter_misc":{"Szacowany czas czytania":"2 minuty"},"schema":{"@context":"https:\/\/schema.org","@graph":[{"@type":"WebPage","@id":"https:\/\/redfoxaffiliates.com\/ethics-and-affiliate-marketing-programs\/","url":"https:\/\/redfoxaffiliates.com\/ethics-and-affiliate-marketing-programs\/","name":"Etyka i afiliacja na rynku loterii","isPartOf":{"@id":"https:\/\/redfoxaffiliates.com\/#website"},"datePublished":"2026-01-01T20:16:49+00:00","dateModified":"2026-01-01T20:16:49+00:00","description":"Istnieje wiele program\u00f3w partnerskich zwi\u0105zanych z loteriami, kt\u00f3re okradaj\u0105 swoich partner\u00f3w. Dlatego temat etycznego biznesu jest dla nas wa\u017cny.","breadcrumb":{"@id":"https:\/\/redfoxaffiliates.com\/ethics-and-affiliate-marketing-programs\/#breadcrumb"},"inLanguage":"pl-PL","potentialAction":[{"@type":"ReadAction","target":["https:\/\/redfoxaffiliates.com\/ethics-and-affiliate-marketing-programs\/"]}]},{"@type":"BreadcrumbList","@id":"https:\/\/redfoxaffiliates.com\/ethics-and-affiliate-marketing-programs\/#breadcrumb","itemListElement":[{"@type":"ListItem","position":1,"name":"Home","item":"https:\/\/redfoxaffiliates.com\/pl\/strona-glowna\/"},{"@type":"ListItem","position":2,"name":"O etyce w programach marketingu afiliacyjnego"}]},{"@type":"WebSite","@id":"https:\/\/redfoxaffiliates.com\/#website","url":"https:\/\/redfoxaffiliates.com\/","name":"RedFoxLotto Affiliate Program","description":"The site for marketing partners of RedFoxLotto.com","potentialAction":[{"@type":"SearchAction","target":{"@type":"EntryPoint","urlTemplate":"https:\/\/redfoxaffiliates.com\/?s={search_term_string}"},"query-input":"required name=search_term_string"}],"inLanguage":"pl-PL"}]}},"_links":{"self":[{"href":"https:\/\/redfoxaffiliates.com\/pl\/wp-json\/wp\/v2\/pages\/362","targetHints":{"allow":["GET"]}}],"collection":[{"href":"https:\/\/redfoxaffiliates.com\/pl\/wp-json\/wp\/v2\/pages"}],"about":[{"href":"https:\/\/redfoxaffiliates.com\/pl\/wp-json\/wp\/v2\/types\/page"}],"author":[{"embeddable":true,"href":"https:\/\/redfoxaffiliates.com\/pl\/wp-json\/wp\/v2\/users\/1"}],"replies":[{"embeddable":true,"href":"https:\/\/redfoxaffiliates.com\/pl\/wp-json\/wp\/v2\/comments?post=362"}],"version-history":[{"count":0,"href":"https:\/\/redfoxaffiliates.com\/pl\/wp-json\/wp\/v2\/pages\/362\/revisions"}],"wp:attachment":[{"href":"https:\/\/redfoxaffiliates.com\/pl\/wp-json\/wp\/v2\/media?parent=362"}],"curies":[{"name":"wp","href":"https:\/\/api.w.org\/{rel}","templated":true}]}}