{"id":337,"date":"2026-01-01T21:15:19","date_gmt":"2026-01-01T20:15:19","guid":{"rendered":"https:\/\/redfoxaffiliates.com\/jak-rozpoczac-dzialalnosc-partnerska-online\/"},"modified":"2026-01-01T21:15:19","modified_gmt":"2026-01-01T20:15:19","slug":"jak-rozpoczac-dzialalnosc-partnerska-online","status":"publish","type":"page","link":"https:\/\/redfoxaffiliates.com\/pl\/jak-rozpoczac-dzialalnosc-partnerska-online\/","title":{"rendered":"Jak rozpocz\u0105\u0107 dzia\u0142alno\u015b\u0107 partnersk\u0105 online"},"content":{"rendered":"<h2>Czym jest marketing afiliacyjny?<\/h2>\n<p>Wielu sprzedawc\u00f3w internetowych prowadzi tzw. programy partnerskie. Ka\u017cdy mo\u017ce za\u0142o\u017cy\u0107 w nich konto partnerskie i rozpocz\u0105\u0107 promocj\u0119 swoich produkt\u00f3w online. Promotor (Ty) otrzymuje prowizj\u0119 za polecanie sprzedawcy p\u0142ac\u0105cych klient\u00f3w.<\/p>\n<p>Sprawd\u017a menu po prawej stronie. Znajduje si\u0119 tam link do samouczka PDF dla pocz\u0105tkuj\u0105cych, kt\u00f3ry pokazuje, jak rozpocz\u0105\u0107 dzia\u0142alno\u015b\u0107 afiliacyjn\u0105 od podstaw i przy minimalnej inwestycji.<\/p>\n<h2>Jak zarabiasz?<\/h2>\n<p>Po zarejestrowaniu si\u0119 w programie partnerskim mo\u017cesz pobra\u0107 tzw. linki \u015bledz\u0105ce i\/lub banery z linkami \u015bledzonymi na stronie afiliacyjnej. Mo\u017cna je osadzi\u0107 na swojej stronie, a gdy u\u017cytkownik kliknie link, sprzedawca wie, kt\u00f3ry partner poleci\u0142 klienta, na podstawie numeru ID w linku.<\/p>\n<p>Istniej\u0105 dwa podstawowe modele wsp\u00f3\u0142pracy w programie partnerskim:<\/p>\n<p>CPA (koszt pozyskania klienta), w kt\u00f3rym partner otrzymuje sta\u0142\u0105 kwot\u0119, gdy nowy klient osi\u0105gnie okre\u015blony pr\u00f3g sprzeda\u017cy.<\/p>\n<p>Udzia\u0142 w przychodach (cz\u0119sto nazywany r\u00f3wnie\u017c MGR), w kt\u00f3rym partner otrzymuje procent od przychod\u00f3w ze sprzeda\u017cy. W zale\u017cno\u015bci od warunk\u00f3w, otrzymasz prowizj\u0119 procentow\u0105 od wszystkich przysz\u0142ych sprzeda\u017cy lub tylko przez okre\u015blony czas.<\/p>\n<h2>Jak promowa\u0107 tych sprzedawc\u00f3w?<\/h2>\n<p>Najwa\u017cniejsz\u0105 rzecz\u0105, kt\u00f3rej potrzebujesz, aby rozpocz\u0105\u0107 marketing afiliacyjny, jest strona internetowa, kt\u00f3ra generuje ruch. Zobacz akapit \u201eStw\u00f3rz plan\u201d poni\u017cej! Najwa\u017cniejsze jest generowanie \u201eruchu\u201d na swojej stronie internetowej.<\/p>\n<p>Mo\u017ce to by\u0107 strona internetowa zwi\u0105zana z konkretnym produktem (tym, kt\u00f3ry chcesz promowa\u0107) lub po prostu strona internetowa o dowolnej tematyce, o ile generuje wystarczaj\u0105cy ruch. Przyk\u0142ad: Tworzysz stron\u0119 internetow\u0105 o tematyce, kt\u00f3r\u0105 dobrze znasz, na przyk\u0142ad nurkowanie. Piszesz \u015bwietne tre\u015bci, a ludzie odwiedzaj\u0105 Twoj\u0105 stron\u0119. Nast\u0119pnie zaczynasz promowa\u0107 stron\u0119 internetow\u0105 ze sprzeda\u017c\u0105 sprz\u0119tu do nurkowania. Za ka\u017cdym razem, gdy u\u017cytkownik przejdzie z Twojej strony na stron\u0119 sprzedawcy i co\u015b kupi, otrzymujesz prowizj\u0119.<\/p>\n<h2>Marketing w mediach spo\u0142eczno\u015bciowych<\/h2>\n<p>Je\u015bli masz odbiorc\u00f3w w mediach spo\u0142eczno\u015bciowych, mo\u017cesz nawet nie potrzebowa\u0107 strony internetowej. Mo\u017cesz u\u017cy\u0107 tych samych \u015bledzonych link\u00f3w afiliacyjnych, aby rozpocz\u0105\u0107 promowanie produkt\u00f3w sprzedawcy. A je\u015bli Twoja grupa docelowa jest globalna, tym lepiej. W wielu krajach loterie oferuj\u0105 niskie wygrane lub nie oferuj\u0105 ich wcale. Mieszka\u0144cy tych kraj\u00f3w to idealna grupa docelowa dla naszej us\u0142ugi loteryjnej.<\/p>\n<h2>Istniej\u0105 dwa g\u0142\u00f3wne scenariusze:<\/h2>\n<p>Je\u015bli posiadasz stron\u0119 internetow\u0105 z szerok\u0105 gam\u0105 artyku\u0142\u00f3w i odwiedzaj\u0105 j\u0105 tysi\u0105ce os\u00f3b dziennie, mo\u017cesz sprzedawa\u0107 praktycznie ka\u017cdy produkt, jaki chcesz. Sama liczba odwiedzaj\u0105cych generowa\u0142aby znaczne przychody. Nasz program partnerski doskonale pasuje do ka\u017cdej strony internetowej, bo przecie\u017c wszyscy kochaj\u0105 loterie, prawda?<\/p>\n<p>Je\u015bli posiadasz na przyk\u0142ad stron\u0119 internetow\u0105 po\u015bwi\u0119con\u0105 loterii, prawdopodobnie mia\u0142by\u015b mniej odwiedzaj\u0105cych. Mimo to ruch jest bardziej \u201eukierunkowany\u201d, tzn. odwiedzaj\u0105cy ch\u0119tniej kupuj\u0105 promowane przez Ciebie losy. Nawet je\u015bli mia\u0142by\u015b tylko 10 odwiedzaj\u0105cych dziennie, nadal generowa\u0142by\u015b pewne przychody. A w graniu w loteri\u0119 jest jedna rzecz: ludzie zazwyczaj graj\u0105 przez d\u0142ugi, d\u0142ugi czas. Po skierowaniu okre\u015blonej liczby klient\u00f3w do naszego programu partnerskiego, zobaczysz stosunkowo sta\u0142y strumie\u0144 przychod\u00f3w.<\/p>\n<h2>Jak przyci\u0105gn\u0105\u0107 odwiedzaj\u0105cych na swoj\u0105 stron\u0119 internetow\u0105?<\/h2>\n<p>Aby przyci\u0105gn\u0105\u0107 odwiedzaj\u0105cych, potrzebujesz wysokiej jako\u015bci artyku\u0142\u00f3w na swojej stronie internetowej, kt\u00f3re dostarcz\u0105 czytelnikom przydatnych informacji. Musisz r\u00f3wnie\u017c pozna\u0107 podstawy SEO (optymalizacji pod k\u0105tem wyszukiwarek). Jest to wa\u017cne, poniewa\u017c istniej\u0105 konkretne \u201ezasady\u201d, kt\u00f3re musisz zna\u0107, aby upewni\u0107 si\u0119, \u017ce strony Twojej witryny b\u0119d\u0105 wysoko oceniane w Google pod k\u0105tem \u201es\u0142\u00f3w kluczowych\u201d, kt\u00f3re mog\u0105 przyci\u0105gn\u0105\u0107 odwiedzaj\u0105cych. Partnerzy nazywaj\u0105 to \u201egenerowaniem ruchu\u201d na Twojej stronie.<\/p>\n<p>SEO to nie fizyka kwantowa. Wystarczy wyszuka\u0107 w Google \u201epodstawy SEO\u201d i poczyta\u0107, aby pozna\u0107 najwa\u017cniejsze zasady tworzenia artyku\u0142\u00f3w i p\u00f3\u017aniejszego doskonalenia umiej\u0119tno\u015bci.<\/p>\n<h2>Moc listy e-mailowej<\/h2>\n<p>Zawsze konfiguruj swoj\u0105 stron\u0119 internetow\u0105 tak, aby odwiedzaj\u0105cy mieli pow\u00f3d, aby si\u0119 zarejestrowa\u0107 lub zostawi\u0107 sw\u00f3j adres e-mail. Zbuduj list\u0119 i wykorzystuj j\u0105 do wysy\u0142ania e-maili promuj\u0105cych wydarzenia specjalne, wyprzeda\u017ce i nie tylko. Je\u015bli masz ju\u017c list\u0119, mo\u017cesz nawet nie potrzebowa\u0107 strony internetowej, aby zosta\u0107 partnerem. Nie kupuj jednak list z witryn sprzedaj\u0105cych adresy e-mail ze spamem \u2013 nie s\u0105 tego warte.<\/p>\n<h2>Ile kosztuje rozpocz\u0119cie marketingu afiliacyjnego?<\/h2>\n<p>Prosta odpowied\u017a: nic lub prawie nic!<\/p>\n<p>Wystarczy nazwa domeny i plan hostingowy. Jako pocz\u0105tkuj\u0105cy nie potrzebujesz w\u0142asnego serwera; podstawowy hosting, dost\u0119pny od 2 euro miesi\u0119cznie, wystarczy na pocz\u0105tek.<\/p>\n<p>Wybierz niezawodnego dostawc\u0119 hostingu i dost\u0119pn\u0105 nazw\u0119 domeny. Zastan\u00f3w si\u0119 nad nazw\u0105 domeny, zanim j\u0105 zam\u00f3wisz. Nast\u0119pnie wybierz podstawowy plan hostingowy. Zarejestruj si\u0119 i op\u0142a\u0107 konto. Nast\u0119pnie zaloguj si\u0119 na swoje konto klienta i rozejrzyj si\u0119. Jedna wskaz\u00f3wka: poszukaj dodatkowej funkcji o nazwie \u201ePrywatno\u015b\u0107 domeny\u201d \u2013 warto o tym pomy\u015ble\u0107, je\u015bli z jakiego\u015b powodu nie chcesz, aby ktokolwiek wiedzia\u0142, \u017ce jeste\u015b w\u0142a\u015bcicielem i zarz\u0105dzasz t\u0105 witryn\u0105 i programem afiliacyjnym.<\/p>\n<h2>Zjad\u0142e\u015b biznes z nim zwi\u0105zany.<\/h2>\n<p>Zalecamy zacz\u0105\u0107 od zainstalowania witryny WordPress z wykorzystaniem darmowego szablonu (uk\u0142adu). WordPress to system zarz\u0105dzania tre\u015bci\u0105 (CMS), kt\u00f3ry automatycznie tworzy Twoj\u0105 witryn\u0119 i pozwala Ci ni\u0105 zarz\u0105dza\u0107. Dostawcy przestrzeni na strony oferuj\u0105 proste funkcje, dzi\u0119ki kt\u00f3rym mo\u017cesz skonfigurowa\u0107 witryn\u0119 WordPress w kilka sekund. Nie s\u0105 wymagane \u017cadne umiej\u0119tno\u015bci programistyczne!<\/p>\n<p>Przeczytaj samouczek wprowadzaj\u0105cy, aby pozna\u0107 najwa\u017cniejsze funkcje WordPressa. Potrzebujesz tylko kilku godzin, aby zdoby\u0107 podstawowe umiej\u0119tno\u015bci wymagane do zarz\u0105dzania prost\u0105 witryn\u0105. Na stronie WordPress znajduje si\u0119 szczeg\u00f3\u0142owa dokumentacja oraz forum, na kt\u00f3rym mo\u017cesz poprosi\u0107 o pomoc bardziej do\u015bwiadczonych u\u017cytkownik\u00f3w.<\/p>\n<h2>Ile pieni\u0119dzy mo\u017cesz zarobi\u0107 jako partner?<\/h2>\n<p>To zale\u017cy w du\u017cej mierze od Twojego zaanga\u017cowania i umiej\u0119tno\u015bci. Niekt\u00f3rzy partnerzy zarabiaj\u0105 miliony, inni bardzo ma\u0142o, ale wielu zarabia kilkaset euro miesi\u0119cznie. Nie spodziewaj si\u0119 natychmiastowych zysk\u00f3w. Twoja witryna potrzebuje czasu, aby przyci\u0105gn\u0105\u0107 odwiedzaj\u0105cych. Je\u015bli zainwestujesz niezb\u0119dn\u0105 prac\u0119, b\u0119dziesz w stanie utrzyma\u0107 si\u0119 z tego w d\u0142u\u017cszej perspektywie.<\/p>\n<h2>Czy mo\u017cna\/czy mo\u017cna to robi\u0107 w pe\u0142nym czy w niepe\u0142nym wymiarze godzin?<\/h2>\n<p>Ka\u017cdy musi sam zdecydowa\u0107. 90% afiliant\u00f3w do\u0142\u0105cza do biznesu w niepe\u0142nym wymiarze godzin. Du\u017cy odsetek afiliant\u00f3w przechodzi na pe\u0142en etat po osi\u0105gni\u0119ciu wystarczaj\u0105cego sukcesu i zdobyciu do\u015bwiadczenia w bran\u017cy.<\/p>\n<h2>Czy to jest legalne?<\/h2>\n<p>Oczywi\u015bcie, chyba \u017ce promujesz produkty, kt\u00f3re s\u0105 nielegalne w Twoim kraju zamieszkania; w takim przypadku musisz podj\u0105\u0107 \u015brodki ostro\u017cno\u015bci, aby chroni\u0107 si\u0119 przed potencjalnymi problemami. Zobacz mi\u0119dzy innymi sekcj\u0119 \u201ePrywatno\u015b\u0107 domeny\u201d powy\u017cej. Pami\u0119taj, aby nie wybiera\u0107 rejestratora domen i\/lub us\u0142ugi hostingowej w kraju, w kt\u00f3rym Twoja strona internetowa by\u0142aby nielegalna!<\/p>\n<h2>Najwa\u017cniejsze: Stw\u00f3rz plan!<\/h2>\n<p>Zanim zaczniesz zarabia\u0107 w programie partnerskim, musisz opracowa\u0107 solidny plan i zebra\u0107 niezb\u0119dne informacje. By\u0107 mo\u017ce widzia\u0142e\u015b film Kevina Costnera \u201ePole marze\u0144\u201d, w kt\u00f3rym g\u0142os z nieba m\u00f3wi: \u201eZbuduj to, a oni przyjd\u0105\u201d. Je\u015bli my\u015blisz, \u017ce mo\u017cesz skleci\u0107 stron\u0119 internetow\u0105 na dowolny temat i oczekujesz, \u017ce pieni\u0105dze szybko nap\u0142yn\u0105, sko\u0144czysz sfrustrowany.<\/p>\n<p>Ale je\u015bli podejdziesz do tego z planem, mo\u017cesz dobrze zarabia\u0107, a reklamowanie programu partnerskiego to \u015bwietna zabawa. Najlepiej zacz\u0105\u0107 od pracy na p\u00f3\u0142 etatu, a je\u015bli wszystko p\u00f3jdzie dobrze, mo\u017cesz \u0142atwo przej\u015b\u0107 na pe\u0142en etat.<\/p>\n<h2>Tw\u00f3j plan musi zawiera\u0107 nast\u0119puj\u0105ce elementy:<\/h2>\n<p>Wybierz temat, kt\u00f3ry Ci\u0119 pasjonuje i na temat kt\u00f3rego mo\u017cesz przekaza\u0107 warto\u015bciowe informacje swoim czytelnikom. Je\u015bli dopiero zaczynasz, zawsze wybieraj temat niszowy \u2013 je\u015bli istnieje mn\u00f3stwo innych stron internetowych o tej tematyce, trudno b\u0119dzie Ci z nimi konkurowa\u0107. Dodatkowo, trudno b\u0119dzie Ci uzyska\u0107 wysok\u0105 pozycj\u0119 w wynikach wyszukiwania dla jakichkolwiek s\u0142\u00f3w kluczowych. Oczywi\u015bcie musisz wybra\u0107 temat, kt\u00f3ry pasuje do produktu, kt\u00f3ry mo\u017cna kupi\u0107 online i kt\u00f3ry ma program partnerski.<\/p>\n<p>Sporz\u0105d\u017a list\u0119 kombinacji s\u0142\u00f3w kluczowych, kt\u00f3rych potencjalni u\u017cytkownicy mog\u0105 szuka\u0107 w Google. Pami\u0119taj, \u017ce osi\u0105gni\u0119cie wysokich pozycji w wynikach wyszukiwania dla oczywistych s\u0142\u00f3w kluczowych, takich jak \u201elotto online\u201d, jest praktycznie niemo\u017cliwe. Wybierz bardziej szczeg\u00f3\u0142owe frazy. Skrajnym przyk\u0142adem mo\u017ce by\u0107 \u201eCzy osoby spoza USA mog\u0105 bra\u0107 udzia\u0142 w loterii Powerball?\u201d.<\/p>\n<p>Nast\u0119pnie zdecyduj, na jak\u0105 kombinacj\u0119 s\u0142\u00f3w kluczowych chcesz umie\u015bci\u0107 stron\u0119 g\u0142\u00f3wn\u0105 swojej witryny. Napisz artyku\u0142 na stronie g\u0142\u00f3wnej dla tej kombinacji s\u0142\u00f3w kluczowych. Nast\u0119pnie opracuj plan struktury witryny. Napisz kilka kolejnych artyku\u0142\u00f3w dla innych kombinacji s\u0142\u00f3w kluczowych, kt\u00f3re uda Ci si\u0119 wymy\u015bli\u0107.<\/p>\n<h2>Od tego momentu musisz skupi\u0107 si\u0119 na dw\u00f3ch rzeczach:<\/h2>\n<p>Tworzenie link\u00f3w prowadz\u0105cych do Twojej witryny. Linki s\u0105 jak pozytywne g\u0142osy na Twoj\u0105 witryn\u0119; wysokiej jako\u015bci linki mog\u0105 poprawi\u0107 pozycj\u0119 Twojej witryny w wynikach wyszukiwania. Popro\u015b znajomych z witrynami o linki, skontaktuj si\u0119 z innymi webmasterami i zaproponuj napisanie artyku\u0142u w zamian za linki itd. Najlepsze linki pojawi\u0105 si\u0119 jednak naturalnie, gdy ludzie przeczytaj\u0105 Twoje artyku\u0142y i zalinkuj\u0105 Twoj\u0105 stron\u0119, poniewa\u017c spodoba\u0142o im si\u0119 to, co napisa\u0142e\u015b!<\/p>\n<p>Tw\u00f3rz wi\u0119cej tre\u015bci (artyku\u0142\u00f3w) z dobrym SEO. U\u017cyj wyobra\u017ani i regularnie pisz nowe artyku\u0142y. Na pocz\u0105tek rozwa\u017c dodawanie 2-3 artyku\u0142\u00f3w tygodniowo.<\/p>\n<p>W miar\u0119 jak b\u0119dziesz realizowa\u0107 powy\u017csze cele, b\u0119dziesz nabiera\u0107 wprawy, a pierwsi u\u017cytkownicy pojawi\u0105 si\u0119 na Twojej stronie. Skorzystaj z (bezp\u0142atnej) us\u0142ugi, takiej jak www.clicky.com lub Google Analytics, aby monitorowa\u0107 liczb\u0119 odwiedzaj\u0105cych i ich zachowanie. Regularnie sprawdzaj swoje konto w programie partnerskim, aby sprawdzi\u0107, czy generujesz przychody.<\/p>\n<p>Skorzystaj z us\u0142ug SEO, aby znale\u017a\u0107 wi\u0119cej s\u0142\u00f3w kluczowych powi\u0105zanych z Twoim g\u0142\u00f3wnym s\u0142owem kluczowym. Tw\u00f3rz tre\u015bci zoptymalizowane pod k\u0105tem SEO, kt\u00f3re b\u0119d\u0105 ukierunkowane na te s\u0142owa kluczowe. Wi\u0119cej tre\u015bci generuje wi\u0119kszy ruch na Twojej stronie i zwi\u0119ksza Twoje prowizje.<\/p>\n<p>Z czasem, dzi\u0119ki Twojej pracy, prawie na pewno zauwa\u017cysz pozytywny wp\u0142yw na liczb\u0119 odwiedzaj\u0105cych i przychody.<\/p>\n<p>Prywatnie: ludzie stoj\u0105cy za RedFoxLotto i programem partnerskim zacz\u0119li jako partnerzy ponad 15 lat temu. Od tego czasu odnosz\u0105 spore sukcesy. A je\u015bli zapytasz ich, co im si\u0119 podoba w tym biznesie, odpowiedz\u0105 Ci:<\/p>\n<ul>\n<li>Nieograniczony i globalny potencja\u0142 zarobkowy<\/li>\n<li>Mo\u017cesz rozpocz\u0105\u0107 sw\u00f3j biznes marketingu afiliacyjnego praktycznie bez inwestycji.<\/li>\n<li>Mo\u017ce zapewni\u0107 Ci niezale\u017cno\u015b\u0107 finansow\u0105.<\/li>\n<li>Mo\u017cesz pracowa\u0107 online, z dowolnego miejsca.<\/li>\n<\/ul>\n","protected":false},"excerpt":{"rendered":"<p>Czym jest marketing afiliacyjny? Wielu sprzedawc\u00f3w internetowych prowadzi tzw. programy partnerskie. Ka\u017cdy mo\u017ce za\u0142o\u017cy\u0107 w nich konto partnerskie i rozpocz\u0105\u0107 promocj\u0119 swoich produkt\u00f3w online. Promotor (Ty) otrzymuje prowizj\u0119 za polecanie sprzedawcy p\u0142ac\u0105cych klient\u00f3w. Sprawd\u017a menu po prawej stronie. Znajduje si\u0119 tam link do samouczka PDF dla pocz\u0105tkuj\u0105cych, kt\u00f3ry pokazuje, jak<\/p>\n<p><a href=\"https:\/\/redfoxaffiliates.com\/pl\/jak-rozpoczac-dzialalnosc-partnerska-online\/\" class=\"more-link\">Continue Reading<span class=\"screen-reader-text\">Jak rozpocz\u0105\u0107 dzia\u0142alno\u015b\u0107 partnersk\u0105 online<\/span><\/a><\/p>\n","protected":false},"author":1,"featured_media":0,"parent":0,"menu_order":6,"comment_status":"closed","ping_status":"closed","template":"","meta":{"footnotes":""},"class_list":["post-337","page","type-page","status-publish","hentry"],"yoast_head":"<!-- This site is optimized with the Yoast SEO plugin v22.4 - https:\/\/yoast.com\/wordpress\/plugins\/seo\/ -->\n<title>Jak rozpocz\u0105\u0107 i rozwija\u0107 dzia\u0142alno\u015b\u0107 partnersk\u0105 online<\/title>\n<meta name=\"description\" content=\"Plan dzia\u0142ania prowadz\u0105cy do sukcesu w dzia\u0142alno\u015bci partnerskiej. Zacznij zarabia\u0107 prowizje online, zostaj\u0105c partnerem afiliacyjnym i marketingowym\" \/>\n<meta name=\"robots\" content=\"index, follow, max-snippet:-1, max-image-preview:large, max-video-preview:-1\" \/>\n<link rel=\"canonical\" href=\"https:\/\/redfoxaffiliates.com\/how-to-start-an-online-affiliate-marketing-business\/\" \/>\n<meta property=\"og:locale\" content=\"pl_PL\" \/>\n<meta property=\"og:type\" content=\"article\" \/>\n<meta property=\"og:title\" content=\"Jak rozpocz\u0105\u0107 i rozwija\u0107 dzia\u0142alno\u015b\u0107 partnersk\u0105 online\" \/>\n<meta property=\"og:description\" content=\"Plan dzia\u0142ania prowadz\u0105cy do sukcesu w dzia\u0142alno\u015bci partnerskiej. Zacznij zarabia\u0107 prowizje online, zostaj\u0105c partnerem afiliacyjnym i marketingowym\" \/>\n<meta property=\"og:url\" content=\"https:\/\/redfoxaffiliates.com\/how-to-start-an-online-affiliate-marketing-business\/\" \/>\n<meta property=\"og:site_name\" content=\"RedFoxLotto Affiliate Program\" \/>\n<meta name=\"twitter:card\" content=\"summary_large_image\" \/>\n<meta name=\"twitter:label1\" content=\"Szacowany czas czytania\" \/>\n\t<meta name=\"twitter:data1\" content=\"9 minut\" \/>\n<script type=\"application\/ld+json\" class=\"yoast-schema-graph\">{\"@context\":\"https:\/\/schema.org\",\"@graph\":[{\"@type\":\"WebPage\",\"@id\":\"https:\/\/redfoxaffiliates.com\/how-to-start-an-online-affiliate-marketing-business\/\",\"url\":\"https:\/\/redfoxaffiliates.com\/how-to-start-an-online-affiliate-marketing-business\/\",\"name\":\"Jak rozpocz\u0105\u0107 i rozwija\u0107 dzia\u0142alno\u015b\u0107 partnersk\u0105 online\",\"isPartOf\":{\"@id\":\"https:\/\/redfoxaffiliates.com\/#website\"},\"datePublished\":\"2026-01-01T20:15:19+00:00\",\"dateModified\":\"2026-01-01T20:15:19+00:00\",\"description\":\"Plan dzia\u0142ania prowadz\u0105cy do sukcesu w dzia\u0142alno\u015bci partnerskiej. Zacznij zarabia\u0107 prowizje online, zostaj\u0105c partnerem afiliacyjnym i marketingowym\",\"breadcrumb\":{\"@id\":\"https:\/\/redfoxaffiliates.com\/how-to-start-an-online-affiliate-marketing-business\/#breadcrumb\"},\"inLanguage\":\"pl-PL\",\"potentialAction\":[{\"@type\":\"ReadAction\",\"target\":[\"https:\/\/redfoxaffiliates.com\/how-to-start-an-online-affiliate-marketing-business\/\"]}]},{\"@type\":\"BreadcrumbList\",\"@id\":\"https:\/\/redfoxaffiliates.com\/how-to-start-an-online-affiliate-marketing-business\/#breadcrumb\",\"itemListElement\":[{\"@type\":\"ListItem\",\"position\":1,\"name\":\"Home\",\"item\":\"https:\/\/redfoxaffiliates.com\/pl\/strona-glowna\/\"},{\"@type\":\"ListItem\",\"position\":2,\"name\":\"Jak rozpocz\u0105\u0107 dzia\u0142alno\u015b\u0107 partnersk\u0105 online\"}]},{\"@type\":\"WebSite\",\"@id\":\"https:\/\/redfoxaffiliates.com\/#website\",\"url\":\"https:\/\/redfoxaffiliates.com\/\",\"name\":\"RedFoxLotto Affiliate Program\",\"description\":\"The site for marketing partners of RedFoxLotto.com\",\"potentialAction\":[{\"@type\":\"SearchAction\",\"target\":{\"@type\":\"EntryPoint\",\"urlTemplate\":\"https:\/\/redfoxaffiliates.com\/?s={search_term_string}\"},\"query-input\":\"required name=search_term_string\"}],\"inLanguage\":\"pl-PL\"}]}<\/script>\n<!-- \/ Yoast SEO plugin. -->","yoast_head_json":{"title":"Jak rozpocz\u0105\u0107 i rozwija\u0107 dzia\u0142alno\u015b\u0107 partnersk\u0105 online","description":"Plan dzia\u0142ania prowadz\u0105cy do sukcesu w dzia\u0142alno\u015bci partnerskiej. Zacznij zarabia\u0107 prowizje online, zostaj\u0105c partnerem afiliacyjnym i marketingowym","robots":{"index":"index","follow":"follow","max-snippet":"max-snippet:-1","max-image-preview":"max-image-preview:large","max-video-preview":"max-video-preview:-1"},"canonical":"https:\/\/redfoxaffiliates.com\/how-to-start-an-online-affiliate-marketing-business\/","og_locale":"pl_PL","og_type":"article","og_title":"Jak rozpocz\u0105\u0107 i rozwija\u0107 dzia\u0142alno\u015b\u0107 partnersk\u0105 online","og_description":"Plan dzia\u0142ania prowadz\u0105cy do sukcesu w dzia\u0142alno\u015bci partnerskiej. Zacznij zarabia\u0107 prowizje online, zostaj\u0105c partnerem afiliacyjnym i marketingowym","og_url":"https:\/\/redfoxaffiliates.com\/how-to-start-an-online-affiliate-marketing-business\/","og_site_name":"RedFoxLotto Affiliate Program","twitter_card":"summary_large_image","twitter_misc":{"Szacowany czas czytania":"9 minut"},"schema":{"@context":"https:\/\/schema.org","@graph":[{"@type":"WebPage","@id":"https:\/\/redfoxaffiliates.com\/how-to-start-an-online-affiliate-marketing-business\/","url":"https:\/\/redfoxaffiliates.com\/how-to-start-an-online-affiliate-marketing-business\/","name":"Jak rozpocz\u0105\u0107 i rozwija\u0107 dzia\u0142alno\u015b\u0107 partnersk\u0105 online","isPartOf":{"@id":"https:\/\/redfoxaffiliates.com\/#website"},"datePublished":"2026-01-01T20:15:19+00:00","dateModified":"2026-01-01T20:15:19+00:00","description":"Plan dzia\u0142ania prowadz\u0105cy do sukcesu w dzia\u0142alno\u015bci partnerskiej. Zacznij zarabia\u0107 prowizje online, zostaj\u0105c partnerem afiliacyjnym i marketingowym","breadcrumb":{"@id":"https:\/\/redfoxaffiliates.com\/how-to-start-an-online-affiliate-marketing-business\/#breadcrumb"},"inLanguage":"pl-PL","potentialAction":[{"@type":"ReadAction","target":["https:\/\/redfoxaffiliates.com\/how-to-start-an-online-affiliate-marketing-business\/"]}]},{"@type":"BreadcrumbList","@id":"https:\/\/redfoxaffiliates.com\/how-to-start-an-online-affiliate-marketing-business\/#breadcrumb","itemListElement":[{"@type":"ListItem","position":1,"name":"Home","item":"https:\/\/redfoxaffiliates.com\/pl\/strona-glowna\/"},{"@type":"ListItem","position":2,"name":"Jak rozpocz\u0105\u0107 dzia\u0142alno\u015b\u0107 partnersk\u0105 online"}]},{"@type":"WebSite","@id":"https:\/\/redfoxaffiliates.com\/#website","url":"https:\/\/redfoxaffiliates.com\/","name":"RedFoxLotto Affiliate Program","description":"The site for marketing partners of RedFoxLotto.com","potentialAction":[{"@type":"SearchAction","target":{"@type":"EntryPoint","urlTemplate":"https:\/\/redfoxaffiliates.com\/?s={search_term_string}"},"query-input":"required name=search_term_string"}],"inLanguage":"pl-PL"}]}},"_links":{"self":[{"href":"https:\/\/redfoxaffiliates.com\/pl\/wp-json\/wp\/v2\/pages\/337","targetHints":{"allow":["GET"]}}],"collection":[{"href":"https:\/\/redfoxaffiliates.com\/pl\/wp-json\/wp\/v2\/pages"}],"about":[{"href":"https:\/\/redfoxaffiliates.com\/pl\/wp-json\/wp\/v2\/types\/page"}],"author":[{"embeddable":true,"href":"https:\/\/redfoxaffiliates.com\/pl\/wp-json\/wp\/v2\/users\/1"}],"replies":[{"embeddable":true,"href":"https:\/\/redfoxaffiliates.com\/pl\/wp-json\/wp\/v2\/comments?post=337"}],"version-history":[{"count":0,"href":"https:\/\/redfoxaffiliates.com\/pl\/wp-json\/wp\/v2\/pages\/337\/revisions"}],"wp:attachment":[{"href":"https:\/\/redfoxaffiliates.com\/pl\/wp-json\/wp\/v2\/media?parent=337"}],"curies":[{"name":"wp","href":"https:\/\/api.w.org\/{rel}","templated":true}]}}