{"id":315,"date":"2023-07-15T13:46:59","date_gmt":"2023-07-15T11:46:59","guid":{"rendered":"https:\/\/redfoxaffiliates.com\/faq\/"},"modified":"2023-07-15T13:46:59","modified_gmt":"2023-07-15T11:46:59","slug":"faq","status":"publish","type":"page","link":"https:\/\/redfoxaffiliates.com\/pl\/faq\/","title":{"rendered":"FAQ"},"content":{"rendered":"<h2>Co oznacza afiliacja?<\/h2>\n<p>Afiliacja to strategia marketingowa. Wiele produkt\u00f3w, us\u0142ug i stron internetowych korzysta z afiliacji w celu promowania swoich produkt\u00f3w i us\u0142ug. Ka\u017cdy partner RedFoxLotto.com mo\u017ce nas promowa\u0107.<\/p>\n<h2>Czy s\u0105 jakie\u015b koszty lub op\u0142aty rejestracyjne?<\/h2>\n<p>Nie. Do\u0142\u0105czenie do naszego programu partnerskiego jest ca\u0142kowicie bezp\u0142atne. Jedyne koszty, jakie ponosisz, to koszty zwi\u0105zane z prowadzeniem stron internetowych lub pozyskiwaniem w\u0142asnych materia\u0142\u00f3w marketingowych.<\/p>\n<h2>Jak mog\u0119 promowa\u0107 Wasz\u0105 firm\u0119?<\/h2>\n<p>Mo\u017cesz korzysta\u0107 z wszelkiego rodzaju strategii online i offline. Oto dwa najpopularniejsze sposoby:<\/p>\n<ul>\n<li>Mo\u017cesz stworzy\u0107 stron\u0119 internetow\u0105 (zwi\u0105zan\u0105 z loteri\u0105 lub inn\u0105) i wykorzysta\u0107 j\u0105 do promowania RedFoxLotto. Zdob\u0105d\u017a ruch dzi\u0119ki pozycjonowaniu s\u0142\u00f3w kluczowych w wyszukiwarce Google i promuj swoj\u0105 stron\u0119 w mediach spo\u0142eczno\u015bciowych. Wi\u0119kszy ruch na Twojej stronie oznacza wi\u0119cej klikni\u0119\u0107 w RedFoxLotto, a to oznacza wi\u0119cej pieni\u0119dzy dla Ciebie.<\/li>\n<li>Stw\u00f3rz stron\u0119 internetow\u0105 po\u015bwi\u0119con\u0105 loterii, u\u017cywaj link\u00f3w partnerskich kieruj\u0105cych do RedFoxLotto.com, a nast\u0119pnie promuj swoj\u0105 stron\u0119 offline.<\/li>\n<\/ul>\n<h2>Ile mog\u0119 zarobi\u0107?<\/h2>\n<p>Nie ma \u017cadnych ogranicze\u0144. Otrzymasz procent od warto\u015bci sprzeda\u017cy netto, kt\u00f3r\u0105 wygenerujesz. Za ka\u017cdy miesi\u0105c, w kt\u00f3rym wygenerujesz wy\u017csze prowizje, Tw\u00f3j procent wzro\u015bnie. Przeczytaj ten artyku\u0142, aby uzyska\u0107 wi\u0119cej informacji.<\/p>\n<h2>Co to jest link partnerski?<\/h2>\n<p>Link partnerski to link zawieraj\u0105cy tracker \u2013 specjalny identyfikator powi\u0105zany wy\u0142\u0105cznie z Twoim kontem partnerskim. Umieszczasz te linki na swojej stronie internetowej. Nast\u0119pnie jeden z odwiedzaj\u0105cych Twoj\u0105 stron\u0119 kliknie na niego i dokona zakupu na RedFoxLotto.com. Nasz system partnerski, za pomoc\u0105 tego kodu trackera, identyfikuje nowego klienta jako klienta pozyskanego przez Ciebie. Otrzymujesz prowizj\u0119 za t\u0119 sprzeda\u017c. Ka\u017cdy przysz\u0142y zakup dokonany przez tego klienta r\u00f3wnie\u017c generuje dla Ciebie kolejn\u0105 prowizj\u0119.<\/p>\n<p>Za ka\u017cdym razem, gdy klient odwiedza nasz\u0105 stron\u0119, klikaj\u0105c jeden z Twoich link\u00f3w partnerskich, na jego urz\u0105dzeniu generowany jest plik cookie. Dzi\u0119ki temu, je\u015bli nie dokona zakupu podczas pierwszej wizyty, ale wr\u00f3ci p\u00f3\u017aniej, aby kupi\u0107 losy loterii, nadal b\u0119dzie identyfikowany jako \u201eTwoja\u201d sprzeda\u017c.<\/p>\n<h2>A co z logowaniem do konta partnerskiego?<\/h2>\n<p>Po zarejestrowaniu si\u0119 na naszej stronie sprawdzimy Twoj\u0105 rejestracj\u0119. Po zako\u0144czeniu tej czynno\u015bci utworzymy dla Ciebie konto partnerskie. Nast\u0119pnie wy\u015blemy Ci wiadomo\u015b\u0107 e-mail z adresem URL umo\u017cliwiaj\u0105cym zalogowanie si\u0119 na konto partnerskie, wraz z nazw\u0105 u\u017cytkownika i tymczasowym has\u0142em. Po zalogowaniu si\u0119 na swoje konto (backend partnerski) mo\u017cesz zmieni\u0107 has\u0142o i sprawdzi\u0107, czy wszystkie Twoje dane osobowe s\u0105 poprawne.<\/p>\n<p>B\u0119dziesz m\u00f3g\u0142 tworzy\u0107 kampanie z dedykowanymi linkami partnerskimi dla r\u00f3\u017cnych dzia\u0142a\u0144 marketingowych. Za\u0142\u00f3\u017cmy, \u017ce masz wiele stron internetowych. W takim przypadku b\u0119dziesz chcia\u0142 utworzy\u0107 jedn\u0105 kampani\u0119 dla ka\u017cdej strony internetowej. W ten spos\u00f3b mo\u017cesz sprawdzi\u0107 wyniki ka\u017cdej strony internetowej osobno.<\/p>\n<p>W panelu partnerskim mo\u017cesz r\u00f3wnie\u017c sprawdzi\u0107 statystyki odwiedzin i raporty prowizji. Mo\u017cesz tam r\u00f3wnie\u017c pobra\u0107 materia\u0142y marketingowe, kt\u00f3re mo\u017cesz wykorzysta\u0107 do promowania naszych produkt\u00f3w.<\/p>\n<h2>Wyp\u0142aty prowizji<\/h2>\n<p>15 dnia ka\u017cdego miesi\u0105ca wyp\u0142acimy Ci prowizje zarobione w poprzednim miesi\u0105cu. Skrill, Neteller i przelew bankowy to najcz\u0119\u015bciej stosowane metody, ale mo\u017cna r\u00f3wnie\u017c om\u00f3wi\u0107 inne opcje.<\/p>\n","protected":false},"excerpt":{"rendered":"<p>Co oznacza afiliacja? Afiliacja to strategia marketingowa. Wiele produkt\u00f3w, us\u0142ug i stron internetowych korzysta z afiliacji w celu promowania swoich produkt\u00f3w i us\u0142ug. Ka\u017cdy partner RedFoxLotto.com mo\u017ce nas promowa\u0107. Czy s\u0105 jakie\u015b koszty lub op\u0142aty rejestracyjne? Nie. Do\u0142\u0105czenie do naszego programu partnerskiego jest ca\u0142kowicie bezp\u0142atne. Jedyne koszty, jakie ponosisz, to<\/p>\n<p><a href=\"https:\/\/redfoxaffiliates.com\/pl\/faq\/\" class=\"more-link\">Continue Reading<span class=\"screen-reader-text\">FAQ<\/span><\/a><\/p>\n","protected":false},"author":1,"featured_media":0,"parent":0,"menu_order":3,"comment_status":"closed","ping_status":"closed","template":"","meta":{"footnotes":""},"class_list":["post-315","page","type-page","status-publish","hentry"],"yoast_head":"<!-- This site is optimized with the Yoast SEO plugin v22.4 - https:\/\/yoast.com\/wordpress\/plugins\/seo\/ -->\n<title>Cz\u0119sto zadawane pytania dotycz\u0105ce afiliacji na rynku loterii<\/title>\n<meta name=\"description\" content=\"Znajd\u017a odpowiedzi na pytania dotycz\u0105ce afiliacji loterii w og\u00f3le, a w szczeg\u00f3lno\u015bci programu partnerskiego RedFoxLotto.\" \/>\n<meta name=\"robots\" content=\"index, follow, max-snippet:-1, max-image-preview:large, max-video-preview:-1\" \/>\n<link rel=\"canonical\" href=\"https:\/\/redfoxaffiliates.com\/faq\/\" \/>\n<meta property=\"og:locale\" content=\"pl_PL\" \/>\n<meta property=\"og:type\" content=\"article\" \/>\n<meta property=\"og:title\" content=\"Cz\u0119sto zadawane pytania dotycz\u0105ce afiliacji na rynku loterii\" \/>\n<meta property=\"og:description\" content=\"Znajd\u017a odpowiedzi na pytania dotycz\u0105ce afiliacji loterii w og\u00f3le, a w szczeg\u00f3lno\u015bci programu partnerskiego RedFoxLotto.\" \/>\n<meta property=\"og:url\" content=\"https:\/\/redfoxaffiliates.com\/faq\/\" \/>\n<meta property=\"og:site_name\" content=\"RedFoxLotto Affiliate Program\" \/>\n<meta name=\"twitter:card\" content=\"summary_large_image\" \/>\n<meta name=\"twitter:label1\" content=\"Szacowany czas czytania\" \/>\n\t<meta name=\"twitter:data1\" content=\"3 minuty\" \/>\n<script type=\"application\/ld+json\" class=\"yoast-schema-graph\">{\"@context\":\"https:\/\/schema.org\",\"@graph\":[{\"@type\":\"WebPage\",\"@id\":\"https:\/\/redfoxaffiliates.com\/faq\/\",\"url\":\"https:\/\/redfoxaffiliates.com\/faq\/\",\"name\":\"Cz\u0119sto zadawane pytania dotycz\u0105ce afiliacji na rynku loterii\",\"isPartOf\":{\"@id\":\"https:\/\/redfoxaffiliates.com\/#website\"},\"datePublished\":\"2023-07-15T11:46:59+00:00\",\"dateModified\":\"2023-07-15T11:46:59+00:00\",\"description\":\"Znajd\u017a odpowiedzi na pytania dotycz\u0105ce afiliacji loterii w og\u00f3le, a w szczeg\u00f3lno\u015bci programu partnerskiego RedFoxLotto.\",\"breadcrumb\":{\"@id\":\"https:\/\/redfoxaffiliates.com\/faq\/#breadcrumb\"},\"inLanguage\":\"pl-PL\",\"potentialAction\":[{\"@type\":\"ReadAction\",\"target\":[\"https:\/\/redfoxaffiliates.com\/faq\/\"]}]},{\"@type\":\"BreadcrumbList\",\"@id\":\"https:\/\/redfoxaffiliates.com\/faq\/#breadcrumb\",\"itemListElement\":[{\"@type\":\"ListItem\",\"position\":1,\"name\":\"Home\",\"item\":\"https:\/\/redfoxaffiliates.com\/pl\/strona-glowna\/\"},{\"@type\":\"ListItem\",\"position\":2,\"name\":\"FAQ\"}]},{\"@type\":\"WebSite\",\"@id\":\"https:\/\/redfoxaffiliates.com\/#website\",\"url\":\"https:\/\/redfoxaffiliates.com\/\",\"name\":\"RedFoxLotto Affiliate Program\",\"description\":\"The site for marketing partners of RedFoxLotto.com\",\"potentialAction\":[{\"@type\":\"SearchAction\",\"target\":{\"@type\":\"EntryPoint\",\"urlTemplate\":\"https:\/\/redfoxaffiliates.com\/?s={search_term_string}\"},\"query-input\":\"required name=search_term_string\"}],\"inLanguage\":\"pl-PL\"}]}<\/script>\n<!-- \/ Yoast SEO plugin. -->","yoast_head_json":{"title":"Cz\u0119sto zadawane pytania dotycz\u0105ce afiliacji na rynku loterii","description":"Znajd\u017a odpowiedzi na pytania dotycz\u0105ce afiliacji loterii w og\u00f3le, a w szczeg\u00f3lno\u015bci programu partnerskiego RedFoxLotto.","robots":{"index":"index","follow":"follow","max-snippet":"max-snippet:-1","max-image-preview":"max-image-preview:large","max-video-preview":"max-video-preview:-1"},"canonical":"https:\/\/redfoxaffiliates.com\/faq\/","og_locale":"pl_PL","og_type":"article","og_title":"Cz\u0119sto zadawane pytania dotycz\u0105ce afiliacji na rynku loterii","og_description":"Znajd\u017a odpowiedzi na pytania dotycz\u0105ce afiliacji loterii w og\u00f3le, a w szczeg\u00f3lno\u015bci programu partnerskiego RedFoxLotto.","og_url":"https:\/\/redfoxaffiliates.com\/faq\/","og_site_name":"RedFoxLotto Affiliate Program","twitter_card":"summary_large_image","twitter_misc":{"Szacowany czas czytania":"3 minuty"},"schema":{"@context":"https:\/\/schema.org","@graph":[{"@type":"WebPage","@id":"https:\/\/redfoxaffiliates.com\/faq\/","url":"https:\/\/redfoxaffiliates.com\/faq\/","name":"Cz\u0119sto zadawane pytania dotycz\u0105ce afiliacji na rynku loterii","isPartOf":{"@id":"https:\/\/redfoxaffiliates.com\/#website"},"datePublished":"2023-07-15T11:46:59+00:00","dateModified":"2023-07-15T11:46:59+00:00","description":"Znajd\u017a odpowiedzi na pytania dotycz\u0105ce afiliacji loterii w og\u00f3le, a w szczeg\u00f3lno\u015bci programu partnerskiego RedFoxLotto.","breadcrumb":{"@id":"https:\/\/redfoxaffiliates.com\/faq\/#breadcrumb"},"inLanguage":"pl-PL","potentialAction":[{"@type":"ReadAction","target":["https:\/\/redfoxaffiliates.com\/faq\/"]}]},{"@type":"BreadcrumbList","@id":"https:\/\/redfoxaffiliates.com\/faq\/#breadcrumb","itemListElement":[{"@type":"ListItem","position":1,"name":"Home","item":"https:\/\/redfoxaffiliates.com\/pl\/strona-glowna\/"},{"@type":"ListItem","position":2,"name":"FAQ"}]},{"@type":"WebSite","@id":"https:\/\/redfoxaffiliates.com\/#website","url":"https:\/\/redfoxaffiliates.com\/","name":"RedFoxLotto Affiliate Program","description":"The site for marketing partners of RedFoxLotto.com","potentialAction":[{"@type":"SearchAction","target":{"@type":"EntryPoint","urlTemplate":"https:\/\/redfoxaffiliates.com\/?s={search_term_string}"},"query-input":"required name=search_term_string"}],"inLanguage":"pl-PL"}]}},"_links":{"self":[{"href":"https:\/\/redfoxaffiliates.com\/pl\/wp-json\/wp\/v2\/pages\/315","targetHints":{"allow":["GET"]}}],"collection":[{"href":"https:\/\/redfoxaffiliates.com\/pl\/wp-json\/wp\/v2\/pages"}],"about":[{"href":"https:\/\/redfoxaffiliates.com\/pl\/wp-json\/wp\/v2\/types\/page"}],"author":[{"embeddable":true,"href":"https:\/\/redfoxaffiliates.com\/pl\/wp-json\/wp\/v2\/users\/1"}],"replies":[{"embeddable":true,"href":"https:\/\/redfoxaffiliates.com\/pl\/wp-json\/wp\/v2\/comments?post=315"}],"version-history":[{"count":0,"href":"https:\/\/redfoxaffiliates.com\/pl\/wp-json\/wp\/v2\/pages\/315\/revisions"}],"wp:attachment":[{"href":"https:\/\/redfoxaffiliates.com\/pl\/wp-json\/wp\/v2\/media?parent=315"}],"curies":[{"name":"wp","href":"https:\/\/api.w.org\/{rel}","templated":true}]}}