{"id":275,"date":"2023-07-15T13:37:01","date_gmt":"2023-07-15T11:37:01","guid":{"rendered":"https:\/\/redfoxaffiliates.com\/zarabiaj-pieniadze-dzieki-marketingowi-afiliacyjnemu\/"},"modified":"2023-07-15T13:37:01","modified_gmt":"2023-07-15T11:37:01","slug":"zarabiaj-pieniadze-dzieki-marketingowi-afiliacyjnemu","status":"publish","type":"page","link":"https:\/\/redfoxaffiliates.com\/pl\/zarabiaj-pieniadze-dzieki-marketingowi-afiliacyjnemu\/","title":{"rendered":"Zarabiaj pieni\u0105dze dzi\u0119ki marketingowi afiliacyjnemu"},"content":{"rendered":"<h2>Zarabiaj prowizje \u2013 zarabiaj pieni\u0105dze, promuj\u0105c RedFoxLotto jako nasz partner afiliacyjny.<\/h2>\n<p>Ka\u017cdy klient, kt\u00f3rego pozyskasz, pozostanie Twoim klientem na ca\u0142e \u017cycie. Nie ma ogranicze\u0144 czasowych dotycz\u0105cych prowizji, kt\u00f3re mo\u017cesz uzyska\u0107 od pozyskanego przez siebie klienta. Klienci nigdy nie zostan\u0105 usuni\u0119ci z Twojego konta partnerskiego. Dlatego w\u0142a\u015bnie nasz program partnerski jest najlepszym programem w bran\u017cy loteryjnej.<\/p>\n<p>Twoje prowizje b\u0119d\u0105 wyp\u0142acane na zasadzie udzia\u0142u w przychodach, co oznacza, \u017ce wielko\u015b\u0107 sprzeda\u017cy loterii wygenerowana przez Twoje polecenia online b\u0119dzie determinowa\u0107 Twoje zarobki z naszego programu partnerskiego.<\/p>\n<p>Cztery poziomy prowizji partnerskich to:<br \/>\nsprzeda\u017c brutto poni\u017cej 20 000,00 \u20ac: 8% sprzeda\u017cy brutto<br \/>\nsprzeda\u017c brutto od 20 000,00 \u20ac do 50 000,00 \u20ac: 10% sprzeda\u017cy netto<br \/>\nsprzeda\u017c brutto powy\u017cej 50 000,00 \u20ac: 12% sprzeda\u017cy netto<\/p>\n<p>Wy\u017csza stawka prowizji ma zastosowanie tylko w miesi\u0105cu, w kt\u00f3rym \u0142\u0105czna wygenerowana prowizja przekracza okre\u015blon\u0105 kwot\u0119. Je\u015bli w nast\u0119pnym miesi\u0105cu prowizja jest ni\u017csza, zastosowana zostanie stawka odpowiadaj\u0105ca aktualnej kwocie prowizji.<\/p>\n<h2>Dlaczego nie CPA? Dlaczego umowa o podziale przychod\u00f3w jest najlepsz\u0105 opcj\u0105?<\/h2>\n<p>Je\u015bli nie znasz terminu CPA, oznacza on koszt za dzia\u0142anie (Cost Per Action): otrzymujesz jednorazow\u0105 p\u0142atno\u015b\u0107 za ka\u017cdego klienta, kt\u00f3ry dokona pierwszego zakupu online. Niekt\u00f3re programy partnerskie wyp\u0142acaj\u0105 prowizj\u0119 CPA dopiero po spe\u0142nieniu przez gracza minimalnego wymogu dotycz\u0105cego wydatk\u00f3w.<\/p>\n<p>Model prowizji CPA nie ma jednak sensu w tej konkretnej bran\u017cy. Po pierwsze, okres aktywno\u015bci pierwszego deponenta jest znacznie d\u0142u\u017cszy ni\u017c w przypadku innych bran\u017c hazardu online. Gracze lotto zazwyczaj kupuj\u0105 losy lotto przez ca\u0142e \u017cycie. Po drugie, nasi najlepsi klienci kupuj\u0105 losy loterii online o warto\u015bci setek euro w ramach jednej transakcji. Dzieje si\u0119 tak cz\u0119\u015bciej, gdy jackpoty s\u0105 bardzo wysokie, i jest to jeden z powod\u00f3w, dla kt\u00f3rych w d\u0142u\u017cszej perspektywie zarobisz wi\u0119cej pieni\u0119dzy dzi\u0119ki programowi partnerskiemu, kt\u00f3ry p\u0142aci na podstawie udzia\u0142u w przychodach.<\/p>\n<p>Og\u00f3lnie rzecz bior\u0105c, w bran\u017cy loteryjnej najlepszym rozwi\u0105zaniem jest promowanie programu partnerskiego z do\u017cywotni\u0105 umow\u0105 procentow\u0105. Jednak w wyj\u0105tkowych przypadkach, po pewnym czasie wsp\u00f3\u0142pracy z nami, mo\u017cna om\u00f3wi\u0107 umow\u0119 CPA w oparciu o wyniki klient\u00f3w, kt\u00f3rych pozyska\u0142e\u015b.<\/p>\n<h2>Prowizja dla subpartner\u00f3w<\/h2>\n<p>Za ka\u017cdego subpartnera, kt\u00f3rego pozyskasz, otrzymasz 2% warto\u015bci brutto sprzeda\u017cy loterii wygenerowanej przez tego partnera.<\/p>\n","protected":false},"excerpt":{"rendered":"<p>Zarabiaj prowizje \u2013 zarabiaj pieni\u0105dze, promuj\u0105c RedFoxLotto jako nasz partner afiliacyjny. Ka\u017cdy klient, kt\u00f3rego pozyskasz, pozostanie Twoim klientem na ca\u0142e \u017cycie. Nie ma ogranicze\u0144 czasowych dotycz\u0105cych prowizji, kt\u00f3re mo\u017cesz uzyska\u0107 od pozyskanego przez siebie klienta. Klienci nigdy nie zostan\u0105 usuni\u0119ci z Twojego konta partnerskiego. Dlatego w\u0142a\u015bnie nasz program partnerski jest<\/p>\n<p><a href=\"https:\/\/redfoxaffiliates.com\/pl\/zarabiaj-pieniadze-dzieki-marketingowi-afiliacyjnemu\/\" class=\"more-link\">Continue Reading<span class=\"screen-reader-text\">Zarabiaj pieni\u0105dze dzi\u0119ki marketingowi afiliacyjnemu<\/span><\/a><\/p>\n","protected":false},"author":1,"featured_media":0,"parent":0,"menu_order":2,"comment_status":"closed","ping_status":"closed","template":"","meta":{"footnotes":""},"class_list":["post-275","page","type-page","status-publish","hentry"],"yoast_head":"<!-- This site is optimized with the Yoast SEO plugin v22.4 - https:\/\/yoast.com\/wordpress\/plugins\/seo\/ -->\n<title>Jak zarabia\u0107 pieni\u0105dze dzi\u0119ki naszemu programowi partnerskiemu loterii<\/title>\n<meta name=\"description\" content=\"Za ka\u017cde polecenie otrzymujesz do\u017cywotni\u0105 prowizj\u0119 od wszystkich zakup\u00f3w. Sprawd\u017a, ile pieni\u0119dzy mo\u017cesz zarobi\u0107 dzi\u0119ki naszemu programowi partnerskiemu\" \/>\n<meta name=\"robots\" content=\"index, follow, max-snippet:-1, max-image-preview:large, max-video-preview:-1\" \/>\n<link rel=\"canonical\" href=\"https:\/\/redfoxaffiliates.com\/make-money-with-our-lottery-affliate-program\/\" \/>\n<meta property=\"og:locale\" content=\"pl_PL\" \/>\n<meta property=\"og:type\" content=\"article\" \/>\n<meta property=\"og:title\" content=\"Jak zarabia\u0107 pieni\u0105dze dzi\u0119ki naszemu programowi partnerskiemu loterii\" \/>\n<meta property=\"og:description\" content=\"Za ka\u017cde polecenie otrzymujesz do\u017cywotni\u0105 prowizj\u0119 od wszystkich zakup\u00f3w. Sprawd\u017a, ile pieni\u0119dzy mo\u017cesz zarobi\u0107 dzi\u0119ki naszemu programowi partnerskiemu\" \/>\n<meta property=\"og:url\" content=\"https:\/\/redfoxaffiliates.com\/make-money-with-our-lottery-affliate-program\/\" \/>\n<meta property=\"og:site_name\" content=\"RedFoxLotto Affiliate Program\" \/>\n<meta name=\"twitter:card\" content=\"summary_large_image\" \/>\n<meta name=\"twitter:label1\" content=\"Szacowany czas czytania\" \/>\n\t<meta name=\"twitter:data1\" content=\"2 minuty\" \/>\n<script type=\"application\/ld+json\" class=\"yoast-schema-graph\">{\"@context\":\"https:\/\/schema.org\",\"@graph\":[{\"@type\":\"WebPage\",\"@id\":\"https:\/\/redfoxaffiliates.com\/make-money-with-our-lottery-affliate-program\/\",\"url\":\"https:\/\/redfoxaffiliates.com\/make-money-with-our-lottery-affliate-program\/\",\"name\":\"Jak zarabia\u0107 pieni\u0105dze dzi\u0119ki naszemu programowi partnerskiemu loterii\",\"isPartOf\":{\"@id\":\"https:\/\/redfoxaffiliates.com\/#website\"},\"datePublished\":\"2023-07-15T11:37:01+00:00\",\"dateModified\":\"2023-07-15T11:37:01+00:00\",\"description\":\"Za ka\u017cde polecenie otrzymujesz do\u017cywotni\u0105 prowizj\u0119 od wszystkich zakup\u00f3w. Sprawd\u017a, ile pieni\u0119dzy mo\u017cesz zarobi\u0107 dzi\u0119ki naszemu programowi partnerskiemu\",\"breadcrumb\":{\"@id\":\"https:\/\/redfoxaffiliates.com\/make-money-with-our-lottery-affliate-program\/#breadcrumb\"},\"inLanguage\":\"pl-PL\",\"potentialAction\":[{\"@type\":\"ReadAction\",\"target\":[\"https:\/\/redfoxaffiliates.com\/make-money-with-our-lottery-affliate-program\/\"]}]},{\"@type\":\"BreadcrumbList\",\"@id\":\"https:\/\/redfoxaffiliates.com\/make-money-with-our-lottery-affliate-program\/#breadcrumb\",\"itemListElement\":[{\"@type\":\"ListItem\",\"position\":1,\"name\":\"Home\",\"item\":\"https:\/\/redfoxaffiliates.com\/pl\/strona-glowna\/\"},{\"@type\":\"ListItem\",\"position\":2,\"name\":\"Zarabiaj pieni\u0105dze dzi\u0119ki marketingowi afiliacyjnemu\"}]},{\"@type\":\"WebSite\",\"@id\":\"https:\/\/redfoxaffiliates.com\/#website\",\"url\":\"https:\/\/redfoxaffiliates.com\/\",\"name\":\"RedFoxLotto Affiliate Program\",\"description\":\"The site for marketing partners of RedFoxLotto.com\",\"potentialAction\":[{\"@type\":\"SearchAction\",\"target\":{\"@type\":\"EntryPoint\",\"urlTemplate\":\"https:\/\/redfoxaffiliates.com\/?s={search_term_string}\"},\"query-input\":\"required name=search_term_string\"}],\"inLanguage\":\"pl-PL\"}]}<\/script>\n<!-- \/ Yoast SEO plugin. -->","yoast_head_json":{"title":"Jak zarabia\u0107 pieni\u0105dze dzi\u0119ki naszemu programowi partnerskiemu loterii","description":"Za ka\u017cde polecenie otrzymujesz do\u017cywotni\u0105 prowizj\u0119 od wszystkich zakup\u00f3w. Sprawd\u017a, ile pieni\u0119dzy mo\u017cesz zarobi\u0107 dzi\u0119ki naszemu programowi partnerskiemu","robots":{"index":"index","follow":"follow","max-snippet":"max-snippet:-1","max-image-preview":"max-image-preview:large","max-video-preview":"max-video-preview:-1"},"canonical":"https:\/\/redfoxaffiliates.com\/make-money-with-our-lottery-affliate-program\/","og_locale":"pl_PL","og_type":"article","og_title":"Jak zarabia\u0107 pieni\u0105dze dzi\u0119ki naszemu programowi partnerskiemu loterii","og_description":"Za ka\u017cde polecenie otrzymujesz do\u017cywotni\u0105 prowizj\u0119 od wszystkich zakup\u00f3w. Sprawd\u017a, ile pieni\u0119dzy mo\u017cesz zarobi\u0107 dzi\u0119ki naszemu programowi partnerskiemu","og_url":"https:\/\/redfoxaffiliates.com\/make-money-with-our-lottery-affliate-program\/","og_site_name":"RedFoxLotto Affiliate Program","twitter_card":"summary_large_image","twitter_misc":{"Szacowany czas czytania":"2 minuty"},"schema":{"@context":"https:\/\/schema.org","@graph":[{"@type":"WebPage","@id":"https:\/\/redfoxaffiliates.com\/make-money-with-our-lottery-affliate-program\/","url":"https:\/\/redfoxaffiliates.com\/make-money-with-our-lottery-affliate-program\/","name":"Jak zarabia\u0107 pieni\u0105dze dzi\u0119ki naszemu programowi partnerskiemu loterii","isPartOf":{"@id":"https:\/\/redfoxaffiliates.com\/#website"},"datePublished":"2023-07-15T11:37:01+00:00","dateModified":"2023-07-15T11:37:01+00:00","description":"Za ka\u017cde polecenie otrzymujesz do\u017cywotni\u0105 prowizj\u0119 od wszystkich zakup\u00f3w. Sprawd\u017a, ile pieni\u0119dzy mo\u017cesz zarobi\u0107 dzi\u0119ki naszemu programowi partnerskiemu","breadcrumb":{"@id":"https:\/\/redfoxaffiliates.com\/make-money-with-our-lottery-affliate-program\/#breadcrumb"},"inLanguage":"pl-PL","potentialAction":[{"@type":"ReadAction","target":["https:\/\/redfoxaffiliates.com\/make-money-with-our-lottery-affliate-program\/"]}]},{"@type":"BreadcrumbList","@id":"https:\/\/redfoxaffiliates.com\/make-money-with-our-lottery-affliate-program\/#breadcrumb","itemListElement":[{"@type":"ListItem","position":1,"name":"Home","item":"https:\/\/redfoxaffiliates.com\/pl\/strona-glowna\/"},{"@type":"ListItem","position":2,"name":"Zarabiaj pieni\u0105dze dzi\u0119ki marketingowi afiliacyjnemu"}]},{"@type":"WebSite","@id":"https:\/\/redfoxaffiliates.com\/#website","url":"https:\/\/redfoxaffiliates.com\/","name":"RedFoxLotto Affiliate Program","description":"The site for marketing partners of RedFoxLotto.com","potentialAction":[{"@type":"SearchAction","target":{"@type":"EntryPoint","urlTemplate":"https:\/\/redfoxaffiliates.com\/?s={search_term_string}"},"query-input":"required name=search_term_string"}],"inLanguage":"pl-PL"}]}},"_links":{"self":[{"href":"https:\/\/redfoxaffiliates.com\/pl\/wp-json\/wp\/v2\/pages\/275","targetHints":{"allow":["GET"]}}],"collection":[{"href":"https:\/\/redfoxaffiliates.com\/pl\/wp-json\/wp\/v2\/pages"}],"about":[{"href":"https:\/\/redfoxaffiliates.com\/pl\/wp-json\/wp\/v2\/types\/page"}],"author":[{"embeddable":true,"href":"https:\/\/redfoxaffiliates.com\/pl\/wp-json\/wp\/v2\/users\/1"}],"replies":[{"embeddable":true,"href":"https:\/\/redfoxaffiliates.com\/pl\/wp-json\/wp\/v2\/comments?post=275"}],"version-history":[{"count":0,"href":"https:\/\/redfoxaffiliates.com\/pl\/wp-json\/wp\/v2\/pages\/275\/revisions"}],"wp:attachment":[{"href":"https:\/\/redfoxaffiliates.com\/pl\/wp-json\/wp\/v2\/media?parent=275"}],"curies":[{"name":"wp","href":"https:\/\/api.w.org\/{rel}","templated":true}]}}