{"id":269,"date":"2023-07-15T13:33:10","date_gmt":"2023-07-15T11:33:10","guid":{"rendered":"https:\/\/redfoxaffiliates.com\/dlaczego-warto-zostac-partnerem-loterii\/"},"modified":"2023-07-15T13:33:10","modified_gmt":"2023-07-15T11:33:10","slug":"dlaczego-warto-zostac-partnerem-loterii","status":"publish","type":"page","link":"https:\/\/redfoxaffiliates.com\/pl\/dlaczego-warto-zostac-partnerem-loterii\/","title":{"rendered":"Dlaczego warto zosta\u0107 partnerem loterii?"},"content":{"rendered":"<h2>Czym jest nasz produkt?<\/h2>\n<p>RedFoxLotto sprzedaje losy loterii online. Oferujemy klientom na ca\u0142ym \u015bwiecie mo\u017cliwo\u015b\u0107 udzia\u0142u w loteriach z ogromnymi jackpotami, takich jak ameryka\u0144skie Mega Millions i Powerball oraz du\u017ce europejskie loterie, takie jak EuroMillions, EuroJackpot i SuperEnalotto.<\/p>\n<p>Za naszym po\u015brednictwem klienci mog\u0105 kupowa\u0107 losy na loterie w innych krajach ni\u017c ich w\u0142asny. Aby by\u0142o to mo\u017cliwe, wsp\u00f3\u0142pracujemy z kilkoma agentami zlokalizowanymi w krajach, w kt\u00f3rych odbywaj\u0105 si\u0119 loterie. Po zam\u00f3wieniu losu online jeden z naszych agent\u00f3w kupuje go dla naszych klient\u00f3w. Nast\u0119pnie potwierdzamy zakup naszemu klientowi. Za ka\u017cdym razem, gdy los jest kupowany za naszym po\u015brednictwem, realizujemy r\u00f3wnie\u017c wyp\u0142aty dla naszych klient\u00f3w.<\/p>\n<p>By\u0107 mo\u017ce s\u0142ysza\u0142e\u015b termin \u201ewt\u00f3rny rynek loteryjny\u201d \u2013 tak w\u0142a\u015bnie nazywa si\u0119 ten rynek. Jako bran\u017ca warta wiele miliard\u00f3w dolar\u00f3w, loteria nie ogranicza si\u0119 do lokalnych ofert (o ile w og\u00f3le istnieje loteria w kraju zamieszkania). Popyt na nasze us\u0142ugi w zakresie sprzeda\u017cy los\u00f3w jest bardzo wysoki. Zw\u0142aszcza gdy wiadomo\u015bci o ogromnych wygranych trafiaj\u0105 na pierwsze strony gazet na ca\u0142ym \u015bwiecie, losy online dos\u0142ownie \u201erozchodz\u0105 si\u0119 jak \u015bwie\u017ce bu\u0142eczki\u201d.<\/p>\n<h2>Powody, dla kt\u00f3rych warto promowa\u0107 RedFoxLotto<\/h2>\n<h3>\u015awietne konwersje<\/h3>\n<p>Nasza strona internetowa, https:\/\/redfoxlotto.com, zosta\u0142a usprawniona, aby proces zakupu by\u0142 jak najprostszy. Jest to wa\u017cne dla zapewnienia wysokiego wsp\u00f3\u0142czynnika konwersji. Im lepiej przekszta\u0142camy ruch na Twojej stronie, tym wi\u0119cej pieni\u0119dzy zarobisz.<\/p>\n<h2>Doskona\u0142a retencja klient\u00f3w<\/h2>\n<p>Warto\u015b\u0107 klienta w ca\u0142ym okresie wsp\u00f3\u0142pracy jest jednym z najlepszych aspekt\u00f3w tej bran\u017cy. Du\u017cy odsetek naszych klient\u00f3w wraca i kupuje wi\u0119cej bilet\u00f3w tydzie\u0144 po tygodniu przez wiele lat!<\/p>\n<h2>R\u00f3wnie wa\u017cna jest r\u00f3\u017cnorodno\u015b\u0107 metod p\u0142atno\u015bci<\/h2>\n<p>Staramy si\u0119 oferowa\u0107 szeroki wyb\u00f3r opcji. Jest to wa\u017cne, aby zapewni\u0107 odwiedzaj\u0105cym z dowolnego kraju \u0142atwo\u015b\u0107 p\u0142atno\u015bci za bilety. Niemniej jednak p\u0142atno\u015bci kart\u0105 kredytow\u0105 nadal stanowi\u0105 lwi\u0105 cz\u0119\u015b\u0107 sprzeda\u017cy. Jednak opcje takie jak Bitcoin i e-portfele staj\u0105 si\u0119 coraz bardziej istotne.<\/p>\n<p>Zobowi\u0105zali\u015bmy si\u0119 do prowadzenia uczciwego i etycznego programu partnerskiego. Wi\u0119kszo\u015b\u0107 program\u00f3w w tej bran\u017cy znana jest z oszukiwania swoich partner\u00f3w w taki czy inny spos\u00f3b. By\u0142y partner za\u0142o\u017cy\u0142 mark\u0119 RedFoxLotto. Ten sam by\u0142y partner jest odpowiedzialny za program partnerski. Przeczytaj nasz artyku\u0142 o partnerstwie i etyce \u2013 pomo\u017ce Ci on lepiej zrozumie\u0107 nasze podej\u015bcie.<\/p>\n<h2>Stawki prowizji powy\u017cej standard\u00f3w bran\u017cowych<\/h2>\n<p>Zarabiaj do 12% warto\u015bci sprzeda\u017cy brutto wygenerowanej przez osoby, kt\u00f3re poleci\u0142e\u015b.<\/p>\n<h2>Program partnerski drugiego poziomu<\/h2>\n<p>Oznacza to, \u017ce je\u015bli pozyskasz dodatkowych subpartner\u00f3w, otrzymasz r\u00f3wnie\u017c 2% prowizji od sprzeda\u017cy wygenerowanej przez osoby, kt\u00f3re oni polecili.<\/p>\n<h2>Terminowa wyp\u0142ata prowizji<\/h2>\n<p>Prowizje za ostatni miesi\u0105c wyp\u0142acamy 15 dnia nast\u0119pnego miesi\u0105ca. Mo\u017cesz wybra\u0107 jedn\u0105 z kilku opcji p\u0142atno\u015bci.<\/p>\n<h2>Kto mo\u017ce zosta\u0107 partnerem i jak mo\u017cna nas promowa\u0107?<\/h2>\n<p>C\u00f3\u017c, dos\u0142ownie ka\u017cdy! By\u0107 mo\u017ce masz stron\u0119 internetow\u0105 zwi\u0105zan\u0105 z loteri\u0105. W takim przypadku Tw\u00f3j wsp\u00f3\u0142czynnik konwersji b\u0119dzie wysoki, poniewa\u017c nasz produkt trafia do Twoich odbiorc\u00f3w.<\/p>\n<p>A mo\u017ce masz stron\u0119 internetow\u0105 po\u015bwi\u0119con\u0105 innej tematyce i szukasz sposob\u00f3w na monetyzacj\u0119 ruchu na swojej stronie. Wszyscy uwielbiaj\u0105 gra\u0107 w lotto, a Twoje zarobki b\u0119d\u0105 zale\u017ca\u0142y g\u0142\u00f3wnie od ruchu na Twojej stronie internetowej.<\/p>\n<p>Listy e-mailowe s\u0105 doskona\u0142ym narz\u0119dziem do pozyskiwania nowych klient\u00f3w. Nie tolerujemy spamu, wi\u0119c upewnij si\u0119, \u017ce Twoja lista e-mailowa zawiera wy\u0142\u0105cznie kontakty, kt\u00f3re wyrazi\u0142y zgod\u0119 na otrzymywanie marketingowych wiadomo\u015bci e-mail.<\/p>\n<p>Niekt\u00f3rzy z naszych partner\u00f3w stosuj\u0105 strategie offline, aby nas promowa\u0107. Stworzyli w\u0142asn\u0105 stron\u0119 internetow\u0105 po\u015bwi\u0119con\u0105 loterii z linkami partnerskimi kieruj\u0105cymi do RedFoxLotto.com. Nast\u0119pnie rozdaj\u0105 ulotki, wizyt\u00f3wki i inne materia\u0142y marketingowe promuj\u0105ce ich stron\u0119 internetow\u0105, generuj\u0105c w ten spos\u00f3b ruch i ostatecznie sprzeda\u017c na RedFoxLotto.com.<\/p>\n","protected":false},"excerpt":{"rendered":"<p>Czym jest nasz produkt? RedFoxLotto sprzedaje losy loterii online. Oferujemy klientom na ca\u0142ym \u015bwiecie mo\u017cliwo\u015b\u0107 udzia\u0142u w loteriach z ogromnymi jackpotami, takich jak ameryka\u0144skie Mega Millions i Powerball oraz du\u017ce europejskie loterie, takie jak EuroMillions, EuroJackpot i SuperEnalotto. Za naszym po\u015brednictwem klienci mog\u0105 kupowa\u0107 losy na loterie w innych krajach<\/p>\n<p><a href=\"https:\/\/redfoxaffiliates.com\/pl\/dlaczego-warto-zostac-partnerem-loterii\/\" class=\"more-link\">Continue Reading<span class=\"screen-reader-text\">Dlaczego warto zosta\u0107 partnerem loterii?<\/span><\/a><\/p>\n","protected":false},"author":1,"featured_media":0,"parent":0,"menu_order":1,"comment_status":"closed","ping_status":"closed","template":"","meta":{"footnotes":""},"class_list":["post-269","page","type-page","status-publish","hentry"],"yoast_head":"<!-- This site is optimized with the Yoast SEO plugin v22.4 - https:\/\/yoast.com\/wordpress\/plugins\/seo\/ -->\n<title>Dlaczego warto do\u0142\u0105czy\u0107 do programu partnerskiego RedFoxLotto?<\/title>\n<meta name=\"description\" content=\"Powody, dla kt\u00f3rych warto do\u0142\u0105czy\u0107 do nas i zosta\u0107 partnerem afiliacyjnym oraz partnerem handlowym RedFoxLotto. Zarabiaj prowizje od ka\u017cdej sprzeda\u017cy dokonanej przez poleconych przez Ciebie klient\u00f3w przez ca\u0142e \u017cycie!\" \/>\n<meta name=\"robots\" content=\"index, follow, max-snippet:-1, max-image-preview:large, max-video-preview:-1\" \/>\n<link rel=\"canonical\" href=\"https:\/\/redfoxaffiliates.com\/why-become-a-lottery-affiliate\/\" \/>\n<meta property=\"og:locale\" content=\"pl_PL\" \/>\n<meta property=\"og:type\" content=\"article\" \/>\n<meta property=\"og:title\" content=\"Dlaczego warto do\u0142\u0105czy\u0107 do programu partnerskiego RedFoxLotto?\" \/>\n<meta property=\"og:description\" content=\"Powody, dla kt\u00f3rych warto do\u0142\u0105czy\u0107 do nas i zosta\u0107 partnerem afiliacyjnym oraz partnerem handlowym RedFoxLotto. Zarabiaj prowizje od ka\u017cdej sprzeda\u017cy dokonanej przez poleconych przez Ciebie klient\u00f3w przez ca\u0142e \u017cycie!\" \/>\n<meta property=\"og:url\" content=\"https:\/\/redfoxaffiliates.com\/why-become-a-lottery-affiliate\/\" \/>\n<meta property=\"og:site_name\" content=\"RedFoxLotto Affiliate Program\" \/>\n<meta name=\"twitter:card\" content=\"summary_large_image\" \/>\n<meta name=\"twitter:label1\" content=\"Szacowany czas czytania\" \/>\n\t<meta name=\"twitter:data1\" content=\"3 minuty\" \/>\n<script type=\"application\/ld+json\" class=\"yoast-schema-graph\">{\"@context\":\"https:\/\/schema.org\",\"@graph\":[{\"@type\":\"WebPage\",\"@id\":\"https:\/\/redfoxaffiliates.com\/why-become-a-lottery-affiliate\/\",\"url\":\"https:\/\/redfoxaffiliates.com\/why-become-a-lottery-affiliate\/\",\"name\":\"Dlaczego warto do\u0142\u0105czy\u0107 do programu partnerskiego RedFoxLotto?\",\"isPartOf\":{\"@id\":\"https:\/\/redfoxaffiliates.com\/#website\"},\"datePublished\":\"2023-07-15T11:33:10+00:00\",\"dateModified\":\"2023-07-15T11:33:10+00:00\",\"description\":\"Powody, dla kt\u00f3rych warto do\u0142\u0105czy\u0107 do nas i zosta\u0107 partnerem afiliacyjnym oraz partnerem handlowym RedFoxLotto. Zarabiaj prowizje od ka\u017cdej sprzeda\u017cy dokonanej przez poleconych przez Ciebie klient\u00f3w przez ca\u0142e \u017cycie!\",\"breadcrumb\":{\"@id\":\"https:\/\/redfoxaffiliates.com\/why-become-a-lottery-affiliate\/#breadcrumb\"},\"inLanguage\":\"pl-PL\",\"potentialAction\":[{\"@type\":\"ReadAction\",\"target\":[\"https:\/\/redfoxaffiliates.com\/why-become-a-lottery-affiliate\/\"]}]},{\"@type\":\"BreadcrumbList\",\"@id\":\"https:\/\/redfoxaffiliates.com\/why-become-a-lottery-affiliate\/#breadcrumb\",\"itemListElement\":[{\"@type\":\"ListItem\",\"position\":1,\"name\":\"Home\",\"item\":\"https:\/\/redfoxaffiliates.com\/pl\/strona-glowna\/\"},{\"@type\":\"ListItem\",\"position\":2,\"name\":\"Dlaczego warto zosta\u0107 partnerem loterii?\"}]},{\"@type\":\"WebSite\",\"@id\":\"https:\/\/redfoxaffiliates.com\/#website\",\"url\":\"https:\/\/redfoxaffiliates.com\/\",\"name\":\"RedFoxLotto Affiliate Program\",\"description\":\"The site for marketing partners of RedFoxLotto.com\",\"potentialAction\":[{\"@type\":\"SearchAction\",\"target\":{\"@type\":\"EntryPoint\",\"urlTemplate\":\"https:\/\/redfoxaffiliates.com\/?s={search_term_string}\"},\"query-input\":\"required name=search_term_string\"}],\"inLanguage\":\"pl-PL\"}]}<\/script>\n<!-- \/ Yoast SEO plugin. -->","yoast_head_json":{"title":"Dlaczego warto do\u0142\u0105czy\u0107 do programu partnerskiego RedFoxLotto?","description":"Powody, dla kt\u00f3rych warto do\u0142\u0105czy\u0107 do nas i zosta\u0107 partnerem afiliacyjnym oraz partnerem handlowym RedFoxLotto. Zarabiaj prowizje od ka\u017cdej sprzeda\u017cy dokonanej przez poleconych przez Ciebie klient\u00f3w przez ca\u0142e \u017cycie!","robots":{"index":"index","follow":"follow","max-snippet":"max-snippet:-1","max-image-preview":"max-image-preview:large","max-video-preview":"max-video-preview:-1"},"canonical":"https:\/\/redfoxaffiliates.com\/why-become-a-lottery-affiliate\/","og_locale":"pl_PL","og_type":"article","og_title":"Dlaczego warto do\u0142\u0105czy\u0107 do programu partnerskiego RedFoxLotto?","og_description":"Powody, dla kt\u00f3rych warto do\u0142\u0105czy\u0107 do nas i zosta\u0107 partnerem afiliacyjnym oraz partnerem handlowym RedFoxLotto. Zarabiaj prowizje od ka\u017cdej sprzeda\u017cy dokonanej przez poleconych przez Ciebie klient\u00f3w przez ca\u0142e \u017cycie!","og_url":"https:\/\/redfoxaffiliates.com\/why-become-a-lottery-affiliate\/","og_site_name":"RedFoxLotto Affiliate Program","twitter_card":"summary_large_image","twitter_misc":{"Szacowany czas czytania":"3 minuty"},"schema":{"@context":"https:\/\/schema.org","@graph":[{"@type":"WebPage","@id":"https:\/\/redfoxaffiliates.com\/why-become-a-lottery-affiliate\/","url":"https:\/\/redfoxaffiliates.com\/why-become-a-lottery-affiliate\/","name":"Dlaczego warto do\u0142\u0105czy\u0107 do programu partnerskiego RedFoxLotto?","isPartOf":{"@id":"https:\/\/redfoxaffiliates.com\/#website"},"datePublished":"2023-07-15T11:33:10+00:00","dateModified":"2023-07-15T11:33:10+00:00","description":"Powody, dla kt\u00f3rych warto do\u0142\u0105czy\u0107 do nas i zosta\u0107 partnerem afiliacyjnym oraz partnerem handlowym RedFoxLotto. Zarabiaj prowizje od ka\u017cdej sprzeda\u017cy dokonanej przez poleconych przez Ciebie klient\u00f3w przez ca\u0142e \u017cycie!","breadcrumb":{"@id":"https:\/\/redfoxaffiliates.com\/why-become-a-lottery-affiliate\/#breadcrumb"},"inLanguage":"pl-PL","potentialAction":[{"@type":"ReadAction","target":["https:\/\/redfoxaffiliates.com\/why-become-a-lottery-affiliate\/"]}]},{"@type":"BreadcrumbList","@id":"https:\/\/redfoxaffiliates.com\/why-become-a-lottery-affiliate\/#breadcrumb","itemListElement":[{"@type":"ListItem","position":1,"name":"Home","item":"https:\/\/redfoxaffiliates.com\/pl\/strona-glowna\/"},{"@type":"ListItem","position":2,"name":"Dlaczego warto zosta\u0107 partnerem loterii?"}]},{"@type":"WebSite","@id":"https:\/\/redfoxaffiliates.com\/#website","url":"https:\/\/redfoxaffiliates.com\/","name":"RedFoxLotto Affiliate Program","description":"The site for marketing partners of RedFoxLotto.com","potentialAction":[{"@type":"SearchAction","target":{"@type":"EntryPoint","urlTemplate":"https:\/\/redfoxaffiliates.com\/?s={search_term_string}"},"query-input":"required name=search_term_string"}],"inLanguage":"pl-PL"}]}},"_links":{"self":[{"href":"https:\/\/redfoxaffiliates.com\/pl\/wp-json\/wp\/v2\/pages\/269","targetHints":{"allow":["GET"]}}],"collection":[{"href":"https:\/\/redfoxaffiliates.com\/pl\/wp-json\/wp\/v2\/pages"}],"about":[{"href":"https:\/\/redfoxaffiliates.com\/pl\/wp-json\/wp\/v2\/types\/page"}],"author":[{"embeddable":true,"href":"https:\/\/redfoxaffiliates.com\/pl\/wp-json\/wp\/v2\/users\/1"}],"replies":[{"embeddable":true,"href":"https:\/\/redfoxaffiliates.com\/pl\/wp-json\/wp\/v2\/comments?post=269"}],"version-history":[{"count":0,"href":"https:\/\/redfoxaffiliates.com\/pl\/wp-json\/wp\/v2\/pages\/269\/revisions"}],"wp:attachment":[{"href":"https:\/\/redfoxaffiliates.com\/pl\/wp-json\/wp\/v2\/media?parent=269"}],"curies":[{"name":"wp","href":"https:\/\/api.w.org\/{rel}","templated":true}]}}