{"id":164,"date":"2023-07-15T08:09:36","date_gmt":"2023-07-15T06:09:36","guid":{"rendered":"https:\/\/redfoxaffiliates.com\/strona-glowna\/"},"modified":"2026-01-03T10:27:21","modified_gmt":"2026-01-03T09:27:21","slug":"strona-glowna","status":"publish","type":"page","link":"https:\/\/redfoxaffiliates.com\/pl\/","title":{"rendered":"Strona g\u0142\u00f3wna"},"content":{"rendered":"&#13;\n<p>RedFoxAffiliates.com to program partnerski dla RedFoxLotto.com. RedFoxLotto to us\u0142uga kurierska dla kupon\u00f3w loteryjnych. Za po\u015brednictwem strony internetowej RedFoxLotto.com fani loterii z ca\u0142ego \u015bwiata mog\u0105 zamawia\u0107 prawdziwe kupony do wielu mi\u0119dzynarodowych loterii.<\/p>&#13;\n<h2>Czy potrafisz przyci\u0105gn\u0105\u0107 ruch?<\/h2>&#13;\n<p>Je\u015bli potrafisz przyci\u0105gn\u0105\u0107 ruch (nowych potencjalnych klient\u00f3w) do naszej strony internetowej, zarobisz prowizj\u0119. Ty wysy\u0142asz nam ruch, a my go konwertujemy. Wi\u0119kszy ruch oznacza wi\u0119cej p\u0142ac\u0105cych klient\u00f3w i wy\u017csze prowizje dla Ciebie.&#13;\n<\/p>&#13;\n<h2>Nasza us\u0142uga sprzeda\u017cy los\u00f3w loteryjnych jest idealnym produktem do promowania w Internecie.<\/h2>&#13;\n<p>Jest to prosty produkt, kt\u00f3ry znaj\u0105 wszyscy na ca\u0142ym \u015bwiecie. Ogromne jackpoty budz\u0105 du\u017ce zainteresowanie odbiorc\u00f3w na ca\u0142ym \u015bwiecie.&#13;\n<\/p>&#13;\n<h2>\u0141atwa konwersja \u2013 od odwiedzaj\u0105cego do klienta<\/h2>&#13;\n<p>Zakup los\u00f3w online za po\u015brednictwem naszej strony jest niezwykle prosty. Rejestracja na stronie redfoxlotto.com zajmuje kilka sekund, a zam\u00f3wienie losu i dokonanie p\u0142atno\u015bci online s\u0105 r\u00f3wnie szybkie i proste. Ty kierujesz do nas odwiedzaj\u0105cych, a my ich konwertujemy.&#13;\n<\/p>&#13;\n<h2>Nasi klienci s\u0105 lojalni \u2013 wracaj\u0105 i kupuj\u0105 wi\u0119cej los\u00f3w przez d\u0142ugi czas.<\/h2>&#13;\n<p>Gdy Twoi odwiedzaj\u0105cy dokonaj\u0105 pierwszego zakupu, b\u0119d\u0105 wraca\u0107, aby kupi\u0107 dodatkowe losy. Wielu naszych klient\u00f3w jest z nami od dziesi\u0119ciu lat lub nawet d\u0142u\u017cej. Je\u015bli polecisz nam klienta, prawdopodobnie b\u0119dziesz zarabia\u0107 prowizje od zakup\u00f3w tego klienta przez wiele lat!&#13;\n<\/p>&#13;\n<p>Zarejestruj si\u0119 w naszym programie partnerskim ju\u017c teraz. Rejestracja jest bezp\u0142atna. Je\u015bli masz pytania, sprawd\u017a najpierw nasz\u0105 stron\u0119 z cz\u0119sto zadawanymi pytaniami. Skontaktuj si\u0119 z nami, je\u015bli masz dodatkowe pytania.&#13;\n<\/p>&#13;\n<p>Kliknij ten link, aby do\u0142\u0105czy\u0107 do naszego programu partnerskiego. Po zarejestrowaniu si\u0119 otrzymasz od nas wiadomo\u015b\u0107 e-mail. Nie zapomnij klikn\u0105\u0107 linku potwierdzaj\u0105cego w tej wiadomo\u015bci. Twoja rejestracja zostanie sprawdzona, a konto partnerskie zostanie aktywowane w ci\u0105gu 48 godzin.<\/p>&#13;\n<p>\u00a0<\/p>&#13;\n","protected":false},"excerpt":{"rendered":"<p>&#13; RedFoxAffiliates.com to program partnerski dla RedFoxLotto.com. RedFoxLotto to us\u0142uga kurierska dla kupon\u00f3w loteryjnych. Za po\u015brednictwem strony internetowej RedFoxLotto.com fani loterii z ca\u0142ego \u015bwiata mog\u0105 zamawia\u0107 prawdziwe kupony do wielu mi\u0119dzynarodowych loterii. &#13; Czy potrafisz przyci\u0105gn\u0105\u0107 ruch? &#13; Je\u015bli potrafisz przyci\u0105gn\u0105\u0107 ruch (nowych potencjalnych klient\u00f3w) do naszej strony internetowej, zarobisz<\/p>\n<p><a href=\"https:\/\/redfoxaffiliates.com\/pl\/\" class=\"more-link\">Continue Reading<span class=\"screen-reader-text\">Strona g\u0142\u00f3wna<\/span><\/a><\/p>\n","protected":false},"author":1,"featured_media":0,"parent":0,"menu_order":0,"comment_status":"closed","ping_status":"closed","template":"","meta":{"footnotes":""},"class_list":["post-164","page","type-page","status-publish","hentry"],"yoast_head":"<!-- This site is optimized with the Yoast SEO plugin v22.4 - https:\/\/yoast.com\/wordpress\/plugins\/seo\/ -->\n<title>Program partnerski RedFoxLotto.com<\/title>\n<meta name=\"description\" content=\"Nasz program partnerski umo\u017cliwia partnerom RedFoxLotto zarabianie prowizji od poleconych klient\u00f3w. Zosta\u0144 partnerem handlowym i ju\u017c dzi\u015b zacznij promowa\u0107 nasz\u0105 us\u0142ug\u0119 sprzeda\u017cy los\u00f3w loterii online!\" \/>\n<meta name=\"robots\" content=\"index, follow, max-snippet:-1, max-image-preview:large, max-video-preview:-1\" \/>\n<link rel=\"canonical\" href=\"https:\/\/redfoxaffiliates.com\/pl\/strona-glowna\/\" \/>\n<meta property=\"og:locale\" content=\"pl_PL\" \/>\n<meta property=\"og:type\" content=\"article\" \/>\n<meta property=\"og:title\" content=\"Program partnerski RedFoxLotto.com\" \/>\n<meta property=\"og:description\" content=\"Nasz program partnerski umo\u017cliwia partnerom RedFoxLotto zarabianie prowizji od poleconych klient\u00f3w. Zosta\u0144 partnerem handlowym i ju\u017c dzi\u015b zacznij promowa\u0107 nasz\u0105 us\u0142ug\u0119 sprzeda\u017cy los\u00f3w loterii online!\" \/>\n<meta property=\"og:url\" content=\"https:\/\/redfoxaffiliates.com\/pl\/strona-glowna\/\" \/>\n<meta property=\"og:site_name\" content=\"RedFoxLotto Affiliate Program\" \/>\n<meta property=\"article:modified_time\" content=\"2026-01-03T09:27:21+00:00\" \/>\n<meta name=\"twitter:card\" content=\"summary_large_image\" \/>\n<meta name=\"twitter:label1\" content=\"Szacowany czas czytania\" \/>\n\t<meta name=\"twitter:data1\" content=\"2 minuty\" \/>\n<script type=\"application\/ld+json\" class=\"yoast-schema-graph\">{\"@context\":\"https:\/\/schema.org\",\"@graph\":[{\"@type\":\"WebPage\",\"@id\":\"https:\/\/redfoxaffiliates.com\/pl\/strona-glowna\/\",\"url\":\"https:\/\/redfoxaffiliates.com\/pl\/strona-glowna\/\",\"name\":\"Program partnerski RedFoxLotto.com\",\"isPartOf\":{\"@id\":\"https:\/\/redfoxaffiliates.com\/#website\"},\"datePublished\":\"2023-07-15T06:09:36+00:00\",\"dateModified\":\"2026-01-03T09:27:21+00:00\",\"description\":\"Nasz program partnerski umo\u017cliwia partnerom RedFoxLotto zarabianie prowizji od poleconych klient\u00f3w. Zosta\u0144 partnerem handlowym i ju\u017c dzi\u015b zacznij promowa\u0107 nasz\u0105 us\u0142ug\u0119 sprzeda\u017cy los\u00f3w loterii online!\",\"breadcrumb\":{\"@id\":\"https:\/\/redfoxaffiliates.com\/pl\/strona-glowna\/#breadcrumb\"},\"inLanguage\":\"pl-PL\",\"potentialAction\":[{\"@type\":\"ReadAction\",\"target\":[\"https:\/\/redfoxaffiliates.com\/pl\/strona-glowna\/\"]}]},{\"@type\":\"BreadcrumbList\",\"@id\":\"https:\/\/redfoxaffiliates.com\/pl\/strona-glowna\/#breadcrumb\",\"itemListElement\":[{\"@type\":\"ListItem\",\"position\":1,\"name\":\"Home\",\"item\":\"https:\/\/redfoxaffiliates.com\/pl\/strona-glowna\/\"},{\"@type\":\"ListItem\",\"position\":2,\"name\":\"Strona g\u0142\u00f3wna\"}]},{\"@type\":\"WebSite\",\"@id\":\"https:\/\/redfoxaffiliates.com\/#website\",\"url\":\"https:\/\/redfoxaffiliates.com\/\",\"name\":\"RedFoxLotto Affiliate Program\",\"description\":\"The site for marketing partners of RedFoxLotto.com\",\"potentialAction\":[{\"@type\":\"SearchAction\",\"target\":{\"@type\":\"EntryPoint\",\"urlTemplate\":\"https:\/\/redfoxaffiliates.com\/?s={search_term_string}\"},\"query-input\":\"required name=search_term_string\"}],\"inLanguage\":\"pl-PL\"}]}<\/script>\n<!-- \/ Yoast SEO plugin. -->","yoast_head_json":{"title":"Program partnerski RedFoxLotto.com","description":"Nasz program partnerski umo\u017cliwia partnerom RedFoxLotto zarabianie prowizji od poleconych klient\u00f3w. Zosta\u0144 partnerem handlowym i ju\u017c dzi\u015b zacznij promowa\u0107 nasz\u0105 us\u0142ug\u0119 sprzeda\u017cy los\u00f3w loterii online!","robots":{"index":"index","follow":"follow","max-snippet":"max-snippet:-1","max-image-preview":"max-image-preview:large","max-video-preview":"max-video-preview:-1"},"canonical":"https:\/\/redfoxaffiliates.com\/pl\/strona-glowna\/","og_locale":"pl_PL","og_type":"article","og_title":"Program partnerski RedFoxLotto.com","og_description":"Nasz program partnerski umo\u017cliwia partnerom RedFoxLotto zarabianie prowizji od poleconych klient\u00f3w. Zosta\u0144 partnerem handlowym i ju\u017c dzi\u015b zacznij promowa\u0107 nasz\u0105 us\u0142ug\u0119 sprzeda\u017cy los\u00f3w loterii online!","og_url":"https:\/\/redfoxaffiliates.com\/pl\/strona-glowna\/","og_site_name":"RedFoxLotto Affiliate Program","article_modified_time":"2026-01-03T09:27:21+00:00","twitter_card":"summary_large_image","twitter_misc":{"Szacowany czas czytania":"2 minuty"},"schema":{"@context":"https:\/\/schema.org","@graph":[{"@type":"WebPage","@id":"https:\/\/redfoxaffiliates.com\/pl\/strona-glowna\/","url":"https:\/\/redfoxaffiliates.com\/pl\/strona-glowna\/","name":"Program partnerski RedFoxLotto.com","isPartOf":{"@id":"https:\/\/redfoxaffiliates.com\/#website"},"datePublished":"2023-07-15T06:09:36+00:00","dateModified":"2026-01-03T09:27:21+00:00","description":"Nasz program partnerski umo\u017cliwia partnerom RedFoxLotto zarabianie prowizji od poleconych klient\u00f3w. Zosta\u0144 partnerem handlowym i ju\u017c dzi\u015b zacznij promowa\u0107 nasz\u0105 us\u0142ug\u0119 sprzeda\u017cy los\u00f3w loterii online!","breadcrumb":{"@id":"https:\/\/redfoxaffiliates.com\/pl\/strona-glowna\/#breadcrumb"},"inLanguage":"pl-PL","potentialAction":[{"@type":"ReadAction","target":["https:\/\/redfoxaffiliates.com\/pl\/strona-glowna\/"]}]},{"@type":"BreadcrumbList","@id":"https:\/\/redfoxaffiliates.com\/pl\/strona-glowna\/#breadcrumb","itemListElement":[{"@type":"ListItem","position":1,"name":"Home","item":"https:\/\/redfoxaffiliates.com\/pl\/strona-glowna\/"},{"@type":"ListItem","position":2,"name":"Strona g\u0142\u00f3wna"}]},{"@type":"WebSite","@id":"https:\/\/redfoxaffiliates.com\/#website","url":"https:\/\/redfoxaffiliates.com\/","name":"RedFoxLotto Affiliate Program","description":"The site for marketing partners of RedFoxLotto.com","potentialAction":[{"@type":"SearchAction","target":{"@type":"EntryPoint","urlTemplate":"https:\/\/redfoxaffiliates.com\/?s={search_term_string}"},"query-input":"required name=search_term_string"}],"inLanguage":"pl-PL"}]}},"_links":{"self":[{"href":"https:\/\/redfoxaffiliates.com\/pl\/wp-json\/wp\/v2\/pages\/164","targetHints":{"allow":["GET"]}}],"collection":[{"href":"https:\/\/redfoxaffiliates.com\/pl\/wp-json\/wp\/v2\/pages"}],"about":[{"href":"https:\/\/redfoxaffiliates.com\/pl\/wp-json\/wp\/v2\/types\/page"}],"author":[{"embeddable":true,"href":"https:\/\/redfoxaffiliates.com\/pl\/wp-json\/wp\/v2\/users\/1"}],"replies":[{"embeddable":true,"href":"https:\/\/redfoxaffiliates.com\/pl\/wp-json\/wp\/v2\/comments?post=164"}],"version-history":[{"count":1,"href":"https:\/\/redfoxaffiliates.com\/pl\/wp-json\/wp\/v2\/pages\/164\/revisions"}],"predecessor-version":[{"id":165,"href":"https:\/\/redfoxaffiliates.com\/pl\/wp-json\/wp\/v2\/pages\/164\/revisions\/165"}],"wp:attachment":[{"href":"https:\/\/redfoxaffiliates.com\/pl\/wp-json\/wp\/v2\/media?parent=164"}],"curies":[{"name":"wp","href":"https:\/\/api.w.org\/{rel}","templated":true}]}}