{"id":361,"date":"2026-01-01T21:16:49","date_gmt":"2026-01-01T20:16:49","guid":{"rendered":"https:\/\/redfoxaffiliates.com\/om-etikk-i-tilknyttede-markedsforingsprogrammer\/"},"modified":"2026-01-01T21:16:49","modified_gmt":"2026-01-01T20:16:49","slug":"om-etikk-i-tilknyttede-markedsforingsprogrammer","status":"publish","type":"page","link":"https:\/\/redfoxaffiliates.com\/no\/om-etikk-i-tilknyttede-markedsforingsprogrammer\/","title":{"rendered":"Om etikk i tilknyttede markedsf\u00f8ringsprogrammer"},"content":{"rendered":"<p>Du blir kanskje overrasket over \u00e5 finne en referanse til etikk p\u00e5 nettstedet til et tilknyttet program. Vi er enige i at det er uvanlig.<\/p>\n<p>Men det er et viktig tema for oss. Tidligere tilknyttede selskaper driver b\u00e5de RedFoxLotto.com og dette tilknyttede programmet. Vi har jobbet med de samme selskapene som du har jobbet med (eller kanskje fortsatt jobber med). Etter mer enn 12 \u00e5r i gambling-affiliatebransjen har vi sett mye d\u00e5rlig. Inntekter som blir redusert, endringer i vilk\u00e5r og betingelser som resulterer i tap av inntekt for affiliate-partneren, forsinket eller manglende betaling, kunder som blir stj\u00e5let fra oss (eller fra andre affiliate-partnere) \u2013 vi har sett det hele.<\/p>\n<p>Dessverre er dette en bransje hvor d\u00e5rlige ting skjer med hardtarbeidende tilknyttede selskaper hele tiden. Derfor bestemte vi oss for \u00e5 ta neste steg. Vi lanserte v\u00e5rt eget produkt, RedFoxLotto.com. V\u00e5r markedsf\u00f8ringsplan er enkel: 100 % basert p\u00e5 SEO og online tilknyttet markedsf\u00f8ring.<\/p>\n<p>Siden vi selv har v\u00e6rt tilknyttede selskaper, lover vi \u00e5 drive et 100 % etisk og \u00e6rlig tilknyttet program. Ja, alle sier at vi ikke vil gj\u00f8re dette eller det. Men vi mener det vi sier.<\/p>\n<p>Dette kan du forvente av oss<br \/>\nEn avtale er en avtale! Det betyr at hvis vi sier at du vil motta en andel av inntektene du genererer for hele levetiden til kundene du bringer inn, s\u00e5 mener vi det. Vi vil aldri ombestemme oss om det.<br \/>\nVi vil aldri manipulere inntektsrapporter for \u00e5 redusere v\u00e5re faste kostnader. Vi vil heller aldri fjerne kunder fra kontoen din. Vi \u00f8nsker at du skal v\u00e6re s\u00e5 vellykket som mulig. Du er v\u00e5r forretningspartner, og v\u00e5r suksess avhenger av deg!<br \/>\nVi betaler deg i tide. Du har ogs\u00e5 forpliktelser og utgifter, og det forst\u00e5r vi.<br \/>\nTa kontakt med oss hvis du har sp\u00f8rsm\u00e5l eller trenger v\u00e5r hjelp. Bruk \u00abKontakt\u00bb-skjemaet i menylinjen \u00f8verst. La oss samarbeide og se om vi begge kan tjene penger!<\/p>\n","protected":false},"excerpt":{"rendered":"<p>Du blir kanskje overrasket over \u00e5 finne en referanse til etikk p\u00e5 nettstedet til et tilknyttet program. Vi er enige i at det er uvanlig. Men det er et viktig tema for oss. Tidligere tilknyttede selskaper driver b\u00e5de RedFoxLotto.com og dette tilknyttede programmet. Vi har jobbet med de samme selskapene<\/p>\n<p><a href=\"https:\/\/redfoxaffiliates.com\/no\/om-etikk-i-tilknyttede-markedsforingsprogrammer\/\" class=\"more-link\">Continue Reading<span class=\"screen-reader-text\">Om etikk i tilknyttede markedsf\u00f8ringsprogrammer<\/span><\/a><\/p>\n","protected":false},"author":1,"featured_media":0,"parent":0,"menu_order":7,"comment_status":"closed","ping_status":"closed","template":"","meta":{"footnotes":""},"class_list":["post-361","page","type-page","status-publish","hentry"],"yoast_head":"<!-- This site is optimized with the Yoast SEO plugin v22.4 - https:\/\/yoast.com\/wordpress\/plugins\/seo\/ -->\n<title>Etikk og tilknytning til lotterimarkedet<\/title>\n<meta name=\"description\" content=\"Det finnes mange lotteri-tilknyttede programmer som stjeler penger fra sine tilknyttede selskaper. Derfor er temaet etisk forretningsdrift viktig for oss.\" \/>\n<meta name=\"robots\" content=\"index, follow, max-snippet:-1, max-image-preview:large, max-video-preview:-1\" \/>\n<link rel=\"canonical\" href=\"https:\/\/redfoxaffiliates.com\/ethics-and-affiliate-marketing-programs\/\" \/>\n<meta property=\"og:locale\" content=\"nb_NO\" \/>\n<meta property=\"og:type\" content=\"article\" \/>\n<meta property=\"og:title\" content=\"Etikk og tilknytning til lotterimarkedet\" \/>\n<meta property=\"og:description\" content=\"Det finnes mange lotteri-tilknyttede programmer som stjeler penger fra sine tilknyttede selskaper. Derfor er temaet etisk forretningsdrift viktig for oss.\" \/>\n<meta property=\"og:url\" content=\"https:\/\/redfoxaffiliates.com\/ethics-and-affiliate-marketing-programs\/\" \/>\n<meta property=\"og:site_name\" content=\"RedFoxLotto Affiliate Program\" \/>\n<meta name=\"twitter:card\" content=\"summary_large_image\" \/>\n<meta name=\"twitter:label1\" content=\"Ansl. lesetid\" \/>\n\t<meta name=\"twitter:data1\" content=\"2 minutter\" \/>\n<script type=\"application\/ld+json\" class=\"yoast-schema-graph\">{\"@context\":\"https:\/\/schema.org\",\"@graph\":[{\"@type\":\"WebPage\",\"@id\":\"https:\/\/redfoxaffiliates.com\/ethics-and-affiliate-marketing-programs\/\",\"url\":\"https:\/\/redfoxaffiliates.com\/ethics-and-affiliate-marketing-programs\/\",\"name\":\"Etikk og tilknytning til lotterimarkedet\",\"isPartOf\":{\"@id\":\"https:\/\/redfoxaffiliates.com\/#website\"},\"datePublished\":\"2026-01-01T20:16:49+00:00\",\"dateModified\":\"2026-01-01T20:16:49+00:00\",\"description\":\"Det finnes mange lotteri-tilknyttede programmer som stjeler penger fra sine tilknyttede selskaper. Derfor er temaet etisk forretningsdrift viktig for oss.\",\"breadcrumb\":{\"@id\":\"https:\/\/redfoxaffiliates.com\/ethics-and-affiliate-marketing-programs\/#breadcrumb\"},\"inLanguage\":\"nb-NO\",\"potentialAction\":[{\"@type\":\"ReadAction\",\"target\":[\"https:\/\/redfoxaffiliates.com\/ethics-and-affiliate-marketing-programs\/\"]}]},{\"@type\":\"BreadcrumbList\",\"@id\":\"https:\/\/redfoxaffiliates.com\/ethics-and-affiliate-marketing-programs\/#breadcrumb\",\"itemListElement\":[{\"@type\":\"ListItem\",\"position\":1,\"name\":\"Home\",\"item\":\"https:\/\/redfoxaffiliates.com\/no\/hjem\/\"},{\"@type\":\"ListItem\",\"position\":2,\"name\":\"Om etikk i tilknyttede markedsf\u00f8ringsprogrammer\"}]},{\"@type\":\"WebSite\",\"@id\":\"https:\/\/redfoxaffiliates.com\/#website\",\"url\":\"https:\/\/redfoxaffiliates.com\/\",\"name\":\"RedFoxLotto Affiliate Program\",\"description\":\"The site for marketing partners of RedFoxLotto.com\",\"potentialAction\":[{\"@type\":\"SearchAction\",\"target\":{\"@type\":\"EntryPoint\",\"urlTemplate\":\"https:\/\/redfoxaffiliates.com\/?s={search_term_string}\"},\"query-input\":\"required name=search_term_string\"}],\"inLanguage\":\"nb-NO\"}]}<\/script>\n<!-- \/ Yoast SEO plugin. -->","yoast_head_json":{"title":"Etikk og tilknytning til lotterimarkedet","description":"Det finnes mange lotteri-tilknyttede programmer som stjeler penger fra sine tilknyttede selskaper. Derfor er temaet etisk forretningsdrift viktig for oss.","robots":{"index":"index","follow":"follow","max-snippet":"max-snippet:-1","max-image-preview":"max-image-preview:large","max-video-preview":"max-video-preview:-1"},"canonical":"https:\/\/redfoxaffiliates.com\/ethics-and-affiliate-marketing-programs\/","og_locale":"nb_NO","og_type":"article","og_title":"Etikk og tilknytning til lotterimarkedet","og_description":"Det finnes mange lotteri-tilknyttede programmer som stjeler penger fra sine tilknyttede selskaper. Derfor er temaet etisk forretningsdrift viktig for oss.","og_url":"https:\/\/redfoxaffiliates.com\/ethics-and-affiliate-marketing-programs\/","og_site_name":"RedFoxLotto Affiliate Program","twitter_card":"summary_large_image","twitter_misc":{"Ansl. lesetid":"2 minutter"},"schema":{"@context":"https:\/\/schema.org","@graph":[{"@type":"WebPage","@id":"https:\/\/redfoxaffiliates.com\/ethics-and-affiliate-marketing-programs\/","url":"https:\/\/redfoxaffiliates.com\/ethics-and-affiliate-marketing-programs\/","name":"Etikk og tilknytning til lotterimarkedet","isPartOf":{"@id":"https:\/\/redfoxaffiliates.com\/#website"},"datePublished":"2026-01-01T20:16:49+00:00","dateModified":"2026-01-01T20:16:49+00:00","description":"Det finnes mange lotteri-tilknyttede programmer som stjeler penger fra sine tilknyttede selskaper. Derfor er temaet etisk forretningsdrift viktig for oss.","breadcrumb":{"@id":"https:\/\/redfoxaffiliates.com\/ethics-and-affiliate-marketing-programs\/#breadcrumb"},"inLanguage":"nb-NO","potentialAction":[{"@type":"ReadAction","target":["https:\/\/redfoxaffiliates.com\/ethics-and-affiliate-marketing-programs\/"]}]},{"@type":"BreadcrumbList","@id":"https:\/\/redfoxaffiliates.com\/ethics-and-affiliate-marketing-programs\/#breadcrumb","itemListElement":[{"@type":"ListItem","position":1,"name":"Home","item":"https:\/\/redfoxaffiliates.com\/no\/hjem\/"},{"@type":"ListItem","position":2,"name":"Om etikk i tilknyttede markedsf\u00f8ringsprogrammer"}]},{"@type":"WebSite","@id":"https:\/\/redfoxaffiliates.com\/#website","url":"https:\/\/redfoxaffiliates.com\/","name":"RedFoxLotto Affiliate Program","description":"The site for marketing partners of RedFoxLotto.com","potentialAction":[{"@type":"SearchAction","target":{"@type":"EntryPoint","urlTemplate":"https:\/\/redfoxaffiliates.com\/?s={search_term_string}"},"query-input":"required name=search_term_string"}],"inLanguage":"nb-NO"}]}},"_links":{"self":[{"href":"https:\/\/redfoxaffiliates.com\/no\/wp-json\/wp\/v2\/pages\/361","targetHints":{"allow":["GET"]}}],"collection":[{"href":"https:\/\/redfoxaffiliates.com\/no\/wp-json\/wp\/v2\/pages"}],"about":[{"href":"https:\/\/redfoxaffiliates.com\/no\/wp-json\/wp\/v2\/types\/page"}],"author":[{"embeddable":true,"href":"https:\/\/redfoxaffiliates.com\/no\/wp-json\/wp\/v2\/users\/1"}],"replies":[{"embeddable":true,"href":"https:\/\/redfoxaffiliates.com\/no\/wp-json\/wp\/v2\/comments?post=361"}],"version-history":[{"count":0,"href":"https:\/\/redfoxaffiliates.com\/no\/wp-json\/wp\/v2\/pages\/361\/revisions"}],"wp:attachment":[{"href":"https:\/\/redfoxaffiliates.com\/no\/wp-json\/wp\/v2\/media?parent=361"}],"curies":[{"name":"wp","href":"https:\/\/api.w.org\/{rel}","templated":true}]}}