{"id":336,"date":"2026-01-01T21:15:19","date_gmt":"2026-01-01T20:15:19","guid":{"rendered":"https:\/\/redfoxaffiliates.com\/hvordan-starte-en-online-affiliate-virksomhet\/"},"modified":"2026-01-01T21:15:19","modified_gmt":"2026-01-01T20:15:19","slug":"hvordan-starte-en-online-affiliate-virksomhet","status":"publish","type":"page","link":"https:\/\/redfoxaffiliates.com\/no\/hvordan-starte-en-online-affiliate-virksomhet\/","title":{"rendered":"Hvordan starte en online affiliate-virksomhet"},"content":{"rendered":"<h2>Hva er affiliate-markedsf\u00f8ring?<\/h2>\n<p>Mange nettleverand\u00f8rer har s\u00e5kalte affiliate-programmer. Hvem som helst kan opprette en affiliate-konto der og begynne \u00e5 markedsf\u00f8re produktene sine p\u00e5 nettet. Arrang\u00f8ren (du) f\u00e5r en provisjon for \u00e5 henvise betalende kunder til leverand\u00f8ren.<\/p>\n<p>Sjekk menyen til h\u00f8yre. Der finner du en lenke til en PDF-veiledning for nybegynnere om hvordan du kommer i gang med en affiliate-virksomhet, fra bunnen av og med minimal investering.<\/p>\n<h2>Hvordan f\u00e5r du betalt?<\/h2>\n<p>N\u00e5r du er registrert i affiliate-programmet, kan du laste ned s\u00e5kalte sporingslenker og\/eller bannere med &laquo;sporede lenker&raquo; p\u00e5 affiliate-nettstedet. Disse kan legges inn p\u00e5 nettstedet ditt, og n\u00e5r en bes\u00f8kende klikker p\u00e5 lenken, vet selgeren hvilken affiliate som henviste kunden basert p\u00e5 ID-nummeret i lenken.<\/p>\n<p>Det finnes to grunnleggende modeller for samarbeidet ditt med affiliate-programmet:<\/p>\n<p>CPA (Cost per Acquisition), der affiliaten mottar et fast bel\u00f8p n\u00e5r en ny kunde n\u00e5r en definert salgsterskel.<\/p>\n<p>Revenue Share (ogs\u00e5 ofte referert til som MGR), der affiliaten f\u00e5r betalt en prosentandel av salgsinntektene. Avhengig av vilk\u00e5rene og betingelsene, vil du f\u00e5 betalt en provisjonsprosent p\u00e5 alt fremtidig salg, eller bare for en bestemt periode.<\/p>\n<h2>Hvordan markedsf\u00f8rer du disse leverand\u00f8rene?<\/h2>\n<p>Det du trenger mest for \u00e5 starte med affiliate-markedsf\u00f8ring er en nettside som driver trafikk. Se avsnittet \u00abLag en plan\u00bb nedenfor! \u00c5 f\u00e5 \u00abtrafikk\u00bb til nettstedet ditt er det viktigste.<\/p>\n<p>Det nettstedet kan enten v\u00e6re en nettside relatert til et spesifikt produkt (produktet du vil markedsf\u00f8re) eller bare en nettside om et hvilket som helst emne, s\u00e5 lenge den genererer nok trafikk. Eksempel: Du bygger en nettside om et emne du kjenner godt, for eksempel dykking. Du skriver godt innhold, og folk bes\u00f8ker nettstedet ditt. Deretter begynner du \u00e5 markedsf\u00f8re en nettbasert salgsside som spesialiserer seg p\u00e5 dykkerutstyr. Hver gang en bes\u00f8kende g\u00e5r fra nettstedet ditt til selgerens nettsted og kj\u00f8per noe, f\u00e5r du en provisjon.<\/p>\n<h2>Markedsf\u00f8ring p\u00e5 sosiale medier<\/h2>\n<p>Hvis du har et publikum p\u00e5 sosiale medier, trenger du kanskje ikke engang en nettside. Du kan bruke de samme sporede affiliate-lenkene for \u00e5 begynne \u00e5 markedsf\u00f8re leverand\u00f8rens produkter. Og hvis publikummet ditt er globalt, desto bedre. Mange land har lotterier med lave utbetalinger, eller ingen lotterier i det hele tatt. Innbyggere i disse landene er det ideelle publikummet for lotteritjenesten v\u00e5r.<\/p>\n<h2>Det finnes prim\u00e6rt to scenarier:<\/h2>\n<p>Hvis du hadde et nettsted med et bredt spekter av artikkelemner, og nettstedet hadde tusenvis av bes\u00f8kende hver dag, kunne du mer eller mindre selge hvilket som helst produkt du \u00f8nsket. Det store antallet bes\u00f8kende ville generere betydelige inntekter. Og v\u00e5rt affiliateprogram passer utmerket for ethvert nettsted, for tross alt elsker alle lotteri, ikke sant?<\/p>\n<p>Hvis du for eksempel hadde et lotteri-relatert nettsted, ville du sannsynligvis hatt f\u00e6rre bes\u00f8kende. Likevel er trafikken mer &laquo;m\u00e5lrettet&raquo;, dvs. at de bes\u00f8kende er mer sannsynlig \u00e5 kj\u00f8pe lotterikupongene du markedsf\u00f8rer. Selv om du bare hadde 10 bes\u00f8kende per dag, ville du fortsatt se noen inntekter. Og det er \u00e9n ting med \u00e5 spille lotteri: folk har en tendens til \u00e5 fortsette \u00e5 spille i lang, lang tid. N\u00e5r du har henvist et visst antall kunder til v\u00e5rt affiliateprogram, vil du se en relativt jevn inntektsstr\u00f8m.<\/p>\n<h2>Hvordan f\u00e5 bes\u00f8kende til nettstedet ditt?<\/h2>\n<p>For \u00e5 tiltrekke bes\u00f8kende trenger du artikler av h\u00f8y kvalitet p\u00e5 nettstedet ditt som gir nyttig informasjon til leserne. Du m\u00e5 ogs\u00e5 l\u00e6re det grunnleggende om SEO (s\u00f8kemotoroptimalisering). Dette er viktig fordi det finnes spesifikke \u00abregler\u00bb du m\u00e5 vite for \u00e5 sikre at sidene p\u00e5 nettstedet ditt rangerer h\u00f8yt p\u00e5 Google for s\u00f8keord som kan gi deg bes\u00f8kende. Affiliates kaller det \u00e5 \u00abdrive trafikk\u00bb til nettstedet ditt.<\/p>\n<p>SEO er ikke rakettvitenskap. Bare google \u00abSEO-grunnleggende\u00bb og les litt for \u00e5 l\u00e6re de viktigste reglene for \u00e5 lage artiklene dine og forbedre ferdighetene dine senere.<\/p>\n<h2>Kraften ved \u00e5 ha en e-postliste<\/h2>\n<p>Sett alltid opp nettstedet ditt slik at bes\u00f8kende har en grunn til \u00e5 registrere seg eller legge igjen e-postadressene sine. Lag en liste og bruk den til \u00e5 sende e-poster som promoterer spesielle arrangementer, salg og mer. Hvis du allerede har en liste, trenger du kanskje ikke engang et nettsted for \u00e5 v\u00e6re en affiliate. Men ikke kj\u00f8p lister fra spam-baserte e-postadressesider \u2013 de er ikke verdt det.<\/p>\n<h2>Hvor mye koster det \u00e5 komme i gang med affiliate-markedsf\u00f8ring?<\/h2>\n<p>Enkelt svar: ingenting eller nesten ingenting!<\/p>\n<p>Alt du trenger er et domenenavn og en hostingplan for webhotell. Som nybegynner trenger du ikke din egen server; grunnleggende webhotell, tilgjengelig fra \u20ac 2 per m\u00e5ned, er tilstrekkelig for \u00e5 komme i gang.<\/p>\n<p>Velg en p\u00e5litelig hostingleverand\u00f8r og velg et tilgjengelig domenenavn. Tenk litt over navnet p\u00e5 domenet ditt f\u00f8r du bestiller det. Velg deretter en grunnleggende hostingplan. Registrer deg og betal for kontoen. Logg deretter inn p\u00e5 kundekontoen din og ta en titt rundt. Et tips: Se etter en tilleggsfunksjon kalt &laquo;Domenepersonvern&raquo; &#8211; dette er noe du b\u00f8r vurdere hvis du av en eller annen grunn ikke vil at noen skal vite at du eier og driver dette nettstedet og tilknyttede selskaper.<\/p>\n<h2>spiste virksomhet knyttet til det.<\/h2>\n<p>Vi anbefaler \u00e5 starte med \u00e5 installere et WordPress-nettsted ved hjelp av en gratis mal (et layout). WordPress er et innholdsstyringssystem (CMS) som automatisk bygger nettstedet ditt og lar deg administrere det. Nettstedleverand\u00f8rer har enkle funksjoner som du kan bruke til \u00e5 sette opp et WordPress-nettsted p\u00e5 sekunder. Ingen programmeringsferdigheter er n\u00f8dvendig i det hele tatt!<\/p>\n<p>Les den innledende veiledningen for \u00e5 l\u00e6re de viktigste funksjonene i WordPress. Du trenger bare noen f\u00e5 timer for \u00e5 tilegne deg de grunnleggende ferdighetene som kreves for \u00e5 administrere et enkelt nettsted. Det finnes detaljert dokumentasjon p\u00e5 WordPress-nettstedet, og et forum hvor du kan be mer erfarne brukere om hjelp.<\/p>\n<h2>Hvor mye penger kan du tjene som affiliate?<\/h2>\n<p>Det avhenger veldig av hvor engasjert du er og hvor god du er. Noen affiliates tjener millioner, andre tjener veldig lite, men mange tjener flere hundre euro per m\u00e5ned. Ikke forvent \u00e5 tjene penger med en gang. Det tar tid for nettstedet ditt \u00e5 tiltrekke seg bes\u00f8kende. Hvis du investerer det n\u00f8dvendige arbeidet, vil du kunne leve av det i det lange l\u00f8p.<\/p>\n<h2>B\u00f8r\/kan man gj\u00f8re dette p\u00e5 heltid eller deltid?<\/h2>\n<p>Det m\u00e5 alle bestemme selv. Men 90 prosent av affiliates blir med i bransjen p\u00e5 deltid. En stor andel av affiliates g\u00e5r over til heltidsstillinger etter \u00e5 ha oppn\u00e5dd tilstrekkelig suksess og bransjeerfaring.<\/p>\n<h2>Er dette lovlig?<\/h2>\n<p>Absolutt, med mindre du markedsf\u00f8rer produkter som er ulovlige i landet du bor i. Hvis det er tilfelle, m\u00e5 du ta grep for \u00e5 beskytte deg mot potensielle problemer. Se blant annet \u00abDomenepersonvern\u00bb ovenfor. S\u00f8rg for \u00e5 ikke velge en domeneregistrator og\/eller hostingtjeneste i et land der nettstedet ditt ville v\u00e6re ulovlig!<\/p>\n<h2>Viktigst av alt: Lag en plan!<\/h2>\n<p>F\u00f8r du kan tjene penger gjennom et affiliateprogram, m\u00e5 du utvikle en god plan og samle den n\u00f8dvendige informasjonen. Du har kanskje sett Kevin Costner-filmen \u00abField of Dreams\u00bb, der en stemme fra himmelen sier: \u00abBygg det, s\u00e5 kommer de.\u00bb Hvis du tror du kan sette sammen et nettsted om et hvilket som helst emne og forventer at pengene snart skal str\u00f8mme inn, vil du ende opp med \u00e5 bli frustrert.<\/p>\n<p>Men hvis du g\u00e5r til verks med en plan, kan du tjene gode penger, og det er utrolig g\u00f8y \u00e5 annonsere for et affiliateprogram. Det er ideelt \u00e5 starte i en deltidsstilling, og hvis det g\u00e5r bra, kan du enkelt g\u00e5 over til heltid.<\/p>\n<h2>Planen din m\u00e5 inneholde f\u00f8lgende ting:<\/h2>\n<p>Velg et emne du brenner for og som du kan gi verdifull informasjon til leserne dine om. Hvis du er ny p\u00e5 dette, velg alltid et &laquo;nisje&raquo;-emne \u2013 hvis det finnes mange andre nettsteder om det emnet, vil du ha vanskelig for \u00e5 konkurrere med dem. Det vil ogs\u00e5 v\u00e6re utfordrende \u00e5 rangere for noen n\u00f8kkelord. Selvf\u00f8lgelig m\u00e5 du velge et emne som passer til et produkt som kan kj\u00f8pes p\u00e5 nett og har et affiliateprogram.<\/p>\n<p>Lag en liste over n\u00f8kkelordkombinasjoner som potensielle bes\u00f8kende kan s\u00f8ke etter p\u00e5 Google. V\u00e6r oppmerksom p\u00e5 at det er nesten umulig \u00e5 oppn\u00e5 h\u00f8ye rangeringer for \u00e5penbare n\u00f8kkelord som &laquo;lotto p\u00e5 nett&raquo;. G\u00e5 for mer spesifikke fraser. Et ekstremt eksempel ville v\u00e6re &laquo;Kan folk delta i Powerball hvis de ikke bor i USA?&raquo;<\/p>\n<p>Bestem deg deretter for hvilken n\u00f8kkelordkombinasjon du vil m\u00e5lrette mot p\u00e5 nettstedets hjemmeside. Skriv en artikkel p\u00e5 hjemmesiden for den s\u00f8keordkombinasjonen. Deretter utvikler du en plan for nettstedets struktur. Skriv noen flere artikler for andre s\u00f8keordkombinasjoner du kan komme opp med.<\/p>\n<h2>Fra da av m\u00e5 fokuset ditt v\u00e6re p\u00e5 to ting:<\/h2>\n<p>Bygg lenker som peker til nettstedet ditt. Lenker er som positive stemmer for nettstedet ditt; lenker av h\u00f8y kvalitet kan forbedre rangeringen i s\u00f8kemotorene dine. Be venner med nettsteder om lenker, kontakt andre nettansvarlige og tilby \u00e5 skrive en artikkel i bytte mot lenker, osv. De beste lenkene vil imidlertid komme naturlig n\u00e5r folk leser artiklene dine og lenker til siden din fordi de likte det du skrev!<\/p>\n<p>Lag mer innhold (artikler) med god SEO. Bruk fantasien din og skriv nye artikler regelmessig. Vurder \u00e5 legge til 2\u20133 artikler per uke til \u00e5 begynne med.<\/p>\n<p>Mens du fullf\u00f8rer det ovennevnte, vil du bli stadig dyktigere, og de f\u00f8rste bes\u00f8kende vil komme til nettstedet ditt. Bruk en (gratis) tjeneste som www.clicky.com eller Google Analytics for \u00e5 overv\u00e5ke bes\u00f8kstallene dine og deres oppf\u00f8rsel. Sjekk affiliateprogramkontoen din med jevne mellomrom for \u00e5 se om du genererer inntekter.<\/p>\n<p>Bruk en SEO-tjeneste for \u00e5 finne flere s\u00f8keord relatert til ditt prim\u00e6re s\u00f8keord. Lag SEO-optimalisert innhold som er rettet mot disse s\u00f8keordene. Mer innhold driver mer trafikk til nettstedet ditt og \u00f8ker provisjonene dine.<\/p>\n<p>Over tid, etter hvert som du legger ned arbeidet, vil du nesten helt sikkert se en positiv effekt p\u00e5 bes\u00f8kstallene og inntektene dine.<\/p>\n<p>Personlig sett: menneskene bak RedFoxLotto og affiliateprogrammet startet som affiliates for mer enn 15 \u00e5r siden. De har v\u00e6rt ganske suksessrike siden den gang. Og hvis du sp\u00f8r dem hva de liker med denne virksomheten, vil de si deg dette:<\/p>\n<ul>\n<li>Ubegrenset og globalt inntjeningspotensial<\/li>\n<li>Du kan starte din egen affiliate-markedsf\u00f8ringsvirksomhet nesten uten investeringer.<\/li>\n<li>Det kan gi deg \u00f8konomisk uavhengighet.<\/li>\n<li>Du kan jobbe p\u00e5 nett, hvor du vil<\/li>\n<\/ul>\n","protected":false},"excerpt":{"rendered":"<p>Hva er affiliate-markedsf\u00f8ring? Mange nettleverand\u00f8rer har s\u00e5kalte affiliate-programmer. Hvem som helst kan opprette en affiliate-konto der og begynne \u00e5 markedsf\u00f8re produktene sine p\u00e5 nettet. Arrang\u00f8ren (du) f\u00e5r en provisjon for \u00e5 henvise betalende kunder til leverand\u00f8ren. Sjekk menyen til h\u00f8yre. Der finner du en lenke til en PDF-veiledning for nybegynnere<\/p>\n<p><a href=\"https:\/\/redfoxaffiliates.com\/no\/hvordan-starte-en-online-affiliate-virksomhet\/\" class=\"more-link\">Continue Reading<span class=\"screen-reader-text\">Hvordan starte en online affiliate-virksomhet<\/span><\/a><\/p>\n","protected":false},"author":1,"featured_media":0,"parent":0,"menu_order":6,"comment_status":"closed","ping_status":"closed","template":"","meta":{"footnotes":""},"class_list":["post-336","page","type-page","status-publish","hentry"],"yoast_head":"<!-- This site is optimized with the Yoast SEO plugin v22.4 - https:\/\/yoast.com\/wordpress\/plugins\/seo\/ -->\n<title>Hvordan komme i gang og utvide din online affiliate-markedsf\u00f8ringsvirksomhet<\/title>\n<meta name=\"description\" content=\"En veikart til suksess for en affiliate-virksomhet. Begynn \u00e5 tjene provisjon online ved \u00e5 bli en affiliate og markedsf\u00f8ringspartner\" \/>\n<meta name=\"robots\" content=\"index, follow, max-snippet:-1, max-image-preview:large, max-video-preview:-1\" \/>\n<link rel=\"canonical\" href=\"https:\/\/redfoxaffiliates.com\/how-to-start-an-online-affiliate-marketing-business\/\" \/>\n<meta property=\"og:locale\" content=\"nb_NO\" \/>\n<meta property=\"og:type\" content=\"article\" \/>\n<meta property=\"og:title\" content=\"Hvordan komme i gang og utvide din online affiliate-markedsf\u00f8ringsvirksomhet\" \/>\n<meta property=\"og:description\" content=\"En veikart til suksess for en affiliate-virksomhet. Begynn \u00e5 tjene provisjon online ved \u00e5 bli en affiliate og markedsf\u00f8ringspartner\" \/>\n<meta property=\"og:url\" content=\"https:\/\/redfoxaffiliates.com\/how-to-start-an-online-affiliate-marketing-business\/\" \/>\n<meta property=\"og:site_name\" content=\"RedFoxLotto Affiliate Program\" \/>\n<meta name=\"twitter:card\" content=\"summary_large_image\" \/>\n<meta name=\"twitter:label1\" content=\"Ansl. lesetid\" \/>\n\t<meta name=\"twitter:data1\" content=\"9 minutter\" \/>\n<script type=\"application\/ld+json\" class=\"yoast-schema-graph\">{\"@context\":\"https:\/\/schema.org\",\"@graph\":[{\"@type\":\"WebPage\",\"@id\":\"https:\/\/redfoxaffiliates.com\/how-to-start-an-online-affiliate-marketing-business\/\",\"url\":\"https:\/\/redfoxaffiliates.com\/how-to-start-an-online-affiliate-marketing-business\/\",\"name\":\"Hvordan komme i gang og utvide din online affiliate-markedsf\u00f8ringsvirksomhet\",\"isPartOf\":{\"@id\":\"https:\/\/redfoxaffiliates.com\/#website\"},\"datePublished\":\"2026-01-01T20:15:19+00:00\",\"dateModified\":\"2026-01-01T20:15:19+00:00\",\"description\":\"En veikart til suksess for en affiliate-virksomhet. Begynn \u00e5 tjene provisjon online ved \u00e5 bli en affiliate og markedsf\u00f8ringspartner\",\"breadcrumb\":{\"@id\":\"https:\/\/redfoxaffiliates.com\/how-to-start-an-online-affiliate-marketing-business\/#breadcrumb\"},\"inLanguage\":\"nb-NO\",\"potentialAction\":[{\"@type\":\"ReadAction\",\"target\":[\"https:\/\/redfoxaffiliates.com\/how-to-start-an-online-affiliate-marketing-business\/\"]}]},{\"@type\":\"BreadcrumbList\",\"@id\":\"https:\/\/redfoxaffiliates.com\/how-to-start-an-online-affiliate-marketing-business\/#breadcrumb\",\"itemListElement\":[{\"@type\":\"ListItem\",\"position\":1,\"name\":\"Home\",\"item\":\"https:\/\/redfoxaffiliates.com\/no\/hjem\/\"},{\"@type\":\"ListItem\",\"position\":2,\"name\":\"Hvordan starte en online affiliate-virksomhet\"}]},{\"@type\":\"WebSite\",\"@id\":\"https:\/\/redfoxaffiliates.com\/#website\",\"url\":\"https:\/\/redfoxaffiliates.com\/\",\"name\":\"RedFoxLotto Affiliate Program\",\"description\":\"The site for marketing partners of RedFoxLotto.com\",\"potentialAction\":[{\"@type\":\"SearchAction\",\"target\":{\"@type\":\"EntryPoint\",\"urlTemplate\":\"https:\/\/redfoxaffiliates.com\/?s={search_term_string}\"},\"query-input\":\"required name=search_term_string\"}],\"inLanguage\":\"nb-NO\"}]}<\/script>\n<!-- \/ Yoast SEO plugin. -->","yoast_head_json":{"title":"Hvordan komme i gang og utvide din online affiliate-markedsf\u00f8ringsvirksomhet","description":"En veikart til suksess for en affiliate-virksomhet. Begynn \u00e5 tjene provisjon online ved \u00e5 bli en affiliate og markedsf\u00f8ringspartner","robots":{"index":"index","follow":"follow","max-snippet":"max-snippet:-1","max-image-preview":"max-image-preview:large","max-video-preview":"max-video-preview:-1"},"canonical":"https:\/\/redfoxaffiliates.com\/how-to-start-an-online-affiliate-marketing-business\/","og_locale":"nb_NO","og_type":"article","og_title":"Hvordan komme i gang og utvide din online affiliate-markedsf\u00f8ringsvirksomhet","og_description":"En veikart til suksess for en affiliate-virksomhet. Begynn \u00e5 tjene provisjon online ved \u00e5 bli en affiliate og markedsf\u00f8ringspartner","og_url":"https:\/\/redfoxaffiliates.com\/how-to-start-an-online-affiliate-marketing-business\/","og_site_name":"RedFoxLotto Affiliate Program","twitter_card":"summary_large_image","twitter_misc":{"Ansl. lesetid":"9 minutter"},"schema":{"@context":"https:\/\/schema.org","@graph":[{"@type":"WebPage","@id":"https:\/\/redfoxaffiliates.com\/how-to-start-an-online-affiliate-marketing-business\/","url":"https:\/\/redfoxaffiliates.com\/how-to-start-an-online-affiliate-marketing-business\/","name":"Hvordan komme i gang og utvide din online affiliate-markedsf\u00f8ringsvirksomhet","isPartOf":{"@id":"https:\/\/redfoxaffiliates.com\/#website"},"datePublished":"2026-01-01T20:15:19+00:00","dateModified":"2026-01-01T20:15:19+00:00","description":"En veikart til suksess for en affiliate-virksomhet. Begynn \u00e5 tjene provisjon online ved \u00e5 bli en affiliate og markedsf\u00f8ringspartner","breadcrumb":{"@id":"https:\/\/redfoxaffiliates.com\/how-to-start-an-online-affiliate-marketing-business\/#breadcrumb"},"inLanguage":"nb-NO","potentialAction":[{"@type":"ReadAction","target":["https:\/\/redfoxaffiliates.com\/how-to-start-an-online-affiliate-marketing-business\/"]}]},{"@type":"BreadcrumbList","@id":"https:\/\/redfoxaffiliates.com\/how-to-start-an-online-affiliate-marketing-business\/#breadcrumb","itemListElement":[{"@type":"ListItem","position":1,"name":"Home","item":"https:\/\/redfoxaffiliates.com\/no\/hjem\/"},{"@type":"ListItem","position":2,"name":"Hvordan starte en online affiliate-virksomhet"}]},{"@type":"WebSite","@id":"https:\/\/redfoxaffiliates.com\/#website","url":"https:\/\/redfoxaffiliates.com\/","name":"RedFoxLotto Affiliate Program","description":"The site for marketing partners of RedFoxLotto.com","potentialAction":[{"@type":"SearchAction","target":{"@type":"EntryPoint","urlTemplate":"https:\/\/redfoxaffiliates.com\/?s={search_term_string}"},"query-input":"required name=search_term_string"}],"inLanguage":"nb-NO"}]}},"_links":{"self":[{"href":"https:\/\/redfoxaffiliates.com\/no\/wp-json\/wp\/v2\/pages\/336","targetHints":{"allow":["GET"]}}],"collection":[{"href":"https:\/\/redfoxaffiliates.com\/no\/wp-json\/wp\/v2\/pages"}],"about":[{"href":"https:\/\/redfoxaffiliates.com\/no\/wp-json\/wp\/v2\/types\/page"}],"author":[{"embeddable":true,"href":"https:\/\/redfoxaffiliates.com\/no\/wp-json\/wp\/v2\/users\/1"}],"replies":[{"embeddable":true,"href":"https:\/\/redfoxaffiliates.com\/no\/wp-json\/wp\/v2\/comments?post=336"}],"version-history":[{"count":0,"href":"https:\/\/redfoxaffiliates.com\/no\/wp-json\/wp\/v2\/pages\/336\/revisions"}],"wp:attachment":[{"href":"https:\/\/redfoxaffiliates.com\/no\/wp-json\/wp\/v2\/media?parent=336"}],"curies":[{"name":"wp","href":"https:\/\/api.w.org\/{rel}","templated":true}]}}