{"id":314,"date":"2023-07-15T13:46:59","date_gmt":"2023-07-15T11:46:59","guid":{"rendered":"https:\/\/redfoxaffiliates.com\/faq\/"},"modified":"2023-07-15T13:46:59","modified_gmt":"2023-07-15T11:46:59","slug":"faq","status":"publish","type":"page","link":"https:\/\/redfoxaffiliates.com\/no\/faq\/","title":{"rendered":"FAQ"},"content":{"rendered":"<h2>Hva betyr det \u00e5 v\u00e6re tilknyttet?<\/h2>\n<p>\u00c5 v\u00e6re tilknyttet er en markedsf\u00f8ringsstrategi. Mange produkter, tjenester og nettsteder bruker tilknyttede selskaper for \u00e5 markedsf\u00f8re sine produkter og tjenester. Alle tilknyttede selskaper til RedFoxLotto.com kan markedsf\u00f8re oss.<\/p>\n<h2>Er det noen utgifter eller registreringskostnader?<\/h2>\n<p>Nei. Det er helt gratis \u00e5 bli med i v\u00e5rt tilknyttede program. De eneste utgiftene du har, er utgiftene til \u00e5 drive nettstedene dine eller skaffe ditt eget markedsf\u00f8ringsmateriell.<\/p>\n<h2>Hvordan kan jeg markedsf\u00f8re dere?<\/h2>\n<p>Du kan bruke alle slags strategier, b\u00e5de online og offline. Her er to av de vanligste m\u00e5tene:<\/p>\n<ul>\n<li>Du kan lage et nettsted (lotterirelatert eller annet) og bruke det til \u00e5 markedsf\u00f8re RedFoxLotto. F\u00e5 trafikk ved \u00e5 rangere etter s\u00f8keord i Google-s\u00f8k, og markedsf\u00f8r nettstedet ditt p\u00e5 sosiale medier. Mer trafikk til nettstedet ditt betyr flere klikk til RedFoxLotto \u2013 noe som betyr mer penger for deg.<\/li>\n<li>Lag et lotterinettsted, bruk tilknyttede lenker som peker til RedFoxLotto.com, og markedsf\u00f8r deretter nettstedet ditt offline.<\/li>\n<\/ul>\n<h2>Hvor mye kan jeg tjene?<\/h2>\n<p>Det er ingen begrensning. Du f\u00e5r en prosentandel av netto salgsbel\u00f8pet du genererer. Og for hver m\u00e5ned du genererer h\u00f8yere provisjoner, vil prosentandelen din \u00f8ke. Les denne artikkelen for mer informasjon.<\/p>\n<h2>Hva er en tilknyttet lenke?<\/h2>\n<p>En tilknyttet lenke er en lenke som inneholder en sporingsenhet \u2013 en dedikert identifikator som kun er koblet til din tilknyttede konto. Du legger inn disse lenkene p\u00e5 nettstedet ditt. Deretter klikker en av bes\u00f8kende p\u00e5 nettstedet ditt p\u00e5 lenken og foretar et kj\u00f8p p\u00e5 RedFoxLotto.com. V\u00e5rt tilknyttede system identifiserer den nye kunden som en kunde som er hentet inn av deg ved hjelp av sporingskoden. Du f\u00e5r provisjon for dette salget. Eventuelle fremtidige kj\u00f8p av denne kunden vil ogs\u00e5 generere en ny provisjon for deg.<\/p>\n<p>N\u00e5r en kunde bes\u00f8ker nettstedet v\u00e5rt ved \u00e5 klikke p\u00e5 en av tilknytningskoblingene dine, genereres en informasjonskapsel p\u00e5 enheten hans. Dette sikrer at hvis han ikke foretar et kj\u00f8p ved sitt f\u00f8rste bes\u00f8k, men kommer tilbake senere for \u00e5 kj\u00f8pe lodd, vil han fortsatt bli identifisert som \u00abditt\u00bb salg.<\/p>\n<h2>Hva med p\u00e5logging til affiliate-kontoen?<\/h2>\n<p>N\u00e5r du har registrert deg her p\u00e5 nettstedet v\u00e5rt, vil vi gjennomg\u00e5 registreringen din. N\u00e5r det er gjort, oppretter vi en affiliate-konto for deg. Deretter sender vi deg en e-post med en URL for \u00e5 logge p\u00e5 affiliate-kontoen din, med et brukernavn og et midlertidig passord. Etter at du har logget p\u00e5 kontoen din (affiliate-backend), kan du endre passordet og sjekke om alle dine personlige opplysninger er korrekte.<\/p>\n<p>Du vil kunne opprette kampanjer med dedikerte tilknyttede lenker for ulike markedsf\u00f8ringsaktiviteter. La oss si at du har flere nettsteder. I s\u00e5 fall vil du \u00f8nske \u00e5 opprette \u00e9n kampanje per nettsted. P\u00e5 den m\u00e5ten kan du se resultatene for hvert nettsted separat.<\/p>\n<p>I tilknyttet backend kan du ogs\u00e5 se bes\u00f8ksstatistikken og provisjonsrapportene dine. Markedsf\u00f8ringsmaterialet du kan bruke til \u00e5 markedsf\u00f8re produktene v\u00e5re, kan ogs\u00e5 lastes ned der.<\/p>\n<h2>Provisjonsutbetalinger<\/h2>\n<p>Den 15. hver m\u00e5ned betaler vi deg provisjonen du har tjent i l\u00f8pet av forrige m\u00e5ned. Skrill, Neteller og bankoverf\u00f8ring er de vanligste metodene, men andre alternativer kan ogs\u00e5 diskuteres.<\/p>\n","protected":false},"excerpt":{"rendered":"<p>Hva betyr det \u00e5 v\u00e6re tilknyttet? \u00c5 v\u00e6re tilknyttet er en markedsf\u00f8ringsstrategi. Mange produkter, tjenester og nettsteder bruker tilknyttede selskaper for \u00e5 markedsf\u00f8re sine produkter og tjenester. Alle tilknyttede selskaper til RedFoxLotto.com kan markedsf\u00f8re oss. Er det noen utgifter eller registreringskostnader? Nei. Det er helt gratis \u00e5 bli med i<\/p>\n<p><a href=\"https:\/\/redfoxaffiliates.com\/no\/faq\/\" class=\"more-link\">Continue Reading<span class=\"screen-reader-text\">FAQ<\/span><\/a><\/p>\n","protected":false},"author":1,"featured_media":0,"parent":0,"menu_order":3,"comment_status":"closed","ping_status":"closed","template":"","meta":{"footnotes":""},"class_list":["post-314","page","type-page","status-publish","hentry"],"yoast_head":"<!-- This site is optimized with the Yoast SEO plugin v22.4 - https:\/\/yoast.com\/wordpress\/plugins\/seo\/ -->\n<title>Ofte stilte sp\u00f8rsm\u00e5l om tilknytning til lotterimarkedet<\/title>\n<meta name=\"description\" content=\"Finn svar p\u00e5 sp\u00f8rsm\u00e5lene dine om lotteritilknytning generelt, og RedFoxLottos tilknytningsprogram spesielt\" \/>\n<meta name=\"robots\" content=\"index, follow, max-snippet:-1, max-image-preview:large, max-video-preview:-1\" \/>\n<link rel=\"canonical\" href=\"https:\/\/redfoxaffiliates.com\/faq\/\" \/>\n<meta property=\"og:locale\" content=\"nb_NO\" \/>\n<meta property=\"og:type\" content=\"article\" \/>\n<meta property=\"og:title\" content=\"Ofte stilte sp\u00f8rsm\u00e5l om tilknytning til lotterimarkedet\" \/>\n<meta property=\"og:description\" content=\"Finn svar p\u00e5 sp\u00f8rsm\u00e5lene dine om lotteritilknytning generelt, og RedFoxLottos tilknytningsprogram spesielt\" \/>\n<meta property=\"og:url\" content=\"https:\/\/redfoxaffiliates.com\/faq\/\" \/>\n<meta property=\"og:site_name\" content=\"RedFoxLotto Affiliate Program\" \/>\n<meta name=\"twitter:card\" content=\"summary_large_image\" \/>\n<meta name=\"twitter:label1\" content=\"Ansl. lesetid\" \/>\n\t<meta name=\"twitter:data1\" content=\"3 minutter\" \/>\n<script type=\"application\/ld+json\" class=\"yoast-schema-graph\">{\"@context\":\"https:\/\/schema.org\",\"@graph\":[{\"@type\":\"WebPage\",\"@id\":\"https:\/\/redfoxaffiliates.com\/faq\/\",\"url\":\"https:\/\/redfoxaffiliates.com\/faq\/\",\"name\":\"Ofte stilte sp\u00f8rsm\u00e5l om tilknytning til lotterimarkedet\",\"isPartOf\":{\"@id\":\"https:\/\/redfoxaffiliates.com\/#website\"},\"datePublished\":\"2023-07-15T11:46:59+00:00\",\"dateModified\":\"2023-07-15T11:46:59+00:00\",\"description\":\"Finn svar p\u00e5 sp\u00f8rsm\u00e5lene dine om lotteritilknytning generelt, og RedFoxLottos tilknytningsprogram spesielt\",\"breadcrumb\":{\"@id\":\"https:\/\/redfoxaffiliates.com\/faq\/#breadcrumb\"},\"inLanguage\":\"nb-NO\",\"potentialAction\":[{\"@type\":\"ReadAction\",\"target\":[\"https:\/\/redfoxaffiliates.com\/faq\/\"]}]},{\"@type\":\"BreadcrumbList\",\"@id\":\"https:\/\/redfoxaffiliates.com\/faq\/#breadcrumb\",\"itemListElement\":[{\"@type\":\"ListItem\",\"position\":1,\"name\":\"Home\",\"item\":\"https:\/\/redfoxaffiliates.com\/no\/hjem\/\"},{\"@type\":\"ListItem\",\"position\":2,\"name\":\"FAQ\"}]},{\"@type\":\"WebSite\",\"@id\":\"https:\/\/redfoxaffiliates.com\/#website\",\"url\":\"https:\/\/redfoxaffiliates.com\/\",\"name\":\"RedFoxLotto Affiliate Program\",\"description\":\"The site for marketing partners of RedFoxLotto.com\",\"potentialAction\":[{\"@type\":\"SearchAction\",\"target\":{\"@type\":\"EntryPoint\",\"urlTemplate\":\"https:\/\/redfoxaffiliates.com\/?s={search_term_string}\"},\"query-input\":\"required name=search_term_string\"}],\"inLanguage\":\"nb-NO\"}]}<\/script>\n<!-- \/ Yoast SEO plugin. -->","yoast_head_json":{"title":"Ofte stilte sp\u00f8rsm\u00e5l om tilknytning til lotterimarkedet","description":"Finn svar p\u00e5 sp\u00f8rsm\u00e5lene dine om lotteritilknytning generelt, og RedFoxLottos tilknytningsprogram spesielt","robots":{"index":"index","follow":"follow","max-snippet":"max-snippet:-1","max-image-preview":"max-image-preview:large","max-video-preview":"max-video-preview:-1"},"canonical":"https:\/\/redfoxaffiliates.com\/faq\/","og_locale":"nb_NO","og_type":"article","og_title":"Ofte stilte sp\u00f8rsm\u00e5l om tilknytning til lotterimarkedet","og_description":"Finn svar p\u00e5 sp\u00f8rsm\u00e5lene dine om lotteritilknytning generelt, og RedFoxLottos tilknytningsprogram spesielt","og_url":"https:\/\/redfoxaffiliates.com\/faq\/","og_site_name":"RedFoxLotto Affiliate Program","twitter_card":"summary_large_image","twitter_misc":{"Ansl. lesetid":"3 minutter"},"schema":{"@context":"https:\/\/schema.org","@graph":[{"@type":"WebPage","@id":"https:\/\/redfoxaffiliates.com\/faq\/","url":"https:\/\/redfoxaffiliates.com\/faq\/","name":"Ofte stilte sp\u00f8rsm\u00e5l om tilknytning til lotterimarkedet","isPartOf":{"@id":"https:\/\/redfoxaffiliates.com\/#website"},"datePublished":"2023-07-15T11:46:59+00:00","dateModified":"2023-07-15T11:46:59+00:00","description":"Finn svar p\u00e5 sp\u00f8rsm\u00e5lene dine om lotteritilknytning generelt, og RedFoxLottos tilknytningsprogram spesielt","breadcrumb":{"@id":"https:\/\/redfoxaffiliates.com\/faq\/#breadcrumb"},"inLanguage":"nb-NO","potentialAction":[{"@type":"ReadAction","target":["https:\/\/redfoxaffiliates.com\/faq\/"]}]},{"@type":"BreadcrumbList","@id":"https:\/\/redfoxaffiliates.com\/faq\/#breadcrumb","itemListElement":[{"@type":"ListItem","position":1,"name":"Home","item":"https:\/\/redfoxaffiliates.com\/no\/hjem\/"},{"@type":"ListItem","position":2,"name":"FAQ"}]},{"@type":"WebSite","@id":"https:\/\/redfoxaffiliates.com\/#website","url":"https:\/\/redfoxaffiliates.com\/","name":"RedFoxLotto Affiliate Program","description":"The site for marketing partners of RedFoxLotto.com","potentialAction":[{"@type":"SearchAction","target":{"@type":"EntryPoint","urlTemplate":"https:\/\/redfoxaffiliates.com\/?s={search_term_string}"},"query-input":"required name=search_term_string"}],"inLanguage":"nb-NO"}]}},"_links":{"self":[{"href":"https:\/\/redfoxaffiliates.com\/no\/wp-json\/wp\/v2\/pages\/314","targetHints":{"allow":["GET"]}}],"collection":[{"href":"https:\/\/redfoxaffiliates.com\/no\/wp-json\/wp\/v2\/pages"}],"about":[{"href":"https:\/\/redfoxaffiliates.com\/no\/wp-json\/wp\/v2\/types\/page"}],"author":[{"embeddable":true,"href":"https:\/\/redfoxaffiliates.com\/no\/wp-json\/wp\/v2\/users\/1"}],"replies":[{"embeddable":true,"href":"https:\/\/redfoxaffiliates.com\/no\/wp-json\/wp\/v2\/comments?post=314"}],"version-history":[{"count":0,"href":"https:\/\/redfoxaffiliates.com\/no\/wp-json\/wp\/v2\/pages\/314\/revisions"}],"wp:attachment":[{"href":"https:\/\/redfoxaffiliates.com\/no\/wp-json\/wp\/v2\/media?parent=314"}],"curies":[{"name":"wp","href":"https:\/\/api.w.org\/{rel}","templated":true}]}}