{"id":276,"date":"2023-07-15T13:37:01","date_gmt":"2023-07-15T11:37:01","guid":{"rendered":"https:\/\/redfoxaffiliates.com\/tjen-penger-gjennom-affiliate-markedsforing\/"},"modified":"2023-07-15T13:37:01","modified_gmt":"2023-07-15T11:37:01","slug":"tjen-penger-gjennom-affiliate-markedsforing","status":"publish","type":"page","link":"https:\/\/redfoxaffiliates.com\/no\/tjen-penger-gjennom-affiliate-markedsforing\/","title":{"rendered":"Tjen penger gjennom affiliate markedsf\u00f8ring"},"content":{"rendered":"<h2>Tjen provisjon \u2013 tjen penger ved \u00e5 markedsf\u00f8re RedFoxLotto som v\u00e5r affiliate.<\/h2>\n<p>Alle kunder du bringer inn vil v\u00e6re dine kunder for resten av livet. Det er ingen tidsbegrensning p\u00e5 provisjonen du tjener fra en kunde du har generert. Det vil aldri skje at kunder blir fjernet fra din affiliate-konto. Det er derfor v\u00e5rt affiliate-program er det beste i lotteribransjen.<\/p>\n<p>Provisjonen din vil bli utbetalt p\u00e5 basis av inntektsdeling, noe som betyr at lotterisalget generert av dine online henvisninger vil avgj\u00f8re inntektene dine fra v\u00e5rt affiliate-program.<\/p>\n<p>De fire niv\u00e5ene av affiliate-provisjon er:<br \/>\nbruttosalg under \u20ac20 000,00: 8 % av bruttosalget<br \/>\nbruttosalg mellom \u20ac20 000,00 og \u20ac50 000,00: 10 % av nettoomsetningen<br \/>\nbruttoomsetning over \u20ac 50 000,00: 12 % av nettoomsetningen<\/p>\n<p>Den h\u00f8yere provisjonsprosenten gjelder kun for den m\u00e5neden hvor den totale provisjonen overstiger det angitte bel\u00f8pet. Hvis provisjonen er lavere i den p\u00e5f\u00f8lgende m\u00e5neden, vil satsen som tilsvarer den aktuelle provisjonsbel\u00f8pet bli brukt.<\/p>\n<h2>Hvorfor ikke CPA? Hvorfor er en inntektsdelingsavtale det beste alternativet?<\/h2>\n<p>Hvis du ikke er kjent med begrepet CPA, st\u00e5r det for Cost Per Action: du mottar en engangsbetaling for hver kunde som gj\u00f8r sitt f\u00f8rste online kj\u00f8p. Noen tilknyttede programmer betaler CPA-provisjonen f\u00f8rst etter at spilleren oppfyller et minimumskrav til forbruk.<\/p>\n<p>N\u00e5r det er sagt, gir CPA-provisjonsmodellen ingen mening i denne spesifikke bransjen. For det f\u00f8rste er levetiden til en f\u00f8rstegangsinnskyter mye lengre enn i andre vertikale online gambling-bransjer. Lotterispillere kj\u00f8per vanligvis lodd gjennom hele livet. For det andre kj\u00f8per v\u00e5re beste kunder lotteribilletter til en verdi av hundrevis av euro i en enkelt transaksjon. Dette skjer oftere n\u00e5r jackpottene er sv\u00e6rt h\u00f8ye, og det er en av grunnene til at du p\u00e5 lengre sikt vil tjene mer penger med et tilknyttet program som betaler basert p\u00e5 inntektsandel.<\/p>\n<p>Generelt sett er det beste du kan gj\u00f8re i lotteribransjen \u00e5 markedsf\u00f8re et partnerprogram med en livstidsprosentavtale. I unntakstilfeller, n\u00e5r du har jobbet med oss en stund, kan det imidlertid diskuteres en CPA-avtale basert p\u00e5 resultatene til kundene du har brakt inn.<\/p>\n<h2>Provisjon for underaffiliater<\/h2>\n<p>For hver underaffiliat du bringer inn, vil du tjene 2 % av brutto lotterisalgsverdien generert av den affiliaten.<\/p>\n","protected":false},"excerpt":{"rendered":"<p>Tjen provisjon \u2013 tjen penger ved \u00e5 markedsf\u00f8re RedFoxLotto som v\u00e5r affiliate. Alle kunder du bringer inn vil v\u00e6re dine kunder for resten av livet. Det er ingen tidsbegrensning p\u00e5 provisjonen du tjener fra en kunde du har generert. Det vil aldri skje at kunder blir fjernet fra din affiliate-konto.<\/p>\n<p><a href=\"https:\/\/redfoxaffiliates.com\/no\/tjen-penger-gjennom-affiliate-markedsforing\/\" class=\"more-link\">Continue Reading<span class=\"screen-reader-text\">Tjen penger gjennom affiliate markedsf\u00f8ring<\/span><\/a><\/p>\n","protected":false},"author":1,"featured_media":0,"parent":0,"menu_order":2,"comment_status":"closed","ping_status":"closed","template":"","meta":{"footnotes":""},"class_list":["post-276","page","type-page","status-publish","hentry"],"yoast_head":"<!-- This site is optimized with the Yoast SEO plugin v22.4 - https:\/\/yoast.com\/wordpress\/plugins\/seo\/ -->\n<title>Hvordan tjene penger med v\u00e5rt lotteri-affiliateprogram<\/title>\n<meta name=\"description\" content=\"For hver henvisning tjener du livstidsprovisjon p\u00e5 alle deres kj\u00f8p. Se hvor mye penger du kan tjene med v\u00e5rt affiliateprogram\" \/>\n<meta name=\"robots\" content=\"index, follow, max-snippet:-1, max-image-preview:large, max-video-preview:-1\" \/>\n<link rel=\"canonical\" href=\"https:\/\/redfoxaffiliates.com\/make-money-with-our-lottery-affliate-program\/\" \/>\n<meta property=\"og:locale\" content=\"nb_NO\" \/>\n<meta property=\"og:type\" content=\"article\" \/>\n<meta property=\"og:title\" content=\"Hvordan tjene penger med v\u00e5rt lotteri-affiliateprogram\" \/>\n<meta property=\"og:description\" content=\"For hver henvisning tjener du livstidsprovisjon p\u00e5 alle deres kj\u00f8p. Se hvor mye penger du kan tjene med v\u00e5rt affiliateprogram\" \/>\n<meta property=\"og:url\" content=\"https:\/\/redfoxaffiliates.com\/make-money-with-our-lottery-affliate-program\/\" \/>\n<meta property=\"og:site_name\" content=\"RedFoxLotto Affiliate Program\" \/>\n<meta name=\"twitter:card\" content=\"summary_large_image\" \/>\n<meta name=\"twitter:label1\" content=\"Ansl. lesetid\" \/>\n\t<meta name=\"twitter:data1\" content=\"2 minutter\" \/>\n<script type=\"application\/ld+json\" class=\"yoast-schema-graph\">{\"@context\":\"https:\/\/schema.org\",\"@graph\":[{\"@type\":\"WebPage\",\"@id\":\"https:\/\/redfoxaffiliates.com\/make-money-with-our-lottery-affliate-program\/\",\"url\":\"https:\/\/redfoxaffiliates.com\/make-money-with-our-lottery-affliate-program\/\",\"name\":\"Hvordan tjene penger med v\u00e5rt lotteri-affiliateprogram\",\"isPartOf\":{\"@id\":\"https:\/\/redfoxaffiliates.com\/#website\"},\"datePublished\":\"2023-07-15T11:37:01+00:00\",\"dateModified\":\"2023-07-15T11:37:01+00:00\",\"description\":\"For hver henvisning tjener du livstidsprovisjon p\u00e5 alle deres kj\u00f8p. Se hvor mye penger du kan tjene med v\u00e5rt affiliateprogram\",\"breadcrumb\":{\"@id\":\"https:\/\/redfoxaffiliates.com\/make-money-with-our-lottery-affliate-program\/#breadcrumb\"},\"inLanguage\":\"nb-NO\",\"potentialAction\":[{\"@type\":\"ReadAction\",\"target\":[\"https:\/\/redfoxaffiliates.com\/make-money-with-our-lottery-affliate-program\/\"]}]},{\"@type\":\"BreadcrumbList\",\"@id\":\"https:\/\/redfoxaffiliates.com\/make-money-with-our-lottery-affliate-program\/#breadcrumb\",\"itemListElement\":[{\"@type\":\"ListItem\",\"position\":1,\"name\":\"Home\",\"item\":\"https:\/\/redfoxaffiliates.com\/no\/hjem\/\"},{\"@type\":\"ListItem\",\"position\":2,\"name\":\"Tjen penger gjennom affiliate markedsf\u00f8ring\"}]},{\"@type\":\"WebSite\",\"@id\":\"https:\/\/redfoxaffiliates.com\/#website\",\"url\":\"https:\/\/redfoxaffiliates.com\/\",\"name\":\"RedFoxLotto Affiliate Program\",\"description\":\"The site for marketing partners of RedFoxLotto.com\",\"potentialAction\":[{\"@type\":\"SearchAction\",\"target\":{\"@type\":\"EntryPoint\",\"urlTemplate\":\"https:\/\/redfoxaffiliates.com\/?s={search_term_string}\"},\"query-input\":\"required name=search_term_string\"}],\"inLanguage\":\"nb-NO\"}]}<\/script>\n<!-- \/ Yoast SEO plugin. -->","yoast_head_json":{"title":"Hvordan tjene penger med v\u00e5rt lotteri-affiliateprogram","description":"For hver henvisning tjener du livstidsprovisjon p\u00e5 alle deres kj\u00f8p. Se hvor mye penger du kan tjene med v\u00e5rt affiliateprogram","robots":{"index":"index","follow":"follow","max-snippet":"max-snippet:-1","max-image-preview":"max-image-preview:large","max-video-preview":"max-video-preview:-1"},"canonical":"https:\/\/redfoxaffiliates.com\/make-money-with-our-lottery-affliate-program\/","og_locale":"nb_NO","og_type":"article","og_title":"Hvordan tjene penger med v\u00e5rt lotteri-affiliateprogram","og_description":"For hver henvisning tjener du livstidsprovisjon p\u00e5 alle deres kj\u00f8p. Se hvor mye penger du kan tjene med v\u00e5rt affiliateprogram","og_url":"https:\/\/redfoxaffiliates.com\/make-money-with-our-lottery-affliate-program\/","og_site_name":"RedFoxLotto Affiliate Program","twitter_card":"summary_large_image","twitter_misc":{"Ansl. lesetid":"2 minutter"},"schema":{"@context":"https:\/\/schema.org","@graph":[{"@type":"WebPage","@id":"https:\/\/redfoxaffiliates.com\/make-money-with-our-lottery-affliate-program\/","url":"https:\/\/redfoxaffiliates.com\/make-money-with-our-lottery-affliate-program\/","name":"Hvordan tjene penger med v\u00e5rt lotteri-affiliateprogram","isPartOf":{"@id":"https:\/\/redfoxaffiliates.com\/#website"},"datePublished":"2023-07-15T11:37:01+00:00","dateModified":"2023-07-15T11:37:01+00:00","description":"For hver henvisning tjener du livstidsprovisjon p\u00e5 alle deres kj\u00f8p. Se hvor mye penger du kan tjene med v\u00e5rt affiliateprogram","breadcrumb":{"@id":"https:\/\/redfoxaffiliates.com\/make-money-with-our-lottery-affliate-program\/#breadcrumb"},"inLanguage":"nb-NO","potentialAction":[{"@type":"ReadAction","target":["https:\/\/redfoxaffiliates.com\/make-money-with-our-lottery-affliate-program\/"]}]},{"@type":"BreadcrumbList","@id":"https:\/\/redfoxaffiliates.com\/make-money-with-our-lottery-affliate-program\/#breadcrumb","itemListElement":[{"@type":"ListItem","position":1,"name":"Home","item":"https:\/\/redfoxaffiliates.com\/no\/hjem\/"},{"@type":"ListItem","position":2,"name":"Tjen penger gjennom affiliate markedsf\u00f8ring"}]},{"@type":"WebSite","@id":"https:\/\/redfoxaffiliates.com\/#website","url":"https:\/\/redfoxaffiliates.com\/","name":"RedFoxLotto Affiliate Program","description":"The site for marketing partners of RedFoxLotto.com","potentialAction":[{"@type":"SearchAction","target":{"@type":"EntryPoint","urlTemplate":"https:\/\/redfoxaffiliates.com\/?s={search_term_string}"},"query-input":"required name=search_term_string"}],"inLanguage":"nb-NO"}]}},"_links":{"self":[{"href":"https:\/\/redfoxaffiliates.com\/no\/wp-json\/wp\/v2\/pages\/276","targetHints":{"allow":["GET"]}}],"collection":[{"href":"https:\/\/redfoxaffiliates.com\/no\/wp-json\/wp\/v2\/pages"}],"about":[{"href":"https:\/\/redfoxaffiliates.com\/no\/wp-json\/wp\/v2\/types\/page"}],"author":[{"embeddable":true,"href":"https:\/\/redfoxaffiliates.com\/no\/wp-json\/wp\/v2\/users\/1"}],"replies":[{"embeddable":true,"href":"https:\/\/redfoxaffiliates.com\/no\/wp-json\/wp\/v2\/comments?post=276"}],"version-history":[{"count":0,"href":"https:\/\/redfoxaffiliates.com\/no\/wp-json\/wp\/v2\/pages\/276\/revisions"}],"wp:attachment":[{"href":"https:\/\/redfoxaffiliates.com\/no\/wp-json\/wp\/v2\/media?parent=276"}],"curies":[{"name":"wp","href":"https:\/\/api.w.org\/{rel}","templated":true}]}}