{"id":268,"date":"2023-07-15T13:33:10","date_gmt":"2023-07-15T11:33:10","guid":{"rendered":"https:\/\/redfoxaffiliates.com\/hvorfor-bli-en-lotteripartner\/"},"modified":"2023-07-15T13:33:10","modified_gmt":"2023-07-15T11:33:10","slug":"hvorfor-bli-en-lotteripartner","status":"publish","type":"page","link":"https:\/\/redfoxaffiliates.com\/no\/hvorfor-bli-en-lotteripartner\/","title":{"rendered":"Hvorfor bli en lotteripartner?"},"content":{"rendered":"<h2>Hva er v\u00e5rt produkt?<\/h2>\n<p>RedFoxLotto selger lodd online. Vi tilbyr kunder over hele verden en m\u00e5te \u00e5 delta i lotterier med enorme jackpotter, som US Mega Millions og Powerball, og store europeiske lotterier som EuroMillions, EuroJackpot og SuperEnalotto.<\/p>\n<p>Gjennom oss kan kunder kj\u00f8pe lodd til lotterier i andre land enn sitt eget. For \u00e5 gj\u00f8re dette mulig samarbeider vi med flere agenter i landene hvor lotteriene holdes. N\u00e5r et lodd bestilles online, kj\u00f8per en av v\u00e5re agenter det for v\u00e5re kunder. N\u00e5r dette er gjort, bekrefter vi kj\u00f8pet til kunden. N\u00e5r et lodd kj\u00f8pes gjennom oss, behandler vi ogs\u00e5 utbetalinger til v\u00e5re kunder.<\/p>\n<p>Du har kanskje h\u00f8rt begrepet \u00absekund\u00e6rt lotterimarked\u00bb \u2013 det er betegnelsen p\u00e5 dette markedet. Lotteriet er en milliardindustri og er ikke begrenset til lokale tilbud (hvis det i det hele tatt finnes lotteri i deres bostedsland). Ettersp\u00f8rselen etter v\u00e5r billettservice er sv\u00e6rt h\u00f8y. Spesielt n\u00e5r nyheter om enorme jackpotter skaper overskrifter over hele verden, \u00abflyr\u00bb online-billettene s\u00e5 \u00e5 si av hyllene.<\/p>\n<h2>Grunner til \u00e5 markedsf\u00f8re RedFoxLotto<\/h2>\n<h3>Flotte konverteringer<\/h3>\n<p>Nettstedet v\u00e5rt, https:\/\/redfoxlotto.com, er str\u00f8mlinjeformet for \u00e5 gj\u00f8re kj\u00f8psprosessen s\u00e5 enkel som mulig. Dette er viktig for \u00e5 garantere en h\u00f8y konverteringsrate. Jo bedre vi konverterer trafikken din, jo mer penger vil du tjene.<\/p>\n<h2>Utmerket kundefastholdelse<\/h2>\n<p>Livstidsverdien av kunder er en av de beste aspektene ved denne bransjen. En h\u00f8y prosentandel av v\u00e5re kunder kommer tilbake og kj\u00f8per flere billetter uke etter uke i \u00e5revis fremover!<\/p>\n<h2>Et utvalg av betalingsbehandlere er like viktig<\/h2>\n<p>Vi streber etter \u00e5 tilby et bredt utvalg av alternativer her. Dette er viktig for \u00e5 sikre at bes\u00f8kende fra alle land enkelt kan betale for billettene sine. Det sagt, utgj\u00f8r kredittkortbetalinger fortsatt den st\u00f8rste andelen av salget. Men alternativer som Bitcoin og eWallets blir stadig viktigere.<\/p>\n<p>Vi har forpliktet oss til \u00e5 drive et \u00e6rlig og etisk tilknyttet program. De fleste programmer i denne bransjen er kjent for \u00e5 svindle sine tilknyttede selskaper p\u00e5 en eller annen m\u00e5te. En tidligere tilknyttet selskap etablerte RedFoxLotto-merket. Det samme tidligere tilknyttede selskapet har ansvaret for det tilknyttede programmet. Les v\u00e5r artikkel om tilknytning og etikk \u2013 den vil hjelpe deg \u00e5 bedre forst\u00e5 hvor vi kommer fra.<\/p>\n<h2>Provisjonssatser over bransjestandarden<\/h2>\n<p>Tjen opptil 12 % av brutto salgsverdien generert av dine henvisninger.<\/p>\n<h2>Andre niv\u00e5 av tilknytning<\/h2>\n<p>Det betyr at hvis du bringer inn flere underaffiliates, vil du ogs\u00e5 tjene 2 % provisjon p\u00e5 salg generert av deres henvisninger.<\/p>\n<h2>Punktlig betaling av provisjon<\/h2>\n<p>Vi betaler provisjonen din for forrige m\u00e5ned den 15. i p\u00e5f\u00f8lgende m\u00e5ned. Du kan velge mellom flere betalingsalternativer.<\/p>\n<h2>Hvem kan bli tilknyttet, og hvordan kan du markedsf\u00f8re oss?<\/h2>\n<p>Vel, bokstavelig talt alle! Kanskje har du en nettside som er relatert til lotteri. I s\u00e5 fall vil konverteringsraten din v\u00e6re h\u00f8y, fordi produktet v\u00e5rt appellerer til publikummet ditt.<\/p>\n<p>Eller kanskje har du en nettside om et annet tema og leter etter m\u00e5ter \u00e5 tjene penger p\u00e5 trafikken din. Alle elsker \u00e5 spille lotto, og inntektene dine vil hovedsakelig avhenge av mengden trafikk nettstedet ditt har.<\/p>\n<p>E-postlister er et flott verkt\u00f8y for \u00e5 generere nye kunder. Vi tolererer ikke spamming, s\u00e5 s\u00f8rg for at e-postlisten din kun inneholder kontakter som har valgt \u00e5 motta markedsf\u00f8rings-e-poster fra deg.<\/p>\n<p>Noen av v\u00e5re partnere bruker offline-strategier for \u00e5 markedsf\u00f8re oss. De har laget sin egen lotterinettside med partnerlenker som peker mot RedFoxLotto.com. Deretter distribuerer de flyers, visittkort og annet markedsf\u00f8ringsmateriell som promoterer nettsiden deres, og genererer dermed trafikk og til slutt salg p\u00e5 RedFoxLotto.com.<\/p>\n","protected":false},"excerpt":{"rendered":"<p>Hva er v\u00e5rt produkt? RedFoxLotto selger lodd online. Vi tilbyr kunder over hele verden en m\u00e5te \u00e5 delta i lotterier med enorme jackpotter, som US Mega Millions og Powerball, og store europeiske lotterier som EuroMillions, EuroJackpot og SuperEnalotto. Gjennom oss kan kunder kj\u00f8pe lodd til lotterier i andre land enn<\/p>\n<p><a href=\"https:\/\/redfoxaffiliates.com\/no\/hvorfor-bli-en-lotteripartner\/\" class=\"more-link\">Continue Reading<span class=\"screen-reader-text\">Hvorfor bli en lotteripartner?<\/span><\/a><\/p>\n","protected":false},"author":1,"featured_media":0,"parent":0,"menu_order":1,"comment_status":"closed","ping_status":"closed","template":"","meta":{"footnotes":""},"class_list":["post-268","page","type-page","status-publish","hentry"],"yoast_head":"<!-- This site is optimized with the Yoast SEO plugin v22.4 - https:\/\/yoast.com\/wordpress\/plugins\/seo\/ -->\n<title>Hvorfor bli med i RedFoxLotto-affiliateprogrammet?<\/title>\n<meta name=\"description\" content=\"Grunner til \u00e5 bli med oss og bli en RedFoxLotto-affiliate og salgspartner. Tjen provisjon p\u00e5 hvert salg fra dine henviste kunder for livet!\" \/>\n<meta name=\"robots\" content=\"index, follow, max-snippet:-1, max-image-preview:large, max-video-preview:-1\" \/>\n<link rel=\"canonical\" href=\"https:\/\/redfoxaffiliates.com\/why-become-a-lottery-affiliate\/\" \/>\n<meta property=\"og:locale\" content=\"nb_NO\" \/>\n<meta property=\"og:type\" content=\"article\" \/>\n<meta property=\"og:title\" content=\"Hvorfor bli med i RedFoxLotto-affiliateprogrammet?\" \/>\n<meta property=\"og:description\" content=\"Grunner til \u00e5 bli med oss og bli en RedFoxLotto-affiliate og salgspartner. Tjen provisjon p\u00e5 hvert salg fra dine henviste kunder for livet!\" \/>\n<meta property=\"og:url\" content=\"https:\/\/redfoxaffiliates.com\/why-become-a-lottery-affiliate\/\" \/>\n<meta property=\"og:site_name\" content=\"RedFoxLotto Affiliate Program\" \/>\n<meta name=\"twitter:card\" content=\"summary_large_image\" \/>\n<meta name=\"twitter:label1\" content=\"Ansl. lesetid\" \/>\n\t<meta name=\"twitter:data1\" content=\"3 minutter\" \/>\n<script type=\"application\/ld+json\" class=\"yoast-schema-graph\">{\"@context\":\"https:\/\/schema.org\",\"@graph\":[{\"@type\":\"WebPage\",\"@id\":\"https:\/\/redfoxaffiliates.com\/why-become-a-lottery-affiliate\/\",\"url\":\"https:\/\/redfoxaffiliates.com\/why-become-a-lottery-affiliate\/\",\"name\":\"Hvorfor bli med i RedFoxLotto-affiliateprogrammet?\",\"isPartOf\":{\"@id\":\"https:\/\/redfoxaffiliates.com\/#website\"},\"datePublished\":\"2023-07-15T11:33:10+00:00\",\"dateModified\":\"2023-07-15T11:33:10+00:00\",\"description\":\"Grunner til \u00e5 bli med oss og bli en RedFoxLotto-affiliate og salgspartner. Tjen provisjon p\u00e5 hvert salg fra dine henviste kunder for livet!\",\"breadcrumb\":{\"@id\":\"https:\/\/redfoxaffiliates.com\/why-become-a-lottery-affiliate\/#breadcrumb\"},\"inLanguage\":\"nb-NO\",\"potentialAction\":[{\"@type\":\"ReadAction\",\"target\":[\"https:\/\/redfoxaffiliates.com\/why-become-a-lottery-affiliate\/\"]}]},{\"@type\":\"BreadcrumbList\",\"@id\":\"https:\/\/redfoxaffiliates.com\/why-become-a-lottery-affiliate\/#breadcrumb\",\"itemListElement\":[{\"@type\":\"ListItem\",\"position\":1,\"name\":\"Home\",\"item\":\"https:\/\/redfoxaffiliates.com\/no\/hjem\/\"},{\"@type\":\"ListItem\",\"position\":2,\"name\":\"Hvorfor bli en lotteripartner?\"}]},{\"@type\":\"WebSite\",\"@id\":\"https:\/\/redfoxaffiliates.com\/#website\",\"url\":\"https:\/\/redfoxaffiliates.com\/\",\"name\":\"RedFoxLotto Affiliate Program\",\"description\":\"The site for marketing partners of RedFoxLotto.com\",\"potentialAction\":[{\"@type\":\"SearchAction\",\"target\":{\"@type\":\"EntryPoint\",\"urlTemplate\":\"https:\/\/redfoxaffiliates.com\/?s={search_term_string}\"},\"query-input\":\"required name=search_term_string\"}],\"inLanguage\":\"nb-NO\"}]}<\/script>\n<!-- \/ Yoast SEO plugin. -->","yoast_head_json":{"title":"Hvorfor bli med i RedFoxLotto-affiliateprogrammet?","description":"Grunner til \u00e5 bli med oss og bli en RedFoxLotto-affiliate og salgspartner. Tjen provisjon p\u00e5 hvert salg fra dine henviste kunder for livet!","robots":{"index":"index","follow":"follow","max-snippet":"max-snippet:-1","max-image-preview":"max-image-preview:large","max-video-preview":"max-video-preview:-1"},"canonical":"https:\/\/redfoxaffiliates.com\/why-become-a-lottery-affiliate\/","og_locale":"nb_NO","og_type":"article","og_title":"Hvorfor bli med i RedFoxLotto-affiliateprogrammet?","og_description":"Grunner til \u00e5 bli med oss og bli en RedFoxLotto-affiliate og salgspartner. Tjen provisjon p\u00e5 hvert salg fra dine henviste kunder for livet!","og_url":"https:\/\/redfoxaffiliates.com\/why-become-a-lottery-affiliate\/","og_site_name":"RedFoxLotto Affiliate Program","twitter_card":"summary_large_image","twitter_misc":{"Ansl. lesetid":"3 minutter"},"schema":{"@context":"https:\/\/schema.org","@graph":[{"@type":"WebPage","@id":"https:\/\/redfoxaffiliates.com\/why-become-a-lottery-affiliate\/","url":"https:\/\/redfoxaffiliates.com\/why-become-a-lottery-affiliate\/","name":"Hvorfor bli med i RedFoxLotto-affiliateprogrammet?","isPartOf":{"@id":"https:\/\/redfoxaffiliates.com\/#website"},"datePublished":"2023-07-15T11:33:10+00:00","dateModified":"2023-07-15T11:33:10+00:00","description":"Grunner til \u00e5 bli med oss og bli en RedFoxLotto-affiliate og salgspartner. Tjen provisjon p\u00e5 hvert salg fra dine henviste kunder for livet!","breadcrumb":{"@id":"https:\/\/redfoxaffiliates.com\/why-become-a-lottery-affiliate\/#breadcrumb"},"inLanguage":"nb-NO","potentialAction":[{"@type":"ReadAction","target":["https:\/\/redfoxaffiliates.com\/why-become-a-lottery-affiliate\/"]}]},{"@type":"BreadcrumbList","@id":"https:\/\/redfoxaffiliates.com\/why-become-a-lottery-affiliate\/#breadcrumb","itemListElement":[{"@type":"ListItem","position":1,"name":"Home","item":"https:\/\/redfoxaffiliates.com\/no\/hjem\/"},{"@type":"ListItem","position":2,"name":"Hvorfor bli en lotteripartner?"}]},{"@type":"WebSite","@id":"https:\/\/redfoxaffiliates.com\/#website","url":"https:\/\/redfoxaffiliates.com\/","name":"RedFoxLotto Affiliate Program","description":"The site for marketing partners of RedFoxLotto.com","potentialAction":[{"@type":"SearchAction","target":{"@type":"EntryPoint","urlTemplate":"https:\/\/redfoxaffiliates.com\/?s={search_term_string}"},"query-input":"required name=search_term_string"}],"inLanguage":"nb-NO"}]}},"_links":{"self":[{"href":"https:\/\/redfoxaffiliates.com\/no\/wp-json\/wp\/v2\/pages\/268","targetHints":{"allow":["GET"]}}],"collection":[{"href":"https:\/\/redfoxaffiliates.com\/no\/wp-json\/wp\/v2\/pages"}],"about":[{"href":"https:\/\/redfoxaffiliates.com\/no\/wp-json\/wp\/v2\/types\/page"}],"author":[{"embeddable":true,"href":"https:\/\/redfoxaffiliates.com\/no\/wp-json\/wp\/v2\/users\/1"}],"replies":[{"embeddable":true,"href":"https:\/\/redfoxaffiliates.com\/no\/wp-json\/wp\/v2\/comments?post=268"}],"version-history":[{"count":0,"href":"https:\/\/redfoxaffiliates.com\/no\/wp-json\/wp\/v2\/pages\/268\/revisions"}],"wp:attachment":[{"href":"https:\/\/redfoxaffiliates.com\/no\/wp-json\/wp\/v2\/media?parent=268"}],"curies":[{"name":"wp","href":"https:\/\/api.w.org\/{rel}","templated":true}]}}