{"id":190,"date":"2023-07-15T08:09:36","date_gmt":"2023-07-15T06:09:36","guid":{"rendered":"https:\/\/redfoxaffiliates.com\/hjem\/"},"modified":"2026-01-03T10:51:14","modified_gmt":"2026-01-03T09:51:14","slug":"hjem","status":"publish","type":"page","link":"https:\/\/redfoxaffiliates.com\/no\/","title":{"rendered":"Hjem"},"content":{"rendered":"&#13;\n<p>RedFoxAffiliates.com er affiliateprogrammet for RedFoxLotto.com. RedFoxLotto er en kurertjeneste for lotteribilletter. Gjennom nettstedet RedFoxLotto.com kan lottofans fra hele verden bestille ekte billetter til et stort antall internasjonale lotterier.<\/p>&#13;\n<h2>Kan du generere trafikk?<\/h2>&#13;\n<p>Hvis du kan generere trafikk (nye potensielle kunder) til nettstedet v\u00e5rt, vil du tjene provisjon. Du sender oss trafikk, og vi konverterer den. Mer trafikk betyr flere betalende kunder og h\u00f8yere provisjon for deg.&#13;\n<\/p>&#13;\n<h2>V\u00e5r lotteritjeneste er det ideelle produktet \u00e5 markedsf\u00f8re p\u00e5 nettet<\/h2>&#13;\n<p>Det er et enkelt produkt som alle over hele verden kjenner til. De enorme jackpottene vekker stor interesse hos et globalt publikum.&#13;\n<\/p>&#13;\n<h2>Enkel konvertering \u2013 fra bes\u00f8kende til kunde<\/h2>&#13;\n<p>Det er veldig enkelt \u00e5 kj\u00f8pe lodd online via v\u00e5r side. Det tar bare noen sekunder \u00e5 registrere seg p\u00e5 redfoxlotto.com, og det er like raskt og enkelt \u00e5 bestille lodd og betale online. Du sender bes\u00f8kende til oss, og vi konverterer dem.&#13;\n<\/p>&#13;\n<h2>V\u00e5re kunder er lojale \u2013 de kommer tilbake og kj\u00f8per flere kuponger over lang tid.<\/h2>&#13;\n<p>N\u00e5r bes\u00f8kende har gjort sitt f\u00f8rste kj\u00f8p, vil de komme tilbake for \u00e5 kj\u00f8pe flere kuponger. Mange av v\u00e5re kunder har v\u00e6rt hos oss i ti \u00e5r eller mer. Hvis du henviser en kunde til oss, vil du sannsynligvis tjene provisjon p\u00e5 denne kundens kj\u00f8p i mange \u00e5r fremover!&#13;\n<\/p>&#13;\n<p>Registrer deg for v\u00e5rt tilknyttede program n\u00e5. Det er gratis \u00e5 bli medlem. Sjekk v\u00e5r FAQ-side f\u00f8rst hvis du har sp\u00f8rsm\u00e5l. Kontakt oss hvis du har flere sp\u00f8rsm\u00e5l.&#13;\n<\/p>&#13;\n<p>F\u00f8lg denne lenken for \u00e5 bli med i v\u00e5rt tilknyttede program. N\u00e5r du har registrert deg, vil du motta en e-post fra oss. Ikke glem \u00e5 klikke p\u00e5 bekreftelseslenken i den e-posten. Registreringen din vil bli gjennomg\u00e5tt, og din tilknyttede konto vil bli aktivert innen 48 timer.<\/p>&#13;\n<p>\u00a0<\/p>&#13;\n","protected":false},"excerpt":{"rendered":"<p>&#13; RedFoxAffiliates.com er affiliateprogrammet for RedFoxLotto.com. RedFoxLotto er en kurertjeneste for lotteribilletter. Gjennom nettstedet RedFoxLotto.com kan lottofans fra hele verden bestille ekte billetter til et stort antall internasjonale lotterier. &#13; Kan du generere trafikk? &#13; Hvis du kan generere trafikk (nye potensielle kunder) til nettstedet v\u00e5rt, vil du tjene provisjon.<\/p>\n<p><a href=\"https:\/\/redfoxaffiliates.com\/no\/\" class=\"more-link\">Continue Reading<span class=\"screen-reader-text\">Hjem<\/span><\/a><\/p>\n","protected":false},"author":1,"featured_media":0,"parent":0,"menu_order":0,"comment_status":"closed","ping_status":"closed","template":"","meta":{"footnotes":""},"class_list":["post-190","page","type-page","status-publish","hentry"],"yoast_head":"<!-- This site is optimized with the Yoast SEO plugin v22.4 - https:\/\/yoast.com\/wordpress\/plugins\/seo\/ -->\n<title>Affiliate-program for RedFoxLotto.com<\/title>\n<meta name=\"description\" content=\"V\u00e5rt affiliate-program gj\u00f8r det mulig for RedFoxLotto-partnere \u00e5 tjene provisjon p\u00e5 sine henvisninger. Bli salgspartner og begynn \u00e5 markedsf\u00f8re v\u00e5r online lotteritjeneste i dag!\" \/>\n<meta name=\"robots\" content=\"index, follow, max-snippet:-1, max-image-preview:large, max-video-preview:-1\" \/>\n<link rel=\"canonical\" href=\"https:\/\/redfoxaffiliates.com\/no\/hjem\/\" \/>\n<meta property=\"og:locale\" content=\"nb_NO\" \/>\n<meta property=\"og:type\" content=\"article\" \/>\n<meta property=\"og:title\" content=\"Affiliate-program for RedFoxLotto.com\" \/>\n<meta property=\"og:description\" content=\"V\u00e5rt affiliate-program gj\u00f8r det mulig for RedFoxLotto-partnere \u00e5 tjene provisjon p\u00e5 sine henvisninger. Bli salgspartner og begynn \u00e5 markedsf\u00f8re v\u00e5r online lotteritjeneste i dag!\" \/>\n<meta property=\"og:url\" content=\"https:\/\/redfoxaffiliates.com\/no\/hjem\/\" \/>\n<meta property=\"og:site_name\" content=\"RedFoxLotto Affiliate Program\" \/>\n<meta property=\"article:modified_time\" content=\"2026-01-03T09:51:14+00:00\" \/>\n<meta name=\"twitter:card\" content=\"summary_large_image\" \/>\n<meta name=\"twitter:label1\" content=\"Ansl. lesetid\" \/>\n\t<meta name=\"twitter:data1\" content=\"2 minutter\" \/>\n<script type=\"application\/ld+json\" class=\"yoast-schema-graph\">{\"@context\":\"https:\/\/schema.org\",\"@graph\":[{\"@type\":\"WebPage\",\"@id\":\"https:\/\/redfoxaffiliates.com\/no\/hjem\/\",\"url\":\"https:\/\/redfoxaffiliates.com\/no\/hjem\/\",\"name\":\"Affiliate-program for RedFoxLotto.com\",\"isPartOf\":{\"@id\":\"https:\/\/redfoxaffiliates.com\/#website\"},\"datePublished\":\"2023-07-15T06:09:36+00:00\",\"dateModified\":\"2026-01-03T09:51:14+00:00\",\"description\":\"V\u00e5rt affiliate-program gj\u00f8r det mulig for RedFoxLotto-partnere \u00e5 tjene provisjon p\u00e5 sine henvisninger. Bli salgspartner og begynn \u00e5 markedsf\u00f8re v\u00e5r online lotteritjeneste i dag!\",\"breadcrumb\":{\"@id\":\"https:\/\/redfoxaffiliates.com\/no\/hjem\/#breadcrumb\"},\"inLanguage\":\"nb-NO\",\"potentialAction\":[{\"@type\":\"ReadAction\",\"target\":[\"https:\/\/redfoxaffiliates.com\/no\/hjem\/\"]}]},{\"@type\":\"BreadcrumbList\",\"@id\":\"https:\/\/redfoxaffiliates.com\/no\/hjem\/#breadcrumb\",\"itemListElement\":[{\"@type\":\"ListItem\",\"position\":1,\"name\":\"Home\",\"item\":\"https:\/\/redfoxaffiliates.com\/no\/hjem\/\"},{\"@type\":\"ListItem\",\"position\":2,\"name\":\"Hjem\"}]},{\"@type\":\"WebSite\",\"@id\":\"https:\/\/redfoxaffiliates.com\/#website\",\"url\":\"https:\/\/redfoxaffiliates.com\/\",\"name\":\"RedFoxLotto Affiliate Program\",\"description\":\"The site for marketing partners of RedFoxLotto.com\",\"potentialAction\":[{\"@type\":\"SearchAction\",\"target\":{\"@type\":\"EntryPoint\",\"urlTemplate\":\"https:\/\/redfoxaffiliates.com\/?s={search_term_string}\"},\"query-input\":\"required name=search_term_string\"}],\"inLanguage\":\"nb-NO\"}]}<\/script>\n<!-- \/ Yoast SEO plugin. -->","yoast_head_json":{"title":"Affiliate-program for RedFoxLotto.com","description":"V\u00e5rt affiliate-program gj\u00f8r det mulig for RedFoxLotto-partnere \u00e5 tjene provisjon p\u00e5 sine henvisninger. Bli salgspartner og begynn \u00e5 markedsf\u00f8re v\u00e5r online lotteritjeneste i dag!","robots":{"index":"index","follow":"follow","max-snippet":"max-snippet:-1","max-image-preview":"max-image-preview:large","max-video-preview":"max-video-preview:-1"},"canonical":"https:\/\/redfoxaffiliates.com\/no\/hjem\/","og_locale":"nb_NO","og_type":"article","og_title":"Affiliate-program for RedFoxLotto.com","og_description":"V\u00e5rt affiliate-program gj\u00f8r det mulig for RedFoxLotto-partnere \u00e5 tjene provisjon p\u00e5 sine henvisninger. Bli salgspartner og begynn \u00e5 markedsf\u00f8re v\u00e5r online lotteritjeneste i dag!","og_url":"https:\/\/redfoxaffiliates.com\/no\/hjem\/","og_site_name":"RedFoxLotto Affiliate Program","article_modified_time":"2026-01-03T09:51:14+00:00","twitter_card":"summary_large_image","twitter_misc":{"Ansl. lesetid":"2 minutter"},"schema":{"@context":"https:\/\/schema.org","@graph":[{"@type":"WebPage","@id":"https:\/\/redfoxaffiliates.com\/no\/hjem\/","url":"https:\/\/redfoxaffiliates.com\/no\/hjem\/","name":"Affiliate-program for RedFoxLotto.com","isPartOf":{"@id":"https:\/\/redfoxaffiliates.com\/#website"},"datePublished":"2023-07-15T06:09:36+00:00","dateModified":"2026-01-03T09:51:14+00:00","description":"V\u00e5rt affiliate-program gj\u00f8r det mulig for RedFoxLotto-partnere \u00e5 tjene provisjon p\u00e5 sine henvisninger. Bli salgspartner og begynn \u00e5 markedsf\u00f8re v\u00e5r online lotteritjeneste i dag!","breadcrumb":{"@id":"https:\/\/redfoxaffiliates.com\/no\/hjem\/#breadcrumb"},"inLanguage":"nb-NO","potentialAction":[{"@type":"ReadAction","target":["https:\/\/redfoxaffiliates.com\/no\/hjem\/"]}]},{"@type":"BreadcrumbList","@id":"https:\/\/redfoxaffiliates.com\/no\/hjem\/#breadcrumb","itemListElement":[{"@type":"ListItem","position":1,"name":"Home","item":"https:\/\/redfoxaffiliates.com\/no\/hjem\/"},{"@type":"ListItem","position":2,"name":"Hjem"}]},{"@type":"WebSite","@id":"https:\/\/redfoxaffiliates.com\/#website","url":"https:\/\/redfoxaffiliates.com\/","name":"RedFoxLotto Affiliate Program","description":"The site for marketing partners of RedFoxLotto.com","potentialAction":[{"@type":"SearchAction","target":{"@type":"EntryPoint","urlTemplate":"https:\/\/redfoxaffiliates.com\/?s={search_term_string}"},"query-input":"required name=search_term_string"}],"inLanguage":"nb-NO"}]}},"_links":{"self":[{"href":"https:\/\/redfoxaffiliates.com\/no\/wp-json\/wp\/v2\/pages\/190","targetHints":{"allow":["GET"]}}],"collection":[{"href":"https:\/\/redfoxaffiliates.com\/no\/wp-json\/wp\/v2\/pages"}],"about":[{"href":"https:\/\/redfoxaffiliates.com\/no\/wp-json\/wp\/v2\/types\/page"}],"author":[{"embeddable":true,"href":"https:\/\/redfoxaffiliates.com\/no\/wp-json\/wp\/v2\/users\/1"}],"replies":[{"embeddable":true,"href":"https:\/\/redfoxaffiliates.com\/no\/wp-json\/wp\/v2\/comments?post=190"}],"version-history":[{"count":1,"href":"https:\/\/redfoxaffiliates.com\/no\/wp-json\/wp\/v2\/pages\/190\/revisions"}],"predecessor-version":[{"id":191,"href":"https:\/\/redfoxaffiliates.com\/no\/wp-json\/wp\/v2\/pages\/190\/revisions\/191"}],"wp:attachment":[{"href":"https:\/\/redfoxaffiliates.com\/no\/wp-json\/wp\/v2\/media?parent=190"}],"curies":[{"name":"wp","href":"https:\/\/api.w.org\/{rel}","templated":true}]}}