{"id":359,"date":"2026-01-01T21:16:49","date_gmt":"2026-01-01T20:16:49","guid":{"rendered":"https:\/\/redfoxaffiliates.com\/par-etiku-partnerprogrammu-marketinga\/"},"modified":"2026-01-01T21:16:49","modified_gmt":"2026-01-01T20:16:49","slug":"par-etiku-partnerprogrammu-marketinga","status":"publish","type":"page","link":"https:\/\/redfoxaffiliates.com\/lv\/par-etiku-partnerprogrammu-marketinga\/","title":{"rendered":"Par \u0113tiku partnerprogrammu m\u0101rketing\u0101"},"content":{"rendered":"<p>J\u016bs varat b\u016bt p\u0101rsteigts, atrodot atsauci uz \u0113tiku partnerprogrammas t\u012bmek\u013ca vietn\u0113. M\u0113s piekr\u012btam, ka tas ir neparasti.<\/p>\n<p>Bet mums tas ir b\u016btisks temats. Biju\u0161ie partneri vada gan RedFoxLotto.com, gan \u0161o partnerprogrammu. M\u0113s esam str\u0101d\u0101ju\u0161i ar t\u0101m pa\u0161\u0101m komp\u0101nij\u0101m, ar kur\u0101m esat str\u0101d\u0101ju\u0161i j\u016bs (vai varb\u016bt joproj\u0101m str\u0101d\u0101jat). P\u0113c vair\u0101k nek\u0101 12 gadiem azartsp\u0113\u013cu partneru biznes\u0101 m\u0113s esam redz\u0113ju\u0161i daudz sliktu lietu. Ien\u0101kumu samazin\u0101\u0161ana, izmai\u0146as noteikumos un nosac\u012bjumos, kas izraisa partneru ien\u0101kumu zaud\u0113jumus, nov\u0113loti vai neizmaks\u0101ti maks\u0101jumi, j\u016bsu klientu p\u0101rm\u0101c\u012b\u0161ana no mums (vai no citiem partneriem) \u2013 m\u0113s esam redz\u0113ju\u0161i to visu.<\/p>\n<p>Diem\u017e\u0113l \u0161\u012b ir nozare, kur\u0101 str\u0101d\u012bgiem partneriem past\u0101v\u012bgi notiek sliktas lietas. T\u0101p\u0113c m\u0113s nol\u0113m\u0101m spert n\u0101kamo soli. M\u0113s izlaid\u0101m savu produktu, RedFoxLotto.com. M\u016bsu m\u0101rketinga pl\u0101ns ir vienk\u0101r\u0161s: 100 % balst\u012bts uz SEO un tie\u0161saistes partneru m\u0101rketingu.<\/p>\n<p>Pats esot bijis partneris, m\u0113s ap\u0146emamies vad\u012bt 100% \u0113tisku un god\u012bgu partnerprogrammu. J\u0101, visi saka, ka m\u0113s nedar\u012bsim to vai citu. Bet m\u0113s dom\u0101jam to, ko sak\u0101m.<\/p>\n<p>\u0160eit ir tas, ko j\u016bs varat gaid\u012bt no mums<br \/>\nL\u012bgums ir l\u012bgums! Tas noz\u012bm\u0113, ka, ja m\u0113s sak\u0101m, ka j\u016bs sa\u0146emsiet da\u013cu no ie\u0146\u0113mumiem, ko j\u016bs rad\u0101t par saviem klientiem vis\u0101 to dz\u012bves laik\u0101, m\u0113s to dom\u0101jam. M\u0113s nekad nemain\u012bsim savu viedokli par to.<br \/>\nM\u0113s nekad nemanipul\u0113sim ar pe\u013c\u0146as p\u0101rskatiem, lai samazin\u0101tu savas izmaksas. M\u0113s ar\u012b nekad neizdz\u0113s\u012bsim klientus no j\u016bsu konta. M\u0113s v\u0113lamies, lai j\u016bs b\u016btu p\u0113c iesp\u0113jas veiksm\u012bg\u0101ki. J\u016bs esat m\u016bsu biznesa partneri, un m\u016bsu pan\u0101kumi ir atkar\u012bgi no jums!<br \/>\nM\u0113s samaks\u0101sim jums laic\u012bgi. Jums ar\u012b ir saist\u012bbas un izdevumi, un m\u0113s to saprotam.<br \/>\nSazinieties ar mums, ja jums ir k\u0101di jaut\u0101jumi vai nepiecie\u0161ama m\u016bsu pal\u012bdz\u012bba. Izmantojiet \u201cKontakti\u201d formu aug\u0161\u0113j\u0101 izv\u0113ln\u0113. San\u0101ksim kop\u0101 un redz\u0113sim, vai m\u0113s abi varam nopeln\u012bt naudu!<\/p>\n","protected":false},"excerpt":{"rendered":"<p>J\u016bs varat b\u016bt p\u0101rsteigts, atrodot atsauci uz \u0113tiku partnerprogrammas t\u012bmek\u013ca vietn\u0113. M\u0113s piekr\u012btam, ka tas ir neparasti. Bet mums tas ir b\u016btisks temats. Biju\u0161ie partneri vada gan RedFoxLotto.com, gan \u0161o partnerprogrammu. M\u0113s esam str\u0101d\u0101ju\u0161i ar t\u0101m pa\u0161\u0101m komp\u0101nij\u0101m, ar kur\u0101m esat str\u0101d\u0101ju\u0161i j\u016bs (vai varb\u016bt joproj\u0101m str\u0101d\u0101jat). P\u0113c vair\u0101k nek\u0101<\/p>\n<p><a href=\"https:\/\/redfoxaffiliates.com\/lv\/par-etiku-partnerprogrammu-marketinga\/\" class=\"more-link\">Continue Reading<span class=\"screen-reader-text\">Par \u0113tiku partnerprogrammu m\u0101rketing\u0101<\/span><\/a><\/p>\n","protected":false},"author":1,"featured_media":0,"parent":0,"menu_order":7,"comment_status":"closed","ping_status":"closed","template":"","meta":{"footnotes":""},"class_list":["post-359","page","type-page","status-publish","hentry"],"yoast_head":"<!-- This site is optimized with the Yoast SEO plugin v22.4 - https:\/\/yoast.com\/wordpress\/plugins\/seo\/ -->\n<title>\u0112tika un sadarb\u012bba loterijas tirg\u016b<\/title>\n<meta name=\"description\" content=\"Ir daudz loterijas partnerprogrammu, kas nozog naudu no saviem partneriem. T\u0101p\u0113c mums ir svar\u012bga \u0113tiskas uz\u0146\u0113m\u0113jdarb\u012bbas t\u0113ma.\" \/>\n<meta name=\"robots\" content=\"index, follow, max-snippet:-1, max-image-preview:large, max-video-preview:-1\" \/>\n<link rel=\"canonical\" href=\"https:\/\/redfoxaffiliates.com\/ethics-and-affiliate-marketing-programs\/\" \/>\n<meta property=\"og:locale\" content=\"lv_LV\" \/>\n<meta property=\"og:type\" content=\"article\" \/>\n<meta property=\"og:title\" content=\"\u0112tika un sadarb\u012bba loterijas tirg\u016b\" \/>\n<meta property=\"og:description\" content=\"Ir daudz loterijas partnerprogrammu, kas nozog naudu no saviem partneriem. T\u0101p\u0113c mums ir svar\u012bga \u0113tiskas uz\u0146\u0113m\u0113jdarb\u012bbas t\u0113ma.\" \/>\n<meta property=\"og:url\" content=\"https:\/\/redfoxaffiliates.com\/ethics-and-affiliate-marketing-programs\/\" \/>\n<meta property=\"og:site_name\" content=\"RedFoxLotto Affiliate Program\" \/>\n<meta name=\"twitter:card\" content=\"summary_large_image\" \/>\n<meta name=\"twitter:label1\" content=\"Est. reading time\" \/>\n\t<meta name=\"twitter:data1\" content=\"2 min\u016btes\" \/>\n<script type=\"application\/ld+json\" class=\"yoast-schema-graph\">{\"@context\":\"https:\/\/schema.org\",\"@graph\":[{\"@type\":\"WebPage\",\"@id\":\"https:\/\/redfoxaffiliates.com\/ethics-and-affiliate-marketing-programs\/\",\"url\":\"https:\/\/redfoxaffiliates.com\/ethics-and-affiliate-marketing-programs\/\",\"name\":\"\u0112tika un sadarb\u012bba loterijas tirg\u016b\",\"isPartOf\":{\"@id\":\"https:\/\/redfoxaffiliates.com\/#website\"},\"datePublished\":\"2026-01-01T20:16:49+00:00\",\"dateModified\":\"2026-01-01T20:16:49+00:00\",\"description\":\"Ir daudz loterijas partnerprogrammu, kas nozog naudu no saviem partneriem. T\u0101p\u0113c mums ir svar\u012bga \u0113tiskas uz\u0146\u0113m\u0113jdarb\u012bbas t\u0113ma.\",\"breadcrumb\":{\"@id\":\"https:\/\/redfoxaffiliates.com\/ethics-and-affiliate-marketing-programs\/#breadcrumb\"},\"inLanguage\":\"lv-LV\",\"potentialAction\":[{\"@type\":\"ReadAction\",\"target\":[\"https:\/\/redfoxaffiliates.com\/ethics-and-affiliate-marketing-programs\/\"]}]},{\"@type\":\"BreadcrumbList\",\"@id\":\"https:\/\/redfoxaffiliates.com\/ethics-and-affiliate-marketing-programs\/#breadcrumb\",\"itemListElement\":[{\"@type\":\"ListItem\",\"position\":1,\"name\":\"Home\",\"item\":\"https:\/\/redfoxaffiliates.com\/lv\/sakums\/\"},{\"@type\":\"ListItem\",\"position\":2,\"name\":\"Par \u0113tiku partnerprogrammu m\u0101rketing\u0101\"}]},{\"@type\":\"WebSite\",\"@id\":\"https:\/\/redfoxaffiliates.com\/#website\",\"url\":\"https:\/\/redfoxaffiliates.com\/\",\"name\":\"RedFoxLotto Affiliate Program\",\"description\":\"The site for marketing partners of RedFoxLotto.com\",\"potentialAction\":[{\"@type\":\"SearchAction\",\"target\":{\"@type\":\"EntryPoint\",\"urlTemplate\":\"https:\/\/redfoxaffiliates.com\/?s={search_term_string}\"},\"query-input\":\"required name=search_term_string\"}],\"inLanguage\":\"lv-LV\"}]}<\/script>\n<!-- \/ Yoast SEO plugin. -->","yoast_head_json":{"title":"\u0112tika un sadarb\u012bba loterijas tirg\u016b","description":"Ir daudz loterijas partnerprogrammu, kas nozog naudu no saviem partneriem. T\u0101p\u0113c mums ir svar\u012bga \u0113tiskas uz\u0146\u0113m\u0113jdarb\u012bbas t\u0113ma.","robots":{"index":"index","follow":"follow","max-snippet":"max-snippet:-1","max-image-preview":"max-image-preview:large","max-video-preview":"max-video-preview:-1"},"canonical":"https:\/\/redfoxaffiliates.com\/ethics-and-affiliate-marketing-programs\/","og_locale":"lv_LV","og_type":"article","og_title":"\u0112tika un sadarb\u012bba loterijas tirg\u016b","og_description":"Ir daudz loterijas partnerprogrammu, kas nozog naudu no saviem partneriem. T\u0101p\u0113c mums ir svar\u012bga \u0113tiskas uz\u0146\u0113m\u0113jdarb\u012bbas t\u0113ma.","og_url":"https:\/\/redfoxaffiliates.com\/ethics-and-affiliate-marketing-programs\/","og_site_name":"RedFoxLotto Affiliate Program","twitter_card":"summary_large_image","twitter_misc":{"Est. reading time":"2 min\u016btes"},"schema":{"@context":"https:\/\/schema.org","@graph":[{"@type":"WebPage","@id":"https:\/\/redfoxaffiliates.com\/ethics-and-affiliate-marketing-programs\/","url":"https:\/\/redfoxaffiliates.com\/ethics-and-affiliate-marketing-programs\/","name":"\u0112tika un sadarb\u012bba loterijas tirg\u016b","isPartOf":{"@id":"https:\/\/redfoxaffiliates.com\/#website"},"datePublished":"2026-01-01T20:16:49+00:00","dateModified":"2026-01-01T20:16:49+00:00","description":"Ir daudz loterijas partnerprogrammu, kas nozog naudu no saviem partneriem. T\u0101p\u0113c mums ir svar\u012bga \u0113tiskas uz\u0146\u0113m\u0113jdarb\u012bbas t\u0113ma.","breadcrumb":{"@id":"https:\/\/redfoxaffiliates.com\/ethics-and-affiliate-marketing-programs\/#breadcrumb"},"inLanguage":"lv-LV","potentialAction":[{"@type":"ReadAction","target":["https:\/\/redfoxaffiliates.com\/ethics-and-affiliate-marketing-programs\/"]}]},{"@type":"BreadcrumbList","@id":"https:\/\/redfoxaffiliates.com\/ethics-and-affiliate-marketing-programs\/#breadcrumb","itemListElement":[{"@type":"ListItem","position":1,"name":"Home","item":"https:\/\/redfoxaffiliates.com\/lv\/sakums\/"},{"@type":"ListItem","position":2,"name":"Par \u0113tiku partnerprogrammu m\u0101rketing\u0101"}]},{"@type":"WebSite","@id":"https:\/\/redfoxaffiliates.com\/#website","url":"https:\/\/redfoxaffiliates.com\/","name":"RedFoxLotto Affiliate Program","description":"The site for marketing partners of RedFoxLotto.com","potentialAction":[{"@type":"SearchAction","target":{"@type":"EntryPoint","urlTemplate":"https:\/\/redfoxaffiliates.com\/?s={search_term_string}"},"query-input":"required name=search_term_string"}],"inLanguage":"lv-LV"}]}},"_links":{"self":[{"href":"https:\/\/redfoxaffiliates.com\/lv\/wp-json\/wp\/v2\/pages\/359","targetHints":{"allow":["GET"]}}],"collection":[{"href":"https:\/\/redfoxaffiliates.com\/lv\/wp-json\/wp\/v2\/pages"}],"about":[{"href":"https:\/\/redfoxaffiliates.com\/lv\/wp-json\/wp\/v2\/types\/page"}],"author":[{"embeddable":true,"href":"https:\/\/redfoxaffiliates.com\/lv\/wp-json\/wp\/v2\/users\/1"}],"replies":[{"embeddable":true,"href":"https:\/\/redfoxaffiliates.com\/lv\/wp-json\/wp\/v2\/comments?post=359"}],"version-history":[{"count":0,"href":"https:\/\/redfoxaffiliates.com\/lv\/wp-json\/wp\/v2\/pages\/359\/revisions"}],"wp:attachment":[{"href":"https:\/\/redfoxaffiliates.com\/lv\/wp-json\/wp\/v2\/media?parent=359"}],"curies":[{"name":"wp","href":"https:\/\/api.w.org\/{rel}","templated":true}]}}