{"id":335,"date":"2026-01-01T21:15:19","date_gmt":"2026-01-01T20:15:19","guid":{"rendered":"https:\/\/redfoxaffiliates.com\/ka-uzsakt-tiessaistes-partnerprogrammas-biznesu\/"},"modified":"2026-01-01T21:15:19","modified_gmt":"2026-01-01T20:15:19","slug":"ka-uzsakt-tiessaistes-partnerprogrammas-biznesu","status":"publish","type":"page","link":"https:\/\/redfoxaffiliates.com\/lv\/ka-uzsakt-tiessaistes-partnerprogrammas-biznesu\/","title":{"rendered":"K\u0101 uzs\u0101kt tie\u0161saistes partnerprogrammas biznesu"},"content":{"rendered":"<h2>Kas ir partnerm\u0101rketinga?<\/h2>\n<p>Daudziem tie\u0161saistes p\u0101rdev\u0113jiem ir t\u0101 saukt\u0101s partnerprogrammas. Ikviens var izveidot partnerm\u0101rketinga kontu un s\u0101kt reklam\u0113t savus produktus tie\u0161saist\u0113. Rekl\u0101mdev\u0113js (j\u016bs) sa\u0146em komisijas maksu par maks\u0101jo\u0161u klientu novirz\u012b\u0161anu p\u0101rdev\u0113jam.<\/p>\n<p>Apskatiet izv\u0113lni labaj\u0101 pus\u0113. Tur ir saite uz PDF ies\u0101c\u0113ja pam\u0101c\u012bbu par to, k\u0101 s\u0101kt partnerm\u0101rketinga biznesu no nulles un ar minim\u0101l\u0101m invest\u012bcij\u0101m.<\/p>\n<h2>K\u0101 j\u016bs sa\u0146emat samaksu?<\/h2>\n<p>Kad esat re\u0123istr\u0113jies partnerprogramm\u0101, partnerm\u0101rketinga vietn\u0113 varat lejupiel\u0101d\u0113t t\u0101 saukt\u0101s izseko\u0161anas saites un\/vai banerus ar &#8220;izsekotaj\u0101m sait\u0113m&#8221;. T\u0101s var iegult j\u016bsu vietn\u0113, un, kad apmekl\u0113t\u0101js noklik\u0161\u0137ina uz saites, p\u0101rdev\u0113js zina, kur\u0161 partneris novirz\u012bja klientu, pamatojoties uz sait\u0113 eso\u0161o ID numuru.<\/p>\n<p>J\u016bsu sadarb\u012bbai ar partnerprogrammu ir divi pamata mode\u013ci:<\/p>\n<p>CPA (izmaksas par ieg\u016b\u0161anu), kur\u0101 partneris sa\u0146em fiks\u0113tu summu, kad jauns klients sasniedz noteiktu p\u0101rdo\u0161anas slieksni.<\/p>\n<p>Ie\u0146\u0113mumu da\u013ca (bie\u017ei saukta ar\u012b par MGR), kur\u0101 partnerim tiek maks\u0101ta procentu\u0101l\u0101 da\u013ca no p\u0101rdo\u0161anas ie\u0146\u0113mumiem. Atkar\u012bb\u0101 no noteikumiem un nosac\u012bjumiem jums tiks maks\u0101ta komisijas maksa par visiem turpm\u0101kajiem p\u0101rdo\u0161anas dar\u012bjumiem vai tikai par noteiktu periodu.<\/p>\n<h2>K\u0101 reklam\u0113t \u0161os p\u0101rdev\u0113jus?<\/h2>\n<p>Lai s\u0101ktu saist\u012bto m\u0101rketingu, jums visvair\u0101k ir nepiecie\u0161ama vietne, kas piesaista trafiku. Skatiet t\u0101l\u0101k sniegto rindkopu &#8220;Izveidojiet pl\u0101nu&#8221;! Vissvar\u012bg\u0101kais ir ieg\u016bt &#8220;trafiku&#8221; savai vietnei.<\/p>\n<p>\u0160\u012b vietne var b\u016bt vai nu vietne, kas saist\u012bta ar konkr\u0113tu produktu (produktu, kuru v\u0113laties reklam\u0113t), vai vienk\u0101r\u0161i vietne par jebkuru t\u0113mu, ja vien t\u0101 \u0123ener\u0113 pietiekamu trafiku. Piem\u0113rs: j\u016bs izveidojat vietni par t\u0113mu, kuru labi p\u0101rzin\u0101t, piem\u0113ram, nir\u0161anu. J\u016bs rakst\u0101t lielisku saturu, un cilv\u0113ki apmekl\u0113 j\u016bsu vietni. P\u0113c tam j\u016bs s\u0101kat reklam\u0113t tie\u0161saistes p\u0101rdo\u0161anas vietni, kas specializ\u0113jas nir\u0161anas apr\u012bkojum\u0101. Katru reizi, kad apmekl\u0113t\u0101js dodas no j\u016bsu vietnes uz p\u0101rdev\u0113ja vietni un kaut ko ieg\u0101d\u0101jas, j\u016bs sa\u0146emat komisijas maksu.<\/p>\n<p>Soci\u0101lo mediju m\u0101rketings<\/p>\n<p>Ja jums ir auditorija soci\u0101lajos medijos, jums, iesp\u0113jams, pat nav nepiecie\u0161ama vietne. Varat izmantot t\u0101s pa\u0161as izsekot\u0101s saist\u012bto sai\u0161u saites, lai s\u0101ktu reklam\u0113t p\u0101rdev\u0113ja produktus. Un, ja j\u016bsu auditorija ir glob\u0101la, v\u0113l jo lab\u0101k. Daudz\u0101s valst\u012bs ir loterijas ar zemiem laimestiem vai visp\u0101r nav loteriju. \u0160o valstu iedz\u012bvot\u0101ji ir ide\u0101la auditorija m\u016bsu loteriju pakalpojumam.<\/p>\n<h2>Galvenok\u0101rt ir divi scen\u0101riji:<\/h2>\n<p>Ja jums b\u016btu t\u012bmek\u013ca vietne ar pla\u0161u rakstu t\u0113mu kl\u0101stu un \u0161ai t\u012bmek\u013ca vietnei katru dienu b\u016btu t\u016bksto\u0161iem apmekl\u0113t\u0101ju, j\u016bs var\u0113tu p\u0101rdot vair\u0101k vai maz\u0101k jebkuru produktu, ko v\u0113laties. Lielais apmekl\u0113t\u0101ju skaits rad\u012btu iev\u0113rojamus ie\u0146\u0113mumus. Un m\u016bsu partneru programma ir lieliski piem\u0113rota jebkurai t\u012bmek\u013ca vietnei, jo galu gal\u0101 visi m\u012bl loteriju, vai ne?<\/p>\n<p>Ja jums b\u016btu, piem\u0113ram, ar loteriju saist\u012bta t\u012bmek\u013ca vietne, jums, iesp\u0113jams, b\u016btu maz\u0101k apmekl\u0113t\u0101ju. Tom\u0113r datpl\u016bsma ir &#8220;m\u0113r\u0137tiec\u012bg\u0101ka&#8221;, t.\u00a0i., j\u016bsu apmekl\u0113t\u0101ji, visticam\u0101k, ieg\u0101d\u0101sies j\u016bsu reklam\u0113t\u0101s loterijas bi\u013cetes. Pat ja jums b\u016btu tikai 10 apmekl\u0113t\u0101ji dien\u0101, j\u016bs joproj\u0101m g\u016btu zin\u0101mus ie\u0146\u0113mumus. Un ir viena lieta par loterijas sp\u0113l\u0113\u0161anu: cilv\u0113ki m\u0113dz sp\u0113l\u0113t ilgu, ilgu laiku. Kad esat novirz\u012bjis noteiktu skaitu klientu uz m\u016bsu partneru programmu, j\u016bs redz\u0113siet relat\u012bvi stabilu ie\u0146\u0113mumu pl\u016bsmu.<\/p>\n<h2>K\u0101 piesaist\u012bt apmekl\u0113t\u0101jus savai t\u012bmek\u013ca vietnei?<\/h2>\n<p>Lai piesaist\u012btu apmekl\u0113t\u0101jus, j\u016bsu vietn\u0113 b\u016bs nepiecie\u0161ami augstas kvalit\u0101tes raksti, kas sniedz las\u012bt\u0101jiem noder\u012bgu inform\u0101ciju. Jums j\u0101apg\u016bst ar\u012b SEO (mekl\u0113t\u0101jprogrammu optimiz\u0101cijas) pamati. Tas ir svar\u012bgi, jo ir \u012bpa\u0161i &#8220;noteikumi&#8221;, kas jums j\u0101zina, lai p\u0101rliecin\u0101tos, ka j\u016bsu vietnes lapas Google mekl\u0113\u0161anas rezult\u0101tos ie\u0146ems augstu vietu p\u0113c atsl\u0113gv\u0101rdiem, kas var piesaist\u012bt apmekl\u0113t\u0101jus. Partneri to sauc par &#8220;trafika piesaist\u012b\u0161anu&#8221; j\u016bsu vietnei.<\/p>\n<p>SEO nav ra\u0137e\u0161u zin\u0101tne. Vienk\u0101r\u0161i mekl\u0113jiet Google &#8220;SEO pamati&#8221; un izlasiet nedaudz, lai uzzin\u0101tu svar\u012bg\u0101kos noteikumus rakstu veido\u0161anai un v\u0113l\u0101k savu prasmju uzlabo\u0161anai.<\/p>\n<h2>E-pasta saraksta sp\u0113ks<\/h2>\n<p>Vienm\u0113r izveidojiet savu vietni t\u0101, lai apmekl\u0113t\u0101jiem b\u016btu iemesls re\u0123istr\u0113ties vai atst\u0101t savu e-pasta adresi. Izveidojiet sarakstu un izmantojiet to, lai s\u016bt\u012btu e-pastus, reklam\u0113jot \u012bpa\u0161us pas\u0101kumus, izp\u0101rdo\u0161anas un citus produktus. Ja jums jau ir saraksts, jums, iesp\u0113jams, pat nav nepiecie\u0161ama vietne, lai k\u013c\u016btu par partneri. Bet nep\u0113rciet sarakstus no surog\u0101tpasta e-pasta adre\u0161u p\u0101rdo\u0161anas vietn\u0113m &#8211; t\u0101s nav t\u0101 v\u0113rtas.<\/p>\n<h2>Cik maks\u0101 s\u0101kt darboties partnerm\u0101rketing\u0101?<\/h2>\n<p>Vienk\u0101r\u0161a atbilde: nekas vai gandr\u012bz nekas!<\/p>\n<p>Viss, kas jums nepiecie\u0161ams, ir dom\u0113na v\u0101rds un t\u012bmek\u013ca vietnes mitin\u0101\u0161anas pl\u0101ns. Ies\u0101c\u0113jiem jums nav nepiecie\u0161ams savs serveris; pamata t\u012bmek\u013ca mitin\u0101\u0161ana, kas pieejama no 2 eiro m\u0113nes\u012b, ir pietiekama, lai s\u0101ktu.<\/p>\n<p>Izv\u0113lieties uzticamu mitin\u0101\u0161anas pakalpojumu sniedz\u0113ju un izv\u0113lieties pieejamu dom\u0113na v\u0101rdu. L\u016bdzu, pirms pas\u016bt\u012b\u0161anas r\u016bp\u012bgi p\u0101rdom\u0101jiet sava dom\u0113na nosaukumu. P\u0113c tam izv\u0113lieties pamata mitin\u0101\u0161anas pl\u0101nu. Re\u0123istr\u0113jieties un apmaks\u0101jiet kontu. P\u0113c tam piesakieties sav\u0101 klienta kont\u0101 un apskatiet pied\u0101v\u0101jumu. Viens padoms: mekl\u0113jiet papildu funkciju ar nosaukumu &#8220;Dom\u0113na konfidencialit\u0101te&#8221; &#8211; tas ir j\u0101\u0146em v\u0113r\u0101, ja k\u0101da iemesla d\u0113\u013c nev\u0113laties, lai k\u0101ds zin\u0101tu, ka j\u016bs esat \u0161\u012bs vietnes un t\u0101s fili\u0101les \u012bpa\u0161nieks un p\u0101rvaldnieks.<\/p>\n<h2>ar to saist\u012btais bizness.<\/h2>\n<p>Iesak\u0101m s\u0101kt ar WordPress vietnes instal\u0113\u0161anu, izmantojot bezmaksas veidni (izk\u0101rtojumu). WordPress ir satura p\u0101rvald\u012bbas sist\u0113ma (CMS), kas autom\u0101tiski izveido j\u016bsu vietni un \u013cauj to p\u0101rvald\u012bt. T\u012bmek\u013ca viet\u0146u pakalpojumu sniedz\u0113jiem ir vienk\u0101r\u0161as funkcijas, kuras varat izmantot, lai da\u017eu sekun\u017eu laik\u0101 iestat\u012btu WordPress vietni. Nav nepiecie\u0161amas nek\u0101das programm\u0113\u0161anas prasmes!<\/p>\n<p>Izlasiet ievada pam\u0101c\u012bbu, lai uzzin\u0101tu par WordPress svar\u012bg\u0101kaj\u0101m funkcij\u0101m. Jums nepiecie\u0161amas tikai da\u017eas stundas, lai apg\u016btu vienk\u0101r\u0161as vietnes p\u0101rvald\u012b\u0161anai nepiecie\u0161am\u0101s pamatprasmes. WordPress vietn\u0113 ir pieejama detaliz\u0113ta dokument\u0101cija un forums, kur\u0101 varat l\u016bgt pal\u012bdz\u012bbu pieredz\u0113ju\u0161\u0101kiem lietot\u0101jiem.<\/p>\n<h2>Cik daudz naudas j\u016bs varat nopeln\u012bt k\u0101 partneris?<\/h2>\n<p>Tas ir \u013coti atkar\u012bgs no t\u0101, cik ap\u0146\u0113m\u012bgs esat un cik labs esat. Da\u017ei partneri nopelna miljonus, citi nopelna \u013coti maz, bet daudzi nopelna vair\u0101kus simtus eiro m\u0113nes\u012b. Negaidiet, ka nopeln\u012bsiet naudu uzreiz. J\u016bsu vietnei ir nepiecie\u0161ams laiks, lai piesaist\u012btu apmekl\u0113t\u0101jus. Ja ieguld\u012bsiet nepiecie\u0161amo darbu, ilgtermi\u0146\u0101 var\u0113siet no t\u0101 nopeln\u012bt.<\/p>\n<h2>Vai to vajadz\u0113tu\/var dar\u012bt pilnu vai nepilnu slodzi?<\/h2>\n<p>Tas katram j\u0101izlemj pa\u0161am. Ta\u010du 90 procenti partneru s\u0101k str\u0101d\u0101t nepilnu slodzi. Liela da\u013ca partneru p\u0101riet uz pilnas slodzes darbu p\u0113c pietiekamu pan\u0101kumu un nozares pieredzes sasnieg\u0161anas.<\/p>\n<h2>Vai tas ir likum\u012bgi?<\/h2>\n<p>Protams, ja vien j\u016bs nepopulariz\u0113jat produktus, kas j\u016bsu dz\u012bvesvietas valst\u012b ir neleg\u0101li; ja t\u0101 ir, jums ir j\u0101veic pas\u0101kumi, lai pasarg\u0101tu sevi no iesp\u0113jam\u0101m probl\u0113m\u0101m. Cita starp\u0101 skatiet sada\u013cu &#8220;Dom\u0113na priv\u0101tums&#8221;. Noteikti neizv\u0113lieties dom\u0113na re\u0123istratoru un\/vai mitin\u0101\u0161anas pakalpojumu t\u0101d\u0101 valst\u012b, kur j\u016bsu vietne b\u016btu neleg\u0101la!<\/p>\n<h2>Vissvar\u012bg\u0101kais: izveidojiet pl\u0101nu!<\/h2>\n<p>Pirms varat nopeln\u012bt naudu, izmantojot partneru programmu, jums ir j\u0101izstr\u0101d\u0101 p\u0101rdom\u0101ts pl\u0101ns un j\u0101apkopo nepiecie\u0161am\u0101 inform\u0101cija. Iesp\u0113jams, esat redz\u0113ju\u0161i Kevina Kostnera filmu &#8220;Sap\u0146u lauks&#8221;, kur\u0101 balss no debes\u012bm saka: &#8220;Uzb\u016bv\u0113jiet to, un vi\u0146i n\u0101ks.&#8221; Ja dom\u0101jat, ka varat salikt kop\u0101 vietni par jebkuru t\u0113mu un sagaid\u012bt, ka dr\u012bz iepl\u016bd\u012bs nauda, \u200b\u200bj\u016bs galu gal\u0101 b\u016bsiet neapmierin\u0101ti.<\/p>\n<p>Bet, ja pieiet \u0161im jaut\u0101jumam ar pl\u0101nu, j\u016bs varat nopeln\u012bt labu naudu, un reklam\u0113\u0161an\u0101s saist\u012btaj\u0101 programm\u0101 ir \u0101rk\u0101rt\u012bgi jautra. Ide\u0101li ir s\u0101kt nepilna laika darbu, un, ja viss izdodas, varat viegli p\u0101riet uz pilna laika darbu.<\/p>\n<h2>J\u016bsu pl\u0101n\u0101 j\u0101iek\u013cauj \u0161\u0101das lietas:<\/h2>\n<p>Izv\u0113lieties t\u0113mu, kas j\u016bs aizrauj un par kuru varat sniegt v\u0113rt\u012bgu inform\u0101ciju saviem las\u012bt\u0101jiem. Ja esat ies\u0101c\u0113js \u0161aj\u0101 jom\u0101, vienm\u0113r izv\u0113lieties &#8220;ni\u0161as&#8221; t\u0113mu &#8211; ja ir daudz citu viet\u0146u par \u0161o t\u0113mu, jums b\u016bs gr\u016bti ar t\u0101m konkur\u0113t. Turkl\u0101t b\u016bs gr\u016bti ie\u0146emt augstu vietu p\u0113c jebkuriem atsl\u0113gv\u0101rdiem. Protams, jums j\u0101izv\u0113las t\u0113ma, kas atbilst produktam, ko var ieg\u0101d\u0101ties tie\u0161saist\u0113 un kam ir saist\u012bta programma.<\/p>\n<p>Izveidojiet sarakstu ar atsl\u0113gv\u0101rdu kombin\u0101cij\u0101m, ko potenci\u0101lie apmekl\u0113t\u0101ji var\u0113tu mekl\u0113t Google. \u0145emiet v\u0113r\u0101, ka sasniegt augstu vietu p\u0113c ac\u012bmredzamiem atsl\u0113gv\u0101rdiem, piem\u0113ram, &#8220;lotto tie\u0161saist\u0113&#8221;, ir gandr\u012bz neiesp\u0113jami. Izv\u0113lieties konkr\u0113t\u0101kas fr\u0101zes. Ekstr\u0113ms piem\u0113rs b\u016btu &#8220;Vai cilv\u0113ki var piedal\u012bties Powerball, ja vi\u0146i nedz\u012bvo ASV?&#8221;.<\/p>\n<p>P\u0113c tam izlemiet, kuru atsl\u0113gv\u0101rdu kombin\u0101ciju j\u016bs m\u0113r\u0137\u0113siet savas vietnes s\u0101kumlap\u0101. Uzrakstiet s\u0101kumlapas rakstu \u0161ai atsl\u0113gv\u0101rdu kombin\u0101cijai. P\u0113c tam izstr\u0101d\u0101jiet savas vietnes strukt\u016bras pl\u0101nu. Uzrakstiet v\u0113l da\u017eus rakstus cit\u0101m atsl\u0113gv\u0101rdu kombin\u0101cij\u0101m, kuras varat izdom\u0101t.<\/p>\n<h2>Turpm\u0101k jums j\u0101koncentr\u0113jas uz div\u0101m liet\u0101m:<\/h2>\n<p>Veidojiet saites, kas nor\u0101da uz j\u016bsu vietni. Saites ir k\u0101 pozit\u012bvas balsis par j\u016bsu vietni; augstas kvalit\u0101tes saites var uzlabot j\u016bsu mekl\u0113t\u0101jprogrammu reitingu. L\u016bdziet draugiem, kuriem ir vietnes, saites, sazinieties ar citiem t\u012bmek\u013ca viet\u0146u p\u0101rvaldniekiem un pied\u0101v\u0101jiet uzrakst\u012bt rakstu apmai\u0146\u0101 pret sait\u0113m utt. Tom\u0113r lab\u0101k\u0101s saites rad\u012bsies dabiski, kad cilv\u0113ki las\u012bs j\u016bsu rakstus un ievietos saites uz j\u016bsu lapu, jo vi\u0146iem patika tas, ko j\u016bs uzrakst\u012bj\u0101t!<\/p>\n<p>Veidojiet vair\u0101k satura (rakstu) ar labu SEO. Izmantojiet savu izt\u0113li un regul\u0101ri rakstiet jaunus rakstus. S\u0101kum\u0101 apsveriet iesp\u0113ju pievienot 2\u20133 rakstus ned\u0113\u013c\u0101.<\/p>\n<p>Kam\u0113r j\u016bs paveiksiet iepriek\u0161 min\u0113to, j\u016bs k\u013c\u016bsiet arvien prasm\u012bg\u0101ki, un j\u016bsu vietn\u0113 ierad\u012bsies pirmie apmekl\u0113t\u0101ji. Izmantojiet (bezmaksas) pakalpojumu, piem\u0113ram, www.clicky.com vai Google Analytics, lai uzraudz\u012btu apmekl\u0113t\u0101ju skaitu un vi\u0146u uzved\u012bbu. Periodiski p\u0101rbaudiet savu saist\u012bto programmu kontu, lai redz\u0113tu, vai j\u016bs g\u016bstat ie\u0146\u0113mumus.<\/p>\n<p>Izmantojiet SEO pakalpojumu, lai atrastu vair\u0101k atsl\u0113gv\u0101rdu, kas saist\u012bti ar j\u016bsu galveno atsl\u0113gv\u0101rdu. Izveidojiet SEO optimiz\u0113tu saturu, kas ir v\u0113rsts uz \u0161iem atsl\u0113gv\u0101rdiem. Vair\u0101k satura piesaista liel\u0101ku apmekl\u0113t\u0101ju skaitu j\u016bsu vietnei un palielina j\u016bsu komisijas maksas.<\/p>\n<p>Laika gait\u0101, ieguldot darbu, j\u016bs gandr\u012bz noteikti redz\u0113siet pozit\u012bvu ietekmi uz apmekl\u0113t\u0101ju skaitu un ie\u0146\u0113mumiem.<\/p>\n<p>Person\u012bg\u0101 piez\u012bm\u0113: cilv\u0113ki, kas st\u0101v aiz RedFoxLotto un partneru programmas, s\u0101ka darboties k\u0101 partneri pirms vair\u0101k nek\u0101 15 gadiem. Kop\u0161 t\u0101 laika vi\u0146i ir biju\u0161i diezgan veiksm\u012bgi. Un, ja j\u016bs vi\u0146iem pajaut\u0101siet, kas vi\u0146iem pat\u012bk \u0161aj\u0101 biznes\u0101, vi\u0146i jums pateiks sekojo\u0161o:<\/p>\n<ul>\n<li>Neierobe\u017eots un glob\u0101ls pe\u013c\u0146as potenci\u0101ls<\/li>\n<li>J\u016bs varat uzs\u0101kt savu saist\u012bto m\u0101rketinga biznesu gandr\u012bz bez ieguld\u012bjumiem<\/li>\n<li>Tas var sniegt jums finansi\u0101lu neatkar\u012bbu<\/li>\n<li>J\u016bs varat str\u0101d\u0101t tie\u0161saist\u0113 no jebkuras vietas, kur v\u0113laties<\/li>\n<\/ul>\n","protected":false},"excerpt":{"rendered":"<p>Kas ir partnerm\u0101rketinga? Daudziem tie\u0161saistes p\u0101rdev\u0113jiem ir t\u0101 saukt\u0101s partnerprogrammas. Ikviens var izveidot partnerm\u0101rketinga kontu un s\u0101kt reklam\u0113t savus produktus tie\u0161saist\u0113. Rekl\u0101mdev\u0113js (j\u016bs) sa\u0146em komisijas maksu par maks\u0101jo\u0161u klientu novirz\u012b\u0161anu p\u0101rdev\u0113jam. Apskatiet izv\u0113lni labaj\u0101 pus\u0113. Tur ir saite uz PDF ies\u0101c\u0113ja pam\u0101c\u012bbu par to, k\u0101 s\u0101kt partnerm\u0101rketinga biznesu no nulles<\/p>\n<p><a href=\"https:\/\/redfoxaffiliates.com\/lv\/ka-uzsakt-tiessaistes-partnerprogrammas-biznesu\/\" class=\"more-link\">Continue Reading<span class=\"screen-reader-text\">K\u0101 uzs\u0101kt tie\u0161saistes partnerprogrammas biznesu<\/span><\/a><\/p>\n","protected":false},"author":1,"featured_media":0,"parent":0,"menu_order":6,"comment_status":"closed","ping_status":"closed","template":"","meta":{"footnotes":""},"class_list":["post-335","page","type-page","status-publish","hentry"],"yoast_head":"<!-- This site is optimized with the Yoast SEO plugin v22.4 - https:\/\/yoast.com\/wordpress\/plugins\/seo\/ -->\n<title>K\u0101 uzs\u0101kt un att\u012bst\u012bt tie\u0161saistes partnerprogrammas m\u0101rketinga biznesu<\/title>\n<meta name=\"description\" content=\"Ce\u013cvedis uz pan\u0101kumiem partnerprogrammas biznes\u0101. S\u0101ciet peln\u012bt komisijas naudu tie\u0161saist\u0113, k\u013c\u016bstot par partnerprogrammas un m\u0101rketinga partneri\" \/>\n<meta name=\"robots\" content=\"index, follow, max-snippet:-1, max-image-preview:large, max-video-preview:-1\" \/>\n<link rel=\"canonical\" href=\"https:\/\/redfoxaffiliates.com\/how-to-start-an-online-affiliate-marketing-business\/\" \/>\n<meta property=\"og:locale\" content=\"lv_LV\" \/>\n<meta property=\"og:type\" content=\"article\" \/>\n<meta property=\"og:title\" content=\"K\u0101 uzs\u0101kt un att\u012bst\u012bt tie\u0161saistes partnerprogrammas m\u0101rketinga biznesu\" \/>\n<meta property=\"og:description\" content=\"Ce\u013cvedis uz pan\u0101kumiem partnerprogrammas biznes\u0101. S\u0101ciet peln\u012bt komisijas naudu tie\u0161saist\u0113, k\u013c\u016bstot par partnerprogrammas un m\u0101rketinga partneri\" \/>\n<meta property=\"og:url\" content=\"https:\/\/redfoxaffiliates.com\/how-to-start-an-online-affiliate-marketing-business\/\" \/>\n<meta property=\"og:site_name\" content=\"RedFoxLotto Affiliate Program\" \/>\n<meta name=\"twitter:card\" content=\"summary_large_image\" \/>\n<meta name=\"twitter:label1\" content=\"Est. reading time\" \/>\n\t<meta name=\"twitter:data1\" content=\"11 min\u016b\u0161u\" \/>\n<script type=\"application\/ld+json\" class=\"yoast-schema-graph\">{\"@context\":\"https:\/\/schema.org\",\"@graph\":[{\"@type\":\"WebPage\",\"@id\":\"https:\/\/redfoxaffiliates.com\/how-to-start-an-online-affiliate-marketing-business\/\",\"url\":\"https:\/\/redfoxaffiliates.com\/how-to-start-an-online-affiliate-marketing-business\/\",\"name\":\"K\u0101 uzs\u0101kt un att\u012bst\u012bt tie\u0161saistes partnerprogrammas m\u0101rketinga biznesu\",\"isPartOf\":{\"@id\":\"https:\/\/redfoxaffiliates.com\/#website\"},\"datePublished\":\"2026-01-01T20:15:19+00:00\",\"dateModified\":\"2026-01-01T20:15:19+00:00\",\"description\":\"Ce\u013cvedis uz pan\u0101kumiem partnerprogrammas biznes\u0101. S\u0101ciet peln\u012bt komisijas naudu tie\u0161saist\u0113, k\u013c\u016bstot par partnerprogrammas un m\u0101rketinga partneri\",\"breadcrumb\":{\"@id\":\"https:\/\/redfoxaffiliates.com\/how-to-start-an-online-affiliate-marketing-business\/#breadcrumb\"},\"inLanguage\":\"lv-LV\",\"potentialAction\":[{\"@type\":\"ReadAction\",\"target\":[\"https:\/\/redfoxaffiliates.com\/how-to-start-an-online-affiliate-marketing-business\/\"]}]},{\"@type\":\"BreadcrumbList\",\"@id\":\"https:\/\/redfoxaffiliates.com\/how-to-start-an-online-affiliate-marketing-business\/#breadcrumb\",\"itemListElement\":[{\"@type\":\"ListItem\",\"position\":1,\"name\":\"Home\",\"item\":\"https:\/\/redfoxaffiliates.com\/lv\/sakums\/\"},{\"@type\":\"ListItem\",\"position\":2,\"name\":\"K\u0101 uzs\u0101kt tie\u0161saistes partnerprogrammas biznesu\"}]},{\"@type\":\"WebSite\",\"@id\":\"https:\/\/redfoxaffiliates.com\/#website\",\"url\":\"https:\/\/redfoxaffiliates.com\/\",\"name\":\"RedFoxLotto Affiliate Program\",\"description\":\"The site for marketing partners of RedFoxLotto.com\",\"potentialAction\":[{\"@type\":\"SearchAction\",\"target\":{\"@type\":\"EntryPoint\",\"urlTemplate\":\"https:\/\/redfoxaffiliates.com\/?s={search_term_string}\"},\"query-input\":\"required name=search_term_string\"}],\"inLanguage\":\"lv-LV\"}]}<\/script>\n<!-- \/ Yoast SEO plugin. -->","yoast_head_json":{"title":"K\u0101 uzs\u0101kt un att\u012bst\u012bt tie\u0161saistes partnerprogrammas m\u0101rketinga biznesu","description":"Ce\u013cvedis uz pan\u0101kumiem partnerprogrammas biznes\u0101. S\u0101ciet peln\u012bt komisijas naudu tie\u0161saist\u0113, k\u013c\u016bstot par partnerprogrammas un m\u0101rketinga partneri","robots":{"index":"index","follow":"follow","max-snippet":"max-snippet:-1","max-image-preview":"max-image-preview:large","max-video-preview":"max-video-preview:-1"},"canonical":"https:\/\/redfoxaffiliates.com\/how-to-start-an-online-affiliate-marketing-business\/","og_locale":"lv_LV","og_type":"article","og_title":"K\u0101 uzs\u0101kt un att\u012bst\u012bt tie\u0161saistes partnerprogrammas m\u0101rketinga biznesu","og_description":"Ce\u013cvedis uz pan\u0101kumiem partnerprogrammas biznes\u0101. S\u0101ciet peln\u012bt komisijas naudu tie\u0161saist\u0113, k\u013c\u016bstot par partnerprogrammas un m\u0101rketinga partneri","og_url":"https:\/\/redfoxaffiliates.com\/how-to-start-an-online-affiliate-marketing-business\/","og_site_name":"RedFoxLotto Affiliate Program","twitter_card":"summary_large_image","twitter_misc":{"Est. reading time":"11 min\u016b\u0161u"},"schema":{"@context":"https:\/\/schema.org","@graph":[{"@type":"WebPage","@id":"https:\/\/redfoxaffiliates.com\/how-to-start-an-online-affiliate-marketing-business\/","url":"https:\/\/redfoxaffiliates.com\/how-to-start-an-online-affiliate-marketing-business\/","name":"K\u0101 uzs\u0101kt un att\u012bst\u012bt tie\u0161saistes partnerprogrammas m\u0101rketinga biznesu","isPartOf":{"@id":"https:\/\/redfoxaffiliates.com\/#website"},"datePublished":"2026-01-01T20:15:19+00:00","dateModified":"2026-01-01T20:15:19+00:00","description":"Ce\u013cvedis uz pan\u0101kumiem partnerprogrammas biznes\u0101. S\u0101ciet peln\u012bt komisijas naudu tie\u0161saist\u0113, k\u013c\u016bstot par partnerprogrammas un m\u0101rketinga partneri","breadcrumb":{"@id":"https:\/\/redfoxaffiliates.com\/how-to-start-an-online-affiliate-marketing-business\/#breadcrumb"},"inLanguage":"lv-LV","potentialAction":[{"@type":"ReadAction","target":["https:\/\/redfoxaffiliates.com\/how-to-start-an-online-affiliate-marketing-business\/"]}]},{"@type":"BreadcrumbList","@id":"https:\/\/redfoxaffiliates.com\/how-to-start-an-online-affiliate-marketing-business\/#breadcrumb","itemListElement":[{"@type":"ListItem","position":1,"name":"Home","item":"https:\/\/redfoxaffiliates.com\/lv\/sakums\/"},{"@type":"ListItem","position":2,"name":"K\u0101 uzs\u0101kt tie\u0161saistes partnerprogrammas biznesu"}]},{"@type":"WebSite","@id":"https:\/\/redfoxaffiliates.com\/#website","url":"https:\/\/redfoxaffiliates.com\/","name":"RedFoxLotto Affiliate Program","description":"The site for marketing partners of RedFoxLotto.com","potentialAction":[{"@type":"SearchAction","target":{"@type":"EntryPoint","urlTemplate":"https:\/\/redfoxaffiliates.com\/?s={search_term_string}"},"query-input":"required name=search_term_string"}],"inLanguage":"lv-LV"}]}},"_links":{"self":[{"href":"https:\/\/redfoxaffiliates.com\/lv\/wp-json\/wp\/v2\/pages\/335","targetHints":{"allow":["GET"]}}],"collection":[{"href":"https:\/\/redfoxaffiliates.com\/lv\/wp-json\/wp\/v2\/pages"}],"about":[{"href":"https:\/\/redfoxaffiliates.com\/lv\/wp-json\/wp\/v2\/types\/page"}],"author":[{"embeddable":true,"href":"https:\/\/redfoxaffiliates.com\/lv\/wp-json\/wp\/v2\/users\/1"}],"replies":[{"embeddable":true,"href":"https:\/\/redfoxaffiliates.com\/lv\/wp-json\/wp\/v2\/comments?post=335"}],"version-history":[{"count":0,"href":"https:\/\/redfoxaffiliates.com\/lv\/wp-json\/wp\/v2\/pages\/335\/revisions"}],"wp:attachment":[{"href":"https:\/\/redfoxaffiliates.com\/lv\/wp-json\/wp\/v2\/media?parent=335"}],"curies":[{"name":"wp","href":"https:\/\/api.w.org\/{rel}","templated":true}]}}